{"id":17762,"date":"2025-04-14T10:07:56","date_gmt":"2025-04-14T07:07:56","guid":{"rendered":"https:\/\/skaitytaknyga.lt\/?post_type=product&#038;p=17762"},"modified":"2025-06-28T12:26:02","modified_gmt":"2025-06-28T09:26:02","slug":"ratas","status":"publish","type":"product","link":"https:\/\/skaitytaknyga.lt\/en\/produktas\/ratas\/","title":{"rendered":"Ratas"},"content":{"rendered":"<p class=\"western\">\u201eMokykla \u2013 tai blogio buvein\u0117\u201c.<\/p>\n<p class=\"western\">Jos \u2013 \u0161e\u0161ios ma\u017eai k\u0105 bendra turin\u010dios moksleiv\u0117s i\u0161 to paties nedidelio miestelio mokyklos. Kiekviena kovoja su savo problemomis, kompleksais ir viduje kunkuliuojan\u010diomis jausm\u0173 audromis. Ta\u010diau j\u0173 gyvenimams lemta neatpa\u017e\u012fstamai pasikeisti, kai kraujo klane randamas bendramokslis. Visi tiki, kad tai \u2013 savi\u017eudyb\u0117, bet ar tikrai?<\/p>\n<p class=\"western\">Prasid\u0117j\u0119 keisti \u012fvykiai priver\u010dia \u0161e\u0161etuk\u0105 susivienyti. Kod\u0117l merginos sapnuoja keistus sapnus ir nubunda gaisro d\u016bm\u0173 kvapo prisig\u0117rusiais plaukais? Kas kartais \u012fsibrauna \u012f j\u0173 mintis ir priver\u010dia bes\u0105lygi\u0161kai paklusti? Kod\u0117l mokyklos direktor\u0117 jas vadina i\u0161rinktosiomis? Tai \u2013 tik dalis klausim\u0173, \u012f kuriuos teks atsakyti prie\u0161 stojant \u012f kov\u0105 su blogio demonais.<\/p>\n<p class=\"western\">\u201eRatas\u201c yra pirmoji trilogijos dalis ir, nors nei\u0161vengiamai yra lyginama su \u201eSaul\u0117lyd\u017eio\u201c saga, \u0161ioje knygoje nerasite n\u0117 \u017eod\u017eio apie vampyrus. Ta\u010diau magijos, \u012ftampos, veiksmo, meil\u0117s ir pavoj\u0173 \u010dia su kaupu. Romanas pasakoja apie \u0161e\u0161i\u0173 mergin\u0173 gyvenim\u0105 ma\u017eame centrin\u0117s \u0160vedijos miestelyje, kuris netik\u0117tai tampa pagrindine magi\u0161k\u0173 blogio ir g\u0117rio j\u0117g\u0173 kovos vieta. O nieko bendro tarpusavyje neturin\u010dios merginos pasirodo beesan\u010dios vienintel\u0117s, galin\u010dios i\u0161gelb\u0117ti pasaul\u012f. Tik \u0161i\u0105, ir taip gana sud\u0117ting\u0105 u\u017eduot\u012f nepaprastai apsunkina faktas, kad mergin\u0173 \u0161e\u0161etukas vos gali viena kit\u0105 pak\u0119sti. Tod\u0117l joms teks ne tik susipa\u017einti su magijos pasauliu, bet ir tuo pa\u010diu metu i\u0161mokti bendrauti tarpusavyje. O kur dar kasdieniai sunkumai mokykloje, problemos namuose, pirmieji susi\u017eav\u0117jimai ir bendraam\u017ei\u0173 pripa\u017einimo siekis&#8230;<\/p>\n<p class=\"western\">Mats Strandberg ir Sara B. Elfgren knyga \u201eRatas\u201c buvo apdovanotas Knyg\u0173 \u017eiuri premija ir Did\u017eiuoju skaitytoj\u0173 apdovanojimu, bei nominuota presti\u017einei Augusto premijai knyg\u0173 paaugliams kategorijoje.<\/p>\n<p class=\"western\">Nors romanas visame pasaulyje yra priskiriamas paaugli\u0173 literat\u016bros \u017eanrui, ta\u010diau Lietuvoje jis bus i\u0161leistas su \u012fsp\u0117jamuoju u\u017era\u0161u, teigian\u010diu, kad informacija, esanti knygoje, gali daryti neigiam\u0105 poveik\u012f nepilname\u010diams.<\/p>\n<ul class=\"about-product d-none d-xl-block mt-4\">\n<li><strong>Autorius:<\/strong>\u00a0Mats Strandberg,\u00a0Sara B. Elfgren<\/li>\n<li><strong>Leid\u0117jas:<\/strong>\u00a0Knyg\u0173 bur\u0117s<\/li>\n<li><strong>Metai:<\/strong>\u00a02013<\/li>\n<li><strong>Puslapiai:<\/strong>\u00a0472<\/li>\n<li class=\"toggleable type-new-formats \"><strong>ISBN:<\/strong>\u00a09786094411649<\/li>\n<li><strong>Versijos kodas:<\/strong>\u00a0PT.<\/li>\n<li class=\"toggleable type-new-formats \"><strong>Formatas:<\/strong>\u00a016 x 22 cm, kieti vir\u0161eliai<\/li>\n<li><strong>Kalba:<\/strong>\u00a0Lietuvi\u0173<\/li>\n<li><strong>Vert\u0117jas:<\/strong>\u00a0Raimonda Jonkut\u0117<\/li>\n<\/ul>\n","protected":false},"excerpt":{"rendered":"<p>\u201eMokykla \u2013 tai blogio buvein\u0117\u201c. Jos \u2013 \u0161e\u0161ios ma\u017eai k\u0105 bendra turin\u010dios moksleiv\u0117s i\u0161 to paties nedidelio miestelio mokyklos. Kiekviena kovoja su savo problemomis, kompleksais ir viduje kunkuliuojan\u010diomis jausm\u0173 audromis. Ta\u010diau j\u0173 gyvenimams lemta neatpa\u017e\u012fstamai pasikeisti, kai kraujo klane randamas bendramokslis. Visi tiki, kad tai \u2013 savi\u017eudyb\u0117, bet ar tikrai? Prasid\u0117j\u0119 keisti \u012fvykiai priver\u010dia \u0161e\u0161etuk\u0105 susivienyti. Kod\u0117l merginos sapnuoja keistus sapnus ir nubunda gaisro d\u016bm\u0173 kvapo prisig\u0117rusiais plaukais? Kas kartais \u012fsibrauna \u012f j\u0173 mintis ir priver\u010dia bes\u0105lygi\u0161kai paklusti? Kod\u0117l mokyklos direktor\u0117 jas vadina i\u0161rinktosiomis? Tai \u2013 tik dalis klausim\u0173, \u012f kuriuos teks atsakyti prie\u0161 stojant \u012f kov\u0105 su blogio demonais. \u201eRatas\u201c yra pirmoji trilogijos dalis ir, nors nei\u0161vengiamai yra lyginama su \u201eSaul\u0117lyd\u017eio\u201c saga, \u0161ioje knygoje nerasite n\u0117 \u017eod\u017eio apie vampyrus. Ta\u010diau magijos, \u012ftampos, veiksmo, meil\u0117s ir pavoj\u0173 \u010dia su kaupu. Romanas pasakoja apie \u0161e\u0161i\u0173 mergin\u0173 gyvenim\u0105 ma\u017eame centrin\u0117s \u0160vedijos miestelyje, kuris netik\u0117tai tampa pagrindine magi\u0161k\u0173 blogio ir g\u0117rio j\u0117g\u0173 kovos vieta. O nieko bendro tarpusavyje neturin\u010dios merginos pasirodo beesan\u010dios vienintel\u0117s, galin\u010dios i\u0161gelb\u0117ti pasaul\u012f. Tik \u0161i\u0105, ir taip gana sud\u0117ting\u0105 u\u017eduot\u012f nepaprastai apsunkina faktas, kad mergin\u0173 \u0161e\u0161etukas vos gali viena kit\u0105 pak\u0119sti. Tod\u0117l joms teks ne tik susipa\u017einti su magijos pasauliu, bet ir tuo pa\u010diu metu i\u0161mokti bendrauti tarpusavyje. O kur dar kasdieniai sunkumai mokykloje, problemos namuose, pirmieji susi\u017eav\u0117jimai ir bendraam\u017ei\u0173 pripa\u017einimo siekis&#8230; Mats Strandberg ir Sara B. Elfgren knyga \u201eRatas\u201c buvo apdovanotas Knyg\u0173 \u017eiuri premija ir Did\u017eiuoju skaitytoj\u0173 apdovanojimu, bei nominuota presti\u017einei Augusto premijai knyg\u0173 paaugliams kategorijoje. Nors romanas visame pasaulyje yra priskiriamas paaugli\u0173 literat\u016bros \u017eanrui, ta\u010diau Lietuvoje jis bus i\u0161leistas su \u012fsp\u0117jamuoju u\u017era\u0161u, teigian\u010diu, kad informacija, esanti knygoje, gali daryti neigiam\u0105 poveik\u012f nepilname\u010diams. Autorius:\u00a0Mats Strandberg,\u00a0Sara B. Elfgren Leid\u0117jas:\u00a0Knyg\u0173 bur\u0117s Metai:\u00a02013 Puslapiai:\u00a0472 ISBN:\u00a09786094411649 Versijos kodas:\u00a0PT. Formatas:\u00a016 x 22 cm, kieti vir\u0161eliai Kalba:\u00a0Lietuvi\u0173 Vert\u0117jas:\u00a0Raimonda Jonkut\u0117<\/p>\n","protected":false},"featured_media":17763,"comment_status":"open","ping_status":"closed","template":"","meta":{"_acf_changed":false,"site-sidebar-layout":"default","site-content-layout":"","ast-site-content-layout":"default","site-content-style":"default","site-sidebar-style":"default","ast-global-header-display":"","ast-banner-title-visibility":"","ast-main-header-display":"","ast-hfb-above-header-display":"","ast-hfb-below-header-display":"","ast-hfb-mobile-header-display":"","site-post-title":"","ast-breadcrumbs-content":"","ast-featured-img":"","footer-sml-layout":"","ast-disable-related-posts":"","theme-transparent-header-meta":"default","adv-header-id-meta":"","stick-header-meta":"","header-above-stick-meta":"","header-main-stick-meta":"","header-below-stick-meta":"","astra-migrate-meta-layouts":"set","ast-page-background-enabled":"default","ast-page-background-meta":{"desktop":{"background-color":"","background-image":"","background-repeat":"repeat","background-position":"center center","background-size":"auto","background-attachment":"scroll","background-type":"","background-media":"","overlay-type":"","overlay-color":"","overlay-opacity":"","overlay-gradient":""},"tablet":{"background-color":"","background-image":"","background-repeat":"repeat","background-position":"center center","background-size":"auto","background-attachment":"scroll","background-type":"","background-media":"","overlay-type":"","overlay-color":"","overlay-opacity":"","overlay-gradient":""},"mobile":{"background-color":"","background-image":"","background-repeat":"repeat","background-position":"center center","background-size":"auto","background-attachment":"scroll","background-type":"","background-media":"","overlay-type":"","overlay-color":"","overlay-opacity":"","overlay-gradient":""}},"ast-content-background-meta":{"desktop":{"background-color":"var(--ast-global-color-4)","background-image":"","background-repeat":"repeat","background-position":"center center","background-size":"auto","background-attachment":"scroll","background-type":"","background-media":"","overlay-type":"","overlay-color":"","overlay-opacity":"","overlay-gradient":""},"tablet":{"background-color":"var(--ast-global-color-4)","background-image":"","background-repeat":"repeat","background-position":"center center","background-size":"auto","background-attachment":"scroll","background-type":"","background-media":"","overlay-type":"","overlay-color":"","overlay-opacity":"","overlay-gradient":""},"mobile":{"background-color":"var(--ast-global-color-4)","background-image":"","background-repeat":"repeat","background-position":"center center","background-size":"auto","background-attachment":"scroll","background-type":"","background-media":"","overlay-type":"","overlay-color":"","overlay-opacity":"","overlay-gradient":""}}},"product_brand":[],"product_cat":[31,15],"product_tag":[3615,1647,1755,3612,2287,3614,1478,3613],"class_list":{"0":"post-17762","1":"product","2":"type-product","3":"status-publish","4":"has-post-thumbnail","6":"product_cat-grozine-literatura","7":"product_cat-uncategorized","8":"product_tag-blogis","9":"product_tag-draugyste","10":"product_tag-magija","11":"product_tag-mats-strandberg","12":"product_tag-mokykla","13":"product_tag-paaugliai","14":"product_tag-paslaptys","15":"product_tag-sara-b-elfgren","16":"desktop-align-left","17":"tablet-align-left","18":"mobile-align-left","20":"first","21":"instock","22":"shipping-taxable","23":"purchasable","24":"product-type-simple"},"acf":[],"yoast_head":"<!-- This site is optimized with the Yoast SEO plugin v27.0 - https:\/\/yoast.com\/product\/yoast-seo-wordpress\/ -->\n<title>Ratas<\/title>\n<meta name=\"description\" content=\"\u201eMokykla \u2013 tai blogio buvein\u0117\u201c. Jos \u2013 \u0161e\u0161ios ma\u017eai k\u0105 bendra turin\u010dios moksleiv\u0117s i\u0161 to paties nedidelio miestelio mokyklos. Kiekviena kovoja su savo\" \/>\n<meta name=\"robots\" content=\"index, follow, max-snippet:-1, max-image-preview:large, max-video-preview:-1\" \/>\n<link rel=\"canonical\" href=\"https:\/\/skaitytaknyga.lt\/en\/produktas\/ratas\/\" \/>\n<meta property=\"og:locale\" content=\"en_GB\" \/>\n<meta property=\"og:locale:alternate\" content=\"lt_LT\" \/>\n<meta property=\"og:type\" content=\"article\" \/>\n<meta property=\"og:title\" content=\"Ratas\" \/>\n<meta property=\"og:description\" content=\"\u201eMokykla \u2013 tai blogio buvein\u0117\u201c. Jos \u2013 \u0161e\u0161ios ma\u017eai k\u0105 bendra turin\u010dios moksleiv\u0117s i\u0161 to paties nedidelio miestelio mokyklos. Kiekviena kovoja su savo\" \/>\n<meta property=\"og:url\" content=\"https:\/\/skaitytaknyga.lt\/en\/produktas\/ratas\/\" \/>\n<meta property=\"og:site_name\" content=\"Skaitytaknyga\" \/>\n<meta property=\"article:publisher\" content=\"https:\/\/www.facebook.com\/skaitytaknyga\/\" \/>\n<meta property=\"article:modified_time\" content=\"2025-06-28T09:26:02+00:00\" \/>\n<meta property=\"og:image\" content=\"https:\/\/skaitytaknyga.lt\/wp-content\/uploads\/2025\/04\/ratas.jpg\" \/>\n\t<meta property=\"og:image:width\" content=\"286\" \/>\n\t<meta property=\"og:image:height\" content=\"400\" \/>\n\t<meta property=\"og:image:type\" content=\"image\/jpeg\" \/>\n<meta name=\"twitter:card\" content=\"summary_large_image\" \/>\n<meta name=\"twitter:label1\" content=\"Estimated reading time\" \/>\n\t<meta name=\"twitter:data1\" content=\"2 minutes\" \/>\n<script type=\"application\/ld+json\" class=\"yoast-schema-graph\">{\"@context\":\"https:\/\/schema.org\",\"@graph\":[{\"@type\":\"WebPage\",\"@id\":\"https:\/\/skaitytaknyga.lt\/produktas\/ratas\/\",\"url\":\"https:\/\/skaitytaknyga.lt\/produktas\/ratas\/\",\"name\":\"Ratas\",\"isPartOf\":{\"@id\":\"https:\/\/skaitytaknyga.lt\/#website\"},\"primaryImageOfPage\":{\"@id\":\"https:\/\/skaitytaknyga.lt\/produktas\/ratas\/#primaryimage\"},\"image\":{\"@id\":\"https:\/\/skaitytaknyga.lt\/produktas\/ratas\/#primaryimage\"},\"thumbnailUrl\":\"https:\/\/skaitytaknyga.lt\/wp-content\/uploads\/2025\/04\/ratas.jpg\",\"datePublished\":\"2025-04-14T07:07:56+00:00\",\"dateModified\":\"2025-06-28T09:26:02+00:00\",\"description\":\"\u201eMokykla \u2013 tai blogio buvein\u0117\u201c. Jos \u2013 \u0161e\u0161ios ma\u017eai k\u0105 bendra turin\u010dios moksleiv\u0117s i\u0161 to paties nedidelio miestelio mokyklos. Kiekviena kovoja su savo\",\"breadcrumb\":{\"@id\":\"https:\/\/skaitytaknyga.lt\/produktas\/ratas\/#breadcrumb\"},\"inLanguage\":\"en-GB\",\"potentialAction\":[{\"@type\":\"ReadAction\",\"target\":[\"https:\/\/skaitytaknyga.lt\/produktas\/ratas\/\"]}]},{\"@type\":\"ImageObject\",\"inLanguage\":\"en-GB\",\"@id\":\"https:\/\/skaitytaknyga.lt\/produktas\/ratas\/#primaryimage\",\"url\":\"https:\/\/skaitytaknyga.lt\/wp-content\/uploads\/2025\/04\/ratas.jpg\",\"contentUrl\":\"https:\/\/skaitytaknyga.lt\/wp-content\/uploads\/2025\/04\/ratas.jpg\",\"width\":286,\"height\":400,\"caption\":\"Ratas\"},{\"@type\":\"BreadcrumbList\",\"@id\":\"https:\/\/skaitytaknyga.lt\/produktas\/ratas\/#breadcrumb\",\"itemListElement\":[{\"@type\":\"ListItem\",\"position\":1,\"name\":\"Home\",\"item\":\"https:\/\/skaitytaknyga.lt\/\"},{\"@type\":\"ListItem\",\"position\":2,\"name\":\"Parduotuv\u0117\",\"item\":\"https:\/\/skaitytaknyga.lt\/knygu-parduotuve\/\"},{\"@type\":\"ListItem\",\"position\":3,\"name\":\"Ratas\"}]},{\"@type\":\"WebSite\",\"@id\":\"https:\/\/skaitytaknyga.lt\/#website\",\"url\":\"https:\/\/skaitytaknyga.lt\/\",\"name\":\"skaitytaknyga.lt\",\"description\":\"Skaitytaknyga.lt \u2013 tai ma\u017eas \u0161eimos verslas, kuris prasid\u0117jo nuo meil\u0117s knygoms ir siekio i\u0161gelb\u0117ti knygas nuo likimo prie konteinerio. Kas vienam nereikalingas daiktas \u2013 kitam lobis, o mes esame tarpininkai, kurie padeda abiems tapti laimingesniems ???? \u017dinome kaip nelengva i\u0161gyventi ma\u017eiems verslams, tad nuo \u0161iol, \u010dia rasite ir kit\u0173, ma\u017e\u0173 \u0161eim\u0173 versl\u0173, rank\u0173 darbo, dovan\u0173 sau ir artimiesiems.\",\"publisher\":{\"@id\":\"https:\/\/skaitytaknyga.lt\/#organization\"},\"potentialAction\":[{\"@type\":\"SearchAction\",\"target\":{\"@type\":\"EntryPoint\",\"urlTemplate\":\"https:\/\/skaitytaknyga.lt\/?s={search_term_string}\"},\"query-input\":{\"@type\":\"PropertyValueSpecification\",\"valueRequired\":true,\"valueName\":\"search_term_string\"}}],\"inLanguage\":\"en-GB\"},{\"@type\":\"Organization\",\"@id\":\"https:\/\/skaitytaknyga.lt\/#organization\",\"name\":\"skaitytaknyga.lt\",\"url\":\"https:\/\/skaitytaknyga.lt\/\",\"logo\":{\"@type\":\"ImageObject\",\"inLanguage\":\"en-GB\",\"@id\":\"https:\/\/skaitytaknyga.lt\/#\/schema\/logo\/image\/\",\"url\":\"https:\/\/skaitytaknyga.lt\/wp-content\/uploads\/2024\/05\/cropped-cropped-cropped-02_00843_jt3bggkj1j3HLc7SyY6rEUpg.jpeg\",\"contentUrl\":\"https:\/\/skaitytaknyga.lt\/wp-content\/uploads\/2024\/05\/cropped-cropped-cropped-02_00843_jt3bggkj1j3HLc7SyY6rEUpg.jpeg\",\"width\":1600,\"height\":1600,\"caption\":\"skaitytaknyga.lt\"},\"image\":{\"@id\":\"https:\/\/skaitytaknyga.lt\/#\/schema\/logo\/image\/\"},\"sameAs\":[\"https:\/\/www.facebook.com\/skaitytaknyga\/\"]}]}<\/script>\n<!-- \/ Yoast SEO plugin. -->","yoast_head_json":{"title":"Ratas","description":"\u201eMokykla \u2013 tai blogio buvein\u0117\u201c. Jos \u2013 \u0161e\u0161ios ma\u017eai k\u0105 bendra turin\u010dios moksleiv\u0117s i\u0161 to paties nedidelio miestelio mokyklos. Kiekviena kovoja su savo","robots":{"index":"index","follow":"follow","max-snippet":"max-snippet:-1","max-image-preview":"max-image-preview:large","max-video-preview":"max-video-preview:-1"},"canonical":"https:\/\/skaitytaknyga.lt\/en\/produktas\/ratas\/","og_locale":"en_GB","og_type":"article","og_title":"[:lt]Ratas[:] - Skaitytaknyga","og_description":"\u201eMokykla \u2013 tai blogio buvein\u0117\u201c. Jos \u2013 \u0161e\u0161ios ma\u017eai k\u0105 bendra turin\u010dios moksleiv\u0117s i\u0161 to paties nedidelio miestelio mokyklos. Kiekviena kovoja su savo","og_url":"https:\/\/skaitytaknyga.lt\/en\/produktas\/ratas\/","og_site_name":"Skaitytaknyga","article_publisher":"https:\/\/www.facebook.com\/skaitytaknyga\/","article_modified_time":"2025-06-28T09:26:02+00:00","og_image":[{"width":286,"height":400,"url":"https:\/\/skaitytaknyga.lt\/wp-content\/uploads\/2025\/04\/ratas.jpg","type":"image\/jpeg"}],"twitter_card":"summary_large_image","twitter_misc":{"Estimated reading time":"2 minutes"},"schema":{"@context":"https:\/\/schema.org","@graph":[{"@type":"WebPage","@id":"https:\/\/skaitytaknyga.lt\/produktas\/ratas\/","url":"https:\/\/skaitytaknyga.lt\/produktas\/ratas\/","name":"Ratas","isPartOf":{"@id":"https:\/\/skaitytaknyga.lt\/#website"},"primaryImageOfPage":{"@id":"https:\/\/skaitytaknyga.lt\/produktas\/ratas\/#primaryimage"},"image":{"@id":"https:\/\/skaitytaknyga.lt\/produktas\/ratas\/#primaryimage"},"thumbnailUrl":"https:\/\/skaitytaknyga.lt\/wp-content\/uploads\/2025\/04\/ratas.jpg","datePublished":"2025-04-14T07:07:56+00:00","dateModified":"2025-06-28T09:26:02+00:00","description":"\u201eMokykla \u2013 tai blogio buvein\u0117\u201c. Jos \u2013 \u0161e\u0161ios ma\u017eai k\u0105 bendra turin\u010dios moksleiv\u0117s i\u0161 to paties nedidelio miestelio mokyklos. Kiekviena kovoja su savo","breadcrumb":{"@id":"https:\/\/skaitytaknyga.lt\/produktas\/ratas\/#breadcrumb"},"inLanguage":"en-GB","potentialAction":[{"@type":"ReadAction","target":["https:\/\/skaitytaknyga.lt\/produktas\/ratas\/"]}]},{"@type":"ImageObject","inLanguage":"en-GB","@id":"https:\/\/skaitytaknyga.lt\/produktas\/ratas\/#primaryimage","url":"https:\/\/skaitytaknyga.lt\/wp-content\/uploads\/2025\/04\/ratas.jpg","contentUrl":"https:\/\/skaitytaknyga.lt\/wp-content\/uploads\/2025\/04\/ratas.jpg","width":286,"height":400,"caption":"Ratas"},{"@type":"BreadcrumbList","@id":"https:\/\/skaitytaknyga.lt\/produktas\/ratas\/#breadcrumb","itemListElement":[{"@type":"ListItem","position":1,"name":"Home","item":"https:\/\/skaitytaknyga.lt\/"},{"@type":"ListItem","position":2,"name":"Parduotuv\u0117","item":"https:\/\/skaitytaknyga.lt\/knygu-parduotuve\/"},{"@type":"ListItem","position":3,"name":"Ratas"}]},{"@type":"WebSite","@id":"https:\/\/skaitytaknyga.lt\/#website","url":"https:\/\/skaitytaknyga.lt\/","name":"skaitytaknyga.lt","description":"Skaitytaknyga.lt \u2013 tai ma\u017eas \u0161eimos verslas, kuris prasid\u0117jo nuo meil\u0117s knygoms ir siekio i\u0161gelb\u0117ti knygas nuo likimo prie konteinerio. Kas vienam nereikalingas daiktas \u2013 kitam lobis, o mes esame tarpininkai, kurie padeda abiems tapti laimingesniems ???? \u017dinome kaip nelengva i\u0161gyventi ma\u017eiems verslams, tad nuo \u0161iol, \u010dia rasite ir kit\u0173, ma\u017e\u0173 \u0161eim\u0173 versl\u0173, rank\u0173 darbo, dovan\u0173 sau ir artimiesiems.","publisher":{"@id":"https:\/\/skaitytaknyga.lt\/#organization"},"potentialAction":[{"@type":"SearchAction","target":{"@type":"EntryPoint","urlTemplate":"https:\/\/skaitytaknyga.lt\/?s={search_term_string}"},"query-input":{"@type":"PropertyValueSpecification","valueRequired":true,"valueName":"search_term_string"}}],"inLanguage":"en-GB"},{"@type":"Organization","@id":"https:\/\/skaitytaknyga.lt\/#organization","name":"skaitytaknyga.lt","url":"https:\/\/skaitytaknyga.lt\/","logo":{"@type":"ImageObject","inLanguage":"en-GB","@id":"https:\/\/skaitytaknyga.lt\/#\/schema\/logo\/image\/","url":"https:\/\/skaitytaknyga.lt\/wp-content\/uploads\/2024\/05\/cropped-cropped-cropped-02_00843_jt3bggkj1j3HLc7SyY6rEUpg.jpeg","contentUrl":"https:\/\/skaitytaknyga.lt\/wp-content\/uploads\/2024\/05\/cropped-cropped-cropped-02_00843_jt3bggkj1j3HLc7SyY6rEUpg.jpeg","width":1600,"height":1600,"caption":"skaitytaknyga.lt"},"image":{"@id":"https:\/\/skaitytaknyga.lt\/#\/schema\/logo\/image\/"},"sameAs":["https:\/\/www.facebook.com\/skaitytaknyga\/"]}]}},"_links":{"self":[{"href":"https:\/\/skaitytaknyga.lt\/en\/wp-json\/wp\/v2\/product\/17762","targetHints":{"allow":["GET"]}}],"collection":[{"href":"https:\/\/skaitytaknyga.lt\/en\/wp-json\/wp\/v2\/product"}],"about":[{"href":"https:\/\/skaitytaknyga.lt\/en\/wp-json\/wp\/v2\/types\/product"}],"replies":[{"embeddable":true,"href":"https:\/\/skaitytaknyga.lt\/en\/wp-json\/wp\/v2\/comments?post=17762"}],"wp:featuredmedia":[{"embeddable":true,"href":"https:\/\/skaitytaknyga.lt\/en\/wp-json\/wp\/v2\/media\/17763"}],"wp:attachment":[{"href":"https:\/\/skaitytaknyga.lt\/en\/wp-json\/wp\/v2\/media?parent=17762"}],"wp:term":[{"taxonomy":"product_brand","embeddable":true,"href":"https:\/\/skaitytaknyga.lt\/en\/wp-json\/wp\/v2\/product_brand?post=17762"},{"taxonomy":"product_cat","embeddable":true,"href":"https:\/\/skaitytaknyga.lt\/en\/wp-json\/wp\/v2\/product_cat?post=17762"},{"taxonomy":"product_tag","embeddable":true,"href":"https:\/\/skaitytaknyga.lt\/en\/wp-json\/wp\/v2\/product_tag?post=17762"}],"curies":[{"name":"wp","href":"https:\/\/api.w.org\/{rel}","templated":true}]}}