{"id":17760,"date":"2025-04-14T10:04:43","date_gmt":"2025-04-14T07:04:43","guid":{"rendered":"https:\/\/skaitytaknyga.lt\/?post_type=product&#038;p=17760"},"modified":"2025-05-15T15:09:31","modified_gmt":"2025-05-15T12:09:31","slug":"per-geras-kad-butu-tikras","status":"publish","type":"product","link":"https:\/\/skaitytaknyga.lt\/en\/produktas\/per-geras-kad-butu-tikras\/","title":{"rendered":"Per geras, kad b\u016bt\u0173 tikras"},"content":{"rendered":"<p>Kai buv\u0119s Greis\u0117s Emerson su\u017ead\u0117tinis pradeda susitikin\u0117ti su jos jaunesni\u0105ja sese, Greisei tenka griebtis ypating\u0173 priemoni\u0173. Kad visi liaut\u0173si suk\u0119 galv\u0105 d\u0117l jos \u0161irdies reikal\u0173, ji parei\u0161kia u\u017emezgusi roman\u0105 su kai kuo\u2026 Jis \u2013 nuostabus. Jis \u2013 \u017eavus. Jis \u2013 jos vaizduot\u0117s vaisius.<\/p>\n<p>Ai\u0161ku, \u0161is tobulas vyras n\u0117 trupu\u010dio nepana\u0161us \u012f jos nauj\u0105j\u012f kaimyn\u0105 Kalahan\u0105 O\u0161ij\u0105, turint\u012f ne itin gra\u017ei\u0105 praeit\u012f. Na, nebent tik i\u0161 i\u0161vaizdos. Ir toks pat kar\u0161tas. Toks pat a\u0161trialie\u017euvis. Toks pat galvotas ir gera\u0161irdis. Pala, pala. Ne. Kalahanas O\u0161ija tikrai ne jos svajoni\u0173 vyras!<\/p>\n<ul class=\"about-product d-none d-xl-block mt-4\">\n<li><strong>Autorius:<\/strong>\u00a0Kristan Higgins<\/li>\n<li><strong>Leid\u0117jas:<\/strong>\u00a0Svajoni\u0173 knygos<\/li>\n<li><strong>Metai:<\/strong>\u00a02013<\/li>\n<li><strong>Puslapiai:<\/strong>\u00a0448<\/li>\n<li class=\"toggleable type-new-formats \"><strong>ISBN:<\/strong>\u00a09786094064517<\/li>\n<li><strong>Versijos kodas:<\/strong>\u00a0PT.<\/li>\n<li class=\"toggleable type-new-formats \"><strong>Formatas:<\/strong>\u00a016 x 24 cm, kieti vir\u0161eliai<\/li>\n<li><strong>Kalba:<\/strong>\u00a0Lietuvi\u0173<\/li>\n<li><strong>Vert\u0117jas:<\/strong>\u00a0J\u016brat\u0117 \u017deimantien\u0117<\/li>\n<\/ul>\n","protected":false},"excerpt":{"rendered":"<p>Kai buv\u0119s Greis\u0117s Emerson su\u017ead\u0117tinis pradeda susitikin\u0117ti su jos jaunesni\u0105ja sese, Greisei tenka griebtis ypating\u0173 priemoni\u0173. Kad visi liaut\u0173si suk\u0119 galv\u0105 d\u0117l jos \u0161irdies reikal\u0173, ji parei\u0161kia u\u017emezgusi roman\u0105 su kai kuo\u2026 Jis \u2013 nuostabus. Jis \u2013 \u017eavus. Jis \u2013 jos vaizduot\u0117s vaisius. Ai\u0161ku, \u0161is tobulas vyras n\u0117 trupu\u010dio nepana\u0161us \u012f jos nauj\u0105j\u012f kaimyn\u0105 Kalahan\u0105 O\u0161ij\u0105, turint\u012f ne itin gra\u017ei\u0105 praeit\u012f. Na, nebent tik i\u0161 i\u0161vaizdos. Ir toks pat kar\u0161tas. Toks pat a\u0161trialie\u017euvis. Toks pat galvotas ir gera\u0161irdis. Pala, pala. Ne. Kalahanas O\u0161ija tikrai ne jos svajoni\u0173 vyras! Autorius:\u00a0Kristan Higgins Leid\u0117jas:\u00a0Svajoni\u0173 knygos Metai:\u00a02013 Puslapiai:\u00a0448 ISBN:\u00a09786094064517 Versijos kodas:\u00a0PT. Formatas:\u00a016 x 24 cm, kieti vir\u0161eliai Kalba:\u00a0Lietuvi\u0173 Vert\u0117jas:\u00a0J\u016brat\u0117 \u017deimantien\u0117<\/p>\n","protected":false},"featured_media":17761,"comment_status":"open","ping_status":"closed","template":"","meta":{"_acf_changed":false,"site-sidebar-layout":"default","site-content-layout":"","ast-site-content-layout":"default","site-content-style":"default","site-sidebar-style":"default","ast-global-header-display":"","ast-banner-title-visibility":"","ast-main-header-display":"","ast-hfb-above-header-display":"","ast-hfb-below-header-display":"","ast-hfb-mobile-header-display":"","site-post-title":"","ast-breadcrumbs-content":"","ast-featured-img":"","footer-sml-layout":"","ast-disable-related-posts":"","theme-transparent-header-meta":"default","adv-header-id-meta":"","stick-header-meta":"","header-above-stick-meta":"","header-main-stick-meta":"","header-below-stick-meta":"","astra-migrate-meta-layouts":"set","ast-page-background-enabled":"default","ast-page-background-meta":{"desktop":{"background-color":"","background-image":"","background-repeat":"repeat","background-position":"center center","background-size":"auto","background-attachment":"scroll","background-type":"","background-media":"","overlay-type":"","overlay-color":"","overlay-opacity":"","overlay-gradient":""},"tablet":{"background-color":"","background-image":"","background-repeat":"repeat","background-position":"center center","background-size":"auto","background-attachment":"scroll","background-type":"","background-media":"","overlay-type":"","overlay-color":"","overlay-opacity":"","overlay-gradient":""},"mobile":{"background-color":"","background-image":"","background-repeat":"repeat","background-position":"center center","background-size":"auto","background-attachment":"scroll","background-type":"","background-media":"","overlay-type":"","overlay-color":"","overlay-opacity":"","overlay-gradient":""}},"ast-content-background-meta":{"desktop":{"background-color":"var(--ast-global-color-4)","background-image":"","background-repeat":"repeat","background-position":"center center","background-size":"auto","background-attachment":"scroll","background-type":"","background-media":"","overlay-type":"","overlay-color":"","overlay-opacity":"","overlay-gradient":""},"tablet":{"background-color":"var(--ast-global-color-4)","background-image":"","background-repeat":"repeat","background-position":"center center","background-size":"auto","background-attachment":"scroll","background-type":"","background-media":"","overlay-type":"","overlay-color":"","overlay-opacity":"","overlay-gradient":""},"mobile":{"background-color":"var(--ast-global-color-4)","background-image":"","background-repeat":"repeat","background-position":"center center","background-size":"auto","background-attachment":"scroll","background-type":"","background-media":"","overlay-type":"","overlay-color":"","overlay-opacity":"","overlay-gradient":""}}},"product_brand":[],"product_cat":[31,15],"product_tag":[1647,1980,3609,3608,1796,2129,1646],"class_list":{"0":"post-17760","1":"product","2":"type-product","3":"status-publish","4":"has-post-thumbnail","6":"product_cat-grozine-literatura","7":"product_cat-uncategorized","8":"product_tag-draugyste","9":"product_tag-humoras","10":"product_tag-konfliktai","11":"product_tag-kristan-higgins","12":"product_tag-meile","13":"product_tag-romantika","14":"product_tag-seima","15":"desktop-align-left","16":"tablet-align-left","17":"mobile-align-left","19":"first","20":"instock","21":"shipping-taxable","22":"purchasable","23":"product-type-simple"},"acf":[],"yoast_head":"<!-- This site is optimized with the Yoast SEO plugin v27.0 - https:\/\/yoast.com\/product\/yoast-seo-wordpress\/ -->\n<title>Per geras, kad b\u016bt\u0173 tikras<\/title>\n<meta name=\"description\" content=\"Kai buv\u0119s Greis\u0117s Emerson su\u017ead\u0117tinis pradeda susitikin\u0117ti su jos jaunesni\u0105ja sese, Greisei tenka griebtis ypating\u0173 priemoni\u0173. Kad visi liaut\u0173si suk\u0119\" \/>\n<meta name=\"robots\" content=\"index, follow, max-snippet:-1, max-image-preview:large, max-video-preview:-1\" \/>\n<link rel=\"canonical\" href=\"https:\/\/skaitytaknyga.lt\/en\/produktas\/per-geras-kad-butu-tikras\/\" \/>\n<meta property=\"og:locale\" content=\"en_GB\" \/>\n<meta property=\"og:locale:alternate\" content=\"lt_LT\" \/>\n<meta property=\"og:type\" content=\"article\" \/>\n<meta property=\"og:title\" content=\"Per geras, kad b\u016bt\u0173 tikras\" \/>\n<meta property=\"og:description\" content=\"Kai buv\u0119s Greis\u0117s Emerson su\u017ead\u0117tinis pradeda susitikin\u0117ti su jos jaunesni\u0105ja sese, Greisei tenka griebtis ypating\u0173 priemoni\u0173. Kad visi liaut\u0173si suk\u0119\" \/>\n<meta property=\"og:url\" content=\"https:\/\/skaitytaknyga.lt\/en\/produktas\/per-geras-kad-butu-tikras\/\" \/>\n<meta property=\"og:site_name\" content=\"Skaitytaknyga\" \/>\n<meta property=\"article:publisher\" content=\"https:\/\/www.facebook.com\/skaitytaknyga\/\" \/>\n<meta property=\"article:modified_time\" content=\"2025-05-15T12:09:31+00:00\" \/>\n<meta property=\"og:image\" content=\"https:\/\/skaitytaknyga.lt\/wp-content\/uploads\/2025\/04\/Per-geras-kad-butu-tikras-e1744614311233.webp\" \/>\n\t<meta property=\"og:image:width\" content=\"270\" \/>\n\t<meta property=\"og:image:height\" content=\"411\" \/>\n\t<meta property=\"og:image:type\" content=\"image\/webp\" \/>\n<meta name=\"twitter:card\" content=\"summary_large_image\" \/>\n<meta name=\"twitter:label1\" content=\"Estimated reading time\" \/>\n\t<meta name=\"twitter:data1\" content=\"1 minute\" \/>\n<script type=\"application\/ld+json\" class=\"yoast-schema-graph\">{\"@context\":\"https:\/\/schema.org\",\"@graph\":[{\"@type\":\"WebPage\",\"@id\":\"https:\/\/skaitytaknyga.lt\/produktas\/per-geras-kad-butu-tikras\/\",\"url\":\"https:\/\/skaitytaknyga.lt\/produktas\/per-geras-kad-butu-tikras\/\",\"name\":\"Per geras, kad b\u016bt\u0173 tikras\",\"isPartOf\":{\"@id\":\"https:\/\/skaitytaknyga.lt\/#website\"},\"primaryImageOfPage\":{\"@id\":\"https:\/\/skaitytaknyga.lt\/produktas\/per-geras-kad-butu-tikras\/#primaryimage\"},\"image\":{\"@id\":\"https:\/\/skaitytaknyga.lt\/produktas\/per-geras-kad-butu-tikras\/#primaryimage\"},\"thumbnailUrl\":\"https:\/\/skaitytaknyga.lt\/wp-content\/uploads\/2025\/04\/Per-geras-kad-butu-tikras-e1744614311233.webp\",\"datePublished\":\"2025-04-14T07:04:43+00:00\",\"dateModified\":\"2025-05-15T12:09:31+00:00\",\"description\":\"Kai buv\u0119s Greis\u0117s Emerson su\u017ead\u0117tinis pradeda susitikin\u0117ti su jos jaunesni\u0105ja sese, Greisei tenka griebtis ypating\u0173 priemoni\u0173. Kad visi liaut\u0173si suk\u0119\",\"breadcrumb\":{\"@id\":\"https:\/\/skaitytaknyga.lt\/produktas\/per-geras-kad-butu-tikras\/#breadcrumb\"},\"inLanguage\":\"en-GB\",\"potentialAction\":[{\"@type\":\"ReadAction\",\"target\":[\"https:\/\/skaitytaknyga.lt\/produktas\/per-geras-kad-butu-tikras\/\"]}]},{\"@type\":\"ImageObject\",\"inLanguage\":\"en-GB\",\"@id\":\"https:\/\/skaitytaknyga.lt\/produktas\/per-geras-kad-butu-tikras\/#primaryimage\",\"url\":\"https:\/\/skaitytaknyga.lt\/wp-content\/uploads\/2025\/04\/Per-geras-kad-butu-tikras-e1744614311233.webp\",\"contentUrl\":\"https:\/\/skaitytaknyga.lt\/wp-content\/uploads\/2025\/04\/Per-geras-kad-butu-tikras-e1744614311233.webp\",\"width\":270,\"height\":411,\"caption\":\"Per geras, kad b\u016bt\u0173 tikras\"},{\"@type\":\"BreadcrumbList\",\"@id\":\"https:\/\/skaitytaknyga.lt\/produktas\/per-geras-kad-butu-tikras\/#breadcrumb\",\"itemListElement\":[{\"@type\":\"ListItem\",\"position\":1,\"name\":\"Home\",\"item\":\"https:\/\/skaitytaknyga.lt\/\"},{\"@type\":\"ListItem\",\"position\":2,\"name\":\"Parduotuv\u0117\",\"item\":\"https:\/\/skaitytaknyga.lt\/knygu-parduotuve\/\"},{\"@type\":\"ListItem\",\"position\":3,\"name\":\"Per geras, kad b\u016bt\u0173 tikras\"}]},{\"@type\":\"WebSite\",\"@id\":\"https:\/\/skaitytaknyga.lt\/#website\",\"url\":\"https:\/\/skaitytaknyga.lt\/\",\"name\":\"skaitytaknyga.lt\",\"description\":\"Skaitytaknyga.lt \u2013 tai ma\u017eas \u0161eimos verslas, kuris prasid\u0117jo nuo meil\u0117s knygoms ir siekio i\u0161gelb\u0117ti knygas nuo likimo prie konteinerio. Kas vienam nereikalingas daiktas \u2013 kitam lobis, o mes esame tarpininkai, kurie padeda abiems tapti laimingesniems ???? \u017dinome kaip nelengva i\u0161gyventi ma\u017eiems verslams, tad nuo \u0161iol, \u010dia rasite ir kit\u0173, ma\u017e\u0173 \u0161eim\u0173 versl\u0173, rank\u0173 darbo, dovan\u0173 sau ir artimiesiems.\",\"publisher\":{\"@id\":\"https:\/\/skaitytaknyga.lt\/#organization\"},\"potentialAction\":[{\"@type\":\"SearchAction\",\"target\":{\"@type\":\"EntryPoint\",\"urlTemplate\":\"https:\/\/skaitytaknyga.lt\/?s={search_term_string}\"},\"query-input\":{\"@type\":\"PropertyValueSpecification\",\"valueRequired\":true,\"valueName\":\"search_term_string\"}}],\"inLanguage\":\"en-GB\"},{\"@type\":\"Organization\",\"@id\":\"https:\/\/skaitytaknyga.lt\/#organization\",\"name\":\"skaitytaknyga.lt\",\"url\":\"https:\/\/skaitytaknyga.lt\/\",\"logo\":{\"@type\":\"ImageObject\",\"inLanguage\":\"en-GB\",\"@id\":\"https:\/\/skaitytaknyga.lt\/#\/schema\/logo\/image\/\",\"url\":\"https:\/\/skaitytaknyga.lt\/wp-content\/uploads\/2024\/05\/cropped-cropped-cropped-02_00843_jt3bggkj1j3HLc7SyY6rEUpg.jpeg\",\"contentUrl\":\"https:\/\/skaitytaknyga.lt\/wp-content\/uploads\/2024\/05\/cropped-cropped-cropped-02_00843_jt3bggkj1j3HLc7SyY6rEUpg.jpeg\",\"width\":1600,\"height\":1600,\"caption\":\"skaitytaknyga.lt\"},\"image\":{\"@id\":\"https:\/\/skaitytaknyga.lt\/#\/schema\/logo\/image\/\"},\"sameAs\":[\"https:\/\/www.facebook.com\/skaitytaknyga\/\"]}]}<\/script>\n<!-- \/ Yoast SEO plugin. -->","yoast_head_json":{"title":"Per geras, kad b\u016bt\u0173 tikras","description":"Kai buv\u0119s Greis\u0117s Emerson su\u017ead\u0117tinis pradeda susitikin\u0117ti su jos jaunesni\u0105ja sese, Greisei tenka griebtis ypating\u0173 priemoni\u0173. Kad visi liaut\u0173si suk\u0119","robots":{"index":"index","follow":"follow","max-snippet":"max-snippet:-1","max-image-preview":"max-image-preview:large","max-video-preview":"max-video-preview:-1"},"canonical":"https:\/\/skaitytaknyga.lt\/en\/produktas\/per-geras-kad-butu-tikras\/","og_locale":"en_GB","og_type":"article","og_title":"[:lt]Per geras, kad b\u016bt\u0173 tikras[:] - Skaitytaknyga","og_description":"Kai buv\u0119s Greis\u0117s Emerson su\u017ead\u0117tinis pradeda susitikin\u0117ti su jos jaunesni\u0105ja sese, Greisei tenka griebtis ypating\u0173 priemoni\u0173. Kad visi liaut\u0173si suk\u0119","og_url":"https:\/\/skaitytaknyga.lt\/en\/produktas\/per-geras-kad-butu-tikras\/","og_site_name":"Skaitytaknyga","article_publisher":"https:\/\/www.facebook.com\/skaitytaknyga\/","article_modified_time":"2025-05-15T12:09:31+00:00","og_image":[{"width":270,"height":411,"url":"https:\/\/skaitytaknyga.lt\/wp-content\/uploads\/2025\/04\/Per-geras-kad-butu-tikras-e1744614311233.webp","type":"image\/webp"}],"twitter_card":"summary_large_image","twitter_misc":{"Estimated reading time":"1 minute"},"schema":{"@context":"https:\/\/schema.org","@graph":[{"@type":"WebPage","@id":"https:\/\/skaitytaknyga.lt\/produktas\/per-geras-kad-butu-tikras\/","url":"https:\/\/skaitytaknyga.lt\/produktas\/per-geras-kad-butu-tikras\/","name":"Per geras, kad b\u016bt\u0173 tikras","isPartOf":{"@id":"https:\/\/skaitytaknyga.lt\/#website"},"primaryImageOfPage":{"@id":"https:\/\/skaitytaknyga.lt\/produktas\/per-geras-kad-butu-tikras\/#primaryimage"},"image":{"@id":"https:\/\/skaitytaknyga.lt\/produktas\/per-geras-kad-butu-tikras\/#primaryimage"},"thumbnailUrl":"https:\/\/skaitytaknyga.lt\/wp-content\/uploads\/2025\/04\/Per-geras-kad-butu-tikras-e1744614311233.webp","datePublished":"2025-04-14T07:04:43+00:00","dateModified":"2025-05-15T12:09:31+00:00","description":"Kai buv\u0119s Greis\u0117s Emerson su\u017ead\u0117tinis pradeda susitikin\u0117ti su jos jaunesni\u0105ja sese, Greisei tenka griebtis ypating\u0173 priemoni\u0173. Kad visi liaut\u0173si suk\u0119","breadcrumb":{"@id":"https:\/\/skaitytaknyga.lt\/produktas\/per-geras-kad-butu-tikras\/#breadcrumb"},"inLanguage":"en-GB","potentialAction":[{"@type":"ReadAction","target":["https:\/\/skaitytaknyga.lt\/produktas\/per-geras-kad-butu-tikras\/"]}]},{"@type":"ImageObject","inLanguage":"en-GB","@id":"https:\/\/skaitytaknyga.lt\/produktas\/per-geras-kad-butu-tikras\/#primaryimage","url":"https:\/\/skaitytaknyga.lt\/wp-content\/uploads\/2025\/04\/Per-geras-kad-butu-tikras-e1744614311233.webp","contentUrl":"https:\/\/skaitytaknyga.lt\/wp-content\/uploads\/2025\/04\/Per-geras-kad-butu-tikras-e1744614311233.webp","width":270,"height":411,"caption":"Per geras, kad b\u016bt\u0173 tikras"},{"@type":"BreadcrumbList","@id":"https:\/\/skaitytaknyga.lt\/produktas\/per-geras-kad-butu-tikras\/#breadcrumb","itemListElement":[{"@type":"ListItem","position":1,"name":"Home","item":"https:\/\/skaitytaknyga.lt\/"},{"@type":"ListItem","position":2,"name":"Parduotuv\u0117","item":"https:\/\/skaitytaknyga.lt\/knygu-parduotuve\/"},{"@type":"ListItem","position":3,"name":"Per geras, kad b\u016bt\u0173 tikras"}]},{"@type":"WebSite","@id":"https:\/\/skaitytaknyga.lt\/#website","url":"https:\/\/skaitytaknyga.lt\/","name":"skaitytaknyga.lt","description":"Skaitytaknyga.lt \u2013 tai ma\u017eas \u0161eimos verslas, kuris prasid\u0117jo nuo meil\u0117s knygoms ir siekio i\u0161gelb\u0117ti knygas nuo likimo prie konteinerio. Kas vienam nereikalingas daiktas \u2013 kitam lobis, o mes esame tarpininkai, kurie padeda abiems tapti laimingesniems ???? \u017dinome kaip nelengva i\u0161gyventi ma\u017eiems verslams, tad nuo \u0161iol, \u010dia rasite ir kit\u0173, ma\u017e\u0173 \u0161eim\u0173 versl\u0173, rank\u0173 darbo, dovan\u0173 sau ir artimiesiems.","publisher":{"@id":"https:\/\/skaitytaknyga.lt\/#organization"},"potentialAction":[{"@type":"SearchAction","target":{"@type":"EntryPoint","urlTemplate":"https:\/\/skaitytaknyga.lt\/?s={search_term_string}"},"query-input":{"@type":"PropertyValueSpecification","valueRequired":true,"valueName":"search_term_string"}}],"inLanguage":"en-GB"},{"@type":"Organization","@id":"https:\/\/skaitytaknyga.lt\/#organization","name":"skaitytaknyga.lt","url":"https:\/\/skaitytaknyga.lt\/","logo":{"@type":"ImageObject","inLanguage":"en-GB","@id":"https:\/\/skaitytaknyga.lt\/#\/schema\/logo\/image\/","url":"https:\/\/skaitytaknyga.lt\/wp-content\/uploads\/2024\/05\/cropped-cropped-cropped-02_00843_jt3bggkj1j3HLc7SyY6rEUpg.jpeg","contentUrl":"https:\/\/skaitytaknyga.lt\/wp-content\/uploads\/2024\/05\/cropped-cropped-cropped-02_00843_jt3bggkj1j3HLc7SyY6rEUpg.jpeg","width":1600,"height":1600,"caption":"skaitytaknyga.lt"},"image":{"@id":"https:\/\/skaitytaknyga.lt\/#\/schema\/logo\/image\/"},"sameAs":["https:\/\/www.facebook.com\/skaitytaknyga\/"]}]}},"_links":{"self":[{"href":"https:\/\/skaitytaknyga.lt\/en\/wp-json\/wp\/v2\/product\/17760","targetHints":{"allow":["GET"]}}],"collection":[{"href":"https:\/\/skaitytaknyga.lt\/en\/wp-json\/wp\/v2\/product"}],"about":[{"href":"https:\/\/skaitytaknyga.lt\/en\/wp-json\/wp\/v2\/types\/product"}],"replies":[{"embeddable":true,"href":"https:\/\/skaitytaknyga.lt\/en\/wp-json\/wp\/v2\/comments?post=17760"}],"wp:featuredmedia":[{"embeddable":true,"href":"https:\/\/skaitytaknyga.lt\/en\/wp-json\/wp\/v2\/media\/17761"}],"wp:attachment":[{"href":"https:\/\/skaitytaknyga.lt\/en\/wp-json\/wp\/v2\/media?parent=17760"}],"wp:term":[{"taxonomy":"product_brand","embeddable":true,"href":"https:\/\/skaitytaknyga.lt\/en\/wp-json\/wp\/v2\/product_brand?post=17760"},{"taxonomy":"product_cat","embeddable":true,"href":"https:\/\/skaitytaknyga.lt\/en\/wp-json\/wp\/v2\/product_cat?post=17760"},{"taxonomy":"product_tag","embeddable":true,"href":"https:\/\/skaitytaknyga.lt\/en\/wp-json\/wp\/v2\/product_tag?post=17760"}],"curies":[{"name":"wp","href":"https:\/\/api.w.org\/{rel}","templated":true}]}}