{"id":17756,"date":"2025-04-14T10:01:07","date_gmt":"2025-04-14T07:01:07","guid":{"rendered":"https:\/\/skaitytaknyga.lt\/?post_type=product&#038;p=17756"},"modified":"2026-01-14T20:52:42","modified_gmt":"2026-01-14T18:52:42","slug":"vilkes-naktis","status":"publish","type":"product","link":"https:\/\/skaitytaknyga.lt\/en\/produktas\/vilkes-naktis\/","title":{"rendered":"Vilk\u0117s naktis"},"content":{"rendered":"<p>Paskutin\u0117 Henri L\u0153venbruck trilogijos \u201eMoira\u201c dalis. Pirmoji knyga \u2013 \u201eBaltoji vilk\u0117 ir \u017eem\u0117s dukra\u201c, antroji \u2013 \u201eVilk\u0173 karas\u201c.<\/p>\n<p>Gaelija merdi. Saloje siau\u010dia karas. \u017dudomi net vilkai! Visk\u0105 niokoja neapykantos ugnis ir vald\u017eios tro\u0161kimas. Netenka vald\u017eios ir savo sl\u0117piningos galios druidai. Reikia gelb\u0117ti silvus, surasti balt\u0105j\u0105 vilk\u0119, suvokti, kas tai yra Moira ir trys paslaptingosios prana\u0161yst\u0117s. Visa tai u\u017egula Alejos pe\u010dius \u2013 Alejos, apdovanotos ypatingomis galiomis. Bet \u017emon\u0117s myli j\u0105, tiki ja ir pasiruo\u0161\u0119 drauge \u017eengti \u012f nauj\u0105j\u0105 Gaelij\u0105.<\/p>\n<p>Ta\u010diau prie\u0161 tai jos pa\u010dios laukia lemtingas i\u0161bandymas \u2013 kova su druid\u0173 atskal\u016bnu Maolmordha. Kas laim\u0117s?<\/p>\n<p>Autorius: Henri L\u0153venbruck<br \/>\nLeid\u0117jas: Alma littera<br \/>\nMetai: 2008<br \/>\nPuslapiai: 320<br \/>\nISBN: 9789955249948<br \/>\nFormatas: 17 x 24 x 3 cm, kieti vir\u0161eliai<br \/>\nKalba: Lietuvi\u0173<br \/>\nVert\u0117jas: Ramut\u0117 Ramunien\u0117<\/p>\n","protected":false},"excerpt":{"rendered":"<p>Paskutin\u0117 Henri L\u0153venbruck trilogijos \u201eMoira\u201c dalis. Pirmoji knyga \u2013 \u201eBaltoji vilk\u0117 ir \u017eem\u0117s dukra\u201c, antroji \u2013 \u201eVilk\u0173 karas\u201c. Gaelija merdi. Saloje siau\u010dia karas. \u017dudomi net vilkai! Visk\u0105 niokoja neapykantos ugnis ir vald\u017eios tro\u0161kimas. Netenka vald\u017eios ir savo sl\u0117piningos galios druidai. Reikia gelb\u0117ti silvus, surasti balt\u0105j\u0105 vilk\u0119, suvokti, kas tai yra Moira ir trys paslaptingosios prana\u0161yst\u0117s. Visa tai u\u017egula Alejos pe\u010dius \u2013 Alejos, apdovanotos ypatingomis galiomis. Bet \u017emon\u0117s myli j\u0105, tiki ja ir pasiruo\u0161\u0119 drauge \u017eengti \u012f nauj\u0105j\u0105 Gaelij\u0105. Ta\u010diau prie\u0161 tai jos pa\u010dios laukia lemtingas i\u0161bandymas \u2013 kova su druid\u0173 atskal\u016bnu Maolmordha. Kas laim\u0117s? Autorius: Henri L\u0153venbruck Leid\u0117jas: Alma littera Metai: 2008 Puslapiai: 320 ISBN: 9789955249948 Formatas: 17 x 24 x 3 cm, kieti vir\u0161eliai Kalba: Lietuvi\u0173 Vert\u0117jas: Ramut\u0117 Ramunien\u0117<\/p>\n","protected":false},"featured_media":17757,"comment_status":"closed","ping_status":"closed","template":"","meta":{"_acf_changed":false,"site-sidebar-layout":"default","site-content-layout":"","ast-site-content-layout":"default","site-content-style":"default","site-sidebar-style":"default","ast-global-header-display":"","ast-banner-title-visibility":"","ast-main-header-display":"","ast-hfb-above-header-display":"","ast-hfb-below-header-display":"","ast-hfb-mobile-header-display":"","site-post-title":"","ast-breadcrumbs-content":"","ast-featured-img":"","footer-sml-layout":"","ast-disable-related-posts":"","theme-transparent-header-meta":"default","adv-header-id-meta":"","stick-header-meta":"","header-above-stick-meta":"","header-main-stick-meta":"","header-below-stick-meta":"","astra-migrate-meta-layouts":"set","ast-page-background-enabled":"default","ast-page-background-meta":{"desktop":{"background-color":"","background-image":"","background-repeat":"repeat","background-position":"center center","background-size":"auto","background-attachment":"scroll","background-type":"","background-media":"","overlay-type":"","overlay-color":"","overlay-opacity":"","overlay-gradient":""},"tablet":{"background-color":"","background-image":"","background-repeat":"repeat","background-position":"center center","background-size":"auto","background-attachment":"scroll","background-type":"","background-media":"","overlay-type":"","overlay-color":"","overlay-opacity":"","overlay-gradient":""},"mobile":{"background-color":"","background-image":"","background-repeat":"repeat","background-position":"center center","background-size":"auto","background-attachment":"scroll","background-type":"","background-media":"","overlay-type":"","overlay-color":"","overlay-opacity":"","overlay-gradient":""}},"ast-content-background-meta":{"desktop":{"background-color":"var(--ast-global-color-4)","background-image":"","background-repeat":"repeat","background-position":"center center","background-size":"auto","background-attachment":"scroll","background-type":"","background-media":"","overlay-type":"","overlay-color":"","overlay-opacity":"","overlay-gradient":""},"tablet":{"background-color":"var(--ast-global-color-4)","background-image":"","background-repeat":"repeat","background-position":"center center","background-size":"auto","background-attachment":"scroll","background-type":"","background-media":"","overlay-type":"","overlay-color":"","overlay-opacity":"","overlay-gradient":""},"mobile":{"background-color":"var(--ast-global-color-4)","background-image":"","background-repeat":"repeat","background-position":"center center","background-size":"auto","background-attachment":"scroll","background-type":"","background-media":"","overlay-type":"","overlay-color":"","overlay-opacity":"","overlay-gradient":""}}},"product_brand":[],"product_cat":[35],"product_tag":[3549,1504,3657,3256,1755,3684,1451,3151],"class_list":{"0":"post-17756","1":"product","2":"type-product","3":"status-publish","4":"has-post-thumbnail","6":"product_cat-vaikams-ir-paaugliams","7":"product_tag-druidai","8":"product_tag-fantastika","9":"product_tag-henri-loevenbruck","10":"product_tag-kova","11":"product_tag-magija","12":"product_tag-moira","13":"product_tag-nuotykiai","14":"product_tag-trilogija","15":"desktop-align-left","16":"tablet-align-left","17":"mobile-align-left","19":"first","20":"outofstock","21":"shipping-taxable","22":"purchasable","23":"product-type-simple"},"acf":[],"yoast_head":"<!-- This site is optimized with the Yoast SEO plugin v27.0 - https:\/\/yoast.com\/product\/yoast-seo-wordpress\/ -->\n<title>Vilk\u0117s naktis<\/title>\n<meta name=\"description\" content=\"Paskutin\u0117 Henri L\u0153venbruck trilogijos \u201eMoira\u201c dalis. Pirmoji knyga \u2013 \u201eBaltoji vilk\u0117 ir \u017eem\u0117s dukra\u201c, antroji \u2013 \u201eVilk\u0173 karas\u201c. Gaelija merdi. Saloje\" \/>\n<meta name=\"robots\" content=\"index, follow, max-snippet:-1, max-image-preview:large, max-video-preview:-1\" \/>\n<link rel=\"canonical\" href=\"https:\/\/skaitytaknyga.lt\/en\/produktas\/vilkes-naktis\/\" \/>\n<meta property=\"og:locale\" content=\"en_GB\" \/>\n<meta property=\"og:locale:alternate\" content=\"lt_LT\" \/>\n<meta property=\"og:type\" content=\"article\" \/>\n<meta property=\"og:title\" content=\"Vilk\u0117s naktis\" \/>\n<meta property=\"og:description\" content=\"Paskutin\u0117 Henri L\u0153venbruck trilogijos \u201eMoira\u201c dalis. Pirmoji knyga \u2013 \u201eBaltoji vilk\u0117 ir \u017eem\u0117s dukra\u201c, antroji \u2013 \u201eVilk\u0173 karas\u201c. Gaelija merdi. Saloje\" \/>\n<meta property=\"og:url\" content=\"https:\/\/skaitytaknyga.lt\/en\/produktas\/vilkes-naktis\/\" \/>\n<meta property=\"og:site_name\" content=\"Skaitytaknyga\" \/>\n<meta property=\"article:publisher\" content=\"https:\/\/www.facebook.com\/skaitytaknyga\/\" \/>\n<meta property=\"article:modified_time\" content=\"2026-01-14T18:52:42+00:00\" \/>\n<meta property=\"og:image\" content=\"https:\/\/skaitytaknyga.lt\/wp-content\/uploads\/2025\/04\/Vilkes-naktis.webp\" \/>\n\t<meta property=\"og:image:width\" content=\"546\" \/>\n\t<meta property=\"og:image:height\" content=\"800\" \/>\n\t<meta property=\"og:image:type\" content=\"image\/webp\" \/>\n<meta name=\"twitter:card\" content=\"summary_large_image\" \/>\n<meta name=\"twitter:label1\" content=\"Estimated reading time\" \/>\n\t<meta name=\"twitter:data1\" content=\"1 minute\" \/>\n<script type=\"application\/ld+json\" class=\"yoast-schema-graph\">{\"@context\":\"https:\/\/schema.org\",\"@graph\":[{\"@type\":\"WebPage\",\"@id\":\"https:\/\/skaitytaknyga.lt\/produktas\/vilkes-naktis\/\",\"url\":\"https:\/\/skaitytaknyga.lt\/produktas\/vilkes-naktis\/\",\"name\":\"Vilk\u0117s naktis\",\"isPartOf\":{\"@id\":\"https:\/\/skaitytaknyga.lt\/#website\"},\"primaryImageOfPage\":{\"@id\":\"https:\/\/skaitytaknyga.lt\/produktas\/vilkes-naktis\/#primaryimage\"},\"image\":{\"@id\":\"https:\/\/skaitytaknyga.lt\/produktas\/vilkes-naktis\/#primaryimage\"},\"thumbnailUrl\":\"https:\/\/skaitytaknyga.lt\/wp-content\/uploads\/2025\/04\/Vilkes-naktis.webp\",\"datePublished\":\"2025-04-14T07:01:07+00:00\",\"dateModified\":\"2026-01-14T18:52:42+00:00\",\"description\":\"Paskutin\u0117 Henri L\u0153venbruck trilogijos \u201eMoira\u201c dalis. Pirmoji knyga \u2013 \u201eBaltoji vilk\u0117 ir \u017eem\u0117s dukra\u201c, antroji \u2013 \u201eVilk\u0173 karas\u201c. Gaelija merdi. Saloje\",\"breadcrumb\":{\"@id\":\"https:\/\/skaitytaknyga.lt\/produktas\/vilkes-naktis\/#breadcrumb\"},\"inLanguage\":\"en-GB\",\"potentialAction\":[{\"@type\":\"ReadAction\",\"target\":[\"https:\/\/skaitytaknyga.lt\/produktas\/vilkes-naktis\/\"]}]},{\"@type\":\"ImageObject\",\"inLanguage\":\"en-GB\",\"@id\":\"https:\/\/skaitytaknyga.lt\/produktas\/vilkes-naktis\/#primaryimage\",\"url\":\"https:\/\/skaitytaknyga.lt\/wp-content\/uploads\/2025\/04\/Vilkes-naktis.webp\",\"contentUrl\":\"https:\/\/skaitytaknyga.lt\/wp-content\/uploads\/2025\/04\/Vilkes-naktis.webp\",\"width\":546,\"height\":800,\"caption\":\"Vilk\u0117s naktis\"},{\"@type\":\"BreadcrumbList\",\"@id\":\"https:\/\/skaitytaknyga.lt\/produktas\/vilkes-naktis\/#breadcrumb\",\"itemListElement\":[{\"@type\":\"ListItem\",\"position\":1,\"name\":\"Home\",\"item\":\"https:\/\/skaitytaknyga.lt\/\"},{\"@type\":\"ListItem\",\"position\":2,\"name\":\"Parduotuv\u0117\",\"item\":\"https:\/\/skaitytaknyga.lt\/knygu-parduotuve\/\"},{\"@type\":\"ListItem\",\"position\":3,\"name\":\"Vilk\u0117s naktis\"}]},{\"@type\":\"WebSite\",\"@id\":\"https:\/\/skaitytaknyga.lt\/#website\",\"url\":\"https:\/\/skaitytaknyga.lt\/\",\"name\":\"skaitytaknyga.lt\",\"description\":\"Skaitytaknyga.lt \u2013 tai ma\u017eas \u0161eimos verslas, kuris prasid\u0117jo nuo meil\u0117s knygoms ir siekio i\u0161gelb\u0117ti knygas nuo likimo prie konteinerio. Kas vienam nereikalingas daiktas \u2013 kitam lobis, o mes esame tarpininkai, kurie padeda abiems tapti laimingesniems ???? \u017dinome kaip nelengva i\u0161gyventi ma\u017eiems verslams, tad nuo \u0161iol, \u010dia rasite ir kit\u0173, ma\u017e\u0173 \u0161eim\u0173 versl\u0173, rank\u0173 darbo, dovan\u0173 sau ir artimiesiems.\",\"publisher\":{\"@id\":\"https:\/\/skaitytaknyga.lt\/#organization\"},\"potentialAction\":[{\"@type\":\"SearchAction\",\"target\":{\"@type\":\"EntryPoint\",\"urlTemplate\":\"https:\/\/skaitytaknyga.lt\/?s={search_term_string}\"},\"query-input\":{\"@type\":\"PropertyValueSpecification\",\"valueRequired\":true,\"valueName\":\"search_term_string\"}}],\"inLanguage\":\"en-GB\"},{\"@type\":\"Organization\",\"@id\":\"https:\/\/skaitytaknyga.lt\/#organization\",\"name\":\"skaitytaknyga.lt\",\"url\":\"https:\/\/skaitytaknyga.lt\/\",\"logo\":{\"@type\":\"ImageObject\",\"inLanguage\":\"en-GB\",\"@id\":\"https:\/\/skaitytaknyga.lt\/#\/schema\/logo\/image\/\",\"url\":\"https:\/\/skaitytaknyga.lt\/wp-content\/uploads\/2024\/05\/cropped-cropped-cropped-02_00843_jt3bggkj1j3HLc7SyY6rEUpg.jpeg\",\"contentUrl\":\"https:\/\/skaitytaknyga.lt\/wp-content\/uploads\/2024\/05\/cropped-cropped-cropped-02_00843_jt3bggkj1j3HLc7SyY6rEUpg.jpeg\",\"width\":1600,\"height\":1600,\"caption\":\"skaitytaknyga.lt\"},\"image\":{\"@id\":\"https:\/\/skaitytaknyga.lt\/#\/schema\/logo\/image\/\"},\"sameAs\":[\"https:\/\/www.facebook.com\/skaitytaknyga\/\"]}]}<\/script>\n<!-- \/ Yoast SEO plugin. -->","yoast_head_json":{"title":"Vilk\u0117s naktis","description":"Paskutin\u0117 Henri L\u0153venbruck trilogijos \u201eMoira\u201c dalis. Pirmoji knyga \u2013 \u201eBaltoji vilk\u0117 ir \u017eem\u0117s dukra\u201c, antroji \u2013 \u201eVilk\u0173 karas\u201c. Gaelija merdi. Saloje","robots":{"index":"index","follow":"follow","max-snippet":"max-snippet:-1","max-image-preview":"max-image-preview:large","max-video-preview":"max-video-preview:-1"},"canonical":"https:\/\/skaitytaknyga.lt\/en\/produktas\/vilkes-naktis\/","og_locale":"en_GB","og_type":"article","og_title":"[:lt]Vilk\u0117s naktis[:] - Skaitytaknyga","og_description":"Paskutin\u0117 Henri L\u0153venbruck trilogijos \u201eMoira\u201c dalis. Pirmoji knyga \u2013 \u201eBaltoji vilk\u0117 ir \u017eem\u0117s dukra\u201c, antroji \u2013 \u201eVilk\u0173 karas\u201c. Gaelija merdi. Saloje","og_url":"https:\/\/skaitytaknyga.lt\/en\/produktas\/vilkes-naktis\/","og_site_name":"Skaitytaknyga","article_publisher":"https:\/\/www.facebook.com\/skaitytaknyga\/","article_modified_time":"2026-01-14T18:52:42+00:00","og_image":[{"width":546,"height":800,"url":"https:\/\/skaitytaknyga.lt\/wp-content\/uploads\/2025\/04\/Vilkes-naktis.webp","type":"image\/webp"}],"twitter_card":"summary_large_image","twitter_misc":{"Estimated reading time":"1 minute"},"schema":{"@context":"https:\/\/schema.org","@graph":[{"@type":"WebPage","@id":"https:\/\/skaitytaknyga.lt\/produktas\/vilkes-naktis\/","url":"https:\/\/skaitytaknyga.lt\/produktas\/vilkes-naktis\/","name":"Vilk\u0117s naktis","isPartOf":{"@id":"https:\/\/skaitytaknyga.lt\/#website"},"primaryImageOfPage":{"@id":"https:\/\/skaitytaknyga.lt\/produktas\/vilkes-naktis\/#primaryimage"},"image":{"@id":"https:\/\/skaitytaknyga.lt\/produktas\/vilkes-naktis\/#primaryimage"},"thumbnailUrl":"https:\/\/skaitytaknyga.lt\/wp-content\/uploads\/2025\/04\/Vilkes-naktis.webp","datePublished":"2025-04-14T07:01:07+00:00","dateModified":"2026-01-14T18:52:42+00:00","description":"Paskutin\u0117 Henri L\u0153venbruck trilogijos \u201eMoira\u201c dalis. Pirmoji knyga \u2013 \u201eBaltoji vilk\u0117 ir \u017eem\u0117s dukra\u201c, antroji \u2013 \u201eVilk\u0173 karas\u201c. Gaelija merdi. Saloje","breadcrumb":{"@id":"https:\/\/skaitytaknyga.lt\/produktas\/vilkes-naktis\/#breadcrumb"},"inLanguage":"en-GB","potentialAction":[{"@type":"ReadAction","target":["https:\/\/skaitytaknyga.lt\/produktas\/vilkes-naktis\/"]}]},{"@type":"ImageObject","inLanguage":"en-GB","@id":"https:\/\/skaitytaknyga.lt\/produktas\/vilkes-naktis\/#primaryimage","url":"https:\/\/skaitytaknyga.lt\/wp-content\/uploads\/2025\/04\/Vilkes-naktis.webp","contentUrl":"https:\/\/skaitytaknyga.lt\/wp-content\/uploads\/2025\/04\/Vilkes-naktis.webp","width":546,"height":800,"caption":"Vilk\u0117s naktis"},{"@type":"BreadcrumbList","@id":"https:\/\/skaitytaknyga.lt\/produktas\/vilkes-naktis\/#breadcrumb","itemListElement":[{"@type":"ListItem","position":1,"name":"Home","item":"https:\/\/skaitytaknyga.lt\/"},{"@type":"ListItem","position":2,"name":"Parduotuv\u0117","item":"https:\/\/skaitytaknyga.lt\/knygu-parduotuve\/"},{"@type":"ListItem","position":3,"name":"Vilk\u0117s naktis"}]},{"@type":"WebSite","@id":"https:\/\/skaitytaknyga.lt\/#website","url":"https:\/\/skaitytaknyga.lt\/","name":"skaitytaknyga.lt","description":"Skaitytaknyga.lt \u2013 tai ma\u017eas \u0161eimos verslas, kuris prasid\u0117jo nuo meil\u0117s knygoms ir siekio i\u0161gelb\u0117ti knygas nuo likimo prie konteinerio. Kas vienam nereikalingas daiktas \u2013 kitam lobis, o mes esame tarpininkai, kurie padeda abiems tapti laimingesniems ???? \u017dinome kaip nelengva i\u0161gyventi ma\u017eiems verslams, tad nuo \u0161iol, \u010dia rasite ir kit\u0173, ma\u017e\u0173 \u0161eim\u0173 versl\u0173, rank\u0173 darbo, dovan\u0173 sau ir artimiesiems.","publisher":{"@id":"https:\/\/skaitytaknyga.lt\/#organization"},"potentialAction":[{"@type":"SearchAction","target":{"@type":"EntryPoint","urlTemplate":"https:\/\/skaitytaknyga.lt\/?s={search_term_string}"},"query-input":{"@type":"PropertyValueSpecification","valueRequired":true,"valueName":"search_term_string"}}],"inLanguage":"en-GB"},{"@type":"Organization","@id":"https:\/\/skaitytaknyga.lt\/#organization","name":"skaitytaknyga.lt","url":"https:\/\/skaitytaknyga.lt\/","logo":{"@type":"ImageObject","inLanguage":"en-GB","@id":"https:\/\/skaitytaknyga.lt\/#\/schema\/logo\/image\/","url":"https:\/\/skaitytaknyga.lt\/wp-content\/uploads\/2024\/05\/cropped-cropped-cropped-02_00843_jt3bggkj1j3HLc7SyY6rEUpg.jpeg","contentUrl":"https:\/\/skaitytaknyga.lt\/wp-content\/uploads\/2024\/05\/cropped-cropped-cropped-02_00843_jt3bggkj1j3HLc7SyY6rEUpg.jpeg","width":1600,"height":1600,"caption":"skaitytaknyga.lt"},"image":{"@id":"https:\/\/skaitytaknyga.lt\/#\/schema\/logo\/image\/"},"sameAs":["https:\/\/www.facebook.com\/skaitytaknyga\/"]}]}},"_links":{"self":[{"href":"https:\/\/skaitytaknyga.lt\/en\/wp-json\/wp\/v2\/product\/17756","targetHints":{"allow":["GET"]}}],"collection":[{"href":"https:\/\/skaitytaknyga.lt\/en\/wp-json\/wp\/v2\/product"}],"about":[{"href":"https:\/\/skaitytaknyga.lt\/en\/wp-json\/wp\/v2\/types\/product"}],"replies":[{"embeddable":true,"href":"https:\/\/skaitytaknyga.lt\/en\/wp-json\/wp\/v2\/comments?post=17756"}],"wp:featuredmedia":[{"embeddable":true,"href":"https:\/\/skaitytaknyga.lt\/en\/wp-json\/wp\/v2\/media\/17757"}],"wp:attachment":[{"href":"https:\/\/skaitytaknyga.lt\/en\/wp-json\/wp\/v2\/media?parent=17756"}],"wp:term":[{"taxonomy":"product_brand","embeddable":true,"href":"https:\/\/skaitytaknyga.lt\/en\/wp-json\/wp\/v2\/product_brand?post=17756"},{"taxonomy":"product_cat","embeddable":true,"href":"https:\/\/skaitytaknyga.lt\/en\/wp-json\/wp\/v2\/product_cat?post=17756"},{"taxonomy":"product_tag","embeddable":true,"href":"https:\/\/skaitytaknyga.lt\/en\/wp-json\/wp\/v2\/product_tag?post=17756"}],"curies":[{"name":"wp","href":"https:\/\/api.w.org\/{rel}","templated":true}]}}