{"id":17754,"date":"2025-04-14T09:57:28","date_gmt":"2025-04-14T06:57:28","guid":{"rendered":"https:\/\/skaitytaknyga.lt\/?post_type=product&#038;p=17754"},"modified":"2025-06-10T17:25:11","modified_gmt":"2025-06-10T14:25:11","slug":"victoria-hislop-sala","status":"publish","type":"product","link":"https:\/\/skaitytaknyga.lt\/en\/produktas\/victoria-hislop-sala\/","title":{"rendered":"Sala"},"content":{"rendered":"<p><strong>\u201eSala&#8221;<\/strong>\u00a0\u2014 ne\u012ftik\u0117tinas emocinis u\u017etaisas, kvie\u010diantis aplankyti nuostabi\u0105j\u0105 Kret\u0105. O i\u0161 jos ir Spinalonga, kurioje kadaise buvo \u012fkurta raupsuot\u0173j\u0173 kolonija, ranka pasiekiama. Patirkite skausming\u0105 gyvenimo istorij\u0105, pamatykite kerin\u010dio gro\u017eio kra\u0161t\u0105.<\/p>\n<p>Aleksis Filding, i\u0161 Anglijos atvykusi \u012f motinos gimtin\u0119 Kretoje, netik\u0117tai atranda Spinalong\u0105 \u2014 dabar jau nebegyvenam\u0105 sal\u0105, ta\u010diau iki \u0161iol i\u0161saugojusi\u0105 buvusios raupsuot\u0173j\u0173 kolonijos p\u0117dsakus. Aleksis \u010dia sutinka ir netolimos praeities liudininkus, menan\u010dius ne tik Spinalongos pasmerkt\u0173j\u0173 kan\u010dias, bet ir su jomis susijusi\u0105 merginos gimin\u0117s istorij\u0105, taip r\u016bpestingai slepiam\u0105 motinos. K\u0105 i\u0161gyveno Aleksis prosenel\u0117, kai j\u0105, susirgusi\u0105 raupsais, atskirt\u0105 nuo bendruomen\u0117s ir vaik\u0173, \u012f am\u017einojo \u012fkalinimo viet\u0105 valtele plukd\u0117 mylimas vyras? Kaip jaut\u0117si \u012fkandin keliavusi ir viena i\u0161 jos dukter\u0173?.. Iki pat \u0161i\u0173 dien\u0173 Aleksis motina Sofija savo sieloje ne\u0161ioja piktos lemties \u017eym\u0119 \u2014 klaikios savo t\u0117v\u0173 \u0161eimin\u0117s dramos, i\u0161davyst\u0117s ir ker\u0161to palikt\u0105 p\u0117dsak\u0105&#8230; Praeities paslaptys mergin\u0105 u\u017egri\u016bva tokiu asmeninio gyvenimo momentu, kai tenka susim\u0105styti d\u0117l savo ateities. Kaip Aleksis apsisprendim\u0105 nulems netik\u0117tai atsiskleidusi dramati\u0161ka gimin\u0117s patirtis?..<\/p>\n<ul class=\"about-product d-none d-xl-block mt-4\">\n<li><strong>Originalus pavadinimas:<\/strong>\u00a0The Island<\/li>\n<li><strong>Autorius:<\/strong>\u00a0Victoria Hislop<\/li>\n<li><strong>Leid\u0117jas:<\/strong>\u00a0Jotema<\/li>\n<li><strong>Metai:<\/strong>\u00a02021<\/li>\n<li><strong>Puslapiai:<\/strong>\u00a0432<\/li>\n<li class=\"toggleable type-new-formats \"><strong>ISBN:<\/strong>\u00a09786094900198<\/li>\n<li><strong>Versijos kodas:<\/strong>\u00a0PT.<\/li>\n<li class=\"toggleable type-new-formats \"><strong>Formatas:<\/strong>\u00a015 x 22 x 3,5 cm, kieti vir\u0161eliai<\/li>\n<li><strong>Kalba:<\/strong>\u00a0Lietuvi\u0173<\/li>\n<li><strong>Vert\u0117jas:<\/strong>\u00a0Reda \u017dekien\u0117<\/li>\n<\/ul>\n","protected":false},"excerpt":{"rendered":"<p>\u201eSala&#8221;\u00a0\u2014 ne\u012ftik\u0117tinas emocinis u\u017etaisas, kvie\u010diantis aplankyti nuostabi\u0105j\u0105 Kret\u0105. O i\u0161 jos ir Spinalonga, kurioje kadaise buvo \u012fkurta raupsuot\u0173j\u0173 kolonija, ranka pasiekiama. Patirkite skausming\u0105 gyvenimo istorij\u0105, pamatykite kerin\u010dio gro\u017eio kra\u0161t\u0105. Aleksis Filding, i\u0161 Anglijos atvykusi \u012f motinos gimtin\u0119 Kretoje, netik\u0117tai atranda Spinalong\u0105 \u2014 dabar jau nebegyvenam\u0105 sal\u0105, ta\u010diau iki \u0161iol i\u0161saugojusi\u0105 buvusios raupsuot\u0173j\u0173 kolonijos p\u0117dsakus. Aleksis \u010dia sutinka ir netolimos praeities liudininkus, menan\u010dius ne tik Spinalongos pasmerkt\u0173j\u0173 kan\u010dias, bet ir su jomis susijusi\u0105 merginos gimin\u0117s istorij\u0105, taip r\u016bpestingai slepiam\u0105 motinos. K\u0105 i\u0161gyveno Aleksis prosenel\u0117, kai j\u0105, susirgusi\u0105 raupsais, atskirt\u0105 nuo bendruomen\u0117s ir vaik\u0173, \u012f am\u017einojo \u012fkalinimo viet\u0105 valtele plukd\u0117 mylimas vyras? Kaip jaut\u0117si \u012fkandin keliavusi ir viena i\u0161 jos dukter\u0173?.. Iki pat \u0161i\u0173 dien\u0173 Aleksis motina Sofija savo sieloje ne\u0161ioja piktos lemties \u017eym\u0119 \u2014 klaikios savo t\u0117v\u0173 \u0161eimin\u0117s dramos, i\u0161davyst\u0117s ir ker\u0161to palikt\u0105 p\u0117dsak\u0105&#8230; Praeities paslaptys mergin\u0105 u\u017egri\u016bva tokiu asmeninio gyvenimo momentu, kai tenka susim\u0105styti d\u0117l savo ateities. Kaip Aleksis apsisprendim\u0105 nulems netik\u0117tai atsiskleidusi dramati\u0161ka gimin\u0117s patirtis?.. Originalus pavadinimas:\u00a0The Island Autorius:\u00a0Victoria Hislop Leid\u0117jas:\u00a0Jotema Metai:\u00a02021 Puslapiai:\u00a0432 ISBN:\u00a09786094900198 Versijos kodas:\u00a0PT. Formatas:\u00a015 x 22 x 3,5 cm, kieti vir\u0161eliai Kalba:\u00a0Lietuvi\u0173 Vert\u0117jas:\u00a0Reda \u017dekien\u0117<\/p>\n","protected":false},"featured_media":17755,"comment_status":"open","ping_status":"closed","template":"","meta":{"_acf_changed":false,"site-sidebar-layout":"default","site-content-layout":"","ast-site-content-layout":"default","site-content-style":"default","site-sidebar-style":"default","ast-global-header-display":"","ast-banner-title-visibility":"","ast-main-header-display":"","ast-hfb-above-header-display":"","ast-hfb-below-header-display":"","ast-hfb-mobile-header-display":"","site-post-title":"","ast-breadcrumbs-content":"","ast-featured-img":"","footer-sml-layout":"","ast-disable-related-posts":"","theme-transparent-header-meta":"default","adv-header-id-meta":"","stick-header-meta":"","header-above-stick-meta":"","header-main-stick-meta":"","header-below-stick-meta":"","astra-migrate-meta-layouts":"set","ast-page-background-enabled":"default","ast-page-background-meta":{"desktop":{"background-color":"","background-image":"","background-repeat":"repeat","background-position":"center center","background-size":"auto","background-attachment":"scroll","background-type":"","background-media":"","overlay-type":"","overlay-color":"","overlay-opacity":"","overlay-gradient":""},"tablet":{"background-color":"","background-image":"","background-repeat":"repeat","background-position":"center center","background-size":"auto","background-attachment":"scroll","background-type":"","background-media":"","overlay-type":"","overlay-color":"","overlay-opacity":"","overlay-gradient":""},"mobile":{"background-color":"","background-image":"","background-repeat":"repeat","background-position":"center center","background-size":"auto","background-attachment":"scroll","background-type":"","background-media":"","overlay-type":"","overlay-color":"","overlay-opacity":"","overlay-gradient":""}},"ast-content-background-meta":{"desktop":{"background-color":"var(--ast-global-color-4)","background-image":"","background-repeat":"repeat","background-position":"center center","background-size":"auto","background-attachment":"scroll","background-type":"","background-media":"","overlay-type":"","overlay-color":"","overlay-opacity":"","overlay-gradient":""},"tablet":{"background-color":"var(--ast-global-color-4)","background-image":"","background-repeat":"repeat","background-position":"center center","background-size":"auto","background-attachment":"scroll","background-type":"","background-media":"","overlay-type":"","overlay-color":"","overlay-opacity":"","overlay-gradient":""},"mobile":{"background-color":"var(--ast-global-color-4)","background-image":"","background-repeat":"repeat","background-position":"center center","background-size":"auto","background-attachment":"scroll","background-type":"","background-media":"","overlay-type":"","overlay-color":"","overlay-opacity":"","overlay-gradient":""}}},"product_brand":[],"product_cat":[31,15],"product_tag":[3681,2224,3682,1478,1646,3683,3680],"class_list":{"0":"post-17754","1":"product","2":"type-product","3":"status-publish","4":"has-post-thumbnail","6":"product_cat-grozine-literatura","7":"product_cat-uncategorized","8":"product_tag-emocinis","9":"product_tag-istorija","10":"product_tag-kreta","11":"product_tag-paslaptys","12":"product_tag-seima","13":"product_tag-spinalonga","14":"product_tag-victoria-hislop","15":"desktop-align-left","16":"tablet-align-left","17":"mobile-align-left","19":"first","20":"outofstock","21":"shipping-taxable","22":"purchasable","23":"product-type-simple"},"acf":[],"yoast_head":"<!-- This site is optimized with the Yoast SEO plugin v27.0 - https:\/\/yoast.com\/product\/yoast-seo-wordpress\/ -->\n<title>Sala<\/title>\n<meta name=\"description\" content=\"\u201eSala&quot;\u00a0\u2014 ne\u012ftik\u0117tinas emocinis u\u017etaisas, kvie\u010diantis aplankyti nuostabi\u0105j\u0105 Kret\u0105. O i\u0161 jos ir Spinalonga, kurioje kadaise buvo \u012fkurta raupsuot\u0173j\u0173\" \/>\n<meta name=\"robots\" content=\"index, follow, max-snippet:-1, max-image-preview:large, max-video-preview:-1\" \/>\n<link rel=\"canonical\" href=\"https:\/\/skaitytaknyga.lt\/en\/produktas\/victoria-hislop-sala\/\" \/>\n<meta property=\"og:locale\" content=\"en_GB\" \/>\n<meta property=\"og:locale:alternate\" content=\"lt_LT\" \/>\n<meta property=\"og:type\" content=\"article\" \/>\n<meta property=\"og:title\" content=\"Sala\" \/>\n<meta property=\"og:description\" content=\"\u201eSala&quot;\u00a0\u2014 ne\u012ftik\u0117tinas emocinis u\u017etaisas, kvie\u010diantis aplankyti nuostabi\u0105j\u0105 Kret\u0105. O i\u0161 jos ir Spinalonga, kurioje kadaise buvo \u012fkurta raupsuot\u0173j\u0173\" \/>\n<meta property=\"og:url\" content=\"https:\/\/skaitytaknyga.lt\/en\/produktas\/victoria-hislop-sala\/\" \/>\n<meta property=\"og:site_name\" content=\"Skaitytaknyga\" \/>\n<meta property=\"article:publisher\" content=\"https:\/\/www.facebook.com\/skaitytaknyga\/\" \/>\n<meta property=\"article:modified_time\" content=\"2025-06-10T14:25:11+00:00\" \/>\n<meta property=\"og:image\" content=\"https:\/\/skaitytaknyga.lt\/wp-content\/uploads\/2025\/04\/Victoria-Hislop-\u201eSala.webp\" \/>\n\t<meta property=\"og:image:width\" content=\"525\" \/>\n\t<meta property=\"og:image:height\" content=\"800\" \/>\n\t<meta property=\"og:image:type\" content=\"image\/webp\" \/>\n<meta name=\"twitter:card\" content=\"summary_large_image\" \/>\n<meta name=\"twitter:label1\" content=\"Estimated reading time\" \/>\n\t<meta name=\"twitter:data1\" content=\"2 minutes\" \/>\n<script type=\"application\/ld+json\" class=\"yoast-schema-graph\">{\"@context\":\"https:\/\/schema.org\",\"@graph\":[{\"@type\":\"WebPage\",\"@id\":\"https:\/\/skaitytaknyga.lt\/produktas\/victoria-hislop-sala\/\",\"url\":\"https:\/\/skaitytaknyga.lt\/produktas\/victoria-hislop-sala\/\",\"name\":\"Sala\",\"isPartOf\":{\"@id\":\"https:\/\/skaitytaknyga.lt\/#website\"},\"primaryImageOfPage\":{\"@id\":\"https:\/\/skaitytaknyga.lt\/produktas\/victoria-hislop-sala\/#primaryimage\"},\"image\":{\"@id\":\"https:\/\/skaitytaknyga.lt\/produktas\/victoria-hislop-sala\/#primaryimage\"},\"thumbnailUrl\":\"https:\/\/skaitytaknyga.lt\/wp-content\/uploads\/2025\/04\/Victoria-Hislop-\u201eSala.webp\",\"datePublished\":\"2025-04-14T06:57:28+00:00\",\"dateModified\":\"2025-06-10T14:25:11+00:00\",\"description\":\"\u201eSala\\\"\u00a0\u2014 ne\u012ftik\u0117tinas emocinis u\u017etaisas, kvie\u010diantis aplankyti nuostabi\u0105j\u0105 Kret\u0105. O i\u0161 jos ir Spinalonga, kurioje kadaise buvo \u012fkurta raupsuot\u0173j\u0173\",\"breadcrumb\":{\"@id\":\"https:\/\/skaitytaknyga.lt\/produktas\/victoria-hislop-sala\/#breadcrumb\"},\"inLanguage\":\"en-GB\",\"potentialAction\":[{\"@type\":\"ReadAction\",\"target\":[\"https:\/\/skaitytaknyga.lt\/produktas\/victoria-hislop-sala\/\"]}]},{\"@type\":\"ImageObject\",\"inLanguage\":\"en-GB\",\"@id\":\"https:\/\/skaitytaknyga.lt\/produktas\/victoria-hislop-sala\/#primaryimage\",\"url\":\"https:\/\/skaitytaknyga.lt\/wp-content\/uploads\/2025\/04\/Victoria-Hislop-\u201eSala.webp\",\"contentUrl\":\"https:\/\/skaitytaknyga.lt\/wp-content\/uploads\/2025\/04\/Victoria-Hislop-\u201eSala.webp\",\"width\":525,\"height\":800,\"caption\":\"Victoria Hislop \u201eSala\u201c\"},{\"@type\":\"BreadcrumbList\",\"@id\":\"https:\/\/skaitytaknyga.lt\/produktas\/victoria-hislop-sala\/#breadcrumb\",\"itemListElement\":[{\"@type\":\"ListItem\",\"position\":1,\"name\":\"Home\",\"item\":\"https:\/\/skaitytaknyga.lt\/\"},{\"@type\":\"ListItem\",\"position\":2,\"name\":\"Parduotuv\u0117\",\"item\":\"https:\/\/skaitytaknyga.lt\/knygu-parduotuve\/\"},{\"@type\":\"ListItem\",\"position\":3,\"name\":\"Sala\"}]},{\"@type\":\"WebSite\",\"@id\":\"https:\/\/skaitytaknyga.lt\/#website\",\"url\":\"https:\/\/skaitytaknyga.lt\/\",\"name\":\"skaitytaknyga.lt\",\"description\":\"Skaitytaknyga.lt \u2013 tai ma\u017eas \u0161eimos verslas, kuris prasid\u0117jo nuo meil\u0117s knygoms ir siekio i\u0161gelb\u0117ti knygas nuo likimo prie konteinerio. Kas vienam nereikalingas daiktas \u2013 kitam lobis, o mes esame tarpininkai, kurie padeda abiems tapti laimingesniems ???? \u017dinome kaip nelengva i\u0161gyventi ma\u017eiems verslams, tad nuo \u0161iol, \u010dia rasite ir kit\u0173, ma\u017e\u0173 \u0161eim\u0173 versl\u0173, rank\u0173 darbo, dovan\u0173 sau ir artimiesiems.\",\"publisher\":{\"@id\":\"https:\/\/skaitytaknyga.lt\/#organization\"},\"potentialAction\":[{\"@type\":\"SearchAction\",\"target\":{\"@type\":\"EntryPoint\",\"urlTemplate\":\"https:\/\/skaitytaknyga.lt\/?s={search_term_string}\"},\"query-input\":{\"@type\":\"PropertyValueSpecification\",\"valueRequired\":true,\"valueName\":\"search_term_string\"}}],\"inLanguage\":\"en-GB\"},{\"@type\":\"Organization\",\"@id\":\"https:\/\/skaitytaknyga.lt\/#organization\",\"name\":\"skaitytaknyga.lt\",\"url\":\"https:\/\/skaitytaknyga.lt\/\",\"logo\":{\"@type\":\"ImageObject\",\"inLanguage\":\"en-GB\",\"@id\":\"https:\/\/skaitytaknyga.lt\/#\/schema\/logo\/image\/\",\"url\":\"https:\/\/skaitytaknyga.lt\/wp-content\/uploads\/2024\/05\/cropped-cropped-cropped-02_00843_jt3bggkj1j3HLc7SyY6rEUpg.jpeg\",\"contentUrl\":\"https:\/\/skaitytaknyga.lt\/wp-content\/uploads\/2024\/05\/cropped-cropped-cropped-02_00843_jt3bggkj1j3HLc7SyY6rEUpg.jpeg\",\"width\":1600,\"height\":1600,\"caption\":\"skaitytaknyga.lt\"},\"image\":{\"@id\":\"https:\/\/skaitytaknyga.lt\/#\/schema\/logo\/image\/\"},\"sameAs\":[\"https:\/\/www.facebook.com\/skaitytaknyga\/\"]}]}<\/script>\n<!-- \/ Yoast SEO plugin. -->","yoast_head_json":{"title":"Sala","description":"\u201eSala\"\u00a0\u2014 ne\u012ftik\u0117tinas emocinis u\u017etaisas, kvie\u010diantis aplankyti nuostabi\u0105j\u0105 Kret\u0105. O i\u0161 jos ir Spinalonga, kurioje kadaise buvo \u012fkurta raupsuot\u0173j\u0173","robots":{"index":"index","follow":"follow","max-snippet":"max-snippet:-1","max-image-preview":"max-image-preview:large","max-video-preview":"max-video-preview:-1"},"canonical":"https:\/\/skaitytaknyga.lt\/en\/produktas\/victoria-hislop-sala\/","og_locale":"en_GB","og_type":"article","og_title":"[:lt]Sala[:] - Skaitytaknyga","og_description":"\u201eSala\"\u00a0\u2014 ne\u012ftik\u0117tinas emocinis u\u017etaisas, kvie\u010diantis aplankyti nuostabi\u0105j\u0105 Kret\u0105. O i\u0161 jos ir Spinalonga, kurioje kadaise buvo \u012fkurta raupsuot\u0173j\u0173","og_url":"https:\/\/skaitytaknyga.lt\/en\/produktas\/victoria-hislop-sala\/","og_site_name":"Skaitytaknyga","article_publisher":"https:\/\/www.facebook.com\/skaitytaknyga\/","article_modified_time":"2025-06-10T14:25:11+00:00","og_image":[{"width":525,"height":800,"url":"https:\/\/skaitytaknyga.lt\/wp-content\/uploads\/2025\/04\/Victoria-Hislop-\u201eSala.webp","type":"image\/webp"}],"twitter_card":"summary_large_image","twitter_misc":{"Estimated reading time":"2 minutes"},"schema":{"@context":"https:\/\/schema.org","@graph":[{"@type":"WebPage","@id":"https:\/\/skaitytaknyga.lt\/produktas\/victoria-hislop-sala\/","url":"https:\/\/skaitytaknyga.lt\/produktas\/victoria-hislop-sala\/","name":"Sala","isPartOf":{"@id":"https:\/\/skaitytaknyga.lt\/#website"},"primaryImageOfPage":{"@id":"https:\/\/skaitytaknyga.lt\/produktas\/victoria-hislop-sala\/#primaryimage"},"image":{"@id":"https:\/\/skaitytaknyga.lt\/produktas\/victoria-hislop-sala\/#primaryimage"},"thumbnailUrl":"https:\/\/skaitytaknyga.lt\/wp-content\/uploads\/2025\/04\/Victoria-Hislop-\u201eSala.webp","datePublished":"2025-04-14T06:57:28+00:00","dateModified":"2025-06-10T14:25:11+00:00","description":"\u201eSala\"\u00a0\u2014 ne\u012ftik\u0117tinas emocinis u\u017etaisas, kvie\u010diantis aplankyti nuostabi\u0105j\u0105 Kret\u0105. O i\u0161 jos ir Spinalonga, kurioje kadaise buvo \u012fkurta raupsuot\u0173j\u0173","breadcrumb":{"@id":"https:\/\/skaitytaknyga.lt\/produktas\/victoria-hislop-sala\/#breadcrumb"},"inLanguage":"en-GB","potentialAction":[{"@type":"ReadAction","target":["https:\/\/skaitytaknyga.lt\/produktas\/victoria-hislop-sala\/"]}]},{"@type":"ImageObject","inLanguage":"en-GB","@id":"https:\/\/skaitytaknyga.lt\/produktas\/victoria-hislop-sala\/#primaryimage","url":"https:\/\/skaitytaknyga.lt\/wp-content\/uploads\/2025\/04\/Victoria-Hislop-\u201eSala.webp","contentUrl":"https:\/\/skaitytaknyga.lt\/wp-content\/uploads\/2025\/04\/Victoria-Hislop-\u201eSala.webp","width":525,"height":800,"caption":"Victoria Hislop \u201eSala\u201c"},{"@type":"BreadcrumbList","@id":"https:\/\/skaitytaknyga.lt\/produktas\/victoria-hislop-sala\/#breadcrumb","itemListElement":[{"@type":"ListItem","position":1,"name":"Home","item":"https:\/\/skaitytaknyga.lt\/"},{"@type":"ListItem","position":2,"name":"Parduotuv\u0117","item":"https:\/\/skaitytaknyga.lt\/knygu-parduotuve\/"},{"@type":"ListItem","position":3,"name":"Sala"}]},{"@type":"WebSite","@id":"https:\/\/skaitytaknyga.lt\/#website","url":"https:\/\/skaitytaknyga.lt\/","name":"skaitytaknyga.lt","description":"Skaitytaknyga.lt \u2013 tai ma\u017eas \u0161eimos verslas, kuris prasid\u0117jo nuo meil\u0117s knygoms ir siekio i\u0161gelb\u0117ti knygas nuo likimo prie konteinerio. Kas vienam nereikalingas daiktas \u2013 kitam lobis, o mes esame tarpininkai, kurie padeda abiems tapti laimingesniems ???? \u017dinome kaip nelengva i\u0161gyventi ma\u017eiems verslams, tad nuo \u0161iol, \u010dia rasite ir kit\u0173, ma\u017e\u0173 \u0161eim\u0173 versl\u0173, rank\u0173 darbo, dovan\u0173 sau ir artimiesiems.","publisher":{"@id":"https:\/\/skaitytaknyga.lt\/#organization"},"potentialAction":[{"@type":"SearchAction","target":{"@type":"EntryPoint","urlTemplate":"https:\/\/skaitytaknyga.lt\/?s={search_term_string}"},"query-input":{"@type":"PropertyValueSpecification","valueRequired":true,"valueName":"search_term_string"}}],"inLanguage":"en-GB"},{"@type":"Organization","@id":"https:\/\/skaitytaknyga.lt\/#organization","name":"skaitytaknyga.lt","url":"https:\/\/skaitytaknyga.lt\/","logo":{"@type":"ImageObject","inLanguage":"en-GB","@id":"https:\/\/skaitytaknyga.lt\/#\/schema\/logo\/image\/","url":"https:\/\/skaitytaknyga.lt\/wp-content\/uploads\/2024\/05\/cropped-cropped-cropped-02_00843_jt3bggkj1j3HLc7SyY6rEUpg.jpeg","contentUrl":"https:\/\/skaitytaknyga.lt\/wp-content\/uploads\/2024\/05\/cropped-cropped-cropped-02_00843_jt3bggkj1j3HLc7SyY6rEUpg.jpeg","width":1600,"height":1600,"caption":"skaitytaknyga.lt"},"image":{"@id":"https:\/\/skaitytaknyga.lt\/#\/schema\/logo\/image\/"},"sameAs":["https:\/\/www.facebook.com\/skaitytaknyga\/"]}]}},"_links":{"self":[{"href":"https:\/\/skaitytaknyga.lt\/en\/wp-json\/wp\/v2\/product\/17754","targetHints":{"allow":["GET"]}}],"collection":[{"href":"https:\/\/skaitytaknyga.lt\/en\/wp-json\/wp\/v2\/product"}],"about":[{"href":"https:\/\/skaitytaknyga.lt\/en\/wp-json\/wp\/v2\/types\/product"}],"replies":[{"embeddable":true,"href":"https:\/\/skaitytaknyga.lt\/en\/wp-json\/wp\/v2\/comments?post=17754"}],"wp:featuredmedia":[{"embeddable":true,"href":"https:\/\/skaitytaknyga.lt\/en\/wp-json\/wp\/v2\/media\/17755"}],"wp:attachment":[{"href":"https:\/\/skaitytaknyga.lt\/en\/wp-json\/wp\/v2\/media?parent=17754"}],"wp:term":[{"taxonomy":"product_brand","embeddable":true,"href":"https:\/\/skaitytaknyga.lt\/en\/wp-json\/wp\/v2\/product_brand?post=17754"},{"taxonomy":"product_cat","embeddable":true,"href":"https:\/\/skaitytaknyga.lt\/en\/wp-json\/wp\/v2\/product_cat?post=17754"},{"taxonomy":"product_tag","embeddable":true,"href":"https:\/\/skaitytaknyga.lt\/en\/wp-json\/wp\/v2\/product_tag?post=17754"}],"curies":[{"name":"wp","href":"https:\/\/api.w.org\/{rel}","templated":true}]}}