{"id":17751,"date":"2025-04-14T09:55:25","date_gmt":"2025-04-14T06:55:25","guid":{"rendered":"https:\/\/skaitytaknyga.lt\/?post_type=product&#038;p=17751"},"modified":"2025-05-15T15:21:16","modified_gmt":"2025-05-15T12:21:16","slug":"pasaulio-architekturos-lobynas-senove-ir-dabartis","status":"publish","type":"product","link":"https:\/\/skaitytaknyga.lt\/en\/produktas\/pasaulio-architekturos-lobynas-senove-ir-dabartis\/","title":{"rendered":"Pasaulio architekt\u016bros lobynas. Senov\u0117 ir dabartis"},"content":{"rendered":"<p>Luvras ir Egipto piramid\u0117s, Ma\u010du Pik\u010du \u0161ventyklos ir kin\u0173 U\u017edraustasis miestas, Borobuduras ir Petra, Alepas ir Noi\u0161van\u0161teinas &#8211; bet kuriame pasaulio kampelyje aptiksime tikr\u0173 architekt\u016bros \u0161edevr\u0173. \u0160ios knygos tikslas &#8211; surinkti \u012f vien\u0105 viet\u0105 ir ap\u017evelgti visus i\u0161kiliausius pasaulio architekt\u016bros k\u016brinius. Joje surasite ir moderni\u0173 statini\u0173 &#8211; tikr\u0173 architekt\u016bros ir in\u017einerijos stebukl\u0173, ir t\u0173, kurie atlaik\u0117 t\u016bkstantme\u010di\u0173 i\u0161bandymus, \u017eav\u0117dami ir stebindami kart\u0173 kartas. Statiniai knygoje pirmiausia i\u0161d\u0117styti pagal geografinius regionus, o po to &#8211; pagal chronologij\u0105.<\/p>\n<p>D. M. Field yra daugelio knyg\u0173 apie architekt\u016br\u0105 autorius. Tarp \u017eymiausi\u0173 bestseleri\u0173 &#8211; \u201ePasaulio katedros\u201c, \u201eDidingieji r\u016bmai ir pilys\u201c.<\/p>\n<ul class=\"about-product d-none d-xl-block mt-4\">\n<li><strong>Autorius:<\/strong>\u00a0D. M. Field<\/li>\n<li><strong>Leid\u0117jas:<\/strong>\u00a0Akt\u0117ja<\/li>\n<li><strong>Metai:<\/strong>\u00a02000<\/li>\n<li><strong>Puslapiai:<\/strong>\u00a0446<\/li>\n<li class=\"toggleable type-new-formats \"><strong>ISBN:<\/strong>\u00a09789955212027<\/li>\n<li><strong>Versijos kodas:<\/strong>\u00a0PT.<\/li>\n<li class=\"toggleable type-new-formats \"><strong>Formatas:<\/strong>\u00a022 x 17 cm, kieti vir\u0161eliai<\/li>\n<li><strong>Kalba:<\/strong>\u00a0Lietuvi\u0173<\/li>\n<li><strong>Vert\u0117jas:<\/strong>\u00a0Robertas Dun\u010dia, Ingrida Macyt\u0117, Gra\u017evyda Petrikait\u0117<\/li>\n<\/ul>\n","protected":false},"excerpt":{"rendered":"<p>Luvras ir Egipto piramid\u0117s, Ma\u010du Pik\u010du \u0161ventyklos ir kin\u0173 U\u017edraustasis miestas, Borobuduras ir Petra, Alepas ir Noi\u0161van\u0161teinas &#8211; bet kuriame pasaulio kampelyje aptiksime tikr\u0173 architekt\u016bros \u0161edevr\u0173. \u0160ios knygos tikslas &#8211; surinkti \u012f vien\u0105 viet\u0105 ir ap\u017evelgti visus i\u0161kiliausius pasaulio architekt\u016bros k\u016brinius. Joje surasite ir moderni\u0173 statini\u0173 &#8211; tikr\u0173 architekt\u016bros ir in\u017einerijos stebukl\u0173, ir t\u0173, kurie atlaik\u0117 t\u016bkstantme\u010di\u0173 i\u0161bandymus, \u017eav\u0117dami ir stebindami kart\u0173 kartas. Statiniai knygoje pirmiausia i\u0161d\u0117styti pagal geografinius regionus, o po to &#8211; pagal chronologij\u0105. D. M. Field yra daugelio knyg\u0173 apie architekt\u016br\u0105 autorius. Tarp \u017eymiausi\u0173 bestseleri\u0173 &#8211; \u201ePasaulio katedros\u201c, \u201eDidingieji r\u016bmai ir pilys\u201c. Autorius:\u00a0D. M. Field Leid\u0117jas:\u00a0Akt\u0117ja Metai:\u00a02000 Puslapiai:\u00a0446 ISBN:\u00a09789955212027 Versijos kodas:\u00a0PT. Formatas:\u00a022 x 17 cm, kieti vir\u0161eliai Kalba:\u00a0Lietuvi\u0173 Vert\u0117jas:\u00a0Robertas Dun\u010dia, Ingrida Macyt\u0117, Gra\u017evyda Petrikait\u0117<\/p>\n","protected":false},"featured_media":17752,"comment_status":"closed","ping_status":"closed","template":"","meta":{"_acf_changed":false,"site-sidebar-layout":"default","site-content-layout":"","ast-site-content-layout":"default","site-content-style":"default","site-sidebar-style":"default","ast-global-header-display":"","ast-banner-title-visibility":"","ast-main-header-display":"","ast-hfb-above-header-display":"","ast-hfb-below-header-display":"","ast-hfb-mobile-header-display":"","site-post-title":"","ast-breadcrumbs-content":"","ast-featured-img":"","footer-sml-layout":"","ast-disable-related-posts":"","theme-transparent-header-meta":"default","adv-header-id-meta":"","stick-header-meta":"","header-above-stick-meta":"","header-main-stick-meta":"","header-below-stick-meta":"","astra-migrate-meta-layouts":"set","ast-page-background-enabled":"default","ast-page-background-meta":{"desktop":{"background-color":"","background-image":"","background-repeat":"repeat","background-position":"center center","background-size":"auto","background-attachment":"scroll","background-type":"","background-media":"","overlay-type":"","overlay-color":"","overlay-opacity":"","overlay-gradient":""},"tablet":{"background-color":"","background-image":"","background-repeat":"repeat","background-position":"center center","background-size":"auto","background-attachment":"scroll","background-type":"","background-media":"","overlay-type":"","overlay-color":"","overlay-opacity":"","overlay-gradient":""},"mobile":{"background-color":"","background-image":"","background-repeat":"repeat","background-position":"center center","background-size":"auto","background-attachment":"scroll","background-type":"","background-media":"","overlay-type":"","overlay-color":"","overlay-opacity":"","overlay-gradient":""}},"ast-content-background-meta":{"desktop":{"background-color":"var(--ast-global-color-4)","background-image":"","background-repeat":"repeat","background-position":"center center","background-size":"auto","background-attachment":"scroll","background-type":"","background-media":"","overlay-type":"","overlay-color":"","overlay-opacity":"","overlay-gradient":""},"tablet":{"background-color":"var(--ast-global-color-4)","background-image":"","background-repeat":"repeat","background-position":"center center","background-size":"auto","background-attachment":"scroll","background-type":"","background-media":"","overlay-type":"","overlay-color":"","overlay-opacity":"","overlay-gradient":""},"mobile":{"background-color":"var(--ast-global-color-4)","background-image":"","background-repeat":"repeat","background-position":"center center","background-size":"auto","background-attachment":"scroll","background-type":"","background-media":"","overlay-type":"","overlay-color":"","overlay-opacity":"","overlay-gradient":""}}},"product_brand":[],"product_cat":[57],"product_tag":[3410,3674,3678,3675,3677,3679,3676],"class_list":{"0":"post-17751","1":"product","2":"type-product","3":"status-publish","4":"has-post-thumbnail","6":"product_cat-menas-ir-albumai","7":"product_tag-architektura","8":"product_tag-d-m-field","9":"product_tag-luvras","10":"product_tag-pasaulis","11":"product_tag-piramides","12":"product_tag-sedevrai","13":"product_tag-statiniai","14":"desktop-align-left","15":"tablet-align-left","16":"mobile-align-left","18":"first","19":"instock","20":"shipping-taxable","21":"purchasable","22":"product-type-simple"},"acf":[],"yoast_head":"<!-- This site is optimized with the Yoast SEO plugin v27.4 - https:\/\/yoast.com\/product\/yoast-seo-wordpress\/ -->\n<title>Pasaulio architekt\u016bros lobynas. Senov\u0117 ir dabartis<\/title>\n<meta name=\"description\" content=\"Luvras ir Egipto piramid\u0117s, Ma\u010du Pik\u010du \u0161ventyklos ir kin\u0173 U\u017edraustasis miestas, Borobuduras ir Petra, Alepas ir Noi\u0161van\u0161teinas - bet kuriame pasaulio\" \/>\n<meta name=\"robots\" content=\"index, follow, max-snippet:-1, max-image-preview:large, max-video-preview:-1\" \/>\n<link rel=\"canonical\" href=\"https:\/\/skaitytaknyga.lt\/en\/produktas\/pasaulio-architekturos-lobynas-senove-ir-dabartis\/\" \/>\n<meta property=\"og:locale\" content=\"en_GB\" \/>\n<meta property=\"og:locale:alternate\" content=\"lt_LT\" \/>\n<meta property=\"og:type\" content=\"article\" \/>\n<meta property=\"og:title\" content=\"Pasaulio architekt\u016bros lobynas. Senov\u0117 ir dabartis\" \/>\n<meta property=\"og:description\" content=\"Luvras ir Egipto piramid\u0117s, Ma\u010du Pik\u010du \u0161ventyklos ir kin\u0173 U\u017edraustasis miestas, Borobuduras ir Petra, Alepas ir Noi\u0161van\u0161teinas - bet kuriame pasaulio\" \/>\n<meta property=\"og:url\" content=\"https:\/\/skaitytaknyga.lt\/en\/produktas\/pasaulio-architekturos-lobynas-senove-ir-dabartis\/\" \/>\n<meta property=\"og:site_name\" content=\"Skaitytaknyga\" \/>\n<meta property=\"article:publisher\" content=\"https:\/\/www.facebook.com\/skaitytaknyga\/\" \/>\n<meta property=\"article:modified_time\" content=\"2025-05-15T12:21:16+00:00\" \/>\n<meta property=\"og:image\" content=\"https:\/\/skaitytaknyga.lt\/wp-content\/uploads\/2025\/04\/Pasaulio-architekturos-lobynas.-Senove-ir-dabartis.webp\" \/>\n\t<meta property=\"og:image:width\" content=\"990\" \/>\n\t<meta property=\"og:image:height\" content=\"800\" \/>\n\t<meta property=\"og:image:type\" content=\"image\/webp\" \/>\n<meta name=\"twitter:card\" content=\"summary_large_image\" \/>\n<meta name=\"twitter:label1\" content=\"Estimated reading time\" \/>\n\t<meta name=\"twitter:data1\" content=\"1 minute\" \/>\n<script type=\"application\/ld+json\" class=\"yoast-schema-graph\">{\"@context\":\"https:\\\/\\\/schema.org\",\"@graph\":[{\"@type\":\"WebPage\",\"@id\":\"https:\\\/\\\/skaitytaknyga.lt\\\/produktas\\\/pasaulio-architekturos-lobynas-senove-ir-dabartis\\\/\",\"url\":\"https:\\\/\\\/skaitytaknyga.lt\\\/produktas\\\/pasaulio-architekturos-lobynas-senove-ir-dabartis\\\/\",\"name\":\"Pasaulio architekt\u016bros lobynas. Senov\u0117 ir dabartis\",\"isPartOf\":{\"@id\":\"https:\\\/\\\/skaitytaknyga.lt\\\/#website\"},\"primaryImageOfPage\":{\"@id\":\"https:\\\/\\\/skaitytaknyga.lt\\\/produktas\\\/pasaulio-architekturos-lobynas-senove-ir-dabartis\\\/#primaryimage\"},\"image\":{\"@id\":\"https:\\\/\\\/skaitytaknyga.lt\\\/produktas\\\/pasaulio-architekturos-lobynas-senove-ir-dabartis\\\/#primaryimage\"},\"thumbnailUrl\":\"https:\\\/\\\/skaitytaknyga.lt\\\/wp-content\\\/uploads\\\/2025\\\/04\\\/Pasaulio-architekturos-lobynas.-Senove-ir-dabartis.webp\",\"datePublished\":\"2025-04-14T06:55:25+00:00\",\"dateModified\":\"2025-05-15T12:21:16+00:00\",\"description\":\"Luvras ir Egipto piramid\u0117s, Ma\u010du Pik\u010du \u0161ventyklos ir kin\u0173 U\u017edraustasis miestas, Borobuduras ir Petra, Alepas ir Noi\u0161van\u0161teinas - bet kuriame pasaulio\",\"breadcrumb\":{\"@id\":\"https:\\\/\\\/skaitytaknyga.lt\\\/produktas\\\/pasaulio-architekturos-lobynas-senove-ir-dabartis\\\/#breadcrumb\"},\"inLanguage\":\"en-GB\",\"potentialAction\":[{\"@type\":\"ReadAction\",\"target\":[\"https:\\\/\\\/skaitytaknyga.lt\\\/produktas\\\/pasaulio-architekturos-lobynas-senove-ir-dabartis\\\/\"]}]},{\"@type\":\"ImageObject\",\"inLanguage\":\"en-GB\",\"@id\":\"https:\\\/\\\/skaitytaknyga.lt\\\/produktas\\\/pasaulio-architekturos-lobynas-senove-ir-dabartis\\\/#primaryimage\",\"url\":\"https:\\\/\\\/skaitytaknyga.lt\\\/wp-content\\\/uploads\\\/2025\\\/04\\\/Pasaulio-architekturos-lobynas.-Senove-ir-dabartis.webp\",\"contentUrl\":\"https:\\\/\\\/skaitytaknyga.lt\\\/wp-content\\\/uploads\\\/2025\\\/04\\\/Pasaulio-architekturos-lobynas.-Senove-ir-dabartis.webp\",\"width\":990,\"height\":800,\"caption\":\"Pasaulio architekt\u016bros lobynas. Senov\u0117 ir dabartis\"},{\"@type\":\"BreadcrumbList\",\"@id\":\"https:\\\/\\\/skaitytaknyga.lt\\\/produktas\\\/pasaulio-architekturos-lobynas-senove-ir-dabartis\\\/#breadcrumb\",\"itemListElement\":[{\"@type\":\"ListItem\",\"position\":1,\"name\":\"Home\",\"item\":\"https:\\\/\\\/skaitytaknyga.lt\\\/\"},{\"@type\":\"ListItem\",\"position\":2,\"name\":\"Parduotuv\u0117\",\"item\":\"https:\\\/\\\/skaitytaknyga.lt\\\/knygu-parduotuve\\\/\"},{\"@type\":\"ListItem\",\"position\":3,\"name\":\"Pasaulio architekt\u016bros lobynas. Senov\u0117 ir dabartis\"}]},{\"@type\":\"WebSite\",\"@id\":\"https:\\\/\\\/skaitytaknyga.lt\\\/#website\",\"url\":\"https:\\\/\\\/skaitytaknyga.lt\\\/\",\"name\":\"skaitytaknyga.lt\",\"description\":\"Skaitytaknyga.lt \u2013 tai ma\u017eas \u0161eimos verslas, kuris prasid\u0117jo nuo meil\u0117s knygoms ir siekio i\u0161gelb\u0117ti knygas nuo likimo prie konteinerio. Kas vienam nereikalingas daiktas \u2013 kitam lobis, o mes esame tarpininkai, kurie padeda abiems tapti laimingesniems ???? \u017dinome kaip nelengva i\u0161gyventi ma\u017eiems verslams, tad nuo \u0161iol, \u010dia rasite ir kit\u0173, ma\u017e\u0173 \u0161eim\u0173 versl\u0173, rank\u0173 darbo, dovan\u0173 sau ir artimiesiems.\",\"publisher\":{\"@id\":\"https:\\\/\\\/skaitytaknyga.lt\\\/#organization\"},\"potentialAction\":[{\"@type\":\"SearchAction\",\"target\":{\"@type\":\"EntryPoint\",\"urlTemplate\":\"https:\\\/\\\/skaitytaknyga.lt\\\/?s={search_term_string}\"},\"query-input\":{\"@type\":\"PropertyValueSpecification\",\"valueRequired\":true,\"valueName\":\"search_term_string\"}}],\"inLanguage\":\"en-GB\"},{\"@type\":\"Organization\",\"@id\":\"https:\\\/\\\/skaitytaknyga.lt\\\/#organization\",\"name\":\"skaitytaknyga.lt\",\"url\":\"https:\\\/\\\/skaitytaknyga.lt\\\/\",\"logo\":{\"@type\":\"ImageObject\",\"inLanguage\":\"en-GB\",\"@id\":\"https:\\\/\\\/skaitytaknyga.lt\\\/#\\\/schema\\\/logo\\\/image\\\/\",\"url\":\"https:\\\/\\\/skaitytaknyga.lt\\\/wp-content\\\/uploads\\\/2024\\\/05\\\/cropped-cropped-cropped-02_00843_jt3bggkj1j3HLc7SyY6rEUpg.jpeg\",\"contentUrl\":\"https:\\\/\\\/skaitytaknyga.lt\\\/wp-content\\\/uploads\\\/2024\\\/05\\\/cropped-cropped-cropped-02_00843_jt3bggkj1j3HLc7SyY6rEUpg.jpeg\",\"width\":1600,\"height\":1600,\"caption\":\"skaitytaknyga.lt\"},\"image\":{\"@id\":\"https:\\\/\\\/skaitytaknyga.lt\\\/#\\\/schema\\\/logo\\\/image\\\/\"},\"sameAs\":[\"https:\\\/\\\/www.facebook.com\\\/skaitytaknyga\\\/\"]}]}<\/script>\n<!-- \/ Yoast SEO plugin. -->","yoast_head_json":{"title":"Pasaulio architekt\u016bros lobynas. Senov\u0117 ir dabartis","description":"Luvras ir Egipto piramid\u0117s, Ma\u010du Pik\u010du \u0161ventyklos ir kin\u0173 U\u017edraustasis miestas, Borobuduras ir Petra, Alepas ir Noi\u0161van\u0161teinas - bet kuriame pasaulio","robots":{"index":"index","follow":"follow","max-snippet":"max-snippet:-1","max-image-preview":"max-image-preview:large","max-video-preview":"max-video-preview:-1"},"canonical":"https:\/\/skaitytaknyga.lt\/en\/produktas\/pasaulio-architekturos-lobynas-senove-ir-dabartis\/","og_locale":"en_GB","og_type":"article","og_title":"[:lt]Pasaulio architekt\u016bros lobynas. Senov\u0117 ir dabartis[:] - Skaitytaknyga","og_description":"Luvras ir Egipto piramid\u0117s, Ma\u010du Pik\u010du \u0161ventyklos ir kin\u0173 U\u017edraustasis miestas, Borobuduras ir Petra, Alepas ir Noi\u0161van\u0161teinas - bet kuriame pasaulio","og_url":"https:\/\/skaitytaknyga.lt\/en\/produktas\/pasaulio-architekturos-lobynas-senove-ir-dabartis\/","og_site_name":"Skaitytaknyga","article_publisher":"https:\/\/www.facebook.com\/skaitytaknyga\/","article_modified_time":"2025-05-15T12:21:16+00:00","og_image":[{"width":990,"height":800,"url":"https:\/\/skaitytaknyga.lt\/wp-content\/uploads\/2025\/04\/Pasaulio-architekturos-lobynas.-Senove-ir-dabartis.webp","type":"image\/webp"}],"twitter_card":"summary_large_image","twitter_misc":{"Estimated reading time":"1 minute"},"schema":{"@context":"https:\/\/schema.org","@graph":[{"@type":"WebPage","@id":"https:\/\/skaitytaknyga.lt\/produktas\/pasaulio-architekturos-lobynas-senove-ir-dabartis\/","url":"https:\/\/skaitytaknyga.lt\/produktas\/pasaulio-architekturos-lobynas-senove-ir-dabartis\/","name":"Pasaulio architekt\u016bros lobynas. Senov\u0117 ir dabartis","isPartOf":{"@id":"https:\/\/skaitytaknyga.lt\/#website"},"primaryImageOfPage":{"@id":"https:\/\/skaitytaknyga.lt\/produktas\/pasaulio-architekturos-lobynas-senove-ir-dabartis\/#primaryimage"},"image":{"@id":"https:\/\/skaitytaknyga.lt\/produktas\/pasaulio-architekturos-lobynas-senove-ir-dabartis\/#primaryimage"},"thumbnailUrl":"https:\/\/skaitytaknyga.lt\/wp-content\/uploads\/2025\/04\/Pasaulio-architekturos-lobynas.-Senove-ir-dabartis.webp","datePublished":"2025-04-14T06:55:25+00:00","dateModified":"2025-05-15T12:21:16+00:00","description":"Luvras ir Egipto piramid\u0117s, Ma\u010du Pik\u010du \u0161ventyklos ir kin\u0173 U\u017edraustasis miestas, Borobuduras ir Petra, Alepas ir Noi\u0161van\u0161teinas - bet kuriame pasaulio","breadcrumb":{"@id":"https:\/\/skaitytaknyga.lt\/produktas\/pasaulio-architekturos-lobynas-senove-ir-dabartis\/#breadcrumb"},"inLanguage":"en-GB","potentialAction":[{"@type":"ReadAction","target":["https:\/\/skaitytaknyga.lt\/produktas\/pasaulio-architekturos-lobynas-senove-ir-dabartis\/"]}]},{"@type":"ImageObject","inLanguage":"en-GB","@id":"https:\/\/skaitytaknyga.lt\/produktas\/pasaulio-architekturos-lobynas-senove-ir-dabartis\/#primaryimage","url":"https:\/\/skaitytaknyga.lt\/wp-content\/uploads\/2025\/04\/Pasaulio-architekturos-lobynas.-Senove-ir-dabartis.webp","contentUrl":"https:\/\/skaitytaknyga.lt\/wp-content\/uploads\/2025\/04\/Pasaulio-architekturos-lobynas.-Senove-ir-dabartis.webp","width":990,"height":800,"caption":"Pasaulio architekt\u016bros lobynas. Senov\u0117 ir dabartis"},{"@type":"BreadcrumbList","@id":"https:\/\/skaitytaknyga.lt\/produktas\/pasaulio-architekturos-lobynas-senove-ir-dabartis\/#breadcrumb","itemListElement":[{"@type":"ListItem","position":1,"name":"Home","item":"https:\/\/skaitytaknyga.lt\/"},{"@type":"ListItem","position":2,"name":"Parduotuv\u0117","item":"https:\/\/skaitytaknyga.lt\/knygu-parduotuve\/"},{"@type":"ListItem","position":3,"name":"Pasaulio architekt\u016bros lobynas. Senov\u0117 ir dabartis"}]},{"@type":"WebSite","@id":"https:\/\/skaitytaknyga.lt\/#website","url":"https:\/\/skaitytaknyga.lt\/","name":"skaitytaknyga.lt","description":"Skaitytaknyga.lt \u2013 tai ma\u017eas \u0161eimos verslas, kuris prasid\u0117jo nuo meil\u0117s knygoms ir siekio i\u0161gelb\u0117ti knygas nuo likimo prie konteinerio. Kas vienam nereikalingas daiktas \u2013 kitam lobis, o mes esame tarpininkai, kurie padeda abiems tapti laimingesniems ???? \u017dinome kaip nelengva i\u0161gyventi ma\u017eiems verslams, tad nuo \u0161iol, \u010dia rasite ir kit\u0173, ma\u017e\u0173 \u0161eim\u0173 versl\u0173, rank\u0173 darbo, dovan\u0173 sau ir artimiesiems.","publisher":{"@id":"https:\/\/skaitytaknyga.lt\/#organization"},"potentialAction":[{"@type":"SearchAction","target":{"@type":"EntryPoint","urlTemplate":"https:\/\/skaitytaknyga.lt\/?s={search_term_string}"},"query-input":{"@type":"PropertyValueSpecification","valueRequired":true,"valueName":"search_term_string"}}],"inLanguage":"en-GB"},{"@type":"Organization","@id":"https:\/\/skaitytaknyga.lt\/#organization","name":"skaitytaknyga.lt","url":"https:\/\/skaitytaknyga.lt\/","logo":{"@type":"ImageObject","inLanguage":"en-GB","@id":"https:\/\/skaitytaknyga.lt\/#\/schema\/logo\/image\/","url":"https:\/\/skaitytaknyga.lt\/wp-content\/uploads\/2024\/05\/cropped-cropped-cropped-02_00843_jt3bggkj1j3HLc7SyY6rEUpg.jpeg","contentUrl":"https:\/\/skaitytaknyga.lt\/wp-content\/uploads\/2024\/05\/cropped-cropped-cropped-02_00843_jt3bggkj1j3HLc7SyY6rEUpg.jpeg","width":1600,"height":1600,"caption":"skaitytaknyga.lt"},"image":{"@id":"https:\/\/skaitytaknyga.lt\/#\/schema\/logo\/image\/"},"sameAs":["https:\/\/www.facebook.com\/skaitytaknyga\/"]}]}},"_links":{"self":[{"href":"https:\/\/skaitytaknyga.lt\/en\/wp-json\/wp\/v2\/product\/17751","targetHints":{"allow":["GET"]}}],"collection":[{"href":"https:\/\/skaitytaknyga.lt\/en\/wp-json\/wp\/v2\/product"}],"about":[{"href":"https:\/\/skaitytaknyga.lt\/en\/wp-json\/wp\/v2\/types\/product"}],"replies":[{"embeddable":true,"href":"https:\/\/skaitytaknyga.lt\/en\/wp-json\/wp\/v2\/comments?post=17751"}],"wp:featuredmedia":[{"embeddable":true,"href":"https:\/\/skaitytaknyga.lt\/en\/wp-json\/wp\/v2\/media\/17752"}],"wp:attachment":[{"href":"https:\/\/skaitytaknyga.lt\/en\/wp-json\/wp\/v2\/media?parent=17751"}],"wp:term":[{"taxonomy":"product_brand","embeddable":true,"href":"https:\/\/skaitytaknyga.lt\/en\/wp-json\/wp\/v2\/product_brand?post=17751"},{"taxonomy":"product_cat","embeddable":true,"href":"https:\/\/skaitytaknyga.lt\/en\/wp-json\/wp\/v2\/product_cat?post=17751"},{"taxonomy":"product_tag","embeddable":true,"href":"https:\/\/skaitytaknyga.lt\/en\/wp-json\/wp\/v2\/product_tag?post=17751"}],"curies":[{"name":"wp","href":"https:\/\/api.w.org\/{rel}","templated":true}]}}