{"id":17747,"date":"2025-01-14T09:45:38","date_gmt":"2025-01-14T07:45:38","guid":{"rendered":"https:\/\/skaitytaknyga.lt\/?post_type=product&#038;p=17747"},"modified":"2025-04-14T09:46:42","modified_gmt":"2025-04-14T06:46:42","slug":"isminties-zodis-ii-tomas","status":"publish","type":"product","link":"https:\/\/skaitytaknyga.lt\/en\/produktas\/isminties-zodis-ii-tomas\/","title":{"rendered":"I\u0161minties \u017eodis. II tomas"},"content":{"rendered":"<p><strong>Tatjana Miku\u0161ina<\/strong>\u00a0nuo 2004 met\u0173 dirba Pasiuntiniu vadovaujama Pakyl\u0117t\u0173j\u0173 Valdov\u0173, arba I\u0161minties Valdov\u0173.<\/p>\n<p>Tritomyje surinkti Lai\u0161kai, kuriuos Pakyl\u0117tieji Valdovai per savo Pasiuntin\u012f Tatjan\u0105 Nikolajevn\u0105 Miku\u0161in\u0105 dav\u0117 2005\u20132014 metais.<\/p>\n<p>Antrajame tome yra Lai\u0161kai, perduoti nuo\u00a02006 m. bir\u017eelio 5 d. iki 2009 m. liepos 10 d.<\/p>\n<p>Savo Lai\u0161kuose Valdovai duoda rekomendacijas dabartinei konkre\u010diai situacijai Rusijoje ir pasaulyje \u2013 rekomendacijas, kaip oras b\u016btinas dabar gyvenan\u010diai kartai. Be to, Lai\u0161kuose duotos visi\u0161kai unikalios \u017einios apie karm\u0105 (prie\u017eas\u010di\u0173 ir pasekmi\u0173 D\u0117sn\u012f), \u012e\u0161ventinim\u0173 Keli\u0105, apie naujojo etapo, ant kurio slenks\u010dio \u017emonija \u0161iandien\u0105 stovi, ypatumus.<\/p>\n<ul class=\"about-product d-none d-xl-block mt-4\">\n<li><strong>Autorius:<\/strong>\u00a0Tatjana Miku\u0161ina<\/li>\n<li><strong>Leid\u0117jas:<\/strong>\u00a0Mijalba<\/li>\n<li><strong>Metai:<\/strong>\u00a02015<\/li>\n<li><strong>Puslapiai:<\/strong>\u00a0560<\/li>\n<li class=\"toggleable type-new-formats \"><strong>ISBN:<\/strong>\u00a09786094690129<\/li>\n<li><strong>Versijos kodas:<\/strong>\u00a0PT.<\/li>\n<li class=\"toggleable type-new-formats \"><strong>Formatas:<\/strong>\u00a015 x 21,5 cm, kieti vir\u0161eliai<\/li>\n<li><strong>Kalba:<\/strong>\u00a0Lietuvi\u0173<\/li>\n<li><strong>Vert\u0117jas:<\/strong>\u00a0Audrius Kazakauskas<\/li>\n<\/ul>\n","protected":false},"excerpt":{"rendered":"<p>Tatjana Miku\u0161ina\u00a0nuo 2004 met\u0173 dirba Pasiuntiniu vadovaujama Pakyl\u0117t\u0173j\u0173 Valdov\u0173, arba I\u0161minties Valdov\u0173. Tritomyje surinkti Lai\u0161kai, kuriuos Pakyl\u0117tieji Valdovai per savo Pasiuntin\u012f Tatjan\u0105 Nikolajevn\u0105 Miku\u0161in\u0105 dav\u0117 2005\u20132014 metais. Antrajame tome yra Lai\u0161kai, perduoti nuo\u00a02006 m. bir\u017eelio 5 d. iki 2009 m. liepos 10 d. Savo Lai\u0161kuose Valdovai duoda rekomendacijas dabartinei konkre\u010diai situacijai Rusijoje ir pasaulyje \u2013 rekomendacijas, kaip oras b\u016btinas dabar gyvenan\u010diai kartai. Be to, Lai\u0161kuose duotos visi\u0161kai unikalios \u017einios apie karm\u0105 (prie\u017eas\u010di\u0173 ir pasekmi\u0173 D\u0117sn\u012f), \u012e\u0161ventinim\u0173 Keli\u0105, apie naujojo etapo, ant kurio slenks\u010dio \u017emonija \u0161iandien\u0105 stovi, ypatumus. Autorius:\u00a0Tatjana Miku\u0161ina Leid\u0117jas:\u00a0Mijalba Metai:\u00a02015 Puslapiai:\u00a0560 ISBN:\u00a09786094690129 Versijos kodas:\u00a0PT. Formatas:\u00a015 x 21,5 cm, kieti vir\u0161eliai Kalba:\u00a0Lietuvi\u0173 Vert\u0117jas:\u00a0Audrius Kazakauskas<\/p>\n","protected":false},"featured_media":17748,"comment_status":"open","ping_status":"closed","template":"","meta":{"_acf_changed":false,"site-sidebar-layout":"default","site-content-layout":"","ast-site-content-layout":"default","site-content-style":"default","site-sidebar-style":"default","ast-global-header-display":"","ast-banner-title-visibility":"","ast-main-header-display":"","ast-hfb-above-header-display":"","ast-hfb-below-header-display":"","ast-hfb-mobile-header-display":"","site-post-title":"","ast-breadcrumbs-content":"","ast-featured-img":"","footer-sml-layout":"","ast-disable-related-posts":"","theme-transparent-header-meta":"default","adv-header-id-meta":"","stick-header-meta":"","header-above-stick-meta":"","header-main-stick-meta":"","header-below-stick-meta":"","astra-migrate-meta-layouts":"set","ast-page-background-enabled":"default","ast-page-background-meta":{"desktop":{"background-color":"","background-image":"","background-repeat":"repeat","background-position":"center center","background-size":"auto","background-attachment":"scroll","background-type":"","background-media":"","overlay-type":"","overlay-color":"","overlay-opacity":"","overlay-gradient":""},"tablet":{"background-color":"","background-image":"","background-repeat":"repeat","background-position":"center center","background-size":"auto","background-attachment":"scroll","background-type":"","background-media":"","overlay-type":"","overlay-color":"","overlay-opacity":"","overlay-gradient":""},"mobile":{"background-color":"","background-image":"","background-repeat":"repeat","background-position":"center center","background-size":"auto","background-attachment":"scroll","background-type":"","background-media":"","overlay-type":"","overlay-color":"","overlay-opacity":"","overlay-gradient":""}},"ast-content-background-meta":{"desktop":{"background-color":"var(--ast-global-color-4)","background-image":"","background-repeat":"repeat","background-position":"center center","background-size":"auto","background-attachment":"scroll","background-type":"","background-media":"","overlay-type":"","overlay-color":"","overlay-opacity":"","overlay-gradient":""},"tablet":{"background-color":"var(--ast-global-color-4)","background-image":"","background-repeat":"repeat","background-position":"center center","background-size":"auto","background-attachment":"scroll","background-type":"","background-media":"","overlay-type":"","overlay-color":"","overlay-opacity":"","overlay-gradient":""},"mobile":{"background-color":"var(--ast-global-color-4)","background-image":"","background-repeat":"repeat","background-position":"center center","background-size":"auto","background-attachment":"scroll","background-type":"","background-media":"","overlay-type":"","overlay-color":"","overlay-opacity":"","overlay-gradient":""}}},"product_brand":[],"product_cat":[15,165],"product_tag":[],"class_list":{"0":"post-17747","1":"product","2":"type-product","3":"status-publish","4":"has-post-thumbnail","6":"product_cat-uncategorized","7":"product_cat-religija-filosofija-ir-ezoterika","8":"desktop-align-left","9":"tablet-align-left","10":"mobile-align-left","12":"first","13":"instock","14":"shipping-taxable","15":"purchasable","16":"product-type-simple"},"acf":[],"yoast_head":"<!-- This site is optimized with the Yoast SEO plugin v27.0 - https:\/\/yoast.com\/product\/yoast-seo-wordpress\/ -->\n<title>I\u0161minties \u017eodis. II tomas<\/title>\n<meta name=\"description\" content=\"Tatjana Miku\u0161ina\u00a0nuo 2004 met\u0173 dirba Pasiuntiniu vadovaujama Pakyl\u0117t\u0173j\u0173 Valdov\u0173, arba I\u0161minties Valdov\u0173. Tritomyje surinkti Lai\u0161kai, kuriuos Pakyl\u0117tieji\" \/>\n<meta name=\"robots\" content=\"index, follow, max-snippet:-1, max-image-preview:large, max-video-preview:-1\" \/>\n<link rel=\"canonical\" href=\"https:\/\/skaitytaknyga.lt\/en\/produktas\/isminties-zodis-ii-tomas\/\" \/>\n<meta property=\"og:locale\" content=\"en_GB\" \/>\n<meta property=\"og:locale:alternate\" content=\"lt_LT\" \/>\n<meta property=\"og:type\" content=\"article\" \/>\n<meta property=\"og:title\" content=\"I\u0161minties \u017eodis. II tomas\" \/>\n<meta property=\"og:description\" content=\"Tatjana Miku\u0161ina\u00a0nuo 2004 met\u0173 dirba Pasiuntiniu vadovaujama Pakyl\u0117t\u0173j\u0173 Valdov\u0173, arba I\u0161minties Valdov\u0173. Tritomyje surinkti Lai\u0161kai, kuriuos Pakyl\u0117tieji\" \/>\n<meta property=\"og:url\" content=\"https:\/\/skaitytaknyga.lt\/en\/produktas\/isminties-zodis-ii-tomas\/\" \/>\n<meta property=\"og:site_name\" content=\"Skaitytaknyga\" \/>\n<meta property=\"article:publisher\" content=\"https:\/\/www.facebook.com\/skaitytaknyga\/\" \/>\n<meta property=\"article:modified_time\" content=\"2025-04-14T06:46:42+00:00\" \/>\n<meta property=\"og:image\" content=\"https:\/\/skaitytaknyga.lt\/wp-content\/uploads\/2025\/04\/Isminties-zodis.-II-tomas-e1744613176584.jpg\" \/>\n\t<meta property=\"og:image:width\" content=\"364\" \/>\n\t<meta property=\"og:image:height\" content=\"495\" \/>\n\t<meta property=\"og:image:type\" content=\"image\/jpeg\" \/>\n<meta name=\"twitter:card\" content=\"summary_large_image\" \/>\n<meta name=\"twitter:label1\" content=\"Estimated reading time\" \/>\n\t<meta name=\"twitter:data1\" content=\"1 minute\" \/>\n<script type=\"application\/ld+json\" class=\"yoast-schema-graph\">{\"@context\":\"https:\/\/schema.org\",\"@graph\":[{\"@type\":\"WebPage\",\"@id\":\"https:\/\/skaitytaknyga.lt\/produktas\/isminties-zodis-ii-tomas\/\",\"url\":\"https:\/\/skaitytaknyga.lt\/produktas\/isminties-zodis-ii-tomas\/\",\"name\":\"I\u0161minties \u017eodis. II tomas\",\"isPartOf\":{\"@id\":\"https:\/\/skaitytaknyga.lt\/#website\"},\"primaryImageOfPage\":{\"@id\":\"https:\/\/skaitytaknyga.lt\/produktas\/isminties-zodis-ii-tomas\/#primaryimage\"},\"image\":{\"@id\":\"https:\/\/skaitytaknyga.lt\/produktas\/isminties-zodis-ii-tomas\/#primaryimage\"},\"thumbnailUrl\":\"https:\/\/skaitytaknyga.lt\/wp-content\/uploads\/2025\/04\/Isminties-zodis.-II-tomas-e1744613176584.jpg\",\"datePublished\":\"2025-01-14T07:45:38+00:00\",\"dateModified\":\"2025-04-14T06:46:42+00:00\",\"description\":\"Tatjana Miku\u0161ina\u00a0nuo 2004 met\u0173 dirba Pasiuntiniu vadovaujama Pakyl\u0117t\u0173j\u0173 Valdov\u0173, arba I\u0161minties Valdov\u0173. Tritomyje surinkti Lai\u0161kai, kuriuos Pakyl\u0117tieji\",\"breadcrumb\":{\"@id\":\"https:\/\/skaitytaknyga.lt\/produktas\/isminties-zodis-ii-tomas\/#breadcrumb\"},\"inLanguage\":\"en-GB\",\"potentialAction\":[{\"@type\":\"ReadAction\",\"target\":[\"https:\/\/skaitytaknyga.lt\/produktas\/isminties-zodis-ii-tomas\/\"]}]},{\"@type\":\"ImageObject\",\"inLanguage\":\"en-GB\",\"@id\":\"https:\/\/skaitytaknyga.lt\/produktas\/isminties-zodis-ii-tomas\/#primaryimage\",\"url\":\"https:\/\/skaitytaknyga.lt\/wp-content\/uploads\/2025\/04\/Isminties-zodis.-II-tomas-e1744613176584.jpg\",\"contentUrl\":\"https:\/\/skaitytaknyga.lt\/wp-content\/uploads\/2025\/04\/Isminties-zodis.-II-tomas-e1744613176584.jpg\",\"width\":364,\"height\":495,\"caption\":\"I\u0161minties \u017eodis. II tomas\"},{\"@type\":\"BreadcrumbList\",\"@id\":\"https:\/\/skaitytaknyga.lt\/produktas\/isminties-zodis-ii-tomas\/#breadcrumb\",\"itemListElement\":[{\"@type\":\"ListItem\",\"position\":1,\"name\":\"Home\",\"item\":\"https:\/\/skaitytaknyga.lt\/\"},{\"@type\":\"ListItem\",\"position\":2,\"name\":\"Parduotuv\u0117\",\"item\":\"https:\/\/skaitytaknyga.lt\/knygu-parduotuve\/\"},{\"@type\":\"ListItem\",\"position\":3,\"name\":\"I\u0161minties \u017eodis. II tomas\"}]},{\"@type\":\"WebSite\",\"@id\":\"https:\/\/skaitytaknyga.lt\/#website\",\"url\":\"https:\/\/skaitytaknyga.lt\/\",\"name\":\"skaitytaknyga.lt\",\"description\":\"Skaitytaknyga.lt \u2013 tai ma\u017eas \u0161eimos verslas, kuris prasid\u0117jo nuo meil\u0117s knygoms ir siekio i\u0161gelb\u0117ti knygas nuo likimo prie konteinerio. Kas vienam nereikalingas daiktas \u2013 kitam lobis, o mes esame tarpininkai, kurie padeda abiems tapti laimingesniems ???? \u017dinome kaip nelengva i\u0161gyventi ma\u017eiems verslams, tad nuo \u0161iol, \u010dia rasite ir kit\u0173, ma\u017e\u0173 \u0161eim\u0173 versl\u0173, rank\u0173 darbo, dovan\u0173 sau ir artimiesiems.\",\"publisher\":{\"@id\":\"https:\/\/skaitytaknyga.lt\/#organization\"},\"potentialAction\":[{\"@type\":\"SearchAction\",\"target\":{\"@type\":\"EntryPoint\",\"urlTemplate\":\"https:\/\/skaitytaknyga.lt\/?s={search_term_string}\"},\"query-input\":{\"@type\":\"PropertyValueSpecification\",\"valueRequired\":true,\"valueName\":\"search_term_string\"}}],\"inLanguage\":\"en-GB\"},{\"@type\":\"Organization\",\"@id\":\"https:\/\/skaitytaknyga.lt\/#organization\",\"name\":\"skaitytaknyga.lt\",\"url\":\"https:\/\/skaitytaknyga.lt\/\",\"logo\":{\"@type\":\"ImageObject\",\"inLanguage\":\"en-GB\",\"@id\":\"https:\/\/skaitytaknyga.lt\/#\/schema\/logo\/image\/\",\"url\":\"https:\/\/skaitytaknyga.lt\/wp-content\/uploads\/2024\/05\/cropped-cropped-cropped-02_00843_jt3bggkj1j3HLc7SyY6rEUpg.jpeg\",\"contentUrl\":\"https:\/\/skaitytaknyga.lt\/wp-content\/uploads\/2024\/05\/cropped-cropped-cropped-02_00843_jt3bggkj1j3HLc7SyY6rEUpg.jpeg\",\"width\":1600,\"height\":1600,\"caption\":\"skaitytaknyga.lt\"},\"image\":{\"@id\":\"https:\/\/skaitytaknyga.lt\/#\/schema\/logo\/image\/\"},\"sameAs\":[\"https:\/\/www.facebook.com\/skaitytaknyga\/\"]}]}<\/script>\n<!-- \/ Yoast SEO plugin. -->","yoast_head_json":{"title":"I\u0161minties \u017eodis. II tomas","description":"Tatjana Miku\u0161ina\u00a0nuo 2004 met\u0173 dirba Pasiuntiniu vadovaujama Pakyl\u0117t\u0173j\u0173 Valdov\u0173, arba I\u0161minties Valdov\u0173. Tritomyje surinkti Lai\u0161kai, kuriuos Pakyl\u0117tieji","robots":{"index":"index","follow":"follow","max-snippet":"max-snippet:-1","max-image-preview":"max-image-preview:large","max-video-preview":"max-video-preview:-1"},"canonical":"https:\/\/skaitytaknyga.lt\/en\/produktas\/isminties-zodis-ii-tomas\/","og_locale":"en_GB","og_type":"article","og_title":"[:lt]I\u0161minties \u017eodis. II tomas[:] - Skaitytaknyga","og_description":"Tatjana Miku\u0161ina\u00a0nuo 2004 met\u0173 dirba Pasiuntiniu vadovaujama Pakyl\u0117t\u0173j\u0173 Valdov\u0173, arba I\u0161minties Valdov\u0173. Tritomyje surinkti Lai\u0161kai, kuriuos Pakyl\u0117tieji","og_url":"https:\/\/skaitytaknyga.lt\/en\/produktas\/isminties-zodis-ii-tomas\/","og_site_name":"Skaitytaknyga","article_publisher":"https:\/\/www.facebook.com\/skaitytaknyga\/","article_modified_time":"2025-04-14T06:46:42+00:00","og_image":[{"width":364,"height":495,"url":"https:\/\/skaitytaknyga.lt\/wp-content\/uploads\/2025\/04\/Isminties-zodis.-II-tomas-e1744613176584.jpg","type":"image\/jpeg"}],"twitter_card":"summary_large_image","twitter_misc":{"Estimated reading time":"1 minute"},"schema":{"@context":"https:\/\/schema.org","@graph":[{"@type":"WebPage","@id":"https:\/\/skaitytaknyga.lt\/produktas\/isminties-zodis-ii-tomas\/","url":"https:\/\/skaitytaknyga.lt\/produktas\/isminties-zodis-ii-tomas\/","name":"I\u0161minties \u017eodis. II tomas","isPartOf":{"@id":"https:\/\/skaitytaknyga.lt\/#website"},"primaryImageOfPage":{"@id":"https:\/\/skaitytaknyga.lt\/produktas\/isminties-zodis-ii-tomas\/#primaryimage"},"image":{"@id":"https:\/\/skaitytaknyga.lt\/produktas\/isminties-zodis-ii-tomas\/#primaryimage"},"thumbnailUrl":"https:\/\/skaitytaknyga.lt\/wp-content\/uploads\/2025\/04\/Isminties-zodis.-II-tomas-e1744613176584.jpg","datePublished":"2025-01-14T07:45:38+00:00","dateModified":"2025-04-14T06:46:42+00:00","description":"Tatjana Miku\u0161ina\u00a0nuo 2004 met\u0173 dirba Pasiuntiniu vadovaujama Pakyl\u0117t\u0173j\u0173 Valdov\u0173, arba I\u0161minties Valdov\u0173. Tritomyje surinkti Lai\u0161kai, kuriuos Pakyl\u0117tieji","breadcrumb":{"@id":"https:\/\/skaitytaknyga.lt\/produktas\/isminties-zodis-ii-tomas\/#breadcrumb"},"inLanguage":"en-GB","potentialAction":[{"@type":"ReadAction","target":["https:\/\/skaitytaknyga.lt\/produktas\/isminties-zodis-ii-tomas\/"]}]},{"@type":"ImageObject","inLanguage":"en-GB","@id":"https:\/\/skaitytaknyga.lt\/produktas\/isminties-zodis-ii-tomas\/#primaryimage","url":"https:\/\/skaitytaknyga.lt\/wp-content\/uploads\/2025\/04\/Isminties-zodis.-II-tomas-e1744613176584.jpg","contentUrl":"https:\/\/skaitytaknyga.lt\/wp-content\/uploads\/2025\/04\/Isminties-zodis.-II-tomas-e1744613176584.jpg","width":364,"height":495,"caption":"I\u0161minties \u017eodis. II tomas"},{"@type":"BreadcrumbList","@id":"https:\/\/skaitytaknyga.lt\/produktas\/isminties-zodis-ii-tomas\/#breadcrumb","itemListElement":[{"@type":"ListItem","position":1,"name":"Home","item":"https:\/\/skaitytaknyga.lt\/"},{"@type":"ListItem","position":2,"name":"Parduotuv\u0117","item":"https:\/\/skaitytaknyga.lt\/knygu-parduotuve\/"},{"@type":"ListItem","position":3,"name":"I\u0161minties \u017eodis. II tomas"}]},{"@type":"WebSite","@id":"https:\/\/skaitytaknyga.lt\/#website","url":"https:\/\/skaitytaknyga.lt\/","name":"skaitytaknyga.lt","description":"Skaitytaknyga.lt \u2013 tai ma\u017eas \u0161eimos verslas, kuris prasid\u0117jo nuo meil\u0117s knygoms ir siekio i\u0161gelb\u0117ti knygas nuo likimo prie konteinerio. Kas vienam nereikalingas daiktas \u2013 kitam lobis, o mes esame tarpininkai, kurie padeda abiems tapti laimingesniems ???? \u017dinome kaip nelengva i\u0161gyventi ma\u017eiems verslams, tad nuo \u0161iol, \u010dia rasite ir kit\u0173, ma\u017e\u0173 \u0161eim\u0173 versl\u0173, rank\u0173 darbo, dovan\u0173 sau ir artimiesiems.","publisher":{"@id":"https:\/\/skaitytaknyga.lt\/#organization"},"potentialAction":[{"@type":"SearchAction","target":{"@type":"EntryPoint","urlTemplate":"https:\/\/skaitytaknyga.lt\/?s={search_term_string}"},"query-input":{"@type":"PropertyValueSpecification","valueRequired":true,"valueName":"search_term_string"}}],"inLanguage":"en-GB"},{"@type":"Organization","@id":"https:\/\/skaitytaknyga.lt\/#organization","name":"skaitytaknyga.lt","url":"https:\/\/skaitytaknyga.lt\/","logo":{"@type":"ImageObject","inLanguage":"en-GB","@id":"https:\/\/skaitytaknyga.lt\/#\/schema\/logo\/image\/","url":"https:\/\/skaitytaknyga.lt\/wp-content\/uploads\/2024\/05\/cropped-cropped-cropped-02_00843_jt3bggkj1j3HLc7SyY6rEUpg.jpeg","contentUrl":"https:\/\/skaitytaknyga.lt\/wp-content\/uploads\/2024\/05\/cropped-cropped-cropped-02_00843_jt3bggkj1j3HLc7SyY6rEUpg.jpeg","width":1600,"height":1600,"caption":"skaitytaknyga.lt"},"image":{"@id":"https:\/\/skaitytaknyga.lt\/#\/schema\/logo\/image\/"},"sameAs":["https:\/\/www.facebook.com\/skaitytaknyga\/"]}]}},"_links":{"self":[{"href":"https:\/\/skaitytaknyga.lt\/en\/wp-json\/wp\/v2\/product\/17747","targetHints":{"allow":["GET"]}}],"collection":[{"href":"https:\/\/skaitytaknyga.lt\/en\/wp-json\/wp\/v2\/product"}],"about":[{"href":"https:\/\/skaitytaknyga.lt\/en\/wp-json\/wp\/v2\/types\/product"}],"replies":[{"embeddable":true,"href":"https:\/\/skaitytaknyga.lt\/en\/wp-json\/wp\/v2\/comments?post=17747"}],"wp:featuredmedia":[{"embeddable":true,"href":"https:\/\/skaitytaknyga.lt\/en\/wp-json\/wp\/v2\/media\/17748"}],"wp:attachment":[{"href":"https:\/\/skaitytaknyga.lt\/en\/wp-json\/wp\/v2\/media?parent=17747"}],"wp:term":[{"taxonomy":"product_brand","embeddable":true,"href":"https:\/\/skaitytaknyga.lt\/en\/wp-json\/wp\/v2\/product_brand?post=17747"},{"taxonomy":"product_cat","embeddable":true,"href":"https:\/\/skaitytaknyga.lt\/en\/wp-json\/wp\/v2\/product_cat?post=17747"},{"taxonomy":"product_tag","embeddable":true,"href":"https:\/\/skaitytaknyga.lt\/en\/wp-json\/wp\/v2\/product_tag?post=17747"}],"curies":[{"name":"wp","href":"https:\/\/api.w.org\/{rel}","templated":true}]}}