{"id":17745,"date":"2025-04-14T09:42:15","date_gmt":"2025-04-14T06:42:15","guid":{"rendered":"https:\/\/skaitytaknyga.lt\/?post_type=product&#038;p=17745"},"modified":"2025-10-04T18:47:39","modified_gmt":"2025-10-04T15:47:39","slug":"laura-ir-aventeros-paslaptis","status":"publish","type":"product","link":"https:\/\/skaitytaknyga.lt\/en\/produktas\/laura-ir-aventeros-paslaptis\/","title":{"rendered":"Laura ir Aventeros paslaptis"},"content":{"rendered":"<p>K\u0105 gali Haris Poteris, t\u0105 ir Laura padarys!<\/p>\n<p>Laura &#8211; paprasta mergait\u0117, turinti daugyb\u0119 r\u016bpes\u010di\u0173. Prie\u0161 metus be p\u0117dsak\u0173 dingo jos t\u0117tis, namuose be perstojo niurna pamot\u0117, o devynmetis brolis Lukas nuolatos dedasi visk\u0105 geriau \u017einantis. Ta\u010diau per trylikt\u0105j\u012f gimtadien\u012f Lauros gyvenimas darosi dar painesnis. Ji su\u017eino turinti \u012fvykdyti beveik ne\u012fmanom\u0105 u\u017eduot\u012f: i\u0161gelb\u0117ti nuo mirties \u0161viesos saugotoj\u0105 Elizion\u0105.<\/p>\n<p>Jeigu jai nepasiseks, juodasis kunigaik\u0161tis Borboronas u\u017egrobs vald\u017ei\u0105 Aventeros planetoje ir \u017dmoni\u0173 \u017evaig\u017ed\u0117je \u012fsivie\u0161pataus Am\u017einasis Niekis. Laura turi toki\u0173 stebukling\u0173 pagalbinink\u0173 kaip Portakas, akmeninis mil\u017einas, kuris pavojaus akimirk\u0105 ima labai \u017evaliai suktis. Ta\u010diau Borboron\u0105 \u017dem\u0117je remia labai galingi bendrai &#8230;<\/p>\n<p>Tai knyga apie dr\u0105s\u0105, draugyst\u0119 ir s\u0105moningum\u0105, kupin\u0105 d\u017eiaugsmo, fantazijos ir magijos. Pasaulyje skaitytoj\u0173 da\u017eniausiai lyginama su Hariu Poteriu. Bus t\u0119sinys.<\/p>\n<ul class=\"about-product d-none d-xl-block mt-4\">\n<li><strong>Autorius:<\/strong>\u00a0Peter Freund<\/li>\n<li><strong>Leid\u0117jas:<\/strong>\u00a0Alma littera<\/li>\n<li><strong>Metai:<\/strong>\u00a02008<\/li>\n<li><strong>Puslapiai:<\/strong>\u00a0456<\/li>\n<li class=\"toggleable type-new-formats \"><strong>ISBN:<\/strong>\u00a09789955083962<\/li>\n<li><strong>Versijos kodas:<\/strong>\u00a0PT.<\/li>\n<li class=\"toggleable type-new-formats \"><strong>Formatas:<\/strong>\u00a015 x 22 cm, kieti vir\u0161eliai<\/li>\n<li><strong>Kalba:<\/strong>\u00a0Lietuvi\u0173<\/li>\n<li><strong>Vert\u0117jas:<\/strong>\u00a0Teodoras \u010cetrauskas<\/li>\n<\/ul>\n","protected":false},"excerpt":{"rendered":"<p>K\u0105 gali Haris Poteris, t\u0105 ir Laura padarys! Laura &#8211; paprasta mergait\u0117, turinti daugyb\u0119 r\u016bpes\u010di\u0173. Prie\u0161 metus be p\u0117dsak\u0173 dingo jos t\u0117tis, namuose be perstojo niurna pamot\u0117, o devynmetis brolis Lukas nuolatos dedasi visk\u0105 geriau \u017einantis. Ta\u010diau per trylikt\u0105j\u012f gimtadien\u012f Lauros gyvenimas darosi dar painesnis. Ji su\u017eino turinti \u012fvykdyti beveik ne\u012fmanom\u0105 u\u017eduot\u012f: i\u0161gelb\u0117ti nuo mirties \u0161viesos saugotoj\u0105 Elizion\u0105. Jeigu jai nepasiseks, juodasis kunigaik\u0161tis Borboronas u\u017egrobs vald\u017ei\u0105 Aventeros planetoje ir \u017dmoni\u0173 \u017evaig\u017ed\u0117je \u012fsivie\u0161pataus Am\u017einasis Niekis. Laura turi toki\u0173 stebukling\u0173 pagalbinink\u0173 kaip Portakas, akmeninis mil\u017einas, kuris pavojaus akimirk\u0105 ima labai \u017evaliai suktis. Ta\u010diau Borboron\u0105 \u017dem\u0117je remia labai galingi bendrai &#8230; Tai knyga apie dr\u0105s\u0105, draugyst\u0119 ir s\u0105moningum\u0105, kupin\u0105 d\u017eiaugsmo, fantazijos ir magijos. Pasaulyje skaitytoj\u0173 da\u017eniausiai lyginama su Hariu Poteriu. Bus t\u0119sinys. Autorius:\u00a0Peter Freund Leid\u0117jas:\u00a0Alma littera Metai:\u00a02008 Puslapiai:\u00a0456 ISBN:\u00a09789955083962 Versijos kodas:\u00a0PT. Formatas:\u00a015 x 22 cm, kieti vir\u0161eliai Kalba:\u00a0Lietuvi\u0173 Vert\u0117jas:\u00a0Teodoras \u010cetrauskas<\/p>\n","protected":false},"featured_media":17746,"comment_status":"closed","ping_status":"closed","template":"","meta":{"_acf_changed":false,"site-sidebar-layout":"default","site-content-layout":"","ast-site-content-layout":"default","site-content-style":"default","site-sidebar-style":"default","ast-global-header-display":"","ast-banner-title-visibility":"","ast-main-header-display":"","ast-hfb-above-header-display":"","ast-hfb-below-header-display":"","ast-hfb-mobile-header-display":"","site-post-title":"","ast-breadcrumbs-content":"","ast-featured-img":"","footer-sml-layout":"","ast-disable-related-posts":"","theme-transparent-header-meta":"default","adv-header-id-meta":"","stick-header-meta":"","header-above-stick-meta":"","header-main-stick-meta":"","header-below-stick-meta":"","astra-migrate-meta-layouts":"set","ast-page-background-enabled":"default","ast-page-background-meta":{"desktop":{"background-color":"","background-image":"","background-repeat":"repeat","background-position":"center center","background-size":"auto","background-attachment":"scroll","background-type":"","background-media":"","overlay-type":"","overlay-color":"","overlay-opacity":"","overlay-gradient":""},"tablet":{"background-color":"","background-image":"","background-repeat":"repeat","background-position":"center center","background-size":"auto","background-attachment":"scroll","background-type":"","background-media":"","overlay-type":"","overlay-color":"","overlay-opacity":"","overlay-gradient":""},"mobile":{"background-color":"","background-image":"","background-repeat":"repeat","background-position":"center center","background-size":"auto","background-attachment":"scroll","background-type":"","background-media":"","overlay-type":"","overlay-color":"","overlay-opacity":"","overlay-gradient":""}},"ast-content-background-meta":{"desktop":{"background-color":"var(--ast-global-color-4)","background-image":"","background-repeat":"repeat","background-position":"center center","background-size":"auto","background-attachment":"scroll","background-type":"","background-media":"","overlay-type":"","overlay-color":"","overlay-opacity":"","overlay-gradient":""},"tablet":{"background-color":"var(--ast-global-color-4)","background-image":"","background-repeat":"repeat","background-position":"center center","background-size":"auto","background-attachment":"scroll","background-type":"","background-media":"","overlay-type":"","overlay-color":"","overlay-opacity":"","overlay-gradient":""},"mobile":{"background-color":"var(--ast-global-color-4)","background-image":"","background-repeat":"repeat","background-position":"center center","background-size":"auto","background-attachment":"scroll","background-type":"","background-media":"","overlay-type":"","overlay-color":"","overlay-opacity":"","overlay-gradient":""}}},"product_brand":[],"product_cat":[35],"product_tag":[1647,1504,1755,2081,3673,3151],"class_list":{"0":"post-17745","1":"product","2":"type-product","3":"status-publish","4":"has-post-thumbnail","6":"product_cat-vaikams-ir-paaugliams","7":"product_tag-draugyste","8":"product_tag-fantastika","9":"product_tag-magija","10":"product_tag-ltnuotykiai","11":"product_tag-peter-freund","12":"product_tag-trilogija","13":"desktop-align-left","14":"tablet-align-left","15":"mobile-align-left","17":"first","18":"outofstock","19":"shipping-taxable","20":"purchasable","21":"product-type-simple"},"acf":[],"yoast_head":"<!-- This site is optimized with the Yoast SEO plugin v27.0 - https:\/\/yoast.com\/product\/yoast-seo-wordpress\/ -->\n<title>Laura ir Aventeros paslaptis<\/title>\n<meta name=\"description\" content=\"K\u0105 gali Haris Poteris, t\u0105 ir Laura padarys! Laura - paprasta mergait\u0117, turinti daugyb\u0119 r\u016bpes\u010di\u0173. Prie\u0161 metus be p\u0117dsak\u0173 dingo jos t\u0117tis, namuose be\" \/>\n<meta name=\"robots\" content=\"index, follow, max-snippet:-1, max-image-preview:large, max-video-preview:-1\" \/>\n<link rel=\"canonical\" href=\"https:\/\/skaitytaknyga.lt\/en\/produktas\/laura-ir-aventeros-paslaptis\/\" \/>\n<meta property=\"og:locale\" content=\"en_GB\" \/>\n<meta property=\"og:locale:alternate\" content=\"lt_LT\" \/>\n<meta property=\"og:type\" content=\"article\" \/>\n<meta property=\"og:title\" content=\"Laura ir Aventeros paslaptis\" \/>\n<meta property=\"og:description\" content=\"K\u0105 gali Haris Poteris, t\u0105 ir Laura padarys! Laura - paprasta mergait\u0117, turinti daugyb\u0119 r\u016bpes\u010di\u0173. Prie\u0161 metus be p\u0117dsak\u0173 dingo jos t\u0117tis, namuose be\" \/>\n<meta property=\"og:url\" content=\"https:\/\/skaitytaknyga.lt\/en\/produktas\/laura-ir-aventeros-paslaptis\/\" \/>\n<meta property=\"og:site_name\" content=\"Skaitytaknyga\" \/>\n<meta property=\"article:publisher\" content=\"https:\/\/www.facebook.com\/skaitytaknyga\/\" \/>\n<meta property=\"article:modified_time\" content=\"2025-10-04T15:47:39+00:00\" \/>\n<meta property=\"og:image\" content=\"https:\/\/skaitytaknyga.lt\/wp-content\/uploads\/2025\/04\/Laura-ir-Aventeros-paslaptis.webp\" \/>\n\t<meta property=\"og:image:width\" content=\"534\" \/>\n\t<meta property=\"og:image:height\" content=\"799\" \/>\n\t<meta property=\"og:image:type\" content=\"image\/webp\" \/>\n<meta name=\"twitter:card\" content=\"summary_large_image\" \/>\n<meta name=\"twitter:label1\" content=\"Estimated reading time\" \/>\n\t<meta name=\"twitter:data1\" content=\"1 minute\" \/>\n<script type=\"application\/ld+json\" class=\"yoast-schema-graph\">{\"@context\":\"https:\/\/schema.org\",\"@graph\":[{\"@type\":\"WebPage\",\"@id\":\"https:\/\/skaitytaknyga.lt\/produktas\/laura-ir-aventeros-paslaptis\/\",\"url\":\"https:\/\/skaitytaknyga.lt\/produktas\/laura-ir-aventeros-paslaptis\/\",\"name\":\"Laura ir Aventeros paslaptis\",\"isPartOf\":{\"@id\":\"https:\/\/skaitytaknyga.lt\/#website\"},\"primaryImageOfPage\":{\"@id\":\"https:\/\/skaitytaknyga.lt\/produktas\/laura-ir-aventeros-paslaptis\/#primaryimage\"},\"image\":{\"@id\":\"https:\/\/skaitytaknyga.lt\/produktas\/laura-ir-aventeros-paslaptis\/#primaryimage\"},\"thumbnailUrl\":\"https:\/\/skaitytaknyga.lt\/wp-content\/uploads\/2025\/04\/Laura-ir-Aventeros-paslaptis.webp\",\"datePublished\":\"2025-04-14T06:42:15+00:00\",\"dateModified\":\"2025-10-04T15:47:39+00:00\",\"description\":\"K\u0105 gali Haris Poteris, t\u0105 ir Laura padarys! Laura - paprasta mergait\u0117, turinti daugyb\u0119 r\u016bpes\u010di\u0173. Prie\u0161 metus be p\u0117dsak\u0173 dingo jos t\u0117tis, namuose be\",\"breadcrumb\":{\"@id\":\"https:\/\/skaitytaknyga.lt\/produktas\/laura-ir-aventeros-paslaptis\/#breadcrumb\"},\"inLanguage\":\"en-GB\",\"potentialAction\":[{\"@type\":\"ReadAction\",\"target\":[\"https:\/\/skaitytaknyga.lt\/produktas\/laura-ir-aventeros-paslaptis\/\"]}]},{\"@type\":\"ImageObject\",\"inLanguage\":\"en-GB\",\"@id\":\"https:\/\/skaitytaknyga.lt\/produktas\/laura-ir-aventeros-paslaptis\/#primaryimage\",\"url\":\"https:\/\/skaitytaknyga.lt\/wp-content\/uploads\/2025\/04\/Laura-ir-Aventeros-paslaptis.webp\",\"contentUrl\":\"https:\/\/skaitytaknyga.lt\/wp-content\/uploads\/2025\/04\/Laura-ir-Aventeros-paslaptis.webp\",\"width\":534,\"height\":799,\"caption\":\"Laura ir Aventeros paslaptis\"},{\"@type\":\"BreadcrumbList\",\"@id\":\"https:\/\/skaitytaknyga.lt\/produktas\/laura-ir-aventeros-paslaptis\/#breadcrumb\",\"itemListElement\":[{\"@type\":\"ListItem\",\"position\":1,\"name\":\"Home\",\"item\":\"https:\/\/skaitytaknyga.lt\/\"},{\"@type\":\"ListItem\",\"position\":2,\"name\":\"Parduotuv\u0117\",\"item\":\"https:\/\/skaitytaknyga.lt\/knygu-parduotuve\/\"},{\"@type\":\"ListItem\",\"position\":3,\"name\":\"Laura ir Aventeros paslaptis\"}]},{\"@type\":\"WebSite\",\"@id\":\"https:\/\/skaitytaknyga.lt\/#website\",\"url\":\"https:\/\/skaitytaknyga.lt\/\",\"name\":\"skaitytaknyga.lt\",\"description\":\"Skaitytaknyga.lt \u2013 tai ma\u017eas \u0161eimos verslas, kuris prasid\u0117jo nuo meil\u0117s knygoms ir siekio i\u0161gelb\u0117ti knygas nuo likimo prie konteinerio. Kas vienam nereikalingas daiktas \u2013 kitam lobis, o mes esame tarpininkai, kurie padeda abiems tapti laimingesniems ???? \u017dinome kaip nelengva i\u0161gyventi ma\u017eiems verslams, tad nuo \u0161iol, \u010dia rasite ir kit\u0173, ma\u017e\u0173 \u0161eim\u0173 versl\u0173, rank\u0173 darbo, dovan\u0173 sau ir artimiesiems.\",\"publisher\":{\"@id\":\"https:\/\/skaitytaknyga.lt\/#organization\"},\"potentialAction\":[{\"@type\":\"SearchAction\",\"target\":{\"@type\":\"EntryPoint\",\"urlTemplate\":\"https:\/\/skaitytaknyga.lt\/?s={search_term_string}\"},\"query-input\":{\"@type\":\"PropertyValueSpecification\",\"valueRequired\":true,\"valueName\":\"search_term_string\"}}],\"inLanguage\":\"en-GB\"},{\"@type\":\"Organization\",\"@id\":\"https:\/\/skaitytaknyga.lt\/#organization\",\"name\":\"skaitytaknyga.lt\",\"url\":\"https:\/\/skaitytaknyga.lt\/\",\"logo\":{\"@type\":\"ImageObject\",\"inLanguage\":\"en-GB\",\"@id\":\"https:\/\/skaitytaknyga.lt\/#\/schema\/logo\/image\/\",\"url\":\"https:\/\/skaitytaknyga.lt\/wp-content\/uploads\/2024\/05\/cropped-cropped-cropped-02_00843_jt3bggkj1j3HLc7SyY6rEUpg.jpeg\",\"contentUrl\":\"https:\/\/skaitytaknyga.lt\/wp-content\/uploads\/2024\/05\/cropped-cropped-cropped-02_00843_jt3bggkj1j3HLc7SyY6rEUpg.jpeg\",\"width\":1600,\"height\":1600,\"caption\":\"skaitytaknyga.lt\"},\"image\":{\"@id\":\"https:\/\/skaitytaknyga.lt\/#\/schema\/logo\/image\/\"},\"sameAs\":[\"https:\/\/www.facebook.com\/skaitytaknyga\/\"]}]}<\/script>\n<!-- \/ Yoast SEO plugin. -->","yoast_head_json":{"title":"Laura ir Aventeros paslaptis","description":"K\u0105 gali Haris Poteris, t\u0105 ir Laura padarys! Laura - paprasta mergait\u0117, turinti daugyb\u0119 r\u016bpes\u010di\u0173. Prie\u0161 metus be p\u0117dsak\u0173 dingo jos t\u0117tis, namuose be","robots":{"index":"index","follow":"follow","max-snippet":"max-snippet:-1","max-image-preview":"max-image-preview:large","max-video-preview":"max-video-preview:-1"},"canonical":"https:\/\/skaitytaknyga.lt\/en\/produktas\/laura-ir-aventeros-paslaptis\/","og_locale":"en_GB","og_type":"article","og_title":"[:lt]Laura ir Aventeros paslaptis[:] - Skaitytaknyga","og_description":"K\u0105 gali Haris Poteris, t\u0105 ir Laura padarys! Laura - paprasta mergait\u0117, turinti daugyb\u0119 r\u016bpes\u010di\u0173. Prie\u0161 metus be p\u0117dsak\u0173 dingo jos t\u0117tis, namuose be","og_url":"https:\/\/skaitytaknyga.lt\/en\/produktas\/laura-ir-aventeros-paslaptis\/","og_site_name":"Skaitytaknyga","article_publisher":"https:\/\/www.facebook.com\/skaitytaknyga\/","article_modified_time":"2025-10-04T15:47:39+00:00","og_image":[{"width":534,"height":799,"url":"https:\/\/skaitytaknyga.lt\/wp-content\/uploads\/2025\/04\/Laura-ir-Aventeros-paslaptis.webp","type":"image\/webp"}],"twitter_card":"summary_large_image","twitter_misc":{"Estimated reading time":"1 minute"},"schema":{"@context":"https:\/\/schema.org","@graph":[{"@type":"WebPage","@id":"https:\/\/skaitytaknyga.lt\/produktas\/laura-ir-aventeros-paslaptis\/","url":"https:\/\/skaitytaknyga.lt\/produktas\/laura-ir-aventeros-paslaptis\/","name":"Laura ir Aventeros paslaptis","isPartOf":{"@id":"https:\/\/skaitytaknyga.lt\/#website"},"primaryImageOfPage":{"@id":"https:\/\/skaitytaknyga.lt\/produktas\/laura-ir-aventeros-paslaptis\/#primaryimage"},"image":{"@id":"https:\/\/skaitytaknyga.lt\/produktas\/laura-ir-aventeros-paslaptis\/#primaryimage"},"thumbnailUrl":"https:\/\/skaitytaknyga.lt\/wp-content\/uploads\/2025\/04\/Laura-ir-Aventeros-paslaptis.webp","datePublished":"2025-04-14T06:42:15+00:00","dateModified":"2025-10-04T15:47:39+00:00","description":"K\u0105 gali Haris Poteris, t\u0105 ir Laura padarys! Laura - paprasta mergait\u0117, turinti daugyb\u0119 r\u016bpes\u010di\u0173. Prie\u0161 metus be p\u0117dsak\u0173 dingo jos t\u0117tis, namuose be","breadcrumb":{"@id":"https:\/\/skaitytaknyga.lt\/produktas\/laura-ir-aventeros-paslaptis\/#breadcrumb"},"inLanguage":"en-GB","potentialAction":[{"@type":"ReadAction","target":["https:\/\/skaitytaknyga.lt\/produktas\/laura-ir-aventeros-paslaptis\/"]}]},{"@type":"ImageObject","inLanguage":"en-GB","@id":"https:\/\/skaitytaknyga.lt\/produktas\/laura-ir-aventeros-paslaptis\/#primaryimage","url":"https:\/\/skaitytaknyga.lt\/wp-content\/uploads\/2025\/04\/Laura-ir-Aventeros-paslaptis.webp","contentUrl":"https:\/\/skaitytaknyga.lt\/wp-content\/uploads\/2025\/04\/Laura-ir-Aventeros-paslaptis.webp","width":534,"height":799,"caption":"Laura ir Aventeros paslaptis"},{"@type":"BreadcrumbList","@id":"https:\/\/skaitytaknyga.lt\/produktas\/laura-ir-aventeros-paslaptis\/#breadcrumb","itemListElement":[{"@type":"ListItem","position":1,"name":"Home","item":"https:\/\/skaitytaknyga.lt\/"},{"@type":"ListItem","position":2,"name":"Parduotuv\u0117","item":"https:\/\/skaitytaknyga.lt\/knygu-parduotuve\/"},{"@type":"ListItem","position":3,"name":"Laura ir Aventeros paslaptis"}]},{"@type":"WebSite","@id":"https:\/\/skaitytaknyga.lt\/#website","url":"https:\/\/skaitytaknyga.lt\/","name":"skaitytaknyga.lt","description":"Skaitytaknyga.lt \u2013 tai ma\u017eas \u0161eimos verslas, kuris prasid\u0117jo nuo meil\u0117s knygoms ir siekio i\u0161gelb\u0117ti knygas nuo likimo prie konteinerio. Kas vienam nereikalingas daiktas \u2013 kitam lobis, o mes esame tarpininkai, kurie padeda abiems tapti laimingesniems ???? \u017dinome kaip nelengva i\u0161gyventi ma\u017eiems verslams, tad nuo \u0161iol, \u010dia rasite ir kit\u0173, ma\u017e\u0173 \u0161eim\u0173 versl\u0173, rank\u0173 darbo, dovan\u0173 sau ir artimiesiems.","publisher":{"@id":"https:\/\/skaitytaknyga.lt\/#organization"},"potentialAction":[{"@type":"SearchAction","target":{"@type":"EntryPoint","urlTemplate":"https:\/\/skaitytaknyga.lt\/?s={search_term_string}"},"query-input":{"@type":"PropertyValueSpecification","valueRequired":true,"valueName":"search_term_string"}}],"inLanguage":"en-GB"},{"@type":"Organization","@id":"https:\/\/skaitytaknyga.lt\/#organization","name":"skaitytaknyga.lt","url":"https:\/\/skaitytaknyga.lt\/","logo":{"@type":"ImageObject","inLanguage":"en-GB","@id":"https:\/\/skaitytaknyga.lt\/#\/schema\/logo\/image\/","url":"https:\/\/skaitytaknyga.lt\/wp-content\/uploads\/2024\/05\/cropped-cropped-cropped-02_00843_jt3bggkj1j3HLc7SyY6rEUpg.jpeg","contentUrl":"https:\/\/skaitytaknyga.lt\/wp-content\/uploads\/2024\/05\/cropped-cropped-cropped-02_00843_jt3bggkj1j3HLc7SyY6rEUpg.jpeg","width":1600,"height":1600,"caption":"skaitytaknyga.lt"},"image":{"@id":"https:\/\/skaitytaknyga.lt\/#\/schema\/logo\/image\/"},"sameAs":["https:\/\/www.facebook.com\/skaitytaknyga\/"]}]}},"_links":{"self":[{"href":"https:\/\/skaitytaknyga.lt\/en\/wp-json\/wp\/v2\/product\/17745","targetHints":{"allow":["GET"]}}],"collection":[{"href":"https:\/\/skaitytaknyga.lt\/en\/wp-json\/wp\/v2\/product"}],"about":[{"href":"https:\/\/skaitytaknyga.lt\/en\/wp-json\/wp\/v2\/types\/product"}],"replies":[{"embeddable":true,"href":"https:\/\/skaitytaknyga.lt\/en\/wp-json\/wp\/v2\/comments?post=17745"}],"wp:featuredmedia":[{"embeddable":true,"href":"https:\/\/skaitytaknyga.lt\/en\/wp-json\/wp\/v2\/media\/17746"}],"wp:attachment":[{"href":"https:\/\/skaitytaknyga.lt\/en\/wp-json\/wp\/v2\/media?parent=17745"}],"wp:term":[{"taxonomy":"product_brand","embeddable":true,"href":"https:\/\/skaitytaknyga.lt\/en\/wp-json\/wp\/v2\/product_brand?post=17745"},{"taxonomy":"product_cat","embeddable":true,"href":"https:\/\/skaitytaknyga.lt\/en\/wp-json\/wp\/v2\/product_cat?post=17745"},{"taxonomy":"product_tag","embeddable":true,"href":"https:\/\/skaitytaknyga.lt\/en\/wp-json\/wp\/v2\/product_tag?post=17745"}],"curies":[{"name":"wp","href":"https:\/\/api.w.org\/{rel}","templated":true}]}}