{"id":17742,"date":"2025-04-14T09:41:09","date_gmt":"2025-04-14T06:41:09","guid":{"rendered":"https:\/\/skaitytaknyga.lt\/?post_type=product&#038;p=17742"},"modified":"2025-09-28T20:58:29","modified_gmt":"2025-09-28T17:58:29","slug":"laura-ir-septyniu-menuliu-antspaudas","status":"publish","type":"product","link":"https:\/\/skaitytaknyga.lt\/en\/produktas\/laura-ir-septyniu-menuliu-antspaudas\/","title":{"rendered":"Laura ir Septyni\u0173 m\u0117nuli\u0173 antspaudas"},"content":{"rendered":"<p>K\u0105 gali Haris Poteris, t\u0105 ir Laura padarys!<\/p>\n<p>Tai antroji trilogijos knyga apie dr\u0105si\u0105 trylikamet\u0119 mergait\u0119 Laur\u0105, turin\u010di\u0105 fantastini\u0173 gabum\u0173, kuri\u0173 jai reikia, kad laim\u0117t\u0173 kov\u0105 su kunigaik\u0161\u010diu Borboronu, laikan\u010diu nelaisv\u0117je jos t\u0117v\u0105. J\u0105 remia profesorius Morgen\u0161ternas, mokyklos direktorius, kol jis ne\u012ftariamas, kad nu\u017eud\u0117 akl\u0105 slaptojo archyvo bibliotekinink\u0105. Laim\u0117, Laurai padeda Alarikas, Baltojo Riterio Paravaino ginklane\u0161ys, kur\u012f lemtis atne\u0161\u0117 i\u0161 jo planetos Aventeros \u012f \u017dem\u0119.<\/p>\n<p>Jo padedama Laura \u012fsigauna \u012f Borborono tvirtov\u0119. Ta\u010diau Juodasis Kunigaik\u0161tis \u012fveikia Laur\u0105 ir priver\u010dia j\u0105 rinktis tarp tolesn\u0117s kovos u\u017e g\u0117r\u012f ir jos t\u0117vo gyvyb\u0117s.<\/p>\n<p>Jai dabar gali pad\u0117ti tik Septyni\u0173 m\u0117nuli\u0173 antspaudas, ta\u010diau \u012fminti jo paslapt\u012f \u2013 sunkiausia pasaulyje u\u017eduotis. Ir net profesorius abejoja, ar Laurai tai pavyks&#8230;<\/p>\n<p>Tre\u010dioji knyga vadinsis \u201eLaura ir Sidabrinio Sfinkso prana\u0161yst\u0117\u201d.<\/p>\n<ul class=\"about-product d-none d-xl-block mt-4\">\n<li><strong>Autorius:<\/strong>\u00a0Peter Freund<\/li>\n<li><strong>Leid\u0117jas:<\/strong>\u00a0Alma littera<\/li>\n<li><strong>Metai:<\/strong>\u00a02004<\/li>\n<li><strong>Puslapiai:<\/strong>\u00a0496<\/li>\n<li class=\"toggleable type-new-formats \"><strong>ISBN:<\/strong>\u00a09789955086499<\/li>\n<li><strong>Versijos kodas:<\/strong>\u00a0PT.<\/li>\n<li class=\"toggleable type-new-formats \"><strong>Formatas:<\/strong>\u00a015 x 22 cm, kieti vir\u0161eliai<\/li>\n<li><strong>Kalba:<\/strong>\u00a0Lietuvi\u0173<\/li>\n<li><strong>Vert\u0117jas:<\/strong>\u00a0Teodoras \u010cetrauskas<\/li>\n<\/ul>\n","protected":false},"excerpt":{"rendered":"<p>K\u0105 gali Haris Poteris, t\u0105 ir Laura padarys! Tai antroji trilogijos knyga apie dr\u0105si\u0105 trylikamet\u0119 mergait\u0119 Laur\u0105, turin\u010di\u0105 fantastini\u0173 gabum\u0173, kuri\u0173 jai reikia, kad laim\u0117t\u0173 kov\u0105 su kunigaik\u0161\u010diu Borboronu, laikan\u010diu nelaisv\u0117je jos t\u0117v\u0105. J\u0105 remia profesorius Morgen\u0161ternas, mokyklos direktorius, kol jis ne\u012ftariamas, kad nu\u017eud\u0117 akl\u0105 slaptojo archyvo bibliotekinink\u0105. Laim\u0117, Laurai padeda Alarikas, Baltojo Riterio Paravaino ginklane\u0161ys, kur\u012f lemtis atne\u0161\u0117 i\u0161 jo planetos Aventeros \u012f \u017dem\u0119. Jo padedama Laura \u012fsigauna \u012f Borborono tvirtov\u0119. Ta\u010diau Juodasis Kunigaik\u0161tis \u012fveikia Laur\u0105 ir priver\u010dia j\u0105 rinktis tarp tolesn\u0117s kovos u\u017e g\u0117r\u012f ir jos t\u0117vo gyvyb\u0117s. Jai dabar gali pad\u0117ti tik Septyni\u0173 m\u0117nuli\u0173 antspaudas, ta\u010diau \u012fminti jo paslapt\u012f \u2013 sunkiausia pasaulyje u\u017eduotis. Ir net profesorius abejoja, ar Laurai tai pavyks&#8230; Tre\u010dioji knyga vadinsis \u201eLaura ir Sidabrinio Sfinkso prana\u0161yst\u0117\u201d. Autorius:\u00a0Peter Freund Leid\u0117jas:\u00a0Alma littera Metai:\u00a02004 Puslapiai:\u00a0496 ISBN:\u00a09789955086499 Versijos kodas:\u00a0PT. Formatas:\u00a015 x 22 cm, kieti vir\u0161eliai Kalba:\u00a0Lietuvi\u0173 Vert\u0117jas:\u00a0Teodoras \u010cetrauskas<\/p>\n","protected":false},"featured_media":17743,"comment_status":"closed","ping_status":"closed","template":"","meta":{"_acf_changed":false,"site-sidebar-layout":"default","site-content-layout":"","ast-site-content-layout":"default","site-content-style":"default","site-sidebar-style":"default","ast-global-header-display":"","ast-banner-title-visibility":"","ast-main-header-display":"","ast-hfb-above-header-display":"","ast-hfb-below-header-display":"","ast-hfb-mobile-header-display":"","site-post-title":"","ast-breadcrumbs-content":"","ast-featured-img":"","footer-sml-layout":"","ast-disable-related-posts":"","theme-transparent-header-meta":"default","adv-header-id-meta":"","stick-header-meta":"","header-above-stick-meta":"","header-main-stick-meta":"","header-below-stick-meta":"","astra-migrate-meta-layouts":"set","ast-page-background-enabled":"default","ast-page-background-meta":{"desktop":{"background-color":"","background-image":"","background-repeat":"repeat","background-position":"center center","background-size":"auto","background-attachment":"scroll","background-type":"","background-media":"","overlay-type":"","overlay-color":"","overlay-opacity":"","overlay-gradient":""},"tablet":{"background-color":"","background-image":"","background-repeat":"repeat","background-position":"center center","background-size":"auto","background-attachment":"scroll","background-type":"","background-media":"","overlay-type":"","overlay-color":"","overlay-opacity":"","overlay-gradient":""},"mobile":{"background-color":"","background-image":"","background-repeat":"repeat","background-position":"center center","background-size":"auto","background-attachment":"scroll","background-type":"","background-media":"","overlay-type":"","overlay-color":"","overlay-opacity":"","overlay-gradient":""}},"ast-content-background-meta":{"desktop":{"background-color":"var(--ast-global-color-4)","background-image":"","background-repeat":"repeat","background-position":"center center","background-size":"auto","background-attachment":"scroll","background-type":"","background-media":"","overlay-type":"","overlay-color":"","overlay-opacity":"","overlay-gradient":""},"tablet":{"background-color":"var(--ast-global-color-4)","background-image":"","background-repeat":"repeat","background-position":"center center","background-size":"auto","background-attachment":"scroll","background-type":"","background-media":"","overlay-type":"","overlay-color":"","overlay-opacity":"","overlay-gradient":""},"mobile":{"background-color":"var(--ast-global-color-4)","background-image":"","background-repeat":"repeat","background-position":"center center","background-size":"auto","background-attachment":"scroll","background-type":"","background-media":"","overlay-type":"","overlay-color":"","overlay-opacity":"","overlay-gradient":""}}},"product_brand":[],"product_cat":[35],"product_tag":[1647,1504,1755,2081,3673,3151],"class_list":{"0":"post-17742","1":"product","2":"type-product","3":"status-publish","4":"has-post-thumbnail","6":"product_cat-vaikams-ir-paaugliams","7":"product_tag-draugyste","8":"product_tag-fantastika","9":"product_tag-magija","10":"product_tag-ltnuotykiai","11":"product_tag-peter-freund","12":"product_tag-trilogija","13":"desktop-align-left","14":"tablet-align-left","15":"mobile-align-left","17":"first","18":"outofstock","19":"shipping-taxable","20":"purchasable","21":"product-type-simple"},"acf":[],"yoast_head":"<!-- This site is optimized with the Yoast SEO plugin v27.0 - https:\/\/yoast.com\/product\/yoast-seo-wordpress\/ -->\n<title>Laura ir Septyni\u0173 m\u0117nuli\u0173 antspaudas<\/title>\n<meta name=\"description\" content=\"K\u0105 gali Haris Poteris, t\u0105 ir Laura padarys! Tai antroji trilogijos knyga apie dr\u0105si\u0105 trylikamet\u0119 mergait\u0119 Laur\u0105, turin\u010di\u0105 fantastini\u0173 gabum\u0173, kuri\u0173 jai\" \/>\n<meta name=\"robots\" content=\"index, follow, max-snippet:-1, max-image-preview:large, max-video-preview:-1\" \/>\n<link rel=\"canonical\" href=\"https:\/\/skaitytaknyga.lt\/en\/produktas\/laura-ir-septyniu-menuliu-antspaudas\/\" \/>\n<meta property=\"og:locale\" content=\"en_GB\" \/>\n<meta property=\"og:locale:alternate\" content=\"lt_LT\" \/>\n<meta property=\"og:type\" content=\"article\" \/>\n<meta property=\"og:title\" content=\"Laura ir Septyni\u0173 m\u0117nuli\u0173 antspaudas\" \/>\n<meta property=\"og:description\" content=\"K\u0105 gali Haris Poteris, t\u0105 ir Laura padarys! Tai antroji trilogijos knyga apie dr\u0105si\u0105 trylikamet\u0119 mergait\u0119 Laur\u0105, turin\u010di\u0105 fantastini\u0173 gabum\u0173, kuri\u0173 jai\" \/>\n<meta property=\"og:url\" content=\"https:\/\/skaitytaknyga.lt\/en\/produktas\/laura-ir-septyniu-menuliu-antspaudas\/\" \/>\n<meta property=\"og:site_name\" content=\"Skaitytaknyga\" \/>\n<meta property=\"article:publisher\" content=\"https:\/\/www.facebook.com\/skaitytaknyga\/\" \/>\n<meta property=\"article:modified_time\" content=\"2025-09-28T17:58:29+00:00\" \/>\n<meta property=\"og:image\" content=\"https:\/\/skaitytaknyga.lt\/wp-content\/uploads\/2025\/04\/Laura-ir-Septyniu-menuliu-antspaudas.webp\" \/>\n\t<meta property=\"og:image:width\" content=\"547\" \/>\n\t<meta property=\"og:image:height\" content=\"800\" \/>\n\t<meta property=\"og:image:type\" content=\"image\/webp\" \/>\n<meta name=\"twitter:card\" content=\"summary_large_image\" \/>\n<meta name=\"twitter:label1\" content=\"Estimated reading time\" \/>\n\t<meta name=\"twitter:data1\" content=\"2 minutes\" \/>\n<script type=\"application\/ld+json\" class=\"yoast-schema-graph\">{\"@context\":\"https:\/\/schema.org\",\"@graph\":[{\"@type\":\"WebPage\",\"@id\":\"https:\/\/skaitytaknyga.lt\/produktas\/laura-ir-septyniu-menuliu-antspaudas\/\",\"url\":\"https:\/\/skaitytaknyga.lt\/produktas\/laura-ir-septyniu-menuliu-antspaudas\/\",\"name\":\"Laura ir Septyni\u0173 m\u0117nuli\u0173 antspaudas\",\"isPartOf\":{\"@id\":\"https:\/\/skaitytaknyga.lt\/#website\"},\"primaryImageOfPage\":{\"@id\":\"https:\/\/skaitytaknyga.lt\/produktas\/laura-ir-septyniu-menuliu-antspaudas\/#primaryimage\"},\"image\":{\"@id\":\"https:\/\/skaitytaknyga.lt\/produktas\/laura-ir-septyniu-menuliu-antspaudas\/#primaryimage\"},\"thumbnailUrl\":\"https:\/\/skaitytaknyga.lt\/wp-content\/uploads\/2025\/04\/Laura-ir-Septyniu-menuliu-antspaudas.webp\",\"datePublished\":\"2025-04-14T06:41:09+00:00\",\"dateModified\":\"2025-09-28T17:58:29+00:00\",\"description\":\"K\u0105 gali Haris Poteris, t\u0105 ir Laura padarys! Tai antroji trilogijos knyga apie dr\u0105si\u0105 trylikamet\u0119 mergait\u0119 Laur\u0105, turin\u010di\u0105 fantastini\u0173 gabum\u0173, kuri\u0173 jai\",\"breadcrumb\":{\"@id\":\"https:\/\/skaitytaknyga.lt\/produktas\/laura-ir-septyniu-menuliu-antspaudas\/#breadcrumb\"},\"inLanguage\":\"en-GB\",\"potentialAction\":[{\"@type\":\"ReadAction\",\"target\":[\"https:\/\/skaitytaknyga.lt\/produktas\/laura-ir-septyniu-menuliu-antspaudas\/\"]}]},{\"@type\":\"ImageObject\",\"inLanguage\":\"en-GB\",\"@id\":\"https:\/\/skaitytaknyga.lt\/produktas\/laura-ir-septyniu-menuliu-antspaudas\/#primaryimage\",\"url\":\"https:\/\/skaitytaknyga.lt\/wp-content\/uploads\/2025\/04\/Laura-ir-Septyniu-menuliu-antspaudas.webp\",\"contentUrl\":\"https:\/\/skaitytaknyga.lt\/wp-content\/uploads\/2025\/04\/Laura-ir-Septyniu-menuliu-antspaudas.webp\",\"width\":547,\"height\":800,\"caption\":\"Laura ir Septyni\u0173 m\u0117nuli\u0173 antspaudas\"},{\"@type\":\"BreadcrumbList\",\"@id\":\"https:\/\/skaitytaknyga.lt\/produktas\/laura-ir-septyniu-menuliu-antspaudas\/#breadcrumb\",\"itemListElement\":[{\"@type\":\"ListItem\",\"position\":1,\"name\":\"Home\",\"item\":\"https:\/\/skaitytaknyga.lt\/\"},{\"@type\":\"ListItem\",\"position\":2,\"name\":\"Parduotuv\u0117\",\"item\":\"https:\/\/skaitytaknyga.lt\/knygu-parduotuve\/\"},{\"@type\":\"ListItem\",\"position\":3,\"name\":\"Laura ir Septyni\u0173 m\u0117nuli\u0173 antspaudas\"}]},{\"@type\":\"WebSite\",\"@id\":\"https:\/\/skaitytaknyga.lt\/#website\",\"url\":\"https:\/\/skaitytaknyga.lt\/\",\"name\":\"skaitytaknyga.lt\",\"description\":\"Skaitytaknyga.lt \u2013 tai ma\u017eas \u0161eimos verslas, kuris prasid\u0117jo nuo meil\u0117s knygoms ir siekio i\u0161gelb\u0117ti knygas nuo likimo prie konteinerio. Kas vienam nereikalingas daiktas \u2013 kitam lobis, o mes esame tarpininkai, kurie padeda abiems tapti laimingesniems ???? \u017dinome kaip nelengva i\u0161gyventi ma\u017eiems verslams, tad nuo \u0161iol, \u010dia rasite ir kit\u0173, ma\u017e\u0173 \u0161eim\u0173 versl\u0173, rank\u0173 darbo, dovan\u0173 sau ir artimiesiems.\",\"publisher\":{\"@id\":\"https:\/\/skaitytaknyga.lt\/#organization\"},\"potentialAction\":[{\"@type\":\"SearchAction\",\"target\":{\"@type\":\"EntryPoint\",\"urlTemplate\":\"https:\/\/skaitytaknyga.lt\/?s={search_term_string}\"},\"query-input\":{\"@type\":\"PropertyValueSpecification\",\"valueRequired\":true,\"valueName\":\"search_term_string\"}}],\"inLanguage\":\"en-GB\"},{\"@type\":\"Organization\",\"@id\":\"https:\/\/skaitytaknyga.lt\/#organization\",\"name\":\"skaitytaknyga.lt\",\"url\":\"https:\/\/skaitytaknyga.lt\/\",\"logo\":{\"@type\":\"ImageObject\",\"inLanguage\":\"en-GB\",\"@id\":\"https:\/\/skaitytaknyga.lt\/#\/schema\/logo\/image\/\",\"url\":\"https:\/\/skaitytaknyga.lt\/wp-content\/uploads\/2024\/05\/cropped-cropped-cropped-02_00843_jt3bggkj1j3HLc7SyY6rEUpg.jpeg\",\"contentUrl\":\"https:\/\/skaitytaknyga.lt\/wp-content\/uploads\/2024\/05\/cropped-cropped-cropped-02_00843_jt3bggkj1j3HLc7SyY6rEUpg.jpeg\",\"width\":1600,\"height\":1600,\"caption\":\"skaitytaknyga.lt\"},\"image\":{\"@id\":\"https:\/\/skaitytaknyga.lt\/#\/schema\/logo\/image\/\"},\"sameAs\":[\"https:\/\/www.facebook.com\/skaitytaknyga\/\"]}]}<\/script>\n<!-- \/ Yoast SEO plugin. -->","yoast_head_json":{"title":"Laura ir Septyni\u0173 m\u0117nuli\u0173 antspaudas","description":"K\u0105 gali Haris Poteris, t\u0105 ir Laura padarys! Tai antroji trilogijos knyga apie dr\u0105si\u0105 trylikamet\u0119 mergait\u0119 Laur\u0105, turin\u010di\u0105 fantastini\u0173 gabum\u0173, kuri\u0173 jai","robots":{"index":"index","follow":"follow","max-snippet":"max-snippet:-1","max-image-preview":"max-image-preview:large","max-video-preview":"max-video-preview:-1"},"canonical":"https:\/\/skaitytaknyga.lt\/en\/produktas\/laura-ir-septyniu-menuliu-antspaudas\/","og_locale":"en_GB","og_type":"article","og_title":"[:lt]Laura ir Septyni\u0173 m\u0117nuli\u0173 antspaudas[:] - Skaitytaknyga","og_description":"K\u0105 gali Haris Poteris, t\u0105 ir Laura padarys! Tai antroji trilogijos knyga apie dr\u0105si\u0105 trylikamet\u0119 mergait\u0119 Laur\u0105, turin\u010di\u0105 fantastini\u0173 gabum\u0173, kuri\u0173 jai","og_url":"https:\/\/skaitytaknyga.lt\/en\/produktas\/laura-ir-septyniu-menuliu-antspaudas\/","og_site_name":"Skaitytaknyga","article_publisher":"https:\/\/www.facebook.com\/skaitytaknyga\/","article_modified_time":"2025-09-28T17:58:29+00:00","og_image":[{"width":547,"height":800,"url":"https:\/\/skaitytaknyga.lt\/wp-content\/uploads\/2025\/04\/Laura-ir-Septyniu-menuliu-antspaudas.webp","type":"image\/webp"}],"twitter_card":"summary_large_image","twitter_misc":{"Estimated reading time":"2 minutes"},"schema":{"@context":"https:\/\/schema.org","@graph":[{"@type":"WebPage","@id":"https:\/\/skaitytaknyga.lt\/produktas\/laura-ir-septyniu-menuliu-antspaudas\/","url":"https:\/\/skaitytaknyga.lt\/produktas\/laura-ir-septyniu-menuliu-antspaudas\/","name":"Laura ir Septyni\u0173 m\u0117nuli\u0173 antspaudas","isPartOf":{"@id":"https:\/\/skaitytaknyga.lt\/#website"},"primaryImageOfPage":{"@id":"https:\/\/skaitytaknyga.lt\/produktas\/laura-ir-septyniu-menuliu-antspaudas\/#primaryimage"},"image":{"@id":"https:\/\/skaitytaknyga.lt\/produktas\/laura-ir-septyniu-menuliu-antspaudas\/#primaryimage"},"thumbnailUrl":"https:\/\/skaitytaknyga.lt\/wp-content\/uploads\/2025\/04\/Laura-ir-Septyniu-menuliu-antspaudas.webp","datePublished":"2025-04-14T06:41:09+00:00","dateModified":"2025-09-28T17:58:29+00:00","description":"K\u0105 gali Haris Poteris, t\u0105 ir Laura padarys! Tai antroji trilogijos knyga apie dr\u0105si\u0105 trylikamet\u0119 mergait\u0119 Laur\u0105, turin\u010di\u0105 fantastini\u0173 gabum\u0173, kuri\u0173 jai","breadcrumb":{"@id":"https:\/\/skaitytaknyga.lt\/produktas\/laura-ir-septyniu-menuliu-antspaudas\/#breadcrumb"},"inLanguage":"en-GB","potentialAction":[{"@type":"ReadAction","target":["https:\/\/skaitytaknyga.lt\/produktas\/laura-ir-septyniu-menuliu-antspaudas\/"]}]},{"@type":"ImageObject","inLanguage":"en-GB","@id":"https:\/\/skaitytaknyga.lt\/produktas\/laura-ir-septyniu-menuliu-antspaudas\/#primaryimage","url":"https:\/\/skaitytaknyga.lt\/wp-content\/uploads\/2025\/04\/Laura-ir-Septyniu-menuliu-antspaudas.webp","contentUrl":"https:\/\/skaitytaknyga.lt\/wp-content\/uploads\/2025\/04\/Laura-ir-Septyniu-menuliu-antspaudas.webp","width":547,"height":800,"caption":"Laura ir Septyni\u0173 m\u0117nuli\u0173 antspaudas"},{"@type":"BreadcrumbList","@id":"https:\/\/skaitytaknyga.lt\/produktas\/laura-ir-septyniu-menuliu-antspaudas\/#breadcrumb","itemListElement":[{"@type":"ListItem","position":1,"name":"Home","item":"https:\/\/skaitytaknyga.lt\/"},{"@type":"ListItem","position":2,"name":"Parduotuv\u0117","item":"https:\/\/skaitytaknyga.lt\/knygu-parduotuve\/"},{"@type":"ListItem","position":3,"name":"Laura ir Septyni\u0173 m\u0117nuli\u0173 antspaudas"}]},{"@type":"WebSite","@id":"https:\/\/skaitytaknyga.lt\/#website","url":"https:\/\/skaitytaknyga.lt\/","name":"skaitytaknyga.lt","description":"Skaitytaknyga.lt \u2013 tai ma\u017eas \u0161eimos verslas, kuris prasid\u0117jo nuo meil\u0117s knygoms ir siekio i\u0161gelb\u0117ti knygas nuo likimo prie konteinerio. Kas vienam nereikalingas daiktas \u2013 kitam lobis, o mes esame tarpininkai, kurie padeda abiems tapti laimingesniems ???? \u017dinome kaip nelengva i\u0161gyventi ma\u017eiems verslams, tad nuo \u0161iol, \u010dia rasite ir kit\u0173, ma\u017e\u0173 \u0161eim\u0173 versl\u0173, rank\u0173 darbo, dovan\u0173 sau ir artimiesiems.","publisher":{"@id":"https:\/\/skaitytaknyga.lt\/#organization"},"potentialAction":[{"@type":"SearchAction","target":{"@type":"EntryPoint","urlTemplate":"https:\/\/skaitytaknyga.lt\/?s={search_term_string}"},"query-input":{"@type":"PropertyValueSpecification","valueRequired":true,"valueName":"search_term_string"}}],"inLanguage":"en-GB"},{"@type":"Organization","@id":"https:\/\/skaitytaknyga.lt\/#organization","name":"skaitytaknyga.lt","url":"https:\/\/skaitytaknyga.lt\/","logo":{"@type":"ImageObject","inLanguage":"en-GB","@id":"https:\/\/skaitytaknyga.lt\/#\/schema\/logo\/image\/","url":"https:\/\/skaitytaknyga.lt\/wp-content\/uploads\/2024\/05\/cropped-cropped-cropped-02_00843_jt3bggkj1j3HLc7SyY6rEUpg.jpeg","contentUrl":"https:\/\/skaitytaknyga.lt\/wp-content\/uploads\/2024\/05\/cropped-cropped-cropped-02_00843_jt3bggkj1j3HLc7SyY6rEUpg.jpeg","width":1600,"height":1600,"caption":"skaitytaknyga.lt"},"image":{"@id":"https:\/\/skaitytaknyga.lt\/#\/schema\/logo\/image\/"},"sameAs":["https:\/\/www.facebook.com\/skaitytaknyga\/"]}]}},"_links":{"self":[{"href":"https:\/\/skaitytaknyga.lt\/en\/wp-json\/wp\/v2\/product\/17742","targetHints":{"allow":["GET"]}}],"collection":[{"href":"https:\/\/skaitytaknyga.lt\/en\/wp-json\/wp\/v2\/product"}],"about":[{"href":"https:\/\/skaitytaknyga.lt\/en\/wp-json\/wp\/v2\/types\/product"}],"replies":[{"embeddable":true,"href":"https:\/\/skaitytaknyga.lt\/en\/wp-json\/wp\/v2\/comments?post=17742"}],"wp:featuredmedia":[{"embeddable":true,"href":"https:\/\/skaitytaknyga.lt\/en\/wp-json\/wp\/v2\/media\/17743"}],"wp:attachment":[{"href":"https:\/\/skaitytaknyga.lt\/en\/wp-json\/wp\/v2\/media?parent=17742"}],"wp:term":[{"taxonomy":"product_brand","embeddable":true,"href":"https:\/\/skaitytaknyga.lt\/en\/wp-json\/wp\/v2\/product_brand?post=17742"},{"taxonomy":"product_cat","embeddable":true,"href":"https:\/\/skaitytaknyga.lt\/en\/wp-json\/wp\/v2\/product_cat?post=17742"},{"taxonomy":"product_tag","embeddable":true,"href":"https:\/\/skaitytaknyga.lt\/en\/wp-json\/wp\/v2\/product_tag?post=17742"}],"curies":[{"name":"wp","href":"https:\/\/api.w.org\/{rel}","templated":true}]}}