{"id":17740,"date":"2025-04-14T09:39:30","date_gmt":"2025-04-14T06:39:30","guid":{"rendered":"https:\/\/skaitytaknyga.lt\/?post_type=product&#038;p=17740"},"modified":"2025-06-12T08:01:22","modified_gmt":"2025-06-12T05:01:22","slug":"vardai-nuo-a-iki-z","status":"publish","type":"product","link":"https:\/\/skaitytaknyga.lt\/en\/produktas\/vardai-nuo-a-iki-z\/","title":{"rendered":"Vardai nuo A iki \u017d"},"content":{"rendered":"<p>Norite su\u017einoti savo, artim\u0173j\u0173 ar draug\u0173 vard\u0173 kilm\u0119, reik\u0161m\u0119? O gal renkate vard\u0105 naujagimiui? Tada knyga \u201eVardai nuo A iki \u017d\u201c tikrai jums.<\/p>\n<p>Be to \u010dia rasite kelis t\u016bkstan\u010dius vard\u0173, kurie primins talentingus menininkus, mokslininkus, mit\u0173 ir literat\u016bros herojus.<\/p>\n<ul class=\"about-product d-none d-xl-block mt-4\">\n<li><strong>Autorius:<\/strong>\u00a0Nijol\u0117 Bla\u017eevi\u010di\u016bt\u0117<\/li>\n<li><strong>Leid\u0117jas:<\/strong>\u00a0Algarv\u0117<\/li>\n<li><strong>Metai:<\/strong>\u00a02007<\/li>\n<li><strong>Puslapiai:<\/strong>\u00a0381<\/li>\n<li class=\"toggleable type-new-formats \"><strong>ISBN:<\/strong>\u00a09789955604655<\/li>\n<li class=\"toggleable type-new-formats \"><strong>Formatas:<\/strong>\u00a012 x 20 cm, kieti vir\u0161eliai<\/li>\n<li><strong>Kalba:<\/strong>\u00a0Lietuvi\u0173<\/li>\n<\/ul>\n","protected":false},"excerpt":{"rendered":"<p>Norite su\u017einoti savo, artim\u0173j\u0173 ar draug\u0173 vard\u0173 kilm\u0119, reik\u0161m\u0119? O gal renkate vard\u0105 naujagimiui? Tada knyga \u201eVardai nuo A iki \u017d\u201c tikrai jums. Be to \u010dia rasite kelis t\u016bkstan\u010dius vard\u0173, kurie primins talentingus menininkus, mokslininkus, mit\u0173 ir literat\u016bros herojus. Autorius:\u00a0Nijol\u0117 Bla\u017eevi\u010di\u016bt\u0117 Leid\u0117jas:\u00a0Algarv\u0117 Metai:\u00a02007 Puslapiai:\u00a0381 ISBN:\u00a09789955604655 Formatas:\u00a012 x 20 cm, kieti vir\u0161eliai Kalba:\u00a0Lietuvi\u0173<\/p>\n","protected":false},"featured_media":17741,"comment_status":"closed","ping_status":"closed","template":"","meta":{"_acf_changed":false,"site-sidebar-layout":"default","site-content-layout":"","ast-site-content-layout":"default","site-content-style":"default","site-sidebar-style":"default","ast-global-header-display":"","ast-banner-title-visibility":"","ast-main-header-display":"","ast-hfb-above-header-display":"","ast-hfb-below-header-display":"","ast-hfb-mobile-header-display":"","site-post-title":"","ast-breadcrumbs-content":"","ast-featured-img":"","footer-sml-layout":"","ast-disable-related-posts":"","theme-transparent-header-meta":"default","adv-header-id-meta":"","stick-header-meta":"","header-above-stick-meta":"","header-main-stick-meta":"","header-below-stick-meta":"","astra-migrate-meta-layouts":"set","ast-page-background-enabled":"default","ast-page-background-meta":{"desktop":{"background-color":"","background-image":"","background-repeat":"repeat","background-position":"center center","background-size":"auto","background-attachment":"scroll","background-type":"","background-media":"","overlay-type":"","overlay-color":"","overlay-opacity":"","overlay-gradient":""},"tablet":{"background-color":"","background-image":"","background-repeat":"repeat","background-position":"center center","background-size":"auto","background-attachment":"scroll","background-type":"","background-media":"","overlay-type":"","overlay-color":"","overlay-opacity":"","overlay-gradient":""},"mobile":{"background-color":"","background-image":"","background-repeat":"repeat","background-position":"center center","background-size":"auto","background-attachment":"scroll","background-type":"","background-media":"","overlay-type":"","overlay-color":"","overlay-opacity":"","overlay-gradient":""}},"ast-content-background-meta":{"desktop":{"background-color":"var(--ast-global-color-4)","background-image":"","background-repeat":"repeat","background-position":"center center","background-size":"auto","background-attachment":"scroll","background-type":"","background-media":"","overlay-type":"","overlay-color":"","overlay-opacity":"","overlay-gradient":""},"tablet":{"background-color":"var(--ast-global-color-4)","background-image":"","background-repeat":"repeat","background-position":"center center","background-size":"auto","background-attachment":"scroll","background-type":"","background-media":"","overlay-type":"","overlay-color":"","overlay-opacity":"","overlay-gradient":""},"mobile":{"background-color":"var(--ast-global-color-4)","background-image":"","background-repeat":"repeat","background-position":"center center","background-size":"auto","background-attachment":"scroll","background-type":"","background-media":"","overlay-type":"","overlay-color":"","overlay-opacity":"","overlay-gradient":""}}},"product_brand":[],"product_cat":[390],"product_tag":[3669,3671,3672,3667,3670,3668],"class_list":{"0":"post-17740","1":"product","2":"type-product","3":"status-publish","4":"has-post-thumbnail","6":"product_cat-kalba-kalbotyra-zodynai","7":"product_tag-kilme","8":"product_tag-menininkai","9":"product_tag-mokslininkai","10":"product_tag-nijole-blazeviciute","11":"product_tag-reiksme","12":"product_tag-vardai","13":"desktop-align-left","14":"tablet-align-left","15":"mobile-align-left","17":"first","18":"instock","19":"shipping-taxable","20":"purchasable","21":"product-type-simple"},"acf":[],"yoast_head":"<!-- This site is optimized with the Yoast SEO plugin v27.0 - https:\/\/yoast.com\/product\/yoast-seo-wordpress\/ -->\n<title>Vardai nuo A iki \u017d<\/title>\n<meta name=\"description\" content=\"Norite su\u017einoti savo, artim\u0173j\u0173 ar draug\u0173 vard\u0173 kilm\u0119, reik\u0161m\u0119? O gal renkate vard\u0105 naujagimiui? Tada knyga \u201eVardai nuo A iki \u017d\u201c tikrai jums. Be to \u010dia\" \/>\n<meta name=\"robots\" content=\"index, follow, max-snippet:-1, max-image-preview:large, max-video-preview:-1\" \/>\n<link rel=\"canonical\" href=\"https:\/\/skaitytaknyga.lt\/en\/produktas\/vardai-nuo-a-iki-z\/\" \/>\n<meta property=\"og:locale\" content=\"en_GB\" \/>\n<meta property=\"og:locale:alternate\" content=\"lt_LT\" \/>\n<meta property=\"og:type\" content=\"article\" \/>\n<meta property=\"og:title\" content=\"Vardai nuo A iki \u017d\" \/>\n<meta property=\"og:description\" content=\"Norite su\u017einoti savo, artim\u0173j\u0173 ar draug\u0173 vard\u0173 kilm\u0119, reik\u0161m\u0119? O gal renkate vard\u0105 naujagimiui? Tada knyga \u201eVardai nuo A iki \u017d\u201c tikrai jums. Be to \u010dia\" \/>\n<meta property=\"og:url\" content=\"https:\/\/skaitytaknyga.lt\/en\/produktas\/vardai-nuo-a-iki-z\/\" \/>\n<meta property=\"og:site_name\" content=\"Skaitytaknyga\" \/>\n<meta property=\"article:publisher\" content=\"https:\/\/www.facebook.com\/skaitytaknyga\/\" \/>\n<meta property=\"article:modified_time\" content=\"2025-06-12T05:01:22+00:00\" \/>\n<meta property=\"og:image\" content=\"https:\/\/skaitytaknyga.lt\/wp-content\/uploads\/2025\/04\/Vardai-nuo-A-iki-Z.webp\" \/>\n\t<meta property=\"og:image:width\" content=\"479\" \/>\n\t<meta property=\"og:image:height\" content=\"800\" \/>\n\t<meta property=\"og:image:type\" content=\"image\/webp\" \/>\n<meta name=\"twitter:card\" content=\"summary_large_image\" \/>\n<meta name=\"twitter:label1\" content=\"Estimated reading time\" \/>\n\t<meta name=\"twitter:data1\" content=\"1 minute\" \/>\n<script type=\"application\/ld+json\" class=\"yoast-schema-graph\">{\"@context\":\"https:\/\/schema.org\",\"@graph\":[{\"@type\":\"WebPage\",\"@id\":\"https:\/\/skaitytaknyga.lt\/produktas\/vardai-nuo-a-iki-z\/\",\"url\":\"https:\/\/skaitytaknyga.lt\/produktas\/vardai-nuo-a-iki-z\/\",\"name\":\"Vardai nuo A iki \u017d\",\"isPartOf\":{\"@id\":\"https:\/\/skaitytaknyga.lt\/#website\"},\"primaryImageOfPage\":{\"@id\":\"https:\/\/skaitytaknyga.lt\/produktas\/vardai-nuo-a-iki-z\/#primaryimage\"},\"image\":{\"@id\":\"https:\/\/skaitytaknyga.lt\/produktas\/vardai-nuo-a-iki-z\/#primaryimage\"},\"thumbnailUrl\":\"https:\/\/skaitytaknyga.lt\/wp-content\/uploads\/2025\/04\/Vardai-nuo-A-iki-Z.webp\",\"datePublished\":\"2025-04-14T06:39:30+00:00\",\"dateModified\":\"2025-06-12T05:01:22+00:00\",\"description\":\"Norite su\u017einoti savo, artim\u0173j\u0173 ar draug\u0173 vard\u0173 kilm\u0119, reik\u0161m\u0119? O gal renkate vard\u0105 naujagimiui? Tada knyga \u201eVardai nuo A iki \u017d\u201c tikrai jums. Be to \u010dia\",\"breadcrumb\":{\"@id\":\"https:\/\/skaitytaknyga.lt\/produktas\/vardai-nuo-a-iki-z\/#breadcrumb\"},\"inLanguage\":\"en-GB\",\"potentialAction\":[{\"@type\":\"ReadAction\",\"target\":[\"https:\/\/skaitytaknyga.lt\/produktas\/vardai-nuo-a-iki-z\/\"]}]},{\"@type\":\"ImageObject\",\"inLanguage\":\"en-GB\",\"@id\":\"https:\/\/skaitytaknyga.lt\/produktas\/vardai-nuo-a-iki-z\/#primaryimage\",\"url\":\"https:\/\/skaitytaknyga.lt\/wp-content\/uploads\/2025\/04\/Vardai-nuo-A-iki-Z.webp\",\"contentUrl\":\"https:\/\/skaitytaknyga.lt\/wp-content\/uploads\/2025\/04\/Vardai-nuo-A-iki-Z.webp\",\"width\":479,\"height\":800,\"caption\":\"Vardai nuo A iki \u017d\"},{\"@type\":\"BreadcrumbList\",\"@id\":\"https:\/\/skaitytaknyga.lt\/produktas\/vardai-nuo-a-iki-z\/#breadcrumb\",\"itemListElement\":[{\"@type\":\"ListItem\",\"position\":1,\"name\":\"Home\",\"item\":\"https:\/\/skaitytaknyga.lt\/\"},{\"@type\":\"ListItem\",\"position\":2,\"name\":\"Parduotuv\u0117\",\"item\":\"https:\/\/skaitytaknyga.lt\/knygu-parduotuve\/\"},{\"@type\":\"ListItem\",\"position\":3,\"name\":\"Vardai nuo A iki \u017d\"}]},{\"@type\":\"WebSite\",\"@id\":\"https:\/\/skaitytaknyga.lt\/#website\",\"url\":\"https:\/\/skaitytaknyga.lt\/\",\"name\":\"skaitytaknyga.lt\",\"description\":\"Skaitytaknyga.lt \u2013 tai ma\u017eas \u0161eimos verslas, kuris prasid\u0117jo nuo meil\u0117s knygoms ir siekio i\u0161gelb\u0117ti knygas nuo likimo prie konteinerio. Kas vienam nereikalingas daiktas \u2013 kitam lobis, o mes esame tarpininkai, kurie padeda abiems tapti laimingesniems ???? \u017dinome kaip nelengva i\u0161gyventi ma\u017eiems verslams, tad nuo \u0161iol, \u010dia rasite ir kit\u0173, ma\u017e\u0173 \u0161eim\u0173 versl\u0173, rank\u0173 darbo, dovan\u0173 sau ir artimiesiems.\",\"publisher\":{\"@id\":\"https:\/\/skaitytaknyga.lt\/#organization\"},\"potentialAction\":[{\"@type\":\"SearchAction\",\"target\":{\"@type\":\"EntryPoint\",\"urlTemplate\":\"https:\/\/skaitytaknyga.lt\/?s={search_term_string}\"},\"query-input\":{\"@type\":\"PropertyValueSpecification\",\"valueRequired\":true,\"valueName\":\"search_term_string\"}}],\"inLanguage\":\"en-GB\"},{\"@type\":\"Organization\",\"@id\":\"https:\/\/skaitytaknyga.lt\/#organization\",\"name\":\"skaitytaknyga.lt\",\"url\":\"https:\/\/skaitytaknyga.lt\/\",\"logo\":{\"@type\":\"ImageObject\",\"inLanguage\":\"en-GB\",\"@id\":\"https:\/\/skaitytaknyga.lt\/#\/schema\/logo\/image\/\",\"url\":\"https:\/\/skaitytaknyga.lt\/wp-content\/uploads\/2024\/05\/cropped-cropped-cropped-02_00843_jt3bggkj1j3HLc7SyY6rEUpg.jpeg\",\"contentUrl\":\"https:\/\/skaitytaknyga.lt\/wp-content\/uploads\/2024\/05\/cropped-cropped-cropped-02_00843_jt3bggkj1j3HLc7SyY6rEUpg.jpeg\",\"width\":1600,\"height\":1600,\"caption\":\"skaitytaknyga.lt\"},\"image\":{\"@id\":\"https:\/\/skaitytaknyga.lt\/#\/schema\/logo\/image\/\"},\"sameAs\":[\"https:\/\/www.facebook.com\/skaitytaknyga\/\"]}]}<\/script>\n<!-- \/ Yoast SEO plugin. -->","yoast_head_json":{"title":"Vardai nuo A iki \u017d","description":"Norite su\u017einoti savo, artim\u0173j\u0173 ar draug\u0173 vard\u0173 kilm\u0119, reik\u0161m\u0119? O gal renkate vard\u0105 naujagimiui? Tada knyga \u201eVardai nuo A iki \u017d\u201c tikrai jums. Be to \u010dia","robots":{"index":"index","follow":"follow","max-snippet":"max-snippet:-1","max-image-preview":"max-image-preview:large","max-video-preview":"max-video-preview:-1"},"canonical":"https:\/\/skaitytaknyga.lt\/en\/produktas\/vardai-nuo-a-iki-z\/","og_locale":"en_GB","og_type":"article","og_title":"[:lt]Vardai nuo A iki \u017d[:] - Skaitytaknyga","og_description":"Norite su\u017einoti savo, artim\u0173j\u0173 ar draug\u0173 vard\u0173 kilm\u0119, reik\u0161m\u0119? O gal renkate vard\u0105 naujagimiui? Tada knyga \u201eVardai nuo A iki \u017d\u201c tikrai jums. Be to \u010dia","og_url":"https:\/\/skaitytaknyga.lt\/en\/produktas\/vardai-nuo-a-iki-z\/","og_site_name":"Skaitytaknyga","article_publisher":"https:\/\/www.facebook.com\/skaitytaknyga\/","article_modified_time":"2025-06-12T05:01:22+00:00","og_image":[{"width":479,"height":800,"url":"https:\/\/skaitytaknyga.lt\/wp-content\/uploads\/2025\/04\/Vardai-nuo-A-iki-Z.webp","type":"image\/webp"}],"twitter_card":"summary_large_image","twitter_misc":{"Estimated reading time":"1 minute"},"schema":{"@context":"https:\/\/schema.org","@graph":[{"@type":"WebPage","@id":"https:\/\/skaitytaknyga.lt\/produktas\/vardai-nuo-a-iki-z\/","url":"https:\/\/skaitytaknyga.lt\/produktas\/vardai-nuo-a-iki-z\/","name":"Vardai nuo A iki \u017d","isPartOf":{"@id":"https:\/\/skaitytaknyga.lt\/#website"},"primaryImageOfPage":{"@id":"https:\/\/skaitytaknyga.lt\/produktas\/vardai-nuo-a-iki-z\/#primaryimage"},"image":{"@id":"https:\/\/skaitytaknyga.lt\/produktas\/vardai-nuo-a-iki-z\/#primaryimage"},"thumbnailUrl":"https:\/\/skaitytaknyga.lt\/wp-content\/uploads\/2025\/04\/Vardai-nuo-A-iki-Z.webp","datePublished":"2025-04-14T06:39:30+00:00","dateModified":"2025-06-12T05:01:22+00:00","description":"Norite su\u017einoti savo, artim\u0173j\u0173 ar draug\u0173 vard\u0173 kilm\u0119, reik\u0161m\u0119? O gal renkate vard\u0105 naujagimiui? Tada knyga \u201eVardai nuo A iki \u017d\u201c tikrai jums. Be to \u010dia","breadcrumb":{"@id":"https:\/\/skaitytaknyga.lt\/produktas\/vardai-nuo-a-iki-z\/#breadcrumb"},"inLanguage":"en-GB","potentialAction":[{"@type":"ReadAction","target":["https:\/\/skaitytaknyga.lt\/produktas\/vardai-nuo-a-iki-z\/"]}]},{"@type":"ImageObject","inLanguage":"en-GB","@id":"https:\/\/skaitytaknyga.lt\/produktas\/vardai-nuo-a-iki-z\/#primaryimage","url":"https:\/\/skaitytaknyga.lt\/wp-content\/uploads\/2025\/04\/Vardai-nuo-A-iki-Z.webp","contentUrl":"https:\/\/skaitytaknyga.lt\/wp-content\/uploads\/2025\/04\/Vardai-nuo-A-iki-Z.webp","width":479,"height":800,"caption":"Vardai nuo A iki \u017d"},{"@type":"BreadcrumbList","@id":"https:\/\/skaitytaknyga.lt\/produktas\/vardai-nuo-a-iki-z\/#breadcrumb","itemListElement":[{"@type":"ListItem","position":1,"name":"Home","item":"https:\/\/skaitytaknyga.lt\/"},{"@type":"ListItem","position":2,"name":"Parduotuv\u0117","item":"https:\/\/skaitytaknyga.lt\/knygu-parduotuve\/"},{"@type":"ListItem","position":3,"name":"Vardai nuo A iki \u017d"}]},{"@type":"WebSite","@id":"https:\/\/skaitytaknyga.lt\/#website","url":"https:\/\/skaitytaknyga.lt\/","name":"skaitytaknyga.lt","description":"Skaitytaknyga.lt \u2013 tai ma\u017eas \u0161eimos verslas, kuris prasid\u0117jo nuo meil\u0117s knygoms ir siekio i\u0161gelb\u0117ti knygas nuo likimo prie konteinerio. Kas vienam nereikalingas daiktas \u2013 kitam lobis, o mes esame tarpininkai, kurie padeda abiems tapti laimingesniems ???? \u017dinome kaip nelengva i\u0161gyventi ma\u017eiems verslams, tad nuo \u0161iol, \u010dia rasite ir kit\u0173, ma\u017e\u0173 \u0161eim\u0173 versl\u0173, rank\u0173 darbo, dovan\u0173 sau ir artimiesiems.","publisher":{"@id":"https:\/\/skaitytaknyga.lt\/#organization"},"potentialAction":[{"@type":"SearchAction","target":{"@type":"EntryPoint","urlTemplate":"https:\/\/skaitytaknyga.lt\/?s={search_term_string}"},"query-input":{"@type":"PropertyValueSpecification","valueRequired":true,"valueName":"search_term_string"}}],"inLanguage":"en-GB"},{"@type":"Organization","@id":"https:\/\/skaitytaknyga.lt\/#organization","name":"skaitytaknyga.lt","url":"https:\/\/skaitytaknyga.lt\/","logo":{"@type":"ImageObject","inLanguage":"en-GB","@id":"https:\/\/skaitytaknyga.lt\/#\/schema\/logo\/image\/","url":"https:\/\/skaitytaknyga.lt\/wp-content\/uploads\/2024\/05\/cropped-cropped-cropped-02_00843_jt3bggkj1j3HLc7SyY6rEUpg.jpeg","contentUrl":"https:\/\/skaitytaknyga.lt\/wp-content\/uploads\/2024\/05\/cropped-cropped-cropped-02_00843_jt3bggkj1j3HLc7SyY6rEUpg.jpeg","width":1600,"height":1600,"caption":"skaitytaknyga.lt"},"image":{"@id":"https:\/\/skaitytaknyga.lt\/#\/schema\/logo\/image\/"},"sameAs":["https:\/\/www.facebook.com\/skaitytaknyga\/"]}]}},"_links":{"self":[{"href":"https:\/\/skaitytaknyga.lt\/en\/wp-json\/wp\/v2\/product\/17740","targetHints":{"allow":["GET"]}}],"collection":[{"href":"https:\/\/skaitytaknyga.lt\/en\/wp-json\/wp\/v2\/product"}],"about":[{"href":"https:\/\/skaitytaknyga.lt\/en\/wp-json\/wp\/v2\/types\/product"}],"replies":[{"embeddable":true,"href":"https:\/\/skaitytaknyga.lt\/en\/wp-json\/wp\/v2\/comments?post=17740"}],"wp:featuredmedia":[{"embeddable":true,"href":"https:\/\/skaitytaknyga.lt\/en\/wp-json\/wp\/v2\/media\/17741"}],"wp:attachment":[{"href":"https:\/\/skaitytaknyga.lt\/en\/wp-json\/wp\/v2\/media?parent=17740"}],"wp:term":[{"taxonomy":"product_brand","embeddable":true,"href":"https:\/\/skaitytaknyga.lt\/en\/wp-json\/wp\/v2\/product_brand?post=17740"},{"taxonomy":"product_cat","embeddable":true,"href":"https:\/\/skaitytaknyga.lt\/en\/wp-json\/wp\/v2\/product_cat?post=17740"},{"taxonomy":"product_tag","embeddable":true,"href":"https:\/\/skaitytaknyga.lt\/en\/wp-json\/wp\/v2\/product_tag?post=17740"}],"curies":[{"name":"wp","href":"https:\/\/api.w.org\/{rel}","templated":true}]}}