{"id":17736,"date":"2025-04-14T09:27:10","date_gmt":"2025-04-14T06:27:10","guid":{"rendered":"https:\/\/skaitytaknyga.lt\/?post_type=product&#038;p=17736"},"modified":"2025-05-15T15:21:07","modified_gmt":"2025-05-15T12:21:07","slug":"parduotuviu-maniake-isteka","status":"publish","type":"product","link":"https:\/\/skaitytaknyga.lt\/en\/produktas\/parduotuviu-maniake-isteka\/","title":{"rendered":"Parduotuvi\u0173 maniak\u0117 i\u0161teka"},"content":{"rendered":"<p>Rebekos Blumvud gyvenime \u2013 vien staigmenos ir netik\u0117tumai. I\u0161tek\u0117jusi Sjuzi tiesiai \u012f rankas savo geriausiai draugei \u012fbruka vestuvin\u0119 puok\u0161t\u0119, ir vos po keli\u0173 akimirk\u0173 Rebekai pasiper\u0161a Lukas. O tada Bekei atsiveria tikras svajoni\u0173 i\u0161sipildymo ir nuostabi\u0173 galimybi\u0173 lobynas!<\/p>\n<p>Nori \u2013 vestuves tau i\u0161kels Oks\u0161ote, bet gali rinktis ir prabang\u0173 \u201ePlaza\u201c vie\u0161but\u012f Niujorke \u2013 tuo pasir\u016bpins Luko mama. O jei svajoji apie vestuves ir Oks\u0161ote, ir Niujorke? Jei i\u0161 trisde\u0161imt penki\u0173 nuotakos sukneli\u0173 i\u0161sirinkai trisde\u0161imt dvi?<\/p>\n<p>\u010cia jau gerokai teks pasukti galv\u0105\u2026<\/p>\n<ul class=\"about-product d-none d-xl-block mt-4\">\n<li><strong>Originalus pavadinimas:<\/strong>\u00a0Shopaholic Ties the Knot<\/li>\n<li><strong>Autorius:<\/strong>\u00a0Sophie Kinsella<\/li>\n<li><strong>Leid\u0117jas:<\/strong>\u00a0Jotema<\/li>\n<li><strong>Metai:<\/strong>\u00a02008<\/li>\n<li><strong>Puslapiai:<\/strong>\u00a0336<\/li>\n<li class=\"toggleable type-new-formats \"><strong>ISBN:<\/strong>\u00a09789955131656<\/li>\n<li><strong>Versijos kodas:<\/strong>\u00a0PS<\/li>\n<li class=\"toggleable type-new-formats \"><strong>Formatas:<\/strong>\u00a014,5 x 22 cm, kieti vir\u0161eliai<\/li>\n<li><strong>Kalba:<\/strong>\u00a0Lietuvi\u0173<\/li>\n<li><strong>Vert\u0117jas:<\/strong>\u00a0Paulina Kruglinskien\u0117<\/li>\n<\/ul>\n","protected":false},"excerpt":{"rendered":"<p>Rebekos Blumvud gyvenime \u2013 vien staigmenos ir netik\u0117tumai. I\u0161tek\u0117jusi Sjuzi tiesiai \u012f rankas savo geriausiai draugei \u012fbruka vestuvin\u0119 puok\u0161t\u0119, ir vos po keli\u0173 akimirk\u0173 Rebekai pasiper\u0161a Lukas. O tada Bekei atsiveria tikras svajoni\u0173 i\u0161sipildymo ir nuostabi\u0173 galimybi\u0173 lobynas! Nori \u2013 vestuves tau i\u0161kels Oks\u0161ote, bet gali rinktis ir prabang\u0173 \u201ePlaza\u201c vie\u0161but\u012f Niujorke \u2013 tuo pasir\u016bpins Luko mama. O jei svajoji apie vestuves ir Oks\u0161ote, ir Niujorke? Jei i\u0161 trisde\u0161imt penki\u0173 nuotakos sukneli\u0173 i\u0161sirinkai trisde\u0161imt dvi? \u010cia jau gerokai teks pasukti galv\u0105\u2026 Originalus pavadinimas:\u00a0Shopaholic Ties the Knot Autorius:\u00a0Sophie Kinsella Leid\u0117jas:\u00a0Jotema Metai:\u00a02008 Puslapiai:\u00a0336 ISBN:\u00a09789955131656 Versijos kodas:\u00a0PS Formatas:\u00a014,5 x 22 cm, kieti vir\u0161eliai Kalba:\u00a0Lietuvi\u0173 Vert\u0117jas:\u00a0Paulina Kruglinskien\u0117<\/p>\n","protected":false},"featured_media":17737,"comment_status":"open","ping_status":"closed","template":"","meta":{"_acf_changed":false,"site-sidebar-layout":"default","site-content-layout":"","ast-site-content-layout":"default","site-content-style":"default","site-sidebar-style":"default","ast-global-header-display":"","ast-banner-title-visibility":"","ast-main-header-display":"","ast-hfb-above-header-display":"","ast-hfb-below-header-display":"","ast-hfb-mobile-header-display":"","site-post-title":"","ast-breadcrumbs-content":"","ast-featured-img":"","footer-sml-layout":"","ast-disable-related-posts":"","theme-transparent-header-meta":"default","adv-header-id-meta":"","stick-header-meta":"","header-above-stick-meta":"","header-main-stick-meta":"","header-below-stick-meta":"","astra-migrate-meta-layouts":"set","ast-page-background-enabled":"default","ast-page-background-meta":{"desktop":{"background-color":"","background-image":"","background-repeat":"repeat","background-position":"center center","background-size":"auto","background-attachment":"scroll","background-type":"","background-media":"","overlay-type":"","overlay-color":"","overlay-opacity":"","overlay-gradient":""},"tablet":{"background-color":"","background-image":"","background-repeat":"repeat","background-position":"center center","background-size":"auto","background-attachment":"scroll","background-type":"","background-media":"","overlay-type":"","overlay-color":"","overlay-opacity":"","overlay-gradient":""},"mobile":{"background-color":"","background-image":"","background-repeat":"repeat","background-position":"center center","background-size":"auto","background-attachment":"scroll","background-type":"","background-media":"","overlay-type":"","overlay-color":"","overlay-opacity":"","overlay-gradient":""}},"ast-content-background-meta":{"desktop":{"background-color":"var(--ast-global-color-4)","background-image":"","background-repeat":"repeat","background-position":"center center","background-size":"auto","background-attachment":"scroll","background-type":"","background-media":"","overlay-type":"","overlay-color":"","overlay-opacity":"","overlay-gradient":""},"tablet":{"background-color":"var(--ast-global-color-4)","background-image":"","background-repeat":"repeat","background-position":"center center","background-size":"auto","background-attachment":"scroll","background-type":"","background-media":"","overlay-type":"","overlay-color":"","overlay-opacity":"","overlay-gradient":""},"mobile":{"background-color":"var(--ast-global-color-4)","background-image":"","background-repeat":"repeat","background-position":"center center","background-size":"auto","background-attachment":"scroll","background-type":"","background-media":"","overlay-type":"","overlay-color":"","overlay-opacity":"","overlay-gradient":""}}},"product_brand":[],"product_cat":[31,15],"product_tag":[1647,2407,2129,3661,3662],"class_list":{"0":"post-17736","1":"product","2":"type-product","3":"status-publish","4":"has-post-thumbnail","6":"product_cat-grozine-literatura","7":"product_cat-uncategorized","8":"product_tag-draugyste","9":"product_tag-gyvenimo-pokyciai","10":"product_tag-romantika","11":"product_tag-sophie-kinsella","12":"product_tag-vestuves","13":"desktop-align-left","14":"tablet-align-left","15":"mobile-align-left","17":"first","18":"instock","19":"shipping-taxable","20":"purchasable","21":"product-type-simple"},"acf":[],"yoast_head":"<!-- This site is optimized with the Yoast SEO plugin v27.0 - https:\/\/yoast.com\/product\/yoast-seo-wordpress\/ -->\n<title>Parduotuvi\u0173 maniak\u0117 i\u0161teka<\/title>\n<meta name=\"description\" content=\"Rebekos Blumvud gyvenime \u2013 vien staigmenos ir netik\u0117tumai. I\u0161tek\u0117jusi Sjuzi tiesiai \u012f rankas savo geriausiai draugei \u012fbruka vestuvin\u0119 puok\u0161t\u0119, ir vos po\" \/>\n<meta name=\"robots\" content=\"index, follow, max-snippet:-1, max-image-preview:large, max-video-preview:-1\" \/>\n<link rel=\"canonical\" href=\"https:\/\/skaitytaknyga.lt\/en\/produktas\/parduotuviu-maniake-isteka\/\" \/>\n<meta property=\"og:locale\" content=\"en_GB\" \/>\n<meta property=\"og:locale:alternate\" content=\"lt_LT\" \/>\n<meta property=\"og:type\" content=\"article\" \/>\n<meta property=\"og:title\" content=\"Parduotuvi\u0173 maniak\u0117 i\u0161teka\" \/>\n<meta property=\"og:description\" content=\"Rebekos Blumvud gyvenime \u2013 vien staigmenos ir netik\u0117tumai. I\u0161tek\u0117jusi Sjuzi tiesiai \u012f rankas savo geriausiai draugei \u012fbruka vestuvin\u0119 puok\u0161t\u0119, ir vos po\" \/>\n<meta property=\"og:url\" content=\"https:\/\/skaitytaknyga.lt\/en\/produktas\/parduotuviu-maniake-isteka\/\" \/>\n<meta property=\"og:site_name\" content=\"Skaitytaknyga\" \/>\n<meta property=\"article:publisher\" content=\"https:\/\/www.facebook.com\/skaitytaknyga\/\" \/>\n<meta property=\"article:modified_time\" content=\"2025-05-15T12:21:07+00:00\" \/>\n<meta property=\"og:image\" content=\"https:\/\/skaitytaknyga.lt\/wp-content\/uploads\/2025\/04\/Parduotuviu-maniake-isteka.webp\" \/>\n\t<meta property=\"og:image:width\" content=\"505\" \/>\n\t<meta property=\"og:image:height\" content=\"800\" \/>\n\t<meta property=\"og:image:type\" content=\"image\/webp\" \/>\n<meta name=\"twitter:card\" content=\"summary_large_image\" \/>\n<meta name=\"twitter:label1\" content=\"Estimated reading time\" \/>\n\t<meta name=\"twitter:data1\" content=\"1 minute\" \/>\n<script type=\"application\/ld+json\" class=\"yoast-schema-graph\">{\"@context\":\"https:\/\/schema.org\",\"@graph\":[{\"@type\":\"WebPage\",\"@id\":\"https:\/\/skaitytaknyga.lt\/produktas\/parduotuviu-maniake-isteka\/\",\"url\":\"https:\/\/skaitytaknyga.lt\/produktas\/parduotuviu-maniake-isteka\/\",\"name\":\"Parduotuvi\u0173 maniak\u0117 i\u0161teka\",\"isPartOf\":{\"@id\":\"https:\/\/skaitytaknyga.lt\/#website\"},\"primaryImageOfPage\":{\"@id\":\"https:\/\/skaitytaknyga.lt\/produktas\/parduotuviu-maniake-isteka\/#primaryimage\"},\"image\":{\"@id\":\"https:\/\/skaitytaknyga.lt\/produktas\/parduotuviu-maniake-isteka\/#primaryimage\"},\"thumbnailUrl\":\"https:\/\/skaitytaknyga.lt\/wp-content\/uploads\/2025\/04\/Parduotuviu-maniake-isteka.webp\",\"datePublished\":\"2025-04-14T06:27:10+00:00\",\"dateModified\":\"2025-05-15T12:21:07+00:00\",\"description\":\"Rebekos Blumvud gyvenime \u2013 vien staigmenos ir netik\u0117tumai. I\u0161tek\u0117jusi Sjuzi tiesiai \u012f rankas savo geriausiai draugei \u012fbruka vestuvin\u0119 puok\u0161t\u0119, ir vos po\",\"breadcrumb\":{\"@id\":\"https:\/\/skaitytaknyga.lt\/produktas\/parduotuviu-maniake-isteka\/#breadcrumb\"},\"inLanguage\":\"en-GB\",\"potentialAction\":[{\"@type\":\"ReadAction\",\"target\":[\"https:\/\/skaitytaknyga.lt\/produktas\/parduotuviu-maniake-isteka\/\"]}]},{\"@type\":\"ImageObject\",\"inLanguage\":\"en-GB\",\"@id\":\"https:\/\/skaitytaknyga.lt\/produktas\/parduotuviu-maniake-isteka\/#primaryimage\",\"url\":\"https:\/\/skaitytaknyga.lt\/wp-content\/uploads\/2025\/04\/Parduotuviu-maniake-isteka.webp\",\"contentUrl\":\"https:\/\/skaitytaknyga.lt\/wp-content\/uploads\/2025\/04\/Parduotuviu-maniake-isteka.webp\",\"width\":505,\"height\":800,\"caption\":\"Parduotuvi\u0173 maniak\u0117 i\u0161teka\"},{\"@type\":\"BreadcrumbList\",\"@id\":\"https:\/\/skaitytaknyga.lt\/produktas\/parduotuviu-maniake-isteka\/#breadcrumb\",\"itemListElement\":[{\"@type\":\"ListItem\",\"position\":1,\"name\":\"Home\",\"item\":\"https:\/\/skaitytaknyga.lt\/\"},{\"@type\":\"ListItem\",\"position\":2,\"name\":\"Parduotuv\u0117\",\"item\":\"https:\/\/skaitytaknyga.lt\/knygu-parduotuve\/\"},{\"@type\":\"ListItem\",\"position\":3,\"name\":\"Parduotuvi\u0173 maniak\u0117 i\u0161teka\"}]},{\"@type\":\"WebSite\",\"@id\":\"https:\/\/skaitytaknyga.lt\/#website\",\"url\":\"https:\/\/skaitytaknyga.lt\/\",\"name\":\"skaitytaknyga.lt\",\"description\":\"Skaitytaknyga.lt \u2013 tai ma\u017eas \u0161eimos verslas, kuris prasid\u0117jo nuo meil\u0117s knygoms ir siekio i\u0161gelb\u0117ti knygas nuo likimo prie konteinerio. Kas vienam nereikalingas daiktas \u2013 kitam lobis, o mes esame tarpininkai, kurie padeda abiems tapti laimingesniems ???? \u017dinome kaip nelengva i\u0161gyventi ma\u017eiems verslams, tad nuo \u0161iol, \u010dia rasite ir kit\u0173, ma\u017e\u0173 \u0161eim\u0173 versl\u0173, rank\u0173 darbo, dovan\u0173 sau ir artimiesiems.\",\"publisher\":{\"@id\":\"https:\/\/skaitytaknyga.lt\/#organization\"},\"potentialAction\":[{\"@type\":\"SearchAction\",\"target\":{\"@type\":\"EntryPoint\",\"urlTemplate\":\"https:\/\/skaitytaknyga.lt\/?s={search_term_string}\"},\"query-input\":{\"@type\":\"PropertyValueSpecification\",\"valueRequired\":true,\"valueName\":\"search_term_string\"}}],\"inLanguage\":\"en-GB\"},{\"@type\":\"Organization\",\"@id\":\"https:\/\/skaitytaknyga.lt\/#organization\",\"name\":\"skaitytaknyga.lt\",\"url\":\"https:\/\/skaitytaknyga.lt\/\",\"logo\":{\"@type\":\"ImageObject\",\"inLanguage\":\"en-GB\",\"@id\":\"https:\/\/skaitytaknyga.lt\/#\/schema\/logo\/image\/\",\"url\":\"https:\/\/skaitytaknyga.lt\/wp-content\/uploads\/2024\/05\/cropped-cropped-cropped-02_00843_jt3bggkj1j3HLc7SyY6rEUpg.jpeg\",\"contentUrl\":\"https:\/\/skaitytaknyga.lt\/wp-content\/uploads\/2024\/05\/cropped-cropped-cropped-02_00843_jt3bggkj1j3HLc7SyY6rEUpg.jpeg\",\"width\":1600,\"height\":1600,\"caption\":\"skaitytaknyga.lt\"},\"image\":{\"@id\":\"https:\/\/skaitytaknyga.lt\/#\/schema\/logo\/image\/\"},\"sameAs\":[\"https:\/\/www.facebook.com\/skaitytaknyga\/\"]}]}<\/script>\n<!-- \/ Yoast SEO plugin. -->","yoast_head_json":{"title":"Parduotuvi\u0173 maniak\u0117 i\u0161teka","description":"Rebekos Blumvud gyvenime \u2013 vien staigmenos ir netik\u0117tumai. I\u0161tek\u0117jusi Sjuzi tiesiai \u012f rankas savo geriausiai draugei \u012fbruka vestuvin\u0119 puok\u0161t\u0119, ir vos po","robots":{"index":"index","follow":"follow","max-snippet":"max-snippet:-1","max-image-preview":"max-image-preview:large","max-video-preview":"max-video-preview:-1"},"canonical":"https:\/\/skaitytaknyga.lt\/en\/produktas\/parduotuviu-maniake-isteka\/","og_locale":"en_GB","og_type":"article","og_title":"[:lt]Parduotuvi\u0173 maniak\u0117 i\u0161teka[:] - Skaitytaknyga","og_description":"Rebekos Blumvud gyvenime \u2013 vien staigmenos ir netik\u0117tumai. I\u0161tek\u0117jusi Sjuzi tiesiai \u012f rankas savo geriausiai draugei \u012fbruka vestuvin\u0119 puok\u0161t\u0119, ir vos po","og_url":"https:\/\/skaitytaknyga.lt\/en\/produktas\/parduotuviu-maniake-isteka\/","og_site_name":"Skaitytaknyga","article_publisher":"https:\/\/www.facebook.com\/skaitytaknyga\/","article_modified_time":"2025-05-15T12:21:07+00:00","og_image":[{"width":505,"height":800,"url":"https:\/\/skaitytaknyga.lt\/wp-content\/uploads\/2025\/04\/Parduotuviu-maniake-isteka.webp","type":"image\/webp"}],"twitter_card":"summary_large_image","twitter_misc":{"Estimated reading time":"1 minute"},"schema":{"@context":"https:\/\/schema.org","@graph":[{"@type":"WebPage","@id":"https:\/\/skaitytaknyga.lt\/produktas\/parduotuviu-maniake-isteka\/","url":"https:\/\/skaitytaknyga.lt\/produktas\/parduotuviu-maniake-isteka\/","name":"Parduotuvi\u0173 maniak\u0117 i\u0161teka","isPartOf":{"@id":"https:\/\/skaitytaknyga.lt\/#website"},"primaryImageOfPage":{"@id":"https:\/\/skaitytaknyga.lt\/produktas\/parduotuviu-maniake-isteka\/#primaryimage"},"image":{"@id":"https:\/\/skaitytaknyga.lt\/produktas\/parduotuviu-maniake-isteka\/#primaryimage"},"thumbnailUrl":"https:\/\/skaitytaknyga.lt\/wp-content\/uploads\/2025\/04\/Parduotuviu-maniake-isteka.webp","datePublished":"2025-04-14T06:27:10+00:00","dateModified":"2025-05-15T12:21:07+00:00","description":"Rebekos Blumvud gyvenime \u2013 vien staigmenos ir netik\u0117tumai. I\u0161tek\u0117jusi Sjuzi tiesiai \u012f rankas savo geriausiai draugei \u012fbruka vestuvin\u0119 puok\u0161t\u0119, ir vos po","breadcrumb":{"@id":"https:\/\/skaitytaknyga.lt\/produktas\/parduotuviu-maniake-isteka\/#breadcrumb"},"inLanguage":"en-GB","potentialAction":[{"@type":"ReadAction","target":["https:\/\/skaitytaknyga.lt\/produktas\/parduotuviu-maniake-isteka\/"]}]},{"@type":"ImageObject","inLanguage":"en-GB","@id":"https:\/\/skaitytaknyga.lt\/produktas\/parduotuviu-maniake-isteka\/#primaryimage","url":"https:\/\/skaitytaknyga.lt\/wp-content\/uploads\/2025\/04\/Parduotuviu-maniake-isteka.webp","contentUrl":"https:\/\/skaitytaknyga.lt\/wp-content\/uploads\/2025\/04\/Parduotuviu-maniake-isteka.webp","width":505,"height":800,"caption":"Parduotuvi\u0173 maniak\u0117 i\u0161teka"},{"@type":"BreadcrumbList","@id":"https:\/\/skaitytaknyga.lt\/produktas\/parduotuviu-maniake-isteka\/#breadcrumb","itemListElement":[{"@type":"ListItem","position":1,"name":"Home","item":"https:\/\/skaitytaknyga.lt\/"},{"@type":"ListItem","position":2,"name":"Parduotuv\u0117","item":"https:\/\/skaitytaknyga.lt\/knygu-parduotuve\/"},{"@type":"ListItem","position":3,"name":"Parduotuvi\u0173 maniak\u0117 i\u0161teka"}]},{"@type":"WebSite","@id":"https:\/\/skaitytaknyga.lt\/#website","url":"https:\/\/skaitytaknyga.lt\/","name":"skaitytaknyga.lt","description":"Skaitytaknyga.lt \u2013 tai ma\u017eas \u0161eimos verslas, kuris prasid\u0117jo nuo meil\u0117s knygoms ir siekio i\u0161gelb\u0117ti knygas nuo likimo prie konteinerio. Kas vienam nereikalingas daiktas \u2013 kitam lobis, o mes esame tarpininkai, kurie padeda abiems tapti laimingesniems ???? \u017dinome kaip nelengva i\u0161gyventi ma\u017eiems verslams, tad nuo \u0161iol, \u010dia rasite ir kit\u0173, ma\u017e\u0173 \u0161eim\u0173 versl\u0173, rank\u0173 darbo, dovan\u0173 sau ir artimiesiems.","publisher":{"@id":"https:\/\/skaitytaknyga.lt\/#organization"},"potentialAction":[{"@type":"SearchAction","target":{"@type":"EntryPoint","urlTemplate":"https:\/\/skaitytaknyga.lt\/?s={search_term_string}"},"query-input":{"@type":"PropertyValueSpecification","valueRequired":true,"valueName":"search_term_string"}}],"inLanguage":"en-GB"},{"@type":"Organization","@id":"https:\/\/skaitytaknyga.lt\/#organization","name":"skaitytaknyga.lt","url":"https:\/\/skaitytaknyga.lt\/","logo":{"@type":"ImageObject","inLanguage":"en-GB","@id":"https:\/\/skaitytaknyga.lt\/#\/schema\/logo\/image\/","url":"https:\/\/skaitytaknyga.lt\/wp-content\/uploads\/2024\/05\/cropped-cropped-cropped-02_00843_jt3bggkj1j3HLc7SyY6rEUpg.jpeg","contentUrl":"https:\/\/skaitytaknyga.lt\/wp-content\/uploads\/2024\/05\/cropped-cropped-cropped-02_00843_jt3bggkj1j3HLc7SyY6rEUpg.jpeg","width":1600,"height":1600,"caption":"skaitytaknyga.lt"},"image":{"@id":"https:\/\/skaitytaknyga.lt\/#\/schema\/logo\/image\/"},"sameAs":["https:\/\/www.facebook.com\/skaitytaknyga\/"]}]}},"_links":{"self":[{"href":"https:\/\/skaitytaknyga.lt\/en\/wp-json\/wp\/v2\/product\/17736","targetHints":{"allow":["GET"]}}],"collection":[{"href":"https:\/\/skaitytaknyga.lt\/en\/wp-json\/wp\/v2\/product"}],"about":[{"href":"https:\/\/skaitytaknyga.lt\/en\/wp-json\/wp\/v2\/types\/product"}],"replies":[{"embeddable":true,"href":"https:\/\/skaitytaknyga.lt\/en\/wp-json\/wp\/v2\/comments?post=17736"}],"wp:featuredmedia":[{"embeddable":true,"href":"https:\/\/skaitytaknyga.lt\/en\/wp-json\/wp\/v2\/media\/17737"}],"wp:attachment":[{"href":"https:\/\/skaitytaknyga.lt\/en\/wp-json\/wp\/v2\/media?parent=17736"}],"wp:term":[{"taxonomy":"product_brand","embeddable":true,"href":"https:\/\/skaitytaknyga.lt\/en\/wp-json\/wp\/v2\/product_brand?post=17736"},{"taxonomy":"product_cat","embeddable":true,"href":"https:\/\/skaitytaknyga.lt\/en\/wp-json\/wp\/v2\/product_cat?post=17736"},{"taxonomy":"product_tag","embeddable":true,"href":"https:\/\/skaitytaknyga.lt\/en\/wp-json\/wp\/v2\/product_tag?post=17736"}],"curies":[{"name":"wp","href":"https:\/\/api.w.org\/{rel}","templated":true}]}}