{"id":17731,"date":"2025-04-11T21:01:56","date_gmt":"2025-04-11T18:01:56","guid":{"rendered":"https:\/\/skaitytaknyga.lt\/?post_type=product&#038;p=17731"},"modified":"2026-03-18T12:36:38","modified_gmt":"2026-03-18T10:36:38","slug":"rytu-brangenybes-uzrasai","status":"publish","type":"product","link":"https:\/\/skaitytaknyga.lt\/en\/produktas\/rytu-brangenybes-uzrasai\/","title":{"rendered":"Ryt\u0173 Brangenyb\u0117s u\u017era\u0161ai"},"content":{"rendered":"<p>1914 metai, Pekinas. A\u0161tuonmet\u0117 Ryt\u0173 Brangenyb\u0117 per a\u017e\u016brin\u0119 \u0161irm\u0105 paslap\u010diomis stebi su tarnaite besimylint\u012f savo t\u0117v\u0105 princ\u0105 Su. U\u017etikta tryliktosios sesers, u\u017e \u0161nipin\u0117jim\u0105 ir seksualin\u012f smalsum\u0105 nubaud\u017eiama ir i\u0161vejama \u012f Japonij\u0105, pas Tokijuje gyvenant\u012f t\u0117vo bi\u010diul\u012f, o paskui, i\u0161tekinta be meil\u0117s, atsiduria at\u0161iaurioje Mongolijoje. Ten mai\u0161tinga ir aistringa jauna moteris jau\u010diasi vis vieni\u0161esn\u0117, o naktimis j\u0105 vis da\u017eniau persekioja fantazijos ir ko\u0161mari\u0161ki sapnai. Ta\u010diau Ryt\u0173 Brangenyb\u0117 nesiduoda niekieno valdoma. Surezgusi dr\u0105s\u0173 pab\u0117gimo plan\u0105, ji \u012fsigudrina gr\u012f\u017eti \u012f Pekino auk\u0161t\u0105j\u0105 visuomen\u0119 &#8211; tik \u0161\u012fsyk su Japonijos slapt\u0173j\u0173 tarnyb\u0173 pavedimu&#8230;<\/p>\n<p>Romanas \u201eRyt\u0173 Brangenyb\u0117s u\u017era\u0161ai&#8221; paremtas tikra Kinijos princes\u0117s, tapusios Japonijos \u0161nipe, gyvenimo istorija. Tai gyvas ir u\u017eburiantis pasakojimas, apr\u0117piantis tris egzoti\u0161kas \u0161alis, istorinius \u012fvykius ir aistr\u0173 \u012felektrintas r\u016bm\u0173 intrigas.<\/p>\n<ul class=\"about-product d-none d-xl-block mt-4\">\n<li><strong>Autorius:<\/strong>\u00a0Maureen Lindley<\/li>\n<li><strong>Leid\u0117jas:<\/strong>\u00a0Alma littera<\/li>\n<li><strong>Metai:<\/strong>\u00a02010<\/li>\n<li><strong>Puslapiai:<\/strong>\u00a0314<\/li>\n<li class=\"toggleable type-new-formats \"><strong>ISBN:<\/strong>\u00a09789955385745<\/li>\n<li><strong>Versijos kodas:<\/strong>\u00a0PT.<\/li>\n<li class=\"toggleable type-new-formats \"><strong>Formatas:<\/strong>\u00a014,5 x 24 cm, kieti vir\u0161eliai<\/li>\n<li><strong>Kalba:<\/strong>\u00a0Lietuvi\u0173<\/li>\n<li><strong>Vert\u0117jas:<\/strong>\u00a0Lina Kubertavi\u010di\u016bt\u0117<\/li>\n<\/ul>\n","protected":false},"excerpt":{"rendered":"<p>1914 metai, Pekinas. A\u0161tuonmet\u0117 Ryt\u0173 Brangenyb\u0117 per a\u017e\u016brin\u0119 \u0161irm\u0105 paslap\u010diomis stebi su tarnaite besimylint\u012f savo t\u0117v\u0105 princ\u0105 Su. U\u017etikta tryliktosios sesers, u\u017e \u0161nipin\u0117jim\u0105 ir seksualin\u012f smalsum\u0105 nubaud\u017eiama ir i\u0161vejama \u012f Japonij\u0105, pas Tokijuje gyvenant\u012f t\u0117vo bi\u010diul\u012f, o paskui, i\u0161tekinta be meil\u0117s, atsiduria at\u0161iaurioje Mongolijoje. Ten mai\u0161tinga ir aistringa jauna moteris jau\u010diasi vis vieni\u0161esn\u0117, o naktimis j\u0105 vis da\u017eniau persekioja fantazijos ir ko\u0161mari\u0161ki sapnai. Ta\u010diau Ryt\u0173 Brangenyb\u0117 nesiduoda niekieno valdoma. Surezgusi dr\u0105s\u0173 pab\u0117gimo plan\u0105, ji \u012fsigudrina gr\u012f\u017eti \u012f Pekino auk\u0161t\u0105j\u0105 visuomen\u0119 &#8211; tik \u0161\u012fsyk su Japonijos slapt\u0173j\u0173 tarnyb\u0173 pavedimu&#8230; Romanas \u201eRyt\u0173 Brangenyb\u0117s u\u017era\u0161ai&#8221; paremtas tikra Kinijos princes\u0117s, tapusios Japonijos \u0161nipe, gyvenimo istorija. Tai gyvas ir u\u017eburiantis pasakojimas, apr\u0117piantis tris egzoti\u0161kas \u0161alis, istorinius \u012fvykius ir aistr\u0173 \u012felektrintas r\u016bm\u0173 intrigas. Autorius:\u00a0Maureen Lindley Leid\u0117jas:\u00a0Alma littera Metai:\u00a02010 Puslapiai:\u00a0314 ISBN:\u00a09789955385745 Versijos kodas:\u00a0PT. Formatas:\u00a014,5 x 24 cm, kieti vir\u0161eliai Kalba:\u00a0Lietuvi\u0173 Vert\u0117jas:\u00a0Lina Kubertavi\u010di\u016bt\u0117<\/p>\n","protected":false},"featured_media":17732,"comment_status":"open","ping_status":"closed","template":"","meta":{"_acf_changed":false,"site-sidebar-layout":"default","site-content-layout":"","ast-site-content-layout":"default","site-content-style":"default","site-sidebar-style":"default","ast-global-header-display":"","ast-banner-title-visibility":"","ast-main-header-display":"","ast-hfb-above-header-display":"","ast-hfb-below-header-display":"","ast-hfb-mobile-header-display":"","site-post-title":"","ast-breadcrumbs-content":"","ast-featured-img":"","footer-sml-layout":"","ast-disable-related-posts":"","theme-transparent-header-meta":"default","adv-header-id-meta":"","stick-header-meta":"","header-above-stick-meta":"","header-main-stick-meta":"","header-below-stick-meta":"","astra-migrate-meta-layouts":"set","ast-page-background-enabled":"default","ast-page-background-meta":{"desktop":{"background-color":"","background-image":"","background-repeat":"repeat","background-position":"center center","background-size":"auto","background-attachment":"scroll","background-type":"","background-media":"","overlay-type":"","overlay-color":"","overlay-opacity":"","overlay-gradient":""},"tablet":{"background-color":"","background-image":"","background-repeat":"repeat","background-position":"center center","background-size":"auto","background-attachment":"scroll","background-type":"","background-media":"","overlay-type":"","overlay-color":"","overlay-opacity":"","overlay-gradient":""},"mobile":{"background-color":"","background-image":"","background-repeat":"repeat","background-position":"center center","background-size":"auto","background-attachment":"scroll","background-type":"","background-media":"","overlay-type":"","overlay-color":"","overlay-opacity":"","overlay-gradient":""}},"ast-content-background-meta":{"desktop":{"background-color":"var(--ast-global-color-4)","background-image":"","background-repeat":"repeat","background-position":"center center","background-size":"auto","background-attachment":"scroll","background-type":"","background-media":"","overlay-type":"","overlay-color":"","overlay-opacity":"","overlay-gradient":""},"tablet":{"background-color":"var(--ast-global-color-4)","background-image":"","background-repeat":"repeat","background-position":"center center","background-size":"auto","background-attachment":"scroll","background-type":"","background-media":"","overlay-type":"","overlay-color":"","overlay-opacity":"","overlay-gradient":""},"mobile":{"background-color":"var(--ast-global-color-4)","background-image":"","background-repeat":"repeat","background-position":"center center","background-size":"auto","background-attachment":"scroll","background-type":"","background-media":"","overlay-type":"","overlay-color":"","overlay-opacity":"","overlay-gradient":""}}},"product_brand":[],"product_cat":[9618],"product_tag":[3651,1790,1492,3658],"class_list":{"0":"post-17731","1":"product","2":"type-product","3":"status-publish","4":"has-post-thumbnail","6":"product_cat-istoriniai-romanai","7":"product_tag-jauni-suaugusieji","8":"product_tag-jausmai","9":"product_tag-literatura","10":"product_tag-maureen-lindley","11":"desktop-align-left","12":"tablet-align-left","13":"mobile-align-left","15":"first","16":"instock","17":"shipping-taxable","18":"purchasable","19":"product-type-simple"},"acf":[],"yoast_head":"<!-- This site is optimized with the Yoast SEO plugin v27.0 - https:\/\/yoast.com\/product\/yoast-seo-wordpress\/ -->\n<title>Ryt\u0173 Brangenyb\u0117s u\u017era\u0161ai<\/title>\n<meta name=\"description\" content=\"1914 metai, Pekinas. A\u0161tuonmet\u0117 Ryt\u0173 Brangenyb\u0117 per a\u017e\u016brin\u0119 \u0161irm\u0105 paslap\u010diomis stebi su tarnaite besimylint\u012f savo t\u0117v\u0105 princ\u0105 Su. U\u017etikta tryliktosios\" \/>\n<meta name=\"robots\" content=\"index, follow, max-snippet:-1, max-image-preview:large, max-video-preview:-1\" \/>\n<link rel=\"canonical\" href=\"https:\/\/skaitytaknyga.lt\/en\/produktas\/rytu-brangenybes-uzrasai\/\" \/>\n<meta property=\"og:locale\" content=\"en_GB\" \/>\n<meta property=\"og:locale:alternate\" content=\"lt_LT\" \/>\n<meta property=\"og:type\" content=\"article\" \/>\n<meta property=\"og:title\" content=\"Ryt\u0173 Brangenyb\u0117s u\u017era\u0161ai\" \/>\n<meta property=\"og:description\" content=\"1914 metai, Pekinas. A\u0161tuonmet\u0117 Ryt\u0173 Brangenyb\u0117 per a\u017e\u016brin\u0119 \u0161irm\u0105 paslap\u010diomis stebi su tarnaite besimylint\u012f savo t\u0117v\u0105 princ\u0105 Su. U\u017etikta tryliktosios\" \/>\n<meta property=\"og:url\" content=\"https:\/\/skaitytaknyga.lt\/en\/produktas\/rytu-brangenybes-uzrasai\/\" \/>\n<meta property=\"og:site_name\" content=\"Skaitytaknyga\" \/>\n<meta property=\"article:publisher\" content=\"https:\/\/www.facebook.com\/skaitytaknyga\/\" \/>\n<meta property=\"article:modified_time\" content=\"2026-03-18T10:36:38+00:00\" \/>\n<meta property=\"og:image\" content=\"https:\/\/skaitytaknyga.lt\/wp-content\/uploads\/2025\/04\/Rytu-Brangenybes-uzrasai.webp\" \/>\n\t<meta property=\"og:image:width\" content=\"399\" \/>\n\t<meta property=\"og:image:height\" content=\"676\" \/>\n\t<meta property=\"og:image:type\" content=\"image\/webp\" \/>\n<meta name=\"twitter:card\" content=\"summary_large_image\" \/>\n<meta name=\"twitter:label1\" content=\"Estimated reading time\" \/>\n\t<meta name=\"twitter:data1\" content=\"1 minute\" \/>\n<script type=\"application\/ld+json\" class=\"yoast-schema-graph\">{\"@context\":\"https:\/\/schema.org\",\"@graph\":[{\"@type\":\"WebPage\",\"@id\":\"https:\/\/skaitytaknyga.lt\/produktas\/rytu-brangenybes-uzrasai\/\",\"url\":\"https:\/\/skaitytaknyga.lt\/produktas\/rytu-brangenybes-uzrasai\/\",\"name\":\"Ryt\u0173 Brangenyb\u0117s u\u017era\u0161ai\",\"isPartOf\":{\"@id\":\"https:\/\/skaitytaknyga.lt\/#website\"},\"primaryImageOfPage\":{\"@id\":\"https:\/\/skaitytaknyga.lt\/produktas\/rytu-brangenybes-uzrasai\/#primaryimage\"},\"image\":{\"@id\":\"https:\/\/skaitytaknyga.lt\/produktas\/rytu-brangenybes-uzrasai\/#primaryimage\"},\"thumbnailUrl\":\"https:\/\/skaitytaknyga.lt\/wp-content\/uploads\/2025\/04\/Rytu-Brangenybes-uzrasai.webp\",\"datePublished\":\"2025-04-11T18:01:56+00:00\",\"dateModified\":\"2026-03-18T10:36:38+00:00\",\"description\":\"1914 metai, Pekinas. A\u0161tuonmet\u0117 Ryt\u0173 Brangenyb\u0117 per a\u017e\u016brin\u0119 \u0161irm\u0105 paslap\u010diomis stebi su tarnaite besimylint\u012f savo t\u0117v\u0105 princ\u0105 Su. U\u017etikta tryliktosios\",\"breadcrumb\":{\"@id\":\"https:\/\/skaitytaknyga.lt\/produktas\/rytu-brangenybes-uzrasai\/#breadcrumb\"},\"inLanguage\":\"en-GB\",\"potentialAction\":[{\"@type\":\"ReadAction\",\"target\":[\"https:\/\/skaitytaknyga.lt\/produktas\/rytu-brangenybes-uzrasai\/\"]}]},{\"@type\":\"ImageObject\",\"inLanguage\":\"en-GB\",\"@id\":\"https:\/\/skaitytaknyga.lt\/produktas\/rytu-brangenybes-uzrasai\/#primaryimage\",\"url\":\"https:\/\/skaitytaknyga.lt\/wp-content\/uploads\/2025\/04\/Rytu-Brangenybes-uzrasai.webp\",\"contentUrl\":\"https:\/\/skaitytaknyga.lt\/wp-content\/uploads\/2025\/04\/Rytu-Brangenybes-uzrasai.webp\",\"width\":399,\"height\":676,\"caption\":\"Ryt\u0173 Brangenyb\u0117s u\u017era\u0161ai\"},{\"@type\":\"BreadcrumbList\",\"@id\":\"https:\/\/skaitytaknyga.lt\/produktas\/rytu-brangenybes-uzrasai\/#breadcrumb\",\"itemListElement\":[{\"@type\":\"ListItem\",\"position\":1,\"name\":\"Home\",\"item\":\"https:\/\/skaitytaknyga.lt\/\"},{\"@type\":\"ListItem\",\"position\":2,\"name\":\"Parduotuv\u0117\",\"item\":\"https:\/\/skaitytaknyga.lt\/knygu-parduotuve\/\"},{\"@type\":\"ListItem\",\"position\":3,\"name\":\"Ryt\u0173 Brangenyb\u0117s u\u017era\u0161ai\"}]},{\"@type\":\"WebSite\",\"@id\":\"https:\/\/skaitytaknyga.lt\/#website\",\"url\":\"https:\/\/skaitytaknyga.lt\/\",\"name\":\"skaitytaknyga.lt\",\"description\":\"Skaitytaknyga.lt \u2013 tai ma\u017eas \u0161eimos verslas, kuris prasid\u0117jo nuo meil\u0117s knygoms ir siekio i\u0161gelb\u0117ti knygas nuo likimo prie konteinerio. Kas vienam nereikalingas daiktas \u2013 kitam lobis, o mes esame tarpininkai, kurie padeda abiems tapti laimingesniems ???? \u017dinome kaip nelengva i\u0161gyventi ma\u017eiems verslams, tad nuo \u0161iol, \u010dia rasite ir kit\u0173, ma\u017e\u0173 \u0161eim\u0173 versl\u0173, rank\u0173 darbo, dovan\u0173 sau ir artimiesiems.\",\"publisher\":{\"@id\":\"https:\/\/skaitytaknyga.lt\/#organization\"},\"potentialAction\":[{\"@type\":\"SearchAction\",\"target\":{\"@type\":\"EntryPoint\",\"urlTemplate\":\"https:\/\/skaitytaknyga.lt\/?s={search_term_string}\"},\"query-input\":{\"@type\":\"PropertyValueSpecification\",\"valueRequired\":true,\"valueName\":\"search_term_string\"}}],\"inLanguage\":\"en-GB\"},{\"@type\":\"Organization\",\"@id\":\"https:\/\/skaitytaknyga.lt\/#organization\",\"name\":\"skaitytaknyga.lt\",\"url\":\"https:\/\/skaitytaknyga.lt\/\",\"logo\":{\"@type\":\"ImageObject\",\"inLanguage\":\"en-GB\",\"@id\":\"https:\/\/skaitytaknyga.lt\/#\/schema\/logo\/image\/\",\"url\":\"https:\/\/skaitytaknyga.lt\/wp-content\/uploads\/2024\/05\/cropped-cropped-cropped-02_00843_jt3bggkj1j3HLc7SyY6rEUpg.jpeg\",\"contentUrl\":\"https:\/\/skaitytaknyga.lt\/wp-content\/uploads\/2024\/05\/cropped-cropped-cropped-02_00843_jt3bggkj1j3HLc7SyY6rEUpg.jpeg\",\"width\":1600,\"height\":1600,\"caption\":\"skaitytaknyga.lt\"},\"image\":{\"@id\":\"https:\/\/skaitytaknyga.lt\/#\/schema\/logo\/image\/\"},\"sameAs\":[\"https:\/\/www.facebook.com\/skaitytaknyga\/\"]}]}<\/script>\n<!-- \/ Yoast SEO plugin. -->","yoast_head_json":{"title":"Ryt\u0173 Brangenyb\u0117s u\u017era\u0161ai","description":"1914 metai, Pekinas. A\u0161tuonmet\u0117 Ryt\u0173 Brangenyb\u0117 per a\u017e\u016brin\u0119 \u0161irm\u0105 paslap\u010diomis stebi su tarnaite besimylint\u012f savo t\u0117v\u0105 princ\u0105 Su. U\u017etikta tryliktosios","robots":{"index":"index","follow":"follow","max-snippet":"max-snippet:-1","max-image-preview":"max-image-preview:large","max-video-preview":"max-video-preview:-1"},"canonical":"https:\/\/skaitytaknyga.lt\/en\/produktas\/rytu-brangenybes-uzrasai\/","og_locale":"en_GB","og_type":"article","og_title":"[:lt]Ryt\u0173 Brangenyb\u0117s u\u017era\u0161ai[:] - Skaitytaknyga","og_description":"1914 metai, Pekinas. A\u0161tuonmet\u0117 Ryt\u0173 Brangenyb\u0117 per a\u017e\u016brin\u0119 \u0161irm\u0105 paslap\u010diomis stebi su tarnaite besimylint\u012f savo t\u0117v\u0105 princ\u0105 Su. U\u017etikta tryliktosios","og_url":"https:\/\/skaitytaknyga.lt\/en\/produktas\/rytu-brangenybes-uzrasai\/","og_site_name":"Skaitytaknyga","article_publisher":"https:\/\/www.facebook.com\/skaitytaknyga\/","article_modified_time":"2026-03-18T10:36:38+00:00","og_image":[{"width":399,"height":676,"url":"https:\/\/skaitytaknyga.lt\/wp-content\/uploads\/2025\/04\/Rytu-Brangenybes-uzrasai.webp","type":"image\/webp"}],"twitter_card":"summary_large_image","twitter_misc":{"Estimated reading time":"1 minute"},"schema":{"@context":"https:\/\/schema.org","@graph":[{"@type":"WebPage","@id":"https:\/\/skaitytaknyga.lt\/produktas\/rytu-brangenybes-uzrasai\/","url":"https:\/\/skaitytaknyga.lt\/produktas\/rytu-brangenybes-uzrasai\/","name":"Ryt\u0173 Brangenyb\u0117s u\u017era\u0161ai","isPartOf":{"@id":"https:\/\/skaitytaknyga.lt\/#website"},"primaryImageOfPage":{"@id":"https:\/\/skaitytaknyga.lt\/produktas\/rytu-brangenybes-uzrasai\/#primaryimage"},"image":{"@id":"https:\/\/skaitytaknyga.lt\/produktas\/rytu-brangenybes-uzrasai\/#primaryimage"},"thumbnailUrl":"https:\/\/skaitytaknyga.lt\/wp-content\/uploads\/2025\/04\/Rytu-Brangenybes-uzrasai.webp","datePublished":"2025-04-11T18:01:56+00:00","dateModified":"2026-03-18T10:36:38+00:00","description":"1914 metai, Pekinas. A\u0161tuonmet\u0117 Ryt\u0173 Brangenyb\u0117 per a\u017e\u016brin\u0119 \u0161irm\u0105 paslap\u010diomis stebi su tarnaite besimylint\u012f savo t\u0117v\u0105 princ\u0105 Su. U\u017etikta tryliktosios","breadcrumb":{"@id":"https:\/\/skaitytaknyga.lt\/produktas\/rytu-brangenybes-uzrasai\/#breadcrumb"},"inLanguage":"en-GB","potentialAction":[{"@type":"ReadAction","target":["https:\/\/skaitytaknyga.lt\/produktas\/rytu-brangenybes-uzrasai\/"]}]},{"@type":"ImageObject","inLanguage":"en-GB","@id":"https:\/\/skaitytaknyga.lt\/produktas\/rytu-brangenybes-uzrasai\/#primaryimage","url":"https:\/\/skaitytaknyga.lt\/wp-content\/uploads\/2025\/04\/Rytu-Brangenybes-uzrasai.webp","contentUrl":"https:\/\/skaitytaknyga.lt\/wp-content\/uploads\/2025\/04\/Rytu-Brangenybes-uzrasai.webp","width":399,"height":676,"caption":"Ryt\u0173 Brangenyb\u0117s u\u017era\u0161ai"},{"@type":"BreadcrumbList","@id":"https:\/\/skaitytaknyga.lt\/produktas\/rytu-brangenybes-uzrasai\/#breadcrumb","itemListElement":[{"@type":"ListItem","position":1,"name":"Home","item":"https:\/\/skaitytaknyga.lt\/"},{"@type":"ListItem","position":2,"name":"Parduotuv\u0117","item":"https:\/\/skaitytaknyga.lt\/knygu-parduotuve\/"},{"@type":"ListItem","position":3,"name":"Ryt\u0173 Brangenyb\u0117s u\u017era\u0161ai"}]},{"@type":"WebSite","@id":"https:\/\/skaitytaknyga.lt\/#website","url":"https:\/\/skaitytaknyga.lt\/","name":"skaitytaknyga.lt","description":"Skaitytaknyga.lt \u2013 tai ma\u017eas \u0161eimos verslas, kuris prasid\u0117jo nuo meil\u0117s knygoms ir siekio i\u0161gelb\u0117ti knygas nuo likimo prie konteinerio. Kas vienam nereikalingas daiktas \u2013 kitam lobis, o mes esame tarpininkai, kurie padeda abiems tapti laimingesniems ???? \u017dinome kaip nelengva i\u0161gyventi ma\u017eiems verslams, tad nuo \u0161iol, \u010dia rasite ir kit\u0173, ma\u017e\u0173 \u0161eim\u0173 versl\u0173, rank\u0173 darbo, dovan\u0173 sau ir artimiesiems.","publisher":{"@id":"https:\/\/skaitytaknyga.lt\/#organization"},"potentialAction":[{"@type":"SearchAction","target":{"@type":"EntryPoint","urlTemplate":"https:\/\/skaitytaknyga.lt\/?s={search_term_string}"},"query-input":{"@type":"PropertyValueSpecification","valueRequired":true,"valueName":"search_term_string"}}],"inLanguage":"en-GB"},{"@type":"Organization","@id":"https:\/\/skaitytaknyga.lt\/#organization","name":"skaitytaknyga.lt","url":"https:\/\/skaitytaknyga.lt\/","logo":{"@type":"ImageObject","inLanguage":"en-GB","@id":"https:\/\/skaitytaknyga.lt\/#\/schema\/logo\/image\/","url":"https:\/\/skaitytaknyga.lt\/wp-content\/uploads\/2024\/05\/cropped-cropped-cropped-02_00843_jt3bggkj1j3HLc7SyY6rEUpg.jpeg","contentUrl":"https:\/\/skaitytaknyga.lt\/wp-content\/uploads\/2024\/05\/cropped-cropped-cropped-02_00843_jt3bggkj1j3HLc7SyY6rEUpg.jpeg","width":1600,"height":1600,"caption":"skaitytaknyga.lt"},"image":{"@id":"https:\/\/skaitytaknyga.lt\/#\/schema\/logo\/image\/"},"sameAs":["https:\/\/www.facebook.com\/skaitytaknyga\/"]}]}},"_links":{"self":[{"href":"https:\/\/skaitytaknyga.lt\/en\/wp-json\/wp\/v2\/product\/17731","targetHints":{"allow":["GET"]}}],"collection":[{"href":"https:\/\/skaitytaknyga.lt\/en\/wp-json\/wp\/v2\/product"}],"about":[{"href":"https:\/\/skaitytaknyga.lt\/en\/wp-json\/wp\/v2\/types\/product"}],"replies":[{"embeddable":true,"href":"https:\/\/skaitytaknyga.lt\/en\/wp-json\/wp\/v2\/comments?post=17731"}],"wp:featuredmedia":[{"embeddable":true,"href":"https:\/\/skaitytaknyga.lt\/en\/wp-json\/wp\/v2\/media\/17732"}],"wp:attachment":[{"href":"https:\/\/skaitytaknyga.lt\/en\/wp-json\/wp\/v2\/media?parent=17731"}],"wp:term":[{"taxonomy":"product_brand","embeddable":true,"href":"https:\/\/skaitytaknyga.lt\/en\/wp-json\/wp\/v2\/product_brand?post=17731"},{"taxonomy":"product_cat","embeddable":true,"href":"https:\/\/skaitytaknyga.lt\/en\/wp-json\/wp\/v2\/product_cat?post=17731"},{"taxonomy":"product_tag","embeddable":true,"href":"https:\/\/skaitytaknyga.lt\/en\/wp-json\/wp\/v2\/product_tag?post=17731"}],"curies":[{"name":"wp","href":"https:\/\/api.w.org\/{rel}","templated":true}]}}