{"id":17727,"date":"2025-04-11T20:49:04","date_gmt":"2025-04-11T17:49:04","guid":{"rendered":"https:\/\/skaitytaknyga.lt\/?post_type=product&#038;p=17727"},"modified":"2026-03-18T11:09:41","modified_gmt":"2026-03-18T09:09:41","slug":"auksinis-kompasas","status":"publish","type":"product","link":"https:\/\/skaitytaknyga.lt\/en\/produktas\/auksinis-kompasas\/","title":{"rendered":"Auksinis kompasas (yra ma\u017e\u0173 d\u0117meli\u0173)"},"content":{"rendered":"<p>Nenuostabu, kad kino studija\u00a0<em>New Line Cinema<\/em>\u00a0svarbiausiam savo filmui su\u0161auk\u0117 tikr\u0105 \u017evaig\u017ed\u017ei\u0173 komand\u0105: Nicole Kidman, Daniel\u012f Craige\u2019\u0105, o jaun\u0105j\u0105 Lair\u0105 suk\u016br\u0117 Dakota Blue Richards. \u0160iaur\u0117s raganos ir f\u0117jos, \u0161arvuoti lokiai \u2013 visas magi\u0161kas Ph. Pullmano pasaulis atgim\u0117 filme \u201eAuksinis kompasas&#8221;. Philipas Pulmanas (g. 1946 m. spalio 19 d.) \u2013 ra\u0161ytojas, fantastini\u0173 knyg\u0173 autorius, kur\u012f\u00a0<em>Guardian<\/em>\u00a0vadina \u201evienu i\u0161 nedaugelio tikr\u0173 literat\u016bros svajotoj\u0173 ir m\u016bs\u0173 laik\u0173 stebukladari\u0173\u201c. Jis gim\u0117 Norvi\u010de, Ryt\u0173 Anglijoje. Visa jo vaikyst\u0117 prab\u0117go kelion\u0117se po vis\u0105 pasaul\u012f, nes jo t\u0117vas ir pat\u0117vis tarnavo Karali\u0161kosiose Oro Paj\u0117gose.<\/p>\n<p>Kai Philipui sukako 11 met\u0173, jo \u0161eima gr\u012f\u017eo atgal \u012f Did\u017ei\u0105j\u0105 Britanij\u0105, \u012f \u0160iaur\u0117s Vels\u0105. Tais laikais vaikams leisdavo bastytis visur, \u017eaisti gatv\u0117se, klajoti kalvomis, ir jis taip pat tuo naudojosi.<\/p>\n<p>Jo angl\u0173 kalbos mokytoja Enid Jones tur\u0117jo jam didel\u0119 \u012ftak\u0105, ir jis vis dar nusiun\u010dia jai savo knyg\u0173 kopij\u0173.<\/p>\n<p>Philipas tebegyvena Oksforde ir ra\u0161o knygas sodo namelyje, kuriame yra dvi patogios k\u0117d\u0117s, keletas \u0161imt\u0173 knyg\u0173, 6 p\u0117d\u0173 ilgio \u017eiurk\u0117 i\u0161 jo pjes\u0117s vaikams, gitara, saksofonas bei kompiuteris. Pastarieji du puo\u0161ti \u0161viesiomis dirbtin\u0117mis g\u0117l\u0117mis.<\/p>\n<p>Svarbiausias Ph. Pullmano darbas yra trilogija\u00a0<em>Jo tamsiosios j\u0117gos<\/em>, kuri\u0105 sudaro milijoniniais tira\u017eais visame pasaulyje i\u0161leistos knygos \u201eAuksinis kompasas&#8221;, \u201eA\u0161trusis peilis&#8221; ir \u201eGintarinis \u017ei\u016bronas&#8221;. 2004 met\u0173 kov\u0105 Did\u017eiosios Britanijos karalien\u0117 El\u017ebieta II \u012f\u0161ventino j\u012f \u012f riterius.<\/p>\n<p>Gavusi keist\u0105 ir paslapting\u0105 aletiometr\u0105, mergait\u0117 vardu Laira pradeda nepaprast\u0105 kelion\u0119, kurios galutinis tikslas \u2013 apled\u0117jusios Arkties \u017eem\u0117s. \u010cia valdo ragan\u0173 klanai ir kovoja mil\u017eini\u0161ki lokiai. Mergait\u0117 net ne\u012ftaria, jog jos laukiantys \u012fvykiai pakeis net keli\u0173 pasauli\u0173 likim\u0105&#8230;<\/p>\n<ul class=\"about-product d-none d-xl-block mt-4\">\n<li><strong>Autorius:<\/strong>\u00a0Philip Pullman<\/li>\n<li><strong>Leid\u0117jas:<\/strong>\u00a0Obuolys<\/li>\n<li><strong>Metai:<\/strong>\u00a02007<\/li>\n<li><strong>Puslapiai:<\/strong>\u00a0246<\/li>\n<li class=\"toggleable type-new-formats \"><strong>ISBN-10:<\/strong>\u00a09955700408<\/li>\n<li class=\"toggleable type-new-formats \"><strong>ISBN-13:<\/strong>\u00a09789955700401<\/li>\n<li class=\"toggleable type-new-formats \"><strong>Formatas:<\/strong>\u00a015 x 24 cm, kieti vir\u0161eliai<\/li>\n<li><strong>Kalba:<\/strong>\u00a0Lietuvi\u0173<\/li>\n<\/ul>\n","protected":false},"excerpt":{"rendered":"<p>Nenuostabu, kad kino studija\u00a0New Line Cinema\u00a0svarbiausiam savo filmui su\u0161auk\u0117 tikr\u0105 \u017evaig\u017ed\u017ei\u0173 komand\u0105: Nicole Kidman, Daniel\u012f Craige\u2019\u0105, o jaun\u0105j\u0105 Lair\u0105 suk\u016br\u0117 Dakota Blue Richards. \u0160iaur\u0117s raganos ir f\u0117jos, \u0161arvuoti lokiai \u2013 visas magi\u0161kas Ph. Pullmano pasaulis atgim\u0117 filme \u201eAuksinis kompasas&#8221;. Philipas Pulmanas (g. 1946 m. spalio 19 d.) \u2013 ra\u0161ytojas, fantastini\u0173 knyg\u0173 autorius, kur\u012f\u00a0Guardian\u00a0vadina \u201evienu i\u0161 nedaugelio tikr\u0173 literat\u016bros svajotoj\u0173 ir m\u016bs\u0173 laik\u0173 stebukladari\u0173\u201c. Jis gim\u0117 Norvi\u010de, Ryt\u0173 Anglijoje. Visa jo vaikyst\u0117 prab\u0117go kelion\u0117se po vis\u0105 pasaul\u012f, nes jo t\u0117vas ir pat\u0117vis tarnavo Karali\u0161kosiose Oro Paj\u0117gose. Kai Philipui sukako 11 met\u0173, jo \u0161eima gr\u012f\u017eo atgal \u012f Did\u017ei\u0105j\u0105 Britanij\u0105, \u012f \u0160iaur\u0117s Vels\u0105. Tais laikais vaikams leisdavo bastytis visur, \u017eaisti gatv\u0117se, klajoti kalvomis, ir jis taip pat tuo naudojosi. Jo angl\u0173 kalbos mokytoja Enid Jones tur\u0117jo jam didel\u0119 \u012ftak\u0105, ir jis vis dar nusiun\u010dia jai savo knyg\u0173 kopij\u0173. Philipas tebegyvena Oksforde ir ra\u0161o knygas sodo namelyje, kuriame yra dvi patogios k\u0117d\u0117s, keletas \u0161imt\u0173 knyg\u0173, 6 p\u0117d\u0173 ilgio \u017eiurk\u0117 i\u0161 jo pjes\u0117s vaikams, gitara, saksofonas bei kompiuteris. Pastarieji du puo\u0161ti \u0161viesiomis dirbtin\u0117mis g\u0117l\u0117mis. Svarbiausias Ph. Pullmano darbas yra trilogija\u00a0Jo tamsiosios j\u0117gos, kuri\u0105 sudaro milijoniniais tira\u017eais visame pasaulyje i\u0161leistos knygos \u201eAuksinis kompasas&#8221;, \u201eA\u0161trusis peilis&#8221; ir \u201eGintarinis \u017ei\u016bronas&#8221;. 2004 met\u0173 kov\u0105 Did\u017eiosios Britanijos karalien\u0117 El\u017ebieta II \u012f\u0161ventino j\u012f \u012f riterius. Gavusi keist\u0105 ir paslapting\u0105 aletiometr\u0105, mergait\u0117 vardu Laira pradeda nepaprast\u0105 kelion\u0119, kurios galutinis tikslas \u2013 apled\u0117jusios Arkties \u017eem\u0117s. \u010cia valdo ragan\u0173 klanai ir kovoja mil\u017eini\u0161ki lokiai. Mergait\u0117 net ne\u012ftaria, jog jos laukiantys \u012fvykiai pakeis net keli\u0173 pasauli\u0173 likim\u0105&#8230; Autorius:\u00a0Philip Pullman Leid\u0117jas:\u00a0Obuolys Metai:\u00a02007 Puslapiai:\u00a0246 ISBN-10:\u00a09955700408 ISBN-13:\u00a09789955700401 Formatas:\u00a015 x 24 cm, kieti vir\u0161eliai Kalba:\u00a0Lietuvi\u0173<\/p>\n","protected":false},"featured_media":17728,"comment_status":"closed","ping_status":"closed","template":"","meta":{"_acf_changed":false,"site-sidebar-layout":"default","site-content-layout":"","ast-site-content-layout":"default","site-content-style":"default","site-sidebar-style":"default","ast-global-header-display":"","ast-banner-title-visibility":"","ast-main-header-display":"","ast-hfb-above-header-display":"","ast-hfb-below-header-display":"","ast-hfb-mobile-header-display":"","site-post-title":"","ast-breadcrumbs-content":"","ast-featured-img":"","footer-sml-layout":"","ast-disable-related-posts":"","theme-transparent-header-meta":"default","adv-header-id-meta":"","stick-header-meta":"","header-above-stick-meta":"","header-main-stick-meta":"","header-below-stick-meta":"","astra-migrate-meta-layouts":"set","ast-page-background-enabled":"default","ast-page-background-meta":{"desktop":{"background-color":"","background-image":"","background-repeat":"repeat","background-position":"center center","background-size":"auto","background-attachment":"scroll","background-type":"","background-media":"","overlay-type":"","overlay-color":"","overlay-opacity":"","overlay-gradient":""},"tablet":{"background-color":"","background-image":"","background-repeat":"repeat","background-position":"center center","background-size":"auto","background-attachment":"scroll","background-type":"","background-media":"","overlay-type":"","overlay-color":"","overlay-opacity":"","overlay-gradient":""},"mobile":{"background-color":"","background-image":"","background-repeat":"repeat","background-position":"center center","background-size":"auto","background-attachment":"scroll","background-type":"","background-media":"","overlay-type":"","overlay-color":"","overlay-opacity":"","overlay-gradient":""}},"ast-content-background-meta":{"desktop":{"background-color":"var(--ast-global-color-4)","background-image":"","background-repeat":"repeat","background-position":"center center","background-size":"auto","background-attachment":"scroll","background-type":"","background-media":"","overlay-type":"","overlay-color":"","overlay-opacity":"","overlay-gradient":""},"tablet":{"background-color":"var(--ast-global-color-4)","background-image":"","background-repeat":"repeat","background-position":"center center","background-size":"auto","background-attachment":"scroll","background-type":"","background-media":"","overlay-type":"","overlay-color":"","overlay-opacity":"","overlay-gradient":""},"mobile":{"background-color":"var(--ast-global-color-4)","background-image":"","background-repeat":"repeat","background-position":"center center","background-size":"auto","background-attachment":"scroll","background-type":"","background-media":"","overlay-type":"","overlay-color":"","overlay-opacity":"","overlay-gradient":""}}},"product_brand":[],"product_cat":[9676],"product_tag":[3655,1755,1451,3614,3542],"class_list":{"0":"post-17727","1":"product","2":"type-product","3":"status-publish","4":"has-post-thumbnail","6":"product_cat-paaugliams","7":"product_tag-fantasy","8":"product_tag-magija","9":"product_tag-nuotykiai","10":"product_tag-paaugliai","11":"product_tag-philip-pullman","12":"desktop-align-left","13":"tablet-align-left","14":"mobile-align-left","16":"first","17":"instock","18":"shipping-taxable","19":"purchasable","20":"product-type-simple"},"acf":[],"yoast_head":"<!-- This site is optimized with the Yoast SEO plugin v27.0 - https:\/\/yoast.com\/product\/yoast-seo-wordpress\/ -->\n<title>Auksinis kompasas (yra ma\u017e\u0173 d\u0117meli\u0173)<\/title>\n<meta name=\"description\" content=\"Nenuostabu, kad kino studija\u00a0New Line Cinema\u00a0svarbiausiam savo filmui su\u0161auk\u0117 tikr\u0105 \u017evaig\u017ed\u017ei\u0173 komand\u0105: Nicole Kidman, Daniel\u012f Craige\u2019\u0105, o jaun\u0105j\u0105 Lair\u0105\" \/>\n<meta name=\"robots\" content=\"index, follow, max-snippet:-1, max-image-preview:large, max-video-preview:-1\" \/>\n<link rel=\"canonical\" href=\"https:\/\/skaitytaknyga.lt\/en\/produktas\/auksinis-kompasas\/\" \/>\n<meta property=\"og:locale\" content=\"en_GB\" \/>\n<meta property=\"og:locale:alternate\" content=\"lt_LT\" \/>\n<meta property=\"og:type\" content=\"article\" \/>\n<meta property=\"og:title\" content=\"Auksinis kompasas (yra ma\u017e\u0173 d\u0117meli\u0173)\" \/>\n<meta property=\"og:description\" content=\"Nenuostabu, kad kino studija\u00a0New Line Cinema\u00a0svarbiausiam savo filmui su\u0161auk\u0117 tikr\u0105 \u017evaig\u017ed\u017ei\u0173 komand\u0105: Nicole Kidman, Daniel\u012f Craige\u2019\u0105, o jaun\u0105j\u0105 Lair\u0105\" \/>\n<meta property=\"og:url\" content=\"https:\/\/skaitytaknyga.lt\/en\/produktas\/auksinis-kompasas\/\" \/>\n<meta property=\"og:site_name\" content=\"Skaitytaknyga\" \/>\n<meta property=\"article:publisher\" content=\"https:\/\/www.facebook.com\/skaitytaknyga\/\" \/>\n<meta property=\"article:modified_time\" content=\"2026-03-18T09:09:41+00:00\" \/>\n<meta property=\"og:image\" content=\"https:\/\/skaitytaknyga.lt\/wp-content\/uploads\/2025\/04\/Auksinis-kompasas-e1744393806408.jpg\" \/>\n\t<meta property=\"og:image:width\" content=\"474\" \/>\n\t<meta property=\"og:image:height\" content=\"774\" \/>\n\t<meta property=\"og:image:type\" content=\"image\/jpeg\" \/>\n<meta name=\"twitter:card\" content=\"summary_large_image\" \/>\n<meta name=\"twitter:label1\" content=\"Estimated reading time\" \/>\n\t<meta name=\"twitter:data1\" content=\"2 minutes\" \/>\n<script type=\"application\/ld+json\" class=\"yoast-schema-graph\">{\"@context\":\"https:\/\/schema.org\",\"@graph\":[{\"@type\":\"WebPage\",\"@id\":\"https:\/\/skaitytaknyga.lt\/produktas\/auksinis-kompasas\/\",\"url\":\"https:\/\/skaitytaknyga.lt\/produktas\/auksinis-kompasas\/\",\"name\":\"Auksinis kompasas (yra ma\u017e\u0173 d\u0117meli\u0173)\",\"isPartOf\":{\"@id\":\"https:\/\/skaitytaknyga.lt\/#website\"},\"primaryImageOfPage\":{\"@id\":\"https:\/\/skaitytaknyga.lt\/produktas\/auksinis-kompasas\/#primaryimage\"},\"image\":{\"@id\":\"https:\/\/skaitytaknyga.lt\/produktas\/auksinis-kompasas\/#primaryimage\"},\"thumbnailUrl\":\"https:\/\/skaitytaknyga.lt\/wp-content\/uploads\/2025\/04\/Auksinis-kompasas-e1744393806408.jpg\",\"datePublished\":\"2025-04-11T17:49:04+00:00\",\"dateModified\":\"2026-03-18T09:09:41+00:00\",\"description\":\"Nenuostabu, kad kino studija\u00a0New Line Cinema\u00a0svarbiausiam savo filmui su\u0161auk\u0117 tikr\u0105 \u017evaig\u017ed\u017ei\u0173 komand\u0105: Nicole Kidman, Daniel\u012f Craige\u2019\u0105, o jaun\u0105j\u0105 Lair\u0105\",\"breadcrumb\":{\"@id\":\"https:\/\/skaitytaknyga.lt\/produktas\/auksinis-kompasas\/#breadcrumb\"},\"inLanguage\":\"en-GB\",\"potentialAction\":[{\"@type\":\"ReadAction\",\"target\":[\"https:\/\/skaitytaknyga.lt\/produktas\/auksinis-kompasas\/\"]}]},{\"@type\":\"ImageObject\",\"inLanguage\":\"en-GB\",\"@id\":\"https:\/\/skaitytaknyga.lt\/produktas\/auksinis-kompasas\/#primaryimage\",\"url\":\"https:\/\/skaitytaknyga.lt\/wp-content\/uploads\/2025\/04\/Auksinis-kompasas-e1744393806408.jpg\",\"contentUrl\":\"https:\/\/skaitytaknyga.lt\/wp-content\/uploads\/2025\/04\/Auksinis-kompasas-e1744393806408.jpg\",\"width\":474,\"height\":774,\"caption\":\"Auksinis kompasas\"},{\"@type\":\"BreadcrumbList\",\"@id\":\"https:\/\/skaitytaknyga.lt\/produktas\/auksinis-kompasas\/#breadcrumb\",\"itemListElement\":[{\"@type\":\"ListItem\",\"position\":1,\"name\":\"Home\",\"item\":\"https:\/\/skaitytaknyga.lt\/\"},{\"@type\":\"ListItem\",\"position\":2,\"name\":\"Parduotuv\u0117\",\"item\":\"https:\/\/skaitytaknyga.lt\/knygu-parduotuve\/\"},{\"@type\":\"ListItem\",\"position\":3,\"name\":\"Auksinis kompasas (yra ma\u017e\u0173 d\u0117meli\u0173)\"}]},{\"@type\":\"WebSite\",\"@id\":\"https:\/\/skaitytaknyga.lt\/#website\",\"url\":\"https:\/\/skaitytaknyga.lt\/\",\"name\":\"skaitytaknyga.lt\",\"description\":\"Skaitytaknyga.lt \u2013 tai ma\u017eas \u0161eimos verslas, kuris prasid\u0117jo nuo meil\u0117s knygoms ir siekio i\u0161gelb\u0117ti knygas nuo likimo prie konteinerio. Kas vienam nereikalingas daiktas \u2013 kitam lobis, o mes esame tarpininkai, kurie padeda abiems tapti laimingesniems ???? \u017dinome kaip nelengva i\u0161gyventi ma\u017eiems verslams, tad nuo \u0161iol, \u010dia rasite ir kit\u0173, ma\u017e\u0173 \u0161eim\u0173 versl\u0173, rank\u0173 darbo, dovan\u0173 sau ir artimiesiems.\",\"publisher\":{\"@id\":\"https:\/\/skaitytaknyga.lt\/#organization\"},\"potentialAction\":[{\"@type\":\"SearchAction\",\"target\":{\"@type\":\"EntryPoint\",\"urlTemplate\":\"https:\/\/skaitytaknyga.lt\/?s={search_term_string}\"},\"query-input\":{\"@type\":\"PropertyValueSpecification\",\"valueRequired\":true,\"valueName\":\"search_term_string\"}}],\"inLanguage\":\"en-GB\"},{\"@type\":\"Organization\",\"@id\":\"https:\/\/skaitytaknyga.lt\/#organization\",\"name\":\"skaitytaknyga.lt\",\"url\":\"https:\/\/skaitytaknyga.lt\/\",\"logo\":{\"@type\":\"ImageObject\",\"inLanguage\":\"en-GB\",\"@id\":\"https:\/\/skaitytaknyga.lt\/#\/schema\/logo\/image\/\",\"url\":\"https:\/\/skaitytaknyga.lt\/wp-content\/uploads\/2024\/05\/cropped-cropped-cropped-02_00843_jt3bggkj1j3HLc7SyY6rEUpg.jpeg\",\"contentUrl\":\"https:\/\/skaitytaknyga.lt\/wp-content\/uploads\/2024\/05\/cropped-cropped-cropped-02_00843_jt3bggkj1j3HLc7SyY6rEUpg.jpeg\",\"width\":1600,\"height\":1600,\"caption\":\"skaitytaknyga.lt\"},\"image\":{\"@id\":\"https:\/\/skaitytaknyga.lt\/#\/schema\/logo\/image\/\"},\"sameAs\":[\"https:\/\/www.facebook.com\/skaitytaknyga\/\"]}]}<\/script>\n<!-- \/ Yoast SEO plugin. -->","yoast_head_json":{"title":"Auksinis kompasas (yra ma\u017e\u0173 d\u0117meli\u0173)","description":"Nenuostabu, kad kino studija\u00a0New Line Cinema\u00a0svarbiausiam savo filmui su\u0161auk\u0117 tikr\u0105 \u017evaig\u017ed\u017ei\u0173 komand\u0105: Nicole Kidman, Daniel\u012f Craige\u2019\u0105, o jaun\u0105j\u0105 Lair\u0105","robots":{"index":"index","follow":"follow","max-snippet":"max-snippet:-1","max-image-preview":"max-image-preview:large","max-video-preview":"max-video-preview:-1"},"canonical":"https:\/\/skaitytaknyga.lt\/en\/produktas\/auksinis-kompasas\/","og_locale":"en_GB","og_type":"article","og_title":"[:lt]Auksinis kompasas (yra ma\u017e\u0173 d\u0117meli\u0173)[:] - Skaitytaknyga","og_description":"Nenuostabu, kad kino studija\u00a0New Line Cinema\u00a0svarbiausiam savo filmui su\u0161auk\u0117 tikr\u0105 \u017evaig\u017ed\u017ei\u0173 komand\u0105: Nicole Kidman, Daniel\u012f Craige\u2019\u0105, o jaun\u0105j\u0105 Lair\u0105","og_url":"https:\/\/skaitytaknyga.lt\/en\/produktas\/auksinis-kompasas\/","og_site_name":"Skaitytaknyga","article_publisher":"https:\/\/www.facebook.com\/skaitytaknyga\/","article_modified_time":"2026-03-18T09:09:41+00:00","og_image":[{"width":474,"height":774,"url":"https:\/\/skaitytaknyga.lt\/wp-content\/uploads\/2025\/04\/Auksinis-kompasas-e1744393806408.jpg","type":"image\/jpeg"}],"twitter_card":"summary_large_image","twitter_misc":{"Estimated reading time":"2 minutes"},"schema":{"@context":"https:\/\/schema.org","@graph":[{"@type":"WebPage","@id":"https:\/\/skaitytaknyga.lt\/produktas\/auksinis-kompasas\/","url":"https:\/\/skaitytaknyga.lt\/produktas\/auksinis-kompasas\/","name":"Auksinis kompasas (yra ma\u017e\u0173 d\u0117meli\u0173)","isPartOf":{"@id":"https:\/\/skaitytaknyga.lt\/#website"},"primaryImageOfPage":{"@id":"https:\/\/skaitytaknyga.lt\/produktas\/auksinis-kompasas\/#primaryimage"},"image":{"@id":"https:\/\/skaitytaknyga.lt\/produktas\/auksinis-kompasas\/#primaryimage"},"thumbnailUrl":"https:\/\/skaitytaknyga.lt\/wp-content\/uploads\/2025\/04\/Auksinis-kompasas-e1744393806408.jpg","datePublished":"2025-04-11T17:49:04+00:00","dateModified":"2026-03-18T09:09:41+00:00","description":"Nenuostabu, kad kino studija\u00a0New Line Cinema\u00a0svarbiausiam savo filmui su\u0161auk\u0117 tikr\u0105 \u017evaig\u017ed\u017ei\u0173 komand\u0105: Nicole Kidman, Daniel\u012f Craige\u2019\u0105, o jaun\u0105j\u0105 Lair\u0105","breadcrumb":{"@id":"https:\/\/skaitytaknyga.lt\/produktas\/auksinis-kompasas\/#breadcrumb"},"inLanguage":"en-GB","potentialAction":[{"@type":"ReadAction","target":["https:\/\/skaitytaknyga.lt\/produktas\/auksinis-kompasas\/"]}]},{"@type":"ImageObject","inLanguage":"en-GB","@id":"https:\/\/skaitytaknyga.lt\/produktas\/auksinis-kompasas\/#primaryimage","url":"https:\/\/skaitytaknyga.lt\/wp-content\/uploads\/2025\/04\/Auksinis-kompasas-e1744393806408.jpg","contentUrl":"https:\/\/skaitytaknyga.lt\/wp-content\/uploads\/2025\/04\/Auksinis-kompasas-e1744393806408.jpg","width":474,"height":774,"caption":"Auksinis kompasas"},{"@type":"BreadcrumbList","@id":"https:\/\/skaitytaknyga.lt\/produktas\/auksinis-kompasas\/#breadcrumb","itemListElement":[{"@type":"ListItem","position":1,"name":"Home","item":"https:\/\/skaitytaknyga.lt\/"},{"@type":"ListItem","position":2,"name":"Parduotuv\u0117","item":"https:\/\/skaitytaknyga.lt\/knygu-parduotuve\/"},{"@type":"ListItem","position":3,"name":"Auksinis kompasas (yra ma\u017e\u0173 d\u0117meli\u0173)"}]},{"@type":"WebSite","@id":"https:\/\/skaitytaknyga.lt\/#website","url":"https:\/\/skaitytaknyga.lt\/","name":"skaitytaknyga.lt","description":"Skaitytaknyga.lt \u2013 tai ma\u017eas \u0161eimos verslas, kuris prasid\u0117jo nuo meil\u0117s knygoms ir siekio i\u0161gelb\u0117ti knygas nuo likimo prie konteinerio. Kas vienam nereikalingas daiktas \u2013 kitam lobis, o mes esame tarpininkai, kurie padeda abiems tapti laimingesniems ???? \u017dinome kaip nelengva i\u0161gyventi ma\u017eiems verslams, tad nuo \u0161iol, \u010dia rasite ir kit\u0173, ma\u017e\u0173 \u0161eim\u0173 versl\u0173, rank\u0173 darbo, dovan\u0173 sau ir artimiesiems.","publisher":{"@id":"https:\/\/skaitytaknyga.lt\/#organization"},"potentialAction":[{"@type":"SearchAction","target":{"@type":"EntryPoint","urlTemplate":"https:\/\/skaitytaknyga.lt\/?s={search_term_string}"},"query-input":{"@type":"PropertyValueSpecification","valueRequired":true,"valueName":"search_term_string"}}],"inLanguage":"en-GB"},{"@type":"Organization","@id":"https:\/\/skaitytaknyga.lt\/#organization","name":"skaitytaknyga.lt","url":"https:\/\/skaitytaknyga.lt\/","logo":{"@type":"ImageObject","inLanguage":"en-GB","@id":"https:\/\/skaitytaknyga.lt\/#\/schema\/logo\/image\/","url":"https:\/\/skaitytaknyga.lt\/wp-content\/uploads\/2024\/05\/cropped-cropped-cropped-02_00843_jt3bggkj1j3HLc7SyY6rEUpg.jpeg","contentUrl":"https:\/\/skaitytaknyga.lt\/wp-content\/uploads\/2024\/05\/cropped-cropped-cropped-02_00843_jt3bggkj1j3HLc7SyY6rEUpg.jpeg","width":1600,"height":1600,"caption":"skaitytaknyga.lt"},"image":{"@id":"https:\/\/skaitytaknyga.lt\/#\/schema\/logo\/image\/"},"sameAs":["https:\/\/www.facebook.com\/skaitytaknyga\/"]}]}},"_links":{"self":[{"href":"https:\/\/skaitytaknyga.lt\/en\/wp-json\/wp\/v2\/product\/17727","targetHints":{"allow":["GET"]}}],"collection":[{"href":"https:\/\/skaitytaknyga.lt\/en\/wp-json\/wp\/v2\/product"}],"about":[{"href":"https:\/\/skaitytaknyga.lt\/en\/wp-json\/wp\/v2\/types\/product"}],"replies":[{"embeddable":true,"href":"https:\/\/skaitytaknyga.lt\/en\/wp-json\/wp\/v2\/comments?post=17727"}],"wp:featuredmedia":[{"embeddable":true,"href":"https:\/\/skaitytaknyga.lt\/en\/wp-json\/wp\/v2\/media\/17728"}],"wp:attachment":[{"href":"https:\/\/skaitytaknyga.lt\/en\/wp-json\/wp\/v2\/media?parent=17727"}],"wp:term":[{"taxonomy":"product_brand","embeddable":true,"href":"https:\/\/skaitytaknyga.lt\/en\/wp-json\/wp\/v2\/product_brand?post=17727"},{"taxonomy":"product_cat","embeddable":true,"href":"https:\/\/skaitytaknyga.lt\/en\/wp-json\/wp\/v2\/product_cat?post=17727"},{"taxonomy":"product_tag","embeddable":true,"href":"https:\/\/skaitytaknyga.lt\/en\/wp-json\/wp\/v2\/product_tag?post=17727"}],"curies":[{"name":"wp","href":"https:\/\/api.w.org\/{rel}","templated":true}]}}