{"id":17724,"date":"2025-04-11T20:45:31","date_gmt":"2025-04-11T17:45:31","guid":{"rendered":"https:\/\/skaitytaknyga.lt\/?post_type=product&#038;p=17724"},"modified":"2026-03-18T12:31:01","modified_gmt":"2026-03-18T10:31:01","slug":"haris-poteris-ir-paslapciu-kambarys","status":"publish","type":"product","link":"https:\/\/skaitytaknyga.lt\/en\/produktas\/haris-poteris-ir-paslapciu-kambarys\/","title":{"rendered":"Haris Poteris ir Paslap\u010di\u0173 kambarys"},"content":{"rendered":"<p>Tai antroji knyga apie vaik\u0173 pam\u0117gt\u0105 heroj\u0173, \u201eHario Poterio ir I\u0161minties Akmens\u201c t\u0119sinys. Hogvartse nauji pavojai ir naujos m\u012fsl\u0117s. Ka\u017ekas atidar\u0117 Paslap\u010di\u0173 kambar\u012f, apipint\u0105 \u0161iurpiomis legendomis, ir i\u0161 ten i\u0161tr\u016bk\u0119s monstras (kas jis?) kelet\u0105 mokini\u0173 sustingdo \u012f akmen\u012f.<\/p>\n<p>Mokyklai gresia u\u017edarymas, i\u0161 jos pa\u0161alinamas Dumbldoras, suimamas Hagridas (Smird\u017eiaus t\u0117vo pastangomis). Ta\u010diau Hariui su Roniu pavyksta atskleisti Paslap\u010di\u0173 kambario paslaptis, nugal\u0117ti baisi\u0173j\u0173 \u012fvyki\u0173 kaltinink\u0105 ir laim\u0117ti Grif\u0173 G\u016b\u017etai keturis \u0161imtus ta\u0161k\u0173. Taip baigiasi antri mokslo metai Hogvartso burt\u0173 ir ker\u0117jimo mokykloje. Ir v\u0117l atostogos&#8230;<\/p>\n<ul class=\"about-product d-none d-xl-block mt-4\">\n<li><strong>Autorius:<\/strong>\u00a0J. K. Rowling<\/li>\n<li><strong>Leid\u0117jas:<\/strong>\u00a0Alma littera<\/li>\n<li><strong>Metai:<\/strong> 2002<\/li>\n<li><strong>Puslapiai:<\/strong>\u00a0272<\/li>\n<li class=\"toggleable type-new-formats \"><strong>ISBN:<\/strong>\u00a09789955080183<\/li>\n<li><strong>Versijos kodas:<\/strong>\u00a0PT.<\/li>\n<li class=\"toggleable type-new-formats \"><strong>Formatas:<\/strong>\u00a017 x 24,2 cm, kieti vir\u0161eliai<\/li>\n<li><strong>Kalba:<\/strong>\u00a0Lietuvi\u0173<\/li>\n<li><strong>Vert\u0117jas:<\/strong>\u00a0Zita Marien\u0117<\/li>\n<\/ul>\n","protected":false},"excerpt":{"rendered":"<p>Tai antroji knyga apie vaik\u0173 pam\u0117gt\u0105 heroj\u0173, \u201eHario Poterio ir I\u0161minties Akmens\u201c t\u0119sinys. Hogvartse nauji pavojai ir naujos m\u012fsl\u0117s. Ka\u017ekas atidar\u0117 Paslap\u010di\u0173 kambar\u012f, apipint\u0105 \u0161iurpiomis legendomis, ir i\u0161 ten i\u0161tr\u016bk\u0119s monstras (kas jis?) kelet\u0105 mokini\u0173 sustingdo \u012f akmen\u012f. Mokyklai gresia u\u017edarymas, i\u0161 jos pa\u0161alinamas Dumbldoras, suimamas Hagridas (Smird\u017eiaus t\u0117vo pastangomis). Ta\u010diau Hariui su Roniu pavyksta atskleisti Paslap\u010di\u0173 kambario paslaptis, nugal\u0117ti baisi\u0173j\u0173 \u012fvyki\u0173 kaltinink\u0105 ir laim\u0117ti Grif\u0173 G\u016b\u017etai keturis \u0161imtus ta\u0161k\u0173. Taip baigiasi antri mokslo metai Hogvartso burt\u0173 ir ker\u0117jimo mokykloje. Ir v\u0117l atostogos&#8230; Autorius:\u00a0J. K. Rowling Leid\u0117jas:\u00a0Alma littera Metai: 2002 Puslapiai:\u00a0272 ISBN:\u00a09789955080183 Versijos kodas:\u00a0PT. Formatas:\u00a017 x 24,2 cm, kieti vir\u0161eliai Kalba:\u00a0Lietuvi\u0173 Vert\u0117jas:\u00a0Zita Marien\u0117<\/p>\n","protected":false},"featured_media":17726,"comment_status":"closed","ping_status":"closed","template":"","meta":{"_acf_changed":false,"site-sidebar-layout":"default","site-content-layout":"","ast-site-content-layout":"default","site-content-style":"default","site-sidebar-style":"default","ast-global-header-display":"","ast-banner-title-visibility":"","ast-main-header-display":"","ast-hfb-above-header-display":"","ast-hfb-below-header-display":"","ast-hfb-mobile-header-display":"","site-post-title":"","ast-breadcrumbs-content":"","ast-featured-img":"","footer-sml-layout":"","ast-disable-related-posts":"","theme-transparent-header-meta":"default","adv-header-id-meta":"","stick-header-meta":"","header-above-stick-meta":"","header-main-stick-meta":"","header-below-stick-meta":"","astra-migrate-meta-layouts":"set","ast-page-background-enabled":"default","ast-page-background-meta":{"desktop":{"background-color":"","background-image":"","background-repeat":"repeat","background-position":"center center","background-size":"auto","background-attachment":"scroll","background-type":"","background-media":"","overlay-type":"","overlay-color":"","overlay-opacity":"","overlay-gradient":""},"tablet":{"background-color":"","background-image":"","background-repeat":"repeat","background-position":"center center","background-size":"auto","background-attachment":"scroll","background-type":"","background-media":"","overlay-type":"","overlay-color":"","overlay-opacity":"","overlay-gradient":""},"mobile":{"background-color":"","background-image":"","background-repeat":"repeat","background-position":"center center","background-size":"auto","background-attachment":"scroll","background-type":"","background-media":"","overlay-type":"","overlay-color":"","overlay-opacity":"","overlay-gradient":""}},"ast-content-background-meta":{"desktop":{"background-color":"var(--ast-global-color-4)","background-image":"","background-repeat":"repeat","background-position":"center center","background-size":"auto","background-attachment":"scroll","background-type":"","background-media":"","overlay-type":"","overlay-color":"","overlay-opacity":"","overlay-gradient":""},"tablet":{"background-color":"var(--ast-global-color-4)","background-image":"","background-repeat":"repeat","background-position":"center center","background-size":"auto","background-attachment":"scroll","background-type":"","background-media":"","overlay-type":"","overlay-color":"","overlay-opacity":"","overlay-gradient":""},"mobile":{"background-color":"var(--ast-global-color-4)","background-image":"","background-repeat":"repeat","background-position":"center center","background-size":"auto","background-attachment":"scroll","background-type":"","background-media":"","overlay-type":"","overlay-color":"","overlay-opacity":"","overlay-gradient":""}}},"product_brand":[],"product_cat":[9676,9674,35],"product_tag":[3655,1755,3656,1451],"class_list":{"0":"post-17724","1":"product","2":"type-product","3":"status-publish","4":"has-post-thumbnail","6":"product_cat-paaugliams","7":"product_cat-pradinukams","8":"product_cat-vaikams-ir-paaugliams","9":"product_tag-fantasy","10":"product_tag-magija","11":"product_tag-magiskas-pasaulis","12":"product_tag-nuotykiai","13":"desktop-align-left","14":"tablet-align-left","15":"mobile-align-left","17":"first","18":"instock","19":"shipping-taxable","20":"purchasable","21":"product-type-simple"},"acf":[],"yoast_head":"<!-- This site is optimized with the Yoast SEO plugin v27.4 - https:\/\/yoast.com\/product\/yoast-seo-wordpress\/ -->\n<title>Haris Poteris ir Paslap\u010di\u0173 kambarys<\/title>\n<meta name=\"description\" content=\"Tai antroji knyga apie vaik\u0173 pam\u0117gt\u0105 heroj\u0173, \u201eHario Poterio ir I\u0161minties Akmens\u201c t\u0119sinys. Hogvartse nauji pavojai ir naujos m\u012fsl\u0117s. Ka\u017ekas atidar\u0117\" \/>\n<meta name=\"robots\" content=\"index, follow, max-snippet:-1, max-image-preview:large, max-video-preview:-1\" \/>\n<link rel=\"canonical\" href=\"https:\/\/skaitytaknyga.lt\/en\/produktas\/haris-poteris-ir-paslapciu-kambarys\/\" \/>\n<meta property=\"og:locale\" content=\"en_GB\" \/>\n<meta property=\"og:locale:alternate\" content=\"lt_LT\" \/>\n<meta property=\"og:type\" content=\"article\" \/>\n<meta property=\"og:title\" content=\"Haris Poteris ir Paslap\u010di\u0173 kambarys\" \/>\n<meta property=\"og:description\" content=\"Tai antroji knyga apie vaik\u0173 pam\u0117gt\u0105 heroj\u0173, \u201eHario Poterio ir I\u0161minties Akmens\u201c t\u0119sinys. Hogvartse nauji pavojai ir naujos m\u012fsl\u0117s. Ka\u017ekas atidar\u0117\" \/>\n<meta property=\"og:url\" content=\"https:\/\/skaitytaknyga.lt\/en\/produktas\/haris-poteris-ir-paslapciu-kambarys\/\" \/>\n<meta property=\"og:site_name\" content=\"Skaitytaknyga\" \/>\n<meta property=\"article:publisher\" content=\"https:\/\/www.facebook.com\/skaitytaknyga\/\" \/>\n<meta property=\"article:modified_time\" content=\"2026-03-18T10:31:01+00:00\" \/>\n<meta property=\"og:image\" content=\"https:\/\/skaitytaknyga.lt\/wp-content\/uploads\/2025\/04\/Haris-Poteris-ir-Paslapciu-kambarys.webp\" \/>\n\t<meta property=\"og:image:width\" content=\"472\" \/>\n\t<meta property=\"og:image:height\" content=\"675\" \/>\n\t<meta property=\"og:image:type\" content=\"image\/webp\" \/>\n<meta name=\"twitter:card\" content=\"summary_large_image\" \/>\n<meta name=\"twitter:label1\" content=\"Estimated reading time\" \/>\n\t<meta name=\"twitter:data1\" content=\"1 minute\" \/>\n<script type=\"application\/ld+json\" class=\"yoast-schema-graph\">{\"@context\":\"https:\\\/\\\/schema.org\",\"@graph\":[{\"@type\":\"WebPage\",\"@id\":\"https:\\\/\\\/skaitytaknyga.lt\\\/produktas\\\/haris-poteris-ir-paslapciu-kambarys\\\/\",\"url\":\"https:\\\/\\\/skaitytaknyga.lt\\\/produktas\\\/haris-poteris-ir-paslapciu-kambarys\\\/\",\"name\":\"Haris Poteris ir Paslap\u010di\u0173 kambarys\",\"isPartOf\":{\"@id\":\"https:\\\/\\\/skaitytaknyga.lt\\\/#website\"},\"primaryImageOfPage\":{\"@id\":\"https:\\\/\\\/skaitytaknyga.lt\\\/produktas\\\/haris-poteris-ir-paslapciu-kambarys\\\/#primaryimage\"},\"image\":{\"@id\":\"https:\\\/\\\/skaitytaknyga.lt\\\/produktas\\\/haris-poteris-ir-paslapciu-kambarys\\\/#primaryimage\"},\"thumbnailUrl\":\"https:\\\/\\\/skaitytaknyga.lt\\\/wp-content\\\/uploads\\\/2025\\\/04\\\/Haris-Poteris-ir-Paslapciu-kambarys.webp\",\"datePublished\":\"2025-04-11T17:45:31+00:00\",\"dateModified\":\"2026-03-18T10:31:01+00:00\",\"description\":\"Tai antroji knyga apie vaik\u0173 pam\u0117gt\u0105 heroj\u0173, \u201eHario Poterio ir I\u0161minties Akmens\u201c t\u0119sinys. Hogvartse nauji pavojai ir naujos m\u012fsl\u0117s. Ka\u017ekas atidar\u0117\",\"breadcrumb\":{\"@id\":\"https:\\\/\\\/skaitytaknyga.lt\\\/produktas\\\/haris-poteris-ir-paslapciu-kambarys\\\/#breadcrumb\"},\"inLanguage\":\"en-GB\",\"potentialAction\":[{\"@type\":\"ReadAction\",\"target\":[\"https:\\\/\\\/skaitytaknyga.lt\\\/produktas\\\/haris-poteris-ir-paslapciu-kambarys\\\/\"]}]},{\"@type\":\"ImageObject\",\"inLanguage\":\"en-GB\",\"@id\":\"https:\\\/\\\/skaitytaknyga.lt\\\/produktas\\\/haris-poteris-ir-paslapciu-kambarys\\\/#primaryimage\",\"url\":\"https:\\\/\\\/skaitytaknyga.lt\\\/wp-content\\\/uploads\\\/2025\\\/04\\\/Haris-Poteris-ir-Paslapciu-kambarys.webp\",\"contentUrl\":\"https:\\\/\\\/skaitytaknyga.lt\\\/wp-content\\\/uploads\\\/2025\\\/04\\\/Haris-Poteris-ir-Paslapciu-kambarys.webp\",\"width\":472,\"height\":675,\"caption\":\"Haris Poteris ir Paslap\u010di\u0173 kambarys\"},{\"@type\":\"BreadcrumbList\",\"@id\":\"https:\\\/\\\/skaitytaknyga.lt\\\/produktas\\\/haris-poteris-ir-paslapciu-kambarys\\\/#breadcrumb\",\"itemListElement\":[{\"@type\":\"ListItem\",\"position\":1,\"name\":\"Home\",\"item\":\"https:\\\/\\\/skaitytaknyga.lt\\\/\"},{\"@type\":\"ListItem\",\"position\":2,\"name\":\"Parduotuv\u0117\",\"item\":\"https:\\\/\\\/skaitytaknyga.lt\\\/knygu-parduotuve\\\/\"},{\"@type\":\"ListItem\",\"position\":3,\"name\":\"Haris Poteris ir Paslap\u010di\u0173 kambarys\"}]},{\"@type\":\"WebSite\",\"@id\":\"https:\\\/\\\/skaitytaknyga.lt\\\/#website\",\"url\":\"https:\\\/\\\/skaitytaknyga.lt\\\/\",\"name\":\"skaitytaknyga.lt\",\"description\":\"Skaitytaknyga.lt \u2013 tai ma\u017eas \u0161eimos verslas, kuris prasid\u0117jo nuo meil\u0117s knygoms ir siekio i\u0161gelb\u0117ti knygas nuo likimo prie konteinerio. Kas vienam nereikalingas daiktas \u2013 kitam lobis, o mes esame tarpininkai, kurie padeda abiems tapti laimingesniems ???? \u017dinome kaip nelengva i\u0161gyventi ma\u017eiems verslams, tad nuo \u0161iol, \u010dia rasite ir kit\u0173, ma\u017e\u0173 \u0161eim\u0173 versl\u0173, rank\u0173 darbo, dovan\u0173 sau ir artimiesiems.\",\"publisher\":{\"@id\":\"https:\\\/\\\/skaitytaknyga.lt\\\/#organization\"},\"potentialAction\":[{\"@type\":\"SearchAction\",\"target\":{\"@type\":\"EntryPoint\",\"urlTemplate\":\"https:\\\/\\\/skaitytaknyga.lt\\\/?s={search_term_string}\"},\"query-input\":{\"@type\":\"PropertyValueSpecification\",\"valueRequired\":true,\"valueName\":\"search_term_string\"}}],\"inLanguage\":\"en-GB\"},{\"@type\":\"Organization\",\"@id\":\"https:\\\/\\\/skaitytaknyga.lt\\\/#organization\",\"name\":\"skaitytaknyga.lt\",\"url\":\"https:\\\/\\\/skaitytaknyga.lt\\\/\",\"logo\":{\"@type\":\"ImageObject\",\"inLanguage\":\"en-GB\",\"@id\":\"https:\\\/\\\/skaitytaknyga.lt\\\/#\\\/schema\\\/logo\\\/image\\\/\",\"url\":\"https:\\\/\\\/skaitytaknyga.lt\\\/wp-content\\\/uploads\\\/2024\\\/05\\\/cropped-cropped-cropped-02_00843_jt3bggkj1j3HLc7SyY6rEUpg.jpeg\",\"contentUrl\":\"https:\\\/\\\/skaitytaknyga.lt\\\/wp-content\\\/uploads\\\/2024\\\/05\\\/cropped-cropped-cropped-02_00843_jt3bggkj1j3HLc7SyY6rEUpg.jpeg\",\"width\":1600,\"height\":1600,\"caption\":\"skaitytaknyga.lt\"},\"image\":{\"@id\":\"https:\\\/\\\/skaitytaknyga.lt\\\/#\\\/schema\\\/logo\\\/image\\\/\"},\"sameAs\":[\"https:\\\/\\\/www.facebook.com\\\/skaitytaknyga\\\/\"]}]}<\/script>\n<!-- \/ Yoast SEO plugin. -->","yoast_head_json":{"title":"Haris Poteris ir Paslap\u010di\u0173 kambarys","description":"Tai antroji knyga apie vaik\u0173 pam\u0117gt\u0105 heroj\u0173, \u201eHario Poterio ir I\u0161minties Akmens\u201c t\u0119sinys. Hogvartse nauji pavojai ir naujos m\u012fsl\u0117s. Ka\u017ekas atidar\u0117","robots":{"index":"index","follow":"follow","max-snippet":"max-snippet:-1","max-image-preview":"max-image-preview:large","max-video-preview":"max-video-preview:-1"},"canonical":"https:\/\/skaitytaknyga.lt\/en\/produktas\/haris-poteris-ir-paslapciu-kambarys\/","og_locale":"en_GB","og_type":"article","og_title":"[:lt]Haris Poteris ir Paslap\u010di\u0173 kambarys[:] - Skaitytaknyga","og_description":"Tai antroji knyga apie vaik\u0173 pam\u0117gt\u0105 heroj\u0173, \u201eHario Poterio ir I\u0161minties Akmens\u201c t\u0119sinys. Hogvartse nauji pavojai ir naujos m\u012fsl\u0117s. Ka\u017ekas atidar\u0117","og_url":"https:\/\/skaitytaknyga.lt\/en\/produktas\/haris-poteris-ir-paslapciu-kambarys\/","og_site_name":"Skaitytaknyga","article_publisher":"https:\/\/www.facebook.com\/skaitytaknyga\/","article_modified_time":"2026-03-18T10:31:01+00:00","og_image":[{"width":472,"height":675,"url":"https:\/\/skaitytaknyga.lt\/wp-content\/uploads\/2025\/04\/Haris-Poteris-ir-Paslapciu-kambarys.webp","type":"image\/webp"}],"twitter_card":"summary_large_image","twitter_misc":{"Estimated reading time":"1 minute"},"schema":{"@context":"https:\/\/schema.org","@graph":[{"@type":"WebPage","@id":"https:\/\/skaitytaknyga.lt\/produktas\/haris-poteris-ir-paslapciu-kambarys\/","url":"https:\/\/skaitytaknyga.lt\/produktas\/haris-poteris-ir-paslapciu-kambarys\/","name":"Haris Poteris ir Paslap\u010di\u0173 kambarys","isPartOf":{"@id":"https:\/\/skaitytaknyga.lt\/#website"},"primaryImageOfPage":{"@id":"https:\/\/skaitytaknyga.lt\/produktas\/haris-poteris-ir-paslapciu-kambarys\/#primaryimage"},"image":{"@id":"https:\/\/skaitytaknyga.lt\/produktas\/haris-poteris-ir-paslapciu-kambarys\/#primaryimage"},"thumbnailUrl":"https:\/\/skaitytaknyga.lt\/wp-content\/uploads\/2025\/04\/Haris-Poteris-ir-Paslapciu-kambarys.webp","datePublished":"2025-04-11T17:45:31+00:00","dateModified":"2026-03-18T10:31:01+00:00","description":"Tai antroji knyga apie vaik\u0173 pam\u0117gt\u0105 heroj\u0173, \u201eHario Poterio ir I\u0161minties Akmens\u201c t\u0119sinys. Hogvartse nauji pavojai ir naujos m\u012fsl\u0117s. Ka\u017ekas atidar\u0117","breadcrumb":{"@id":"https:\/\/skaitytaknyga.lt\/produktas\/haris-poteris-ir-paslapciu-kambarys\/#breadcrumb"},"inLanguage":"en-GB","potentialAction":[{"@type":"ReadAction","target":["https:\/\/skaitytaknyga.lt\/produktas\/haris-poteris-ir-paslapciu-kambarys\/"]}]},{"@type":"ImageObject","inLanguage":"en-GB","@id":"https:\/\/skaitytaknyga.lt\/produktas\/haris-poteris-ir-paslapciu-kambarys\/#primaryimage","url":"https:\/\/skaitytaknyga.lt\/wp-content\/uploads\/2025\/04\/Haris-Poteris-ir-Paslapciu-kambarys.webp","contentUrl":"https:\/\/skaitytaknyga.lt\/wp-content\/uploads\/2025\/04\/Haris-Poteris-ir-Paslapciu-kambarys.webp","width":472,"height":675,"caption":"Haris Poteris ir Paslap\u010di\u0173 kambarys"},{"@type":"BreadcrumbList","@id":"https:\/\/skaitytaknyga.lt\/produktas\/haris-poteris-ir-paslapciu-kambarys\/#breadcrumb","itemListElement":[{"@type":"ListItem","position":1,"name":"Home","item":"https:\/\/skaitytaknyga.lt\/"},{"@type":"ListItem","position":2,"name":"Parduotuv\u0117","item":"https:\/\/skaitytaknyga.lt\/knygu-parduotuve\/"},{"@type":"ListItem","position":3,"name":"Haris Poteris ir Paslap\u010di\u0173 kambarys"}]},{"@type":"WebSite","@id":"https:\/\/skaitytaknyga.lt\/#website","url":"https:\/\/skaitytaknyga.lt\/","name":"skaitytaknyga.lt","description":"Skaitytaknyga.lt \u2013 tai ma\u017eas \u0161eimos verslas, kuris prasid\u0117jo nuo meil\u0117s knygoms ir siekio i\u0161gelb\u0117ti knygas nuo likimo prie konteinerio. Kas vienam nereikalingas daiktas \u2013 kitam lobis, o mes esame tarpininkai, kurie padeda abiems tapti laimingesniems ???? \u017dinome kaip nelengva i\u0161gyventi ma\u017eiems verslams, tad nuo \u0161iol, \u010dia rasite ir kit\u0173, ma\u017e\u0173 \u0161eim\u0173 versl\u0173, rank\u0173 darbo, dovan\u0173 sau ir artimiesiems.","publisher":{"@id":"https:\/\/skaitytaknyga.lt\/#organization"},"potentialAction":[{"@type":"SearchAction","target":{"@type":"EntryPoint","urlTemplate":"https:\/\/skaitytaknyga.lt\/?s={search_term_string}"},"query-input":{"@type":"PropertyValueSpecification","valueRequired":true,"valueName":"search_term_string"}}],"inLanguage":"en-GB"},{"@type":"Organization","@id":"https:\/\/skaitytaknyga.lt\/#organization","name":"skaitytaknyga.lt","url":"https:\/\/skaitytaknyga.lt\/","logo":{"@type":"ImageObject","inLanguage":"en-GB","@id":"https:\/\/skaitytaknyga.lt\/#\/schema\/logo\/image\/","url":"https:\/\/skaitytaknyga.lt\/wp-content\/uploads\/2024\/05\/cropped-cropped-cropped-02_00843_jt3bggkj1j3HLc7SyY6rEUpg.jpeg","contentUrl":"https:\/\/skaitytaknyga.lt\/wp-content\/uploads\/2024\/05\/cropped-cropped-cropped-02_00843_jt3bggkj1j3HLc7SyY6rEUpg.jpeg","width":1600,"height":1600,"caption":"skaitytaknyga.lt"},"image":{"@id":"https:\/\/skaitytaknyga.lt\/#\/schema\/logo\/image\/"},"sameAs":["https:\/\/www.facebook.com\/skaitytaknyga\/"]}]}},"_links":{"self":[{"href":"https:\/\/skaitytaknyga.lt\/en\/wp-json\/wp\/v2\/product\/17724","targetHints":{"allow":["GET"]}}],"collection":[{"href":"https:\/\/skaitytaknyga.lt\/en\/wp-json\/wp\/v2\/product"}],"about":[{"href":"https:\/\/skaitytaknyga.lt\/en\/wp-json\/wp\/v2\/types\/product"}],"replies":[{"embeddable":true,"href":"https:\/\/skaitytaknyga.lt\/en\/wp-json\/wp\/v2\/comments?post=17724"}],"wp:featuredmedia":[{"embeddable":true,"href":"https:\/\/skaitytaknyga.lt\/en\/wp-json\/wp\/v2\/media\/17726"}],"wp:attachment":[{"href":"https:\/\/skaitytaknyga.lt\/en\/wp-json\/wp\/v2\/media?parent=17724"}],"wp:term":[{"taxonomy":"product_brand","embeddable":true,"href":"https:\/\/skaitytaknyga.lt\/en\/wp-json\/wp\/v2\/product_brand?post=17724"},{"taxonomy":"product_cat","embeddable":true,"href":"https:\/\/skaitytaknyga.lt\/en\/wp-json\/wp\/v2\/product_cat?post=17724"},{"taxonomy":"product_tag","embeddable":true,"href":"https:\/\/skaitytaknyga.lt\/en\/wp-json\/wp\/v2\/product_tag?post=17724"}],"curies":[{"name":"wp","href":"https:\/\/api.w.org\/{rel}","templated":true}]}}