{"id":17722,"date":"2025-04-11T20:41:10","date_gmt":"2025-04-11T17:41:10","guid":{"rendered":"https:\/\/skaitytaknyga.lt\/?post_type=product&#038;p=17722"},"modified":"2026-03-05T16:17:09","modified_gmt":"2026-03-05T14:17:09","slug":"suzeistoji","status":"publish","type":"product","link":"https:\/\/skaitytaknyga.lt\/en\/produktas\/suzeistoji\/","title":{"rendered":"Su\u017eeistoji"},"content":{"rendered":"<p>Nakties namus apgaub\u0117 tamsa. Zojos Redbird siela sudu\u017eo. Priblok\u0161ta Hito mirties ji trok\u0161ta am\u017einai pasilikti Anapusiniame pasaulyje ir spar\u010diai bl\u0117sta. Menksta viltys, kad ji \u012fstengs i\u0161gyti laiku ir sp\u0117s kartu su bi\u010diuliais i\u0161gelb\u0117ti pasaul\u012f. Jai pad\u0117ti gali tik Starkas. Karys turi sugalvoti, kaip pakli\u016bti pas Zoj\u0105. Auk\u0161\u010diausioji vampyr\u0173 taryba mano, kad d\u0117l to jam teks numirti. O tada Zoja tikrai nuleis rankas. Liko vos septynios dienos.<\/p>\n<p>Geriausia draug\u0117 Stiv\u0117 Rei nori pad\u0117ti Zojai, bet ir pati prisivir\u0117 ko\u0161\u0117s. Blogi raudonieji jaunikliai nerimsta, ir \u0161\u012fsyk net Stiv\u0117 Rei ne\u012fstengs j\u0173 i\u0161gelb\u0117ti. Jos lyg ir vaikinas Dalasas mielas, bet per daug kai\u0161ioja nos\u012f, kur nereikia. I\u0161 tikr\u0173j\u0173 Stiv\u0117 Rei slepia paslapt\u012f, galin\u010di\u0105 pad\u0117ti sugr\u0105\u017einti Zoj\u0105.<\/p>\n<p>O pa\u010diame \u012fvyki\u0173 s\u016bkuryje \u2013 Afrodit\u0117: buvusi jaunikl\u0117, turtuoli\u0173 dukrel\u0117, visi\u0161ka pragaro \u017eie\u017eula (ir tuo besidid\u017eiuojanti). J\u0105 lanko varginantys ateities reg\u0117jimai, bet dabar Nikt\u0117 nutar\u0117 pati byloti Afrodit\u0117s l\u016bpomis, nesvarbu, ar Afrodit\u0117 to nori, ar ne. Afrodit\u0117 yra savanaud\u0117, bet ant svarstykli\u0173 pad\u0117tas Zojos likimas.<\/p>\n<ul class=\"about-product d-none d-xl-block mt-4\">\n<li><strong>Autorius:<\/strong>\u00a0Kristin Cast,\u00a0P. C. Cast<\/li>\n<li><strong>Leid\u0117jas:<\/strong>\u00a0Alma littera<\/li>\n<li><strong>Metai:<\/strong>\u00a02011<\/li>\n<li><strong>Puslapiai:<\/strong>\u00a0358<\/li>\n<li class=\"toggleable type-new-formats \"><strong>ISBN:<\/strong>\u00a09786090100974<\/li>\n<li><strong>Versijos kodas:<\/strong>\u00a0PT.<\/li>\n<li class=\"toggleable type-new-formats \"><strong>Formatas:<\/strong>\u00a015 x 22 cm, kieti vir\u0161eliai<\/li>\n<li><strong>Kalba:<\/strong>\u00a0Lietuvi\u0173<\/li>\n<li><strong>Vert\u0117jas:<\/strong>\u00a0Gabriel\u0117 Gaili\u016bt\u0117<\/li>\n<\/ul>\n","protected":false},"excerpt":{"rendered":"<p>Nakties namus apgaub\u0117 tamsa. Zojos Redbird siela sudu\u017eo. Priblok\u0161ta Hito mirties ji trok\u0161ta am\u017einai pasilikti Anapusiniame pasaulyje ir spar\u010diai bl\u0117sta. Menksta viltys, kad ji \u012fstengs i\u0161gyti laiku ir sp\u0117s kartu su bi\u010diuliais i\u0161gelb\u0117ti pasaul\u012f. Jai pad\u0117ti gali tik Starkas. Karys turi sugalvoti, kaip pakli\u016bti pas Zoj\u0105. Auk\u0161\u010diausioji vampyr\u0173 taryba mano, kad d\u0117l to jam teks numirti. O tada Zoja tikrai nuleis rankas. Liko vos septynios dienos. Geriausia draug\u0117 Stiv\u0117 Rei nori pad\u0117ti Zojai, bet ir pati prisivir\u0117 ko\u0161\u0117s. Blogi raudonieji jaunikliai nerimsta, ir \u0161\u012fsyk net Stiv\u0117 Rei ne\u012fstengs j\u0173 i\u0161gelb\u0117ti. Jos lyg ir vaikinas Dalasas mielas, bet per daug kai\u0161ioja nos\u012f, kur nereikia. I\u0161 tikr\u0173j\u0173 Stiv\u0117 Rei slepia paslapt\u012f, galin\u010di\u0105 pad\u0117ti sugr\u0105\u017einti Zoj\u0105. O pa\u010diame \u012fvyki\u0173 s\u016bkuryje \u2013 Afrodit\u0117: buvusi jaunikl\u0117, turtuoli\u0173 dukrel\u0117, visi\u0161ka pragaro \u017eie\u017eula (ir tuo besidid\u017eiuojanti). J\u0105 lanko varginantys ateities reg\u0117jimai, bet dabar Nikt\u0117 nutar\u0117 pati byloti Afrodit\u0117s l\u016bpomis, nesvarbu, ar Afrodit\u0117 to nori, ar ne. Afrodit\u0117 yra savanaud\u0117, bet ant svarstykli\u0173 pad\u0117tas Zojos likimas. Autorius:\u00a0Kristin Cast,\u00a0P. C. Cast Leid\u0117jas:\u00a0Alma littera Metai:\u00a02011 Puslapiai:\u00a0358 ISBN:\u00a09786090100974 Versijos kodas:\u00a0PT. Formatas:\u00a015 x 22 cm, kieti vir\u0161eliai Kalba:\u00a0Lietuvi\u0173 Vert\u0117jas:\u00a0Gabriel\u0117 Gaili\u016bt\u0117<\/p>\n","protected":false},"featured_media":17723,"comment_status":"open","ping_status":"closed","template":"","meta":{"_acf_changed":false,"site-sidebar-layout":"default","site-content-layout":"","ast-site-content-layout":"default","site-content-style":"default","site-sidebar-style":"default","ast-global-header-display":"","ast-banner-title-visibility":"","ast-main-header-display":"","ast-hfb-above-header-display":"","ast-hfb-below-header-display":"","ast-hfb-mobile-header-display":"","site-post-title":"","ast-breadcrumbs-content":"","ast-featured-img":"","footer-sml-layout":"","ast-disable-related-posts":"","theme-transparent-header-meta":"default","adv-header-id-meta":"","stick-header-meta":"","header-above-stick-meta":"","header-main-stick-meta":"","header-below-stick-meta":"","astra-migrate-meta-layouts":"set","ast-page-background-enabled":"default","ast-page-background-meta":{"desktop":{"background-color":"","background-image":"","background-repeat":"repeat","background-position":"center center","background-size":"auto","background-attachment":"scroll","background-type":"","background-media":"","overlay-type":"","overlay-color":"","overlay-opacity":"","overlay-gradient":""},"tablet":{"background-color":"","background-image":"","background-repeat":"repeat","background-position":"center center","background-size":"auto","background-attachment":"scroll","background-type":"","background-media":"","overlay-type":"","overlay-color":"","overlay-opacity":"","overlay-gradient":""},"mobile":{"background-color":"","background-image":"","background-repeat":"repeat","background-position":"center center","background-size":"auto","background-attachment":"scroll","background-type":"","background-media":"","overlay-type":"","overlay-color":"","overlay-opacity":"","overlay-gradient":""}},"ast-content-background-meta":{"desktop":{"background-color":"var(--ast-global-color-4)","background-image":"","background-repeat":"repeat","background-position":"center center","background-size":"auto","background-attachment":"scroll","background-type":"","background-media":"","overlay-type":"","overlay-color":"","overlay-opacity":"","overlay-gradient":""},"tablet":{"background-color":"var(--ast-global-color-4)","background-image":"","background-repeat":"repeat","background-position":"center center","background-size":"auto","background-attachment":"scroll","background-type":"","background-media":"","overlay-type":"","overlay-color":"","overlay-opacity":"","overlay-gradient":""},"mobile":{"background-color":"var(--ast-global-color-4)","background-image":"","background-repeat":"repeat","background-position":"center center","background-size":"auto","background-attachment":"scroll","background-type":"","background-media":"","overlay-type":"","overlay-color":"","overlay-opacity":"","overlay-gradient":""}}},"product_brand":[],"product_cat":[9676],"product_tag":[1504,3651,3649,3650,2129,2539],"class_list":{"0":"post-17722","1":"product","2":"type-product","3":"status-publish","4":"has-post-thumbnail","6":"product_cat-paaugliams","7":"product_tag-fantastika","8":"product_tag-jauni-suaugusieji","9":"product_tag-kristin-cast","10":"product_tag-p-c-cast","11":"product_tag-romantika","12":"product_tag-vampyrai","13":"desktop-align-left","14":"tablet-align-left","15":"mobile-align-left","17":"first","18":"outofstock","19":"featured","20":"shipping-taxable","21":"purchasable","22":"product-type-simple"},"acf":[],"yoast_head":"<!-- This site is optimized with the Yoast SEO plugin v27.0 - https:\/\/yoast.com\/product\/yoast-seo-wordpress\/ -->\n<title>Su\u017eeistoji<\/title>\n<meta name=\"description\" content=\"Nakties namus apgaub\u0117 tamsa. Zojos Redbird siela sudu\u017eo. Priblok\u0161ta Hito mirties ji trok\u0161ta am\u017einai pasilikti Anapusiniame pasaulyje ir spar\u010diai bl\u0117sta.\" \/>\n<meta name=\"robots\" content=\"index, follow, max-snippet:-1, max-image-preview:large, max-video-preview:-1\" \/>\n<link rel=\"canonical\" href=\"https:\/\/skaitytaknyga.lt\/en\/produktas\/suzeistoji\/\" \/>\n<meta property=\"og:locale\" content=\"en_GB\" \/>\n<meta property=\"og:locale:alternate\" content=\"lt_LT\" \/>\n<meta property=\"og:type\" content=\"article\" \/>\n<meta property=\"og:title\" content=\"Su\u017eeistoji\" \/>\n<meta property=\"og:description\" content=\"Nakties namus apgaub\u0117 tamsa. Zojos Redbird siela sudu\u017eo. Priblok\u0161ta Hito mirties ji trok\u0161ta am\u017einai pasilikti Anapusiniame pasaulyje ir spar\u010diai bl\u0117sta.\" \/>\n<meta property=\"og:url\" content=\"https:\/\/skaitytaknyga.lt\/en\/produktas\/suzeistoji\/\" \/>\n<meta property=\"og:site_name\" content=\"Skaitytaknyga\" \/>\n<meta property=\"article:publisher\" content=\"https:\/\/www.facebook.com\/skaitytaknyga\/\" \/>\n<meta property=\"article:modified_time\" content=\"2026-03-05T14:17:09+00:00\" \/>\n<meta property=\"og:image\" content=\"https:\/\/skaitytaknyga.lt\/wp-content\/uploads\/2025\/04\/suzeistoji.webp\" \/>\n\t<meta property=\"og:image:width\" content=\"436\" \/>\n\t<meta property=\"og:image:height\" content=\"643\" \/>\n\t<meta property=\"og:image:type\" content=\"image\/webp\" \/>\n<meta name=\"twitter:card\" content=\"summary_large_image\" \/>\n<meta name=\"twitter:label1\" content=\"Estimated reading time\" \/>\n\t<meta name=\"twitter:data1\" content=\"2 minutes\" \/>\n<script type=\"application\/ld+json\" class=\"yoast-schema-graph\">{\"@context\":\"https:\/\/schema.org\",\"@graph\":[{\"@type\":\"WebPage\",\"@id\":\"https:\/\/skaitytaknyga.lt\/produktas\/suzeistoji\/\",\"url\":\"https:\/\/skaitytaknyga.lt\/produktas\/suzeistoji\/\",\"name\":\"Su\u017eeistoji\",\"isPartOf\":{\"@id\":\"https:\/\/skaitytaknyga.lt\/#website\"},\"primaryImageOfPage\":{\"@id\":\"https:\/\/skaitytaknyga.lt\/produktas\/suzeistoji\/#primaryimage\"},\"image\":{\"@id\":\"https:\/\/skaitytaknyga.lt\/produktas\/suzeistoji\/#primaryimage\"},\"thumbnailUrl\":\"https:\/\/skaitytaknyga.lt\/wp-content\/uploads\/2025\/04\/suzeistoji.webp\",\"datePublished\":\"2025-04-11T17:41:10+00:00\",\"dateModified\":\"2026-03-05T14:17:09+00:00\",\"description\":\"Nakties namus apgaub\u0117 tamsa. Zojos Redbird siela sudu\u017eo. Priblok\u0161ta Hito mirties ji trok\u0161ta am\u017einai pasilikti Anapusiniame pasaulyje ir spar\u010diai bl\u0117sta.\",\"breadcrumb\":{\"@id\":\"https:\/\/skaitytaknyga.lt\/produktas\/suzeistoji\/#breadcrumb\"},\"inLanguage\":\"en-GB\",\"potentialAction\":[{\"@type\":\"ReadAction\",\"target\":[\"https:\/\/skaitytaknyga.lt\/produktas\/suzeistoji\/\"]}]},{\"@type\":\"ImageObject\",\"inLanguage\":\"en-GB\",\"@id\":\"https:\/\/skaitytaknyga.lt\/produktas\/suzeistoji\/#primaryimage\",\"url\":\"https:\/\/skaitytaknyga.lt\/wp-content\/uploads\/2025\/04\/suzeistoji.webp\",\"contentUrl\":\"https:\/\/skaitytaknyga.lt\/wp-content\/uploads\/2025\/04\/suzeistoji.webp\",\"width\":436,\"height\":643,\"caption\":\"su\u017eeistoji\"},{\"@type\":\"BreadcrumbList\",\"@id\":\"https:\/\/skaitytaknyga.lt\/produktas\/suzeistoji\/#breadcrumb\",\"itemListElement\":[{\"@type\":\"ListItem\",\"position\":1,\"name\":\"Home\",\"item\":\"https:\/\/skaitytaknyga.lt\/\"},{\"@type\":\"ListItem\",\"position\":2,\"name\":\"Parduotuv\u0117\",\"item\":\"https:\/\/skaitytaknyga.lt\/knygu-parduotuve\/\"},{\"@type\":\"ListItem\",\"position\":3,\"name\":\"Su\u017eeistoji\"}]},{\"@type\":\"WebSite\",\"@id\":\"https:\/\/skaitytaknyga.lt\/#website\",\"url\":\"https:\/\/skaitytaknyga.lt\/\",\"name\":\"skaitytaknyga.lt\",\"description\":\"Skaitytaknyga.lt \u2013 tai ma\u017eas \u0161eimos verslas, kuris prasid\u0117jo nuo meil\u0117s knygoms ir siekio i\u0161gelb\u0117ti knygas nuo likimo prie konteinerio. Kas vienam nereikalingas daiktas \u2013 kitam lobis, o mes esame tarpininkai, kurie padeda abiems tapti laimingesniems ???? \u017dinome kaip nelengva i\u0161gyventi ma\u017eiems verslams, tad nuo \u0161iol, \u010dia rasite ir kit\u0173, ma\u017e\u0173 \u0161eim\u0173 versl\u0173, rank\u0173 darbo, dovan\u0173 sau ir artimiesiems.\",\"publisher\":{\"@id\":\"https:\/\/skaitytaknyga.lt\/#organization\"},\"potentialAction\":[{\"@type\":\"SearchAction\",\"target\":{\"@type\":\"EntryPoint\",\"urlTemplate\":\"https:\/\/skaitytaknyga.lt\/?s={search_term_string}\"},\"query-input\":{\"@type\":\"PropertyValueSpecification\",\"valueRequired\":true,\"valueName\":\"search_term_string\"}}],\"inLanguage\":\"en-GB\"},{\"@type\":\"Organization\",\"@id\":\"https:\/\/skaitytaknyga.lt\/#organization\",\"name\":\"skaitytaknyga.lt\",\"url\":\"https:\/\/skaitytaknyga.lt\/\",\"logo\":{\"@type\":\"ImageObject\",\"inLanguage\":\"en-GB\",\"@id\":\"https:\/\/skaitytaknyga.lt\/#\/schema\/logo\/image\/\",\"url\":\"https:\/\/skaitytaknyga.lt\/wp-content\/uploads\/2024\/05\/cropped-cropped-cropped-02_00843_jt3bggkj1j3HLc7SyY6rEUpg.jpeg\",\"contentUrl\":\"https:\/\/skaitytaknyga.lt\/wp-content\/uploads\/2024\/05\/cropped-cropped-cropped-02_00843_jt3bggkj1j3HLc7SyY6rEUpg.jpeg\",\"width\":1600,\"height\":1600,\"caption\":\"skaitytaknyga.lt\"},\"image\":{\"@id\":\"https:\/\/skaitytaknyga.lt\/#\/schema\/logo\/image\/\"},\"sameAs\":[\"https:\/\/www.facebook.com\/skaitytaknyga\/\"]}]}<\/script>\n<!-- \/ Yoast SEO plugin. -->","yoast_head_json":{"title":"Su\u017eeistoji","description":"Nakties namus apgaub\u0117 tamsa. Zojos Redbird siela sudu\u017eo. Priblok\u0161ta Hito mirties ji trok\u0161ta am\u017einai pasilikti Anapusiniame pasaulyje ir spar\u010diai bl\u0117sta.","robots":{"index":"index","follow":"follow","max-snippet":"max-snippet:-1","max-image-preview":"max-image-preview:large","max-video-preview":"max-video-preview:-1"},"canonical":"https:\/\/skaitytaknyga.lt\/en\/produktas\/suzeistoji\/","og_locale":"en_GB","og_type":"article","og_title":"[:lt]Su\u017eeistoji[:] - Skaitytaknyga","og_description":"Nakties namus apgaub\u0117 tamsa. Zojos Redbird siela sudu\u017eo. Priblok\u0161ta Hito mirties ji trok\u0161ta am\u017einai pasilikti Anapusiniame pasaulyje ir spar\u010diai bl\u0117sta.","og_url":"https:\/\/skaitytaknyga.lt\/en\/produktas\/suzeistoji\/","og_site_name":"Skaitytaknyga","article_publisher":"https:\/\/www.facebook.com\/skaitytaknyga\/","article_modified_time":"2026-03-05T14:17:09+00:00","og_image":[{"width":436,"height":643,"url":"https:\/\/skaitytaknyga.lt\/wp-content\/uploads\/2025\/04\/suzeistoji.webp","type":"image\/webp"}],"twitter_card":"summary_large_image","twitter_misc":{"Estimated reading time":"2 minutes"},"schema":{"@context":"https:\/\/schema.org","@graph":[{"@type":"WebPage","@id":"https:\/\/skaitytaknyga.lt\/produktas\/suzeistoji\/","url":"https:\/\/skaitytaknyga.lt\/produktas\/suzeistoji\/","name":"Su\u017eeistoji","isPartOf":{"@id":"https:\/\/skaitytaknyga.lt\/#website"},"primaryImageOfPage":{"@id":"https:\/\/skaitytaknyga.lt\/produktas\/suzeistoji\/#primaryimage"},"image":{"@id":"https:\/\/skaitytaknyga.lt\/produktas\/suzeistoji\/#primaryimage"},"thumbnailUrl":"https:\/\/skaitytaknyga.lt\/wp-content\/uploads\/2025\/04\/suzeistoji.webp","datePublished":"2025-04-11T17:41:10+00:00","dateModified":"2026-03-05T14:17:09+00:00","description":"Nakties namus apgaub\u0117 tamsa. Zojos Redbird siela sudu\u017eo. Priblok\u0161ta Hito mirties ji trok\u0161ta am\u017einai pasilikti Anapusiniame pasaulyje ir spar\u010diai bl\u0117sta.","breadcrumb":{"@id":"https:\/\/skaitytaknyga.lt\/produktas\/suzeistoji\/#breadcrumb"},"inLanguage":"en-GB","potentialAction":[{"@type":"ReadAction","target":["https:\/\/skaitytaknyga.lt\/produktas\/suzeistoji\/"]}]},{"@type":"ImageObject","inLanguage":"en-GB","@id":"https:\/\/skaitytaknyga.lt\/produktas\/suzeistoji\/#primaryimage","url":"https:\/\/skaitytaknyga.lt\/wp-content\/uploads\/2025\/04\/suzeistoji.webp","contentUrl":"https:\/\/skaitytaknyga.lt\/wp-content\/uploads\/2025\/04\/suzeistoji.webp","width":436,"height":643,"caption":"su\u017eeistoji"},{"@type":"BreadcrumbList","@id":"https:\/\/skaitytaknyga.lt\/produktas\/suzeistoji\/#breadcrumb","itemListElement":[{"@type":"ListItem","position":1,"name":"Home","item":"https:\/\/skaitytaknyga.lt\/"},{"@type":"ListItem","position":2,"name":"Parduotuv\u0117","item":"https:\/\/skaitytaknyga.lt\/knygu-parduotuve\/"},{"@type":"ListItem","position":3,"name":"Su\u017eeistoji"}]},{"@type":"WebSite","@id":"https:\/\/skaitytaknyga.lt\/#website","url":"https:\/\/skaitytaknyga.lt\/","name":"skaitytaknyga.lt","description":"Skaitytaknyga.lt \u2013 tai ma\u017eas \u0161eimos verslas, kuris prasid\u0117jo nuo meil\u0117s knygoms ir siekio i\u0161gelb\u0117ti knygas nuo likimo prie konteinerio. Kas vienam nereikalingas daiktas \u2013 kitam lobis, o mes esame tarpininkai, kurie padeda abiems tapti laimingesniems ???? \u017dinome kaip nelengva i\u0161gyventi ma\u017eiems verslams, tad nuo \u0161iol, \u010dia rasite ir kit\u0173, ma\u017e\u0173 \u0161eim\u0173 versl\u0173, rank\u0173 darbo, dovan\u0173 sau ir artimiesiems.","publisher":{"@id":"https:\/\/skaitytaknyga.lt\/#organization"},"potentialAction":[{"@type":"SearchAction","target":{"@type":"EntryPoint","urlTemplate":"https:\/\/skaitytaknyga.lt\/?s={search_term_string}"},"query-input":{"@type":"PropertyValueSpecification","valueRequired":true,"valueName":"search_term_string"}}],"inLanguage":"en-GB"},{"@type":"Organization","@id":"https:\/\/skaitytaknyga.lt\/#organization","name":"skaitytaknyga.lt","url":"https:\/\/skaitytaknyga.lt\/","logo":{"@type":"ImageObject","inLanguage":"en-GB","@id":"https:\/\/skaitytaknyga.lt\/#\/schema\/logo\/image\/","url":"https:\/\/skaitytaknyga.lt\/wp-content\/uploads\/2024\/05\/cropped-cropped-cropped-02_00843_jt3bggkj1j3HLc7SyY6rEUpg.jpeg","contentUrl":"https:\/\/skaitytaknyga.lt\/wp-content\/uploads\/2024\/05\/cropped-cropped-cropped-02_00843_jt3bggkj1j3HLc7SyY6rEUpg.jpeg","width":1600,"height":1600,"caption":"skaitytaknyga.lt"},"image":{"@id":"https:\/\/skaitytaknyga.lt\/#\/schema\/logo\/image\/"},"sameAs":["https:\/\/www.facebook.com\/skaitytaknyga\/"]}]}},"_links":{"self":[{"href":"https:\/\/skaitytaknyga.lt\/en\/wp-json\/wp\/v2\/product\/17722","targetHints":{"allow":["GET"]}}],"collection":[{"href":"https:\/\/skaitytaknyga.lt\/en\/wp-json\/wp\/v2\/product"}],"about":[{"href":"https:\/\/skaitytaknyga.lt\/en\/wp-json\/wp\/v2\/types\/product"}],"replies":[{"embeddable":true,"href":"https:\/\/skaitytaknyga.lt\/en\/wp-json\/wp\/v2\/comments?post=17722"}],"wp:featuredmedia":[{"embeddable":true,"href":"https:\/\/skaitytaknyga.lt\/en\/wp-json\/wp\/v2\/media\/17723"}],"wp:attachment":[{"href":"https:\/\/skaitytaknyga.lt\/en\/wp-json\/wp\/v2\/media?parent=17722"}],"wp:term":[{"taxonomy":"product_brand","embeddable":true,"href":"https:\/\/skaitytaknyga.lt\/en\/wp-json\/wp\/v2\/product_brand?post=17722"},{"taxonomy":"product_cat","embeddable":true,"href":"https:\/\/skaitytaknyga.lt\/en\/wp-json\/wp\/v2\/product_cat?post=17722"},{"taxonomy":"product_tag","embeddable":true,"href":"https:\/\/skaitytaknyga.lt\/en\/wp-json\/wp\/v2\/product_tag?post=17722"}],"curies":[{"name":"wp","href":"https:\/\/api.w.org\/{rel}","templated":true}]}}