{"id":17720,"date":"2025-04-11T20:36:54","date_gmt":"2025-04-11T17:36:54","guid":{"rendered":"https:\/\/skaitytaknyga.lt\/?post_type=product&#038;p=17720"},"modified":"2026-03-05T16:17:09","modified_gmt":"2026-03-05T14:17:09","slug":"gundomoji","status":"publish","type":"product","link":"https:\/\/skaitytaknyga.lt\/en\/produktas\/gundomoji\/","title":{"rendered":"Gundomoji"},"content":{"rendered":"<p>P. C. Cast romanas \u201eGundomoji\u201c \u2013 tai jau \u0161e\u0161toji ciklo Nakties namai dalis.<br \/>\nTarp Stiv\u0117s Rei ir Zojos vis daug\u0117ja tamsi\u0173 paslap\u010di\u0173, \u012ftarin\u0117jim\u0173 \u2013 gr\u0117sm\u0117 i\u0161kyla ne tik j\u0173 draugystei, bet ir Nakties namams.<\/p>\n<p>Kartu su draugais atlikusi \u017eygdarb\u012f , i\u0161 Tulsos i\u0161vijusi Kalon\u0105 ir Neferet\u0119, Zoja tikisi atsikv\u0117pti. Ta\u010diau atokv\u0117pio n\u0117ra \u2013 pati Zoja ir jos \u017eavusis karys Starkas gyja po sunki\u0173 su\u017ealojim\u0173, o jaunikliai, patyr\u0119 siaubing\u0105 Neferet\u0117s vald\u017ei\u0105, stengiasi atsitiesti. Tuo tarpu Zoja jau\u010dia neai\u0161ki\u0105 ir nei\u0161vengiama s\u0105saja su A &#8211; ja, senov\u0117s \u010deroki\u0173 mergele, kuri vienintel\u0117 \u012fsteng\u0117 sugundyti Kalonos k\u016bn\u0105 ir siel\u0105. Ar gali \u0161is A &#8211; jos ry\u0161ys su Zoja paveikti Zojos sugeb\u0117jimus atsispirti pavojingoms nemirtingojo vilion\u0117ms?<\/p>\n<p>I\u0161skirtini\u0173 raudonosios vampyr\u0117s gali\u0173 turinti Stiv\u0117 Rei tikisi pati susitvarkyti su paslaptimi, kuri\u0105 slepia nuo geriausios draug\u0117s. Bet misti\u0161ka, gr\u0117sminga j\u0117ga, iki \u0161iol t\u016bnojusi tuneliuose po Tulsos depu, ima plisti. Stiv\u0117 Rei stengiasi nusl\u0117pti nuo Zojos, kur buvo ir k\u0105 veik\u0117, tad \u0161i\u0105 apninka abejon\u0117s, ar i\u0161 ties\u0173 galima pasitik\u0117ti \u017emogumi, i\u0161 kurio niekada nesitik\u0117jo i\u0161davyst\u0117s.<\/p>\n<p>Ar mergin\u0173 sprendimai nesunaikins j\u0173 pa\u010di\u0173 ir Nakties nam\u0173? Su\u017einokite naujausioje populiariosios Nakties nam\u0173 serijos dalyje \u201eGundomoji\u201c.<\/p>\n<ul class=\"about-product d-none d-xl-block mt-4\">\n<li><strong>Autorius:<\/strong>\u00a0Kristin Cast,\u00a0P. C. Cast<\/li>\n<li><strong>Leid\u0117jas:<\/strong>\u00a0Alma littera<\/li>\n<li><strong>Metai:<\/strong>\u00a02011<\/li>\n<li><strong>Puslapiai:<\/strong>\u00a0358<\/li>\n<li class=\"toggleable type-new-formats \"><strong>ISBN:<\/strong>\u00a09786090100974<\/li>\n<li><strong>Versijos kodas:<\/strong>\u00a0PT.<\/li>\n<li class=\"toggleable type-new-formats \"><strong>Formatas:<\/strong>\u00a015 x 22 cm, kieti vir\u0161eliai<\/li>\n<li><strong>Kalba:<\/strong>\u00a0Lietuvi\u0173<\/li>\n<li><strong>Vert\u0117jas:<\/strong>\u00a0Gabriel\u0117 Gaili\u016bt\u0117<\/li>\n<\/ul>\n","protected":false},"excerpt":{"rendered":"<p>P. C. Cast romanas \u201eGundomoji\u201c \u2013 tai jau \u0161e\u0161toji ciklo Nakties namai dalis. Tarp Stiv\u0117s Rei ir Zojos vis daug\u0117ja tamsi\u0173 paslap\u010di\u0173, \u012ftarin\u0117jim\u0173 \u2013 gr\u0117sm\u0117 i\u0161kyla ne tik j\u0173 draugystei, bet ir Nakties namams. Kartu su draugais atlikusi \u017eygdarb\u012f , i\u0161 Tulsos i\u0161vijusi Kalon\u0105 ir Neferet\u0119, Zoja tikisi atsikv\u0117pti. Ta\u010diau atokv\u0117pio n\u0117ra \u2013 pati Zoja ir jos \u017eavusis karys Starkas gyja po sunki\u0173 su\u017ealojim\u0173, o jaunikliai, patyr\u0119 siaubing\u0105 Neferet\u0117s vald\u017ei\u0105, stengiasi atsitiesti. Tuo tarpu Zoja jau\u010dia neai\u0161ki\u0105 ir nei\u0161vengiama s\u0105saja su A &#8211; ja, senov\u0117s \u010deroki\u0173 mergele, kuri vienintel\u0117 \u012fsteng\u0117 sugundyti Kalonos k\u016bn\u0105 ir siel\u0105. Ar gali \u0161is A &#8211; jos ry\u0161ys su Zoja paveikti Zojos sugeb\u0117jimus atsispirti pavojingoms nemirtingojo vilion\u0117ms? I\u0161skirtini\u0173 raudonosios vampyr\u0117s gali\u0173 turinti Stiv\u0117 Rei tikisi pati susitvarkyti su paslaptimi, kuri\u0105 slepia nuo geriausios draug\u0117s. Bet misti\u0161ka, gr\u0117sminga j\u0117ga, iki \u0161iol t\u016bnojusi tuneliuose po Tulsos depu, ima plisti. Stiv\u0117 Rei stengiasi nusl\u0117pti nuo Zojos, kur buvo ir k\u0105 veik\u0117, tad \u0161i\u0105 apninka abejon\u0117s, ar i\u0161 ties\u0173 galima pasitik\u0117ti \u017emogumi, i\u0161 kurio niekada nesitik\u0117jo i\u0161davyst\u0117s. Ar mergin\u0173 sprendimai nesunaikins j\u0173 pa\u010di\u0173 ir Nakties nam\u0173? Su\u017einokite naujausioje populiariosios Nakties nam\u0173 serijos dalyje \u201eGundomoji\u201c. Autorius:\u00a0Kristin Cast,\u00a0P. C. Cast Leid\u0117jas:\u00a0Alma littera Metai:\u00a02011 Puslapiai:\u00a0358 ISBN:\u00a09786090100974 Versijos kodas:\u00a0PT. Formatas:\u00a015 x 22 cm, kieti vir\u0161eliai Kalba:\u00a0Lietuvi\u0173 Vert\u0117jas:\u00a0Gabriel\u0117 Gaili\u016bt\u0117<\/p>\n","protected":false},"featured_media":17721,"comment_status":"open","ping_status":"closed","template":"","meta":{"_acf_changed":false,"site-sidebar-layout":"default","site-content-layout":"","ast-site-content-layout":"default","site-content-style":"default","site-sidebar-style":"default","ast-global-header-display":"","ast-banner-title-visibility":"","ast-main-header-display":"","ast-hfb-above-header-display":"","ast-hfb-below-header-display":"","ast-hfb-mobile-header-display":"","site-post-title":"","ast-breadcrumbs-content":"","ast-featured-img":"","footer-sml-layout":"","ast-disable-related-posts":"","theme-transparent-header-meta":"default","adv-header-id-meta":"","stick-header-meta":"","header-above-stick-meta":"","header-main-stick-meta":"","header-below-stick-meta":"","astra-migrate-meta-layouts":"set","ast-page-background-enabled":"default","ast-page-background-meta":{"desktop":{"background-color":"","background-image":"","background-repeat":"repeat","background-position":"center center","background-size":"auto","background-attachment":"scroll","background-type":"","background-media":"","overlay-type":"","overlay-color":"","overlay-opacity":"","overlay-gradient":""},"tablet":{"background-color":"","background-image":"","background-repeat":"repeat","background-position":"center center","background-size":"auto","background-attachment":"scroll","background-type":"","background-media":"","overlay-type":"","overlay-color":"","overlay-opacity":"","overlay-gradient":""},"mobile":{"background-color":"","background-image":"","background-repeat":"repeat","background-position":"center center","background-size":"auto","background-attachment":"scroll","background-type":"","background-media":"","overlay-type":"","overlay-color":"","overlay-opacity":"","overlay-gradient":""}},"ast-content-background-meta":{"desktop":{"background-color":"var(--ast-global-color-4)","background-image":"","background-repeat":"repeat","background-position":"center center","background-size":"auto","background-attachment":"scroll","background-type":"","background-media":"","overlay-type":"","overlay-color":"","overlay-opacity":"","overlay-gradient":""},"tablet":{"background-color":"var(--ast-global-color-4)","background-image":"","background-repeat":"repeat","background-position":"center center","background-size":"auto","background-attachment":"scroll","background-type":"","background-media":"","overlay-type":"","overlay-color":"","overlay-opacity":"","overlay-gradient":""},"mobile":{"background-color":"var(--ast-global-color-4)","background-image":"","background-repeat":"repeat","background-position":"center center","background-size":"auto","background-attachment":"scroll","background-type":"","background-media":"","overlay-type":"","overlay-color":"","overlay-opacity":"","overlay-gradient":""}}},"product_brand":[],"product_cat":[9676],"product_tag":[1504,3651,3649,3650,2129,2539],"class_list":{"0":"post-17720","1":"product","2":"type-product","3":"status-publish","4":"has-post-thumbnail","6":"product_cat-paaugliams","7":"product_tag-fantastika","8":"product_tag-jauni-suaugusieji","9":"product_tag-kristin-cast","10":"product_tag-p-c-cast","11":"product_tag-romantika","12":"product_tag-vampyrai","13":"desktop-align-left","14":"tablet-align-left","15":"mobile-align-left","17":"first","18":"outofstock","19":"featured","20":"shipping-taxable","21":"purchasable","22":"product-type-simple"},"acf":[],"yoast_head":"<!-- This site is optimized with the Yoast SEO plugin v27.0 - https:\/\/yoast.com\/product\/yoast-seo-wordpress\/ -->\n<title>Gundomoji<\/title>\n<meta name=\"description\" content=\"P. C. Cast romanas \u201eGundomoji\u201c \u2013 tai jau \u0161e\u0161toji ciklo Nakties namai dalis. Tarp Stiv\u0117s Rei ir Zojos vis daug\u0117ja tamsi\u0173 paslap\u010di\u0173, \u012ftarin\u0117jim\u0173 \u2013 gr\u0117sm\u0117\" \/>\n<meta name=\"robots\" content=\"index, follow, max-snippet:-1, max-image-preview:large, max-video-preview:-1\" \/>\n<link rel=\"canonical\" href=\"https:\/\/skaitytaknyga.lt\/en\/produktas\/gundomoji\/\" \/>\n<meta property=\"og:locale\" content=\"en_GB\" \/>\n<meta property=\"og:locale:alternate\" content=\"lt_LT\" \/>\n<meta property=\"og:type\" content=\"article\" \/>\n<meta property=\"og:title\" content=\"Gundomoji\" \/>\n<meta property=\"og:description\" content=\"P. C. Cast romanas \u201eGundomoji\u201c \u2013 tai jau \u0161e\u0161toji ciklo Nakties namai dalis. Tarp Stiv\u0117s Rei ir Zojos vis daug\u0117ja tamsi\u0173 paslap\u010di\u0173, \u012ftarin\u0117jim\u0173 \u2013 gr\u0117sm\u0117\" \/>\n<meta property=\"og:url\" content=\"https:\/\/skaitytaknyga.lt\/en\/produktas\/gundomoji\/\" \/>\n<meta property=\"og:site_name\" content=\"Skaitytaknyga\" \/>\n<meta property=\"article:publisher\" content=\"https:\/\/www.facebook.com\/skaitytaknyga\/\" \/>\n<meta property=\"article:modified_time\" content=\"2026-03-05T14:17:09+00:00\" \/>\n<meta property=\"og:image\" content=\"https:\/\/skaitytaknyga.lt\/wp-content\/uploads\/2025\/04\/Gundomoji.webp\" \/>\n\t<meta property=\"og:image:width\" content=\"400\" \/>\n\t<meta property=\"og:image:height\" content=\"596\" \/>\n\t<meta property=\"og:image:type\" content=\"image\/webp\" \/>\n<meta name=\"twitter:card\" content=\"summary_large_image\" \/>\n<meta name=\"twitter:label1\" content=\"Estimated reading time\" \/>\n\t<meta name=\"twitter:data1\" content=\"2 minutes\" \/>\n<script type=\"application\/ld+json\" class=\"yoast-schema-graph\">{\"@context\":\"https:\/\/schema.org\",\"@graph\":[{\"@type\":\"WebPage\",\"@id\":\"https:\/\/skaitytaknyga.lt\/produktas\/gundomoji\/\",\"url\":\"https:\/\/skaitytaknyga.lt\/produktas\/gundomoji\/\",\"name\":\"Gundomoji\",\"isPartOf\":{\"@id\":\"https:\/\/skaitytaknyga.lt\/#website\"},\"primaryImageOfPage\":{\"@id\":\"https:\/\/skaitytaknyga.lt\/produktas\/gundomoji\/#primaryimage\"},\"image\":{\"@id\":\"https:\/\/skaitytaknyga.lt\/produktas\/gundomoji\/#primaryimage\"},\"thumbnailUrl\":\"https:\/\/skaitytaknyga.lt\/wp-content\/uploads\/2025\/04\/Gundomoji.webp\",\"datePublished\":\"2025-04-11T17:36:54+00:00\",\"dateModified\":\"2026-03-05T14:17:09+00:00\",\"description\":\"P. C. Cast romanas \u201eGundomoji\u201c \u2013 tai jau \u0161e\u0161toji ciklo Nakties namai dalis. Tarp Stiv\u0117s Rei ir Zojos vis daug\u0117ja tamsi\u0173 paslap\u010di\u0173, \u012ftarin\u0117jim\u0173 \u2013 gr\u0117sm\u0117\",\"breadcrumb\":{\"@id\":\"https:\/\/skaitytaknyga.lt\/produktas\/gundomoji\/#breadcrumb\"},\"inLanguage\":\"en-GB\",\"potentialAction\":[{\"@type\":\"ReadAction\",\"target\":[\"https:\/\/skaitytaknyga.lt\/produktas\/gundomoji\/\"]}]},{\"@type\":\"ImageObject\",\"inLanguage\":\"en-GB\",\"@id\":\"https:\/\/skaitytaknyga.lt\/produktas\/gundomoji\/#primaryimage\",\"url\":\"https:\/\/skaitytaknyga.lt\/wp-content\/uploads\/2025\/04\/Gundomoji.webp\",\"contentUrl\":\"https:\/\/skaitytaknyga.lt\/wp-content\/uploads\/2025\/04\/Gundomoji.webp\",\"width\":400,\"height\":596,\"caption\":\"Gundomoji\"},{\"@type\":\"BreadcrumbList\",\"@id\":\"https:\/\/skaitytaknyga.lt\/produktas\/gundomoji\/#breadcrumb\",\"itemListElement\":[{\"@type\":\"ListItem\",\"position\":1,\"name\":\"Home\",\"item\":\"https:\/\/skaitytaknyga.lt\/\"},{\"@type\":\"ListItem\",\"position\":2,\"name\":\"Parduotuv\u0117\",\"item\":\"https:\/\/skaitytaknyga.lt\/knygu-parduotuve\/\"},{\"@type\":\"ListItem\",\"position\":3,\"name\":\"Gundomoji\"}]},{\"@type\":\"WebSite\",\"@id\":\"https:\/\/skaitytaknyga.lt\/#website\",\"url\":\"https:\/\/skaitytaknyga.lt\/\",\"name\":\"skaitytaknyga.lt\",\"description\":\"Skaitytaknyga.lt \u2013 tai ma\u017eas \u0161eimos verslas, kuris prasid\u0117jo nuo meil\u0117s knygoms ir siekio i\u0161gelb\u0117ti knygas nuo likimo prie konteinerio. Kas vienam nereikalingas daiktas \u2013 kitam lobis, o mes esame tarpininkai, kurie padeda abiems tapti laimingesniems ???? \u017dinome kaip nelengva i\u0161gyventi ma\u017eiems verslams, tad nuo \u0161iol, \u010dia rasite ir kit\u0173, ma\u017e\u0173 \u0161eim\u0173 versl\u0173, rank\u0173 darbo, dovan\u0173 sau ir artimiesiems.\",\"publisher\":{\"@id\":\"https:\/\/skaitytaknyga.lt\/#organization\"},\"potentialAction\":[{\"@type\":\"SearchAction\",\"target\":{\"@type\":\"EntryPoint\",\"urlTemplate\":\"https:\/\/skaitytaknyga.lt\/?s={search_term_string}\"},\"query-input\":{\"@type\":\"PropertyValueSpecification\",\"valueRequired\":true,\"valueName\":\"search_term_string\"}}],\"inLanguage\":\"en-GB\"},{\"@type\":\"Organization\",\"@id\":\"https:\/\/skaitytaknyga.lt\/#organization\",\"name\":\"skaitytaknyga.lt\",\"url\":\"https:\/\/skaitytaknyga.lt\/\",\"logo\":{\"@type\":\"ImageObject\",\"inLanguage\":\"en-GB\",\"@id\":\"https:\/\/skaitytaknyga.lt\/#\/schema\/logo\/image\/\",\"url\":\"https:\/\/skaitytaknyga.lt\/wp-content\/uploads\/2024\/05\/cropped-cropped-cropped-02_00843_jt3bggkj1j3HLc7SyY6rEUpg.jpeg\",\"contentUrl\":\"https:\/\/skaitytaknyga.lt\/wp-content\/uploads\/2024\/05\/cropped-cropped-cropped-02_00843_jt3bggkj1j3HLc7SyY6rEUpg.jpeg\",\"width\":1600,\"height\":1600,\"caption\":\"skaitytaknyga.lt\"},\"image\":{\"@id\":\"https:\/\/skaitytaknyga.lt\/#\/schema\/logo\/image\/\"},\"sameAs\":[\"https:\/\/www.facebook.com\/skaitytaknyga\/\"]}]}<\/script>\n<!-- \/ Yoast SEO plugin. -->","yoast_head_json":{"title":"Gundomoji","description":"P. C. Cast romanas \u201eGundomoji\u201c \u2013 tai jau \u0161e\u0161toji ciklo Nakties namai dalis. Tarp Stiv\u0117s Rei ir Zojos vis daug\u0117ja tamsi\u0173 paslap\u010di\u0173, \u012ftarin\u0117jim\u0173 \u2013 gr\u0117sm\u0117","robots":{"index":"index","follow":"follow","max-snippet":"max-snippet:-1","max-image-preview":"max-image-preview:large","max-video-preview":"max-video-preview:-1"},"canonical":"https:\/\/skaitytaknyga.lt\/en\/produktas\/gundomoji\/","og_locale":"en_GB","og_type":"article","og_title":"[:lt]Gundomoji[:] - Skaitytaknyga","og_description":"P. C. Cast romanas \u201eGundomoji\u201c \u2013 tai jau \u0161e\u0161toji ciklo Nakties namai dalis. Tarp Stiv\u0117s Rei ir Zojos vis daug\u0117ja tamsi\u0173 paslap\u010di\u0173, \u012ftarin\u0117jim\u0173 \u2013 gr\u0117sm\u0117","og_url":"https:\/\/skaitytaknyga.lt\/en\/produktas\/gundomoji\/","og_site_name":"Skaitytaknyga","article_publisher":"https:\/\/www.facebook.com\/skaitytaknyga\/","article_modified_time":"2026-03-05T14:17:09+00:00","og_image":[{"width":400,"height":596,"url":"https:\/\/skaitytaknyga.lt\/wp-content\/uploads\/2025\/04\/Gundomoji.webp","type":"image\/webp"}],"twitter_card":"summary_large_image","twitter_misc":{"Estimated reading time":"2 minutes"},"schema":{"@context":"https:\/\/schema.org","@graph":[{"@type":"WebPage","@id":"https:\/\/skaitytaknyga.lt\/produktas\/gundomoji\/","url":"https:\/\/skaitytaknyga.lt\/produktas\/gundomoji\/","name":"Gundomoji","isPartOf":{"@id":"https:\/\/skaitytaknyga.lt\/#website"},"primaryImageOfPage":{"@id":"https:\/\/skaitytaknyga.lt\/produktas\/gundomoji\/#primaryimage"},"image":{"@id":"https:\/\/skaitytaknyga.lt\/produktas\/gundomoji\/#primaryimage"},"thumbnailUrl":"https:\/\/skaitytaknyga.lt\/wp-content\/uploads\/2025\/04\/Gundomoji.webp","datePublished":"2025-04-11T17:36:54+00:00","dateModified":"2026-03-05T14:17:09+00:00","description":"P. C. Cast romanas \u201eGundomoji\u201c \u2013 tai jau \u0161e\u0161toji ciklo Nakties namai dalis. Tarp Stiv\u0117s Rei ir Zojos vis daug\u0117ja tamsi\u0173 paslap\u010di\u0173, \u012ftarin\u0117jim\u0173 \u2013 gr\u0117sm\u0117","breadcrumb":{"@id":"https:\/\/skaitytaknyga.lt\/produktas\/gundomoji\/#breadcrumb"},"inLanguage":"en-GB","potentialAction":[{"@type":"ReadAction","target":["https:\/\/skaitytaknyga.lt\/produktas\/gundomoji\/"]}]},{"@type":"ImageObject","inLanguage":"en-GB","@id":"https:\/\/skaitytaknyga.lt\/produktas\/gundomoji\/#primaryimage","url":"https:\/\/skaitytaknyga.lt\/wp-content\/uploads\/2025\/04\/Gundomoji.webp","contentUrl":"https:\/\/skaitytaknyga.lt\/wp-content\/uploads\/2025\/04\/Gundomoji.webp","width":400,"height":596,"caption":"Gundomoji"},{"@type":"BreadcrumbList","@id":"https:\/\/skaitytaknyga.lt\/produktas\/gundomoji\/#breadcrumb","itemListElement":[{"@type":"ListItem","position":1,"name":"Home","item":"https:\/\/skaitytaknyga.lt\/"},{"@type":"ListItem","position":2,"name":"Parduotuv\u0117","item":"https:\/\/skaitytaknyga.lt\/knygu-parduotuve\/"},{"@type":"ListItem","position":3,"name":"Gundomoji"}]},{"@type":"WebSite","@id":"https:\/\/skaitytaknyga.lt\/#website","url":"https:\/\/skaitytaknyga.lt\/","name":"skaitytaknyga.lt","description":"Skaitytaknyga.lt \u2013 tai ma\u017eas \u0161eimos verslas, kuris prasid\u0117jo nuo meil\u0117s knygoms ir siekio i\u0161gelb\u0117ti knygas nuo likimo prie konteinerio. Kas vienam nereikalingas daiktas \u2013 kitam lobis, o mes esame tarpininkai, kurie padeda abiems tapti laimingesniems ???? \u017dinome kaip nelengva i\u0161gyventi ma\u017eiems verslams, tad nuo \u0161iol, \u010dia rasite ir kit\u0173, ma\u017e\u0173 \u0161eim\u0173 versl\u0173, rank\u0173 darbo, dovan\u0173 sau ir artimiesiems.","publisher":{"@id":"https:\/\/skaitytaknyga.lt\/#organization"},"potentialAction":[{"@type":"SearchAction","target":{"@type":"EntryPoint","urlTemplate":"https:\/\/skaitytaknyga.lt\/?s={search_term_string}"},"query-input":{"@type":"PropertyValueSpecification","valueRequired":true,"valueName":"search_term_string"}}],"inLanguage":"en-GB"},{"@type":"Organization","@id":"https:\/\/skaitytaknyga.lt\/#organization","name":"skaitytaknyga.lt","url":"https:\/\/skaitytaknyga.lt\/","logo":{"@type":"ImageObject","inLanguage":"en-GB","@id":"https:\/\/skaitytaknyga.lt\/#\/schema\/logo\/image\/","url":"https:\/\/skaitytaknyga.lt\/wp-content\/uploads\/2024\/05\/cropped-cropped-cropped-02_00843_jt3bggkj1j3HLc7SyY6rEUpg.jpeg","contentUrl":"https:\/\/skaitytaknyga.lt\/wp-content\/uploads\/2024\/05\/cropped-cropped-cropped-02_00843_jt3bggkj1j3HLc7SyY6rEUpg.jpeg","width":1600,"height":1600,"caption":"skaitytaknyga.lt"},"image":{"@id":"https:\/\/skaitytaknyga.lt\/#\/schema\/logo\/image\/"},"sameAs":["https:\/\/www.facebook.com\/skaitytaknyga\/"]}]}},"_links":{"self":[{"href":"https:\/\/skaitytaknyga.lt\/en\/wp-json\/wp\/v2\/product\/17720","targetHints":{"allow":["GET"]}}],"collection":[{"href":"https:\/\/skaitytaknyga.lt\/en\/wp-json\/wp\/v2\/product"}],"about":[{"href":"https:\/\/skaitytaknyga.lt\/en\/wp-json\/wp\/v2\/types\/product"}],"replies":[{"embeddable":true,"href":"https:\/\/skaitytaknyga.lt\/en\/wp-json\/wp\/v2\/comments?post=17720"}],"wp:featuredmedia":[{"embeddable":true,"href":"https:\/\/skaitytaknyga.lt\/en\/wp-json\/wp\/v2\/media\/17721"}],"wp:attachment":[{"href":"https:\/\/skaitytaknyga.lt\/en\/wp-json\/wp\/v2\/media?parent=17720"}],"wp:term":[{"taxonomy":"product_brand","embeddable":true,"href":"https:\/\/skaitytaknyga.lt\/en\/wp-json\/wp\/v2\/product_brand?post=17720"},{"taxonomy":"product_cat","embeddable":true,"href":"https:\/\/skaitytaknyga.lt\/en\/wp-json\/wp\/v2\/product_cat?post=17720"},{"taxonomy":"product_tag","embeddable":true,"href":"https:\/\/skaitytaknyga.lt\/en\/wp-json\/wp\/v2\/product_tag?post=17720"}],"curies":[{"name":"wp","href":"https:\/\/api.w.org\/{rel}","templated":true}]}}