{"id":17717,"date":"2025-04-11T09:55:59","date_gmt":"2025-04-11T06:55:59","guid":{"rendered":"https:\/\/skaitytaknyga.lt\/?post_type=product&#038;p=17717"},"modified":"2025-05-15T15:20:57","modified_gmt":"2025-05-15T12:20:57","slug":"liepsnojantis-ituzis","status":"publish","type":"product","link":"https:\/\/skaitytaknyga.lt\/en\/produktas\/liepsnojantis-ituzis\/","title":{"rendered":"Liepsnojantis \u012ft\u016b\u017eis"},"content":{"rendered":"<p>Tre\u010dioji \u201eBado \u017eaidyni\u0173\u201c dalis<\/p>\n<p>Liepsnojanti mergait\u0117 Ketn\u0117 Everdin i\u0161gyvena, ta\u010diau netenka nam\u0173 \u2013 12-a apygarda subombarduota. Geilas i\u0161sigelb\u0117ja ir i\u0161gelbsti Ketn\u0117s \u0161eim\u0105. Pitas patenka \u012f Sostin\u0117s budeli\u0173 nagus. Paai\u0161k\u0117ja, kad 13-a apygarda tikrai egzistuoja. Jos gyventojai sukil\u0117liai siekia paimti vald\u017ei\u0105 visame Paneme. Sukilimas plinta spar\u010diai kaip ugnis.<\/p>\n<p>Nieko nenutuokian\u010di\u0105 Ketn\u0119 sukil\u0117liai i\u0161traukia i\u0161 \u0161iurpi\u0173 ir negailesting\u0173 Am\u017eiaus ketvir\u010dio \u017eaidyni\u0173 arenos ir jai ne\u017einant nusprend\u017eia padaryti strazdu giesmininku \u2013 sukilimo simboliu. 13-a apygarda \u012f pagalb\u0105 pasitelkia kit\u0173 apygard\u0173 gyventojus ir stoja atviron kovon su Sostine. Sukil\u0117li\u0173 planai jau kruop\u0161\u010diai parengti, tetr\u016bksta Ketn\u0117s, kuri kupina dvejoni\u0173&#8230;<\/p>\n<p>Tad kaip baigsis \u0161is sukilimas? Ar Ketn\u0117 sutiks vykdyti prezident\u0117s Koin vali\u0105? Kiek gyvybi\u0173 teks d\u0117l to paaukoti? Koks likimas laukia Panemo? Ketn\u0117 privalo nepaisyti savo jausm\u0173. Ji tampa strazdu giesmininku, sukilimo simboliu. Ir viso to kaina be galo didel\u0117.<\/p>\n<div class=\"flex gap-2\">\n<div class=\"font-semibold text-black\">ISBN kodas: 9786090100394<\/div>\n<div><span style=\"font-size: 16px\">Leid\u0117jas: <\/span>Alma Littera<\/div>\n<\/div>\n<div class=\"flex gap-2\">\n<div class=\"font-semibold text-black\">Leidimo metai: 2011<\/div>\n<div><\/div>\n<\/div>\n","protected":false},"excerpt":{"rendered":"<p>Tre\u010dioji \u201eBado \u017eaidyni\u0173\u201c dalis Liepsnojanti mergait\u0117 Ketn\u0117 Everdin i\u0161gyvena, ta\u010diau netenka nam\u0173 \u2013 12-a apygarda subombarduota. Geilas i\u0161sigelb\u0117ja ir i\u0161gelbsti Ketn\u0117s \u0161eim\u0105. Pitas patenka \u012f Sostin\u0117s budeli\u0173 nagus. Paai\u0161k\u0117ja, kad 13-a apygarda tikrai egzistuoja. Jos gyventojai sukil\u0117liai siekia paimti vald\u017ei\u0105 visame Paneme. Sukilimas plinta spar\u010diai kaip ugnis. Nieko nenutuokian\u010di\u0105 Ketn\u0119 sukil\u0117liai i\u0161traukia i\u0161 \u0161iurpi\u0173 ir negailesting\u0173 Am\u017eiaus ketvir\u010dio \u017eaidyni\u0173 arenos ir jai ne\u017einant nusprend\u017eia padaryti strazdu giesmininku \u2013 sukilimo simboliu. 13-a apygarda \u012f pagalb\u0105 pasitelkia kit\u0173 apygard\u0173 gyventojus ir stoja atviron kovon su Sostine. Sukil\u0117li\u0173 planai jau kruop\u0161\u010diai parengti, tetr\u016bksta Ketn\u0117s, kuri kupina dvejoni\u0173&#8230; Tad kaip baigsis \u0161is sukilimas? Ar Ketn\u0117 sutiks vykdyti prezident\u0117s Koin vali\u0105? Kiek gyvybi\u0173 teks d\u0117l to paaukoti? Koks likimas laukia Panemo? Ketn\u0117 privalo nepaisyti savo jausm\u0173. Ji tampa strazdu giesmininku, sukilimo simboliu. Ir viso to kaina be galo didel\u0117. ISBN kodas: 9786090100394 Leid\u0117jas: Alma Littera Leidimo metai: 2011<\/p>\n","protected":false},"featured_media":17718,"comment_status":"open","ping_status":"closed","template":"","meta":{"_acf_changed":false,"site-sidebar-layout":"default","site-content-layout":"","ast-site-content-layout":"default","site-content-style":"default","site-sidebar-style":"default","ast-global-header-display":"","ast-banner-title-visibility":"","ast-main-header-display":"","ast-hfb-above-header-display":"","ast-hfb-below-header-display":"","ast-hfb-mobile-header-display":"","site-post-title":"","ast-breadcrumbs-content":"","ast-featured-img":"","footer-sml-layout":"","ast-disable-related-posts":"","theme-transparent-header-meta":"default","adv-header-id-meta":"","stick-header-meta":"","header-above-stick-meta":"","header-main-stick-meta":"","header-below-stick-meta":"","astra-migrate-meta-layouts":"set","ast-page-background-enabled":"default","ast-page-background-meta":{"desktop":{"background-color":"","background-image":"","background-repeat":"repeat","background-position":"center center","background-size":"auto","background-attachment":"scroll","background-type":"","background-media":"","overlay-type":"","overlay-color":"","overlay-opacity":"","overlay-gradient":""},"tablet":{"background-color":"","background-image":"","background-repeat":"repeat","background-position":"center center","background-size":"auto","background-attachment":"scroll","background-type":"","background-media":"","overlay-type":"","overlay-color":"","overlay-opacity":"","overlay-gradient":""},"mobile":{"background-color":"","background-image":"","background-repeat":"repeat","background-position":"center center","background-size":"auto","background-attachment":"scroll","background-type":"","background-media":"","overlay-type":"","overlay-color":"","overlay-opacity":"","overlay-gradient":""}},"ast-content-background-meta":{"desktop":{"background-color":"var(--ast-global-color-4)","background-image":"","background-repeat":"repeat","background-position":"center center","background-size":"auto","background-attachment":"scroll","background-type":"","background-media":"","overlay-type":"","overlay-color":"","overlay-opacity":"","overlay-gradient":""},"tablet":{"background-color":"var(--ast-global-color-4)","background-image":"","background-repeat":"repeat","background-position":"center center","background-size":"auto","background-attachment":"scroll","background-type":"","background-media":"","overlay-type":"","overlay-color":"","overlay-opacity":"","overlay-gradient":""},"mobile":{"background-color":"var(--ast-global-color-4)","background-image":"","background-repeat":"repeat","background-position":"center center","background-size":"auto","background-attachment":"scroll","background-type":"","background-media":"","overlay-type":"","overlay-color":"","overlay-opacity":"","overlay-gradient":""}}},"product_brand":[],"product_cat":[31,15],"product_tag":[3652,1673,2489,3653,2081,3654,2395,3415,1231],"class_list":{"0":"post-17717","1":"product","2":"type-product","3":"status-publish","4":"has-post-thumbnail","6":"product_cat-grozine-literatura","7":"product_cat-uncategorized","8":"product_tag-bado-zaidynes","9":"product_tag-distopija","10":"product_tag-jaunimo-literatura","11":"product_tag-liepsnojantis-ituzis","12":"product_tag-ltnuotykiai","13":"product_tag-panema","14":"product_tag-politika","15":"product_tag-sukilimas","16":"product_tag-suzanne-collins","17":"desktop-align-left","18":"tablet-align-left","19":"mobile-align-left","21":"first","22":"instock","23":"shipping-taxable","24":"purchasable","25":"product-type-simple"},"acf":[],"yoast_head":"<!-- This site is optimized with the Yoast SEO plugin v27.0 - https:\/\/yoast.com\/product\/yoast-seo-wordpress\/ -->\n<title>Liepsnojantis \u012ft\u016b\u017eis<\/title>\n<meta name=\"description\" content=\"Tre\u010dioji \u201eBado \u017eaidyni\u0173\u201c dalis Liepsnojanti mergait\u0117 Ketn\u0117 Everdin i\u0161gyvena, ta\u010diau netenka nam\u0173 \u2013 12-a apygarda subombarduota. Geilas i\u0161sigelb\u0117ja ir\" \/>\n<meta name=\"robots\" content=\"index, follow, max-snippet:-1, max-image-preview:large, max-video-preview:-1\" \/>\n<link rel=\"canonical\" href=\"https:\/\/skaitytaknyga.lt\/en\/produktas\/liepsnojantis-ituzis\/\" \/>\n<meta property=\"og:locale\" content=\"en_GB\" \/>\n<meta property=\"og:locale:alternate\" content=\"lt_LT\" \/>\n<meta property=\"og:type\" content=\"article\" \/>\n<meta property=\"og:title\" content=\"Liepsnojantis \u012ft\u016b\u017eis\" \/>\n<meta property=\"og:description\" content=\"Tre\u010dioji \u201eBado \u017eaidyni\u0173\u201c dalis Liepsnojanti mergait\u0117 Ketn\u0117 Everdin i\u0161gyvena, ta\u010diau netenka nam\u0173 \u2013 12-a apygarda subombarduota. Geilas i\u0161sigelb\u0117ja ir\" \/>\n<meta property=\"og:url\" content=\"https:\/\/skaitytaknyga.lt\/en\/produktas\/liepsnojantis-ituzis\/\" \/>\n<meta property=\"og:site_name\" content=\"Skaitytaknyga\" \/>\n<meta property=\"article:publisher\" content=\"https:\/\/www.facebook.com\/skaitytaknyga\/\" \/>\n<meta property=\"article:modified_time\" content=\"2025-05-15T12:20:57+00:00\" \/>\n<meta property=\"og:image\" content=\"https:\/\/skaitytaknyga.lt\/wp-content\/uploads\/2025\/04\/Liepsnojantis-ituzis.webp\" \/>\n\t<meta property=\"og:image:width\" content=\"359\" \/>\n\t<meta property=\"og:image:height\" content=\"575\" \/>\n\t<meta property=\"og:image:type\" content=\"image\/webp\" \/>\n<meta name=\"twitter:card\" content=\"summary_large_image\" \/>\n<meta name=\"twitter:label1\" content=\"Estimated reading time\" \/>\n\t<meta name=\"twitter:data1\" content=\"1 minute\" \/>\n<script type=\"application\/ld+json\" class=\"yoast-schema-graph\">{\"@context\":\"https:\/\/schema.org\",\"@graph\":[{\"@type\":\"WebPage\",\"@id\":\"https:\/\/skaitytaknyga.lt\/produktas\/liepsnojantis-ituzis\/\",\"url\":\"https:\/\/skaitytaknyga.lt\/produktas\/liepsnojantis-ituzis\/\",\"name\":\"Liepsnojantis \u012ft\u016b\u017eis\",\"isPartOf\":{\"@id\":\"https:\/\/skaitytaknyga.lt\/#website\"},\"primaryImageOfPage\":{\"@id\":\"https:\/\/skaitytaknyga.lt\/produktas\/liepsnojantis-ituzis\/#primaryimage\"},\"image\":{\"@id\":\"https:\/\/skaitytaknyga.lt\/produktas\/liepsnojantis-ituzis\/#primaryimage\"},\"thumbnailUrl\":\"https:\/\/skaitytaknyga.lt\/wp-content\/uploads\/2025\/04\/Liepsnojantis-ituzis.webp\",\"datePublished\":\"2025-04-11T06:55:59+00:00\",\"dateModified\":\"2025-05-15T12:20:57+00:00\",\"description\":\"Tre\u010dioji \u201eBado \u017eaidyni\u0173\u201c dalis Liepsnojanti mergait\u0117 Ketn\u0117 Everdin i\u0161gyvena, ta\u010diau netenka nam\u0173 \u2013 12-a apygarda subombarduota. Geilas i\u0161sigelb\u0117ja ir\",\"breadcrumb\":{\"@id\":\"https:\/\/skaitytaknyga.lt\/produktas\/liepsnojantis-ituzis\/#breadcrumb\"},\"inLanguage\":\"en-GB\",\"potentialAction\":[{\"@type\":\"ReadAction\",\"target\":[\"https:\/\/skaitytaknyga.lt\/produktas\/liepsnojantis-ituzis\/\"]}]},{\"@type\":\"ImageObject\",\"inLanguage\":\"en-GB\",\"@id\":\"https:\/\/skaitytaknyga.lt\/produktas\/liepsnojantis-ituzis\/#primaryimage\",\"url\":\"https:\/\/skaitytaknyga.lt\/wp-content\/uploads\/2025\/04\/Liepsnojantis-ituzis.webp\",\"contentUrl\":\"https:\/\/skaitytaknyga.lt\/wp-content\/uploads\/2025\/04\/Liepsnojantis-ituzis.webp\",\"width\":359,\"height\":575,\"caption\":\"Liepsnojantis \u012ft\u016b\u017eis\"},{\"@type\":\"BreadcrumbList\",\"@id\":\"https:\/\/skaitytaknyga.lt\/produktas\/liepsnojantis-ituzis\/#breadcrumb\",\"itemListElement\":[{\"@type\":\"ListItem\",\"position\":1,\"name\":\"Home\",\"item\":\"https:\/\/skaitytaknyga.lt\/\"},{\"@type\":\"ListItem\",\"position\":2,\"name\":\"Parduotuv\u0117\",\"item\":\"https:\/\/skaitytaknyga.lt\/knygu-parduotuve\/\"},{\"@type\":\"ListItem\",\"position\":3,\"name\":\"Liepsnojantis \u012ft\u016b\u017eis\"}]},{\"@type\":\"WebSite\",\"@id\":\"https:\/\/skaitytaknyga.lt\/#website\",\"url\":\"https:\/\/skaitytaknyga.lt\/\",\"name\":\"skaitytaknyga.lt\",\"description\":\"Skaitytaknyga.lt \u2013 tai ma\u017eas \u0161eimos verslas, kuris prasid\u0117jo nuo meil\u0117s knygoms ir siekio i\u0161gelb\u0117ti knygas nuo likimo prie konteinerio. Kas vienam nereikalingas daiktas \u2013 kitam lobis, o mes esame tarpininkai, kurie padeda abiems tapti laimingesniems ???? \u017dinome kaip nelengva i\u0161gyventi ma\u017eiems verslams, tad nuo \u0161iol, \u010dia rasite ir kit\u0173, ma\u017e\u0173 \u0161eim\u0173 versl\u0173, rank\u0173 darbo, dovan\u0173 sau ir artimiesiems.\",\"publisher\":{\"@id\":\"https:\/\/skaitytaknyga.lt\/#organization\"},\"potentialAction\":[{\"@type\":\"SearchAction\",\"target\":{\"@type\":\"EntryPoint\",\"urlTemplate\":\"https:\/\/skaitytaknyga.lt\/?s={search_term_string}\"},\"query-input\":{\"@type\":\"PropertyValueSpecification\",\"valueRequired\":true,\"valueName\":\"search_term_string\"}}],\"inLanguage\":\"en-GB\"},{\"@type\":\"Organization\",\"@id\":\"https:\/\/skaitytaknyga.lt\/#organization\",\"name\":\"skaitytaknyga.lt\",\"url\":\"https:\/\/skaitytaknyga.lt\/\",\"logo\":{\"@type\":\"ImageObject\",\"inLanguage\":\"en-GB\",\"@id\":\"https:\/\/skaitytaknyga.lt\/#\/schema\/logo\/image\/\",\"url\":\"https:\/\/skaitytaknyga.lt\/wp-content\/uploads\/2024\/05\/cropped-cropped-cropped-02_00843_jt3bggkj1j3HLc7SyY6rEUpg.jpeg\",\"contentUrl\":\"https:\/\/skaitytaknyga.lt\/wp-content\/uploads\/2024\/05\/cropped-cropped-cropped-02_00843_jt3bggkj1j3HLc7SyY6rEUpg.jpeg\",\"width\":1600,\"height\":1600,\"caption\":\"skaitytaknyga.lt\"},\"image\":{\"@id\":\"https:\/\/skaitytaknyga.lt\/#\/schema\/logo\/image\/\"},\"sameAs\":[\"https:\/\/www.facebook.com\/skaitytaknyga\/\"]}]}<\/script>\n<!-- \/ Yoast SEO plugin. -->","yoast_head_json":{"title":"Liepsnojantis \u012ft\u016b\u017eis","description":"Tre\u010dioji \u201eBado \u017eaidyni\u0173\u201c dalis Liepsnojanti mergait\u0117 Ketn\u0117 Everdin i\u0161gyvena, ta\u010diau netenka nam\u0173 \u2013 12-a apygarda subombarduota. Geilas i\u0161sigelb\u0117ja ir","robots":{"index":"index","follow":"follow","max-snippet":"max-snippet:-1","max-image-preview":"max-image-preview:large","max-video-preview":"max-video-preview:-1"},"canonical":"https:\/\/skaitytaknyga.lt\/en\/produktas\/liepsnojantis-ituzis\/","og_locale":"en_GB","og_type":"article","og_title":"[:lt]Liepsnojantis \u012ft\u016b\u017eis[:] - Skaitytaknyga","og_description":"Tre\u010dioji \u201eBado \u017eaidyni\u0173\u201c dalis Liepsnojanti mergait\u0117 Ketn\u0117 Everdin i\u0161gyvena, ta\u010diau netenka nam\u0173 \u2013 12-a apygarda subombarduota. Geilas i\u0161sigelb\u0117ja ir","og_url":"https:\/\/skaitytaknyga.lt\/en\/produktas\/liepsnojantis-ituzis\/","og_site_name":"Skaitytaknyga","article_publisher":"https:\/\/www.facebook.com\/skaitytaknyga\/","article_modified_time":"2025-05-15T12:20:57+00:00","og_image":[{"width":359,"height":575,"url":"https:\/\/skaitytaknyga.lt\/wp-content\/uploads\/2025\/04\/Liepsnojantis-ituzis.webp","type":"image\/webp"}],"twitter_card":"summary_large_image","twitter_misc":{"Estimated reading time":"1 minute"},"schema":{"@context":"https:\/\/schema.org","@graph":[{"@type":"WebPage","@id":"https:\/\/skaitytaknyga.lt\/produktas\/liepsnojantis-ituzis\/","url":"https:\/\/skaitytaknyga.lt\/produktas\/liepsnojantis-ituzis\/","name":"Liepsnojantis \u012ft\u016b\u017eis","isPartOf":{"@id":"https:\/\/skaitytaknyga.lt\/#website"},"primaryImageOfPage":{"@id":"https:\/\/skaitytaknyga.lt\/produktas\/liepsnojantis-ituzis\/#primaryimage"},"image":{"@id":"https:\/\/skaitytaknyga.lt\/produktas\/liepsnojantis-ituzis\/#primaryimage"},"thumbnailUrl":"https:\/\/skaitytaknyga.lt\/wp-content\/uploads\/2025\/04\/Liepsnojantis-ituzis.webp","datePublished":"2025-04-11T06:55:59+00:00","dateModified":"2025-05-15T12:20:57+00:00","description":"Tre\u010dioji \u201eBado \u017eaidyni\u0173\u201c dalis Liepsnojanti mergait\u0117 Ketn\u0117 Everdin i\u0161gyvena, ta\u010diau netenka nam\u0173 \u2013 12-a apygarda subombarduota. Geilas i\u0161sigelb\u0117ja ir","breadcrumb":{"@id":"https:\/\/skaitytaknyga.lt\/produktas\/liepsnojantis-ituzis\/#breadcrumb"},"inLanguage":"en-GB","potentialAction":[{"@type":"ReadAction","target":["https:\/\/skaitytaknyga.lt\/produktas\/liepsnojantis-ituzis\/"]}]},{"@type":"ImageObject","inLanguage":"en-GB","@id":"https:\/\/skaitytaknyga.lt\/produktas\/liepsnojantis-ituzis\/#primaryimage","url":"https:\/\/skaitytaknyga.lt\/wp-content\/uploads\/2025\/04\/Liepsnojantis-ituzis.webp","contentUrl":"https:\/\/skaitytaknyga.lt\/wp-content\/uploads\/2025\/04\/Liepsnojantis-ituzis.webp","width":359,"height":575,"caption":"Liepsnojantis \u012ft\u016b\u017eis"},{"@type":"BreadcrumbList","@id":"https:\/\/skaitytaknyga.lt\/produktas\/liepsnojantis-ituzis\/#breadcrumb","itemListElement":[{"@type":"ListItem","position":1,"name":"Home","item":"https:\/\/skaitytaknyga.lt\/"},{"@type":"ListItem","position":2,"name":"Parduotuv\u0117","item":"https:\/\/skaitytaknyga.lt\/knygu-parduotuve\/"},{"@type":"ListItem","position":3,"name":"Liepsnojantis \u012ft\u016b\u017eis"}]},{"@type":"WebSite","@id":"https:\/\/skaitytaknyga.lt\/#website","url":"https:\/\/skaitytaknyga.lt\/","name":"skaitytaknyga.lt","description":"Skaitytaknyga.lt \u2013 tai ma\u017eas \u0161eimos verslas, kuris prasid\u0117jo nuo meil\u0117s knygoms ir siekio i\u0161gelb\u0117ti knygas nuo likimo prie konteinerio. Kas vienam nereikalingas daiktas \u2013 kitam lobis, o mes esame tarpininkai, kurie padeda abiems tapti laimingesniems ???? \u017dinome kaip nelengva i\u0161gyventi ma\u017eiems verslams, tad nuo \u0161iol, \u010dia rasite ir kit\u0173, ma\u017e\u0173 \u0161eim\u0173 versl\u0173, rank\u0173 darbo, dovan\u0173 sau ir artimiesiems.","publisher":{"@id":"https:\/\/skaitytaknyga.lt\/#organization"},"potentialAction":[{"@type":"SearchAction","target":{"@type":"EntryPoint","urlTemplate":"https:\/\/skaitytaknyga.lt\/?s={search_term_string}"},"query-input":{"@type":"PropertyValueSpecification","valueRequired":true,"valueName":"search_term_string"}}],"inLanguage":"en-GB"},{"@type":"Organization","@id":"https:\/\/skaitytaknyga.lt\/#organization","name":"skaitytaknyga.lt","url":"https:\/\/skaitytaknyga.lt\/","logo":{"@type":"ImageObject","inLanguage":"en-GB","@id":"https:\/\/skaitytaknyga.lt\/#\/schema\/logo\/image\/","url":"https:\/\/skaitytaknyga.lt\/wp-content\/uploads\/2024\/05\/cropped-cropped-cropped-02_00843_jt3bggkj1j3HLc7SyY6rEUpg.jpeg","contentUrl":"https:\/\/skaitytaknyga.lt\/wp-content\/uploads\/2024\/05\/cropped-cropped-cropped-02_00843_jt3bggkj1j3HLc7SyY6rEUpg.jpeg","width":1600,"height":1600,"caption":"skaitytaknyga.lt"},"image":{"@id":"https:\/\/skaitytaknyga.lt\/#\/schema\/logo\/image\/"},"sameAs":["https:\/\/www.facebook.com\/skaitytaknyga\/"]}]}},"_links":{"self":[{"href":"https:\/\/skaitytaknyga.lt\/en\/wp-json\/wp\/v2\/product\/17717","targetHints":{"allow":["GET"]}}],"collection":[{"href":"https:\/\/skaitytaknyga.lt\/en\/wp-json\/wp\/v2\/product"}],"about":[{"href":"https:\/\/skaitytaknyga.lt\/en\/wp-json\/wp\/v2\/types\/product"}],"replies":[{"embeddable":true,"href":"https:\/\/skaitytaknyga.lt\/en\/wp-json\/wp\/v2\/comments?post=17717"}],"wp:featuredmedia":[{"embeddable":true,"href":"https:\/\/skaitytaknyga.lt\/en\/wp-json\/wp\/v2\/media\/17718"}],"wp:attachment":[{"href":"https:\/\/skaitytaknyga.lt\/en\/wp-json\/wp\/v2\/media?parent=17717"}],"wp:term":[{"taxonomy":"product_brand","embeddable":true,"href":"https:\/\/skaitytaknyga.lt\/en\/wp-json\/wp\/v2\/product_brand?post=17717"},{"taxonomy":"product_cat","embeddable":true,"href":"https:\/\/skaitytaknyga.lt\/en\/wp-json\/wp\/v2\/product_cat?post=17717"},{"taxonomy":"product_tag","embeddable":true,"href":"https:\/\/skaitytaknyga.lt\/en\/wp-json\/wp\/v2\/product_tag?post=17717"}],"curies":[{"name":"wp","href":"https:\/\/api.w.org\/{rel}","templated":true}]}}