{"id":17713,"date":"2025-04-11T09:49:54","date_gmt":"2025-04-11T06:49:54","guid":{"rendered":"https:\/\/skaitytaknyga.lt\/?post_type=product&#038;p=17713"},"modified":"2026-03-05T16:17:09","modified_gmt":"2026-03-05T14:17:09","slug":"pazymetoji","status":"publish","type":"product","link":"https:\/\/skaitytaknyga.lt\/en\/produktas\/pazymetoji\/","title":{"rendered":"Pa\u017eym\u0117toji"},"content":{"rendered":"<p><strong>Sveiki atvyk\u0119 \u012f tams\u0173, stebukling\u0105 Nakties nam\u0173 pasaul\u012f, labai pana\u0161\u0173 \u012f m\u016bs\u0173, tik \u010dia karaliauja vampyrai.<\/strong><\/p>\n<p>\u0160e\u0161iolikmet\u0117 Zoja Redbird &#8211; k\u0105 tik Pa\u017eym\u0117ta vampyr\u0173 jaunikl\u0117 &#8211; atvyksta \u012f Nakties namus, mokykl\u0105, kur rengsis tapti suaugusia vampyre. Jei tik i\u0161tvers Permainas &#8211; ne visi Pa\u017eym\u0117tieji jas i\u0161tveria. Prad\u0117ti nauj\u0105 gyvenim\u0105 nelengva, ypa\u010d tod\u0117l, kad tenka palikti draugus. Pad\u0117t\u012f sunkina ir tai, kad Zoja &#8211; ne eilin\u0117 jaunikl\u0117. J\u0105 pasirinko vampyr\u0173 deiv\u0117 Nikt\u0117.<\/p>\n<p>Zoja pajunta turinti ne\u012ftik\u0117tin\u0173 gali\u0173, ta\u010diau kartu su jomis pajunta ir kraujo tro\u0161kul\u012f, ir, nelaim\u0117, geb\u0117jim\u0105 \u012fsispausti \u017emoguje &#8211; savo buvusiame vaikine Hite. Negana to, ji ne vienintel\u0117 vampyr\u0173 gimnazijos jaunikl\u0117, turinti ypating\u0173 gali\u0173. Zoja su\u017eino, kad klastingoji Afrodit\u0117, Tamsos dukr\u0173, \u0161auniausi\u0173 gimnazijos moksleivi\u0173, vadov\u0117 piktam naudoja Deiv\u0117s dovanas ir, kliaudamasi i\u0161 ind\u0117n\u0173 \u010deroki\u0173 kilusios mo\u010diut\u0117s i\u0161mintimi ir padedama nauj\u0173j\u0173 bi\u010diuli\u0173 vampyr\u0173, nutaria su ja susigrumti.<\/p>\n<p>\u201eNuo tos akimirkos, kai atsiver\u010diau \u0161i\u0105 knyg\u0105, u\u017ekibau! Fantasti\u0161ka nauja vampyr\u0173 interpretacija! \u201ePa\u017eym\u0117toji&#8221; &#8211; smagi, juoda ir \u0161maik\u0161ti. Pavaro!&#8221; &#8211; Gena Showalter, MTV laidos \u201eOh My Goth&#8221; autor\u0117<\/p>\n<ul class=\"about-product d-none d-xl-block mt-4\">\n<li><strong>Autorius:<\/strong>\u00a0Kristin Cast,\u00a0P. C. Cast<\/li>\n<li><strong>Leid\u0117jas:<\/strong>\u00a0Alma littera<\/li>\n<li><strong>Metai:<\/strong>\u00a02010<\/li>\n<li><strong>Puslapiai:<\/strong>\u00a0288<\/li>\n<li class=\"toggleable type-new-formats \"><strong>ISBN:<\/strong>\u00a09789955385059<\/li>\n<li><strong>Versijos kodas:<\/strong>\u00a0PT.<\/li>\n<li class=\"toggleable type-new-formats \"><strong>Formatas:<\/strong>\u00a015 x 22 cm, kieti vir\u0161eliai<\/li>\n<li><strong>Kalba:<\/strong>\u00a0Lietuvi\u0173<\/li>\n<li><strong>Vert\u0117jas:<\/strong>\u00a0Gabriel\u0117 Gaili\u016bt\u0117<\/li>\n<\/ul>\n","protected":false},"excerpt":{"rendered":"<p>Sveiki atvyk\u0119 \u012f tams\u0173, stebukling\u0105 Nakties nam\u0173 pasaul\u012f, labai pana\u0161\u0173 \u012f m\u016bs\u0173, tik \u010dia karaliauja vampyrai. \u0160e\u0161iolikmet\u0117 Zoja Redbird &#8211; k\u0105 tik Pa\u017eym\u0117ta vampyr\u0173 jaunikl\u0117 &#8211; atvyksta \u012f Nakties namus, mokykl\u0105, kur rengsis tapti suaugusia vampyre. Jei tik i\u0161tvers Permainas &#8211; ne visi Pa\u017eym\u0117tieji jas i\u0161tveria. Prad\u0117ti nauj\u0105 gyvenim\u0105 nelengva, ypa\u010d tod\u0117l, kad tenka palikti draugus. Pad\u0117t\u012f sunkina ir tai, kad Zoja &#8211; ne eilin\u0117 jaunikl\u0117. J\u0105 pasirinko vampyr\u0173 deiv\u0117 Nikt\u0117. Zoja pajunta turinti ne\u012ftik\u0117tin\u0173 gali\u0173, ta\u010diau kartu su jomis pajunta ir kraujo tro\u0161kul\u012f, ir, nelaim\u0117, geb\u0117jim\u0105 \u012fsispausti \u017emoguje &#8211; savo buvusiame vaikine Hite. Negana to, ji ne vienintel\u0117 vampyr\u0173 gimnazijos jaunikl\u0117, turinti ypating\u0173 gali\u0173. Zoja su\u017eino, kad klastingoji Afrodit\u0117, Tamsos dukr\u0173, \u0161auniausi\u0173 gimnazijos moksleivi\u0173, vadov\u0117 piktam naudoja Deiv\u0117s dovanas ir, kliaudamasi i\u0161 ind\u0117n\u0173 \u010deroki\u0173 kilusios mo\u010diut\u0117s i\u0161mintimi ir padedama nauj\u0173j\u0173 bi\u010diuli\u0173 vampyr\u0173, nutaria su ja susigrumti. \u201eNuo tos akimirkos, kai atsiver\u010diau \u0161i\u0105 knyg\u0105, u\u017ekibau! Fantasti\u0161ka nauja vampyr\u0173 interpretacija! \u201ePa\u017eym\u0117toji&#8221; &#8211; smagi, juoda ir \u0161maik\u0161ti. Pavaro!&#8221; &#8211; Gena Showalter, MTV laidos \u201eOh My Goth&#8221; autor\u0117 Autorius:\u00a0Kristin Cast,\u00a0P. C. Cast Leid\u0117jas:\u00a0Alma littera Metai:\u00a02010 Puslapiai:\u00a0288 ISBN:\u00a09789955385059 Versijos kodas:\u00a0PT. Formatas:\u00a015 x 22 cm, kieti vir\u0161eliai Kalba:\u00a0Lietuvi\u0173 Vert\u0117jas:\u00a0Gabriel\u0117 Gaili\u016bt\u0117<\/p>\n","protected":false},"featured_media":17714,"comment_status":"open","ping_status":"closed","template":"","meta":{"_acf_changed":false,"site-sidebar-layout":"default","site-content-layout":"","ast-site-content-layout":"default","site-content-style":"default","site-sidebar-style":"default","ast-global-header-display":"","ast-banner-title-visibility":"","ast-main-header-display":"","ast-hfb-above-header-display":"","ast-hfb-below-header-display":"","ast-hfb-mobile-header-display":"","site-post-title":"","ast-breadcrumbs-content":"","ast-featured-img":"","footer-sml-layout":"","ast-disable-related-posts":"","theme-transparent-header-meta":"default","adv-header-id-meta":"","stick-header-meta":"","header-above-stick-meta":"","header-main-stick-meta":"","header-below-stick-meta":"","astra-migrate-meta-layouts":"set","ast-page-background-enabled":"default","ast-page-background-meta":{"desktop":{"background-color":"","background-image":"","background-repeat":"repeat","background-position":"center center","background-size":"auto","background-attachment":"scroll","background-type":"","background-media":"","overlay-type":"","overlay-color":"","overlay-opacity":"","overlay-gradient":""},"tablet":{"background-color":"","background-image":"","background-repeat":"repeat","background-position":"center center","background-size":"auto","background-attachment":"scroll","background-type":"","background-media":"","overlay-type":"","overlay-color":"","overlay-opacity":"","overlay-gradient":""},"mobile":{"background-color":"","background-image":"","background-repeat":"repeat","background-position":"center center","background-size":"auto","background-attachment":"scroll","background-type":"","background-media":"","overlay-type":"","overlay-color":"","overlay-opacity":"","overlay-gradient":""}},"ast-content-background-meta":{"desktop":{"background-color":"var(--ast-global-color-4)","background-image":"","background-repeat":"repeat","background-position":"center center","background-size":"auto","background-attachment":"scroll","background-type":"","background-media":"","overlay-type":"","overlay-color":"","overlay-opacity":"","overlay-gradient":""},"tablet":{"background-color":"var(--ast-global-color-4)","background-image":"","background-repeat":"repeat","background-position":"center center","background-size":"auto","background-attachment":"scroll","background-type":"","background-media":"","overlay-type":"","overlay-color":"","overlay-opacity":"","overlay-gradient":""},"mobile":{"background-color":"var(--ast-global-color-4)","background-image":"","background-repeat":"repeat","background-position":"center center","background-size":"auto","background-attachment":"scroll","background-type":"","background-media":"","overlay-type":"","overlay-color":"","overlay-opacity":"","overlay-gradient":""}}},"product_brand":[],"product_cat":[9676],"product_tag":[1504,3651,3649,3650,2129,2539],"class_list":{"0":"post-17713","1":"product","2":"type-product","3":"status-publish","4":"has-post-thumbnail","6":"product_cat-paaugliams","7":"product_tag-fantastika","8":"product_tag-jauni-suaugusieji","9":"product_tag-kristin-cast","10":"product_tag-p-c-cast","11":"product_tag-romantika","12":"product_tag-vampyrai","13":"desktop-align-left","14":"tablet-align-left","15":"mobile-align-left","17":"first","18":"outofstock","19":"featured","20":"shipping-taxable","21":"purchasable","22":"product-type-simple"},"acf":[],"yoast_head":"<!-- This site is optimized with the Yoast SEO plugin v27.0 - https:\/\/yoast.com\/product\/yoast-seo-wordpress\/ -->\n<title>Pa\u017eym\u0117toji<\/title>\n<meta name=\"description\" content=\"Sveiki atvyk\u0119 \u012f tams\u0173, stebukling\u0105 Nakties nam\u0173 pasaul\u012f, labai pana\u0161\u0173 \u012f m\u016bs\u0173, tik \u010dia karaliauja vampyrai. \u0160e\u0161iolikmet\u0117 Zoja Redbird - k\u0105 tik Pa\u017eym\u0117ta\" \/>\n<meta name=\"robots\" content=\"index, follow, max-snippet:-1, max-image-preview:large, max-video-preview:-1\" \/>\n<link rel=\"canonical\" href=\"https:\/\/skaitytaknyga.lt\/en\/produktas\/pazymetoji\/\" \/>\n<meta property=\"og:locale\" content=\"en_GB\" \/>\n<meta property=\"og:locale:alternate\" content=\"lt_LT\" \/>\n<meta property=\"og:type\" content=\"article\" \/>\n<meta property=\"og:title\" content=\"Pa\u017eym\u0117toji\" \/>\n<meta property=\"og:description\" content=\"Sveiki atvyk\u0119 \u012f tams\u0173, stebukling\u0105 Nakties nam\u0173 pasaul\u012f, labai pana\u0161\u0173 \u012f m\u016bs\u0173, tik \u010dia karaliauja vampyrai. \u0160e\u0161iolikmet\u0117 Zoja Redbird - k\u0105 tik Pa\u017eym\u0117ta\" \/>\n<meta property=\"og:url\" content=\"https:\/\/skaitytaknyga.lt\/en\/produktas\/pazymetoji\/\" \/>\n<meta property=\"og:site_name\" content=\"Skaitytaknyga\" \/>\n<meta property=\"article:publisher\" content=\"https:\/\/www.facebook.com\/skaitytaknyga\/\" \/>\n<meta property=\"article:modified_time\" content=\"2026-03-05T14:17:09+00:00\" \/>\n<meta property=\"og:image\" content=\"https:\/\/skaitytaknyga.lt\/wp-content\/uploads\/2025\/04\/Pazymetoji.webp\" \/>\n\t<meta property=\"og:image:width\" content=\"544\" \/>\n\t<meta property=\"og:image:height\" content=\"800\" \/>\n\t<meta property=\"og:image:type\" content=\"image\/webp\" \/>\n<meta name=\"twitter:card\" content=\"summary_large_image\" \/>\n<meta name=\"twitter:label1\" content=\"Estimated reading time\" \/>\n\t<meta name=\"twitter:data1\" content=\"2 minutes\" \/>\n<script type=\"application\/ld+json\" class=\"yoast-schema-graph\">{\"@context\":\"https:\/\/schema.org\",\"@graph\":[{\"@type\":\"WebPage\",\"@id\":\"https:\/\/skaitytaknyga.lt\/produktas\/pazymetoji\/\",\"url\":\"https:\/\/skaitytaknyga.lt\/produktas\/pazymetoji\/\",\"name\":\"Pa\u017eym\u0117toji\",\"isPartOf\":{\"@id\":\"https:\/\/skaitytaknyga.lt\/#website\"},\"primaryImageOfPage\":{\"@id\":\"https:\/\/skaitytaknyga.lt\/produktas\/pazymetoji\/#primaryimage\"},\"image\":{\"@id\":\"https:\/\/skaitytaknyga.lt\/produktas\/pazymetoji\/#primaryimage\"},\"thumbnailUrl\":\"https:\/\/skaitytaknyga.lt\/wp-content\/uploads\/2025\/04\/Pazymetoji.webp\",\"datePublished\":\"2025-04-11T06:49:54+00:00\",\"dateModified\":\"2026-03-05T14:17:09+00:00\",\"description\":\"Sveiki atvyk\u0119 \u012f tams\u0173, stebukling\u0105 Nakties nam\u0173 pasaul\u012f, labai pana\u0161\u0173 \u012f m\u016bs\u0173, tik \u010dia karaliauja vampyrai. \u0160e\u0161iolikmet\u0117 Zoja Redbird - k\u0105 tik Pa\u017eym\u0117ta\",\"breadcrumb\":{\"@id\":\"https:\/\/skaitytaknyga.lt\/produktas\/pazymetoji\/#breadcrumb\"},\"inLanguage\":\"en-GB\",\"potentialAction\":[{\"@type\":\"ReadAction\",\"target\":[\"https:\/\/skaitytaknyga.lt\/produktas\/pazymetoji\/\"]}]},{\"@type\":\"ImageObject\",\"inLanguage\":\"en-GB\",\"@id\":\"https:\/\/skaitytaknyga.lt\/produktas\/pazymetoji\/#primaryimage\",\"url\":\"https:\/\/skaitytaknyga.lt\/wp-content\/uploads\/2025\/04\/Pazymetoji.webp\",\"contentUrl\":\"https:\/\/skaitytaknyga.lt\/wp-content\/uploads\/2025\/04\/Pazymetoji.webp\",\"width\":544,\"height\":800,\"caption\":\"Pa\u017eym\u0117toji\"},{\"@type\":\"BreadcrumbList\",\"@id\":\"https:\/\/skaitytaknyga.lt\/produktas\/pazymetoji\/#breadcrumb\",\"itemListElement\":[{\"@type\":\"ListItem\",\"position\":1,\"name\":\"Home\",\"item\":\"https:\/\/skaitytaknyga.lt\/\"},{\"@type\":\"ListItem\",\"position\":2,\"name\":\"Parduotuv\u0117\",\"item\":\"https:\/\/skaitytaknyga.lt\/knygu-parduotuve\/\"},{\"@type\":\"ListItem\",\"position\":3,\"name\":\"Pa\u017eym\u0117toji\"}]},{\"@type\":\"WebSite\",\"@id\":\"https:\/\/skaitytaknyga.lt\/#website\",\"url\":\"https:\/\/skaitytaknyga.lt\/\",\"name\":\"skaitytaknyga.lt\",\"description\":\"Skaitytaknyga.lt \u2013 tai ma\u017eas \u0161eimos verslas, kuris prasid\u0117jo nuo meil\u0117s knygoms ir siekio i\u0161gelb\u0117ti knygas nuo likimo prie konteinerio. Kas vienam nereikalingas daiktas \u2013 kitam lobis, o mes esame tarpininkai, kurie padeda abiems tapti laimingesniems ???? \u017dinome kaip nelengva i\u0161gyventi ma\u017eiems verslams, tad nuo \u0161iol, \u010dia rasite ir kit\u0173, ma\u017e\u0173 \u0161eim\u0173 versl\u0173, rank\u0173 darbo, dovan\u0173 sau ir artimiesiems.\",\"publisher\":{\"@id\":\"https:\/\/skaitytaknyga.lt\/#organization\"},\"potentialAction\":[{\"@type\":\"SearchAction\",\"target\":{\"@type\":\"EntryPoint\",\"urlTemplate\":\"https:\/\/skaitytaknyga.lt\/?s={search_term_string}\"},\"query-input\":{\"@type\":\"PropertyValueSpecification\",\"valueRequired\":true,\"valueName\":\"search_term_string\"}}],\"inLanguage\":\"en-GB\"},{\"@type\":\"Organization\",\"@id\":\"https:\/\/skaitytaknyga.lt\/#organization\",\"name\":\"skaitytaknyga.lt\",\"url\":\"https:\/\/skaitytaknyga.lt\/\",\"logo\":{\"@type\":\"ImageObject\",\"inLanguage\":\"en-GB\",\"@id\":\"https:\/\/skaitytaknyga.lt\/#\/schema\/logo\/image\/\",\"url\":\"https:\/\/skaitytaknyga.lt\/wp-content\/uploads\/2024\/05\/cropped-cropped-cropped-02_00843_jt3bggkj1j3HLc7SyY6rEUpg.jpeg\",\"contentUrl\":\"https:\/\/skaitytaknyga.lt\/wp-content\/uploads\/2024\/05\/cropped-cropped-cropped-02_00843_jt3bggkj1j3HLc7SyY6rEUpg.jpeg\",\"width\":1600,\"height\":1600,\"caption\":\"skaitytaknyga.lt\"},\"image\":{\"@id\":\"https:\/\/skaitytaknyga.lt\/#\/schema\/logo\/image\/\"},\"sameAs\":[\"https:\/\/www.facebook.com\/skaitytaknyga\/\"]}]}<\/script>\n<!-- \/ Yoast SEO plugin. -->","yoast_head_json":{"title":"Pa\u017eym\u0117toji","description":"Sveiki atvyk\u0119 \u012f tams\u0173, stebukling\u0105 Nakties nam\u0173 pasaul\u012f, labai pana\u0161\u0173 \u012f m\u016bs\u0173, tik \u010dia karaliauja vampyrai. \u0160e\u0161iolikmet\u0117 Zoja Redbird - k\u0105 tik Pa\u017eym\u0117ta","robots":{"index":"index","follow":"follow","max-snippet":"max-snippet:-1","max-image-preview":"max-image-preview:large","max-video-preview":"max-video-preview:-1"},"canonical":"https:\/\/skaitytaknyga.lt\/en\/produktas\/pazymetoji\/","og_locale":"en_GB","og_type":"article","og_title":"[:lt]Pa\u017eym\u0117toji[:] - Skaitytaknyga","og_description":"Sveiki atvyk\u0119 \u012f tams\u0173, stebukling\u0105 Nakties nam\u0173 pasaul\u012f, labai pana\u0161\u0173 \u012f m\u016bs\u0173, tik \u010dia karaliauja vampyrai. \u0160e\u0161iolikmet\u0117 Zoja Redbird - k\u0105 tik Pa\u017eym\u0117ta","og_url":"https:\/\/skaitytaknyga.lt\/en\/produktas\/pazymetoji\/","og_site_name":"Skaitytaknyga","article_publisher":"https:\/\/www.facebook.com\/skaitytaknyga\/","article_modified_time":"2026-03-05T14:17:09+00:00","og_image":[{"width":544,"height":800,"url":"https:\/\/skaitytaknyga.lt\/wp-content\/uploads\/2025\/04\/Pazymetoji.webp","type":"image\/webp"}],"twitter_card":"summary_large_image","twitter_misc":{"Estimated reading time":"2 minutes"},"schema":{"@context":"https:\/\/schema.org","@graph":[{"@type":"WebPage","@id":"https:\/\/skaitytaknyga.lt\/produktas\/pazymetoji\/","url":"https:\/\/skaitytaknyga.lt\/produktas\/pazymetoji\/","name":"Pa\u017eym\u0117toji","isPartOf":{"@id":"https:\/\/skaitytaknyga.lt\/#website"},"primaryImageOfPage":{"@id":"https:\/\/skaitytaknyga.lt\/produktas\/pazymetoji\/#primaryimage"},"image":{"@id":"https:\/\/skaitytaknyga.lt\/produktas\/pazymetoji\/#primaryimage"},"thumbnailUrl":"https:\/\/skaitytaknyga.lt\/wp-content\/uploads\/2025\/04\/Pazymetoji.webp","datePublished":"2025-04-11T06:49:54+00:00","dateModified":"2026-03-05T14:17:09+00:00","description":"Sveiki atvyk\u0119 \u012f tams\u0173, stebukling\u0105 Nakties nam\u0173 pasaul\u012f, labai pana\u0161\u0173 \u012f m\u016bs\u0173, tik \u010dia karaliauja vampyrai. \u0160e\u0161iolikmet\u0117 Zoja Redbird - k\u0105 tik Pa\u017eym\u0117ta","breadcrumb":{"@id":"https:\/\/skaitytaknyga.lt\/produktas\/pazymetoji\/#breadcrumb"},"inLanguage":"en-GB","potentialAction":[{"@type":"ReadAction","target":["https:\/\/skaitytaknyga.lt\/produktas\/pazymetoji\/"]}]},{"@type":"ImageObject","inLanguage":"en-GB","@id":"https:\/\/skaitytaknyga.lt\/produktas\/pazymetoji\/#primaryimage","url":"https:\/\/skaitytaknyga.lt\/wp-content\/uploads\/2025\/04\/Pazymetoji.webp","contentUrl":"https:\/\/skaitytaknyga.lt\/wp-content\/uploads\/2025\/04\/Pazymetoji.webp","width":544,"height":800,"caption":"Pa\u017eym\u0117toji"},{"@type":"BreadcrumbList","@id":"https:\/\/skaitytaknyga.lt\/produktas\/pazymetoji\/#breadcrumb","itemListElement":[{"@type":"ListItem","position":1,"name":"Home","item":"https:\/\/skaitytaknyga.lt\/"},{"@type":"ListItem","position":2,"name":"Parduotuv\u0117","item":"https:\/\/skaitytaknyga.lt\/knygu-parduotuve\/"},{"@type":"ListItem","position":3,"name":"Pa\u017eym\u0117toji"}]},{"@type":"WebSite","@id":"https:\/\/skaitytaknyga.lt\/#website","url":"https:\/\/skaitytaknyga.lt\/","name":"skaitytaknyga.lt","description":"Skaitytaknyga.lt \u2013 tai ma\u017eas \u0161eimos verslas, kuris prasid\u0117jo nuo meil\u0117s knygoms ir siekio i\u0161gelb\u0117ti knygas nuo likimo prie konteinerio. Kas vienam nereikalingas daiktas \u2013 kitam lobis, o mes esame tarpininkai, kurie padeda abiems tapti laimingesniems ???? \u017dinome kaip nelengva i\u0161gyventi ma\u017eiems verslams, tad nuo \u0161iol, \u010dia rasite ir kit\u0173, ma\u017e\u0173 \u0161eim\u0173 versl\u0173, rank\u0173 darbo, dovan\u0173 sau ir artimiesiems.","publisher":{"@id":"https:\/\/skaitytaknyga.lt\/#organization"},"potentialAction":[{"@type":"SearchAction","target":{"@type":"EntryPoint","urlTemplate":"https:\/\/skaitytaknyga.lt\/?s={search_term_string}"},"query-input":{"@type":"PropertyValueSpecification","valueRequired":true,"valueName":"search_term_string"}}],"inLanguage":"en-GB"},{"@type":"Organization","@id":"https:\/\/skaitytaknyga.lt\/#organization","name":"skaitytaknyga.lt","url":"https:\/\/skaitytaknyga.lt\/","logo":{"@type":"ImageObject","inLanguage":"en-GB","@id":"https:\/\/skaitytaknyga.lt\/#\/schema\/logo\/image\/","url":"https:\/\/skaitytaknyga.lt\/wp-content\/uploads\/2024\/05\/cropped-cropped-cropped-02_00843_jt3bggkj1j3HLc7SyY6rEUpg.jpeg","contentUrl":"https:\/\/skaitytaknyga.lt\/wp-content\/uploads\/2024\/05\/cropped-cropped-cropped-02_00843_jt3bggkj1j3HLc7SyY6rEUpg.jpeg","width":1600,"height":1600,"caption":"skaitytaknyga.lt"},"image":{"@id":"https:\/\/skaitytaknyga.lt\/#\/schema\/logo\/image\/"},"sameAs":["https:\/\/www.facebook.com\/skaitytaknyga\/"]}]}},"_links":{"self":[{"href":"https:\/\/skaitytaknyga.lt\/en\/wp-json\/wp\/v2\/product\/17713","targetHints":{"allow":["GET"]}}],"collection":[{"href":"https:\/\/skaitytaknyga.lt\/en\/wp-json\/wp\/v2\/product"}],"about":[{"href":"https:\/\/skaitytaknyga.lt\/en\/wp-json\/wp\/v2\/types\/product"}],"replies":[{"embeddable":true,"href":"https:\/\/skaitytaknyga.lt\/en\/wp-json\/wp\/v2\/comments?post=17713"}],"wp:featuredmedia":[{"embeddable":true,"href":"https:\/\/skaitytaknyga.lt\/en\/wp-json\/wp\/v2\/media\/17714"}],"wp:attachment":[{"href":"https:\/\/skaitytaknyga.lt\/en\/wp-json\/wp\/v2\/media?parent=17713"}],"wp:term":[{"taxonomy":"product_brand","embeddable":true,"href":"https:\/\/skaitytaknyga.lt\/en\/wp-json\/wp\/v2\/product_brand?post=17713"},{"taxonomy":"product_cat","embeddable":true,"href":"https:\/\/skaitytaknyga.lt\/en\/wp-json\/wp\/v2\/product_cat?post=17713"},{"taxonomy":"product_tag","embeddable":true,"href":"https:\/\/skaitytaknyga.lt\/en\/wp-json\/wp\/v2\/product_tag?post=17713"}],"curies":[{"name":"wp","href":"https:\/\/api.w.org\/{rel}","templated":true}]}}