{"id":17709,"date":"2025-04-11T09:46:56","date_gmt":"2025-04-11T06:46:56","guid":{"rendered":"https:\/\/skaitytaknyga.lt\/?post_type=product&#038;p=17709"},"modified":"2026-03-05T16:17:09","modified_gmt":"2026-03-05T14:17:09","slug":"persekiojamoji","status":"publish","type":"product","link":"https:\/\/skaitytaknyga.lt\/en\/produktas\/persekiojamoji\/","title":{"rendered":"Persekiojamoji"},"content":{"rendered":"<p><strong>&#8230;Tamsa ne visada tas pat, kas blogis, o \u0161viesa ne visada ne\u0161a vien g\u0117r\u012f&#8230;<\/strong><\/p>\n<p>Penktame ver\u010dian\u010diame stipriau plakti \u0161ird\u012f \u201eNakties nam\u0173&#8221; serijos romane Zoja su draugais pab\u0117ga i\u0161 \u201eNakties nam\u0173&#8221; gimnazijos ir atskleid\u017eia Neferet\u0117s ir raudon\u0173j\u0173 jaunikli\u0173 paslapt\u012f. Ta\u010diau j\u0173 tyko netik\u0117tas pavojus. Vyriausi\u0105j\u0105 kunig\u0119 Neferet\u0119 saugo naujas galingas palydovas Kalona, kurio ap\u017eavai u\u017etemd\u0117 akis beveik visiems profesoriams ir mokiniams. Gra\u017euolis Kalona meistri\u0161kai slepia savo piktus k\u0117slus. Rasti ginkl\u0105 prie\u0161 puolus\u012f angel\u0105 Zoja gali tik gilindamasi \u012f \u010deroki\u0173 legendas. Ar u\u017eteks jai stipryb\u0117s pa\u010diai atsispirti Kalonos kerams?<\/p>\n<p><strong>Apie autor\u0119<\/strong><\/p>\n<p>P.C. Cast \u2013 garsi\u00a0<em>fantasy<\/em>\u00a0ir paranormali\u0173 roman\u0173 autor\u0117, be to, patyrusi lektor\u0117 ir mokytoja. Jos k\u016briniai paaugliams yra peln\u0119 ne vien\u0105 apdovanojim\u0105: YALSA Quick for Reluctant Young Adult Readers, Oklahoma Book Award, PRISM, Daphne du Maurier, Affaire du Coeur. Ji gyvena ir dirba Oklahomoje.<\/p>\n<ul class=\"about-product d-none d-xl-block mt-4\">\n<li><strong>Autorius:<\/strong>\u00a0Kristin Cast,\u00a0P. C. Cast<\/li>\n<li><strong>Leid\u0117jas:<\/strong>\u00a0Alma littera<\/li>\n<li><strong>Metai:<\/strong>\u00a02011<\/li>\n<li><strong>Puslapiai:<\/strong>\u00a0344<\/li>\n<li class=\"toggleable type-new-formats \"><strong>ISBN:<\/strong>\u00a09786090100004<\/li>\n<li><strong>Versijos kodas:<\/strong>\u00a0PT.<\/li>\n<li class=\"toggleable type-new-formats \"><strong>Formatas:<\/strong>\u00a015 x 22 cm, kieti vir\u0161eliai<\/li>\n<li><strong>Kalba:<\/strong>\u00a0Lietuvi\u0173<\/li>\n<li><strong>Vert\u0117jas:<\/strong>\u00a0Gabriel\u0117 Gaili\u016bt\u0117<\/li>\n<\/ul>\n","protected":false},"excerpt":{"rendered":"<p>&#8230;Tamsa ne visada tas pat, kas blogis, o \u0161viesa ne visada ne\u0161a vien g\u0117r\u012f&#8230; Penktame ver\u010dian\u010diame stipriau plakti \u0161ird\u012f \u201eNakties nam\u0173&#8221; serijos romane Zoja su draugais pab\u0117ga i\u0161 \u201eNakties nam\u0173&#8221; gimnazijos ir atskleid\u017eia Neferet\u0117s ir raudon\u0173j\u0173 jaunikli\u0173 paslapt\u012f. Ta\u010diau j\u0173 tyko netik\u0117tas pavojus. Vyriausi\u0105j\u0105 kunig\u0119 Neferet\u0119 saugo naujas galingas palydovas Kalona, kurio ap\u017eavai u\u017etemd\u0117 akis beveik visiems profesoriams ir mokiniams. Gra\u017euolis Kalona meistri\u0161kai slepia savo piktus k\u0117slus. Rasti ginkl\u0105 prie\u0161 puolus\u012f angel\u0105 Zoja gali tik gilindamasi \u012f \u010deroki\u0173 legendas. Ar u\u017eteks jai stipryb\u0117s pa\u010diai atsispirti Kalonos kerams? Apie autor\u0119 P.C. Cast \u2013 garsi\u00a0fantasy\u00a0ir paranormali\u0173 roman\u0173 autor\u0117, be to, patyrusi lektor\u0117 ir mokytoja. Jos k\u016briniai paaugliams yra peln\u0119 ne vien\u0105 apdovanojim\u0105: YALSA Quick for Reluctant Young Adult Readers, Oklahoma Book Award, PRISM, Daphne du Maurier, Affaire du Coeur. Ji gyvena ir dirba Oklahomoje. Autorius:\u00a0Kristin Cast,\u00a0P. C. Cast Leid\u0117jas:\u00a0Alma littera Metai:\u00a02011 Puslapiai:\u00a0344 ISBN:\u00a09786090100004 Versijos kodas:\u00a0PT. Formatas:\u00a015 x 22 cm, kieti vir\u0161eliai Kalba:\u00a0Lietuvi\u0173 Vert\u0117jas:\u00a0Gabriel\u0117 Gaili\u016bt\u0117<\/p>\n","protected":false},"featured_media":17710,"comment_status":"open","ping_status":"closed","template":"","meta":{"_acf_changed":false,"site-sidebar-layout":"default","site-content-layout":"","ast-site-content-layout":"default","site-content-style":"default","site-sidebar-style":"default","ast-global-header-display":"","ast-banner-title-visibility":"","ast-main-header-display":"","ast-hfb-above-header-display":"","ast-hfb-below-header-display":"","ast-hfb-mobile-header-display":"","site-post-title":"","ast-breadcrumbs-content":"","ast-featured-img":"","footer-sml-layout":"","ast-disable-related-posts":"","theme-transparent-header-meta":"default","adv-header-id-meta":"","stick-header-meta":"","header-above-stick-meta":"","header-main-stick-meta":"","header-below-stick-meta":"","astra-migrate-meta-layouts":"set","ast-page-background-enabled":"default","ast-page-background-meta":{"desktop":{"background-color":"","background-image":"","background-repeat":"repeat","background-position":"center center","background-size":"auto","background-attachment":"scroll","background-type":"","background-media":"","overlay-type":"","overlay-color":"","overlay-opacity":"","overlay-gradient":""},"tablet":{"background-color":"","background-image":"","background-repeat":"repeat","background-position":"center center","background-size":"auto","background-attachment":"scroll","background-type":"","background-media":"","overlay-type":"","overlay-color":"","overlay-opacity":"","overlay-gradient":""},"mobile":{"background-color":"","background-image":"","background-repeat":"repeat","background-position":"center center","background-size":"auto","background-attachment":"scroll","background-type":"","background-media":"","overlay-type":"","overlay-color":"","overlay-opacity":"","overlay-gradient":""}},"ast-content-background-meta":{"desktop":{"background-color":"var(--ast-global-color-4)","background-image":"","background-repeat":"repeat","background-position":"center center","background-size":"auto","background-attachment":"scroll","background-type":"","background-media":"","overlay-type":"","overlay-color":"","overlay-opacity":"","overlay-gradient":""},"tablet":{"background-color":"var(--ast-global-color-4)","background-image":"","background-repeat":"repeat","background-position":"center center","background-size":"auto","background-attachment":"scroll","background-type":"","background-media":"","overlay-type":"","overlay-color":"","overlay-opacity":"","overlay-gradient":""},"mobile":{"background-color":"var(--ast-global-color-4)","background-image":"","background-repeat":"repeat","background-position":"center center","background-size":"auto","background-attachment":"scroll","background-type":"","background-media":"","overlay-type":"","overlay-color":"","overlay-opacity":"","overlay-gradient":""}}},"product_brand":[],"product_cat":[9676],"product_tag":[1504,3651,3649,3650,2129,2539],"class_list":{"0":"post-17709","1":"product","2":"type-product","3":"status-publish","4":"has-post-thumbnail","6":"product_cat-paaugliams","7":"product_tag-fantastika","8":"product_tag-jauni-suaugusieji","9":"product_tag-kristin-cast","10":"product_tag-p-c-cast","11":"product_tag-romantika","12":"product_tag-vampyrai","13":"desktop-align-left","14":"tablet-align-left","15":"mobile-align-left","17":"first","18":"outofstock","19":"featured","20":"shipping-taxable","21":"purchasable","22":"product-type-simple"},"acf":[],"yoast_head":"<!-- This site is optimized with the Yoast SEO plugin v27.0 - https:\/\/yoast.com\/product\/yoast-seo-wordpress\/ -->\n<title>Persekiojamoji<\/title>\n<meta name=\"description\" content=\"...Tamsa ne visada tas pat, kas blogis, o \u0161viesa ne visada ne\u0161a vien g\u0117r\u012f... Penktame ver\u010dian\u010diame stipriau plakti \u0161ird\u012f \u201eNakties nam\u0173&quot; serijos romane\" \/>\n<meta name=\"robots\" content=\"index, follow, max-snippet:-1, max-image-preview:large, max-video-preview:-1\" \/>\n<link rel=\"canonical\" href=\"https:\/\/skaitytaknyga.lt\/en\/produktas\/persekiojamoji\/\" \/>\n<meta property=\"og:locale\" content=\"en_GB\" \/>\n<meta property=\"og:locale:alternate\" content=\"lt_LT\" \/>\n<meta property=\"og:type\" content=\"article\" \/>\n<meta property=\"og:title\" content=\"Persekiojamoji\" \/>\n<meta property=\"og:description\" content=\"...Tamsa ne visada tas pat, kas blogis, o \u0161viesa ne visada ne\u0161a vien g\u0117r\u012f... Penktame ver\u010dian\u010diame stipriau plakti \u0161ird\u012f \u201eNakties nam\u0173&quot; serijos romane\" \/>\n<meta property=\"og:url\" content=\"https:\/\/skaitytaknyga.lt\/en\/produktas\/persekiojamoji\/\" \/>\n<meta property=\"og:site_name\" content=\"Skaitytaknyga\" \/>\n<meta property=\"article:publisher\" content=\"https:\/\/www.facebook.com\/skaitytaknyga\/\" \/>\n<meta property=\"article:modified_time\" content=\"2026-03-05T14:17:09+00:00\" \/>\n<meta property=\"og:image\" content=\"https:\/\/skaitytaknyga.lt\/wp-content\/uploads\/2025\/04\/Persekiojamoji.webp\" \/>\n\t<meta property=\"og:image:width\" content=\"410\" \/>\n\t<meta property=\"og:image:height\" content=\"611\" \/>\n\t<meta property=\"og:image:type\" content=\"image\/webp\" \/>\n<meta name=\"twitter:card\" content=\"summary_large_image\" \/>\n<meta name=\"twitter:label1\" content=\"Estimated reading time\" \/>\n\t<meta name=\"twitter:data1\" content=\"2 minutes\" \/>\n<script type=\"application\/ld+json\" class=\"yoast-schema-graph\">{\"@context\":\"https:\/\/schema.org\",\"@graph\":[{\"@type\":\"WebPage\",\"@id\":\"https:\/\/skaitytaknyga.lt\/produktas\/persekiojamoji\/\",\"url\":\"https:\/\/skaitytaknyga.lt\/produktas\/persekiojamoji\/\",\"name\":\"Persekiojamoji\",\"isPartOf\":{\"@id\":\"https:\/\/skaitytaknyga.lt\/#website\"},\"primaryImageOfPage\":{\"@id\":\"https:\/\/skaitytaknyga.lt\/produktas\/persekiojamoji\/#primaryimage\"},\"image\":{\"@id\":\"https:\/\/skaitytaknyga.lt\/produktas\/persekiojamoji\/#primaryimage\"},\"thumbnailUrl\":\"https:\/\/skaitytaknyga.lt\/wp-content\/uploads\/2025\/04\/Persekiojamoji.webp\",\"datePublished\":\"2025-04-11T06:46:56+00:00\",\"dateModified\":\"2026-03-05T14:17:09+00:00\",\"description\":\"...Tamsa ne visada tas pat, kas blogis, o \u0161viesa ne visada ne\u0161a vien g\u0117r\u012f... Penktame ver\u010dian\u010diame stipriau plakti \u0161ird\u012f \u201eNakties nam\u0173\\\" serijos romane\",\"breadcrumb\":{\"@id\":\"https:\/\/skaitytaknyga.lt\/produktas\/persekiojamoji\/#breadcrumb\"},\"inLanguage\":\"en-GB\",\"potentialAction\":[{\"@type\":\"ReadAction\",\"target\":[\"https:\/\/skaitytaknyga.lt\/produktas\/persekiojamoji\/\"]}]},{\"@type\":\"ImageObject\",\"inLanguage\":\"en-GB\",\"@id\":\"https:\/\/skaitytaknyga.lt\/produktas\/persekiojamoji\/#primaryimage\",\"url\":\"https:\/\/skaitytaknyga.lt\/wp-content\/uploads\/2025\/04\/Persekiojamoji.webp\",\"contentUrl\":\"https:\/\/skaitytaknyga.lt\/wp-content\/uploads\/2025\/04\/Persekiojamoji.webp\",\"width\":410,\"height\":611,\"caption\":\"Persekiojamoji\"},{\"@type\":\"BreadcrumbList\",\"@id\":\"https:\/\/skaitytaknyga.lt\/produktas\/persekiojamoji\/#breadcrumb\",\"itemListElement\":[{\"@type\":\"ListItem\",\"position\":1,\"name\":\"Home\",\"item\":\"https:\/\/skaitytaknyga.lt\/\"},{\"@type\":\"ListItem\",\"position\":2,\"name\":\"Parduotuv\u0117\",\"item\":\"https:\/\/skaitytaknyga.lt\/knygu-parduotuve\/\"},{\"@type\":\"ListItem\",\"position\":3,\"name\":\"Persekiojamoji\"}]},{\"@type\":\"WebSite\",\"@id\":\"https:\/\/skaitytaknyga.lt\/#website\",\"url\":\"https:\/\/skaitytaknyga.lt\/\",\"name\":\"skaitytaknyga.lt\",\"description\":\"Skaitytaknyga.lt \u2013 tai ma\u017eas \u0161eimos verslas, kuris prasid\u0117jo nuo meil\u0117s knygoms ir siekio i\u0161gelb\u0117ti knygas nuo likimo prie konteinerio. Kas vienam nereikalingas daiktas \u2013 kitam lobis, o mes esame tarpininkai, kurie padeda abiems tapti laimingesniems ???? \u017dinome kaip nelengva i\u0161gyventi ma\u017eiems verslams, tad nuo \u0161iol, \u010dia rasite ir kit\u0173, ma\u017e\u0173 \u0161eim\u0173 versl\u0173, rank\u0173 darbo, dovan\u0173 sau ir artimiesiems.\",\"publisher\":{\"@id\":\"https:\/\/skaitytaknyga.lt\/#organization\"},\"potentialAction\":[{\"@type\":\"SearchAction\",\"target\":{\"@type\":\"EntryPoint\",\"urlTemplate\":\"https:\/\/skaitytaknyga.lt\/?s={search_term_string}\"},\"query-input\":{\"@type\":\"PropertyValueSpecification\",\"valueRequired\":true,\"valueName\":\"search_term_string\"}}],\"inLanguage\":\"en-GB\"},{\"@type\":\"Organization\",\"@id\":\"https:\/\/skaitytaknyga.lt\/#organization\",\"name\":\"skaitytaknyga.lt\",\"url\":\"https:\/\/skaitytaknyga.lt\/\",\"logo\":{\"@type\":\"ImageObject\",\"inLanguage\":\"en-GB\",\"@id\":\"https:\/\/skaitytaknyga.lt\/#\/schema\/logo\/image\/\",\"url\":\"https:\/\/skaitytaknyga.lt\/wp-content\/uploads\/2024\/05\/cropped-cropped-cropped-02_00843_jt3bggkj1j3HLc7SyY6rEUpg.jpeg\",\"contentUrl\":\"https:\/\/skaitytaknyga.lt\/wp-content\/uploads\/2024\/05\/cropped-cropped-cropped-02_00843_jt3bggkj1j3HLc7SyY6rEUpg.jpeg\",\"width\":1600,\"height\":1600,\"caption\":\"skaitytaknyga.lt\"},\"image\":{\"@id\":\"https:\/\/skaitytaknyga.lt\/#\/schema\/logo\/image\/\"},\"sameAs\":[\"https:\/\/www.facebook.com\/skaitytaknyga\/\"]}]}<\/script>\n<!-- \/ Yoast SEO plugin. -->","yoast_head_json":{"title":"Persekiojamoji","description":"...Tamsa ne visada tas pat, kas blogis, o \u0161viesa ne visada ne\u0161a vien g\u0117r\u012f... Penktame ver\u010dian\u010diame stipriau plakti \u0161ird\u012f \u201eNakties nam\u0173\" serijos romane","robots":{"index":"index","follow":"follow","max-snippet":"max-snippet:-1","max-image-preview":"max-image-preview:large","max-video-preview":"max-video-preview:-1"},"canonical":"https:\/\/skaitytaknyga.lt\/en\/produktas\/persekiojamoji\/","og_locale":"en_GB","og_type":"article","og_title":"[:lt]Persekiojamoji[:] - Skaitytaknyga","og_description":"...Tamsa ne visada tas pat, kas blogis, o \u0161viesa ne visada ne\u0161a vien g\u0117r\u012f... Penktame ver\u010dian\u010diame stipriau plakti \u0161ird\u012f \u201eNakties nam\u0173\" serijos romane","og_url":"https:\/\/skaitytaknyga.lt\/en\/produktas\/persekiojamoji\/","og_site_name":"Skaitytaknyga","article_publisher":"https:\/\/www.facebook.com\/skaitytaknyga\/","article_modified_time":"2026-03-05T14:17:09+00:00","og_image":[{"width":410,"height":611,"url":"https:\/\/skaitytaknyga.lt\/wp-content\/uploads\/2025\/04\/Persekiojamoji.webp","type":"image\/webp"}],"twitter_card":"summary_large_image","twitter_misc":{"Estimated reading time":"2 minutes"},"schema":{"@context":"https:\/\/schema.org","@graph":[{"@type":"WebPage","@id":"https:\/\/skaitytaknyga.lt\/produktas\/persekiojamoji\/","url":"https:\/\/skaitytaknyga.lt\/produktas\/persekiojamoji\/","name":"Persekiojamoji","isPartOf":{"@id":"https:\/\/skaitytaknyga.lt\/#website"},"primaryImageOfPage":{"@id":"https:\/\/skaitytaknyga.lt\/produktas\/persekiojamoji\/#primaryimage"},"image":{"@id":"https:\/\/skaitytaknyga.lt\/produktas\/persekiojamoji\/#primaryimage"},"thumbnailUrl":"https:\/\/skaitytaknyga.lt\/wp-content\/uploads\/2025\/04\/Persekiojamoji.webp","datePublished":"2025-04-11T06:46:56+00:00","dateModified":"2026-03-05T14:17:09+00:00","description":"...Tamsa ne visada tas pat, kas blogis, o \u0161viesa ne visada ne\u0161a vien g\u0117r\u012f... Penktame ver\u010dian\u010diame stipriau plakti \u0161ird\u012f \u201eNakties nam\u0173\" serijos romane","breadcrumb":{"@id":"https:\/\/skaitytaknyga.lt\/produktas\/persekiojamoji\/#breadcrumb"},"inLanguage":"en-GB","potentialAction":[{"@type":"ReadAction","target":["https:\/\/skaitytaknyga.lt\/produktas\/persekiojamoji\/"]}]},{"@type":"ImageObject","inLanguage":"en-GB","@id":"https:\/\/skaitytaknyga.lt\/produktas\/persekiojamoji\/#primaryimage","url":"https:\/\/skaitytaknyga.lt\/wp-content\/uploads\/2025\/04\/Persekiojamoji.webp","contentUrl":"https:\/\/skaitytaknyga.lt\/wp-content\/uploads\/2025\/04\/Persekiojamoji.webp","width":410,"height":611,"caption":"Persekiojamoji"},{"@type":"BreadcrumbList","@id":"https:\/\/skaitytaknyga.lt\/produktas\/persekiojamoji\/#breadcrumb","itemListElement":[{"@type":"ListItem","position":1,"name":"Home","item":"https:\/\/skaitytaknyga.lt\/"},{"@type":"ListItem","position":2,"name":"Parduotuv\u0117","item":"https:\/\/skaitytaknyga.lt\/knygu-parduotuve\/"},{"@type":"ListItem","position":3,"name":"Persekiojamoji"}]},{"@type":"WebSite","@id":"https:\/\/skaitytaknyga.lt\/#website","url":"https:\/\/skaitytaknyga.lt\/","name":"skaitytaknyga.lt","description":"Skaitytaknyga.lt \u2013 tai ma\u017eas \u0161eimos verslas, kuris prasid\u0117jo nuo meil\u0117s knygoms ir siekio i\u0161gelb\u0117ti knygas nuo likimo prie konteinerio. Kas vienam nereikalingas daiktas \u2013 kitam lobis, o mes esame tarpininkai, kurie padeda abiems tapti laimingesniems ???? \u017dinome kaip nelengva i\u0161gyventi ma\u017eiems verslams, tad nuo \u0161iol, \u010dia rasite ir kit\u0173, ma\u017e\u0173 \u0161eim\u0173 versl\u0173, rank\u0173 darbo, dovan\u0173 sau ir artimiesiems.","publisher":{"@id":"https:\/\/skaitytaknyga.lt\/#organization"},"potentialAction":[{"@type":"SearchAction","target":{"@type":"EntryPoint","urlTemplate":"https:\/\/skaitytaknyga.lt\/?s={search_term_string}"},"query-input":{"@type":"PropertyValueSpecification","valueRequired":true,"valueName":"search_term_string"}}],"inLanguage":"en-GB"},{"@type":"Organization","@id":"https:\/\/skaitytaknyga.lt\/#organization","name":"skaitytaknyga.lt","url":"https:\/\/skaitytaknyga.lt\/","logo":{"@type":"ImageObject","inLanguage":"en-GB","@id":"https:\/\/skaitytaknyga.lt\/#\/schema\/logo\/image\/","url":"https:\/\/skaitytaknyga.lt\/wp-content\/uploads\/2024\/05\/cropped-cropped-cropped-02_00843_jt3bggkj1j3HLc7SyY6rEUpg.jpeg","contentUrl":"https:\/\/skaitytaknyga.lt\/wp-content\/uploads\/2024\/05\/cropped-cropped-cropped-02_00843_jt3bggkj1j3HLc7SyY6rEUpg.jpeg","width":1600,"height":1600,"caption":"skaitytaknyga.lt"},"image":{"@id":"https:\/\/skaitytaknyga.lt\/#\/schema\/logo\/image\/"},"sameAs":["https:\/\/www.facebook.com\/skaitytaknyga\/"]}]}},"_links":{"self":[{"href":"https:\/\/skaitytaknyga.lt\/en\/wp-json\/wp\/v2\/product\/17709","targetHints":{"allow":["GET"]}}],"collection":[{"href":"https:\/\/skaitytaknyga.lt\/en\/wp-json\/wp\/v2\/product"}],"about":[{"href":"https:\/\/skaitytaknyga.lt\/en\/wp-json\/wp\/v2\/types\/product"}],"replies":[{"embeddable":true,"href":"https:\/\/skaitytaknyga.lt\/en\/wp-json\/wp\/v2\/comments?post=17709"}],"wp:featuredmedia":[{"embeddable":true,"href":"https:\/\/skaitytaknyga.lt\/en\/wp-json\/wp\/v2\/media\/17710"}],"wp:attachment":[{"href":"https:\/\/skaitytaknyga.lt\/en\/wp-json\/wp\/v2\/media?parent=17709"}],"wp:term":[{"taxonomy":"product_brand","embeddable":true,"href":"https:\/\/skaitytaknyga.lt\/en\/wp-json\/wp\/v2\/product_brand?post=17709"},{"taxonomy":"product_cat","embeddable":true,"href":"https:\/\/skaitytaknyga.lt\/en\/wp-json\/wp\/v2\/product_cat?post=17709"},{"taxonomy":"product_tag","embeddable":true,"href":"https:\/\/skaitytaknyga.lt\/en\/wp-json\/wp\/v2\/product_tag?post=17709"}],"curies":[{"name":"wp","href":"https:\/\/api.w.org\/{rel}","templated":true}]}}