{"id":17706,"date":"2025-04-11T09:38:25","date_gmt":"2025-04-11T06:38:25","guid":{"rendered":"https:\/\/skaitytaknyga.lt\/?post_type=product&#038;p=17706"},"modified":"2025-05-15T15:30:08","modified_gmt":"2025-05-15T12:30:08","slug":"mazo-miestelio-moterys","status":"publish","type":"product","link":"https:\/\/skaitytaknyga.lt\/en\/produktas\/mazo-miestelio-moterys\/","title":{"rendered":"Ma\u017eo miestelio moterys"},"content":{"rendered":"<p>Populiari airi\u0173 ra\u0161ytoja<strong>\u00a0Cathy Kelly<\/strong>\u00a0(Ket\u0117 Keli) visame pasaulyje skaitytoj\u0173 m\u0117gstama u\u017e optimizm\u0105, i\u0161mint\u012f, geb\u0117jim\u0105 sukurti jauki\u0105, \u0161ilt\u0105 atmosfer\u0105 ir pasakoti labai tikrovi\u0161kas bei \u012fkvepian\u010dias istorijas. Ra\u0161ytoja \u2013 puiki \u017emoni\u0173 psichologijos ir santyki\u0173 \u017einov\u0117. Jos knyg\u0173 persona\u017eams tenka susidurti su \u012fvairiais i\u0161bandymais, i\u0161spr\u0119sti daug keblum\u0173, i\u0161kylan\u010di\u0173 santykiuose su artimais \u017emon\u0117mis. Ta\u010diau ra\u0161ytoja teigia \u2013 viltis ir atkaklumas padeda rasti i\u0161eit\u012f net i\u0161 sud\u0117tingiausi\u0173 situacij\u0173.<\/p>\n<p>Gra\u017eiausius gyvenimo dalykus kartais atrandi tik nukryp\u0119s nuo \u012fprasto kelio&#8230;<\/p>\n<p>Airijoje \u012fsik\u016brusiame Redstono miestelyje gyventi gera \u2013 \u017emon\u0117s \u010dia draugi\u0161ki, pa\u017e\u012fsta vieni kitus, susitik\u0119 sveikinasi ir stabteli pasikalb\u0117ti arba linksmai \u0161urmuliuoja parduotuv\u0117l\u0117se ir jaukiose kavinuk\u0117se.<\/p>\n<p>Ta\u010diau gyvenimas ir \u010dia kartais pa\u017eeria i\u0161bandym\u0173&#8230;<\/p>\n<p>Fran\u010deska i\u0161gyvena, nes netik\u0117ti nesklandumai grasina atimti neseniai \u012fsigytus namus su did\u017eiuliu sodu ir sugriauti jos \u0161eimos laim\u0119. Ne viskas sklandu ir d\u0117l s\u016bnaus vestuvi\u0173 sunerimusios Opal\u0117s gyvenime. O prie\u0161 kelis m\u0117nesius miestelyje apsistojusi Peg\u0117, atrodyt\u0173, gal\u0117t\u0173 b\u016bti laiminga \u2013 ji \u012fgyvendino savo sen\u0105 svajon\u0119 ir sutiko \u017emog\u0173, kur\u012f gal\u0117t\u0173 pamilti. Ta\u010diau prisivijusi praeitis temdo ir jos laim\u0119.<\/p>\n<p>I\u0161 Australijos \u012f gimtin\u0119 sugr\u012f\u017eusi Lil\u0117 greitai susipa\u017e\u012fsta su miestelio gyventojais. \u0160ilta, s\u0105mojinga ir nepaprastai i\u0161mintinga moteris i\u0161kart supranta \u2013 ji yra ta atrama, kurios \u0161iuo metu taip reikia su sunkumais susid\u016brusioms miestelio moterims. Ir Lil\u0117 nusprend\u017eia \u2013 ji padarys visk\u0105, kad naujosios jos draug\u0117s v\u0117l i\u0161mokt\u0173 b\u016bti laimingos&#8230;<\/p>\n<ul class=\"about-product d-none d-xl-block mt-4\">\n<li><strong>Originalus pavadinimas:<\/strong>\u00a0The Honey Queen<\/li>\n<li><strong>Autorius:<\/strong>\u00a0Cathy Kelly<\/li>\n<li><strong>Leid\u0117jas:<\/strong>\u00a0Alma littera<\/li>\n<li><strong>Metai:<\/strong>\u00a02014<\/li>\n<li><strong>Puslapiai:<\/strong>\u00a0424<\/li>\n<li class=\"toggleable type-new-formats \"><strong>ISBN:<\/strong>\u00a09786090114193<\/li>\n<li><strong>Versijos kodas:<\/strong>\u00a0PT.<\/li>\n<li class=\"toggleable type-new-formats \"><strong>Formatas:<\/strong>\u00a015 x 24 cm, kieti vir\u0161eliai<\/li>\n<li><strong>Kalba:<\/strong>\u00a0Lietuvi\u0173<\/li>\n<li><strong>Vert\u0117jas:<\/strong>\u00a0Vita \u0160ileikien\u0117<\/li>\n<\/ul>\n","protected":false},"excerpt":{"rendered":"<p>Populiari airi\u0173 ra\u0161ytoja\u00a0Cathy Kelly\u00a0(Ket\u0117 Keli) visame pasaulyje skaitytoj\u0173 m\u0117gstama u\u017e optimizm\u0105, i\u0161mint\u012f, geb\u0117jim\u0105 sukurti jauki\u0105, \u0161ilt\u0105 atmosfer\u0105 ir pasakoti labai tikrovi\u0161kas bei \u012fkvepian\u010dias istorijas. Ra\u0161ytoja \u2013 puiki \u017emoni\u0173 psichologijos ir santyki\u0173 \u017einov\u0117. Jos knyg\u0173 persona\u017eams tenka susidurti su \u012fvairiais i\u0161bandymais, i\u0161spr\u0119sti daug keblum\u0173, i\u0161kylan\u010di\u0173 santykiuose su artimais \u017emon\u0117mis. Ta\u010diau ra\u0161ytoja teigia \u2013 viltis ir atkaklumas padeda rasti i\u0161eit\u012f net i\u0161 sud\u0117tingiausi\u0173 situacij\u0173. Gra\u017eiausius gyvenimo dalykus kartais atrandi tik nukryp\u0119s nuo \u012fprasto kelio&#8230; Airijoje \u012fsik\u016brusiame Redstono miestelyje gyventi gera \u2013 \u017emon\u0117s \u010dia draugi\u0161ki, pa\u017e\u012fsta vieni kitus, susitik\u0119 sveikinasi ir stabteli pasikalb\u0117ti arba linksmai \u0161urmuliuoja parduotuv\u0117l\u0117se ir jaukiose kavinuk\u0117se. Ta\u010diau gyvenimas ir \u010dia kartais pa\u017eeria i\u0161bandym\u0173&#8230; Fran\u010deska i\u0161gyvena, nes netik\u0117ti nesklandumai grasina atimti neseniai \u012fsigytus namus su did\u017eiuliu sodu ir sugriauti jos \u0161eimos laim\u0119. Ne viskas sklandu ir d\u0117l s\u016bnaus vestuvi\u0173 sunerimusios Opal\u0117s gyvenime. O prie\u0161 kelis m\u0117nesius miestelyje apsistojusi Peg\u0117, atrodyt\u0173, gal\u0117t\u0173 b\u016bti laiminga \u2013 ji \u012fgyvendino savo sen\u0105 svajon\u0119 ir sutiko \u017emog\u0173, kur\u012f gal\u0117t\u0173 pamilti. Ta\u010diau prisivijusi praeitis temdo ir jos laim\u0119. I\u0161 Australijos \u012f gimtin\u0119 sugr\u012f\u017eusi Lil\u0117 greitai susipa\u017e\u012fsta su miestelio gyventojais. \u0160ilta, s\u0105mojinga ir nepaprastai i\u0161mintinga moteris i\u0161kart supranta \u2013 ji yra ta atrama, kurios \u0161iuo metu taip reikia su sunkumais susid\u016brusioms miestelio moterims. Ir Lil\u0117 nusprend\u017eia \u2013 ji padarys visk\u0105, kad naujosios jos draug\u0117s v\u0117l i\u0161mokt\u0173 b\u016bti laimingos&#8230; Originalus pavadinimas:\u00a0The Honey Queen Autorius:\u00a0Cathy Kelly Leid\u0117jas:\u00a0Alma littera Metai:\u00a02014 Puslapiai:\u00a0424 ISBN:\u00a09786090114193 Versijos kodas:\u00a0PT. Formatas:\u00a015 x 24 cm, kieti vir\u0161eliai Kalba:\u00a0Lietuvi\u0173 Vert\u0117jas:\u00a0Vita \u0160ileikien\u0117<\/p>\n","protected":false},"featured_media":17707,"comment_status":"open","ping_status":"closed","template":"","meta":{"_acf_changed":false,"site-sidebar-layout":"default","site-content-layout":"","ast-site-content-layout":"default","site-content-style":"default","site-sidebar-style":"default","ast-global-header-display":"","ast-banner-title-visibility":"","ast-main-header-display":"","ast-hfb-above-header-display":"","ast-hfb-below-header-display":"","ast-hfb-mobile-header-display":"","site-post-title":"","ast-breadcrumbs-content":"","ast-featured-img":"","footer-sml-layout":"","ast-disable-related-posts":"","theme-transparent-header-meta":"default","adv-header-id-meta":"","stick-header-meta":"","header-above-stick-meta":"","header-main-stick-meta":"","header-below-stick-meta":"","astra-migrate-meta-layouts":"set","ast-page-background-enabled":"default","ast-page-background-meta":{"desktop":{"background-color":"","background-image":"","background-repeat":"repeat","background-position":"center center","background-size":"auto","background-attachment":"scroll","background-type":"","background-media":"","overlay-type":"","overlay-color":"","overlay-opacity":"","overlay-gradient":""},"tablet":{"background-color":"","background-image":"","background-repeat":"repeat","background-position":"center center","background-size":"auto","background-attachment":"scroll","background-type":"","background-media":"","overlay-type":"","overlay-color":"","overlay-opacity":"","overlay-gradient":""},"mobile":{"background-color":"","background-image":"","background-repeat":"repeat","background-position":"center center","background-size":"auto","background-attachment":"scroll","background-type":"","background-media":"","overlay-type":"","overlay-color":"","overlay-opacity":"","overlay-gradient":""}},"ast-content-background-meta":{"desktop":{"background-color":"var(--ast-global-color-4)","background-image":"","background-repeat":"repeat","background-position":"center center","background-size":"auto","background-attachment":"scroll","background-type":"","background-media":"","overlay-type":"","overlay-color":"","overlay-opacity":"","overlay-gradient":""},"tablet":{"background-color":"var(--ast-global-color-4)","background-image":"","background-repeat":"repeat","background-position":"center center","background-size":"auto","background-attachment":"scroll","background-type":"","background-media":"","overlay-type":"","overlay-color":"","overlay-opacity":"","overlay-gradient":""},"mobile":{"background-color":"var(--ast-global-color-4)","background-image":"","background-repeat":"repeat","background-position":"center center","background-size":"auto","background-attachment":"scroll","background-type":"","background-media":"","overlay-type":"","overlay-color":"","overlay-opacity":"","overlay-gradient":""}}},"product_brand":[],"product_cat":[31,15],"product_tag":[3707,1453,3709,3708,1745,1417,1646],"class_list":{"0":"post-17706","1":"product","2":"type-product","3":"status-publish","4":"has-post-thumbnail","6":"product_cat-grozine-literatura","7":"product_cat-uncategorized","8":"product_tag-cathy-kelly","9":"product_tag-grozine-literatura","10":"product_tag-ikvepianti","11":"product_tag-optimistiska","12":"product_tag-romanas","13":"product_tag-santykiai","14":"product_tag-seima","15":"desktop-align-left","16":"tablet-align-left","17":"mobile-align-left","19":"first","20":"instock","21":"shipping-taxable","22":"purchasable","23":"product-type-simple"},"acf":[],"yoast_head":"<!-- This site is optimized with the Yoast SEO plugin v27.0 - https:\/\/yoast.com\/product\/yoast-seo-wordpress\/ -->\n<title>Ma\u017eo miestelio moterys<\/title>\n<meta name=\"description\" content=\"Populiari airi\u0173 ra\u0161ytoja\u00a0Cathy Kelly\u00a0(Ket\u0117 Keli) visame pasaulyje skaitytoj\u0173 m\u0117gstama u\u017e optimizm\u0105, i\u0161mint\u012f, geb\u0117jim\u0105 sukurti jauki\u0105, \u0161ilt\u0105 atmosfer\u0105 ir\" \/>\n<meta name=\"robots\" content=\"index, follow, max-snippet:-1, max-image-preview:large, max-video-preview:-1\" \/>\n<link rel=\"canonical\" href=\"https:\/\/skaitytaknyga.lt\/en\/produktas\/mazo-miestelio-moterys\/\" \/>\n<meta property=\"og:locale\" content=\"en_GB\" \/>\n<meta property=\"og:locale:alternate\" content=\"lt_LT\" \/>\n<meta property=\"og:type\" content=\"article\" \/>\n<meta property=\"og:title\" content=\"Ma\u017eo miestelio moterys\" \/>\n<meta property=\"og:description\" content=\"Populiari airi\u0173 ra\u0161ytoja\u00a0Cathy Kelly\u00a0(Ket\u0117 Keli) visame pasaulyje skaitytoj\u0173 m\u0117gstama u\u017e optimizm\u0105, i\u0161mint\u012f, geb\u0117jim\u0105 sukurti jauki\u0105, \u0161ilt\u0105 atmosfer\u0105 ir\" \/>\n<meta property=\"og:url\" content=\"https:\/\/skaitytaknyga.lt\/en\/produktas\/mazo-miestelio-moterys\/\" \/>\n<meta property=\"og:site_name\" content=\"Skaitytaknyga\" \/>\n<meta property=\"article:publisher\" content=\"https:\/\/www.facebook.com\/skaitytaknyga\/\" \/>\n<meta property=\"article:modified_time\" content=\"2025-05-15T12:30:08+00:00\" \/>\n<meta property=\"og:image\" content=\"https:\/\/skaitytaknyga.lt\/wp-content\/uploads\/2025\/04\/Mazo-miestelio-moterys.webp\" \/>\n\t<meta property=\"og:image:width\" content=\"458\" \/>\n\t<meta property=\"og:image:height\" content=\"750\" \/>\n\t<meta property=\"og:image:type\" content=\"image\/webp\" \/>\n<meta name=\"twitter:card\" content=\"summary_large_image\" \/>\n<meta name=\"twitter:label1\" content=\"Estimated reading time\" \/>\n\t<meta name=\"twitter:data1\" content=\"2 minutes\" \/>\n<script type=\"application\/ld+json\" class=\"yoast-schema-graph\">{\"@context\":\"https:\/\/schema.org\",\"@graph\":[{\"@type\":\"WebPage\",\"@id\":\"https:\/\/skaitytaknyga.lt\/produktas\/mazo-miestelio-moterys\/\",\"url\":\"https:\/\/skaitytaknyga.lt\/produktas\/mazo-miestelio-moterys\/\",\"name\":\"Ma\u017eo miestelio moterys\",\"isPartOf\":{\"@id\":\"https:\/\/skaitytaknyga.lt\/#website\"},\"primaryImageOfPage\":{\"@id\":\"https:\/\/skaitytaknyga.lt\/produktas\/mazo-miestelio-moterys\/#primaryimage\"},\"image\":{\"@id\":\"https:\/\/skaitytaknyga.lt\/produktas\/mazo-miestelio-moterys\/#primaryimage\"},\"thumbnailUrl\":\"https:\/\/skaitytaknyga.lt\/wp-content\/uploads\/2025\/04\/Mazo-miestelio-moterys.webp\",\"datePublished\":\"2025-04-11T06:38:25+00:00\",\"dateModified\":\"2025-05-15T12:30:08+00:00\",\"description\":\"Populiari airi\u0173 ra\u0161ytoja\u00a0Cathy Kelly\u00a0(Ket\u0117 Keli) visame pasaulyje skaitytoj\u0173 m\u0117gstama u\u017e optimizm\u0105, i\u0161mint\u012f, geb\u0117jim\u0105 sukurti jauki\u0105, \u0161ilt\u0105 atmosfer\u0105 ir\",\"breadcrumb\":{\"@id\":\"https:\/\/skaitytaknyga.lt\/produktas\/mazo-miestelio-moterys\/#breadcrumb\"},\"inLanguage\":\"en-GB\",\"potentialAction\":[{\"@type\":\"ReadAction\",\"target\":[\"https:\/\/skaitytaknyga.lt\/produktas\/mazo-miestelio-moterys\/\"]}]},{\"@type\":\"ImageObject\",\"inLanguage\":\"en-GB\",\"@id\":\"https:\/\/skaitytaknyga.lt\/produktas\/mazo-miestelio-moterys\/#primaryimage\",\"url\":\"https:\/\/skaitytaknyga.lt\/wp-content\/uploads\/2025\/04\/Mazo-miestelio-moterys.webp\",\"contentUrl\":\"https:\/\/skaitytaknyga.lt\/wp-content\/uploads\/2025\/04\/Mazo-miestelio-moterys.webp\",\"width\":458,\"height\":750,\"caption\":\"Ma\u017eo miestelio moterys\"},{\"@type\":\"BreadcrumbList\",\"@id\":\"https:\/\/skaitytaknyga.lt\/produktas\/mazo-miestelio-moterys\/#breadcrumb\",\"itemListElement\":[{\"@type\":\"ListItem\",\"position\":1,\"name\":\"Home\",\"item\":\"https:\/\/skaitytaknyga.lt\/\"},{\"@type\":\"ListItem\",\"position\":2,\"name\":\"Parduotuv\u0117\",\"item\":\"https:\/\/skaitytaknyga.lt\/knygu-parduotuve\/\"},{\"@type\":\"ListItem\",\"position\":3,\"name\":\"Ma\u017eo miestelio moterys\"}]},{\"@type\":\"WebSite\",\"@id\":\"https:\/\/skaitytaknyga.lt\/#website\",\"url\":\"https:\/\/skaitytaknyga.lt\/\",\"name\":\"skaitytaknyga.lt\",\"description\":\"Skaitytaknyga.lt \u2013 tai ma\u017eas \u0161eimos verslas, kuris prasid\u0117jo nuo meil\u0117s knygoms ir siekio i\u0161gelb\u0117ti knygas nuo likimo prie konteinerio. Kas vienam nereikalingas daiktas \u2013 kitam lobis, o mes esame tarpininkai, kurie padeda abiems tapti laimingesniems ???? \u017dinome kaip nelengva i\u0161gyventi ma\u017eiems verslams, tad nuo \u0161iol, \u010dia rasite ir kit\u0173, ma\u017e\u0173 \u0161eim\u0173 versl\u0173, rank\u0173 darbo, dovan\u0173 sau ir artimiesiems.\",\"publisher\":{\"@id\":\"https:\/\/skaitytaknyga.lt\/#organization\"},\"potentialAction\":[{\"@type\":\"SearchAction\",\"target\":{\"@type\":\"EntryPoint\",\"urlTemplate\":\"https:\/\/skaitytaknyga.lt\/?s={search_term_string}\"},\"query-input\":{\"@type\":\"PropertyValueSpecification\",\"valueRequired\":true,\"valueName\":\"search_term_string\"}}],\"inLanguage\":\"en-GB\"},{\"@type\":\"Organization\",\"@id\":\"https:\/\/skaitytaknyga.lt\/#organization\",\"name\":\"skaitytaknyga.lt\",\"url\":\"https:\/\/skaitytaknyga.lt\/\",\"logo\":{\"@type\":\"ImageObject\",\"inLanguage\":\"en-GB\",\"@id\":\"https:\/\/skaitytaknyga.lt\/#\/schema\/logo\/image\/\",\"url\":\"https:\/\/skaitytaknyga.lt\/wp-content\/uploads\/2024\/05\/cropped-cropped-cropped-02_00843_jt3bggkj1j3HLc7SyY6rEUpg.jpeg\",\"contentUrl\":\"https:\/\/skaitytaknyga.lt\/wp-content\/uploads\/2024\/05\/cropped-cropped-cropped-02_00843_jt3bggkj1j3HLc7SyY6rEUpg.jpeg\",\"width\":1600,\"height\":1600,\"caption\":\"skaitytaknyga.lt\"},\"image\":{\"@id\":\"https:\/\/skaitytaknyga.lt\/#\/schema\/logo\/image\/\"},\"sameAs\":[\"https:\/\/www.facebook.com\/skaitytaknyga\/\"]}]}<\/script>\n<!-- \/ Yoast SEO plugin. -->","yoast_head_json":{"title":"Ma\u017eo miestelio moterys","description":"Populiari airi\u0173 ra\u0161ytoja\u00a0Cathy Kelly\u00a0(Ket\u0117 Keli) visame pasaulyje skaitytoj\u0173 m\u0117gstama u\u017e optimizm\u0105, i\u0161mint\u012f, geb\u0117jim\u0105 sukurti jauki\u0105, \u0161ilt\u0105 atmosfer\u0105 ir","robots":{"index":"index","follow":"follow","max-snippet":"max-snippet:-1","max-image-preview":"max-image-preview:large","max-video-preview":"max-video-preview:-1"},"canonical":"https:\/\/skaitytaknyga.lt\/en\/produktas\/mazo-miestelio-moterys\/","og_locale":"en_GB","og_type":"article","og_title":"[:lt]Ma\u017eo miestelio moterys[:] - Skaitytaknyga","og_description":"Populiari airi\u0173 ra\u0161ytoja\u00a0Cathy Kelly\u00a0(Ket\u0117 Keli) visame pasaulyje skaitytoj\u0173 m\u0117gstama u\u017e optimizm\u0105, i\u0161mint\u012f, geb\u0117jim\u0105 sukurti jauki\u0105, \u0161ilt\u0105 atmosfer\u0105 ir","og_url":"https:\/\/skaitytaknyga.lt\/en\/produktas\/mazo-miestelio-moterys\/","og_site_name":"Skaitytaknyga","article_publisher":"https:\/\/www.facebook.com\/skaitytaknyga\/","article_modified_time":"2025-05-15T12:30:08+00:00","og_image":[{"width":458,"height":750,"url":"https:\/\/skaitytaknyga.lt\/wp-content\/uploads\/2025\/04\/Mazo-miestelio-moterys.webp","type":"image\/webp"}],"twitter_card":"summary_large_image","twitter_misc":{"Estimated reading time":"2 minutes"},"schema":{"@context":"https:\/\/schema.org","@graph":[{"@type":"WebPage","@id":"https:\/\/skaitytaknyga.lt\/produktas\/mazo-miestelio-moterys\/","url":"https:\/\/skaitytaknyga.lt\/produktas\/mazo-miestelio-moterys\/","name":"Ma\u017eo miestelio moterys","isPartOf":{"@id":"https:\/\/skaitytaknyga.lt\/#website"},"primaryImageOfPage":{"@id":"https:\/\/skaitytaknyga.lt\/produktas\/mazo-miestelio-moterys\/#primaryimage"},"image":{"@id":"https:\/\/skaitytaknyga.lt\/produktas\/mazo-miestelio-moterys\/#primaryimage"},"thumbnailUrl":"https:\/\/skaitytaknyga.lt\/wp-content\/uploads\/2025\/04\/Mazo-miestelio-moterys.webp","datePublished":"2025-04-11T06:38:25+00:00","dateModified":"2025-05-15T12:30:08+00:00","description":"Populiari airi\u0173 ra\u0161ytoja\u00a0Cathy Kelly\u00a0(Ket\u0117 Keli) visame pasaulyje skaitytoj\u0173 m\u0117gstama u\u017e optimizm\u0105, i\u0161mint\u012f, geb\u0117jim\u0105 sukurti jauki\u0105, \u0161ilt\u0105 atmosfer\u0105 ir","breadcrumb":{"@id":"https:\/\/skaitytaknyga.lt\/produktas\/mazo-miestelio-moterys\/#breadcrumb"},"inLanguage":"en-GB","potentialAction":[{"@type":"ReadAction","target":["https:\/\/skaitytaknyga.lt\/produktas\/mazo-miestelio-moterys\/"]}]},{"@type":"ImageObject","inLanguage":"en-GB","@id":"https:\/\/skaitytaknyga.lt\/produktas\/mazo-miestelio-moterys\/#primaryimage","url":"https:\/\/skaitytaknyga.lt\/wp-content\/uploads\/2025\/04\/Mazo-miestelio-moterys.webp","contentUrl":"https:\/\/skaitytaknyga.lt\/wp-content\/uploads\/2025\/04\/Mazo-miestelio-moterys.webp","width":458,"height":750,"caption":"Ma\u017eo miestelio moterys"},{"@type":"BreadcrumbList","@id":"https:\/\/skaitytaknyga.lt\/produktas\/mazo-miestelio-moterys\/#breadcrumb","itemListElement":[{"@type":"ListItem","position":1,"name":"Home","item":"https:\/\/skaitytaknyga.lt\/"},{"@type":"ListItem","position":2,"name":"Parduotuv\u0117","item":"https:\/\/skaitytaknyga.lt\/knygu-parduotuve\/"},{"@type":"ListItem","position":3,"name":"Ma\u017eo miestelio moterys"}]},{"@type":"WebSite","@id":"https:\/\/skaitytaknyga.lt\/#website","url":"https:\/\/skaitytaknyga.lt\/","name":"skaitytaknyga.lt","description":"Skaitytaknyga.lt \u2013 tai ma\u017eas \u0161eimos verslas, kuris prasid\u0117jo nuo meil\u0117s knygoms ir siekio i\u0161gelb\u0117ti knygas nuo likimo prie konteinerio. Kas vienam nereikalingas daiktas \u2013 kitam lobis, o mes esame tarpininkai, kurie padeda abiems tapti laimingesniems ???? \u017dinome kaip nelengva i\u0161gyventi ma\u017eiems verslams, tad nuo \u0161iol, \u010dia rasite ir kit\u0173, ma\u017e\u0173 \u0161eim\u0173 versl\u0173, rank\u0173 darbo, dovan\u0173 sau ir artimiesiems.","publisher":{"@id":"https:\/\/skaitytaknyga.lt\/#organization"},"potentialAction":[{"@type":"SearchAction","target":{"@type":"EntryPoint","urlTemplate":"https:\/\/skaitytaknyga.lt\/?s={search_term_string}"},"query-input":{"@type":"PropertyValueSpecification","valueRequired":true,"valueName":"search_term_string"}}],"inLanguage":"en-GB"},{"@type":"Organization","@id":"https:\/\/skaitytaknyga.lt\/#organization","name":"skaitytaknyga.lt","url":"https:\/\/skaitytaknyga.lt\/","logo":{"@type":"ImageObject","inLanguage":"en-GB","@id":"https:\/\/skaitytaknyga.lt\/#\/schema\/logo\/image\/","url":"https:\/\/skaitytaknyga.lt\/wp-content\/uploads\/2024\/05\/cropped-cropped-cropped-02_00843_jt3bggkj1j3HLc7SyY6rEUpg.jpeg","contentUrl":"https:\/\/skaitytaknyga.lt\/wp-content\/uploads\/2024\/05\/cropped-cropped-cropped-02_00843_jt3bggkj1j3HLc7SyY6rEUpg.jpeg","width":1600,"height":1600,"caption":"skaitytaknyga.lt"},"image":{"@id":"https:\/\/skaitytaknyga.lt\/#\/schema\/logo\/image\/"},"sameAs":["https:\/\/www.facebook.com\/skaitytaknyga\/"]}]}},"_links":{"self":[{"href":"https:\/\/skaitytaknyga.lt\/en\/wp-json\/wp\/v2\/product\/17706","targetHints":{"allow":["GET"]}}],"collection":[{"href":"https:\/\/skaitytaknyga.lt\/en\/wp-json\/wp\/v2\/product"}],"about":[{"href":"https:\/\/skaitytaknyga.lt\/en\/wp-json\/wp\/v2\/types\/product"}],"replies":[{"embeddable":true,"href":"https:\/\/skaitytaknyga.lt\/en\/wp-json\/wp\/v2\/comments?post=17706"}],"wp:featuredmedia":[{"embeddable":true,"href":"https:\/\/skaitytaknyga.lt\/en\/wp-json\/wp\/v2\/media\/17707"}],"wp:attachment":[{"href":"https:\/\/skaitytaknyga.lt\/en\/wp-json\/wp\/v2\/media?parent=17706"}],"wp:term":[{"taxonomy":"product_brand","embeddable":true,"href":"https:\/\/skaitytaknyga.lt\/en\/wp-json\/wp\/v2\/product_brand?post=17706"},{"taxonomy":"product_cat","embeddable":true,"href":"https:\/\/skaitytaknyga.lt\/en\/wp-json\/wp\/v2\/product_cat?post=17706"},{"taxonomy":"product_tag","embeddable":true,"href":"https:\/\/skaitytaknyga.lt\/en\/wp-json\/wp\/v2\/product_tag?post=17706"}],"curies":[{"name":"wp","href":"https:\/\/api.w.org\/{rel}","templated":true}]}}