{"id":17704,"date":"2025-04-11T09:11:07","date_gmt":"2025-04-11T06:11:07","guid":{"rendered":"https:\/\/skaitytaknyga.lt\/?post_type=product&#038;p=17704"},"modified":"2025-05-15T15:30:08","modified_gmt":"2025-05-15T12:30:08","slug":"sofi-pasirinkimas","status":"publish","type":"product","link":"https:\/\/skaitytaknyga.lt\/en\/produktas\/sofi-pasirinkimas\/","title":{"rendered":"Sofi pasirinkimas"},"content":{"rendered":"<p><b>&#8220;Sofi pasirinkimas&#8221;<\/b>\u00a0&#8211; tai did\u017eiausias ir \u012fsp\u016bdingiausias W. Styrono romanas.<br \/>\nBeproti\u0161kos \u012ftampos sklidinas pasakojimas nukelia \u012f prie\u0161kario Lenkij\u0105, Antrojo pasaulinio karo met\u0173 Krokuv\u0105 ir Var\u0161uv\u0105. Knygos heroj\u0117s Sofi lemtingasis pasirinkimas \u2013 baisioji jos paslaptis. I\u0161likusi gyva, kankinama kalt\u0117s, 1947 m. Sofi atsiduria Niujorke, \u010dia sutinka savo gelb\u0117toj\u0105 ir pikt\u0105j\u012f demon\u0105 Natan\u0105. J\u0173 liguist\u0105, bevilti\u0161k\u0105 meil\u0119 iki pat atomazgos stebi ir apra\u0161o bi\u010diulis Stingas, pradedantysis ra\u0161ytojas, jaunatvi\u0161kai \u012fsimyl\u0117j\u0119s Sofi.<\/p>\n<p>Ra\u0161ytojas talentingai susieja subtili\u0105 psichologin\u0119 individo dram\u0105 su pasaulio tragizmu ir dar kart\u0105 \u012frodo, jog \u201eabsoliutus blogis yra nei\u0161naikinamas\u201c. Knygos \u012ftaigum\u0105 sustiprina tai, jog autorius pa\u017einojo Sofi prototip\u0105. Beje, 1980 m. Lenkijoje romanas buvo u\u017edraustas.<\/p>\n<p>Williamas Styronas (1925\u20132006) \u2013 XX a. amerikie\u010di\u0173 literat\u016bros klasikas. Jo k\u016bryba \u2013 tai nuolatin\u0117 akistata ir kova su depresija. Jo romanai kalba apie tai, kaip, susid\u016brus su pasaulio siaubu, prarandamas sielos nekaltumas. Ra\u0161ytojas analizuoja blog\u012f, jo aspektus ir aprai\u0161kas, m\u0105sto apie tai, kod\u0117l \u017emon\u0117s piktd\u017eiugi\u0161kai kenkia ir naikina vieni kitus. Kalta visuomen\u0117s sankloda ar netobula \u017emogaus prigimtis?<br \/>\nSvarbiausi Styrono romanai \u2013 \u201eIr padeg\u0117 \u0161iuos namus\u201c (liet. k. 2004, \u201eAlma littera\u201c), \u201eSofi pasirinkimas\u201c (liet. k. 2002, \u201eAlma littera\u201c).<br \/>\nW. Styrono k\u016bryba \u2013 tai ir JAV Piet\u0173 balsas, stilistika ir u\u017emoju primenantis jo gars\u0173j\u012f kra\u0161tiet\u012f W.Faulkner\u012f, nes abu vis d\u0117lto tiki \u017emogaus dvasios stiprybe.<\/p>\n<p>Pavadinimas originalo kalba: Sophie&#8217;s Choice<br \/>\nAutorius: William Styron<br \/>\nLeid\u0117jas: Alma littera<br \/>\nI\u0161leidimo metai: 2013<br \/>\nKnygos puslapi\u0173 skai\u010dius: 592<br \/>\nFormatas: 14&#215;24, kieti vir\u0161eliai<br \/>\nISBN ar kodas: 9786090110195<\/p>\n","protected":false},"excerpt":{"rendered":"<p>&#8220;Sofi pasirinkimas&#8221;\u00a0&#8211; tai did\u017eiausias ir \u012fsp\u016bdingiausias W. Styrono romanas. Beproti\u0161kos \u012ftampos sklidinas pasakojimas nukelia \u012f prie\u0161kario Lenkij\u0105, Antrojo pasaulinio karo met\u0173 Krokuv\u0105 ir Var\u0161uv\u0105. Knygos heroj\u0117s Sofi lemtingasis pasirinkimas \u2013 baisioji jos paslaptis. I\u0161likusi gyva, kankinama kalt\u0117s, 1947 m. Sofi atsiduria Niujorke, \u010dia sutinka savo gelb\u0117toj\u0105 ir pikt\u0105j\u012f demon\u0105 Natan\u0105. J\u0173 liguist\u0105, bevilti\u0161k\u0105 meil\u0119 iki pat atomazgos stebi ir apra\u0161o bi\u010diulis Stingas, pradedantysis ra\u0161ytojas, jaunatvi\u0161kai \u012fsimyl\u0117j\u0119s Sofi. Ra\u0161ytojas talentingai susieja subtili\u0105 psichologin\u0119 individo dram\u0105 su pasaulio tragizmu ir dar kart\u0105 \u012frodo, jog \u201eabsoliutus blogis yra nei\u0161naikinamas\u201c. Knygos \u012ftaigum\u0105 sustiprina tai, jog autorius pa\u017einojo Sofi prototip\u0105. Beje, 1980 m. Lenkijoje romanas buvo u\u017edraustas. Williamas Styronas (1925\u20132006) \u2013 XX a. amerikie\u010di\u0173 literat\u016bros klasikas. Jo k\u016bryba \u2013 tai nuolatin\u0117 akistata ir kova su depresija. Jo romanai kalba apie tai, kaip, susid\u016brus su pasaulio siaubu, prarandamas sielos nekaltumas. Ra\u0161ytojas analizuoja blog\u012f, jo aspektus ir aprai\u0161kas, m\u0105sto apie tai, kod\u0117l \u017emon\u0117s piktd\u017eiugi\u0161kai kenkia ir naikina vieni kitus. Kalta visuomen\u0117s sankloda ar netobula \u017emogaus prigimtis? Svarbiausi Styrono romanai \u2013 \u201eIr padeg\u0117 \u0161iuos namus\u201c (liet. k. 2004, \u201eAlma littera\u201c), \u201eSofi pasirinkimas\u201c (liet. k. 2002, \u201eAlma littera\u201c). W. Styrono k\u016bryba \u2013 tai ir JAV Piet\u0173 balsas, stilistika ir u\u017emoju primenantis jo gars\u0173j\u012f kra\u0161tiet\u012f W.Faulkner\u012f, nes abu vis d\u0117lto tiki \u017emogaus dvasios stiprybe. Pavadinimas originalo kalba: Sophie&#8217;s Choice Autorius: William Styron Leid\u0117jas: Alma littera I\u0161leidimo metai: 2013 Knygos puslapi\u0173 skai\u010dius: 592 Formatas: 14&#215;24, kieti vir\u0161eliai ISBN ar kodas: 9786090110195<\/p>\n","protected":false},"featured_media":17705,"comment_status":"open","ping_status":"closed","template":"","meta":{"_acf_changed":false,"site-sidebar-layout":"default","site-content-layout":"","ast-site-content-layout":"default","site-content-style":"default","site-sidebar-style":"default","ast-global-header-display":"","ast-banner-title-visibility":"","ast-main-header-display":"","ast-hfb-above-header-display":"","ast-hfb-below-header-display":"","ast-hfb-mobile-header-display":"","site-post-title":"","ast-breadcrumbs-content":"","ast-featured-img":"","footer-sml-layout":"","ast-disable-related-posts":"","theme-transparent-header-meta":"default","adv-header-id-meta":"","stick-header-meta":"","header-above-stick-meta":"","header-main-stick-meta":"","header-below-stick-meta":"","astra-migrate-meta-layouts":"set","ast-page-background-enabled":"default","ast-page-background-meta":{"desktop":{"background-color":"","background-image":"","background-repeat":"repeat","background-position":"center center","background-size":"auto","background-attachment":"scroll","background-type":"","background-media":"","overlay-type":"","overlay-color":"","overlay-opacity":"","overlay-gradient":""},"tablet":{"background-color":"","background-image":"","background-repeat":"repeat","background-position":"center center","background-size":"auto","background-attachment":"scroll","background-type":"","background-media":"","overlay-type":"","overlay-color":"","overlay-opacity":"","overlay-gradient":""},"mobile":{"background-color":"","background-image":"","background-repeat":"repeat","background-position":"center center","background-size":"auto","background-attachment":"scroll","background-type":"","background-media":"","overlay-type":"","overlay-color":"","overlay-opacity":"","overlay-gradient":""}},"ast-content-background-meta":{"desktop":{"background-color":"var(--ast-global-color-4)","background-image":"","background-repeat":"repeat","background-position":"center center","background-size":"auto","background-attachment":"scroll","background-type":"","background-media":"","overlay-type":"","overlay-color":"","overlay-opacity":"","overlay-gradient":""},"tablet":{"background-color":"var(--ast-global-color-4)","background-image":"","background-repeat":"repeat","background-position":"center center","background-size":"auto","background-attachment":"scroll","background-type":"","background-media":"","overlay-type":"","overlay-color":"","overlay-opacity":"","overlay-gradient":""},"mobile":{"background-color":"var(--ast-global-color-4)","background-image":"","background-repeat":"repeat","background-position":"center center","background-size":"auto","background-attachment":"scroll","background-type":"","background-media":"","overlay-type":"","overlay-color":"","overlay-opacity":"","overlay-gradient":""}}},"product_brand":[],"product_cat":[31,15],"product_tag":[2901,3705,3533,1796,3704,3703],"class_list":{"0":"post-17704","1":"product","2":"type-product","3":"status-publish","4":"has-post-thumbnail","6":"product_cat-grozine-literatura","7":"product_cat-uncategorized","8":"product_tag-drama","9":"product_tag-holokaustas","10":"product_tag-istorinis","11":"product_tag-meile","12":"product_tag-psichologinis","13":"product_tag-william-styron","14":"desktop-align-left","15":"tablet-align-left","16":"mobile-align-left","18":"first","19":"instock","20":"shipping-taxable","21":"purchasable","22":"product-type-simple"},"acf":[],"yoast_head":"<!-- This site is optimized with the Yoast SEO plugin v27.0 - https:\/\/yoast.com\/product\/yoast-seo-wordpress\/ -->\n<title>Sofi pasirinkimas<\/title>\n<meta name=\"description\" content=\"&quot;Sofi pasirinkimas&quot;\u00a0- tai did\u017eiausias ir \u012fsp\u016bdingiausias W. Styrono romanas. Beproti\u0161kos \u012ftampos sklidinas pasakojimas nukelia \u012f prie\u0161kario Lenkij\u0105,\" \/>\n<meta name=\"robots\" content=\"index, follow, max-snippet:-1, max-image-preview:large, max-video-preview:-1\" \/>\n<link rel=\"canonical\" href=\"https:\/\/skaitytaknyga.lt\/en\/produktas\/sofi-pasirinkimas\/\" \/>\n<meta property=\"og:locale\" content=\"en_GB\" \/>\n<meta property=\"og:locale:alternate\" content=\"lt_LT\" \/>\n<meta property=\"og:type\" content=\"article\" \/>\n<meta property=\"og:title\" content=\"Sofi pasirinkimas\" \/>\n<meta property=\"og:description\" content=\"&quot;Sofi pasirinkimas&quot;\u00a0- tai did\u017eiausias ir \u012fsp\u016bdingiausias W. Styrono romanas. Beproti\u0161kos \u012ftampos sklidinas pasakojimas nukelia \u012f prie\u0161kario Lenkij\u0105,\" \/>\n<meta property=\"og:url\" content=\"https:\/\/skaitytaknyga.lt\/en\/produktas\/sofi-pasirinkimas\/\" \/>\n<meta property=\"og:site_name\" content=\"Skaitytaknyga\" \/>\n<meta property=\"article:publisher\" content=\"https:\/\/www.facebook.com\/skaitytaknyga\/\" \/>\n<meta property=\"article:modified_time\" content=\"2025-05-15T12:30:08+00:00\" \/>\n<meta property=\"og:image\" content=\"https:\/\/skaitytaknyga.lt\/wp-content\/uploads\/2025\/04\/Sofi-pasirinkimas.jpg\" \/>\n\t<meta property=\"og:image:width\" content=\"275\" \/>\n\t<meta property=\"og:image:height\" content=\"450\" \/>\n\t<meta property=\"og:image:type\" content=\"image\/jpeg\" \/>\n<meta name=\"twitter:card\" content=\"summary_large_image\" \/>\n<meta name=\"twitter:label1\" content=\"Estimated reading time\" \/>\n\t<meta name=\"twitter:data1\" content=\"2 minutes\" \/>\n<script type=\"application\/ld+json\" class=\"yoast-schema-graph\">{\"@context\":\"https:\/\/schema.org\",\"@graph\":[{\"@type\":\"WebPage\",\"@id\":\"https:\/\/skaitytaknyga.lt\/produktas\/sofi-pasirinkimas\/\",\"url\":\"https:\/\/skaitytaknyga.lt\/produktas\/sofi-pasirinkimas\/\",\"name\":\"Sofi pasirinkimas\",\"isPartOf\":{\"@id\":\"https:\/\/skaitytaknyga.lt\/#website\"},\"primaryImageOfPage\":{\"@id\":\"https:\/\/skaitytaknyga.lt\/produktas\/sofi-pasirinkimas\/#primaryimage\"},\"image\":{\"@id\":\"https:\/\/skaitytaknyga.lt\/produktas\/sofi-pasirinkimas\/#primaryimage\"},\"thumbnailUrl\":\"https:\/\/skaitytaknyga.lt\/wp-content\/uploads\/2025\/04\/Sofi-pasirinkimas.jpg\",\"datePublished\":\"2025-04-11T06:11:07+00:00\",\"dateModified\":\"2025-05-15T12:30:08+00:00\",\"description\":\"\\\"Sofi pasirinkimas\\\"\u00a0- tai did\u017eiausias ir \u012fsp\u016bdingiausias W. Styrono romanas. Beproti\u0161kos \u012ftampos sklidinas pasakojimas nukelia \u012f prie\u0161kario Lenkij\u0105,\",\"breadcrumb\":{\"@id\":\"https:\/\/skaitytaknyga.lt\/produktas\/sofi-pasirinkimas\/#breadcrumb\"},\"inLanguage\":\"en-GB\",\"potentialAction\":[{\"@type\":\"ReadAction\",\"target\":[\"https:\/\/skaitytaknyga.lt\/produktas\/sofi-pasirinkimas\/\"]}]},{\"@type\":\"ImageObject\",\"inLanguage\":\"en-GB\",\"@id\":\"https:\/\/skaitytaknyga.lt\/produktas\/sofi-pasirinkimas\/#primaryimage\",\"url\":\"https:\/\/skaitytaknyga.lt\/wp-content\/uploads\/2025\/04\/Sofi-pasirinkimas.jpg\",\"contentUrl\":\"https:\/\/skaitytaknyga.lt\/wp-content\/uploads\/2025\/04\/Sofi-pasirinkimas.jpg\",\"width\":275,\"height\":450,\"caption\":\"Sofi pasirinkimas\"},{\"@type\":\"BreadcrumbList\",\"@id\":\"https:\/\/skaitytaknyga.lt\/produktas\/sofi-pasirinkimas\/#breadcrumb\",\"itemListElement\":[{\"@type\":\"ListItem\",\"position\":1,\"name\":\"Home\",\"item\":\"https:\/\/skaitytaknyga.lt\/\"},{\"@type\":\"ListItem\",\"position\":2,\"name\":\"Parduotuv\u0117\",\"item\":\"https:\/\/skaitytaknyga.lt\/knygu-parduotuve\/\"},{\"@type\":\"ListItem\",\"position\":3,\"name\":\"Sofi pasirinkimas\"}]},{\"@type\":\"WebSite\",\"@id\":\"https:\/\/skaitytaknyga.lt\/#website\",\"url\":\"https:\/\/skaitytaknyga.lt\/\",\"name\":\"skaitytaknyga.lt\",\"description\":\"Skaitytaknyga.lt \u2013 tai ma\u017eas \u0161eimos verslas, kuris prasid\u0117jo nuo meil\u0117s knygoms ir siekio i\u0161gelb\u0117ti knygas nuo likimo prie konteinerio. Kas vienam nereikalingas daiktas \u2013 kitam lobis, o mes esame tarpininkai, kurie padeda abiems tapti laimingesniems ???? \u017dinome kaip nelengva i\u0161gyventi ma\u017eiems verslams, tad nuo \u0161iol, \u010dia rasite ir kit\u0173, ma\u017e\u0173 \u0161eim\u0173 versl\u0173, rank\u0173 darbo, dovan\u0173 sau ir artimiesiems.\",\"publisher\":{\"@id\":\"https:\/\/skaitytaknyga.lt\/#organization\"},\"potentialAction\":[{\"@type\":\"SearchAction\",\"target\":{\"@type\":\"EntryPoint\",\"urlTemplate\":\"https:\/\/skaitytaknyga.lt\/?s={search_term_string}\"},\"query-input\":{\"@type\":\"PropertyValueSpecification\",\"valueRequired\":true,\"valueName\":\"search_term_string\"}}],\"inLanguage\":\"en-GB\"},{\"@type\":\"Organization\",\"@id\":\"https:\/\/skaitytaknyga.lt\/#organization\",\"name\":\"skaitytaknyga.lt\",\"url\":\"https:\/\/skaitytaknyga.lt\/\",\"logo\":{\"@type\":\"ImageObject\",\"inLanguage\":\"en-GB\",\"@id\":\"https:\/\/skaitytaknyga.lt\/#\/schema\/logo\/image\/\",\"url\":\"https:\/\/skaitytaknyga.lt\/wp-content\/uploads\/2024\/05\/cropped-cropped-cropped-02_00843_jt3bggkj1j3HLc7SyY6rEUpg.jpeg\",\"contentUrl\":\"https:\/\/skaitytaknyga.lt\/wp-content\/uploads\/2024\/05\/cropped-cropped-cropped-02_00843_jt3bggkj1j3HLc7SyY6rEUpg.jpeg\",\"width\":1600,\"height\":1600,\"caption\":\"skaitytaknyga.lt\"},\"image\":{\"@id\":\"https:\/\/skaitytaknyga.lt\/#\/schema\/logo\/image\/\"},\"sameAs\":[\"https:\/\/www.facebook.com\/skaitytaknyga\/\"]}]}<\/script>\n<!-- \/ Yoast SEO plugin. -->","yoast_head_json":{"title":"Sofi pasirinkimas","description":"\"Sofi pasirinkimas\"\u00a0- tai did\u017eiausias ir \u012fsp\u016bdingiausias W. Styrono romanas. Beproti\u0161kos \u012ftampos sklidinas pasakojimas nukelia \u012f prie\u0161kario Lenkij\u0105,","robots":{"index":"index","follow":"follow","max-snippet":"max-snippet:-1","max-image-preview":"max-image-preview:large","max-video-preview":"max-video-preview:-1"},"canonical":"https:\/\/skaitytaknyga.lt\/en\/produktas\/sofi-pasirinkimas\/","og_locale":"en_GB","og_type":"article","og_title":"[:lt]Sofi pasirinkimas[:] - Skaitytaknyga","og_description":"\"Sofi pasirinkimas\"\u00a0- tai did\u017eiausias ir \u012fsp\u016bdingiausias W. Styrono romanas. Beproti\u0161kos \u012ftampos sklidinas pasakojimas nukelia \u012f prie\u0161kario Lenkij\u0105,","og_url":"https:\/\/skaitytaknyga.lt\/en\/produktas\/sofi-pasirinkimas\/","og_site_name":"Skaitytaknyga","article_publisher":"https:\/\/www.facebook.com\/skaitytaknyga\/","article_modified_time":"2025-05-15T12:30:08+00:00","og_image":[{"width":275,"height":450,"url":"https:\/\/skaitytaknyga.lt\/wp-content\/uploads\/2025\/04\/Sofi-pasirinkimas.jpg","type":"image\/jpeg"}],"twitter_card":"summary_large_image","twitter_misc":{"Estimated reading time":"2 minutes"},"schema":{"@context":"https:\/\/schema.org","@graph":[{"@type":"WebPage","@id":"https:\/\/skaitytaknyga.lt\/produktas\/sofi-pasirinkimas\/","url":"https:\/\/skaitytaknyga.lt\/produktas\/sofi-pasirinkimas\/","name":"Sofi pasirinkimas","isPartOf":{"@id":"https:\/\/skaitytaknyga.lt\/#website"},"primaryImageOfPage":{"@id":"https:\/\/skaitytaknyga.lt\/produktas\/sofi-pasirinkimas\/#primaryimage"},"image":{"@id":"https:\/\/skaitytaknyga.lt\/produktas\/sofi-pasirinkimas\/#primaryimage"},"thumbnailUrl":"https:\/\/skaitytaknyga.lt\/wp-content\/uploads\/2025\/04\/Sofi-pasirinkimas.jpg","datePublished":"2025-04-11T06:11:07+00:00","dateModified":"2025-05-15T12:30:08+00:00","description":"\"Sofi pasirinkimas\"\u00a0- tai did\u017eiausias ir \u012fsp\u016bdingiausias W. Styrono romanas. Beproti\u0161kos \u012ftampos sklidinas pasakojimas nukelia \u012f prie\u0161kario Lenkij\u0105,","breadcrumb":{"@id":"https:\/\/skaitytaknyga.lt\/produktas\/sofi-pasirinkimas\/#breadcrumb"},"inLanguage":"en-GB","potentialAction":[{"@type":"ReadAction","target":["https:\/\/skaitytaknyga.lt\/produktas\/sofi-pasirinkimas\/"]}]},{"@type":"ImageObject","inLanguage":"en-GB","@id":"https:\/\/skaitytaknyga.lt\/produktas\/sofi-pasirinkimas\/#primaryimage","url":"https:\/\/skaitytaknyga.lt\/wp-content\/uploads\/2025\/04\/Sofi-pasirinkimas.jpg","contentUrl":"https:\/\/skaitytaknyga.lt\/wp-content\/uploads\/2025\/04\/Sofi-pasirinkimas.jpg","width":275,"height":450,"caption":"Sofi pasirinkimas"},{"@type":"BreadcrumbList","@id":"https:\/\/skaitytaknyga.lt\/produktas\/sofi-pasirinkimas\/#breadcrumb","itemListElement":[{"@type":"ListItem","position":1,"name":"Home","item":"https:\/\/skaitytaknyga.lt\/"},{"@type":"ListItem","position":2,"name":"Parduotuv\u0117","item":"https:\/\/skaitytaknyga.lt\/knygu-parduotuve\/"},{"@type":"ListItem","position":3,"name":"Sofi pasirinkimas"}]},{"@type":"WebSite","@id":"https:\/\/skaitytaknyga.lt\/#website","url":"https:\/\/skaitytaknyga.lt\/","name":"skaitytaknyga.lt","description":"Skaitytaknyga.lt \u2013 tai ma\u017eas \u0161eimos verslas, kuris prasid\u0117jo nuo meil\u0117s knygoms ir siekio i\u0161gelb\u0117ti knygas nuo likimo prie konteinerio. Kas vienam nereikalingas daiktas \u2013 kitam lobis, o mes esame tarpininkai, kurie padeda abiems tapti laimingesniems ???? \u017dinome kaip nelengva i\u0161gyventi ma\u017eiems verslams, tad nuo \u0161iol, \u010dia rasite ir kit\u0173, ma\u017e\u0173 \u0161eim\u0173 versl\u0173, rank\u0173 darbo, dovan\u0173 sau ir artimiesiems.","publisher":{"@id":"https:\/\/skaitytaknyga.lt\/#organization"},"potentialAction":[{"@type":"SearchAction","target":{"@type":"EntryPoint","urlTemplate":"https:\/\/skaitytaknyga.lt\/?s={search_term_string}"},"query-input":{"@type":"PropertyValueSpecification","valueRequired":true,"valueName":"search_term_string"}}],"inLanguage":"en-GB"},{"@type":"Organization","@id":"https:\/\/skaitytaknyga.lt\/#organization","name":"skaitytaknyga.lt","url":"https:\/\/skaitytaknyga.lt\/","logo":{"@type":"ImageObject","inLanguage":"en-GB","@id":"https:\/\/skaitytaknyga.lt\/#\/schema\/logo\/image\/","url":"https:\/\/skaitytaknyga.lt\/wp-content\/uploads\/2024\/05\/cropped-cropped-cropped-02_00843_jt3bggkj1j3HLc7SyY6rEUpg.jpeg","contentUrl":"https:\/\/skaitytaknyga.lt\/wp-content\/uploads\/2024\/05\/cropped-cropped-cropped-02_00843_jt3bggkj1j3HLc7SyY6rEUpg.jpeg","width":1600,"height":1600,"caption":"skaitytaknyga.lt"},"image":{"@id":"https:\/\/skaitytaknyga.lt\/#\/schema\/logo\/image\/"},"sameAs":["https:\/\/www.facebook.com\/skaitytaknyga\/"]}]}},"_links":{"self":[{"href":"https:\/\/skaitytaknyga.lt\/en\/wp-json\/wp\/v2\/product\/17704","targetHints":{"allow":["GET"]}}],"collection":[{"href":"https:\/\/skaitytaknyga.lt\/en\/wp-json\/wp\/v2\/product"}],"about":[{"href":"https:\/\/skaitytaknyga.lt\/en\/wp-json\/wp\/v2\/types\/product"}],"replies":[{"embeddable":true,"href":"https:\/\/skaitytaknyga.lt\/en\/wp-json\/wp\/v2\/comments?post=17704"}],"wp:featuredmedia":[{"embeddable":true,"href":"https:\/\/skaitytaknyga.lt\/en\/wp-json\/wp\/v2\/media\/17705"}],"wp:attachment":[{"href":"https:\/\/skaitytaknyga.lt\/en\/wp-json\/wp\/v2\/media?parent=17704"}],"wp:term":[{"taxonomy":"product_brand","embeddable":true,"href":"https:\/\/skaitytaknyga.lt\/en\/wp-json\/wp\/v2\/product_brand?post=17704"},{"taxonomy":"product_cat","embeddable":true,"href":"https:\/\/skaitytaknyga.lt\/en\/wp-json\/wp\/v2\/product_cat?post=17704"},{"taxonomy":"product_tag","embeddable":true,"href":"https:\/\/skaitytaknyga.lt\/en\/wp-json\/wp\/v2\/product_tag?post=17704"}],"curies":[{"name":"wp","href":"https:\/\/api.w.org\/{rel}","templated":true}]}}