{"id":17702,"date":"2025-04-11T09:08:10","date_gmt":"2025-04-11T06:08:10","guid":{"rendered":"https:\/\/skaitytaknyga.lt\/?post_type=product&#038;p=17702"},"modified":"2025-05-15T15:30:08","modified_gmt":"2025-05-15T12:30:08","slug":"sirdies-muzika","status":"publish","type":"product","link":"https:\/\/skaitytaknyga.lt\/en\/produktas\/sirdies-muzika\/","title":{"rendered":"\u0160irdies muzika"},"content":{"rendered":"<p><strong>Kas nutinka, kai susitinka du jauni \u017emon\u0117s ir pajunta vienas kitam simpatij\u0105, bet dar stipriau bando i\u0161saugoti savo paslaptis?<\/strong><\/p>\n<p>D\u017eemaima Haton apsisprend\u017eia prad\u0117ti nauj\u0105 gyvenim\u0105 ir pamir\u0161ti skaud\u017ei\u0105 praeit\u012f. Pasi\u0117musi tik b\u016btiniausius daiktus ir galvoje netur\u0117dama jokio plano, ji i\u0161va\u017eiuoja \u012f kit\u0105 miest\u0105\u00a0\u2013 kur jos niekas nepa\u017e\u012fsta ir ne\u017eino apie \u012fvykius, kuriuos ji nor\u0117t\u0173 i\u0161trinti i\u0161 atminties.<\/p>\n<p>I\u0161 prad\u017ei\u0173 naujame mieste D\u017eemaim\u0105 lydi s\u0117km\u0117: atsitiktinai sutikta nedidel\u0117s krautuv\u0117l\u0117s savinink\u0117 Saskija sutinka prekiauti jos kuriamais papuo\u0161alais, o ten pat dirbanti Rouz\u0117 pasi\u016blo pastog\u0119. Ta\u010diau netrukus reikalai ima \u0161lyti: Saskija ka\u017ekod\u0117l apsigalvoja ir nebenori priimti D\u017eemaimos papuo\u0161al\u0173&#8230;<\/p>\n<p>Bet nepavyd\u0117tinoje pad\u0117tyje atsid\u016brusiai D\u017eemaimai ir v\u0117l nusi\u0161ypso s\u0117km\u0117: u\u017eklydus \u012f gitar\u0173 parduotuv\u0119, keistuolis jos savininkas Benas Deivisas pasisi\u016blo prekiauti merginos papuo\u0161alais.<\/p>\n<p>Netrukus paai\u0161k\u0117ja, kad atsiskyr\u0117lis Benas, kaip ir D\u017eemaima, turi dideli\u0173 paslap\u010di\u0173&#8230;<\/p>\n<p>Tarp D\u017eemaimos ir Beno netrukus ima megztis simpatija. Bet juos kaip siena skiria j\u0173dviej\u0173 paslaptys, kurias abu kaip \u012fmanydami saugo.<\/p>\n<p>Ta\u010diau ar ilgai jiems pavyks slapstytis?<\/p>\n<p>Dar daugiau sumai\u0161ties \u012fne\u0161 netik\u0117ti vingiai ir Saskijos bei Rouz\u0117s gyvenime&#8230;<\/p>\n<ul class=\"about-product d-none d-xl-block mt-4\">\n<li><strong>Originalus pavadinimas:<\/strong>\u00a0Please don\u2019t Stop the Music<\/li>\n<li><strong>Autorius:<\/strong>\u00a0Jane Lovering<\/li>\n<li><strong>Leid\u0117jas:<\/strong>\u00a0Alma littera<\/li>\n<li><strong>Metai:<\/strong>\u00a02014<\/li>\n<li><strong>Puslapiai:<\/strong>\u00a0248<\/li>\n<li class=\"toggleable type-new-formats \"><strong>ISBN:<\/strong>\u00a09786090113073<\/li>\n<li><strong>Versijos kodas:<\/strong>\u00a0PT.<\/li>\n<li class=\"toggleable type-new-formats \"><strong>Formatas:<\/strong>\u00a023,5 x 14,3 x 2,2 cm, kieti vir\u0161eliai<\/li>\n<li><strong>Kalba:<\/strong>\u00a0Lietuvi\u0173<\/li>\n<li><strong>Vert\u0117jas:<\/strong>\u00a0Ramun\u0117 Vaskelait\u0117<\/li>\n<\/ul>\n","protected":false},"excerpt":{"rendered":"<p>Kas nutinka, kai susitinka du jauni \u017emon\u0117s ir pajunta vienas kitam simpatij\u0105, bet dar stipriau bando i\u0161saugoti savo paslaptis? D\u017eemaima Haton apsisprend\u017eia prad\u0117ti nauj\u0105 gyvenim\u0105 ir pamir\u0161ti skaud\u017ei\u0105 praeit\u012f. Pasi\u0117musi tik b\u016btiniausius daiktus ir galvoje netur\u0117dama jokio plano, ji i\u0161va\u017eiuoja \u012f kit\u0105 miest\u0105\u00a0\u2013 kur jos niekas nepa\u017e\u012fsta ir ne\u017eino apie \u012fvykius, kuriuos ji nor\u0117t\u0173 i\u0161trinti i\u0161 atminties. I\u0161 prad\u017ei\u0173 naujame mieste D\u017eemaim\u0105 lydi s\u0117km\u0117: atsitiktinai sutikta nedidel\u0117s krautuv\u0117l\u0117s savinink\u0117 Saskija sutinka prekiauti jos kuriamais papuo\u0161alais, o ten pat dirbanti Rouz\u0117 pasi\u016blo pastog\u0119. Ta\u010diau netrukus reikalai ima \u0161lyti: Saskija ka\u017ekod\u0117l apsigalvoja ir nebenori priimti D\u017eemaimos papuo\u0161al\u0173&#8230; Bet nepavyd\u0117tinoje pad\u0117tyje atsid\u016brusiai D\u017eemaimai ir v\u0117l nusi\u0161ypso s\u0117km\u0117: u\u017eklydus \u012f gitar\u0173 parduotuv\u0119, keistuolis jos savininkas Benas Deivisas pasisi\u016blo prekiauti merginos papuo\u0161alais. Netrukus paai\u0161k\u0117ja, kad atsiskyr\u0117lis Benas, kaip ir D\u017eemaima, turi dideli\u0173 paslap\u010di\u0173&#8230; Tarp D\u017eemaimos ir Beno netrukus ima megztis simpatija. Bet juos kaip siena skiria j\u0173dviej\u0173 paslaptys, kurias abu kaip \u012fmanydami saugo. Ta\u010diau ar ilgai jiems pavyks slapstytis? Dar daugiau sumai\u0161ties \u012fne\u0161 netik\u0117ti vingiai ir Saskijos bei Rouz\u0117s gyvenime&#8230; Originalus pavadinimas:\u00a0Please don\u2019t Stop the Music Autorius:\u00a0Jane Lovering Leid\u0117jas:\u00a0Alma littera Metai:\u00a02014 Puslapiai:\u00a0248 ISBN:\u00a09786090113073 Versijos kodas:\u00a0PT. Formatas:\u00a023,5 x 14,3 x 2,2 cm, kieti vir\u0161eliai Kalba:\u00a0Lietuvi\u0173 Vert\u0117jas:\u00a0Ramun\u0117 Vaskelait\u0117<\/p>\n","protected":false},"featured_media":17703,"comment_status":"open","ping_status":"closed","template":"","meta":{"_acf_changed":false,"site-sidebar-layout":"default","site-content-layout":"","ast-site-content-layout":"default","site-content-style":"default","site-sidebar-style":"default","ast-global-header-display":"","ast-banner-title-visibility":"","ast-main-header-display":"","ast-hfb-above-header-display":"","ast-hfb-below-header-display":"","ast-hfb-mobile-header-display":"","site-post-title":"","ast-breadcrumbs-content":"","ast-featured-img":"","footer-sml-layout":"","ast-disable-related-posts":"","theme-transparent-header-meta":"default","adv-header-id-meta":"","stick-header-meta":"","header-above-stick-meta":"","header-main-stick-meta":"","header-below-stick-meta":"","astra-migrate-meta-layouts":"set","ast-page-background-enabled":"default","ast-page-background-meta":{"desktop":{"background-color":"","background-image":"","background-repeat":"repeat","background-position":"center center","background-size":"auto","background-attachment":"scroll","background-type":"","background-media":"","overlay-type":"","overlay-color":"","overlay-opacity":"","overlay-gradient":""},"tablet":{"background-color":"","background-image":"","background-repeat":"repeat","background-position":"center center","background-size":"auto","background-attachment":"scroll","background-type":"","background-media":"","overlay-type":"","overlay-color":"","overlay-opacity":"","overlay-gradient":""},"mobile":{"background-color":"","background-image":"","background-repeat":"repeat","background-position":"center center","background-size":"auto","background-attachment":"scroll","background-type":"","background-media":"","overlay-type":"","overlay-color":"","overlay-opacity":"","overlay-gradient":""}},"ast-content-background-meta":{"desktop":{"background-color":"var(--ast-global-color-4)","background-image":"","background-repeat":"repeat","background-position":"center center","background-size":"auto","background-attachment":"scroll","background-type":"","background-media":"","overlay-type":"","overlay-color":"","overlay-opacity":"","overlay-gradient":""},"tablet":{"background-color":"var(--ast-global-color-4)","background-image":"","background-repeat":"repeat","background-position":"center center","background-size":"auto","background-attachment":"scroll","background-type":"","background-media":"","overlay-type":"","overlay-color":"","overlay-opacity":"","overlay-gradient":""},"mobile":{"background-color":"var(--ast-global-color-4)","background-image":"","background-repeat":"repeat","background-position":"center center","background-size":"auto","background-attachment":"scroll","background-type":"","background-media":"","overlay-type":"","overlay-color":"","overlay-opacity":"","overlay-gradient":""}}},"product_brand":[],"product_cat":[31,15],"product_tag":[2704,3620,3619,1796,1478,2129],"class_list":{"0":"post-17702","1":"product","2":"type-product","3":"status-publish","4":"has-post-thumbnail","6":"product_cat-grozine-literatura","7":"product_cat-uncategorized","8":"product_tag-jane-lovering","9":"product_tag-jaunimas","10":"product_tag-komedija","11":"product_tag-meile","12":"product_tag-paslaptys","13":"product_tag-romantika","14":"desktop-align-left","15":"tablet-align-left","16":"mobile-align-left","18":"first","19":"instock","20":"shipping-taxable","21":"purchasable","22":"product-type-simple"},"acf":[],"yoast_head":"<!-- This site is optimized with the Yoast SEO plugin v27.0 - https:\/\/yoast.com\/product\/yoast-seo-wordpress\/ -->\n<title>\u0160irdies muzika<\/title>\n<meta name=\"description\" content=\"Kas nutinka, kai susitinka du jauni \u017emon\u0117s ir pajunta vienas kitam simpatij\u0105, bet dar stipriau bando i\u0161saugoti savo paslaptis? D\u017eemaima Haton\" \/>\n<meta name=\"robots\" content=\"index, follow, max-snippet:-1, max-image-preview:large, max-video-preview:-1\" \/>\n<link rel=\"canonical\" href=\"https:\/\/skaitytaknyga.lt\/en\/produktas\/sirdies-muzika\/\" \/>\n<meta property=\"og:locale\" content=\"en_GB\" \/>\n<meta property=\"og:locale:alternate\" content=\"lt_LT\" \/>\n<meta property=\"og:type\" content=\"article\" \/>\n<meta property=\"og:title\" content=\"\u0160irdies muzika\" \/>\n<meta property=\"og:description\" content=\"Kas nutinka, kai susitinka du jauni \u017emon\u0117s ir pajunta vienas kitam simpatij\u0105, bet dar stipriau bando i\u0161saugoti savo paslaptis? D\u017eemaima Haton\" \/>\n<meta property=\"og:url\" content=\"https:\/\/skaitytaknyga.lt\/en\/produktas\/sirdies-muzika\/\" \/>\n<meta property=\"og:site_name\" content=\"Skaitytaknyga\" \/>\n<meta property=\"article:publisher\" content=\"https:\/\/www.facebook.com\/skaitytaknyga\/\" \/>\n<meta property=\"article:modified_time\" content=\"2025-05-15T12:30:08+00:00\" \/>\n<meta property=\"og:image\" content=\"https:\/\/skaitytaknyga.lt\/wp-content\/uploads\/2025\/04\/Sirdies-muzika.webp\" \/>\n\t<meta property=\"og:image:width\" content=\"482\" \/>\n\t<meta property=\"og:image:height\" content=\"799\" \/>\n\t<meta property=\"og:image:type\" content=\"image\/webp\" \/>\n<meta name=\"twitter:card\" content=\"summary_large_image\" \/>\n<meta name=\"twitter:label1\" content=\"Estimated reading time\" \/>\n\t<meta name=\"twitter:data1\" content=\"2 minutes\" \/>\n<script type=\"application\/ld+json\" class=\"yoast-schema-graph\">{\"@context\":\"https:\/\/schema.org\",\"@graph\":[{\"@type\":\"WebPage\",\"@id\":\"https:\/\/skaitytaknyga.lt\/produktas\/sirdies-muzika\/\",\"url\":\"https:\/\/skaitytaknyga.lt\/produktas\/sirdies-muzika\/\",\"name\":\"\u0160irdies muzika\",\"isPartOf\":{\"@id\":\"https:\/\/skaitytaknyga.lt\/#website\"},\"primaryImageOfPage\":{\"@id\":\"https:\/\/skaitytaknyga.lt\/produktas\/sirdies-muzika\/#primaryimage\"},\"image\":{\"@id\":\"https:\/\/skaitytaknyga.lt\/produktas\/sirdies-muzika\/#primaryimage\"},\"thumbnailUrl\":\"https:\/\/skaitytaknyga.lt\/wp-content\/uploads\/2025\/04\/Sirdies-muzika.webp\",\"datePublished\":\"2025-04-11T06:08:10+00:00\",\"dateModified\":\"2025-05-15T12:30:08+00:00\",\"description\":\"Kas nutinka, kai susitinka du jauni \u017emon\u0117s ir pajunta vienas kitam simpatij\u0105, bet dar stipriau bando i\u0161saugoti savo paslaptis? D\u017eemaima Haton\",\"breadcrumb\":{\"@id\":\"https:\/\/skaitytaknyga.lt\/produktas\/sirdies-muzika\/#breadcrumb\"},\"inLanguage\":\"en-GB\",\"potentialAction\":[{\"@type\":\"ReadAction\",\"target\":[\"https:\/\/skaitytaknyga.lt\/produktas\/sirdies-muzika\/\"]}]},{\"@type\":\"ImageObject\",\"inLanguage\":\"en-GB\",\"@id\":\"https:\/\/skaitytaknyga.lt\/produktas\/sirdies-muzika\/#primaryimage\",\"url\":\"https:\/\/skaitytaknyga.lt\/wp-content\/uploads\/2025\/04\/Sirdies-muzika.webp\",\"contentUrl\":\"https:\/\/skaitytaknyga.lt\/wp-content\/uploads\/2025\/04\/Sirdies-muzika.webp\",\"width\":482,\"height\":799,\"caption\":\"\u0160irdies muzika\"},{\"@type\":\"BreadcrumbList\",\"@id\":\"https:\/\/skaitytaknyga.lt\/produktas\/sirdies-muzika\/#breadcrumb\",\"itemListElement\":[{\"@type\":\"ListItem\",\"position\":1,\"name\":\"Home\",\"item\":\"https:\/\/skaitytaknyga.lt\/\"},{\"@type\":\"ListItem\",\"position\":2,\"name\":\"Parduotuv\u0117\",\"item\":\"https:\/\/skaitytaknyga.lt\/knygu-parduotuve\/\"},{\"@type\":\"ListItem\",\"position\":3,\"name\":\"\u0160irdies muzika\"}]},{\"@type\":\"WebSite\",\"@id\":\"https:\/\/skaitytaknyga.lt\/#website\",\"url\":\"https:\/\/skaitytaknyga.lt\/\",\"name\":\"skaitytaknyga.lt\",\"description\":\"Skaitytaknyga.lt \u2013 tai ma\u017eas \u0161eimos verslas, kuris prasid\u0117jo nuo meil\u0117s knygoms ir siekio i\u0161gelb\u0117ti knygas nuo likimo prie konteinerio. Kas vienam nereikalingas daiktas \u2013 kitam lobis, o mes esame tarpininkai, kurie padeda abiems tapti laimingesniems ???? \u017dinome kaip nelengva i\u0161gyventi ma\u017eiems verslams, tad nuo \u0161iol, \u010dia rasite ir kit\u0173, ma\u017e\u0173 \u0161eim\u0173 versl\u0173, rank\u0173 darbo, dovan\u0173 sau ir artimiesiems.\",\"publisher\":{\"@id\":\"https:\/\/skaitytaknyga.lt\/#organization\"},\"potentialAction\":[{\"@type\":\"SearchAction\",\"target\":{\"@type\":\"EntryPoint\",\"urlTemplate\":\"https:\/\/skaitytaknyga.lt\/?s={search_term_string}\"},\"query-input\":{\"@type\":\"PropertyValueSpecification\",\"valueRequired\":true,\"valueName\":\"search_term_string\"}}],\"inLanguage\":\"en-GB\"},{\"@type\":\"Organization\",\"@id\":\"https:\/\/skaitytaknyga.lt\/#organization\",\"name\":\"skaitytaknyga.lt\",\"url\":\"https:\/\/skaitytaknyga.lt\/\",\"logo\":{\"@type\":\"ImageObject\",\"inLanguage\":\"en-GB\",\"@id\":\"https:\/\/skaitytaknyga.lt\/#\/schema\/logo\/image\/\",\"url\":\"https:\/\/skaitytaknyga.lt\/wp-content\/uploads\/2024\/05\/cropped-cropped-cropped-02_00843_jt3bggkj1j3HLc7SyY6rEUpg.jpeg\",\"contentUrl\":\"https:\/\/skaitytaknyga.lt\/wp-content\/uploads\/2024\/05\/cropped-cropped-cropped-02_00843_jt3bggkj1j3HLc7SyY6rEUpg.jpeg\",\"width\":1600,\"height\":1600,\"caption\":\"skaitytaknyga.lt\"},\"image\":{\"@id\":\"https:\/\/skaitytaknyga.lt\/#\/schema\/logo\/image\/\"},\"sameAs\":[\"https:\/\/www.facebook.com\/skaitytaknyga\/\"]}]}<\/script>\n<!-- \/ Yoast SEO plugin. -->","yoast_head_json":{"title":"\u0160irdies muzika","description":"Kas nutinka, kai susitinka du jauni \u017emon\u0117s ir pajunta vienas kitam simpatij\u0105, bet dar stipriau bando i\u0161saugoti savo paslaptis? D\u017eemaima Haton","robots":{"index":"index","follow":"follow","max-snippet":"max-snippet:-1","max-image-preview":"max-image-preview:large","max-video-preview":"max-video-preview:-1"},"canonical":"https:\/\/skaitytaknyga.lt\/en\/produktas\/sirdies-muzika\/","og_locale":"en_GB","og_type":"article","og_title":"[:lt]\u0160irdies muzika[:] - Skaitytaknyga","og_description":"Kas nutinka, kai susitinka du jauni \u017emon\u0117s ir pajunta vienas kitam simpatij\u0105, bet dar stipriau bando i\u0161saugoti savo paslaptis? D\u017eemaima Haton","og_url":"https:\/\/skaitytaknyga.lt\/en\/produktas\/sirdies-muzika\/","og_site_name":"Skaitytaknyga","article_publisher":"https:\/\/www.facebook.com\/skaitytaknyga\/","article_modified_time":"2025-05-15T12:30:08+00:00","og_image":[{"width":482,"height":799,"url":"https:\/\/skaitytaknyga.lt\/wp-content\/uploads\/2025\/04\/Sirdies-muzika.webp","type":"image\/webp"}],"twitter_card":"summary_large_image","twitter_misc":{"Estimated reading time":"2 minutes"},"schema":{"@context":"https:\/\/schema.org","@graph":[{"@type":"WebPage","@id":"https:\/\/skaitytaknyga.lt\/produktas\/sirdies-muzika\/","url":"https:\/\/skaitytaknyga.lt\/produktas\/sirdies-muzika\/","name":"\u0160irdies muzika","isPartOf":{"@id":"https:\/\/skaitytaknyga.lt\/#website"},"primaryImageOfPage":{"@id":"https:\/\/skaitytaknyga.lt\/produktas\/sirdies-muzika\/#primaryimage"},"image":{"@id":"https:\/\/skaitytaknyga.lt\/produktas\/sirdies-muzika\/#primaryimage"},"thumbnailUrl":"https:\/\/skaitytaknyga.lt\/wp-content\/uploads\/2025\/04\/Sirdies-muzika.webp","datePublished":"2025-04-11T06:08:10+00:00","dateModified":"2025-05-15T12:30:08+00:00","description":"Kas nutinka, kai susitinka du jauni \u017emon\u0117s ir pajunta vienas kitam simpatij\u0105, bet dar stipriau bando i\u0161saugoti savo paslaptis? D\u017eemaima Haton","breadcrumb":{"@id":"https:\/\/skaitytaknyga.lt\/produktas\/sirdies-muzika\/#breadcrumb"},"inLanguage":"en-GB","potentialAction":[{"@type":"ReadAction","target":["https:\/\/skaitytaknyga.lt\/produktas\/sirdies-muzika\/"]}]},{"@type":"ImageObject","inLanguage":"en-GB","@id":"https:\/\/skaitytaknyga.lt\/produktas\/sirdies-muzika\/#primaryimage","url":"https:\/\/skaitytaknyga.lt\/wp-content\/uploads\/2025\/04\/Sirdies-muzika.webp","contentUrl":"https:\/\/skaitytaknyga.lt\/wp-content\/uploads\/2025\/04\/Sirdies-muzika.webp","width":482,"height":799,"caption":"\u0160irdies muzika"},{"@type":"BreadcrumbList","@id":"https:\/\/skaitytaknyga.lt\/produktas\/sirdies-muzika\/#breadcrumb","itemListElement":[{"@type":"ListItem","position":1,"name":"Home","item":"https:\/\/skaitytaknyga.lt\/"},{"@type":"ListItem","position":2,"name":"Parduotuv\u0117","item":"https:\/\/skaitytaknyga.lt\/knygu-parduotuve\/"},{"@type":"ListItem","position":3,"name":"\u0160irdies muzika"}]},{"@type":"WebSite","@id":"https:\/\/skaitytaknyga.lt\/#website","url":"https:\/\/skaitytaknyga.lt\/","name":"skaitytaknyga.lt","description":"Skaitytaknyga.lt \u2013 tai ma\u017eas \u0161eimos verslas, kuris prasid\u0117jo nuo meil\u0117s knygoms ir siekio i\u0161gelb\u0117ti knygas nuo likimo prie konteinerio. Kas vienam nereikalingas daiktas \u2013 kitam lobis, o mes esame tarpininkai, kurie padeda abiems tapti laimingesniems ???? \u017dinome kaip nelengva i\u0161gyventi ma\u017eiems verslams, tad nuo \u0161iol, \u010dia rasite ir kit\u0173, ma\u017e\u0173 \u0161eim\u0173 versl\u0173, rank\u0173 darbo, dovan\u0173 sau ir artimiesiems.","publisher":{"@id":"https:\/\/skaitytaknyga.lt\/#organization"},"potentialAction":[{"@type":"SearchAction","target":{"@type":"EntryPoint","urlTemplate":"https:\/\/skaitytaknyga.lt\/?s={search_term_string}"},"query-input":{"@type":"PropertyValueSpecification","valueRequired":true,"valueName":"search_term_string"}}],"inLanguage":"en-GB"},{"@type":"Organization","@id":"https:\/\/skaitytaknyga.lt\/#organization","name":"skaitytaknyga.lt","url":"https:\/\/skaitytaknyga.lt\/","logo":{"@type":"ImageObject","inLanguage":"en-GB","@id":"https:\/\/skaitytaknyga.lt\/#\/schema\/logo\/image\/","url":"https:\/\/skaitytaknyga.lt\/wp-content\/uploads\/2024\/05\/cropped-cropped-cropped-02_00843_jt3bggkj1j3HLc7SyY6rEUpg.jpeg","contentUrl":"https:\/\/skaitytaknyga.lt\/wp-content\/uploads\/2024\/05\/cropped-cropped-cropped-02_00843_jt3bggkj1j3HLc7SyY6rEUpg.jpeg","width":1600,"height":1600,"caption":"skaitytaknyga.lt"},"image":{"@id":"https:\/\/skaitytaknyga.lt\/#\/schema\/logo\/image\/"},"sameAs":["https:\/\/www.facebook.com\/skaitytaknyga\/"]}]}},"_links":{"self":[{"href":"https:\/\/skaitytaknyga.lt\/en\/wp-json\/wp\/v2\/product\/17702","targetHints":{"allow":["GET"]}}],"collection":[{"href":"https:\/\/skaitytaknyga.lt\/en\/wp-json\/wp\/v2\/product"}],"about":[{"href":"https:\/\/skaitytaknyga.lt\/en\/wp-json\/wp\/v2\/types\/product"}],"replies":[{"embeddable":true,"href":"https:\/\/skaitytaknyga.lt\/en\/wp-json\/wp\/v2\/comments?post=17702"}],"wp:featuredmedia":[{"embeddable":true,"href":"https:\/\/skaitytaknyga.lt\/en\/wp-json\/wp\/v2\/media\/17703"}],"wp:attachment":[{"href":"https:\/\/skaitytaknyga.lt\/en\/wp-json\/wp\/v2\/media?parent=17702"}],"wp:term":[{"taxonomy":"product_brand","embeddable":true,"href":"https:\/\/skaitytaknyga.lt\/en\/wp-json\/wp\/v2\/product_brand?post=17702"},{"taxonomy":"product_cat","embeddable":true,"href":"https:\/\/skaitytaknyga.lt\/en\/wp-json\/wp\/v2\/product_cat?post=17702"},{"taxonomy":"product_tag","embeddable":true,"href":"https:\/\/skaitytaknyga.lt\/en\/wp-json\/wp\/v2\/product_tag?post=17702"}],"curies":[{"name":"wp","href":"https:\/\/api.w.org\/{rel}","templated":true}]}}