{"id":17700,"date":"2025-04-11T09:06:07","date_gmt":"2025-04-11T06:06:07","guid":{"rendered":"https:\/\/skaitytaknyga.lt\/?post_type=product&#038;p=17700"},"modified":"2025-05-15T15:30:08","modified_gmt":"2025-05-15T12:30:08","slug":"jennifer-crusie-lazinames","status":"publish","type":"product","link":"https:\/\/skaitytaknyga.lt\/en\/produktas\/jennifer-crusie-lazinames\/","title":{"rendered":"La\u017einam\u0117s"},"content":{"rendered":"<p>Minerva Dobs \u2013 ne lo\u0161\u0117ja, rizikuoti ji nem\u0117gsta. Kelvinas Moris\u0117jus la\u017einasi, nes&#8230; visada laimi. Vis d\u0117lto lemtis u\u017eklumpa juos nepasiruo\u0161usius. Susid\u016brus su tikra meile, at\u0161aukiami visi statymai&#8230;<\/p>\n<p>Min\u0117 \u017eino, jog laiminga pabaiga b\u016bna tik pasakose. Ji pavargo nuo pavir\u0161utini\u0161k\u0173 santyki\u0173 ir apie dietas pamokslaujan\u010dios motinos. Pats laikas \u012fsigyti katin\u0105 ir prad\u0117ti gyventi sau. Daugiau ji nesidairys \u012f vyrus. Na, gal dar paerzins t\u0105 pasip\u016btus\u012f Kelvin\u0105 Moris\u0117j\u0173, dr\u012fsus\u012f la\u017eintis d\u0117l jos.<br \/>\nKelas net neabejoja, kad jam lengvai pavyks suvilioti konservatyvi\u0105j\u0105 statistikos ekspert\u0119, dievinan\u010di\u0105 ekstravaganti\u0161kus batelius. Ta\u010diau i\u0161tv\u0117r\u0119 vos vien\u0105 vakar\u0105 juodu sutaria daugiau nesimatyti. Ji pernelyg kaprizinga, o jis per daug \u017eavus ir nepatikimas.<br \/>\nBet kaipgi la\u017eybos?..<\/p>\n<p>I\u0161leidimo metai: 2012<br \/>\n448 psl., kietas vir\u0161elis su aplankalu<br \/>\nFormatas: 15x24x4,2 cm<br \/>\nISBN 978-609-406-324-4<\/p>\n","protected":false},"excerpt":{"rendered":"<p>Minerva Dobs \u2013 ne lo\u0161\u0117ja, rizikuoti ji nem\u0117gsta. Kelvinas Moris\u0117jus la\u017einasi, nes&#8230; visada laimi. Vis d\u0117lto lemtis u\u017eklumpa juos nepasiruo\u0161usius. Susid\u016brus su tikra meile, at\u0161aukiami visi statymai&#8230; Min\u0117 \u017eino, jog laiminga pabaiga b\u016bna tik pasakose. Ji pavargo nuo pavir\u0161utini\u0161k\u0173 santyki\u0173 ir apie dietas pamokslaujan\u010dios motinos. Pats laikas \u012fsigyti katin\u0105 ir prad\u0117ti gyventi sau. Daugiau ji nesidairys \u012f vyrus. Na, gal dar paerzins t\u0105 pasip\u016btus\u012f Kelvin\u0105 Moris\u0117j\u0173, dr\u012fsus\u012f la\u017eintis d\u0117l jos. Kelas net neabejoja, kad jam lengvai pavyks suvilioti konservatyvi\u0105j\u0105 statistikos ekspert\u0119, dievinan\u010di\u0105 ekstravaganti\u0161kus batelius. Ta\u010diau i\u0161tv\u0117r\u0119 vos vien\u0105 vakar\u0105 juodu sutaria daugiau nesimatyti. Ji pernelyg kaprizinga, o jis per daug \u017eavus ir nepatikimas. Bet kaipgi la\u017eybos?.. I\u0161leidimo metai: 2012 448 psl., kietas vir\u0161elis su aplankalu Formatas: 15x24x4,2 cm ISBN 978-609-406-324-4<\/p>\n","protected":false},"featured_media":17701,"comment_status":"open","ping_status":"closed","template":"","meta":{"_acf_changed":false,"site-sidebar-layout":"default","site-content-layout":"","ast-site-content-layout":"default","site-content-style":"default","site-sidebar-style":"default","ast-global-header-display":"","ast-banner-title-visibility":"","ast-main-header-display":"","ast-hfb-above-header-display":"","ast-hfb-below-header-display":"","ast-hfb-mobile-header-display":"","site-post-title":"","ast-breadcrumbs-content":"","ast-featured-img":"","footer-sml-layout":"","ast-disable-related-posts":"","theme-transparent-header-meta":"default","adv-header-id-meta":"","stick-header-meta":"","header-above-stick-meta":"","header-main-stick-meta":"","header-below-stick-meta":"","astra-migrate-meta-layouts":"set","ast-page-background-enabled":"default","ast-page-background-meta":{"desktop":{"background-color":"","background-image":"","background-repeat":"repeat","background-position":"center center","background-size":"auto","background-attachment":"scroll","background-type":"","background-media":"","overlay-type":"","overlay-color":"","overlay-opacity":"","overlay-gradient":""},"tablet":{"background-color":"","background-image":"","background-repeat":"repeat","background-position":"center center","background-size":"auto","background-attachment":"scroll","background-type":"","background-media":"","overlay-type":"","overlay-color":"","overlay-opacity":"","overlay-gradient":""},"mobile":{"background-color":"","background-image":"","background-repeat":"repeat","background-position":"center center","background-size":"auto","background-attachment":"scroll","background-type":"","background-media":"","overlay-type":"","overlay-color":"","overlay-opacity":"","overlay-gradient":""}},"ast-content-background-meta":{"desktop":{"background-color":"var(--ast-global-color-4)","background-image":"","background-repeat":"repeat","background-position":"center center","background-size":"auto","background-attachment":"scroll","background-type":"","background-media":"","overlay-type":"","overlay-color":"","overlay-opacity":"","overlay-gradient":""},"tablet":{"background-color":"var(--ast-global-color-4)","background-image":"","background-repeat":"repeat","background-position":"center center","background-size":"auto","background-attachment":"scroll","background-type":"","background-media":"","overlay-type":"","overlay-color":"","overlay-opacity":"","overlay-gradient":""},"mobile":{"background-color":"var(--ast-global-color-4)","background-image":"","background-repeat":"repeat","background-position":"center center","background-size":"auto","background-attachment":"scroll","background-type":"","background-media":"","overlay-type":"","overlay-color":"","overlay-opacity":"","overlay-gradient":""}}},"product_brand":[],"product_cat":[31,15],"product_tag":[3698,3619,3699,3700,1796,2129,3701],"class_list":{"0":"post-17700","1":"product","2":"type-product","3":"status-publish","4":"has-post-thumbnail","6":"product_cat-grozine-literatura","7":"product_cat-uncategorized","8":"product_tag-jennifer-crusie","9":"product_tag-komedija","10":"product_tag-lazinames","11":"product_tag-lazybos","12":"product_tag-meile","13":"product_tag-romantika","14":"product_tag-statymai","15":"desktop-align-left","16":"tablet-align-left","17":"mobile-align-left","19":"first","20":"instock","21":"shipping-taxable","22":"purchasable","23":"product-type-simple"},"acf":[],"yoast_head":"<!-- This site is optimized with the Yoast SEO plugin v27.0 - https:\/\/yoast.com\/product\/yoast-seo-wordpress\/ -->\n<title>La\u017einam\u0117s<\/title>\n<meta name=\"description\" content=\"Minerva Dobs \u2013 ne lo\u0161\u0117ja, rizikuoti ji nem\u0117gsta. Kelvinas Moris\u0117jus la\u017einasi, nes... visada laimi. Vis d\u0117lto lemtis u\u017eklumpa juos nepasiruo\u0161usius.\" \/>\n<meta name=\"robots\" content=\"index, follow, max-snippet:-1, max-image-preview:large, max-video-preview:-1\" \/>\n<link rel=\"canonical\" href=\"https:\/\/skaitytaknyga.lt\/en\/produktas\/jennifer-crusie-lazinames\/\" \/>\n<meta property=\"og:locale\" content=\"en_GB\" \/>\n<meta property=\"og:locale:alternate\" content=\"lt_LT\" \/>\n<meta property=\"og:type\" content=\"article\" \/>\n<meta property=\"og:title\" content=\"La\u017einam\u0117s\" \/>\n<meta property=\"og:description\" content=\"Minerva Dobs \u2013 ne lo\u0161\u0117ja, rizikuoti ji nem\u0117gsta. Kelvinas Moris\u0117jus la\u017einasi, nes... visada laimi. Vis d\u0117lto lemtis u\u017eklumpa juos nepasiruo\u0161usius.\" \/>\n<meta property=\"og:url\" content=\"https:\/\/skaitytaknyga.lt\/en\/produktas\/jennifer-crusie-lazinames\/\" \/>\n<meta property=\"og:site_name\" content=\"Skaitytaknyga\" \/>\n<meta property=\"article:publisher\" content=\"https:\/\/www.facebook.com\/skaitytaknyga\/\" \/>\n<meta property=\"article:modified_time\" content=\"2025-05-15T12:30:08+00:00\" \/>\n<meta property=\"og:image\" content=\"https:\/\/skaitytaknyga.lt\/wp-content\/uploads\/2025\/04\/Jennifer-Crusie.-Lazinames-e1744351614162.jpg\" \/>\n\t<meta property=\"og:image:width\" content=\"299\" \/>\n\t<meta property=\"og:image:height\" content=\"468\" \/>\n\t<meta property=\"og:image:type\" content=\"image\/jpeg\" \/>\n<meta name=\"twitter:card\" content=\"summary_large_image\" \/>\n<meta name=\"twitter:label1\" content=\"Estimated reading time\" \/>\n\t<meta name=\"twitter:data1\" content=\"1 minute\" \/>\n<script type=\"application\/ld+json\" class=\"yoast-schema-graph\">{\"@context\":\"https:\/\/schema.org\",\"@graph\":[{\"@type\":\"WebPage\",\"@id\":\"https:\/\/skaitytaknyga.lt\/produktas\/jennifer-crusie-lazinames\/\",\"url\":\"https:\/\/skaitytaknyga.lt\/produktas\/jennifer-crusie-lazinames\/\",\"name\":\"La\u017einam\u0117s\",\"isPartOf\":{\"@id\":\"https:\/\/skaitytaknyga.lt\/#website\"},\"primaryImageOfPage\":{\"@id\":\"https:\/\/skaitytaknyga.lt\/produktas\/jennifer-crusie-lazinames\/#primaryimage\"},\"image\":{\"@id\":\"https:\/\/skaitytaknyga.lt\/produktas\/jennifer-crusie-lazinames\/#primaryimage\"},\"thumbnailUrl\":\"https:\/\/skaitytaknyga.lt\/wp-content\/uploads\/2025\/04\/Jennifer-Crusie.-Lazinames-e1744351614162.jpg\",\"datePublished\":\"2025-04-11T06:06:07+00:00\",\"dateModified\":\"2025-05-15T12:30:08+00:00\",\"description\":\"Minerva Dobs \u2013 ne lo\u0161\u0117ja, rizikuoti ji nem\u0117gsta. Kelvinas Moris\u0117jus la\u017einasi, nes... visada laimi. Vis d\u0117lto lemtis u\u017eklumpa juos nepasiruo\u0161usius.\",\"breadcrumb\":{\"@id\":\"https:\/\/skaitytaknyga.lt\/produktas\/jennifer-crusie-lazinames\/#breadcrumb\"},\"inLanguage\":\"en-GB\",\"potentialAction\":[{\"@type\":\"ReadAction\",\"target\":[\"https:\/\/skaitytaknyga.lt\/produktas\/jennifer-crusie-lazinames\/\"]}]},{\"@type\":\"ImageObject\",\"inLanguage\":\"en-GB\",\"@id\":\"https:\/\/skaitytaknyga.lt\/produktas\/jennifer-crusie-lazinames\/#primaryimage\",\"url\":\"https:\/\/skaitytaknyga.lt\/wp-content\/uploads\/2025\/04\/Jennifer-Crusie.-Lazinames-e1744351614162.jpg\",\"contentUrl\":\"https:\/\/skaitytaknyga.lt\/wp-content\/uploads\/2025\/04\/Jennifer-Crusie.-Lazinames-e1744351614162.jpg\",\"width\":299,\"height\":468,\"caption\":\"Jennifer Crusie. La\u017einam\u0117s\"},{\"@type\":\"BreadcrumbList\",\"@id\":\"https:\/\/skaitytaknyga.lt\/produktas\/jennifer-crusie-lazinames\/#breadcrumb\",\"itemListElement\":[{\"@type\":\"ListItem\",\"position\":1,\"name\":\"Home\",\"item\":\"https:\/\/skaitytaknyga.lt\/\"},{\"@type\":\"ListItem\",\"position\":2,\"name\":\"Parduotuv\u0117\",\"item\":\"https:\/\/skaitytaknyga.lt\/knygu-parduotuve\/\"},{\"@type\":\"ListItem\",\"position\":3,\"name\":\"La\u017einam\u0117s\"}]},{\"@type\":\"WebSite\",\"@id\":\"https:\/\/skaitytaknyga.lt\/#website\",\"url\":\"https:\/\/skaitytaknyga.lt\/\",\"name\":\"skaitytaknyga.lt\",\"description\":\"Skaitytaknyga.lt \u2013 tai ma\u017eas \u0161eimos verslas, kuris prasid\u0117jo nuo meil\u0117s knygoms ir siekio i\u0161gelb\u0117ti knygas nuo likimo prie konteinerio. Kas vienam nereikalingas daiktas \u2013 kitam lobis, o mes esame tarpininkai, kurie padeda abiems tapti laimingesniems ???? \u017dinome kaip nelengva i\u0161gyventi ma\u017eiems verslams, tad nuo \u0161iol, \u010dia rasite ir kit\u0173, ma\u017e\u0173 \u0161eim\u0173 versl\u0173, rank\u0173 darbo, dovan\u0173 sau ir artimiesiems.\",\"publisher\":{\"@id\":\"https:\/\/skaitytaknyga.lt\/#organization\"},\"potentialAction\":[{\"@type\":\"SearchAction\",\"target\":{\"@type\":\"EntryPoint\",\"urlTemplate\":\"https:\/\/skaitytaknyga.lt\/?s={search_term_string}\"},\"query-input\":{\"@type\":\"PropertyValueSpecification\",\"valueRequired\":true,\"valueName\":\"search_term_string\"}}],\"inLanguage\":\"en-GB\"},{\"@type\":\"Organization\",\"@id\":\"https:\/\/skaitytaknyga.lt\/#organization\",\"name\":\"skaitytaknyga.lt\",\"url\":\"https:\/\/skaitytaknyga.lt\/\",\"logo\":{\"@type\":\"ImageObject\",\"inLanguage\":\"en-GB\",\"@id\":\"https:\/\/skaitytaknyga.lt\/#\/schema\/logo\/image\/\",\"url\":\"https:\/\/skaitytaknyga.lt\/wp-content\/uploads\/2024\/05\/cropped-cropped-cropped-02_00843_jt3bggkj1j3HLc7SyY6rEUpg.jpeg\",\"contentUrl\":\"https:\/\/skaitytaknyga.lt\/wp-content\/uploads\/2024\/05\/cropped-cropped-cropped-02_00843_jt3bggkj1j3HLc7SyY6rEUpg.jpeg\",\"width\":1600,\"height\":1600,\"caption\":\"skaitytaknyga.lt\"},\"image\":{\"@id\":\"https:\/\/skaitytaknyga.lt\/#\/schema\/logo\/image\/\"},\"sameAs\":[\"https:\/\/www.facebook.com\/skaitytaknyga\/\"]}]}<\/script>\n<!-- \/ Yoast SEO plugin. -->","yoast_head_json":{"title":"La\u017einam\u0117s","description":"Minerva Dobs \u2013 ne lo\u0161\u0117ja, rizikuoti ji nem\u0117gsta. Kelvinas Moris\u0117jus la\u017einasi, nes... visada laimi. Vis d\u0117lto lemtis u\u017eklumpa juos nepasiruo\u0161usius.","robots":{"index":"index","follow":"follow","max-snippet":"max-snippet:-1","max-image-preview":"max-image-preview:large","max-video-preview":"max-video-preview:-1"},"canonical":"https:\/\/skaitytaknyga.lt\/en\/produktas\/jennifer-crusie-lazinames\/","og_locale":"en_GB","og_type":"article","og_title":"[:lt]La\u017einam\u0117s[:] - Skaitytaknyga","og_description":"Minerva Dobs \u2013 ne lo\u0161\u0117ja, rizikuoti ji nem\u0117gsta. Kelvinas Moris\u0117jus la\u017einasi, nes... visada laimi. Vis d\u0117lto lemtis u\u017eklumpa juos nepasiruo\u0161usius.","og_url":"https:\/\/skaitytaknyga.lt\/en\/produktas\/jennifer-crusie-lazinames\/","og_site_name":"Skaitytaknyga","article_publisher":"https:\/\/www.facebook.com\/skaitytaknyga\/","article_modified_time":"2025-05-15T12:30:08+00:00","og_image":[{"width":299,"height":468,"url":"https:\/\/skaitytaknyga.lt\/wp-content\/uploads\/2025\/04\/Jennifer-Crusie.-Lazinames-e1744351614162.jpg","type":"image\/jpeg"}],"twitter_card":"summary_large_image","twitter_misc":{"Estimated reading time":"1 minute"},"schema":{"@context":"https:\/\/schema.org","@graph":[{"@type":"WebPage","@id":"https:\/\/skaitytaknyga.lt\/produktas\/jennifer-crusie-lazinames\/","url":"https:\/\/skaitytaknyga.lt\/produktas\/jennifer-crusie-lazinames\/","name":"La\u017einam\u0117s","isPartOf":{"@id":"https:\/\/skaitytaknyga.lt\/#website"},"primaryImageOfPage":{"@id":"https:\/\/skaitytaknyga.lt\/produktas\/jennifer-crusie-lazinames\/#primaryimage"},"image":{"@id":"https:\/\/skaitytaknyga.lt\/produktas\/jennifer-crusie-lazinames\/#primaryimage"},"thumbnailUrl":"https:\/\/skaitytaknyga.lt\/wp-content\/uploads\/2025\/04\/Jennifer-Crusie.-Lazinames-e1744351614162.jpg","datePublished":"2025-04-11T06:06:07+00:00","dateModified":"2025-05-15T12:30:08+00:00","description":"Minerva Dobs \u2013 ne lo\u0161\u0117ja, rizikuoti ji nem\u0117gsta. Kelvinas Moris\u0117jus la\u017einasi, nes... visada laimi. Vis d\u0117lto lemtis u\u017eklumpa juos nepasiruo\u0161usius.","breadcrumb":{"@id":"https:\/\/skaitytaknyga.lt\/produktas\/jennifer-crusie-lazinames\/#breadcrumb"},"inLanguage":"en-GB","potentialAction":[{"@type":"ReadAction","target":["https:\/\/skaitytaknyga.lt\/produktas\/jennifer-crusie-lazinames\/"]}]},{"@type":"ImageObject","inLanguage":"en-GB","@id":"https:\/\/skaitytaknyga.lt\/produktas\/jennifer-crusie-lazinames\/#primaryimage","url":"https:\/\/skaitytaknyga.lt\/wp-content\/uploads\/2025\/04\/Jennifer-Crusie.-Lazinames-e1744351614162.jpg","contentUrl":"https:\/\/skaitytaknyga.lt\/wp-content\/uploads\/2025\/04\/Jennifer-Crusie.-Lazinames-e1744351614162.jpg","width":299,"height":468,"caption":"Jennifer Crusie. La\u017einam\u0117s"},{"@type":"BreadcrumbList","@id":"https:\/\/skaitytaknyga.lt\/produktas\/jennifer-crusie-lazinames\/#breadcrumb","itemListElement":[{"@type":"ListItem","position":1,"name":"Home","item":"https:\/\/skaitytaknyga.lt\/"},{"@type":"ListItem","position":2,"name":"Parduotuv\u0117","item":"https:\/\/skaitytaknyga.lt\/knygu-parduotuve\/"},{"@type":"ListItem","position":3,"name":"La\u017einam\u0117s"}]},{"@type":"WebSite","@id":"https:\/\/skaitytaknyga.lt\/#website","url":"https:\/\/skaitytaknyga.lt\/","name":"skaitytaknyga.lt","description":"Skaitytaknyga.lt \u2013 tai ma\u017eas \u0161eimos verslas, kuris prasid\u0117jo nuo meil\u0117s knygoms ir siekio i\u0161gelb\u0117ti knygas nuo likimo prie konteinerio. Kas vienam nereikalingas daiktas \u2013 kitam lobis, o mes esame tarpininkai, kurie padeda abiems tapti laimingesniems ???? \u017dinome kaip nelengva i\u0161gyventi ma\u017eiems verslams, tad nuo \u0161iol, \u010dia rasite ir kit\u0173, ma\u017e\u0173 \u0161eim\u0173 versl\u0173, rank\u0173 darbo, dovan\u0173 sau ir artimiesiems.","publisher":{"@id":"https:\/\/skaitytaknyga.lt\/#organization"},"potentialAction":[{"@type":"SearchAction","target":{"@type":"EntryPoint","urlTemplate":"https:\/\/skaitytaknyga.lt\/?s={search_term_string}"},"query-input":{"@type":"PropertyValueSpecification","valueRequired":true,"valueName":"search_term_string"}}],"inLanguage":"en-GB"},{"@type":"Organization","@id":"https:\/\/skaitytaknyga.lt\/#organization","name":"skaitytaknyga.lt","url":"https:\/\/skaitytaknyga.lt\/","logo":{"@type":"ImageObject","inLanguage":"en-GB","@id":"https:\/\/skaitytaknyga.lt\/#\/schema\/logo\/image\/","url":"https:\/\/skaitytaknyga.lt\/wp-content\/uploads\/2024\/05\/cropped-cropped-cropped-02_00843_jt3bggkj1j3HLc7SyY6rEUpg.jpeg","contentUrl":"https:\/\/skaitytaknyga.lt\/wp-content\/uploads\/2024\/05\/cropped-cropped-cropped-02_00843_jt3bggkj1j3HLc7SyY6rEUpg.jpeg","width":1600,"height":1600,"caption":"skaitytaknyga.lt"},"image":{"@id":"https:\/\/skaitytaknyga.lt\/#\/schema\/logo\/image\/"},"sameAs":["https:\/\/www.facebook.com\/skaitytaknyga\/"]}]}},"_links":{"self":[{"href":"https:\/\/skaitytaknyga.lt\/en\/wp-json\/wp\/v2\/product\/17700","targetHints":{"allow":["GET"]}}],"collection":[{"href":"https:\/\/skaitytaknyga.lt\/en\/wp-json\/wp\/v2\/product"}],"about":[{"href":"https:\/\/skaitytaknyga.lt\/en\/wp-json\/wp\/v2\/types\/product"}],"replies":[{"embeddable":true,"href":"https:\/\/skaitytaknyga.lt\/en\/wp-json\/wp\/v2\/comments?post=17700"}],"wp:featuredmedia":[{"embeddable":true,"href":"https:\/\/skaitytaknyga.lt\/en\/wp-json\/wp\/v2\/media\/17701"}],"wp:attachment":[{"href":"https:\/\/skaitytaknyga.lt\/en\/wp-json\/wp\/v2\/media?parent=17700"}],"wp:term":[{"taxonomy":"product_brand","embeddable":true,"href":"https:\/\/skaitytaknyga.lt\/en\/wp-json\/wp\/v2\/product_brand?post=17700"},{"taxonomy":"product_cat","embeddable":true,"href":"https:\/\/skaitytaknyga.lt\/en\/wp-json\/wp\/v2\/product_cat?post=17700"},{"taxonomy":"product_tag","embeddable":true,"href":"https:\/\/skaitytaknyga.lt\/en\/wp-json\/wp\/v2\/product_tag?post=17700"}],"curies":[{"name":"wp","href":"https:\/\/api.w.org\/{rel}","templated":true}]}}