{"id":17698,"date":"2025-04-11T09:04:27","date_gmt":"2025-04-11T06:04:27","guid":{"rendered":"https:\/\/skaitytaknyga.lt\/?post_type=product&#038;p=17698"},"modified":"2026-03-18T10:53:40","modified_gmt":"2026-03-18T08:53:40","slug":"vynuogynu-tyla","status":"publish","type":"product","link":"https:\/\/skaitytaknyga.lt\/en\/produktas\/vynuogynu-tyla\/","title":{"rendered":"Vynuogyn\u0173 tyla"},"content":{"rendered":"<p>Saul\u0117s nutvieksto San Sadurni miestelio apylink\u0117se noksta vynuog\u0117s. Kiek akys u\u017emato, plyti vynuogynai\u00a0\u2013 susodinti tiesiomis kaip stygos eil\u0117mis, saugiai prisiglaud\u0119 Monserato kalno pap\u0117d\u0117je.<\/p>\n<p>\u0160ioje idili\u0161koje vietoje klesti Brukart\u0173 \u0161eimos \u016bkis. R\u016bsi\u0173 labirintuose br\u0119sta tauriausias ir brangiausias putojantis vynas\u00a0\u2013 kava, o \u0161alia r\u016bsi\u0173 dunkso \u012fsp\u016bdingas XX am\u017eiaus prad\u017eios dvaras. Tai Auroros Brukart del Bas, stiprios, valdingos ir nepaprastai i\u0161did\u017eios moters, atitek\u0117jusios \u012f sen\u0105 ir garsi\u0105 vyndari\u0173 \u0161eim\u0105, vie\u0161patija.<\/p>\n<p><em>2007 met\u0173 bir\u017eelio 3-ioji.<\/em><\/p>\n<p><em>Lemtinga diena Brukart\u0173 \u0161eimai. Veda vyriausias s\u016bnus Bielis. \u012e ceremonij\u0105 susirenka visi Auroros vaikai: \u017derardas, \u017dana ir varg\u0161iukas keistuolis Martis. Visi, i\u0161skyrus numyl\u0117tin\u012f \u0160avjer\u0105, \u017derardo brol\u012f dvyn\u012f&#8230;<\/em><\/p>\n<p><em>Kod\u0117l \u0160avjero n\u0117ra tarp susirinkusi\u0173j\u0173?<\/em><\/p>\n<p><em>Pama\u017eu ima ai\u0161k\u0117ti, kad \u0161i\u0105 \u012ftaking\u0105, i\u0161 pa\u017ei\u016bros eleganti\u0161k\u0105 ir darni\u0105 \u0161eim\u0105 jau seniai i\u0161 vidaus griauna paslaptys, melas ir nutyl\u0117jimai, atleisti trukdan\u010dios ambicijos ir i\u0161didumas. Prasideda istorija, \u012fsukanti skaitytojus \u012f aistros, pavydo, i\u0161davyst\u0117s ir ker\u0161to verpet\u0105&#8230;<\/em><\/p>\n<p>\u0160i knyga\u00a0\u2013 tai ne tik audring\u0173 i\u0161gyvenim\u0173 ir slapt\u0173 aistr\u0173 pa\u017eym\u0117ta vienos galingos \u0161eimos, vyndari\u0173 dinastijos istorija, bet ir nepaprastai spalvinga kelion\u0117 \u012f legendinio kataloni\u0161ko putojan\u010dio vyno\u00a0\u2013 kavos\u00a0\u2013 pasaul\u012f.<\/p>\n<ul class=\"about-product d-none d-xl-block mt-4\">\n<li><strong>riginalus pavadinimas:<\/strong>\u00a0El silencio de las vinas<\/li>\n<li><strong>Autorius:<\/strong>\u00a0Gisela Pou<\/li>\n<li><strong>Leid\u0117jas:<\/strong>\u00a0Alma littera<\/li>\n<li><strong>Metai:<\/strong>\u00a02014<\/li>\n<li><strong>Puslapiai:<\/strong>\u00a0424<\/li>\n<li class=\"toggleable type-new-formats \"><strong>ISBN:<\/strong>\u00a09786090112984<\/li>\n<li><strong>Versijos kodas:<\/strong>\u00a0PT.<\/li>\n<li class=\"toggleable type-new-formats \"><strong>Formatas:<\/strong>\u00a023,5 x 14,3 cm, kieti vir\u0161eliai<\/li>\n<li><strong>Kalba:<\/strong>\u00a0Lietuvi\u0173<\/li>\n<li><strong>Vert\u0117jas:<\/strong>\u00a0Alma Naujokaitien\u0117<\/li>\n<\/ul>\n","protected":false},"excerpt":{"rendered":"<p>Saul\u0117s nutvieksto San Sadurni miestelio apylink\u0117se noksta vynuog\u0117s. Kiek akys u\u017emato, plyti vynuogynai\u00a0\u2013 susodinti tiesiomis kaip stygos eil\u0117mis, saugiai prisiglaud\u0119 Monserato kalno pap\u0117d\u0117je. \u0160ioje idili\u0161koje vietoje klesti Brukart\u0173 \u0161eimos \u016bkis. R\u016bsi\u0173 labirintuose br\u0119sta tauriausias ir brangiausias putojantis vynas\u00a0\u2013 kava, o \u0161alia r\u016bsi\u0173 dunkso \u012fsp\u016bdingas XX am\u017eiaus prad\u017eios dvaras. Tai Auroros Brukart del Bas, stiprios, valdingos ir nepaprastai i\u0161did\u017eios moters, atitek\u0117jusios \u012f sen\u0105 ir garsi\u0105 vyndari\u0173 \u0161eim\u0105, vie\u0161patija. 2007 met\u0173 bir\u017eelio 3-ioji. Lemtinga diena Brukart\u0173 \u0161eimai. Veda vyriausias s\u016bnus Bielis. \u012e ceremonij\u0105 susirenka visi Auroros vaikai: \u017derardas, \u017dana ir varg\u0161iukas keistuolis Martis. Visi, i\u0161skyrus numyl\u0117tin\u012f \u0160avjer\u0105, \u017derardo brol\u012f dvyn\u012f&#8230; Kod\u0117l \u0160avjero n\u0117ra tarp susirinkusi\u0173j\u0173? Pama\u017eu ima ai\u0161k\u0117ti, kad \u0161i\u0105 \u012ftaking\u0105, i\u0161 pa\u017ei\u016bros eleganti\u0161k\u0105 ir darni\u0105 \u0161eim\u0105 jau seniai i\u0161 vidaus griauna paslaptys, melas ir nutyl\u0117jimai, atleisti trukdan\u010dios ambicijos ir i\u0161didumas. Prasideda istorija, \u012fsukanti skaitytojus \u012f aistros, pavydo, i\u0161davyst\u0117s ir ker\u0161to verpet\u0105&#8230; \u0160i knyga\u00a0\u2013 tai ne tik audring\u0173 i\u0161gyvenim\u0173 ir slapt\u0173 aistr\u0173 pa\u017eym\u0117ta vienos galingos \u0161eimos, vyndari\u0173 dinastijos istorija, bet ir nepaprastai spalvinga kelion\u0117 \u012f legendinio kataloni\u0161ko putojan\u010dio vyno\u00a0\u2013 kavos\u00a0\u2013 pasaul\u012f. riginalus pavadinimas:\u00a0El silencio de las vinas Autorius:\u00a0Gisela Pou Leid\u0117jas:\u00a0Alma littera Metai:\u00a02014 Puslapiai:\u00a0424 ISBN:\u00a09786090112984 Versijos kodas:\u00a0PT. Formatas:\u00a023,5 x 14,3 cm, kieti vir\u0161eliai Kalba:\u00a0Lietuvi\u0173 Vert\u0117jas:\u00a0Alma Naujokaitien\u0117<\/p>\n","protected":false},"featured_media":17699,"comment_status":"open","ping_status":"closed","template":"","meta":{"_acf_changed":false,"site-sidebar-layout":"default","site-content-layout":"","ast-site-content-layout":"default","site-content-style":"default","site-sidebar-style":"default","ast-global-header-display":"","ast-banner-title-visibility":"","ast-main-header-display":"","ast-hfb-above-header-display":"","ast-hfb-below-header-display":"","ast-hfb-mobile-header-display":"","site-post-title":"","ast-breadcrumbs-content":"","ast-featured-img":"","footer-sml-layout":"","ast-disable-related-posts":"","theme-transparent-header-meta":"default","adv-header-id-meta":"","stick-header-meta":"","header-above-stick-meta":"","header-main-stick-meta":"","header-below-stick-meta":"","astra-migrate-meta-layouts":"set","ast-page-background-enabled":"default","ast-page-background-meta":{"desktop":{"background-color":"","background-image":"","background-repeat":"repeat","background-position":"center center","background-size":"auto","background-attachment":"scroll","background-type":"","background-media":"","overlay-type":"","overlay-color":"","overlay-opacity":"","overlay-gradient":""},"tablet":{"background-color":"","background-image":"","background-repeat":"repeat","background-position":"center center","background-size":"auto","background-attachment":"scroll","background-type":"","background-media":"","overlay-type":"","overlay-color":"","overlay-opacity":"","overlay-gradient":""},"mobile":{"background-color":"","background-image":"","background-repeat":"repeat","background-position":"center center","background-size":"auto","background-attachment":"scroll","background-type":"","background-media":"","overlay-type":"","overlay-color":"","overlay-opacity":"","overlay-gradient":""}},"ast-content-background-meta":{"desktop":{"background-color":"var(--ast-global-color-4)","background-image":"","background-repeat":"repeat","background-position":"center center","background-size":"auto","background-attachment":"scroll","background-type":"","background-media":"","overlay-type":"","overlay-color":"","overlay-opacity":"","overlay-gradient":""},"tablet":{"background-color":"var(--ast-global-color-4)","background-image":"","background-repeat":"repeat","background-position":"center center","background-size":"auto","background-attachment":"scroll","background-type":"","background-media":"","overlay-type":"","overlay-color":"","overlay-opacity":"","overlay-gradient":""},"mobile":{"background-color":"var(--ast-global-color-4)","background-image":"","background-repeat":"repeat","background-position":"center center","background-size":"auto","background-attachment":"scroll","background-type":"","background-media":"","overlay-type":"","overlay-color":"","overlay-opacity":"","overlay-gradient":""}}},"product_brand":[],"product_cat":[9734],"product_tag":[2901,3693,3533,2390,3695,3694],"class_list":{"0":"post-17698","1":"product","2":"type-product","3":"status-publish","4":"has-post-thumbnail","6":"product_cat-romanai","7":"product_tag-drama","8":"product_tag-gisela-pou","9":"product_tag-istorinis","10":"product_tag-seimos-saga","11":"product_tag-vingiai","12":"product_tag-vynuogynu-tyla","13":"desktop-align-left","14":"tablet-align-left","15":"mobile-align-left","17":"first","18":"instock","19":"shipping-taxable","20":"purchasable","21":"product-type-simple"},"acf":[],"yoast_head":"<!-- This site is optimized with the Yoast SEO plugin v27.0 - https:\/\/yoast.com\/product\/yoast-seo-wordpress\/ -->\n<title>Vynuogyn\u0173 tyla<\/title>\n<meta name=\"description\" content=\"Saul\u0117s nutvieksto San Sadurni miestelio apylink\u0117se noksta vynuog\u0117s. Kiek akys u\u017emato, plyti vynuogynai\u00a0\u2013 susodinti tiesiomis kaip stygos eil\u0117mis, saugiai\" \/>\n<meta name=\"robots\" content=\"index, follow, max-snippet:-1, max-image-preview:large, max-video-preview:-1\" \/>\n<link rel=\"canonical\" href=\"https:\/\/skaitytaknyga.lt\/en\/produktas\/vynuogynu-tyla\/\" \/>\n<meta property=\"og:locale\" content=\"en_GB\" \/>\n<meta property=\"og:locale:alternate\" content=\"lt_LT\" \/>\n<meta property=\"og:type\" content=\"article\" \/>\n<meta property=\"og:title\" content=\"Vynuogyn\u0173 tyla\" \/>\n<meta property=\"og:description\" content=\"Saul\u0117s nutvieksto San Sadurni miestelio apylink\u0117se noksta vynuog\u0117s. Kiek akys u\u017emato, plyti vynuogynai\u00a0\u2013 susodinti tiesiomis kaip stygos eil\u0117mis, saugiai\" \/>\n<meta property=\"og:url\" content=\"https:\/\/skaitytaknyga.lt\/en\/produktas\/vynuogynu-tyla\/\" \/>\n<meta property=\"og:site_name\" content=\"Skaitytaknyga\" \/>\n<meta property=\"article:publisher\" content=\"https:\/\/www.facebook.com\/skaitytaknyga\/\" \/>\n<meta property=\"article:modified_time\" content=\"2026-03-18T08:53:40+00:00\" \/>\n<meta property=\"og:image\" content=\"https:\/\/skaitytaknyga.lt\/wp-content\/uploads\/2025\/04\/Vynuogynu-tyla.webp\" \/>\n\t<meta property=\"og:image:width\" content=\"458\" \/>\n\t<meta property=\"og:image:height\" content=\"750\" \/>\n\t<meta property=\"og:image:type\" content=\"image\/webp\" \/>\n<meta name=\"twitter:card\" content=\"summary_large_image\" \/>\n<meta name=\"twitter:label1\" content=\"Estimated reading time\" \/>\n\t<meta name=\"twitter:data1\" content=\"2 minutes\" \/>\n<script type=\"application\/ld+json\" class=\"yoast-schema-graph\">{\"@context\":\"https:\/\/schema.org\",\"@graph\":[{\"@type\":\"WebPage\",\"@id\":\"https:\/\/skaitytaknyga.lt\/produktas\/vynuogynu-tyla\/\",\"url\":\"https:\/\/skaitytaknyga.lt\/produktas\/vynuogynu-tyla\/\",\"name\":\"Vynuogyn\u0173 tyla\",\"isPartOf\":{\"@id\":\"https:\/\/skaitytaknyga.lt\/#website\"},\"primaryImageOfPage\":{\"@id\":\"https:\/\/skaitytaknyga.lt\/produktas\/vynuogynu-tyla\/#primaryimage\"},\"image\":{\"@id\":\"https:\/\/skaitytaknyga.lt\/produktas\/vynuogynu-tyla\/#primaryimage\"},\"thumbnailUrl\":\"https:\/\/skaitytaknyga.lt\/wp-content\/uploads\/2025\/04\/Vynuogynu-tyla.webp\",\"datePublished\":\"2025-04-11T06:04:27+00:00\",\"dateModified\":\"2026-03-18T08:53:40+00:00\",\"description\":\"Saul\u0117s nutvieksto San Sadurni miestelio apylink\u0117se noksta vynuog\u0117s. Kiek akys u\u017emato, plyti vynuogynai\u00a0\u2013 susodinti tiesiomis kaip stygos eil\u0117mis, saugiai\",\"breadcrumb\":{\"@id\":\"https:\/\/skaitytaknyga.lt\/produktas\/vynuogynu-tyla\/#breadcrumb\"},\"inLanguage\":\"en-GB\",\"potentialAction\":[{\"@type\":\"ReadAction\",\"target\":[\"https:\/\/skaitytaknyga.lt\/produktas\/vynuogynu-tyla\/\"]}]},{\"@type\":\"ImageObject\",\"inLanguage\":\"en-GB\",\"@id\":\"https:\/\/skaitytaknyga.lt\/produktas\/vynuogynu-tyla\/#primaryimage\",\"url\":\"https:\/\/skaitytaknyga.lt\/wp-content\/uploads\/2025\/04\/Vynuogynu-tyla.webp\",\"contentUrl\":\"https:\/\/skaitytaknyga.lt\/wp-content\/uploads\/2025\/04\/Vynuogynu-tyla.webp\",\"width\":458,\"height\":750,\"caption\":\"Vynuogyn\u0173 tyla\"},{\"@type\":\"BreadcrumbList\",\"@id\":\"https:\/\/skaitytaknyga.lt\/produktas\/vynuogynu-tyla\/#breadcrumb\",\"itemListElement\":[{\"@type\":\"ListItem\",\"position\":1,\"name\":\"Home\",\"item\":\"https:\/\/skaitytaknyga.lt\/\"},{\"@type\":\"ListItem\",\"position\":2,\"name\":\"Parduotuv\u0117\",\"item\":\"https:\/\/skaitytaknyga.lt\/knygu-parduotuve\/\"},{\"@type\":\"ListItem\",\"position\":3,\"name\":\"Vynuogyn\u0173 tyla\"}]},{\"@type\":\"WebSite\",\"@id\":\"https:\/\/skaitytaknyga.lt\/#website\",\"url\":\"https:\/\/skaitytaknyga.lt\/\",\"name\":\"skaitytaknyga.lt\",\"description\":\"Skaitytaknyga.lt \u2013 tai ma\u017eas \u0161eimos verslas, kuris prasid\u0117jo nuo meil\u0117s knygoms ir siekio i\u0161gelb\u0117ti knygas nuo likimo prie konteinerio. Kas vienam nereikalingas daiktas \u2013 kitam lobis, o mes esame tarpininkai, kurie padeda abiems tapti laimingesniems ???? \u017dinome kaip nelengva i\u0161gyventi ma\u017eiems verslams, tad nuo \u0161iol, \u010dia rasite ir kit\u0173, ma\u017e\u0173 \u0161eim\u0173 versl\u0173, rank\u0173 darbo, dovan\u0173 sau ir artimiesiems.\",\"publisher\":{\"@id\":\"https:\/\/skaitytaknyga.lt\/#organization\"},\"potentialAction\":[{\"@type\":\"SearchAction\",\"target\":{\"@type\":\"EntryPoint\",\"urlTemplate\":\"https:\/\/skaitytaknyga.lt\/?s={search_term_string}\"},\"query-input\":{\"@type\":\"PropertyValueSpecification\",\"valueRequired\":true,\"valueName\":\"search_term_string\"}}],\"inLanguage\":\"en-GB\"},{\"@type\":\"Organization\",\"@id\":\"https:\/\/skaitytaknyga.lt\/#organization\",\"name\":\"skaitytaknyga.lt\",\"url\":\"https:\/\/skaitytaknyga.lt\/\",\"logo\":{\"@type\":\"ImageObject\",\"inLanguage\":\"en-GB\",\"@id\":\"https:\/\/skaitytaknyga.lt\/#\/schema\/logo\/image\/\",\"url\":\"https:\/\/skaitytaknyga.lt\/wp-content\/uploads\/2024\/05\/cropped-cropped-cropped-02_00843_jt3bggkj1j3HLc7SyY6rEUpg.jpeg\",\"contentUrl\":\"https:\/\/skaitytaknyga.lt\/wp-content\/uploads\/2024\/05\/cropped-cropped-cropped-02_00843_jt3bggkj1j3HLc7SyY6rEUpg.jpeg\",\"width\":1600,\"height\":1600,\"caption\":\"skaitytaknyga.lt\"},\"image\":{\"@id\":\"https:\/\/skaitytaknyga.lt\/#\/schema\/logo\/image\/\"},\"sameAs\":[\"https:\/\/www.facebook.com\/skaitytaknyga\/\"]}]}<\/script>\n<!-- \/ Yoast SEO plugin. -->","yoast_head_json":{"title":"Vynuogyn\u0173 tyla","description":"Saul\u0117s nutvieksto San Sadurni miestelio apylink\u0117se noksta vynuog\u0117s. Kiek akys u\u017emato, plyti vynuogynai\u00a0\u2013 susodinti tiesiomis kaip stygos eil\u0117mis, saugiai","robots":{"index":"index","follow":"follow","max-snippet":"max-snippet:-1","max-image-preview":"max-image-preview:large","max-video-preview":"max-video-preview:-1"},"canonical":"https:\/\/skaitytaknyga.lt\/en\/produktas\/vynuogynu-tyla\/","og_locale":"en_GB","og_type":"article","og_title":"[:lt]Vynuogyn\u0173 tyla[:] - Skaitytaknyga","og_description":"Saul\u0117s nutvieksto San Sadurni miestelio apylink\u0117se noksta vynuog\u0117s. Kiek akys u\u017emato, plyti vynuogynai\u00a0\u2013 susodinti tiesiomis kaip stygos eil\u0117mis, saugiai","og_url":"https:\/\/skaitytaknyga.lt\/en\/produktas\/vynuogynu-tyla\/","og_site_name":"Skaitytaknyga","article_publisher":"https:\/\/www.facebook.com\/skaitytaknyga\/","article_modified_time":"2026-03-18T08:53:40+00:00","og_image":[{"width":458,"height":750,"url":"https:\/\/skaitytaknyga.lt\/wp-content\/uploads\/2025\/04\/Vynuogynu-tyla.webp","type":"image\/webp"}],"twitter_card":"summary_large_image","twitter_misc":{"Estimated reading time":"2 minutes"},"schema":{"@context":"https:\/\/schema.org","@graph":[{"@type":"WebPage","@id":"https:\/\/skaitytaknyga.lt\/produktas\/vynuogynu-tyla\/","url":"https:\/\/skaitytaknyga.lt\/produktas\/vynuogynu-tyla\/","name":"Vynuogyn\u0173 tyla","isPartOf":{"@id":"https:\/\/skaitytaknyga.lt\/#website"},"primaryImageOfPage":{"@id":"https:\/\/skaitytaknyga.lt\/produktas\/vynuogynu-tyla\/#primaryimage"},"image":{"@id":"https:\/\/skaitytaknyga.lt\/produktas\/vynuogynu-tyla\/#primaryimage"},"thumbnailUrl":"https:\/\/skaitytaknyga.lt\/wp-content\/uploads\/2025\/04\/Vynuogynu-tyla.webp","datePublished":"2025-04-11T06:04:27+00:00","dateModified":"2026-03-18T08:53:40+00:00","description":"Saul\u0117s nutvieksto San Sadurni miestelio apylink\u0117se noksta vynuog\u0117s. Kiek akys u\u017emato, plyti vynuogynai\u00a0\u2013 susodinti tiesiomis kaip stygos eil\u0117mis, saugiai","breadcrumb":{"@id":"https:\/\/skaitytaknyga.lt\/produktas\/vynuogynu-tyla\/#breadcrumb"},"inLanguage":"en-GB","potentialAction":[{"@type":"ReadAction","target":["https:\/\/skaitytaknyga.lt\/produktas\/vynuogynu-tyla\/"]}]},{"@type":"ImageObject","inLanguage":"en-GB","@id":"https:\/\/skaitytaknyga.lt\/produktas\/vynuogynu-tyla\/#primaryimage","url":"https:\/\/skaitytaknyga.lt\/wp-content\/uploads\/2025\/04\/Vynuogynu-tyla.webp","contentUrl":"https:\/\/skaitytaknyga.lt\/wp-content\/uploads\/2025\/04\/Vynuogynu-tyla.webp","width":458,"height":750,"caption":"Vynuogyn\u0173 tyla"},{"@type":"BreadcrumbList","@id":"https:\/\/skaitytaknyga.lt\/produktas\/vynuogynu-tyla\/#breadcrumb","itemListElement":[{"@type":"ListItem","position":1,"name":"Home","item":"https:\/\/skaitytaknyga.lt\/"},{"@type":"ListItem","position":2,"name":"Parduotuv\u0117","item":"https:\/\/skaitytaknyga.lt\/knygu-parduotuve\/"},{"@type":"ListItem","position":3,"name":"Vynuogyn\u0173 tyla"}]},{"@type":"WebSite","@id":"https:\/\/skaitytaknyga.lt\/#website","url":"https:\/\/skaitytaknyga.lt\/","name":"skaitytaknyga.lt","description":"Skaitytaknyga.lt \u2013 tai ma\u017eas \u0161eimos verslas, kuris prasid\u0117jo nuo meil\u0117s knygoms ir siekio i\u0161gelb\u0117ti knygas nuo likimo prie konteinerio. Kas vienam nereikalingas daiktas \u2013 kitam lobis, o mes esame tarpininkai, kurie padeda abiems tapti laimingesniems ???? \u017dinome kaip nelengva i\u0161gyventi ma\u017eiems verslams, tad nuo \u0161iol, \u010dia rasite ir kit\u0173, ma\u017e\u0173 \u0161eim\u0173 versl\u0173, rank\u0173 darbo, dovan\u0173 sau ir artimiesiems.","publisher":{"@id":"https:\/\/skaitytaknyga.lt\/#organization"},"potentialAction":[{"@type":"SearchAction","target":{"@type":"EntryPoint","urlTemplate":"https:\/\/skaitytaknyga.lt\/?s={search_term_string}"},"query-input":{"@type":"PropertyValueSpecification","valueRequired":true,"valueName":"search_term_string"}}],"inLanguage":"en-GB"},{"@type":"Organization","@id":"https:\/\/skaitytaknyga.lt\/#organization","name":"skaitytaknyga.lt","url":"https:\/\/skaitytaknyga.lt\/","logo":{"@type":"ImageObject","inLanguage":"en-GB","@id":"https:\/\/skaitytaknyga.lt\/#\/schema\/logo\/image\/","url":"https:\/\/skaitytaknyga.lt\/wp-content\/uploads\/2024\/05\/cropped-cropped-cropped-02_00843_jt3bggkj1j3HLc7SyY6rEUpg.jpeg","contentUrl":"https:\/\/skaitytaknyga.lt\/wp-content\/uploads\/2024\/05\/cropped-cropped-cropped-02_00843_jt3bggkj1j3HLc7SyY6rEUpg.jpeg","width":1600,"height":1600,"caption":"skaitytaknyga.lt"},"image":{"@id":"https:\/\/skaitytaknyga.lt\/#\/schema\/logo\/image\/"},"sameAs":["https:\/\/www.facebook.com\/skaitytaknyga\/"]}]}},"_links":{"self":[{"href":"https:\/\/skaitytaknyga.lt\/en\/wp-json\/wp\/v2\/product\/17698","targetHints":{"allow":["GET"]}}],"collection":[{"href":"https:\/\/skaitytaknyga.lt\/en\/wp-json\/wp\/v2\/product"}],"about":[{"href":"https:\/\/skaitytaknyga.lt\/en\/wp-json\/wp\/v2\/types\/product"}],"replies":[{"embeddable":true,"href":"https:\/\/skaitytaknyga.lt\/en\/wp-json\/wp\/v2\/comments?post=17698"}],"wp:featuredmedia":[{"embeddable":true,"href":"https:\/\/skaitytaknyga.lt\/en\/wp-json\/wp\/v2\/media\/17699"}],"wp:attachment":[{"href":"https:\/\/skaitytaknyga.lt\/en\/wp-json\/wp\/v2\/media?parent=17698"}],"wp:term":[{"taxonomy":"product_brand","embeddable":true,"href":"https:\/\/skaitytaknyga.lt\/en\/wp-json\/wp\/v2\/product_brand?post=17698"},{"taxonomy":"product_cat","embeddable":true,"href":"https:\/\/skaitytaknyga.lt\/en\/wp-json\/wp\/v2\/product_cat?post=17698"},{"taxonomy":"product_tag","embeddable":true,"href":"https:\/\/skaitytaknyga.lt\/en\/wp-json\/wp\/v2\/product_tag?post=17698"}],"curies":[{"name":"wp","href":"https:\/\/api.w.org\/{rel}","templated":true}]}}