{"id":17695,"date":"2025-04-11T08:22:56","date_gmt":"2025-04-11T05:22:56","guid":{"rendered":"https:\/\/skaitytaknyga.lt\/?post_type=product&#038;p=17695"},"modified":"2025-06-03T17:48:55","modified_gmt":"2025-06-03T14:48:55","slug":"vilku-prakeiksmas","status":"publish","type":"product","link":"https:\/\/skaitytaknyga.lt\/en\/produktas\/vilku-prakeiksmas\/","title":{"rendered":"Vilk\u0173 prakeiksmas"},"content":{"rendered":"<p>Jaudinantis knygos \u201eNakties \u0161e\u0161\u0117lis\u201c t\u0119sinys.<\/p>\n<p>Atsipeik\u0117jusi savo mirtin\u0173 prie\u0161\u0173 \u2013 Persekiotoj\u0173 \u2013 b\u016bstin\u0117je Kala Tor neabejoja, kad jos dienos suskai\u010diuotos. Ta\u010diau Persekiotojai pasi\u016blo sudaryti s\u0105jung\u0105. Pri\u0117musi \u0161\u012f si\u016blym\u0105 Kala gaut\u0173 galimyb\u0119 sunaikinti buvusius valdovus ir i\u0161gelb\u0117ti savo gauj\u0105 bei Ren\u0117.<\/p>\n<p>Bet ar verta d\u0117l Ren\u0117 rizikuoti gyvybe? Ar \u0160\u0117jus su tuo taikstysis?<\/p>\n<p>Art\u0117ja valanda, kai Kala prival\u0117s pasirinkti, kieno pus\u0117n stoti, ir nulemti savo pa\u010dios ir kit\u0173 likim\u0105&#8230;<\/p>\n<p>Kiek i\u0161bandym\u0173 gali i\u0161tverti meil\u0117?<\/p>\n<p>\u0160i knyga tai jausminga ir u\u017eburianti istorija apie u\u017edraust\u0105 meil\u0119, likimo vingius ir vilkolakius, \u012fsitraukusius \u012f am\u017ein\u0105 ragani\u0173 kar\u0105.<\/p>\n<ul class=\"about-product d-none d-xl-block mt-4\">\n<li><strong>Originalus pavadinimas:<\/strong>\u00a0Wolfsbane<\/li>\n<li><strong>Autorius:<\/strong>\u00a0<a href=\"https:\/\/skaitytaknyga.lt\/?s=cremer&#038;post_type=product&#038;dgwt_wcas=1\">Andrea Cremer<\/a><\/li>\n<li><strong>Leid\u0117jas:<\/strong>\u00a0Alma littera<\/li>\n<li><strong>Metai:<\/strong>\u00a02012<\/li>\n<li><strong>Puslapiai:<\/strong>\u00a0432<\/li>\n<li class=\"toggleable type-new-formats \"><strong>ISBN:<\/strong>\u00a09786090106280<\/li>\n<li><strong>Versijos kodas:<\/strong>\u00a0PT.<\/li>\n<li class=\"toggleable type-new-formats \"><strong>Formatas:<\/strong>\u00a021,5 x 14,5 cm, kieti vir\u0161eliai<\/li>\n<li><strong>Kalba:<\/strong>\u00a0Lietuvi\u0173<\/li>\n<li><strong>Vert\u0117jas:<\/strong>\u00a0Simona Kaziukonyt\u0117<\/li>\n<\/ul>\n","protected":false},"excerpt":{"rendered":"<p>Jaudinantis knygos \u201eNakties \u0161e\u0161\u0117lis\u201c t\u0119sinys. Atsipeik\u0117jusi savo mirtin\u0173 prie\u0161\u0173 \u2013 Persekiotoj\u0173 \u2013 b\u016bstin\u0117je Kala Tor neabejoja, kad jos dienos suskai\u010diuotos. Ta\u010diau Persekiotojai pasi\u016blo sudaryti s\u0105jung\u0105. Pri\u0117musi \u0161\u012f si\u016blym\u0105 Kala gaut\u0173 galimyb\u0119 sunaikinti buvusius valdovus ir i\u0161gelb\u0117ti savo gauj\u0105 bei Ren\u0117. Bet ar verta d\u0117l Ren\u0117 rizikuoti gyvybe? Ar \u0160\u0117jus su tuo taikstysis? Art\u0117ja valanda, kai Kala prival\u0117s pasirinkti, kieno pus\u0117n stoti, ir nulemti savo pa\u010dios ir kit\u0173 likim\u0105&#8230; Kiek i\u0161bandym\u0173 gali i\u0161tverti meil\u0117? \u0160i knyga tai jausminga ir u\u017eburianti istorija apie u\u017edraust\u0105 meil\u0119, likimo vingius ir vilkolakius, \u012fsitraukusius \u012f am\u017ein\u0105 ragani\u0173 kar\u0105. Originalus pavadinimas:\u00a0Wolfsbane Autorius:\u00a0Andrea Cremer Leid\u0117jas:\u00a0Alma littera Metai:\u00a02012 Puslapiai:\u00a0432 ISBN:\u00a09786090106280 Versijos kodas:\u00a0PT. Formatas:\u00a021,5 x 14,5 cm, kieti vir\u0161eliai Kalba:\u00a0Lietuvi\u0173 Vert\u0117jas:\u00a0Simona Kaziukonyt\u0117<\/p>\n","protected":false},"featured_media":17694,"comment_status":"open","ping_status":"closed","template":"","meta":{"_acf_changed":false,"site-sidebar-layout":"default","site-content-layout":"","ast-site-content-layout":"default","site-content-style":"default","site-sidebar-style":"default","ast-global-header-display":"","ast-banner-title-visibility":"","ast-main-header-display":"","ast-hfb-above-header-display":"","ast-hfb-below-header-display":"","ast-hfb-mobile-header-display":"","site-post-title":"","ast-breadcrumbs-content":"","ast-featured-img":"","footer-sml-layout":"","ast-disable-related-posts":"","theme-transparent-header-meta":"default","adv-header-id-meta":"","stick-header-meta":"","header-above-stick-meta":"","header-main-stick-meta":"","header-below-stick-meta":"","astra-migrate-meta-layouts":"set","ast-page-background-enabled":"default","ast-page-background-meta":{"desktop":{"background-color":"","background-image":"","background-repeat":"repeat","background-position":"center center","background-size":"auto","background-attachment":"scroll","background-type":"","background-media":"","overlay-type":"","overlay-color":"","overlay-opacity":"","overlay-gradient":""},"tablet":{"background-color":"","background-image":"","background-repeat":"repeat","background-position":"center center","background-size":"auto","background-attachment":"scroll","background-type":"","background-media":"","overlay-type":"","overlay-color":"","overlay-opacity":"","overlay-gradient":""},"mobile":{"background-color":"","background-image":"","background-repeat":"repeat","background-position":"center center","background-size":"auto","background-attachment":"scroll","background-type":"","background-media":"","overlay-type":"","overlay-color":"","overlay-opacity":"","overlay-gradient":""}},"ast-content-background-meta":{"desktop":{"background-color":"var(--ast-global-color-4)","background-image":"","background-repeat":"repeat","background-position":"center center","background-size":"auto","background-attachment":"scroll","background-type":"","background-media":"","overlay-type":"","overlay-color":"","overlay-opacity":"","overlay-gradient":""},"tablet":{"background-color":"var(--ast-global-color-4)","background-image":"","background-repeat":"repeat","background-position":"center center","background-size":"auto","background-attachment":"scroll","background-type":"","background-media":"","overlay-type":"","overlay-color":"","overlay-opacity":"","overlay-gradient":""},"mobile":{"background-color":"var(--ast-global-color-4)","background-image":"","background-repeat":"repeat","background-position":"center center","background-size":"auto","background-attachment":"scroll","background-type":"","background-media":"","overlay-type":"","overlay-color":"","overlay-opacity":"","overlay-gradient":""}}},"product_brand":[],"product_cat":[31,15],"product_tag":[3583,1504,2489,1796,3691,3690],"class_list":{"0":"post-17695","1":"product","2":"type-product","3":"status-publish","4":"has-post-thumbnail","6":"product_cat-grozine-literatura","7":"product_cat-uncategorized","8":"product_tag-andrea-cremer","9":"product_tag-fantastika","10":"product_tag-jaunimo-literatura","11":"product_tag-meile","12":"product_tag-vilkai","13":"product_tag-vilku-prakeiksmas","14":"desktop-align-left","15":"tablet-align-left","16":"mobile-align-left","18":"first","19":"outofstock","20":"shipping-taxable","21":"purchasable","22":"product-type-simple"},"acf":[],"yoast_head":"<!-- This site is optimized with the Yoast SEO plugin v27.0 - https:\/\/yoast.com\/product\/yoast-seo-wordpress\/ -->\n<title>Vilk\u0173 prakeiksmas<\/title>\n<meta name=\"description\" content=\"Jaudinantis knygos \u201eNakties \u0161e\u0161\u0117lis\u201c t\u0119sinys. Atsipeik\u0117jusi savo mirtin\u0173 prie\u0161\u0173 \u2013 Persekiotoj\u0173 \u2013 b\u016bstin\u0117je Kala Tor neabejoja, kad jos dienos\" \/>\n<meta name=\"robots\" content=\"index, follow, max-snippet:-1, max-image-preview:large, max-video-preview:-1\" \/>\n<link rel=\"canonical\" href=\"https:\/\/skaitytaknyga.lt\/en\/produktas\/vilku-prakeiksmas\/\" \/>\n<meta property=\"og:locale\" content=\"en_GB\" \/>\n<meta property=\"og:locale:alternate\" content=\"lt_LT\" \/>\n<meta property=\"og:type\" content=\"article\" \/>\n<meta property=\"og:title\" content=\"Vilk\u0173 prakeiksmas\" \/>\n<meta property=\"og:description\" content=\"Jaudinantis knygos \u201eNakties \u0161e\u0161\u0117lis\u201c t\u0119sinys. Atsipeik\u0117jusi savo mirtin\u0173 prie\u0161\u0173 \u2013 Persekiotoj\u0173 \u2013 b\u016bstin\u0117je Kala Tor neabejoja, kad jos dienos\" \/>\n<meta property=\"og:url\" content=\"https:\/\/skaitytaknyga.lt\/en\/produktas\/vilku-prakeiksmas\/\" \/>\n<meta property=\"og:site_name\" content=\"Skaitytaknyga\" \/>\n<meta property=\"article:publisher\" content=\"https:\/\/www.facebook.com\/skaitytaknyga\/\" \/>\n<meta property=\"article:modified_time\" content=\"2025-06-03T14:48:55+00:00\" \/>\n<meta property=\"og:image\" content=\"https:\/\/skaitytaknyga.lt\/wp-content\/uploads\/2025\/04\/Vilku-prakeiksmas.webp\" \/>\n\t<meta property=\"og:image:width\" content=\"393\" \/>\n\t<meta property=\"og:image:height\" content=\"585\" \/>\n\t<meta property=\"og:image:type\" content=\"image\/webp\" \/>\n<meta name=\"twitter:card\" content=\"summary_large_image\" \/>\n<meta name=\"twitter:label1\" content=\"Estimated reading time\" \/>\n\t<meta name=\"twitter:data1\" content=\"1 minute\" \/>\n<script type=\"application\/ld+json\" class=\"yoast-schema-graph\">{\"@context\":\"https:\/\/schema.org\",\"@graph\":[{\"@type\":\"WebPage\",\"@id\":\"https:\/\/skaitytaknyga.lt\/produktas\/vilku-prakeiksmas\/\",\"url\":\"https:\/\/skaitytaknyga.lt\/produktas\/vilku-prakeiksmas\/\",\"name\":\"Vilk\u0173 prakeiksmas\",\"isPartOf\":{\"@id\":\"https:\/\/skaitytaknyga.lt\/#website\"},\"primaryImageOfPage\":{\"@id\":\"https:\/\/skaitytaknyga.lt\/produktas\/vilku-prakeiksmas\/#primaryimage\"},\"image\":{\"@id\":\"https:\/\/skaitytaknyga.lt\/produktas\/vilku-prakeiksmas\/#primaryimage\"},\"thumbnailUrl\":\"https:\/\/skaitytaknyga.lt\/wp-content\/uploads\/2025\/04\/Vilku-prakeiksmas.webp\",\"datePublished\":\"2025-04-11T05:22:56+00:00\",\"dateModified\":\"2025-06-03T14:48:55+00:00\",\"description\":\"Jaudinantis knygos \u201eNakties \u0161e\u0161\u0117lis\u201c t\u0119sinys. Atsipeik\u0117jusi savo mirtin\u0173 prie\u0161\u0173 \u2013 Persekiotoj\u0173 \u2013 b\u016bstin\u0117je Kala Tor neabejoja, kad jos dienos\",\"breadcrumb\":{\"@id\":\"https:\/\/skaitytaknyga.lt\/produktas\/vilku-prakeiksmas\/#breadcrumb\"},\"inLanguage\":\"en-GB\",\"potentialAction\":[{\"@type\":\"ReadAction\",\"target\":[\"https:\/\/skaitytaknyga.lt\/produktas\/vilku-prakeiksmas\/\"]}]},{\"@type\":\"ImageObject\",\"inLanguage\":\"en-GB\",\"@id\":\"https:\/\/skaitytaknyga.lt\/produktas\/vilku-prakeiksmas\/#primaryimage\",\"url\":\"https:\/\/skaitytaknyga.lt\/wp-content\/uploads\/2025\/04\/Vilku-prakeiksmas.webp\",\"contentUrl\":\"https:\/\/skaitytaknyga.lt\/wp-content\/uploads\/2025\/04\/Vilku-prakeiksmas.webp\",\"width\":393,\"height\":585,\"caption\":\"Vilk\u0173 prakeiksmas\"},{\"@type\":\"BreadcrumbList\",\"@id\":\"https:\/\/skaitytaknyga.lt\/produktas\/vilku-prakeiksmas\/#breadcrumb\",\"itemListElement\":[{\"@type\":\"ListItem\",\"position\":1,\"name\":\"Home\",\"item\":\"https:\/\/skaitytaknyga.lt\/\"},{\"@type\":\"ListItem\",\"position\":2,\"name\":\"Parduotuv\u0117\",\"item\":\"https:\/\/skaitytaknyga.lt\/knygu-parduotuve\/\"},{\"@type\":\"ListItem\",\"position\":3,\"name\":\"Vilk\u0173 prakeiksmas\"}]},{\"@type\":\"WebSite\",\"@id\":\"https:\/\/skaitytaknyga.lt\/#website\",\"url\":\"https:\/\/skaitytaknyga.lt\/\",\"name\":\"skaitytaknyga.lt\",\"description\":\"Skaitytaknyga.lt \u2013 tai ma\u017eas \u0161eimos verslas, kuris prasid\u0117jo nuo meil\u0117s knygoms ir siekio i\u0161gelb\u0117ti knygas nuo likimo prie konteinerio. Kas vienam nereikalingas daiktas \u2013 kitam lobis, o mes esame tarpininkai, kurie padeda abiems tapti laimingesniems ???? \u017dinome kaip nelengva i\u0161gyventi ma\u017eiems verslams, tad nuo \u0161iol, \u010dia rasite ir kit\u0173, ma\u017e\u0173 \u0161eim\u0173 versl\u0173, rank\u0173 darbo, dovan\u0173 sau ir artimiesiems.\",\"publisher\":{\"@id\":\"https:\/\/skaitytaknyga.lt\/#organization\"},\"potentialAction\":[{\"@type\":\"SearchAction\",\"target\":{\"@type\":\"EntryPoint\",\"urlTemplate\":\"https:\/\/skaitytaknyga.lt\/?s={search_term_string}\"},\"query-input\":{\"@type\":\"PropertyValueSpecification\",\"valueRequired\":true,\"valueName\":\"search_term_string\"}}],\"inLanguage\":\"en-GB\"},{\"@type\":\"Organization\",\"@id\":\"https:\/\/skaitytaknyga.lt\/#organization\",\"name\":\"skaitytaknyga.lt\",\"url\":\"https:\/\/skaitytaknyga.lt\/\",\"logo\":{\"@type\":\"ImageObject\",\"inLanguage\":\"en-GB\",\"@id\":\"https:\/\/skaitytaknyga.lt\/#\/schema\/logo\/image\/\",\"url\":\"https:\/\/skaitytaknyga.lt\/wp-content\/uploads\/2024\/05\/cropped-cropped-cropped-02_00843_jt3bggkj1j3HLc7SyY6rEUpg.jpeg\",\"contentUrl\":\"https:\/\/skaitytaknyga.lt\/wp-content\/uploads\/2024\/05\/cropped-cropped-cropped-02_00843_jt3bggkj1j3HLc7SyY6rEUpg.jpeg\",\"width\":1600,\"height\":1600,\"caption\":\"skaitytaknyga.lt\"},\"image\":{\"@id\":\"https:\/\/skaitytaknyga.lt\/#\/schema\/logo\/image\/\"},\"sameAs\":[\"https:\/\/www.facebook.com\/skaitytaknyga\/\"]}]}<\/script>\n<!-- \/ Yoast SEO plugin. -->","yoast_head_json":{"title":"Vilk\u0173 prakeiksmas","description":"Jaudinantis knygos \u201eNakties \u0161e\u0161\u0117lis\u201c t\u0119sinys. Atsipeik\u0117jusi savo mirtin\u0173 prie\u0161\u0173 \u2013 Persekiotoj\u0173 \u2013 b\u016bstin\u0117je Kala Tor neabejoja, kad jos dienos","robots":{"index":"index","follow":"follow","max-snippet":"max-snippet:-1","max-image-preview":"max-image-preview:large","max-video-preview":"max-video-preview:-1"},"canonical":"https:\/\/skaitytaknyga.lt\/en\/produktas\/vilku-prakeiksmas\/","og_locale":"en_GB","og_type":"article","og_title":"[:lt]Vilk\u0173 prakeiksmas[:] - Skaitytaknyga","og_description":"Jaudinantis knygos \u201eNakties \u0161e\u0161\u0117lis\u201c t\u0119sinys. Atsipeik\u0117jusi savo mirtin\u0173 prie\u0161\u0173 \u2013 Persekiotoj\u0173 \u2013 b\u016bstin\u0117je Kala Tor neabejoja, kad jos dienos","og_url":"https:\/\/skaitytaknyga.lt\/en\/produktas\/vilku-prakeiksmas\/","og_site_name":"Skaitytaknyga","article_publisher":"https:\/\/www.facebook.com\/skaitytaknyga\/","article_modified_time":"2025-06-03T14:48:55+00:00","og_image":[{"width":393,"height":585,"url":"https:\/\/skaitytaknyga.lt\/wp-content\/uploads\/2025\/04\/Vilku-prakeiksmas.webp","type":"image\/webp"}],"twitter_card":"summary_large_image","twitter_misc":{"Estimated reading time":"1 minute"},"schema":{"@context":"https:\/\/schema.org","@graph":[{"@type":"WebPage","@id":"https:\/\/skaitytaknyga.lt\/produktas\/vilku-prakeiksmas\/","url":"https:\/\/skaitytaknyga.lt\/produktas\/vilku-prakeiksmas\/","name":"Vilk\u0173 prakeiksmas","isPartOf":{"@id":"https:\/\/skaitytaknyga.lt\/#website"},"primaryImageOfPage":{"@id":"https:\/\/skaitytaknyga.lt\/produktas\/vilku-prakeiksmas\/#primaryimage"},"image":{"@id":"https:\/\/skaitytaknyga.lt\/produktas\/vilku-prakeiksmas\/#primaryimage"},"thumbnailUrl":"https:\/\/skaitytaknyga.lt\/wp-content\/uploads\/2025\/04\/Vilku-prakeiksmas.webp","datePublished":"2025-04-11T05:22:56+00:00","dateModified":"2025-06-03T14:48:55+00:00","description":"Jaudinantis knygos \u201eNakties \u0161e\u0161\u0117lis\u201c t\u0119sinys. Atsipeik\u0117jusi savo mirtin\u0173 prie\u0161\u0173 \u2013 Persekiotoj\u0173 \u2013 b\u016bstin\u0117je Kala Tor neabejoja, kad jos dienos","breadcrumb":{"@id":"https:\/\/skaitytaknyga.lt\/produktas\/vilku-prakeiksmas\/#breadcrumb"},"inLanguage":"en-GB","potentialAction":[{"@type":"ReadAction","target":["https:\/\/skaitytaknyga.lt\/produktas\/vilku-prakeiksmas\/"]}]},{"@type":"ImageObject","inLanguage":"en-GB","@id":"https:\/\/skaitytaknyga.lt\/produktas\/vilku-prakeiksmas\/#primaryimage","url":"https:\/\/skaitytaknyga.lt\/wp-content\/uploads\/2025\/04\/Vilku-prakeiksmas.webp","contentUrl":"https:\/\/skaitytaknyga.lt\/wp-content\/uploads\/2025\/04\/Vilku-prakeiksmas.webp","width":393,"height":585,"caption":"Vilk\u0173 prakeiksmas"},{"@type":"BreadcrumbList","@id":"https:\/\/skaitytaknyga.lt\/produktas\/vilku-prakeiksmas\/#breadcrumb","itemListElement":[{"@type":"ListItem","position":1,"name":"Home","item":"https:\/\/skaitytaknyga.lt\/"},{"@type":"ListItem","position":2,"name":"Parduotuv\u0117","item":"https:\/\/skaitytaknyga.lt\/knygu-parduotuve\/"},{"@type":"ListItem","position":3,"name":"Vilk\u0173 prakeiksmas"}]},{"@type":"WebSite","@id":"https:\/\/skaitytaknyga.lt\/#website","url":"https:\/\/skaitytaknyga.lt\/","name":"skaitytaknyga.lt","description":"Skaitytaknyga.lt \u2013 tai ma\u017eas \u0161eimos verslas, kuris prasid\u0117jo nuo meil\u0117s knygoms ir siekio i\u0161gelb\u0117ti knygas nuo likimo prie konteinerio. Kas vienam nereikalingas daiktas \u2013 kitam lobis, o mes esame tarpininkai, kurie padeda abiems tapti laimingesniems ???? \u017dinome kaip nelengva i\u0161gyventi ma\u017eiems verslams, tad nuo \u0161iol, \u010dia rasite ir kit\u0173, ma\u017e\u0173 \u0161eim\u0173 versl\u0173, rank\u0173 darbo, dovan\u0173 sau ir artimiesiems.","publisher":{"@id":"https:\/\/skaitytaknyga.lt\/#organization"},"potentialAction":[{"@type":"SearchAction","target":{"@type":"EntryPoint","urlTemplate":"https:\/\/skaitytaknyga.lt\/?s={search_term_string}"},"query-input":{"@type":"PropertyValueSpecification","valueRequired":true,"valueName":"search_term_string"}}],"inLanguage":"en-GB"},{"@type":"Organization","@id":"https:\/\/skaitytaknyga.lt\/#organization","name":"skaitytaknyga.lt","url":"https:\/\/skaitytaknyga.lt\/","logo":{"@type":"ImageObject","inLanguage":"en-GB","@id":"https:\/\/skaitytaknyga.lt\/#\/schema\/logo\/image\/","url":"https:\/\/skaitytaknyga.lt\/wp-content\/uploads\/2024\/05\/cropped-cropped-cropped-02_00843_jt3bggkj1j3HLc7SyY6rEUpg.jpeg","contentUrl":"https:\/\/skaitytaknyga.lt\/wp-content\/uploads\/2024\/05\/cropped-cropped-cropped-02_00843_jt3bggkj1j3HLc7SyY6rEUpg.jpeg","width":1600,"height":1600,"caption":"skaitytaknyga.lt"},"image":{"@id":"https:\/\/skaitytaknyga.lt\/#\/schema\/logo\/image\/"},"sameAs":["https:\/\/www.facebook.com\/skaitytaknyga\/"]}]}},"_links":{"self":[{"href":"https:\/\/skaitytaknyga.lt\/en\/wp-json\/wp\/v2\/product\/17695","targetHints":{"allow":["GET"]}}],"collection":[{"href":"https:\/\/skaitytaknyga.lt\/en\/wp-json\/wp\/v2\/product"}],"about":[{"href":"https:\/\/skaitytaknyga.lt\/en\/wp-json\/wp\/v2\/types\/product"}],"replies":[{"embeddable":true,"href":"https:\/\/skaitytaknyga.lt\/en\/wp-json\/wp\/v2\/comments?post=17695"}],"wp:featuredmedia":[{"embeddable":true,"href":"https:\/\/skaitytaknyga.lt\/en\/wp-json\/wp\/v2\/media\/17694"}],"wp:attachment":[{"href":"https:\/\/skaitytaknyga.lt\/en\/wp-json\/wp\/v2\/media?parent=17695"}],"wp:term":[{"taxonomy":"product_brand","embeddable":true,"href":"https:\/\/skaitytaknyga.lt\/en\/wp-json\/wp\/v2\/product_brand?post=17695"},{"taxonomy":"product_cat","embeddable":true,"href":"https:\/\/skaitytaknyga.lt\/en\/wp-json\/wp\/v2\/product_cat?post=17695"},{"taxonomy":"product_tag","embeddable":true,"href":"https:\/\/skaitytaknyga.lt\/en\/wp-json\/wp\/v2\/product_tag?post=17695"}],"curies":[{"name":"wp","href":"https:\/\/api.w.org\/{rel}","templated":true}]}}