{"id":17693,"date":"2025-04-11T08:10:04","date_gmt":"2025-04-11T05:10:04","guid":{"rendered":"https:\/\/skaitytaknyga.lt\/?post_type=product&#038;p=17693"},"modified":"2025-05-15T15:30:08","modified_gmt":"2025-05-15T12:30:08","slug":"levandu-kambarys","status":"publish","type":"product","link":"https:\/\/skaitytaknyga.lt\/en\/produktas\/levandu-kambarys\/","title":{"rendered":"Levand\u0173 kambarys"},"content":{"rendered":"<p>Romanas<strong>\u00a0\u201eLevand\u0173 kambarys\u201c<\/strong>\u00a0 primins, kaip svarbu branginti ir m\u0117gautis kiekviena gyvenimo akimirk\u0105. Knyga kupina gerai \u017einom\u0173, bet primir\u0161t\u0173 ties\u0173 apie gyvenim\u0105,\u00a0 su levand\u0173, tango, meil\u0117s ir vyno prieskoniu.<\/p>\n<p>Pary\u017eietis knyg\u0173 pardav\u0117jas \u017danas Perdiu puikiai \u017eino, kokia knyga kok\u012f sielos skausm\u0105 pad\u0117s numaldyti, tod\u0117l didel\u0117je bar\u017eoje \u012fkurtame jo knygyne, vadinamame literat\u016brine vaistine, niekada nestinga lankytoj\u0173. Ir tik vieninteliam \u017emogui jis negali pad\u0117ti \u2013 sau pa\u010diam. Nors pra\u0117jo ne vieni metai, jis vis dar ilgisi dailios provansiet\u0117s Manon, kuri kadaise netik\u0117tai dingo, palikusi tik lai\u0161k\u0105. \u017danas taip ir nei\u0161dr\u012fso jo perskaityti. Ta\u010diau viena vasara atne\u0161a netik\u0117t\u0173 permain\u0173, ir \u017danas, atri\u0161\u0119s savo laiv\u0105 nuo kranto, leid\u017eiasi ie\u0161koti kadaise prarastos mylimosios. I\u0161 ma\u017eos jaukios Montanjaro gatvel\u0117s Pary\u017eiuje jo laivas pajuda \u012f levandomis dvelkiant\u012f Provans\u0105&#8230;<\/p>\n<p>Jaukios Pary\u017eiaus gatvel\u0117s ir nuostab\u016bs saul\u0117s nutvieksto Provanso vaizdai, spalvingi \u017dano knygyno lankytojai ir pakeleiviai, \u012fkvepiantys pokalbiai apie gyvenim\u0105 bei likimo padovanota galimyb\u0117 susitaikyti su praeitimi ir v\u0117l prad\u0117ti gyventi.\u00a0Knygoje\u00a0<strong>\u201eLevand\u0173 kambarys\u201c<\/strong>\u00a0gausu recept\u0173 ne tik sielai \u2013 skaitytojas ras ir kelet\u0105 puiki\u0173 provansieti\u0161k\u0173 patiekal\u0173 recept\u0173.<\/p>\n<ul class=\"about-product d-none d-xl-block mt-4\">\n<li><strong>Originalus pavadinimas:<\/strong>\u00a0Das Levandelzimmer<\/li>\n<li><strong>Autorius:<\/strong>\u00a0Nina George<\/li>\n<li><strong>Leid\u0117jas:<\/strong>\u00a0Alma littera<\/li>\n<li><strong>Metai:<\/strong>\u00a02014<\/li>\n<li><strong>Puslapiai:<\/strong>\u00a0312<\/li>\n<li class=\"toggleable type-new-formats \"><strong>ISBN:<\/strong>\u00a09786090115923<\/li>\n<li><strong>Versijos kodas:<\/strong>\u00a0PT.<\/li>\n<li class=\"toggleable type-new-formats \"><strong>Formatas:<\/strong>\u00a014,3 x 23,5 cm, kieti vir\u0161eliai<\/li>\n<li><strong>Kalba:<\/strong>\u00a0Lietuvi\u0173<\/li>\n<li><strong>Vert\u0117jas:<\/strong>\u00a0Loreta Kavol\u0117<\/li>\n<\/ul>\n","protected":false},"excerpt":{"rendered":"<p>Romanas\u00a0\u201eLevand\u0173 kambarys\u201c\u00a0 primins, kaip svarbu branginti ir m\u0117gautis kiekviena gyvenimo akimirk\u0105. Knyga kupina gerai \u017einom\u0173, bet primir\u0161t\u0173 ties\u0173 apie gyvenim\u0105,\u00a0 su levand\u0173, tango, meil\u0117s ir vyno prieskoniu. Pary\u017eietis knyg\u0173 pardav\u0117jas \u017danas Perdiu puikiai \u017eino, kokia knyga kok\u012f sielos skausm\u0105 pad\u0117s numaldyti, tod\u0117l didel\u0117je bar\u017eoje \u012fkurtame jo knygyne, vadinamame literat\u016brine vaistine, niekada nestinga lankytoj\u0173. Ir tik vieninteliam \u017emogui jis negali pad\u0117ti \u2013 sau pa\u010diam. Nors pra\u0117jo ne vieni metai, jis vis dar ilgisi dailios provansiet\u0117s Manon, kuri kadaise netik\u0117tai dingo, palikusi tik lai\u0161k\u0105. \u017danas taip ir nei\u0161dr\u012fso jo perskaityti. Ta\u010diau viena vasara atne\u0161a netik\u0117t\u0173 permain\u0173, ir \u017danas, atri\u0161\u0119s savo laiv\u0105 nuo kranto, leid\u017eiasi ie\u0161koti kadaise prarastos mylimosios. I\u0161 ma\u017eos jaukios Montanjaro gatvel\u0117s Pary\u017eiuje jo laivas pajuda \u012f levandomis dvelkiant\u012f Provans\u0105&#8230; Jaukios Pary\u017eiaus gatvel\u0117s ir nuostab\u016bs saul\u0117s nutvieksto Provanso vaizdai, spalvingi \u017dano knygyno lankytojai ir pakeleiviai, \u012fkvepiantys pokalbiai apie gyvenim\u0105 bei likimo padovanota galimyb\u0117 susitaikyti su praeitimi ir v\u0117l prad\u0117ti gyventi.\u00a0Knygoje\u00a0\u201eLevand\u0173 kambarys\u201c\u00a0gausu recept\u0173 ne tik sielai \u2013 skaitytojas ras ir kelet\u0105 puiki\u0173 provansieti\u0161k\u0173 patiekal\u0173 recept\u0173. Originalus pavadinimas:\u00a0Das Levandelzimmer Autorius:\u00a0Nina George Leid\u0117jas:\u00a0Alma littera Metai:\u00a02014 Puslapiai:\u00a0312 ISBN:\u00a09786090115923 Versijos kodas:\u00a0PT. Formatas:\u00a014,3 x 23,5 cm, kieti vir\u0161eliai Kalba:\u00a0Lietuvi\u0173 Vert\u0117jas:\u00a0Loreta Kavol\u0117<\/p>\n","protected":false},"featured_media":17697,"comment_status":"open","ping_status":"closed","template":"","meta":{"_acf_changed":false,"site-sidebar-layout":"default","site-content-layout":"","ast-site-content-layout":"default","site-content-style":"default","site-sidebar-style":"default","ast-global-header-display":"","ast-banner-title-visibility":"","ast-main-header-display":"","ast-hfb-above-header-display":"","ast-hfb-below-header-display":"","ast-hfb-mobile-header-display":"","site-post-title":"","ast-breadcrumbs-content":"","ast-featured-img":"","footer-sml-layout":"","ast-disable-related-posts":"","theme-transparent-header-meta":"default","adv-header-id-meta":"","stick-header-meta":"","header-above-stick-meta":"","header-main-stick-meta":"","header-below-stick-meta":"","astra-migrate-meta-layouts":"set","ast-page-background-enabled":"default","ast-page-background-meta":{"desktop":{"background-color":"","background-image":"","background-repeat":"repeat","background-position":"center center","background-size":"auto","background-attachment":"scroll","background-type":"","background-media":"","overlay-type":"","overlay-color":"","overlay-opacity":"","overlay-gradient":""},"tablet":{"background-color":"","background-image":"","background-repeat":"repeat","background-position":"center center","background-size":"auto","background-attachment":"scroll","background-type":"","background-media":"","overlay-type":"","overlay-color":"","overlay-opacity":"","overlay-gradient":""},"mobile":{"background-color":"","background-image":"","background-repeat":"repeat","background-position":"center center","background-size":"auto","background-attachment":"scroll","background-type":"","background-media":"","overlay-type":"","overlay-color":"","overlay-opacity":"","overlay-gradient":""}},"ast-content-background-meta":{"desktop":{"background-color":"var(--ast-global-color-4)","background-image":"","background-repeat":"repeat","background-position":"center center","background-size":"auto","background-attachment":"scroll","background-type":"","background-media":"","overlay-type":"","overlay-color":"","overlay-opacity":"","overlay-gradient":""},"tablet":{"background-color":"var(--ast-global-color-4)","background-image":"","background-repeat":"repeat","background-position":"center center","background-size":"auto","background-attachment":"scroll","background-type":"","background-media":"","overlay-type":"","overlay-color":"","overlay-opacity":"","overlay-gradient":""},"mobile":{"background-color":"var(--ast-global-color-4)","background-image":"","background-repeat":"repeat","background-position":"center center","background-size":"auto","background-attachment":"scroll","background-type":"","background-media":"","overlay-type":"","overlay-color":"","overlay-opacity":"","overlay-gradient":""}}},"product_brand":[],"product_cat":[31,15],"product_tag":[1627,3688,1796,3687,3689,1745],"class_list":{"0":"post-17693","1":"product","2":"type-product","3":"status-publish","4":"has-post-thumbnail","6":"product_cat-grozine-literatura","7":"product_cat-uncategorized","8":"product_tag-gyvenimo-prasme","9":"product_tag-levandu-kambarys","10":"product_tag-meile","11":"product_tag-nina-george","12":"product_tag-provansas","13":"product_tag-romanas","14":"desktop-align-left","15":"tablet-align-left","16":"mobile-align-left","18":"first","19":"instock","20":"shipping-taxable","21":"purchasable","22":"product-type-simple"},"acf":[],"yoast_head":"<!-- This site is optimized with the Yoast SEO plugin v27.0 - https:\/\/yoast.com\/product\/yoast-seo-wordpress\/ -->\n<title>Levand\u0173 kambarys<\/title>\n<meta name=\"description\" content=\"Romanas\u00a0\u201eLevand\u0173 kambarys\u201c\u00a0 primins, kaip svarbu branginti ir m\u0117gautis kiekviena gyvenimo akimirk\u0105. Knyga kupina gerai \u017einom\u0173, bet primir\u0161t\u0173 ties\u0173 apie\" \/>\n<meta name=\"robots\" content=\"index, follow, max-snippet:-1, max-image-preview:large, max-video-preview:-1\" \/>\n<link rel=\"canonical\" href=\"https:\/\/skaitytaknyga.lt\/en\/produktas\/levandu-kambarys\/\" \/>\n<meta property=\"og:locale\" content=\"en_GB\" \/>\n<meta property=\"og:locale:alternate\" content=\"lt_LT\" \/>\n<meta property=\"og:type\" content=\"article\" \/>\n<meta property=\"og:title\" content=\"Levand\u0173 kambarys\" \/>\n<meta property=\"og:description\" content=\"Romanas\u00a0\u201eLevand\u0173 kambarys\u201c\u00a0 primins, kaip svarbu branginti ir m\u0117gautis kiekviena gyvenimo akimirk\u0105. Knyga kupina gerai \u017einom\u0173, bet primir\u0161t\u0173 ties\u0173 apie\" \/>\n<meta property=\"og:url\" content=\"https:\/\/skaitytaknyga.lt\/en\/produktas\/levandu-kambarys\/\" \/>\n<meta property=\"og:site_name\" content=\"Skaitytaknyga\" \/>\n<meta property=\"article:publisher\" content=\"https:\/\/www.facebook.com\/skaitytaknyga\/\" \/>\n<meta property=\"article:modified_time\" content=\"2025-05-15T12:30:08+00:00\" \/>\n<meta property=\"og:image\" content=\"https:\/\/skaitytaknyga.lt\/wp-content\/uploads\/2025\/04\/Levandu-kambarys.webp\" \/>\n\t<meta property=\"og:image:width\" content=\"458\" \/>\n\t<meta property=\"og:image:height\" content=\"750\" \/>\n\t<meta property=\"og:image:type\" content=\"image\/webp\" \/>\n<meta name=\"twitter:card\" content=\"summary_large_image\" \/>\n<meta name=\"twitter:label1\" content=\"Estimated reading time\" \/>\n\t<meta name=\"twitter:data1\" content=\"2 minutes\" \/>\n<script type=\"application\/ld+json\" class=\"yoast-schema-graph\">{\"@context\":\"https:\/\/schema.org\",\"@graph\":[{\"@type\":\"WebPage\",\"@id\":\"https:\/\/skaitytaknyga.lt\/produktas\/levandu-kambarys\/\",\"url\":\"https:\/\/skaitytaknyga.lt\/produktas\/levandu-kambarys\/\",\"name\":\"Levand\u0173 kambarys\",\"isPartOf\":{\"@id\":\"https:\/\/skaitytaknyga.lt\/#website\"},\"primaryImageOfPage\":{\"@id\":\"https:\/\/skaitytaknyga.lt\/produktas\/levandu-kambarys\/#primaryimage\"},\"image\":{\"@id\":\"https:\/\/skaitytaknyga.lt\/produktas\/levandu-kambarys\/#primaryimage\"},\"thumbnailUrl\":\"https:\/\/skaitytaknyga.lt\/wp-content\/uploads\/2025\/04\/Levandu-kambarys.webp\",\"datePublished\":\"2025-04-11T05:10:04+00:00\",\"dateModified\":\"2025-05-15T12:30:08+00:00\",\"description\":\"Romanas\u00a0\u201eLevand\u0173 kambarys\u201c\u00a0 primins, kaip svarbu branginti ir m\u0117gautis kiekviena gyvenimo akimirk\u0105. Knyga kupina gerai \u017einom\u0173, bet primir\u0161t\u0173 ties\u0173 apie\",\"breadcrumb\":{\"@id\":\"https:\/\/skaitytaknyga.lt\/produktas\/levandu-kambarys\/#breadcrumb\"},\"inLanguage\":\"en-GB\",\"potentialAction\":[{\"@type\":\"ReadAction\",\"target\":[\"https:\/\/skaitytaknyga.lt\/produktas\/levandu-kambarys\/\"]}]},{\"@type\":\"ImageObject\",\"inLanguage\":\"en-GB\",\"@id\":\"https:\/\/skaitytaknyga.lt\/produktas\/levandu-kambarys\/#primaryimage\",\"url\":\"https:\/\/skaitytaknyga.lt\/wp-content\/uploads\/2025\/04\/Levandu-kambarys.webp\",\"contentUrl\":\"https:\/\/skaitytaknyga.lt\/wp-content\/uploads\/2025\/04\/Levandu-kambarys.webp\",\"width\":458,\"height\":750,\"caption\":\"Levand\u0173 kambarys\"},{\"@type\":\"BreadcrumbList\",\"@id\":\"https:\/\/skaitytaknyga.lt\/produktas\/levandu-kambarys\/#breadcrumb\",\"itemListElement\":[{\"@type\":\"ListItem\",\"position\":1,\"name\":\"Home\",\"item\":\"https:\/\/skaitytaknyga.lt\/\"},{\"@type\":\"ListItem\",\"position\":2,\"name\":\"Parduotuv\u0117\",\"item\":\"https:\/\/skaitytaknyga.lt\/knygu-parduotuve\/\"},{\"@type\":\"ListItem\",\"position\":3,\"name\":\"Levand\u0173 kambarys\"}]},{\"@type\":\"WebSite\",\"@id\":\"https:\/\/skaitytaknyga.lt\/#website\",\"url\":\"https:\/\/skaitytaknyga.lt\/\",\"name\":\"skaitytaknyga.lt\",\"description\":\"Skaitytaknyga.lt \u2013 tai ma\u017eas \u0161eimos verslas, kuris prasid\u0117jo nuo meil\u0117s knygoms ir siekio i\u0161gelb\u0117ti knygas nuo likimo prie konteinerio. Kas vienam nereikalingas daiktas \u2013 kitam lobis, o mes esame tarpininkai, kurie padeda abiems tapti laimingesniems ???? \u017dinome kaip nelengva i\u0161gyventi ma\u017eiems verslams, tad nuo \u0161iol, \u010dia rasite ir kit\u0173, ma\u017e\u0173 \u0161eim\u0173 versl\u0173, rank\u0173 darbo, dovan\u0173 sau ir artimiesiems.\",\"publisher\":{\"@id\":\"https:\/\/skaitytaknyga.lt\/#organization\"},\"potentialAction\":[{\"@type\":\"SearchAction\",\"target\":{\"@type\":\"EntryPoint\",\"urlTemplate\":\"https:\/\/skaitytaknyga.lt\/?s={search_term_string}\"},\"query-input\":{\"@type\":\"PropertyValueSpecification\",\"valueRequired\":true,\"valueName\":\"search_term_string\"}}],\"inLanguage\":\"en-GB\"},{\"@type\":\"Organization\",\"@id\":\"https:\/\/skaitytaknyga.lt\/#organization\",\"name\":\"skaitytaknyga.lt\",\"url\":\"https:\/\/skaitytaknyga.lt\/\",\"logo\":{\"@type\":\"ImageObject\",\"inLanguage\":\"en-GB\",\"@id\":\"https:\/\/skaitytaknyga.lt\/#\/schema\/logo\/image\/\",\"url\":\"https:\/\/skaitytaknyga.lt\/wp-content\/uploads\/2024\/05\/cropped-cropped-cropped-02_00843_jt3bggkj1j3HLc7SyY6rEUpg.jpeg\",\"contentUrl\":\"https:\/\/skaitytaknyga.lt\/wp-content\/uploads\/2024\/05\/cropped-cropped-cropped-02_00843_jt3bggkj1j3HLc7SyY6rEUpg.jpeg\",\"width\":1600,\"height\":1600,\"caption\":\"skaitytaknyga.lt\"},\"image\":{\"@id\":\"https:\/\/skaitytaknyga.lt\/#\/schema\/logo\/image\/\"},\"sameAs\":[\"https:\/\/www.facebook.com\/skaitytaknyga\/\"]}]}<\/script>\n<!-- \/ Yoast SEO plugin. -->","yoast_head_json":{"title":"Levand\u0173 kambarys","description":"Romanas\u00a0\u201eLevand\u0173 kambarys\u201c\u00a0 primins, kaip svarbu branginti ir m\u0117gautis kiekviena gyvenimo akimirk\u0105. Knyga kupina gerai \u017einom\u0173, bet primir\u0161t\u0173 ties\u0173 apie","robots":{"index":"index","follow":"follow","max-snippet":"max-snippet:-1","max-image-preview":"max-image-preview:large","max-video-preview":"max-video-preview:-1"},"canonical":"https:\/\/skaitytaknyga.lt\/en\/produktas\/levandu-kambarys\/","og_locale":"en_GB","og_type":"article","og_title":"[:lt]Levand\u0173 kambarys[:] - Skaitytaknyga","og_description":"Romanas\u00a0\u201eLevand\u0173 kambarys\u201c\u00a0 primins, kaip svarbu branginti ir m\u0117gautis kiekviena gyvenimo akimirk\u0105. Knyga kupina gerai \u017einom\u0173, bet primir\u0161t\u0173 ties\u0173 apie","og_url":"https:\/\/skaitytaknyga.lt\/en\/produktas\/levandu-kambarys\/","og_site_name":"Skaitytaknyga","article_publisher":"https:\/\/www.facebook.com\/skaitytaknyga\/","article_modified_time":"2025-05-15T12:30:08+00:00","og_image":[{"width":458,"height":750,"url":"https:\/\/skaitytaknyga.lt\/wp-content\/uploads\/2025\/04\/Levandu-kambarys.webp","type":"image\/webp"}],"twitter_card":"summary_large_image","twitter_misc":{"Estimated reading time":"2 minutes"},"schema":{"@context":"https:\/\/schema.org","@graph":[{"@type":"WebPage","@id":"https:\/\/skaitytaknyga.lt\/produktas\/levandu-kambarys\/","url":"https:\/\/skaitytaknyga.lt\/produktas\/levandu-kambarys\/","name":"Levand\u0173 kambarys","isPartOf":{"@id":"https:\/\/skaitytaknyga.lt\/#website"},"primaryImageOfPage":{"@id":"https:\/\/skaitytaknyga.lt\/produktas\/levandu-kambarys\/#primaryimage"},"image":{"@id":"https:\/\/skaitytaknyga.lt\/produktas\/levandu-kambarys\/#primaryimage"},"thumbnailUrl":"https:\/\/skaitytaknyga.lt\/wp-content\/uploads\/2025\/04\/Levandu-kambarys.webp","datePublished":"2025-04-11T05:10:04+00:00","dateModified":"2025-05-15T12:30:08+00:00","description":"Romanas\u00a0\u201eLevand\u0173 kambarys\u201c\u00a0 primins, kaip svarbu branginti ir m\u0117gautis kiekviena gyvenimo akimirk\u0105. Knyga kupina gerai \u017einom\u0173, bet primir\u0161t\u0173 ties\u0173 apie","breadcrumb":{"@id":"https:\/\/skaitytaknyga.lt\/produktas\/levandu-kambarys\/#breadcrumb"},"inLanguage":"en-GB","potentialAction":[{"@type":"ReadAction","target":["https:\/\/skaitytaknyga.lt\/produktas\/levandu-kambarys\/"]}]},{"@type":"ImageObject","inLanguage":"en-GB","@id":"https:\/\/skaitytaknyga.lt\/produktas\/levandu-kambarys\/#primaryimage","url":"https:\/\/skaitytaknyga.lt\/wp-content\/uploads\/2025\/04\/Levandu-kambarys.webp","contentUrl":"https:\/\/skaitytaknyga.lt\/wp-content\/uploads\/2025\/04\/Levandu-kambarys.webp","width":458,"height":750,"caption":"Levand\u0173 kambarys"},{"@type":"BreadcrumbList","@id":"https:\/\/skaitytaknyga.lt\/produktas\/levandu-kambarys\/#breadcrumb","itemListElement":[{"@type":"ListItem","position":1,"name":"Home","item":"https:\/\/skaitytaknyga.lt\/"},{"@type":"ListItem","position":2,"name":"Parduotuv\u0117","item":"https:\/\/skaitytaknyga.lt\/knygu-parduotuve\/"},{"@type":"ListItem","position":3,"name":"Levand\u0173 kambarys"}]},{"@type":"WebSite","@id":"https:\/\/skaitytaknyga.lt\/#website","url":"https:\/\/skaitytaknyga.lt\/","name":"skaitytaknyga.lt","description":"Skaitytaknyga.lt \u2013 tai ma\u017eas \u0161eimos verslas, kuris prasid\u0117jo nuo meil\u0117s knygoms ir siekio i\u0161gelb\u0117ti knygas nuo likimo prie konteinerio. Kas vienam nereikalingas daiktas \u2013 kitam lobis, o mes esame tarpininkai, kurie padeda abiems tapti laimingesniems ???? \u017dinome kaip nelengva i\u0161gyventi ma\u017eiems verslams, tad nuo \u0161iol, \u010dia rasite ir kit\u0173, ma\u017e\u0173 \u0161eim\u0173 versl\u0173, rank\u0173 darbo, dovan\u0173 sau ir artimiesiems.","publisher":{"@id":"https:\/\/skaitytaknyga.lt\/#organization"},"potentialAction":[{"@type":"SearchAction","target":{"@type":"EntryPoint","urlTemplate":"https:\/\/skaitytaknyga.lt\/?s={search_term_string}"},"query-input":{"@type":"PropertyValueSpecification","valueRequired":true,"valueName":"search_term_string"}}],"inLanguage":"en-GB"},{"@type":"Organization","@id":"https:\/\/skaitytaknyga.lt\/#organization","name":"skaitytaknyga.lt","url":"https:\/\/skaitytaknyga.lt\/","logo":{"@type":"ImageObject","inLanguage":"en-GB","@id":"https:\/\/skaitytaknyga.lt\/#\/schema\/logo\/image\/","url":"https:\/\/skaitytaknyga.lt\/wp-content\/uploads\/2024\/05\/cropped-cropped-cropped-02_00843_jt3bggkj1j3HLc7SyY6rEUpg.jpeg","contentUrl":"https:\/\/skaitytaknyga.lt\/wp-content\/uploads\/2024\/05\/cropped-cropped-cropped-02_00843_jt3bggkj1j3HLc7SyY6rEUpg.jpeg","width":1600,"height":1600,"caption":"skaitytaknyga.lt"},"image":{"@id":"https:\/\/skaitytaknyga.lt\/#\/schema\/logo\/image\/"},"sameAs":["https:\/\/www.facebook.com\/skaitytaknyga\/"]}]}},"_links":{"self":[{"href":"https:\/\/skaitytaknyga.lt\/en\/wp-json\/wp\/v2\/product\/17693","targetHints":{"allow":["GET"]}}],"collection":[{"href":"https:\/\/skaitytaknyga.lt\/en\/wp-json\/wp\/v2\/product"}],"about":[{"href":"https:\/\/skaitytaknyga.lt\/en\/wp-json\/wp\/v2\/types\/product"}],"replies":[{"embeddable":true,"href":"https:\/\/skaitytaknyga.lt\/en\/wp-json\/wp\/v2\/comments?post=17693"}],"wp:featuredmedia":[{"embeddable":true,"href":"https:\/\/skaitytaknyga.lt\/en\/wp-json\/wp\/v2\/media\/17697"}],"wp:attachment":[{"href":"https:\/\/skaitytaknyga.lt\/en\/wp-json\/wp\/v2\/media?parent=17693"}],"wp:term":[{"taxonomy":"product_brand","embeddable":true,"href":"https:\/\/skaitytaknyga.lt\/en\/wp-json\/wp\/v2\/product_brand?post=17693"},{"taxonomy":"product_cat","embeddable":true,"href":"https:\/\/skaitytaknyga.lt\/en\/wp-json\/wp\/v2\/product_cat?post=17693"},{"taxonomy":"product_tag","embeddable":true,"href":"https:\/\/skaitytaknyga.lt\/en\/wp-json\/wp\/v2\/product_tag?post=17693"}],"curies":[{"name":"wp","href":"https:\/\/api.w.org\/{rel}","templated":true}]}}