{"id":17691,"date":"2025-04-11T08:05:10","date_gmt":"2025-04-11T05:05:10","guid":{"rendered":"https:\/\/skaitytaknyga.lt\/?post_type=product&#038;p=17691"},"modified":"2026-03-18T14:45:33","modified_gmt":"2026-03-18T12:45:33","slug":"viena-indijoje","status":"publish","type":"product","link":"https:\/\/skaitytaknyga.lt\/en\/produktas\/viena-indijoje\/","title":{"rendered":"Viena Indijoje"},"content":{"rendered":"<p><strong>Vaiva Ryk\u0161tait\u0117<\/strong>\u00a0\u2013 ra\u0161ytoja, keliautoja, aplankiusi beveik trisde\u0161imt \u0161ali\u0173. Ji nuolat migruoja tarp Lietuvos, Anglijos, Indijos. Ra\u0161ytoja Londone baig\u0117 filosofijos studijas, Indijoje kelerius metus mok\u0117si jogos, o dabar keliaudama jos moko kitus. Taip pat ra\u0161o kino kritik\u0105<\/p>\n<p>Indija. \u0160iai \u0161aliai galima pritaikyti daugel\u012f \u012fvairiausi\u0173 epitet\u0173 \u2013 nuo gra\u017eiausi\u0173 iki pik\u010diausi\u0173. Kiekvienam keliautojui ji atsiveria savaip. Indija da\u017enai mistifikuojama, auk\u0161tinama arba demonizuojamas. \u017dmon\u0117s kalba, kad tiems, kurie ten nuva\u017eiavo, ka\u017ekas atsitinka. Vieni ten keliauja ie\u0161koti prasm\u0117s, kiti rinkti nuotrauk\u0173 savo feisbuko kolekcijai, ir vieni, ir kiti kartais gr\u012f\u017eta susirauk\u0119 \u2013 \u201eten ne\u0161varu&#8230;\u201c, o kartais \u2013 susirg\u0119 \u0161ia \u0161alimi visam gyvenimui.<\/p>\n<p><strong>Vaiva Ryk\u0161tait\u0117<\/strong>\u00a0\u0161iame ne\u012ftik\u0117tiname kra\u0161te mat\u0117 ir tradicin\u012f, am\u017ei\u0173 gl\u016bdumas menant\u012f kra\u0161t\u0105, ir ties pami\u0161imo ar nu\u0161vitimo riba atsid\u016brusius vakarie\u010dius. Ji lank\u0117si madingiausiuose Mumbajaus baruose ir garsiausiose \u0161ventyklose, ragavo Bolivudo aktor\u0117s darbo ir praktikuodama jog\u0105 ar kartodama \u0161ventas mantras brauk\u0117 d\u017eiaugsmo a\u0161aras, i\u0161m\u0117gino \u012fvairias alternatyvin\u0117s medicinos at\u0161akas, gyd\u0117si u\u017e pasaki\u0161k\u0105 kain\u0105 \u012fsigytu lydytu sviestu, n\u0117r\u0117 \u012f ezoterik\u0105, \u017eav\u0117josi sitaro melodijom ir v\u0117l gr\u012f\u017eusi prie jogos juto bundan\u010di\u0105 Kundalini j\u0117g\u0105. I\u0161mai\u0161\u0117 vis\u0105 \u0161al\u012f \u2013 nuo prieskoniais bei ajurvedos aliejais kvepian\u010dio Trivandrumo iki \u201eM\u0117nulio \u017eem\u0117s\u201c Ladake \u2013 ir visur keliavo viena.<\/p>\n<p>\u201eKloju visk\u0105, kaip buvo, dabar jau neteisdama nei j\u0173, nei sav\u0119s, bet nieko nesl\u0117pdama \u2013 nei savo naivaus ribotumo, nei patirt\u0173 priekabi\u0173 ir stebukl\u0173. Kartais tai gyvas pasakojimas su dialogais, jaustukais ir i\u0161tiktukais, neju\u010dia virstantis \u012f dienora\u0161\u010dio lap\u0105, kuriame dienos pabaigoje dar prisegamas lai\u0161kas mamai: \u201eLink\u0117jimai i\u0161 Indijos, man viskas gerai\u201c, kartais tai sapnas, meditacija, es\u0117, kuri\u0173 vis\u0173 vienas tikslas \u2013 veiksma\u017eod\u017ei\u0173 kratalyn\u0117je, traukini\u0173 dard\u0117jime ir prisipa\u017einimuose \u201eat\u0117jau, pama\u010diau, \u012fsimyl\u0117jau\u201c lyg \u0161ilkinio sario sluoksnius nurengus \u017eiopl\u0105 turist\u0119 savyje rasti romantik\u0119 idealist\u0119, po \u0161ios r\u016bbais \u2013 i\u0161puikusi\u0105 avanti\u016brist\u0119, vakariet\u0119, voro nei\u0161sigandusi\u0105 bail\u0119, jog\u0119, cinik\u0119, kol nukritus visiems apdarams tenka i\u0161mokti tiesiog b\u016bti ir matyti visk\u0105 kaip yra, bet neapsigauti Baltistano regione i\u0161girdus vien\u0105 gent\u012f tariant beveik lietuvi\u0161kus \u017eod\u017eius. Jeigu \u017eino\u010diau, kod\u0117l ten ruo\u0161iuosi sugr\u012f\u017eti jau septint\u0105 kart\u0105, man b\u016bt\u0173 nereik\u0117j\u0119 ra\u0161yti \u0161ios knygos.\u201c<\/p>\n<ul class=\"about-product d-none d-xl-block mt-4\">\n<li><strong>Autorius:<\/strong>\u00a0Vaiva Ryk\u0161tait\u0117<\/li>\n<li><strong>Leid\u0117jas:<\/strong>\u00a0Baltos lankos<\/li>\n<li><strong>Metai:<\/strong>\u00a02014<\/li>\n<li><strong>Puslapiai:<\/strong>\u00a0360<\/li>\n<li class=\"toggleable type-new-formats \"><strong>ISBN:<\/strong>\u00a09789955237600<\/li>\n<li><strong>Versijos kodas:<\/strong>\u00a0PT.<\/li>\n<li class=\"toggleable type-new-formats \"><strong>Formatas:<\/strong>\u00a015 x 21 cm, mink\u0161ti vir\u0161eliai<\/li>\n<li><strong>Kalba:<\/strong>\u00a0Lietuvi\u0173<\/li>\n<\/ul>\n","protected":false},"excerpt":{"rendered":"<p>Vaiva Ryk\u0161tait\u0117\u00a0\u2013 ra\u0161ytoja, keliautoja, aplankiusi beveik trisde\u0161imt \u0161ali\u0173. Ji nuolat migruoja tarp Lietuvos, Anglijos, Indijos. Ra\u0161ytoja Londone baig\u0117 filosofijos studijas, Indijoje kelerius metus mok\u0117si jogos, o dabar keliaudama jos moko kitus. Taip pat ra\u0161o kino kritik\u0105 Indija. \u0160iai \u0161aliai galima pritaikyti daugel\u012f \u012fvairiausi\u0173 epitet\u0173 \u2013 nuo gra\u017eiausi\u0173 iki pik\u010diausi\u0173. Kiekvienam keliautojui ji atsiveria savaip. Indija da\u017enai mistifikuojama, auk\u0161tinama arba demonizuojamas. \u017dmon\u0117s kalba, kad tiems, kurie ten nuva\u017eiavo, ka\u017ekas atsitinka. Vieni ten keliauja ie\u0161koti prasm\u0117s, kiti rinkti nuotrauk\u0173 savo feisbuko kolekcijai, ir vieni, ir kiti kartais gr\u012f\u017eta susirauk\u0119 \u2013 \u201eten ne\u0161varu&#8230;\u201c, o kartais \u2013 susirg\u0119 \u0161ia \u0161alimi visam gyvenimui. Vaiva Ryk\u0161tait\u0117\u00a0\u0161iame ne\u012ftik\u0117tiname kra\u0161te mat\u0117 ir tradicin\u012f, am\u017ei\u0173 gl\u016bdumas menant\u012f kra\u0161t\u0105, ir ties pami\u0161imo ar nu\u0161vitimo riba atsid\u016brusius vakarie\u010dius. Ji lank\u0117si madingiausiuose Mumbajaus baruose ir garsiausiose \u0161ventyklose, ragavo Bolivudo aktor\u0117s darbo ir praktikuodama jog\u0105 ar kartodama \u0161ventas mantras brauk\u0117 d\u017eiaugsmo a\u0161aras, i\u0161m\u0117gino \u012fvairias alternatyvin\u0117s medicinos at\u0161akas, gyd\u0117si u\u017e pasaki\u0161k\u0105 kain\u0105 \u012fsigytu lydytu sviestu, n\u0117r\u0117 \u012f ezoterik\u0105, \u017eav\u0117josi sitaro melodijom ir v\u0117l gr\u012f\u017eusi prie jogos juto bundan\u010di\u0105 Kundalini j\u0117g\u0105. I\u0161mai\u0161\u0117 vis\u0105 \u0161al\u012f \u2013 nuo prieskoniais bei ajurvedos aliejais kvepian\u010dio Trivandrumo iki \u201eM\u0117nulio \u017eem\u0117s\u201c Ladake \u2013 ir visur keliavo viena. \u201eKloju visk\u0105, kaip buvo, dabar jau neteisdama nei j\u0173, nei sav\u0119s, bet nieko nesl\u0117pdama \u2013 nei savo naivaus ribotumo, nei patirt\u0173 priekabi\u0173 ir stebukl\u0173. Kartais tai gyvas pasakojimas su dialogais, jaustukais ir i\u0161tiktukais, neju\u010dia virstantis \u012f dienora\u0161\u010dio lap\u0105, kuriame dienos pabaigoje dar prisegamas lai\u0161kas mamai: \u201eLink\u0117jimai i\u0161 Indijos, man viskas gerai\u201c, kartais tai sapnas, meditacija, es\u0117, kuri\u0173 vis\u0173 vienas tikslas \u2013 veiksma\u017eod\u017ei\u0173 kratalyn\u0117je, traukini\u0173 dard\u0117jime ir prisipa\u017einimuose \u201eat\u0117jau, pama\u010diau, \u012fsimyl\u0117jau\u201c lyg \u0161ilkinio sario sluoksnius nurengus \u017eiopl\u0105 turist\u0119 savyje rasti romantik\u0119 idealist\u0119, po \u0161ios r\u016bbais \u2013 i\u0161puikusi\u0105 avanti\u016brist\u0119, vakariet\u0119, voro nei\u0161sigandusi\u0105 bail\u0119, jog\u0119, cinik\u0119, kol nukritus visiems apdarams tenka i\u0161mokti tiesiog b\u016bti ir matyti visk\u0105 kaip yra, bet neapsigauti Baltistano regione i\u0161girdus vien\u0105 gent\u012f tariant beveik lietuvi\u0161kus \u017eod\u017eius. Jeigu \u017eino\u010diau, kod\u0117l ten ruo\u0161iuosi sugr\u012f\u017eti jau septint\u0105 kart\u0105, man b\u016bt\u0173 nereik\u0117j\u0119 ra\u0161yti \u0161ios knygos.\u201c Autorius:\u00a0Vaiva Ryk\u0161tait\u0117 Leid\u0117jas:\u00a0Baltos lankos Metai:\u00a02014 Puslapiai:\u00a0360 ISBN:\u00a09789955237600 Versijos kodas:\u00a0PT. Formatas:\u00a015 x 21 cm, mink\u0161ti vir\u0161eliai Kalba:\u00a0Lietuvi\u0173<\/p>\n","protected":false},"featured_media":17692,"comment_status":"open","ping_status":"closed","template":"","meta":{"_acf_changed":false,"site-sidebar-layout":"default","site-content-layout":"","ast-site-content-layout":"default","site-content-style":"default","site-sidebar-style":"default","ast-global-header-display":"","ast-banner-title-visibility":"","ast-main-header-display":"","ast-hfb-above-header-display":"","ast-hfb-below-header-display":"","ast-hfb-mobile-header-display":"","site-post-title":"","ast-breadcrumbs-content":"","ast-featured-img":"","footer-sml-layout":"","ast-disable-related-posts":"","theme-transparent-header-meta":"default","adv-header-id-meta":"","stick-header-meta":"","header-above-stick-meta":"","header-main-stick-meta":"","header-below-stick-meta":"","astra-migrate-meta-layouts":"set","ast-page-background-enabled":"default","ast-page-background-meta":{"desktop":{"background-color":"","background-image":"","background-repeat":"repeat","background-position":"center center","background-size":"auto","background-attachment":"scroll","background-type":"","background-media":"","overlay-type":"","overlay-color":"","overlay-opacity":"","overlay-gradient":""},"tablet":{"background-color":"","background-image":"","background-repeat":"repeat","background-position":"center center","background-size":"auto","background-attachment":"scroll","background-type":"","background-media":"","overlay-type":"","overlay-color":"","overlay-opacity":"","overlay-gradient":""},"mobile":{"background-color":"","background-image":"","background-repeat":"repeat","background-position":"center center","background-size":"auto","background-attachment":"scroll","background-type":"","background-media":"","overlay-type":"","overlay-color":"","overlay-opacity":"","overlay-gradient":""}},"ast-content-background-meta":{"desktop":{"background-color":"var(--ast-global-color-4)","background-image":"","background-repeat":"repeat","background-position":"center center","background-size":"auto","background-attachment":"scroll","background-type":"","background-media":"","overlay-type":"","overlay-color":"","overlay-opacity":"","overlay-gradient":""},"tablet":{"background-color":"var(--ast-global-color-4)","background-image":"","background-repeat":"repeat","background-position":"center center","background-size":"auto","background-attachment":"scroll","background-type":"","background-media":"","overlay-type":"","overlay-color":"","overlay-opacity":"","overlay-gradient":""},"mobile":{"background-color":"var(--ast-global-color-4)","background-image":"","background-repeat":"repeat","background-position":"center center","background-size":"auto","background-attachment":"scroll","background-type":"","background-media":"","overlay-type":"","overlay-color":"","overlay-opacity":"","overlay-gradient":""}}},"product_brand":[],"product_cat":[9590],"product_tag":[],"class_list":{"0":"post-17691","1":"product","2":"type-product","3":"status-publish","4":"has-post-thumbnail","6":"product_cat-lietuviu-literatura","7":"desktop-align-left","8":"tablet-align-left","9":"mobile-align-left","11":"first","12":"instock","13":"shipping-taxable","14":"purchasable","15":"product-type-simple"},"acf":[],"yoast_head":"<!-- This site is optimized with the Yoast SEO plugin v27.0 - https:\/\/yoast.com\/product\/yoast-seo-wordpress\/ -->\n<title>Viena Indijoje<\/title>\n<meta name=\"description\" content=\"Vaiva Ryk\u0161tait\u0117\u00a0\u2013 ra\u0161ytoja, keliautoja, aplankiusi beveik trisde\u0161imt \u0161ali\u0173. Ji nuolat migruoja tarp Lietuvos, Anglijos, Indijos. Ra\u0161ytoja Londone baig\u0117\" \/>\n<meta name=\"robots\" content=\"index, follow, max-snippet:-1, max-image-preview:large, max-video-preview:-1\" \/>\n<link rel=\"canonical\" href=\"https:\/\/skaitytaknyga.lt\/en\/produktas\/viena-indijoje\/\" \/>\n<meta property=\"og:locale\" content=\"en_GB\" \/>\n<meta property=\"og:locale:alternate\" content=\"lt_LT\" \/>\n<meta property=\"og:type\" content=\"article\" \/>\n<meta property=\"og:title\" content=\"Viena Indijoje\" \/>\n<meta property=\"og:description\" content=\"Vaiva Ryk\u0161tait\u0117\u00a0\u2013 ra\u0161ytoja, keliautoja, aplankiusi beveik trisde\u0161imt \u0161ali\u0173. Ji nuolat migruoja tarp Lietuvos, Anglijos, Indijos. Ra\u0161ytoja Londone baig\u0117\" \/>\n<meta property=\"og:url\" content=\"https:\/\/skaitytaknyga.lt\/en\/produktas\/viena-indijoje\/\" \/>\n<meta property=\"og:site_name\" content=\"Skaitytaknyga\" \/>\n<meta property=\"article:publisher\" content=\"https:\/\/www.facebook.com\/skaitytaknyga\/\" \/>\n<meta property=\"article:modified_time\" content=\"2026-03-18T12:45:33+00:00\" \/>\n<meta property=\"og:image\" content=\"https:\/\/skaitytaknyga.lt\/wp-content\/uploads\/2025\/04\/Viena-Indijoje.webp\" \/>\n\t<meta property=\"og:image:width\" content=\"463\" \/>\n\t<meta property=\"og:image:height\" content=\"652\" \/>\n\t<meta property=\"og:image:type\" content=\"image\/webp\" \/>\n<meta name=\"twitter:card\" content=\"summary_large_image\" \/>\n<meta name=\"twitter:label1\" content=\"Estimated reading time\" \/>\n\t<meta name=\"twitter:data1\" content=\"3 minutes\" \/>\n<script type=\"application\/ld+json\" class=\"yoast-schema-graph\">{\"@context\":\"https:\/\/schema.org\",\"@graph\":[{\"@type\":\"WebPage\",\"@id\":\"https:\/\/skaitytaknyga.lt\/produktas\/viena-indijoje\/\",\"url\":\"https:\/\/skaitytaknyga.lt\/produktas\/viena-indijoje\/\",\"name\":\"Viena Indijoje\",\"isPartOf\":{\"@id\":\"https:\/\/skaitytaknyga.lt\/#website\"},\"primaryImageOfPage\":{\"@id\":\"https:\/\/skaitytaknyga.lt\/produktas\/viena-indijoje\/#primaryimage\"},\"image\":{\"@id\":\"https:\/\/skaitytaknyga.lt\/produktas\/viena-indijoje\/#primaryimage\"},\"thumbnailUrl\":\"https:\/\/skaitytaknyga.lt\/wp-content\/uploads\/2025\/04\/Viena-Indijoje.webp\",\"datePublished\":\"2025-04-11T05:05:10+00:00\",\"dateModified\":\"2026-03-18T12:45:33+00:00\",\"description\":\"Vaiva Ryk\u0161tait\u0117\u00a0\u2013 ra\u0161ytoja, keliautoja, aplankiusi beveik trisde\u0161imt \u0161ali\u0173. Ji nuolat migruoja tarp Lietuvos, Anglijos, Indijos. Ra\u0161ytoja Londone baig\u0117\",\"breadcrumb\":{\"@id\":\"https:\/\/skaitytaknyga.lt\/produktas\/viena-indijoje\/#breadcrumb\"},\"inLanguage\":\"en-GB\",\"potentialAction\":[{\"@type\":\"ReadAction\",\"target\":[\"https:\/\/skaitytaknyga.lt\/produktas\/viena-indijoje\/\"]}]},{\"@type\":\"ImageObject\",\"inLanguage\":\"en-GB\",\"@id\":\"https:\/\/skaitytaknyga.lt\/produktas\/viena-indijoje\/#primaryimage\",\"url\":\"https:\/\/skaitytaknyga.lt\/wp-content\/uploads\/2025\/04\/Viena-Indijoje.webp\",\"contentUrl\":\"https:\/\/skaitytaknyga.lt\/wp-content\/uploads\/2025\/04\/Viena-Indijoje.webp\",\"width\":463,\"height\":652,\"caption\":\"Vaiva Ryk\u0161tait\u0117\u00a0 Viena Indijoje\"},{\"@type\":\"BreadcrumbList\",\"@id\":\"https:\/\/skaitytaknyga.lt\/produktas\/viena-indijoje\/#breadcrumb\",\"itemListElement\":[{\"@type\":\"ListItem\",\"position\":1,\"name\":\"Home\",\"item\":\"https:\/\/skaitytaknyga.lt\/\"},{\"@type\":\"ListItem\",\"position\":2,\"name\":\"Parduotuv\u0117\",\"item\":\"https:\/\/skaitytaknyga.lt\/knygu-parduotuve\/\"},{\"@type\":\"ListItem\",\"position\":3,\"name\":\"Viena Indijoje\"}]},{\"@type\":\"WebSite\",\"@id\":\"https:\/\/skaitytaknyga.lt\/#website\",\"url\":\"https:\/\/skaitytaknyga.lt\/\",\"name\":\"skaitytaknyga.lt\",\"description\":\"Skaitytaknyga.lt \u2013 tai ma\u017eas \u0161eimos verslas, kuris prasid\u0117jo nuo meil\u0117s knygoms ir siekio i\u0161gelb\u0117ti knygas nuo likimo prie konteinerio. Kas vienam nereikalingas daiktas \u2013 kitam lobis, o mes esame tarpininkai, kurie padeda abiems tapti laimingesniems ???? \u017dinome kaip nelengva i\u0161gyventi ma\u017eiems verslams, tad nuo \u0161iol, \u010dia rasite ir kit\u0173, ma\u017e\u0173 \u0161eim\u0173 versl\u0173, rank\u0173 darbo, dovan\u0173 sau ir artimiesiems.\",\"publisher\":{\"@id\":\"https:\/\/skaitytaknyga.lt\/#organization\"},\"potentialAction\":[{\"@type\":\"SearchAction\",\"target\":{\"@type\":\"EntryPoint\",\"urlTemplate\":\"https:\/\/skaitytaknyga.lt\/?s={search_term_string}\"},\"query-input\":{\"@type\":\"PropertyValueSpecification\",\"valueRequired\":true,\"valueName\":\"search_term_string\"}}],\"inLanguage\":\"en-GB\"},{\"@type\":\"Organization\",\"@id\":\"https:\/\/skaitytaknyga.lt\/#organization\",\"name\":\"skaitytaknyga.lt\",\"url\":\"https:\/\/skaitytaknyga.lt\/\",\"logo\":{\"@type\":\"ImageObject\",\"inLanguage\":\"en-GB\",\"@id\":\"https:\/\/skaitytaknyga.lt\/#\/schema\/logo\/image\/\",\"url\":\"https:\/\/skaitytaknyga.lt\/wp-content\/uploads\/2024\/05\/cropped-cropped-cropped-02_00843_jt3bggkj1j3HLc7SyY6rEUpg.jpeg\",\"contentUrl\":\"https:\/\/skaitytaknyga.lt\/wp-content\/uploads\/2024\/05\/cropped-cropped-cropped-02_00843_jt3bggkj1j3HLc7SyY6rEUpg.jpeg\",\"width\":1600,\"height\":1600,\"caption\":\"skaitytaknyga.lt\"},\"image\":{\"@id\":\"https:\/\/skaitytaknyga.lt\/#\/schema\/logo\/image\/\"},\"sameAs\":[\"https:\/\/www.facebook.com\/skaitytaknyga\/\"]}]}<\/script>\n<!-- \/ Yoast SEO plugin. -->","yoast_head_json":{"title":"Viena Indijoje","description":"Vaiva Ryk\u0161tait\u0117\u00a0\u2013 ra\u0161ytoja, keliautoja, aplankiusi beveik trisde\u0161imt \u0161ali\u0173. Ji nuolat migruoja tarp Lietuvos, Anglijos, Indijos. Ra\u0161ytoja Londone baig\u0117","robots":{"index":"index","follow":"follow","max-snippet":"max-snippet:-1","max-image-preview":"max-image-preview:large","max-video-preview":"max-video-preview:-1"},"canonical":"https:\/\/skaitytaknyga.lt\/en\/produktas\/viena-indijoje\/","og_locale":"en_GB","og_type":"article","og_title":"[:lt]Viena Indijoje[:] - Skaitytaknyga","og_description":"Vaiva Ryk\u0161tait\u0117\u00a0\u2013 ra\u0161ytoja, keliautoja, aplankiusi beveik trisde\u0161imt \u0161ali\u0173. Ji nuolat migruoja tarp Lietuvos, Anglijos, Indijos. Ra\u0161ytoja Londone baig\u0117","og_url":"https:\/\/skaitytaknyga.lt\/en\/produktas\/viena-indijoje\/","og_site_name":"Skaitytaknyga","article_publisher":"https:\/\/www.facebook.com\/skaitytaknyga\/","article_modified_time":"2026-03-18T12:45:33+00:00","og_image":[{"width":463,"height":652,"url":"https:\/\/skaitytaknyga.lt\/wp-content\/uploads\/2025\/04\/Viena-Indijoje.webp","type":"image\/webp"}],"twitter_card":"summary_large_image","twitter_misc":{"Estimated reading time":"3 minutes"},"schema":{"@context":"https:\/\/schema.org","@graph":[{"@type":"WebPage","@id":"https:\/\/skaitytaknyga.lt\/produktas\/viena-indijoje\/","url":"https:\/\/skaitytaknyga.lt\/produktas\/viena-indijoje\/","name":"Viena Indijoje","isPartOf":{"@id":"https:\/\/skaitytaknyga.lt\/#website"},"primaryImageOfPage":{"@id":"https:\/\/skaitytaknyga.lt\/produktas\/viena-indijoje\/#primaryimage"},"image":{"@id":"https:\/\/skaitytaknyga.lt\/produktas\/viena-indijoje\/#primaryimage"},"thumbnailUrl":"https:\/\/skaitytaknyga.lt\/wp-content\/uploads\/2025\/04\/Viena-Indijoje.webp","datePublished":"2025-04-11T05:05:10+00:00","dateModified":"2026-03-18T12:45:33+00:00","description":"Vaiva Ryk\u0161tait\u0117\u00a0\u2013 ra\u0161ytoja, keliautoja, aplankiusi beveik trisde\u0161imt \u0161ali\u0173. Ji nuolat migruoja tarp Lietuvos, Anglijos, Indijos. Ra\u0161ytoja Londone baig\u0117","breadcrumb":{"@id":"https:\/\/skaitytaknyga.lt\/produktas\/viena-indijoje\/#breadcrumb"},"inLanguage":"en-GB","potentialAction":[{"@type":"ReadAction","target":["https:\/\/skaitytaknyga.lt\/produktas\/viena-indijoje\/"]}]},{"@type":"ImageObject","inLanguage":"en-GB","@id":"https:\/\/skaitytaknyga.lt\/produktas\/viena-indijoje\/#primaryimage","url":"https:\/\/skaitytaknyga.lt\/wp-content\/uploads\/2025\/04\/Viena-Indijoje.webp","contentUrl":"https:\/\/skaitytaknyga.lt\/wp-content\/uploads\/2025\/04\/Viena-Indijoje.webp","width":463,"height":652,"caption":"Vaiva Ryk\u0161tait\u0117\u00a0 Viena Indijoje"},{"@type":"BreadcrumbList","@id":"https:\/\/skaitytaknyga.lt\/produktas\/viena-indijoje\/#breadcrumb","itemListElement":[{"@type":"ListItem","position":1,"name":"Home","item":"https:\/\/skaitytaknyga.lt\/"},{"@type":"ListItem","position":2,"name":"Parduotuv\u0117","item":"https:\/\/skaitytaknyga.lt\/knygu-parduotuve\/"},{"@type":"ListItem","position":3,"name":"Viena Indijoje"}]},{"@type":"WebSite","@id":"https:\/\/skaitytaknyga.lt\/#website","url":"https:\/\/skaitytaknyga.lt\/","name":"skaitytaknyga.lt","description":"Skaitytaknyga.lt \u2013 tai ma\u017eas \u0161eimos verslas, kuris prasid\u0117jo nuo meil\u0117s knygoms ir siekio i\u0161gelb\u0117ti knygas nuo likimo prie konteinerio. Kas vienam nereikalingas daiktas \u2013 kitam lobis, o mes esame tarpininkai, kurie padeda abiems tapti laimingesniems ???? \u017dinome kaip nelengva i\u0161gyventi ma\u017eiems verslams, tad nuo \u0161iol, \u010dia rasite ir kit\u0173, ma\u017e\u0173 \u0161eim\u0173 versl\u0173, rank\u0173 darbo, dovan\u0173 sau ir artimiesiems.","publisher":{"@id":"https:\/\/skaitytaknyga.lt\/#organization"},"potentialAction":[{"@type":"SearchAction","target":{"@type":"EntryPoint","urlTemplate":"https:\/\/skaitytaknyga.lt\/?s={search_term_string}"},"query-input":{"@type":"PropertyValueSpecification","valueRequired":true,"valueName":"search_term_string"}}],"inLanguage":"en-GB"},{"@type":"Organization","@id":"https:\/\/skaitytaknyga.lt\/#organization","name":"skaitytaknyga.lt","url":"https:\/\/skaitytaknyga.lt\/","logo":{"@type":"ImageObject","inLanguage":"en-GB","@id":"https:\/\/skaitytaknyga.lt\/#\/schema\/logo\/image\/","url":"https:\/\/skaitytaknyga.lt\/wp-content\/uploads\/2024\/05\/cropped-cropped-cropped-02_00843_jt3bggkj1j3HLc7SyY6rEUpg.jpeg","contentUrl":"https:\/\/skaitytaknyga.lt\/wp-content\/uploads\/2024\/05\/cropped-cropped-cropped-02_00843_jt3bggkj1j3HLc7SyY6rEUpg.jpeg","width":1600,"height":1600,"caption":"skaitytaknyga.lt"},"image":{"@id":"https:\/\/skaitytaknyga.lt\/#\/schema\/logo\/image\/"},"sameAs":["https:\/\/www.facebook.com\/skaitytaknyga\/"]}]}},"_links":{"self":[{"href":"https:\/\/skaitytaknyga.lt\/en\/wp-json\/wp\/v2\/product\/17691","targetHints":{"allow":["GET"]}}],"collection":[{"href":"https:\/\/skaitytaknyga.lt\/en\/wp-json\/wp\/v2\/product"}],"about":[{"href":"https:\/\/skaitytaknyga.lt\/en\/wp-json\/wp\/v2\/types\/product"}],"replies":[{"embeddable":true,"href":"https:\/\/skaitytaknyga.lt\/en\/wp-json\/wp\/v2\/comments?post=17691"}],"wp:featuredmedia":[{"embeddable":true,"href":"https:\/\/skaitytaknyga.lt\/en\/wp-json\/wp\/v2\/media\/17692"}],"wp:attachment":[{"href":"https:\/\/skaitytaknyga.lt\/en\/wp-json\/wp\/v2\/media?parent=17691"}],"wp:term":[{"taxonomy":"product_brand","embeddable":true,"href":"https:\/\/skaitytaknyga.lt\/en\/wp-json\/wp\/v2\/product_brand?post=17691"},{"taxonomy":"product_cat","embeddable":true,"href":"https:\/\/skaitytaknyga.lt\/en\/wp-json\/wp\/v2\/product_cat?post=17691"},{"taxonomy":"product_tag","embeddable":true,"href":"https:\/\/skaitytaknyga.lt\/en\/wp-json\/wp\/v2\/product_tag?post=17691"}],"curies":[{"name":"wp","href":"https:\/\/api.w.org\/{rel}","templated":true}]}}