{"id":17686,"date":"2025-04-09T22:12:31","date_gmt":"2025-04-09T19:12:31","guid":{"rendered":"https:\/\/skaitytaknyga.lt\/?post_type=product&#038;p=17686"},"modified":"2025-05-12T08:31:18","modified_gmt":"2025-05-12T05:31:18","slug":"pokalbis-su-dukra-apie-ekonomika","status":"publish","type":"product","link":"https:\/\/skaitytaknyga.lt\/en\/produktas\/pokalbis-su-dukra-apie-ekonomika\/","title":{"rendered":"Pokalbis su dukra apie ekonomik\u0105"},"content":{"rendered":"<p>Tai vieno \u017eymiausi\u0173 ekonomist\u0173<span class=\"Apple-converted-space\">\u00a0<\/span><strong style=\"font-weight: bold;\">prof. Yanio Varoufakio<\/strong><span class=\"Apple-converted-space\">\u00a0<\/span>para\u0161yta provokuojanti ir kriti\u0161ka pasaulio ekonomikos analiz\u0117. Pasitelk\u0119s senov\u0117s mitus, \u0161iuolaikin\u0117s kult\u016bros simbolius ir savo \u0161eimos istorijas Varoufakis suprantamai, tarsi kalb\u0117damas su dukra, paai\u0161kina, kaip veikia ekonomika, kaip ji vyst\u0117si ir kod\u0117l b\u016btent \u0161itaip. Autorius griauna vien\u0105 mit\u0105 apie po kito. Tai ekonomikos pagrindai ir kritin\u0117 kapitalizmo istorija.<\/p>\n<p>Kas yra pinigai ir kod\u0117l egzistuoja skolos? Kas yra infliacija, defliacija bei pal\u016bkanos? Ekonomika\u00a0\u2013 tai ne tik mokslas, bet ir id\u0117j\u0173 m\u016b\u0161io laukas, kur galingieji kovoja d\u0117l m\u016bs\u0173 lojalumo. Yanis Varoufakis paai\u0161kina, kaip prasid\u0117jo ekonomikos drama ir kaip galiausiai ekonomika tapo visa apimanti ir \u0117m\u0117 lemti pasaulio visuomeni\u0173 likimus. Knygoje autorius atsako \u012f svarbiausius klausimus apie pinigus, gali\u0105 ir nelygyb\u0119.<\/p>\n<p>\u201eVaroufakis kvie\u010dia suabejoti ekspertais \u2013 svarbiausiu ekonomikos bastionu. \u0160i knyga \u2013 galingas demokratijos \u012frankis, pasirod\u0119s pa\u010diu tinkamiausiu laiku.&#8221;<\/p>\n<ul class=\"about-product mb-3\">\n<li><strong style=\"font-weight: bold;\">Originalus pavadinimas:<\/strong><span class=\"Apple-converted-space\">\u00a0<\/span>Talking to my Daughter about the Economy<\/li>\n<li><strong style=\"font-weight: bold;\">Autorius:<\/strong><span class=\"Apple-converted-space\">\u00a0<\/span>Yanis Varoufakis<\/li>\n<li><strong style=\"font-weight: bold;\">Leid\u0117jas:<\/strong><span class=\"Apple-converted-space\">\u00a0<\/span>Kitos knygos<\/li>\n<li><strong style=\"font-weight: bold;\">Metai:<\/strong><span class=\"Apple-converted-space\">\u00a0<\/span>2019<\/li>\n<li><strong style=\"font-weight: bold;\">Puslapiai:<\/strong><span class=\"Apple-converted-space\">\u00a0<\/span>200<\/li>\n<li class=\"toggleable type-new-formats \"><strong style=\"font-weight: bold;\">ISBN:<\/strong><span class=\"Apple-converted-space\">\u00a0<\/span>9786094273971<\/li>\n<li><strong style=\"font-weight: bold;\">Versijos kodas:<\/strong><span class=\"Apple-converted-space\">\u00a0<\/span>6<\/li>\n<li class=\"toggleable type-new-formats \"><strong style=\"font-weight: bold;\">Formatas:<\/strong><span class=\"Apple-converted-space\">\u00a0<\/span>14 x 20,5 x 2 cm, kieti vir\u0161eliai<\/li>\n<li><strong style=\"font-weight: bold;\">Kalba:<\/strong><span class=\"Apple-converted-space\">\u00a0<\/span>Lietuvi\u0173<\/li>\n<li><strong style=\"font-weight: bold;\">Vert\u0117jas:<\/strong><span class=\"Apple-converted-space\">\u00a0<\/span>Rasa Sta\u0161yt\u0117<\/li>\n<\/ul>\n","protected":false},"excerpt":{"rendered":"<p>Tai vieno \u017eymiausi\u0173 ekonomist\u0173\u00a0prof. Yanio Varoufakio\u00a0para\u0161yta provokuojanti ir kriti\u0161ka pasaulio ekonomikos analiz\u0117. Pasitelk\u0119s senov\u0117s mitus, \u0161iuolaikin\u0117s kult\u016bros simbolius ir savo \u0161eimos istorijas Varoufakis suprantamai, tarsi kalb\u0117damas su dukra, paai\u0161kina, kaip veikia ekonomika, kaip ji vyst\u0117si ir kod\u0117l b\u016btent \u0161itaip. Autorius griauna vien\u0105 mit\u0105 apie po kito. Tai ekonomikos pagrindai ir kritin\u0117 kapitalizmo istorija. Kas yra pinigai ir kod\u0117l egzistuoja skolos? Kas yra infliacija, defliacija bei pal\u016bkanos? Ekonomika\u00a0\u2013 tai ne tik mokslas, bet ir id\u0117j\u0173 m\u016b\u0161io laukas, kur galingieji kovoja d\u0117l m\u016bs\u0173 lojalumo. Yanis Varoufakis paai\u0161kina, kaip prasid\u0117jo ekonomikos drama ir kaip galiausiai ekonomika tapo visa apimanti ir \u0117m\u0117 lemti pasaulio visuomeni\u0173 likimus. Knygoje autorius atsako \u012f svarbiausius klausimus apie pinigus, gali\u0105 ir nelygyb\u0119. \u201eVaroufakis kvie\u010dia suabejoti ekspertais \u2013 svarbiausiu ekonomikos bastionu. \u0160i knyga \u2013 galingas demokratijos \u012frankis, pasirod\u0119s pa\u010diu tinkamiausiu laiku.&#8221; Originalus pavadinimas:\u00a0Talking to my Daughter about the Economy Autorius:\u00a0Yanis Varoufakis Leid\u0117jas:\u00a0Kitos knygos Metai:\u00a02019 Puslapiai:\u00a0200 ISBN:\u00a09786094273971 Versijos kodas:\u00a06 Formatas:\u00a014 x 20,5 x 2 cm, kieti vir\u0161eliai Kalba:\u00a0Lietuvi\u0173 Vert\u0117jas:\u00a0Rasa Sta\u0161yt\u0117<\/p>\n","protected":false},"featured_media":17687,"comment_status":"open","ping_status":"closed","template":"","meta":{"_acf_changed":false,"site-sidebar-layout":"default","site-content-layout":"","ast-site-content-layout":"default","site-content-style":"default","site-sidebar-style":"default","ast-global-header-display":"","ast-banner-title-visibility":"","ast-main-header-display":"","ast-hfb-above-header-display":"","ast-hfb-below-header-display":"","ast-hfb-mobile-header-display":"","site-post-title":"","ast-breadcrumbs-content":"","ast-featured-img":"","footer-sml-layout":"","ast-disable-related-posts":"","theme-transparent-header-meta":"default","adv-header-id-meta":"","stick-header-meta":"","header-above-stick-meta":"","header-main-stick-meta":"","header-below-stick-meta":"","astra-migrate-meta-layouts":"set","ast-page-background-enabled":"default","ast-page-background-meta":{"desktop":{"background-color":"","background-image":"","background-repeat":"repeat","background-position":"center center","background-size":"auto","background-attachment":"scroll","background-type":"","background-media":"","overlay-type":"","overlay-color":"","overlay-opacity":"","overlay-gradient":""},"tablet":{"background-color":"","background-image":"","background-repeat":"repeat","background-position":"center center","background-size":"auto","background-attachment":"scroll","background-type":"","background-media":"","overlay-type":"","overlay-color":"","overlay-opacity":"","overlay-gradient":""},"mobile":{"background-color":"","background-image":"","background-repeat":"repeat","background-position":"center center","background-size":"auto","background-attachment":"scroll","background-type":"","background-media":"","overlay-type":"","overlay-color":"","overlay-opacity":"","overlay-gradient":""}},"ast-content-background-meta":{"desktop":{"background-color":"var(--ast-global-color-4)","background-image":"","background-repeat":"repeat","background-position":"center center","background-size":"auto","background-attachment":"scroll","background-type":"","background-media":"","overlay-type":"","overlay-color":"","overlay-opacity":"","overlay-gradient":""},"tablet":{"background-color":"var(--ast-global-color-4)","background-image":"","background-repeat":"repeat","background-position":"center center","background-size":"auto","background-attachment":"scroll","background-type":"","background-media":"","overlay-type":"","overlay-color":"","overlay-opacity":"","overlay-gradient":""},"mobile":{"background-color":"var(--ast-global-color-4)","background-image":"","background-repeat":"repeat","background-position":"center center","background-size":"auto","background-attachment":"scroll","background-type":"","background-media":"","overlay-type":"","overlay-color":"","overlay-opacity":"","overlay-gradient":""}}},"product_brand":[],"product_cat":[26],"product_tag":[1529,1531,1530,1534,1532,1533,1535],"class_list":{"0":"post-17686","1":"product","2":"type-product","3":"status-publish","4":"has-post-thumbnail","6":"product_cat-verslas-vadyba-ir-finansai","7":"product_tag-ekonomika","8":"product_tag-ekonomikos-istorija","9":"product_tag-kapitalizmas","10":"product_tag-politine-ekonomija","11":"product_tag-svietimas","12":"product_tag-visuomene","13":"product_tag-yanis-varoufakis","14":"desktop-align-left","15":"tablet-align-left","16":"mobile-align-left","18":"first","19":"instock","20":"shipping-taxable","21":"purchasable","22":"product-type-simple"},"acf":[],"yoast_head":"<!-- This site is optimized with the Yoast SEO plugin v27.0 - https:\/\/yoast.com\/product\/yoast-seo-wordpress\/ -->\n<title>Pokalbis su dukra apie ekonomik\u0105<\/title>\n<meta name=\"description\" content=\"Tai vieno \u017eymiausi\u0173 ekonomist\u0173\u00a0prof. Yanio Varoufakio\u00a0para\u0161yta provokuojanti ir kriti\u0161ka pasaulio ekonomikos analiz\u0117. Pasitelk\u0119s senov\u0117s mitus,\" \/>\n<meta name=\"robots\" content=\"index, follow, max-snippet:-1, max-image-preview:large, max-video-preview:-1\" \/>\n<link rel=\"canonical\" href=\"https:\/\/skaitytaknyga.lt\/en\/produktas\/pokalbis-su-dukra-apie-ekonomika\/\" \/>\n<meta property=\"og:locale\" content=\"en_GB\" \/>\n<meta property=\"og:locale:alternate\" content=\"lt_LT\" \/>\n<meta property=\"og:type\" content=\"article\" \/>\n<meta property=\"og:title\" content=\"Pokalbis su dukra apie ekonomik\u0105\" \/>\n<meta property=\"og:description\" content=\"Tai vieno \u017eymiausi\u0173 ekonomist\u0173\u00a0prof. Yanio Varoufakio\u00a0para\u0161yta provokuojanti ir kriti\u0161ka pasaulio ekonomikos analiz\u0117. Pasitelk\u0119s senov\u0117s mitus,\" \/>\n<meta property=\"og:url\" content=\"https:\/\/skaitytaknyga.lt\/en\/produktas\/pokalbis-su-dukra-apie-ekonomika\/\" \/>\n<meta property=\"og:site_name\" content=\"Skaitytaknyga\" \/>\n<meta property=\"article:publisher\" content=\"https:\/\/www.facebook.com\/skaitytaknyga\/\" \/>\n<meta property=\"article:modified_time\" content=\"2025-05-12T05:31:18+00:00\" \/>\n<meta property=\"og:image\" content=\"https:\/\/skaitytaknyga.lt\/wp-content\/uploads\/2025\/04\/img_8409.jpeg\" \/>\n\t<meta property=\"og:image:width\" content=\"505\" \/>\n\t<meta property=\"og:image:height\" content=\"749\" \/>\n\t<meta property=\"og:image:type\" content=\"image\/jpeg\" \/>\n<meta name=\"twitter:card\" content=\"summary_large_image\" \/>\n<meta name=\"twitter:label1\" content=\"Estimated reading time\" \/>\n\t<meta name=\"twitter:data1\" content=\"2 minutes\" \/>\n<script type=\"application\/ld+json\" class=\"yoast-schema-graph\">{\"@context\":\"https:\/\/schema.org\",\"@graph\":[{\"@type\":\"WebPage\",\"@id\":\"https:\/\/skaitytaknyga.lt\/produktas\/pokalbis-su-dukra-apie-ekonomika\/\",\"url\":\"https:\/\/skaitytaknyga.lt\/produktas\/pokalbis-su-dukra-apie-ekonomika\/\",\"name\":\"Pokalbis su dukra apie ekonomik\u0105\",\"isPartOf\":{\"@id\":\"https:\/\/skaitytaknyga.lt\/#website\"},\"primaryImageOfPage\":{\"@id\":\"https:\/\/skaitytaknyga.lt\/produktas\/pokalbis-su-dukra-apie-ekonomika\/#primaryimage\"},\"image\":{\"@id\":\"https:\/\/skaitytaknyga.lt\/produktas\/pokalbis-su-dukra-apie-ekonomika\/#primaryimage\"},\"thumbnailUrl\":\"https:\/\/skaitytaknyga.lt\/wp-content\/uploads\/2025\/04\/img_8409.jpeg\",\"datePublished\":\"2025-04-09T19:12:31+00:00\",\"dateModified\":\"2025-05-12T05:31:18+00:00\",\"description\":\"Tai vieno \u017eymiausi\u0173 ekonomist\u0173\u00a0prof. Yanio Varoufakio\u00a0para\u0161yta provokuojanti ir kriti\u0161ka pasaulio ekonomikos analiz\u0117. Pasitelk\u0119s senov\u0117s mitus,\",\"breadcrumb\":{\"@id\":\"https:\/\/skaitytaknyga.lt\/produktas\/pokalbis-su-dukra-apie-ekonomika\/#breadcrumb\"},\"inLanguage\":\"en-GB\",\"potentialAction\":[{\"@type\":\"ReadAction\",\"target\":[\"https:\/\/skaitytaknyga.lt\/produktas\/pokalbis-su-dukra-apie-ekonomika\/\"]}]},{\"@type\":\"ImageObject\",\"inLanguage\":\"en-GB\",\"@id\":\"https:\/\/skaitytaknyga.lt\/produktas\/pokalbis-su-dukra-apie-ekonomika\/#primaryimage\",\"url\":\"https:\/\/skaitytaknyga.lt\/wp-content\/uploads\/2025\/04\/img_8409.jpeg\",\"contentUrl\":\"https:\/\/skaitytaknyga.lt\/wp-content\/uploads\/2025\/04\/img_8409.jpeg\",\"width\":505,\"height\":749,\"caption\":\"Pokalbis su dukra apie ekonomik\u0105\"},{\"@type\":\"BreadcrumbList\",\"@id\":\"https:\/\/skaitytaknyga.lt\/produktas\/pokalbis-su-dukra-apie-ekonomika\/#breadcrumb\",\"itemListElement\":[{\"@type\":\"ListItem\",\"position\":1,\"name\":\"Home\",\"item\":\"https:\/\/skaitytaknyga.lt\/\"},{\"@type\":\"ListItem\",\"position\":2,\"name\":\"Parduotuv\u0117\",\"item\":\"https:\/\/skaitytaknyga.lt\/knygu-parduotuve\/\"},{\"@type\":\"ListItem\",\"position\":3,\"name\":\"Pokalbis su dukra apie ekonomik\u0105\"}]},{\"@type\":\"WebSite\",\"@id\":\"https:\/\/skaitytaknyga.lt\/#website\",\"url\":\"https:\/\/skaitytaknyga.lt\/\",\"name\":\"skaitytaknyga.lt\",\"description\":\"Skaitytaknyga.lt \u2013 tai ma\u017eas \u0161eimos verslas, kuris prasid\u0117jo nuo meil\u0117s knygoms ir siekio i\u0161gelb\u0117ti knygas nuo likimo prie konteinerio. Kas vienam nereikalingas daiktas \u2013 kitam lobis, o mes esame tarpininkai, kurie padeda abiems tapti laimingesniems ???? \u017dinome kaip nelengva i\u0161gyventi ma\u017eiems verslams, tad nuo \u0161iol, \u010dia rasite ir kit\u0173, ma\u017e\u0173 \u0161eim\u0173 versl\u0173, rank\u0173 darbo, dovan\u0173 sau ir artimiesiems.\",\"publisher\":{\"@id\":\"https:\/\/skaitytaknyga.lt\/#organization\"},\"potentialAction\":[{\"@type\":\"SearchAction\",\"target\":{\"@type\":\"EntryPoint\",\"urlTemplate\":\"https:\/\/skaitytaknyga.lt\/?s={search_term_string}\"},\"query-input\":{\"@type\":\"PropertyValueSpecification\",\"valueRequired\":true,\"valueName\":\"search_term_string\"}}],\"inLanguage\":\"en-GB\"},{\"@type\":\"Organization\",\"@id\":\"https:\/\/skaitytaknyga.lt\/#organization\",\"name\":\"skaitytaknyga.lt\",\"url\":\"https:\/\/skaitytaknyga.lt\/\",\"logo\":{\"@type\":\"ImageObject\",\"inLanguage\":\"en-GB\",\"@id\":\"https:\/\/skaitytaknyga.lt\/#\/schema\/logo\/image\/\",\"url\":\"https:\/\/skaitytaknyga.lt\/wp-content\/uploads\/2024\/05\/cropped-cropped-cropped-02_00843_jt3bggkj1j3HLc7SyY6rEUpg.jpeg\",\"contentUrl\":\"https:\/\/skaitytaknyga.lt\/wp-content\/uploads\/2024\/05\/cropped-cropped-cropped-02_00843_jt3bggkj1j3HLc7SyY6rEUpg.jpeg\",\"width\":1600,\"height\":1600,\"caption\":\"skaitytaknyga.lt\"},\"image\":{\"@id\":\"https:\/\/skaitytaknyga.lt\/#\/schema\/logo\/image\/\"},\"sameAs\":[\"https:\/\/www.facebook.com\/skaitytaknyga\/\"]}]}<\/script>\n<!-- \/ Yoast SEO plugin. -->","yoast_head_json":{"title":"Pokalbis su dukra apie ekonomik\u0105","description":"Tai vieno \u017eymiausi\u0173 ekonomist\u0173\u00a0prof. Yanio Varoufakio\u00a0para\u0161yta provokuojanti ir kriti\u0161ka pasaulio ekonomikos analiz\u0117. Pasitelk\u0119s senov\u0117s mitus,","robots":{"index":"index","follow":"follow","max-snippet":"max-snippet:-1","max-image-preview":"max-image-preview:large","max-video-preview":"max-video-preview:-1"},"canonical":"https:\/\/skaitytaknyga.lt\/en\/produktas\/pokalbis-su-dukra-apie-ekonomika\/","og_locale":"en_GB","og_type":"article","og_title":"[:lt]Pokalbis su dukra apie ekonomik\u0105[:] - Skaitytaknyga","og_description":"Tai vieno \u017eymiausi\u0173 ekonomist\u0173\u00a0prof. Yanio Varoufakio\u00a0para\u0161yta provokuojanti ir kriti\u0161ka pasaulio ekonomikos analiz\u0117. Pasitelk\u0119s senov\u0117s mitus,","og_url":"https:\/\/skaitytaknyga.lt\/en\/produktas\/pokalbis-su-dukra-apie-ekonomika\/","og_site_name":"Skaitytaknyga","article_publisher":"https:\/\/www.facebook.com\/skaitytaknyga\/","article_modified_time":"2025-05-12T05:31:18+00:00","og_image":[{"width":505,"height":749,"url":"https:\/\/skaitytaknyga.lt\/wp-content\/uploads\/2025\/04\/img_8409.jpeg","type":"image\/jpeg"}],"twitter_card":"summary_large_image","twitter_misc":{"Estimated reading time":"2 minutes"},"schema":{"@context":"https:\/\/schema.org","@graph":[{"@type":"WebPage","@id":"https:\/\/skaitytaknyga.lt\/produktas\/pokalbis-su-dukra-apie-ekonomika\/","url":"https:\/\/skaitytaknyga.lt\/produktas\/pokalbis-su-dukra-apie-ekonomika\/","name":"Pokalbis su dukra apie ekonomik\u0105","isPartOf":{"@id":"https:\/\/skaitytaknyga.lt\/#website"},"primaryImageOfPage":{"@id":"https:\/\/skaitytaknyga.lt\/produktas\/pokalbis-su-dukra-apie-ekonomika\/#primaryimage"},"image":{"@id":"https:\/\/skaitytaknyga.lt\/produktas\/pokalbis-su-dukra-apie-ekonomika\/#primaryimage"},"thumbnailUrl":"https:\/\/skaitytaknyga.lt\/wp-content\/uploads\/2025\/04\/img_8409.jpeg","datePublished":"2025-04-09T19:12:31+00:00","dateModified":"2025-05-12T05:31:18+00:00","description":"Tai vieno \u017eymiausi\u0173 ekonomist\u0173\u00a0prof. Yanio Varoufakio\u00a0para\u0161yta provokuojanti ir kriti\u0161ka pasaulio ekonomikos analiz\u0117. Pasitelk\u0119s senov\u0117s mitus,","breadcrumb":{"@id":"https:\/\/skaitytaknyga.lt\/produktas\/pokalbis-su-dukra-apie-ekonomika\/#breadcrumb"},"inLanguage":"en-GB","potentialAction":[{"@type":"ReadAction","target":["https:\/\/skaitytaknyga.lt\/produktas\/pokalbis-su-dukra-apie-ekonomika\/"]}]},{"@type":"ImageObject","inLanguage":"en-GB","@id":"https:\/\/skaitytaknyga.lt\/produktas\/pokalbis-su-dukra-apie-ekonomika\/#primaryimage","url":"https:\/\/skaitytaknyga.lt\/wp-content\/uploads\/2025\/04\/img_8409.jpeg","contentUrl":"https:\/\/skaitytaknyga.lt\/wp-content\/uploads\/2025\/04\/img_8409.jpeg","width":505,"height":749,"caption":"Pokalbis su dukra apie ekonomik\u0105"},{"@type":"BreadcrumbList","@id":"https:\/\/skaitytaknyga.lt\/produktas\/pokalbis-su-dukra-apie-ekonomika\/#breadcrumb","itemListElement":[{"@type":"ListItem","position":1,"name":"Home","item":"https:\/\/skaitytaknyga.lt\/"},{"@type":"ListItem","position":2,"name":"Parduotuv\u0117","item":"https:\/\/skaitytaknyga.lt\/knygu-parduotuve\/"},{"@type":"ListItem","position":3,"name":"Pokalbis su dukra apie ekonomik\u0105"}]},{"@type":"WebSite","@id":"https:\/\/skaitytaknyga.lt\/#website","url":"https:\/\/skaitytaknyga.lt\/","name":"skaitytaknyga.lt","description":"Skaitytaknyga.lt \u2013 tai ma\u017eas \u0161eimos verslas, kuris prasid\u0117jo nuo meil\u0117s knygoms ir siekio i\u0161gelb\u0117ti knygas nuo likimo prie konteinerio. Kas vienam nereikalingas daiktas \u2013 kitam lobis, o mes esame tarpininkai, kurie padeda abiems tapti laimingesniems ???? \u017dinome kaip nelengva i\u0161gyventi ma\u017eiems verslams, tad nuo \u0161iol, \u010dia rasite ir kit\u0173, ma\u017e\u0173 \u0161eim\u0173 versl\u0173, rank\u0173 darbo, dovan\u0173 sau ir artimiesiems.","publisher":{"@id":"https:\/\/skaitytaknyga.lt\/#organization"},"potentialAction":[{"@type":"SearchAction","target":{"@type":"EntryPoint","urlTemplate":"https:\/\/skaitytaknyga.lt\/?s={search_term_string}"},"query-input":{"@type":"PropertyValueSpecification","valueRequired":true,"valueName":"search_term_string"}}],"inLanguage":"en-GB"},{"@type":"Organization","@id":"https:\/\/skaitytaknyga.lt\/#organization","name":"skaitytaknyga.lt","url":"https:\/\/skaitytaknyga.lt\/","logo":{"@type":"ImageObject","inLanguage":"en-GB","@id":"https:\/\/skaitytaknyga.lt\/#\/schema\/logo\/image\/","url":"https:\/\/skaitytaknyga.lt\/wp-content\/uploads\/2024\/05\/cropped-cropped-cropped-02_00843_jt3bggkj1j3HLc7SyY6rEUpg.jpeg","contentUrl":"https:\/\/skaitytaknyga.lt\/wp-content\/uploads\/2024\/05\/cropped-cropped-cropped-02_00843_jt3bggkj1j3HLc7SyY6rEUpg.jpeg","width":1600,"height":1600,"caption":"skaitytaknyga.lt"},"image":{"@id":"https:\/\/skaitytaknyga.lt\/#\/schema\/logo\/image\/"},"sameAs":["https:\/\/www.facebook.com\/skaitytaknyga\/"]}]}},"_links":{"self":[{"href":"https:\/\/skaitytaknyga.lt\/en\/wp-json\/wp\/v2\/product\/17686","targetHints":{"allow":["GET"]}}],"collection":[{"href":"https:\/\/skaitytaknyga.lt\/en\/wp-json\/wp\/v2\/product"}],"about":[{"href":"https:\/\/skaitytaknyga.lt\/en\/wp-json\/wp\/v2\/types\/product"}],"replies":[{"embeddable":true,"href":"https:\/\/skaitytaknyga.lt\/en\/wp-json\/wp\/v2\/comments?post=17686"}],"wp:featuredmedia":[{"embeddable":true,"href":"https:\/\/skaitytaknyga.lt\/en\/wp-json\/wp\/v2\/media\/17687"}],"wp:attachment":[{"href":"https:\/\/skaitytaknyga.lt\/en\/wp-json\/wp\/v2\/media?parent=17686"}],"wp:term":[{"taxonomy":"product_brand","embeddable":true,"href":"https:\/\/skaitytaknyga.lt\/en\/wp-json\/wp\/v2\/product_brand?post=17686"},{"taxonomy":"product_cat","embeddable":true,"href":"https:\/\/skaitytaknyga.lt\/en\/wp-json\/wp\/v2\/product_cat?post=17686"},{"taxonomy":"product_tag","embeddable":true,"href":"https:\/\/skaitytaknyga.lt\/en\/wp-json\/wp\/v2\/product_tag?post=17686"}],"curies":[{"name":"wp","href":"https:\/\/api.w.org\/{rel}","templated":true}]}}