{"id":17685,"date":"2025-04-09T22:09:50","date_gmt":"2025-04-09T19:09:50","guid":{"rendered":"https:\/\/skaitytaknyga.lt\/produktas\/produktas-2\/"},"modified":"2025-10-31T08:02:58","modified_gmt":"2025-10-31T06:02:58","slug":"komunikacijos-vadovas","status":"publish","type":"product","link":"https:\/\/skaitytaknyga.lt\/en\/produktas\/komunikacijos-vadovas\/","title":{"rendered":"Komunikacijos vadovas"},"content":{"rendered":"<p><em>Tobulinkite bendravimo \u012fg\u016bd\u017eius ir laim\u0117kite versle bei asmeniniame gyvenime<\/em><\/p>\n<p>Kalb\u0117kite &#8211; ir jus i\u0161girs. Bet prie\u0161 kalb\u0117dami pirmiausiai paklausykite &#8211; tik taip rasite ties\u0173 keli\u0105 \u012f kliento, pavaldinio, kolegos ar artimojo \u0161ird\u012f. Rezultatyvaus bendravimo recept\u0105 si\u016blo Keldo Jenseno knyga<span class=\"Apple-converted-space\">\u00a0<\/span><em>Komunikacijos vadovas<\/em>. \u0160is leidinys ne vienam verslininkui atvers akis, kaip paprastu, bet taikliu ir nuo\u0161ird\u017eiu \u017eod\u017eiu galima atidaryti duris, kurios, atrod\u0117, buvo u\u017erakintos devyniais u\u017eraktais. Tai jau antroji K.Jensen knyga, leid\u017eiama \u201eVerslo \u017eini\u0173&#8221;. Pirmoji &#8211; \u201eDeryb\u0173 vadovas&#8221; &#8211; buvo i\u0161leista prie\u0161 pora met\u0173 ir sulauk\u0117 didelio susidom\u0117jimo Lietuvoje.<\/p>\n<p>Ar \u017einojote, kad 70 procent\u0173 \u017emoni\u0173 darbo netenka ne d\u0117l gabum\u0173 stokos, bet d\u0117l to, kad jiems tr\u016bksta komunikacin\u0117s kompetencijos? O tai, kad vos 15 procent\u0173 m\u016bs\u0173 s\u0117km\u0117s priklauso nuo profesini\u0173 ar technini\u0173 \u017eini\u0173 ir net 85 procentai nuo to, kaip gerai i\u0161manome \u017emogaus elgsen\u0105? Ne? Tada atsiverskite<span class=\"Apple-converted-space\">\u00a0<\/span><em>Komunikacijos vadov\u0105<\/em><span class=\"Apple-converted-space\">\u00a0<\/span>&#8211; knyg\u0105, kuri\u0105 skaityti ne tik be galo naudinga kiekvienam i\u0161 m\u016bs\u0173, bet ir smagu.<\/p>\n<p>\u017dinios, pateikiamos \u0161ioje knygoje ir autoriaus sukauptos per daugiau nei 20 met\u0173 konsultuojant, derantis ir mokant \u012fvairi\u0173 \u012fmoni\u0173 darbuotojus, n\u0117ra teoriniai \u012fg\u016bd\u017eiai, kuri\u0173 galime \u012fgyti mokyklos suole, verslo koled\u017ee, universitete ar tolimesnio mokymosi institucijoje. Da\u017eniausiai jos \u012fgyjamos praktikoje naudojant \u201ebandym\u0173 ir klaid\u0173&#8221; metod\u0105. \u0160ioje knygoje autorius stengiasi perteikti ir i\u0161mokyti Jus proced\u016br\u0173, kurios paremtos per daugybe met\u0173 praktin\u0117s patirties i\u0161tobulintais metodais. \u0160ias proced\u016bras galima pritaikyti daugyb\u0117je situacij\u0173, nors vieno sprendimo visoms problemoms spr\u0119sti n\u0117ra, kaip n\u0117ra ir b\u016bdo, kuris \u012fveikt\u0173 visas, j\u016bs\u0173 kelyje pasitaikysian\u010dias kli\u016btis.<\/p>\n<p>Knygoje daugiausia d\u0117mesio skiriama \u0161ioms sritims: Asmeninis poveikis \/ Asmenin\u0117 komunikacija \/ Susirinkimuose naudojamos technikos \/ Pristatymuose naudojamos technikos<\/p>\n<p>Nepriklausomai nuo u\u017eimam\u0173 pareig\u0173, posto ar vykdomos u\u017eduoties kiekvienas profesionalas turi \u012fvaldyti ir geb\u0117ti kiekvien\u0105 dien\u0105 taikyti \u0161iuos \u012fg\u016bd\u017eius.<\/p>\n<p>Mokydamiesi \u0161i\u0173 technik\u0173 pagerinsite ir sustiprinsite pasitik\u0117jimo savimi ir savikliovos jausm\u0105 bei \u012fgysite geresni\u0173 komunikacini\u0173 \u012fg\u016bd\u017ei\u0173 kasdieniame verslo bei asmeniniame gyvenime.<\/p>\n<ul class=\"about-product mb-3\">\n<li><strong style=\"font-weight: bold\">Originalus pavadinimas:<\/strong><span class=\"Apple-converted-space\">\u00a0<\/span>Communicative Competence<\/li>\n<li><strong style=\"font-weight: bold\">Autorius:<\/strong><span class=\"Apple-converted-space\">\u00a0<\/span>Keld Jensen<\/li>\n<li><strong style=\"font-weight: bold\">Leid\u0117jas:<\/strong><span class=\"Apple-converted-space\">\u00a0<\/span>Verslo \u017einios<\/li>\n<li><strong style=\"font-weight: bold\">Metai:<\/strong><span class=\"Apple-converted-space\">\u00a0<\/span>2008<\/li>\n<li><strong style=\"font-weight: bold\">Puslapiai:<\/strong><span class=\"Apple-converted-space\">\u00a0<\/span>257<\/li>\n<li class=\"toggleable type-new-formats \"><strong style=\"font-weight: bold\">ISBN:<\/strong><span class=\"Apple-converted-space\">\u00a0<\/span>9789955460787<\/li>\n<li class=\"toggleable type-new-formats \"><strong style=\"font-weight: bold\">Formatas:<\/strong><span class=\"Apple-converted-space\">\u00a0<\/span>13,5 x 21 cm, mink\u0161ti vir\u0161eliai<\/li>\n<li><strong style=\"font-weight: bold\">Kalba:<\/strong><span class=\"Apple-converted-space\">\u00a0<\/span>Lietuvi\u0173<\/li>\n<li><strong style=\"font-weight: bold\">Vert\u0117jas:<\/strong><span class=\"Apple-converted-space\">\u00a0<\/span>Egl\u0117 Pod\u010da\u0161inskien\u0117<\/li>\n<\/ul>\n","protected":false},"excerpt":{"rendered":"<p>Tobulinkite bendravimo \u012fg\u016bd\u017eius ir laim\u0117kite versle bei asmeniniame gyvenime Kalb\u0117kite &#8211; ir jus i\u0161girs. Bet prie\u0161 kalb\u0117dami pirmiausiai paklausykite &#8211; tik taip rasite ties\u0173 keli\u0105 \u012f kliento, pavaldinio, kolegos ar artimojo \u0161ird\u012f. Rezultatyvaus bendravimo recept\u0105 si\u016blo Keldo Jenseno knyga\u00a0Komunikacijos vadovas. \u0160is leidinys ne vienam verslininkui atvers akis, kaip paprastu, bet taikliu ir nuo\u0161ird\u017eiu \u017eod\u017eiu galima atidaryti duris, kurios, atrod\u0117, buvo u\u017erakintos devyniais u\u017eraktais. Tai jau antroji K.Jensen knyga, leid\u017eiama \u201eVerslo \u017eini\u0173&#8221;. Pirmoji &#8211; \u201eDeryb\u0173 vadovas&#8221; &#8211; buvo i\u0161leista prie\u0161 pora met\u0173 ir sulauk\u0117 didelio susidom\u0117jimo Lietuvoje. Ar \u017einojote, kad 70 procent\u0173 \u017emoni\u0173 darbo netenka ne d\u0117l gabum\u0173 stokos, bet d\u0117l to, kad jiems tr\u016bksta komunikacin\u0117s kompetencijos? O tai, kad vos 15 procent\u0173 m\u016bs\u0173 s\u0117km\u0117s priklauso nuo profesini\u0173 ar technini\u0173 \u017eini\u0173 ir net 85 procentai nuo to, kaip gerai i\u0161manome \u017emogaus elgsen\u0105? Ne? Tada atsiverskite\u00a0Komunikacijos vadov\u0105\u00a0&#8211; knyg\u0105, kuri\u0105 skaityti ne tik be galo naudinga kiekvienam i\u0161 m\u016bs\u0173, bet ir smagu. \u017dinios, pateikiamos \u0161ioje knygoje ir autoriaus sukauptos per daugiau nei 20 met\u0173 konsultuojant, derantis ir mokant \u012fvairi\u0173 \u012fmoni\u0173 darbuotojus, n\u0117ra teoriniai \u012fg\u016bd\u017eiai, kuri\u0173 galime \u012fgyti mokyklos suole, verslo koled\u017ee, universitete ar tolimesnio mokymosi institucijoje. Da\u017eniausiai jos \u012fgyjamos praktikoje naudojant \u201ebandym\u0173 ir klaid\u0173&#8221; metod\u0105. \u0160ioje knygoje autorius stengiasi perteikti ir i\u0161mokyti Jus proced\u016br\u0173, kurios paremtos per daugybe met\u0173 praktin\u0117s patirties i\u0161tobulintais metodais. \u0160ias proced\u016bras galima pritaikyti daugyb\u0117je situacij\u0173, nors vieno sprendimo visoms problemoms spr\u0119sti n\u0117ra, kaip n\u0117ra ir b\u016bdo, kuris \u012fveikt\u0173 visas, j\u016bs\u0173 kelyje pasitaikysian\u010dias kli\u016btis. Knygoje daugiausia d\u0117mesio skiriama \u0161ioms sritims: Asmeninis poveikis \/ Asmenin\u0117 komunikacija \/ Susirinkimuose naudojamos technikos \/ Pristatymuose naudojamos technikos Nepriklausomai nuo u\u017eimam\u0173 pareig\u0173, posto ar vykdomos u\u017eduoties kiekvienas profesionalas turi \u012fvaldyti ir geb\u0117ti kiekvien\u0105 dien\u0105 taikyti \u0161iuos \u012fg\u016bd\u017eius. Mokydamiesi \u0161i\u0173 technik\u0173 pagerinsite ir sustiprinsite pasitik\u0117jimo savimi ir savikliovos jausm\u0105 bei \u012fgysite geresni\u0173 komunikacini\u0173 \u012fg\u016bd\u017ei\u0173 kasdieniame verslo bei asmeniniame gyvenime. Originalus pavadinimas:\u00a0Communicative Competence Autorius:\u00a0Keld Jensen Leid\u0117jas:\u00a0Verslo \u017einios Metai:\u00a02008 Puslapiai:\u00a0257 ISBN:\u00a09789955460787 Formatas:\u00a013,5 x 21 cm, mink\u0161ti vir\u0161eliai Kalba:\u00a0Lietuvi\u0173 Vert\u0117jas:\u00a0Egl\u0117 Pod\u010da\u0161inskien\u0117<\/p>\n","protected":false},"featured_media":17684,"comment_status":"open","ping_status":"closed","template":"","meta":{"_acf_changed":false,"site-sidebar-layout":"default","site-content-layout":"","ast-site-content-layout":"default","site-content-style":"default","site-sidebar-style":"default","ast-global-header-display":"","ast-banner-title-visibility":"","ast-main-header-display":"","ast-hfb-above-header-display":"","ast-hfb-below-header-display":"","ast-hfb-mobile-header-display":"","site-post-title":"","ast-breadcrumbs-content":"","ast-featured-img":"","footer-sml-layout":"","ast-disable-related-posts":"","theme-transparent-header-meta":"default","adv-header-id-meta":"","stick-header-meta":"","header-above-stick-meta":"","header-main-stick-meta":"","header-below-stick-meta":"","astra-migrate-meta-layouts":"set","ast-page-background-enabled":"default","ast-page-background-meta":{"desktop":{"background-color":"","background-image":"","background-repeat":"repeat","background-position":"center center","background-size":"auto","background-attachment":"scroll","background-type":"","background-media":"","overlay-type":"","overlay-color":"","overlay-opacity":"","overlay-gradient":""},"tablet":{"background-color":"","background-image":"","background-repeat":"repeat","background-position":"center center","background-size":"auto","background-attachment":"scroll","background-type":"","background-media":"","overlay-type":"","overlay-color":"","overlay-opacity":"","overlay-gradient":""},"mobile":{"background-color":"","background-image":"","background-repeat":"repeat","background-position":"center center","background-size":"auto","background-attachment":"scroll","background-type":"","background-media":"","overlay-type":"","overlay-color":"","overlay-opacity":"","overlay-gradient":""}},"ast-content-background-meta":{"desktop":{"background-color":"var(--ast-global-color-4)","background-image":"","background-repeat":"repeat","background-position":"center center","background-size":"auto","background-attachment":"scroll","background-type":"","background-media":"","overlay-type":"","overlay-color":"","overlay-opacity":"","overlay-gradient":""},"tablet":{"background-color":"var(--ast-global-color-4)","background-image":"","background-repeat":"repeat","background-position":"center center","background-size":"auto","background-attachment":"scroll","background-type":"","background-media":"","overlay-type":"","overlay-color":"","overlay-opacity":"","overlay-gradient":""},"mobile":{"background-color":"var(--ast-global-color-4)","background-image":"","background-repeat":"repeat","background-position":"center center","background-size":"auto","background-attachment":"scroll","background-type":"","background-media":"","overlay-type":"","overlay-color":"","overlay-opacity":"","overlay-gradient":""}}},"product_brand":[],"product_cat":[26],"product_tag":[],"class_list":{"0":"post-17685","1":"product","2":"type-product","3":"status-publish","4":"has-post-thumbnail","6":"product_cat-verslas-vadyba-ir-finansai","7":"desktop-align-left","8":"tablet-align-left","9":"mobile-align-left","11":"first","12":"outofstock","13":"shipping-taxable","14":"purchasable","15":"product-type-simple"},"acf":[],"yoast_head":"<!-- This site is optimized with the Yoast SEO plugin v27.4 - https:\/\/yoast.com\/product\/yoast-seo-wordpress\/ -->\n<title>Komunikacijos vadovas<\/title>\n<meta name=\"description\" content=\"Tobulinkite bendravimo \u012fg\u016bd\u017eius ir laim\u0117kite versle bei asmeniniame gyvenime Kalb\u0117kite - ir jus i\u0161girs. Bet prie\u0161 kalb\u0117dami pirmiausiai paklausykite - tik\" \/>\n<meta name=\"robots\" content=\"index, follow, max-snippet:-1, max-image-preview:large, max-video-preview:-1\" \/>\n<link rel=\"canonical\" href=\"https:\/\/skaitytaknyga.lt\/en\/produktas\/komunikacijos-vadovas\/\" \/>\n<meta property=\"og:locale\" content=\"en_GB\" \/>\n<meta property=\"og:locale:alternate\" content=\"lt_LT\" \/>\n<meta property=\"og:type\" content=\"article\" \/>\n<meta property=\"og:title\" content=\"Komunikacijos vadovas\" \/>\n<meta property=\"og:description\" content=\"Tobulinkite bendravimo \u012fg\u016bd\u017eius ir laim\u0117kite versle bei asmeniniame gyvenime Kalb\u0117kite - ir jus i\u0161girs. Bet prie\u0161 kalb\u0117dami pirmiausiai paklausykite - tik\" \/>\n<meta property=\"og:url\" content=\"https:\/\/skaitytaknyga.lt\/en\/produktas\/komunikacijos-vadovas\/\" \/>\n<meta property=\"og:site_name\" content=\"Skaitytaknyga\" \/>\n<meta property=\"article:publisher\" content=\"https:\/\/www.facebook.com\/skaitytaknyga\/\" \/>\n<meta property=\"article:modified_time\" content=\"2025-10-31T06:02:58+00:00\" \/>\n<meta property=\"og:image\" content=\"https:\/\/skaitytaknyga.lt\/wp-content\/uploads\/2025\/04\/img_8408.jpeg\" \/>\n\t<meta property=\"og:image:width\" content=\"506\" \/>\n\t<meta property=\"og:image:height\" content=\"800\" \/>\n\t<meta property=\"og:image:type\" content=\"image\/jpeg\" \/>\n<meta name=\"twitter:card\" content=\"summary_large_image\" \/>\n<meta name=\"twitter:label1\" content=\"Estimated reading time\" \/>\n\t<meta name=\"twitter:data1\" content=\"2 minutes\" \/>\n<script type=\"application\/ld+json\" class=\"yoast-schema-graph\">{\"@context\":\"https:\\\/\\\/schema.org\",\"@graph\":[{\"@type\":\"WebPage\",\"@id\":\"https:\\\/\\\/skaitytaknyga.lt\\\/produktas\\\/komunikacijos-vadovas\\\/\",\"url\":\"https:\\\/\\\/skaitytaknyga.lt\\\/produktas\\\/komunikacijos-vadovas\\\/\",\"name\":\"Komunikacijos vadovas\",\"isPartOf\":{\"@id\":\"https:\\\/\\\/skaitytaknyga.lt\\\/#website\"},\"primaryImageOfPage\":{\"@id\":\"https:\\\/\\\/skaitytaknyga.lt\\\/produktas\\\/komunikacijos-vadovas\\\/#primaryimage\"},\"image\":{\"@id\":\"https:\\\/\\\/skaitytaknyga.lt\\\/produktas\\\/komunikacijos-vadovas\\\/#primaryimage\"},\"thumbnailUrl\":\"https:\\\/\\\/skaitytaknyga.lt\\\/wp-content\\\/uploads\\\/2025\\\/04\\\/img_8408.jpeg\",\"datePublished\":\"2025-04-09T19:09:50+00:00\",\"dateModified\":\"2025-10-31T06:02:58+00:00\",\"description\":\"Tobulinkite bendravimo \u012fg\u016bd\u017eius ir laim\u0117kite versle bei asmeniniame gyvenime Kalb\u0117kite - ir jus i\u0161girs. Bet prie\u0161 kalb\u0117dami pirmiausiai paklausykite - tik\",\"breadcrumb\":{\"@id\":\"https:\\\/\\\/skaitytaknyga.lt\\\/produktas\\\/komunikacijos-vadovas\\\/#breadcrumb\"},\"inLanguage\":\"en-GB\",\"potentialAction\":[{\"@type\":\"ReadAction\",\"target\":[\"https:\\\/\\\/skaitytaknyga.lt\\\/produktas\\\/komunikacijos-vadovas\\\/\"]}]},{\"@type\":\"ImageObject\",\"inLanguage\":\"en-GB\",\"@id\":\"https:\\\/\\\/skaitytaknyga.lt\\\/produktas\\\/komunikacijos-vadovas\\\/#primaryimage\",\"url\":\"https:\\\/\\\/skaitytaknyga.lt\\\/wp-content\\\/uploads\\\/2025\\\/04\\\/img_8408.jpeg\",\"contentUrl\":\"https:\\\/\\\/skaitytaknyga.lt\\\/wp-content\\\/uploads\\\/2025\\\/04\\\/img_8408.jpeg\",\"width\":506,\"height\":800,\"caption\":\"Komunikacijos vadovas\"},{\"@type\":\"BreadcrumbList\",\"@id\":\"https:\\\/\\\/skaitytaknyga.lt\\\/produktas\\\/komunikacijos-vadovas\\\/#breadcrumb\",\"itemListElement\":[{\"@type\":\"ListItem\",\"position\":1,\"name\":\"Home\",\"item\":\"https:\\\/\\\/skaitytaknyga.lt\\\/\"},{\"@type\":\"ListItem\",\"position\":2,\"name\":\"Parduotuv\u0117\",\"item\":\"https:\\\/\\\/skaitytaknyga.lt\\\/knygu-parduotuve\\\/\"},{\"@type\":\"ListItem\",\"position\":3,\"name\":\"Komunikacijos vadovas\"}]},{\"@type\":\"WebSite\",\"@id\":\"https:\\\/\\\/skaitytaknyga.lt\\\/#website\",\"url\":\"https:\\\/\\\/skaitytaknyga.lt\\\/\",\"name\":\"skaitytaknyga.lt\",\"description\":\"Skaitytaknyga.lt \u2013 tai ma\u017eas \u0161eimos verslas, kuris prasid\u0117jo nuo meil\u0117s knygoms ir siekio i\u0161gelb\u0117ti knygas nuo likimo prie konteinerio. Kas vienam nereikalingas daiktas \u2013 kitam lobis, o mes esame tarpininkai, kurie padeda abiems tapti laimingesniems ???? \u017dinome kaip nelengva i\u0161gyventi ma\u017eiems verslams, tad nuo \u0161iol, \u010dia rasite ir kit\u0173, ma\u017e\u0173 \u0161eim\u0173 versl\u0173, rank\u0173 darbo, dovan\u0173 sau ir artimiesiems.\",\"publisher\":{\"@id\":\"https:\\\/\\\/skaitytaknyga.lt\\\/#organization\"},\"potentialAction\":[{\"@type\":\"SearchAction\",\"target\":{\"@type\":\"EntryPoint\",\"urlTemplate\":\"https:\\\/\\\/skaitytaknyga.lt\\\/?s={search_term_string}\"},\"query-input\":{\"@type\":\"PropertyValueSpecification\",\"valueRequired\":true,\"valueName\":\"search_term_string\"}}],\"inLanguage\":\"en-GB\"},{\"@type\":\"Organization\",\"@id\":\"https:\\\/\\\/skaitytaknyga.lt\\\/#organization\",\"name\":\"skaitytaknyga.lt\",\"url\":\"https:\\\/\\\/skaitytaknyga.lt\\\/\",\"logo\":{\"@type\":\"ImageObject\",\"inLanguage\":\"en-GB\",\"@id\":\"https:\\\/\\\/skaitytaknyga.lt\\\/#\\\/schema\\\/logo\\\/image\\\/\",\"url\":\"https:\\\/\\\/skaitytaknyga.lt\\\/wp-content\\\/uploads\\\/2024\\\/05\\\/cropped-cropped-cropped-02_00843_jt3bggkj1j3HLc7SyY6rEUpg.jpeg\",\"contentUrl\":\"https:\\\/\\\/skaitytaknyga.lt\\\/wp-content\\\/uploads\\\/2024\\\/05\\\/cropped-cropped-cropped-02_00843_jt3bggkj1j3HLc7SyY6rEUpg.jpeg\",\"width\":1600,\"height\":1600,\"caption\":\"skaitytaknyga.lt\"},\"image\":{\"@id\":\"https:\\\/\\\/skaitytaknyga.lt\\\/#\\\/schema\\\/logo\\\/image\\\/\"},\"sameAs\":[\"https:\\\/\\\/www.facebook.com\\\/skaitytaknyga\\\/\"]}]}<\/script>\n<!-- \/ Yoast SEO plugin. -->","yoast_head_json":{"title":"Komunikacijos vadovas","description":"Tobulinkite bendravimo \u012fg\u016bd\u017eius ir laim\u0117kite versle bei asmeniniame gyvenime Kalb\u0117kite - ir jus i\u0161girs. Bet prie\u0161 kalb\u0117dami pirmiausiai paklausykite - tik","robots":{"index":"index","follow":"follow","max-snippet":"max-snippet:-1","max-image-preview":"max-image-preview:large","max-video-preview":"max-video-preview:-1"},"canonical":"https:\/\/skaitytaknyga.lt\/en\/produktas\/komunikacijos-vadovas\/","og_locale":"en_GB","og_type":"article","og_title":"[:lt]Komunikacijos vadovas[:] - Skaitytaknyga","og_description":"Tobulinkite bendravimo \u012fg\u016bd\u017eius ir laim\u0117kite versle bei asmeniniame gyvenime Kalb\u0117kite - ir jus i\u0161girs. Bet prie\u0161 kalb\u0117dami pirmiausiai paklausykite - tik","og_url":"https:\/\/skaitytaknyga.lt\/en\/produktas\/komunikacijos-vadovas\/","og_site_name":"Skaitytaknyga","article_publisher":"https:\/\/www.facebook.com\/skaitytaknyga\/","article_modified_time":"2025-10-31T06:02:58+00:00","og_image":[{"width":506,"height":800,"url":"https:\/\/skaitytaknyga.lt\/wp-content\/uploads\/2025\/04\/img_8408.jpeg","type":"image\/jpeg"}],"twitter_card":"summary_large_image","twitter_misc":{"Estimated reading time":"2 minutes"},"schema":{"@context":"https:\/\/schema.org","@graph":[{"@type":"WebPage","@id":"https:\/\/skaitytaknyga.lt\/produktas\/komunikacijos-vadovas\/","url":"https:\/\/skaitytaknyga.lt\/produktas\/komunikacijos-vadovas\/","name":"Komunikacijos vadovas","isPartOf":{"@id":"https:\/\/skaitytaknyga.lt\/#website"},"primaryImageOfPage":{"@id":"https:\/\/skaitytaknyga.lt\/produktas\/komunikacijos-vadovas\/#primaryimage"},"image":{"@id":"https:\/\/skaitytaknyga.lt\/produktas\/komunikacijos-vadovas\/#primaryimage"},"thumbnailUrl":"https:\/\/skaitytaknyga.lt\/wp-content\/uploads\/2025\/04\/img_8408.jpeg","datePublished":"2025-04-09T19:09:50+00:00","dateModified":"2025-10-31T06:02:58+00:00","description":"Tobulinkite bendravimo \u012fg\u016bd\u017eius ir laim\u0117kite versle bei asmeniniame gyvenime Kalb\u0117kite - ir jus i\u0161girs. Bet prie\u0161 kalb\u0117dami pirmiausiai paklausykite - tik","breadcrumb":{"@id":"https:\/\/skaitytaknyga.lt\/produktas\/komunikacijos-vadovas\/#breadcrumb"},"inLanguage":"en-GB","potentialAction":[{"@type":"ReadAction","target":["https:\/\/skaitytaknyga.lt\/produktas\/komunikacijos-vadovas\/"]}]},{"@type":"ImageObject","inLanguage":"en-GB","@id":"https:\/\/skaitytaknyga.lt\/produktas\/komunikacijos-vadovas\/#primaryimage","url":"https:\/\/skaitytaknyga.lt\/wp-content\/uploads\/2025\/04\/img_8408.jpeg","contentUrl":"https:\/\/skaitytaknyga.lt\/wp-content\/uploads\/2025\/04\/img_8408.jpeg","width":506,"height":800,"caption":"Komunikacijos vadovas"},{"@type":"BreadcrumbList","@id":"https:\/\/skaitytaknyga.lt\/produktas\/komunikacijos-vadovas\/#breadcrumb","itemListElement":[{"@type":"ListItem","position":1,"name":"Home","item":"https:\/\/skaitytaknyga.lt\/"},{"@type":"ListItem","position":2,"name":"Parduotuv\u0117","item":"https:\/\/skaitytaknyga.lt\/knygu-parduotuve\/"},{"@type":"ListItem","position":3,"name":"Komunikacijos vadovas"}]},{"@type":"WebSite","@id":"https:\/\/skaitytaknyga.lt\/#website","url":"https:\/\/skaitytaknyga.lt\/","name":"skaitytaknyga.lt","description":"Skaitytaknyga.lt \u2013 tai ma\u017eas \u0161eimos verslas, kuris prasid\u0117jo nuo meil\u0117s knygoms ir siekio i\u0161gelb\u0117ti knygas nuo likimo prie konteinerio. Kas vienam nereikalingas daiktas \u2013 kitam lobis, o mes esame tarpininkai, kurie padeda abiems tapti laimingesniems ???? \u017dinome kaip nelengva i\u0161gyventi ma\u017eiems verslams, tad nuo \u0161iol, \u010dia rasite ir kit\u0173, ma\u017e\u0173 \u0161eim\u0173 versl\u0173, rank\u0173 darbo, dovan\u0173 sau ir artimiesiems.","publisher":{"@id":"https:\/\/skaitytaknyga.lt\/#organization"},"potentialAction":[{"@type":"SearchAction","target":{"@type":"EntryPoint","urlTemplate":"https:\/\/skaitytaknyga.lt\/?s={search_term_string}"},"query-input":{"@type":"PropertyValueSpecification","valueRequired":true,"valueName":"search_term_string"}}],"inLanguage":"en-GB"},{"@type":"Organization","@id":"https:\/\/skaitytaknyga.lt\/#organization","name":"skaitytaknyga.lt","url":"https:\/\/skaitytaknyga.lt\/","logo":{"@type":"ImageObject","inLanguage":"en-GB","@id":"https:\/\/skaitytaknyga.lt\/#\/schema\/logo\/image\/","url":"https:\/\/skaitytaknyga.lt\/wp-content\/uploads\/2024\/05\/cropped-cropped-cropped-02_00843_jt3bggkj1j3HLc7SyY6rEUpg.jpeg","contentUrl":"https:\/\/skaitytaknyga.lt\/wp-content\/uploads\/2024\/05\/cropped-cropped-cropped-02_00843_jt3bggkj1j3HLc7SyY6rEUpg.jpeg","width":1600,"height":1600,"caption":"skaitytaknyga.lt"},"image":{"@id":"https:\/\/skaitytaknyga.lt\/#\/schema\/logo\/image\/"},"sameAs":["https:\/\/www.facebook.com\/skaitytaknyga\/"]}]}},"_links":{"self":[{"href":"https:\/\/skaitytaknyga.lt\/en\/wp-json\/wp\/v2\/product\/17685","targetHints":{"allow":["GET"]}}],"collection":[{"href":"https:\/\/skaitytaknyga.lt\/en\/wp-json\/wp\/v2\/product"}],"about":[{"href":"https:\/\/skaitytaknyga.lt\/en\/wp-json\/wp\/v2\/types\/product"}],"replies":[{"embeddable":true,"href":"https:\/\/skaitytaknyga.lt\/en\/wp-json\/wp\/v2\/comments?post=17685"}],"wp:featuredmedia":[{"embeddable":true,"href":"https:\/\/skaitytaknyga.lt\/en\/wp-json\/wp\/v2\/media\/17684"}],"wp:attachment":[{"href":"https:\/\/skaitytaknyga.lt\/en\/wp-json\/wp\/v2\/media?parent=17685"}],"wp:term":[{"taxonomy":"product_brand","embeddable":true,"href":"https:\/\/skaitytaknyga.lt\/en\/wp-json\/wp\/v2\/product_brand?post=17685"},{"taxonomy":"product_cat","embeddable":true,"href":"https:\/\/skaitytaknyga.lt\/en\/wp-json\/wp\/v2\/product_cat?post=17685"},{"taxonomy":"product_tag","embeddable":true,"href":"https:\/\/skaitytaknyga.lt\/en\/wp-json\/wp\/v2\/product_tag?post=17685"}],"curies":[{"name":"wp","href":"https:\/\/api.w.org\/{rel}","templated":true}]}}