{"id":17661,"date":"2025-03-29T19:49:03","date_gmt":"2025-03-29T17:49:03","guid":{"rendered":"https:\/\/skaitytaknyga.lt\/?post_type=product&#038;p=17661"},"modified":"2026-01-10T14:50:59","modified_gmt":"2026-01-10T12:50:59","slug":"zinios-ir-pastabos-apie-1813-ir-1814-metu-karo-zygius","status":"publish","type":"product","link":"https:\/\/skaitytaknyga.lt\/en\/produktas\/zinios-ir-pastabos-apie-1813-ir-1814-metu-karo-zygius\/","title":{"rendered":"\u017dinios ir pastabos apie 1813 ir 1814 met\u0173 karo \u017eygius i\u0161 vieno Pr\u016bsijos armijos kapeliono dienora\u0161\u010dio"},"content":{"rendered":"<p>Liudvik\u0105 R\u0117z\u0105 (1776-1840) pa\u017e\u012fstame kaip lietuvi\u0173 kult\u016bros asmenyb\u0119, tarsi pamir\u0161dami, kad jis buvo ir kitos, \u0161iandien nebeegzistuojan\u010dios valstyb\u0117s pilietis ir kar\u0161tas patriotas.<\/p>\n<p>\u0160ioje knygoje spausdinamas voki\u0161ko R\u0117zos, Pr\u016bsijos armijos kapeliono, kelioni\u0173 dienora\u0161\u010dio vertimas. \u010cia autenti\u0161kiausiai regime tikr\u0105j\u012f R\u0117z\u0105 ir jo santyk\u012f su \u012fvairi\u0173 taut\u0173 kult\u016bromis. R\u0117zos dienora\u0161tis b\u016bt\u0173 i\u0161skirtinis XIX a. prad\u017eioje reprezentantas, liudijantis tiek svarbius \u017eanrinius dienora\u0161\u010dio pakitimus, prasid\u0117jusius XIX a., tiek \u0161ios epochos i\u0161silavinusio asmens pasaul\u0117\u017ei\u016br\u0105 ir mentalitet\u0105. Nuo Karaliau\u010diaus keliaudamas pro Brandenburg\u0105, Pomeranij\u0105, Berlyn\u0105, Silezij\u0105, Bohemij\u0105, Pranc\u016bzij\u0105, Anglij\u0105, R\u0117za \u017evelg\u0117 \u012f Napoleono kar\u0173 sumai\u0161ty atsid\u016brusios Europos kult\u016br\u0105 savo \u2013 Pr\u016bsijos armijos kapeliono ir ra\u0161ytojo \u2013 vertinan\u010diu ir atviru Europos kult\u016brai \u017evilgsniu.<\/p>\n<ul class=\"about-product d-none d-xl-block mt-4\">\n<li><strong>Autorius:<\/strong>\u00a0Liudvikas R\u0117za<\/li>\n<li><strong>Leid\u0117jas:<\/strong>\u00a0Lietuvi\u0173 literat\u016bros ir tautosakos institutas<\/li>\n<li><strong>Metai:<\/strong>\u00a02000<\/li>\n<li><strong>Puslapiai:<\/strong>\u00a0235<\/li>\n<li class=\"toggleable type-new-formats \"><strong>ISBN:<\/strong>\u00a09986513863<\/li>\n<li class=\"toggleable type-new-formats \"><strong>Formatas:<\/strong>\u00a013 x 20 cm, mink\u0161ti vir\u0161eliai<\/li>\n<li><strong>Kalba:<\/strong>\u00a0Lietuvi\u0173<\/li>\n<li><strong>Vert\u0117jas:<\/strong>\u00a0Rapolas \u0160altenis<\/li>\n<\/ul>\n","protected":false},"excerpt":{"rendered":"<p>Liudvik\u0105 R\u0117z\u0105 (1776-1840) pa\u017e\u012fstame kaip lietuvi\u0173 kult\u016bros asmenyb\u0119, tarsi pamir\u0161dami, kad jis buvo ir kitos, \u0161iandien nebeegzistuojan\u010dios valstyb\u0117s pilietis ir kar\u0161tas patriotas. \u0160ioje knygoje spausdinamas voki\u0161ko R\u0117zos, Pr\u016bsijos armijos kapeliono, kelioni\u0173 dienora\u0161\u010dio vertimas. \u010cia autenti\u0161kiausiai regime tikr\u0105j\u012f R\u0117z\u0105 ir jo santyk\u012f su \u012fvairi\u0173 taut\u0173 kult\u016bromis. R\u0117zos dienora\u0161tis b\u016bt\u0173 i\u0161skirtinis XIX a. prad\u017eioje reprezentantas, liudijantis tiek svarbius \u017eanrinius dienora\u0161\u010dio pakitimus, prasid\u0117jusius XIX a., tiek \u0161ios epochos i\u0161silavinusio asmens pasaul\u0117\u017ei\u016br\u0105 ir mentalitet\u0105. Nuo Karaliau\u010diaus keliaudamas pro Brandenburg\u0105, Pomeranij\u0105, Berlyn\u0105, Silezij\u0105, Bohemij\u0105, Pranc\u016bzij\u0105, Anglij\u0105, R\u0117za \u017evelg\u0117 \u012f Napoleono kar\u0173 sumai\u0161ty atsid\u016brusios Europos kult\u016br\u0105 savo \u2013 Pr\u016bsijos armijos kapeliono ir ra\u0161ytojo \u2013 vertinan\u010diu ir atviru Europos kult\u016brai \u017evilgsniu. Autorius:\u00a0Liudvikas R\u0117za Leid\u0117jas:\u00a0Lietuvi\u0173 literat\u016bros ir tautosakos institutas Metai:\u00a02000 Puslapiai:\u00a0235 ISBN:\u00a09986513863 Formatas:\u00a013 x 20 cm, mink\u0161ti vir\u0161eliai Kalba:\u00a0Lietuvi\u0173 Vert\u0117jas:\u00a0Rapolas \u0160altenis<\/p>\n","protected":false},"featured_media":17662,"comment_status":"open","ping_status":"closed","template":"","meta":{"_acf_changed":false,"site-sidebar-layout":"default","site-content-layout":"","ast-site-content-layout":"default","site-content-style":"default","site-sidebar-style":"default","ast-global-header-display":"","ast-banner-title-visibility":"","ast-main-header-display":"","ast-hfb-above-header-display":"","ast-hfb-below-header-display":"","ast-hfb-mobile-header-display":"","site-post-title":"","ast-breadcrumbs-content":"","ast-featured-img":"","footer-sml-layout":"","ast-disable-related-posts":"","theme-transparent-header-meta":"default","adv-header-id-meta":"","stick-header-meta":"","header-above-stick-meta":"","header-main-stick-meta":"","header-below-stick-meta":"","astra-migrate-meta-layouts":"set","ast-page-background-enabled":"default","ast-page-background-meta":{"desktop":{"background-color":"","background-image":"","background-repeat":"repeat","background-position":"center center","background-size":"auto","background-attachment":"scroll","background-type":"","background-media":"","overlay-type":"","overlay-color":"","overlay-opacity":"","overlay-gradient":""},"tablet":{"background-color":"","background-image":"","background-repeat":"repeat","background-position":"center center","background-size":"auto","background-attachment":"scroll","background-type":"","background-media":"","overlay-type":"","overlay-color":"","overlay-opacity":"","overlay-gradient":""},"mobile":{"background-color":"","background-image":"","background-repeat":"repeat","background-position":"center center","background-size":"auto","background-attachment":"scroll","background-type":"","background-media":"","overlay-type":"","overlay-color":"","overlay-opacity":"","overlay-gradient":""}},"ast-content-background-meta":{"desktop":{"background-color":"var(--ast-global-color-4)","background-image":"","background-repeat":"repeat","background-position":"center center","background-size":"auto","background-attachment":"scroll","background-type":"","background-media":"","overlay-type":"","overlay-color":"","overlay-opacity":"","overlay-gradient":""},"tablet":{"background-color":"var(--ast-global-color-4)","background-image":"","background-repeat":"repeat","background-position":"center center","background-size":"auto","background-attachment":"scroll","background-type":"","background-media":"","overlay-type":"","overlay-color":"","overlay-opacity":"","overlay-gradient":""},"mobile":{"background-color":"var(--ast-global-color-4)","background-image":"","background-repeat":"repeat","background-position":"center center","background-size":"auto","background-attachment":"scroll","background-type":"","background-media":"","overlay-type":"","overlay-color":"","overlay-opacity":"","overlay-gradient":""}}},"product_brand":[],"product_cat":[174,15],"product_tag":[3879,2224,1459,2376,4393,3057],"class_list":{"0":"post-17661","1":"product","2":"type-product","3":"status-publish","4":"has-post-thumbnail","6":"product_cat-istorija-ir-politologija","7":"product_cat-uncategorized","8":"product_tag-dienorasciai","9":"product_tag-istorija","10":"product_tag-karas","11":"product_tag-kultura","12":"product_tag-liudvikas-reza","13":"product_tag-xix-a","14":"desktop-align-left","15":"tablet-align-left","16":"mobile-align-left","18":"first","19":"outofstock","20":"shipping-taxable","21":"purchasable","22":"product-type-simple"},"acf":[],"yoast_head":"<!-- This site is optimized with the Yoast SEO plugin v27.4 - https:\/\/yoast.com\/product\/yoast-seo-wordpress\/ -->\n<title>\u017dinios ir pastabos apie 1813 ir 1814 met\u0173 karo \u017eygius i\u0161 vieno Pr\u016bsijos armijos kapeliono dienora\u0161\u010dio<\/title>\n<meta name=\"description\" content=\"Tai informatyvi analitin\u0117 studija apie Lietuvos ir \u0160vedijos visuomeninius, politinius ir kult\u016brinius ry\u0161ius nuo seniausi\u0173 laik\u0173 iki \u0161i\u0173 dien\u0173.\" \/>\n<meta name=\"robots\" content=\"index, follow, max-snippet:-1, max-image-preview:large, max-video-preview:-1\" \/>\n<link rel=\"canonical\" href=\"https:\/\/skaitytaknyga.lt\/en\/produktas\/zinios-ir-pastabos-apie-1813-ir-1814-metu-karo-zygius\/\" \/>\n<meta property=\"og:locale\" content=\"en_GB\" \/>\n<meta property=\"og:locale:alternate\" content=\"lt_LT\" \/>\n<meta property=\"og:type\" content=\"article\" \/>\n<meta property=\"og:title\" content=\"\u017dinios ir pastabos apie 1813 ir 1814 met\u0173 karo \u017eygius i\u0161 vieno Pr\u016bsijos armijos kapeliono dienora\u0161\u010dio\" \/>\n<meta property=\"og:description\" content=\"Tai informatyvi analitin\u0117 studija apie Lietuvos ir \u0160vedijos visuomeninius, politinius ir kult\u016brinius ry\u0161ius nuo seniausi\u0173 laik\u0173 iki \u0161i\u0173 dien\u0173.\" \/>\n<meta property=\"og:url\" content=\"https:\/\/skaitytaknyga.lt\/en\/produktas\/zinios-ir-pastabos-apie-1813-ir-1814-metu-karo-zygius\/\" \/>\n<meta property=\"og:site_name\" content=\"Skaitytaknyga\" \/>\n<meta property=\"article:publisher\" content=\"https:\/\/www.facebook.com\/skaitytaknyga\/\" \/>\n<meta property=\"article:modified_time\" content=\"2026-01-10T12:50:59+00:00\" \/>\n<meta property=\"og:image\" content=\"https:\/\/skaitytaknyga.lt\/wp-content\/uploads\/2025\/03\/Zinios-ir-pastabos-apie-1813-ir-1814-metu-karo-zygius.webp\" \/>\n\t<meta property=\"og:image:width\" content=\"505\" \/>\n\t<meta property=\"og:image:height\" content=\"800\" \/>\n\t<meta property=\"og:image:type\" content=\"image\/webp\" \/>\n<meta name=\"twitter:card\" content=\"summary_large_image\" \/>\n<meta name=\"twitter:label1\" content=\"Estimated reading time\" \/>\n\t<meta name=\"twitter:data1\" content=\"1 minute\" \/>\n<script type=\"application\/ld+json\" class=\"yoast-schema-graph\">{\"@context\":\"https:\\\/\\\/schema.org\",\"@graph\":[{\"@type\":\"WebPage\",\"@id\":\"https:\\\/\\\/skaitytaknyga.lt\\\/produktas\\\/zinios-ir-pastabos-apie-1813-ir-1814-metu-karo-zygius\\\/\",\"url\":\"https:\\\/\\\/skaitytaknyga.lt\\\/produktas\\\/zinios-ir-pastabos-apie-1813-ir-1814-metu-karo-zygius\\\/\",\"name\":\"\u017dinios ir pastabos apie 1813 ir 1814 met\u0173 karo \u017eygius i\u0161 vieno Pr\u016bsijos armijos kapeliono dienora\u0161\u010dio\",\"isPartOf\":{\"@id\":\"https:\\\/\\\/skaitytaknyga.lt\\\/#website\"},\"primaryImageOfPage\":{\"@id\":\"https:\\\/\\\/skaitytaknyga.lt\\\/produktas\\\/zinios-ir-pastabos-apie-1813-ir-1814-metu-karo-zygius\\\/#primaryimage\"},\"image\":{\"@id\":\"https:\\\/\\\/skaitytaknyga.lt\\\/produktas\\\/zinios-ir-pastabos-apie-1813-ir-1814-metu-karo-zygius\\\/#primaryimage\"},\"thumbnailUrl\":\"https:\\\/\\\/skaitytaknyga.lt\\\/wp-content\\\/uploads\\\/2025\\\/03\\\/Zinios-ir-pastabos-apie-1813-ir-1814-metu-karo-zygius.webp\",\"datePublished\":\"2025-03-29T17:49:03+00:00\",\"dateModified\":\"2026-01-10T12:50:59+00:00\",\"description\":\"Tai informatyvi analitin\u0117 studija apie Lietuvos ir \u0160vedijos visuomeninius, politinius ir kult\u016brinius ry\u0161ius nuo seniausi\u0173 laik\u0173 iki \u0161i\u0173 dien\u0173.\",\"breadcrumb\":{\"@id\":\"https:\\\/\\\/skaitytaknyga.lt\\\/produktas\\\/zinios-ir-pastabos-apie-1813-ir-1814-metu-karo-zygius\\\/#breadcrumb\"},\"inLanguage\":\"en-GB\",\"potentialAction\":[{\"@type\":\"ReadAction\",\"target\":[\"https:\\\/\\\/skaitytaknyga.lt\\\/produktas\\\/zinios-ir-pastabos-apie-1813-ir-1814-metu-karo-zygius\\\/\"]}]},{\"@type\":\"ImageObject\",\"inLanguage\":\"en-GB\",\"@id\":\"https:\\\/\\\/skaitytaknyga.lt\\\/produktas\\\/zinios-ir-pastabos-apie-1813-ir-1814-metu-karo-zygius\\\/#primaryimage\",\"url\":\"https:\\\/\\\/skaitytaknyga.lt\\\/wp-content\\\/uploads\\\/2025\\\/03\\\/Zinios-ir-pastabos-apie-1813-ir-1814-metu-karo-zygius.webp\",\"contentUrl\":\"https:\\\/\\\/skaitytaknyga.lt\\\/wp-content\\\/uploads\\\/2025\\\/03\\\/Zinios-ir-pastabos-apie-1813-ir-1814-metu-karo-zygius.webp\",\"width\":505,\"height\":800,\"caption\":\"\u017dinios ir pastabos apie 1813 ir 1814 met\u0173 karo \u017eygius\"},{\"@type\":\"BreadcrumbList\",\"@id\":\"https:\\\/\\\/skaitytaknyga.lt\\\/produktas\\\/zinios-ir-pastabos-apie-1813-ir-1814-metu-karo-zygius\\\/#breadcrumb\",\"itemListElement\":[{\"@type\":\"ListItem\",\"position\":1,\"name\":\"Home\",\"item\":\"https:\\\/\\\/skaitytaknyga.lt\\\/\"},{\"@type\":\"ListItem\",\"position\":2,\"name\":\"Parduotuv\u0117\",\"item\":\"https:\\\/\\\/skaitytaknyga.lt\\\/knygu-parduotuve\\\/\"},{\"@type\":\"ListItem\",\"position\":3,\"name\":\"\u017dinios ir pastabos apie 1813 ir 1814 met\u0173 karo \u017eygius i\u0161 vieno Pr\u016bsijos armijos kapeliono dienora\u0161\u010dio\"}]},{\"@type\":\"WebSite\",\"@id\":\"https:\\\/\\\/skaitytaknyga.lt\\\/#website\",\"url\":\"https:\\\/\\\/skaitytaknyga.lt\\\/\",\"name\":\"skaitytaknyga.lt\",\"description\":\"Skaitytaknyga.lt \u2013 tai ma\u017eas \u0161eimos verslas, kuris prasid\u0117jo nuo meil\u0117s knygoms ir siekio i\u0161gelb\u0117ti knygas nuo likimo prie konteinerio. Kas vienam nereikalingas daiktas \u2013 kitam lobis, o mes esame tarpininkai, kurie padeda abiems tapti laimingesniems ???? \u017dinome kaip nelengva i\u0161gyventi ma\u017eiems verslams, tad nuo \u0161iol, \u010dia rasite ir kit\u0173, ma\u017e\u0173 \u0161eim\u0173 versl\u0173, rank\u0173 darbo, dovan\u0173 sau ir artimiesiems.\",\"publisher\":{\"@id\":\"https:\\\/\\\/skaitytaknyga.lt\\\/#organization\"},\"potentialAction\":[{\"@type\":\"SearchAction\",\"target\":{\"@type\":\"EntryPoint\",\"urlTemplate\":\"https:\\\/\\\/skaitytaknyga.lt\\\/?s={search_term_string}\"},\"query-input\":{\"@type\":\"PropertyValueSpecification\",\"valueRequired\":true,\"valueName\":\"search_term_string\"}}],\"inLanguage\":\"en-GB\"},{\"@type\":\"Organization\",\"@id\":\"https:\\\/\\\/skaitytaknyga.lt\\\/#organization\",\"name\":\"skaitytaknyga.lt\",\"url\":\"https:\\\/\\\/skaitytaknyga.lt\\\/\",\"logo\":{\"@type\":\"ImageObject\",\"inLanguage\":\"en-GB\",\"@id\":\"https:\\\/\\\/skaitytaknyga.lt\\\/#\\\/schema\\\/logo\\\/image\\\/\",\"url\":\"https:\\\/\\\/skaitytaknyga.lt\\\/wp-content\\\/uploads\\\/2024\\\/05\\\/cropped-cropped-cropped-02_00843_jt3bggkj1j3HLc7SyY6rEUpg.jpeg\",\"contentUrl\":\"https:\\\/\\\/skaitytaknyga.lt\\\/wp-content\\\/uploads\\\/2024\\\/05\\\/cropped-cropped-cropped-02_00843_jt3bggkj1j3HLc7SyY6rEUpg.jpeg\",\"width\":1600,\"height\":1600,\"caption\":\"skaitytaknyga.lt\"},\"image\":{\"@id\":\"https:\\\/\\\/skaitytaknyga.lt\\\/#\\\/schema\\\/logo\\\/image\\\/\"},\"sameAs\":[\"https:\\\/\\\/www.facebook.com\\\/skaitytaknyga\\\/\"]}]}<\/script>\n<!-- \/ Yoast SEO plugin. -->","yoast_head_json":{"title":"\u017dinios ir pastabos apie 1813 ir 1814 met\u0173 karo \u017eygius i\u0161 vieno Pr\u016bsijos armijos kapeliono dienora\u0161\u010dio","description":"Tai informatyvi analitin\u0117 studija apie Lietuvos ir \u0160vedijos visuomeninius, politinius ir kult\u016brinius ry\u0161ius nuo seniausi\u0173 laik\u0173 iki \u0161i\u0173 dien\u0173.","robots":{"index":"index","follow":"follow","max-snippet":"max-snippet:-1","max-image-preview":"max-image-preview:large","max-video-preview":"max-video-preview:-1"},"canonical":"https:\/\/skaitytaknyga.lt\/en\/produktas\/zinios-ir-pastabos-apie-1813-ir-1814-metu-karo-zygius\/","og_locale":"en_GB","og_type":"article","og_title":"[:lt]\u017dinios ir pastabos apie 1813 ir 1814 met\u0173 karo \u017eygius i\u0161 vieno Pr\u016bsijos armijos kapeliono dienora\u0161\u010dio[:] - Skaitytaknyga","og_description":"Tai informatyvi analitin\u0117 studija apie Lietuvos ir \u0160vedijos visuomeninius, politinius ir kult\u016brinius ry\u0161ius nuo seniausi\u0173 laik\u0173 iki \u0161i\u0173 dien\u0173.","og_url":"https:\/\/skaitytaknyga.lt\/en\/produktas\/zinios-ir-pastabos-apie-1813-ir-1814-metu-karo-zygius\/","og_site_name":"Skaitytaknyga","article_publisher":"https:\/\/www.facebook.com\/skaitytaknyga\/","article_modified_time":"2026-01-10T12:50:59+00:00","og_image":[{"width":505,"height":800,"url":"https:\/\/skaitytaknyga.lt\/wp-content\/uploads\/2025\/03\/Zinios-ir-pastabos-apie-1813-ir-1814-metu-karo-zygius.webp","type":"image\/webp"}],"twitter_card":"summary_large_image","twitter_misc":{"Estimated reading time":"1 minute"},"schema":{"@context":"https:\/\/schema.org","@graph":[{"@type":"WebPage","@id":"https:\/\/skaitytaknyga.lt\/produktas\/zinios-ir-pastabos-apie-1813-ir-1814-metu-karo-zygius\/","url":"https:\/\/skaitytaknyga.lt\/produktas\/zinios-ir-pastabos-apie-1813-ir-1814-metu-karo-zygius\/","name":"\u017dinios ir pastabos apie 1813 ir 1814 met\u0173 karo \u017eygius i\u0161 vieno Pr\u016bsijos armijos kapeliono dienora\u0161\u010dio","isPartOf":{"@id":"https:\/\/skaitytaknyga.lt\/#website"},"primaryImageOfPage":{"@id":"https:\/\/skaitytaknyga.lt\/produktas\/zinios-ir-pastabos-apie-1813-ir-1814-metu-karo-zygius\/#primaryimage"},"image":{"@id":"https:\/\/skaitytaknyga.lt\/produktas\/zinios-ir-pastabos-apie-1813-ir-1814-metu-karo-zygius\/#primaryimage"},"thumbnailUrl":"https:\/\/skaitytaknyga.lt\/wp-content\/uploads\/2025\/03\/Zinios-ir-pastabos-apie-1813-ir-1814-metu-karo-zygius.webp","datePublished":"2025-03-29T17:49:03+00:00","dateModified":"2026-01-10T12:50:59+00:00","description":"Tai informatyvi analitin\u0117 studija apie Lietuvos ir \u0160vedijos visuomeninius, politinius ir kult\u016brinius ry\u0161ius nuo seniausi\u0173 laik\u0173 iki \u0161i\u0173 dien\u0173.","breadcrumb":{"@id":"https:\/\/skaitytaknyga.lt\/produktas\/zinios-ir-pastabos-apie-1813-ir-1814-metu-karo-zygius\/#breadcrumb"},"inLanguage":"en-GB","potentialAction":[{"@type":"ReadAction","target":["https:\/\/skaitytaknyga.lt\/produktas\/zinios-ir-pastabos-apie-1813-ir-1814-metu-karo-zygius\/"]}]},{"@type":"ImageObject","inLanguage":"en-GB","@id":"https:\/\/skaitytaknyga.lt\/produktas\/zinios-ir-pastabos-apie-1813-ir-1814-metu-karo-zygius\/#primaryimage","url":"https:\/\/skaitytaknyga.lt\/wp-content\/uploads\/2025\/03\/Zinios-ir-pastabos-apie-1813-ir-1814-metu-karo-zygius.webp","contentUrl":"https:\/\/skaitytaknyga.lt\/wp-content\/uploads\/2025\/03\/Zinios-ir-pastabos-apie-1813-ir-1814-metu-karo-zygius.webp","width":505,"height":800,"caption":"\u017dinios ir pastabos apie 1813 ir 1814 met\u0173 karo \u017eygius"},{"@type":"BreadcrumbList","@id":"https:\/\/skaitytaknyga.lt\/produktas\/zinios-ir-pastabos-apie-1813-ir-1814-metu-karo-zygius\/#breadcrumb","itemListElement":[{"@type":"ListItem","position":1,"name":"Home","item":"https:\/\/skaitytaknyga.lt\/"},{"@type":"ListItem","position":2,"name":"Parduotuv\u0117","item":"https:\/\/skaitytaknyga.lt\/knygu-parduotuve\/"},{"@type":"ListItem","position":3,"name":"\u017dinios ir pastabos apie 1813 ir 1814 met\u0173 karo \u017eygius i\u0161 vieno Pr\u016bsijos armijos kapeliono dienora\u0161\u010dio"}]},{"@type":"WebSite","@id":"https:\/\/skaitytaknyga.lt\/#website","url":"https:\/\/skaitytaknyga.lt\/","name":"skaitytaknyga.lt","description":"Skaitytaknyga.lt \u2013 tai ma\u017eas \u0161eimos verslas, kuris prasid\u0117jo nuo meil\u0117s knygoms ir siekio i\u0161gelb\u0117ti knygas nuo likimo prie konteinerio. Kas vienam nereikalingas daiktas \u2013 kitam lobis, o mes esame tarpininkai, kurie padeda abiems tapti laimingesniems ???? \u017dinome kaip nelengva i\u0161gyventi ma\u017eiems verslams, tad nuo \u0161iol, \u010dia rasite ir kit\u0173, ma\u017e\u0173 \u0161eim\u0173 versl\u0173, rank\u0173 darbo, dovan\u0173 sau ir artimiesiems.","publisher":{"@id":"https:\/\/skaitytaknyga.lt\/#organization"},"potentialAction":[{"@type":"SearchAction","target":{"@type":"EntryPoint","urlTemplate":"https:\/\/skaitytaknyga.lt\/?s={search_term_string}"},"query-input":{"@type":"PropertyValueSpecification","valueRequired":true,"valueName":"search_term_string"}}],"inLanguage":"en-GB"},{"@type":"Organization","@id":"https:\/\/skaitytaknyga.lt\/#organization","name":"skaitytaknyga.lt","url":"https:\/\/skaitytaknyga.lt\/","logo":{"@type":"ImageObject","inLanguage":"en-GB","@id":"https:\/\/skaitytaknyga.lt\/#\/schema\/logo\/image\/","url":"https:\/\/skaitytaknyga.lt\/wp-content\/uploads\/2024\/05\/cropped-cropped-cropped-02_00843_jt3bggkj1j3HLc7SyY6rEUpg.jpeg","contentUrl":"https:\/\/skaitytaknyga.lt\/wp-content\/uploads\/2024\/05\/cropped-cropped-cropped-02_00843_jt3bggkj1j3HLc7SyY6rEUpg.jpeg","width":1600,"height":1600,"caption":"skaitytaknyga.lt"},"image":{"@id":"https:\/\/skaitytaknyga.lt\/#\/schema\/logo\/image\/"},"sameAs":["https:\/\/www.facebook.com\/skaitytaknyga\/"]}]}},"_links":{"self":[{"href":"https:\/\/skaitytaknyga.lt\/en\/wp-json\/wp\/v2\/product\/17661","targetHints":{"allow":["GET"]}}],"collection":[{"href":"https:\/\/skaitytaknyga.lt\/en\/wp-json\/wp\/v2\/product"}],"about":[{"href":"https:\/\/skaitytaknyga.lt\/en\/wp-json\/wp\/v2\/types\/product"}],"replies":[{"embeddable":true,"href":"https:\/\/skaitytaknyga.lt\/en\/wp-json\/wp\/v2\/comments?post=17661"}],"wp:featuredmedia":[{"embeddable":true,"href":"https:\/\/skaitytaknyga.lt\/en\/wp-json\/wp\/v2\/media\/17662"}],"wp:attachment":[{"href":"https:\/\/skaitytaknyga.lt\/en\/wp-json\/wp\/v2\/media?parent=17661"}],"wp:term":[{"taxonomy":"product_brand","embeddable":true,"href":"https:\/\/skaitytaknyga.lt\/en\/wp-json\/wp\/v2\/product_brand?post=17661"},{"taxonomy":"product_cat","embeddable":true,"href":"https:\/\/skaitytaknyga.lt\/en\/wp-json\/wp\/v2\/product_cat?post=17661"},{"taxonomy":"product_tag","embeddable":true,"href":"https:\/\/skaitytaknyga.lt\/en\/wp-json\/wp\/v2\/product_tag?post=17661"}],"curies":[{"name":"wp","href":"https:\/\/api.w.org\/{rel}","templated":true}]}}