{"id":17656,"date":"2025-03-29T19:32:50","date_gmt":"2025-03-29T17:32:50","guid":{"rendered":"https:\/\/skaitytaknyga.lt\/?post_type=product&#038;p=17656"},"modified":"2025-03-29T19:35:14","modified_gmt":"2025-03-29T17:35:14","slug":"uzmirsto-egipto-beieskant","status":"publish","type":"product","link":"https:\/\/skaitytaknyga.lt\/en\/produktas\/uzmirsto-egipto-beieskant\/","title":{"rendered":"U\u017emir\u0161to Egipto beie\u0161kant"},"content":{"rendered":"<p>IV am\u017eiuje po Kr. krik\u0161\u010dioni\u0173 imperatorius Teodosijus I \u012fsako u\u017edaryti visas pagoni\u0161kas imperijos \u0161ventyklas. Tas u\u017edarymas tur\u0117jo vien\u0105 netik\u0117t\u0105 pasekm\u0119: hieroglif\u0173 ra\u0161tas, tais laikais dar gyvav\u0119s, staiga tampa nebesuprantamas.<\/p>\n<p>Nors XVII ir XVIII am\u017eiuje ir buvo paskelbti keli\u0173 diplomat\u0173 bei keliautoj\u0173 pasakojimai, ta\u010diau Senov\u0117s Egiptas atgimsta tik 1798 metais. 167 mokslininkai su Egipto ekspedicija atvyksta \u012f \u0161\u012f kra\u0161t\u0105 Bonaparte\u2019o \u012fpareigoti i\u0161matuoti ir nupie\u0161ti visus paminklus. Nuostabusis \u201eEgipto apra\u0161ymas\u201c paskatina gimti egiptologij\u0105. Ta\u010diau tikr\u0105j\u0105 prasm\u0119 visi tie atradimai \u012fgyja tik 1822 metais, kai Champollionas i\u0161\u0161ifruoja hieroglifais ra\u0161ytus tekstus. Nuo tada Senov\u0117s Egipto istorija i\u0161traukiama \u012f dienos \u0161vies\u0105, o Mariette\u2019as ir Maspero pradeda \u0161iuolaikin\u0119 egiptologij\u0105.<\/p>\n<p>Knygoje pateikiama daugiau kaip 300 spalvot\u0173 ir nespalvot\u0173 dokumentini\u0173 nuotrauk\u0173: archeologiniai eksponatai, ne\u012fkainojami papuo\u0161alai, keliautoj\u0173, mokslinink\u0173 ir archeolog\u0173 eskizai, pie\u0161iniai ir akvarel\u0117s, Ryt\u0173 tapyba, hieroglif\u0173 kartu\u0161ai i\u0161 kript\u0173, rekonstrukcijos\u2026 Jean Vercoutter gal\u0117jo tapti dailininku, ta\u010diau pasirinko archeologo profesij\u0105\u2026 Paskirtas stipendininku \u012f Pranc\u016bz\u0173 Ryt\u0173 arceologijos institut\u0105 Kaire (IFAO) 1939 metais, prasid\u0117jus Antrajam pasauliniam karui, atvyksta ten tik 1945-aisiais.<\/p>\n<p>Dirba \u012fvairiuose tuomet dar nei\u0161tirt\u0173 Sudano vietovi\u0173 kasin\u0117jimuose. 1955 metais Asuano u\u017etvankos projektas paspartina paminkl\u0173 gelb\u0117jimo darbus. Chartumo senien\u0173 apsaugos tarnybos direktorius Jeanas Vercoutter suskai\u010diuoja 300 objekt\u0173, kuriems gresia pavojus.<\/p>\n<ul class=\"about-product d-none d-xl-block mt-4\">\n<li><strong>Autorius:<\/strong>\u00a0Jean Vercouter<\/li>\n<li><strong>Leid\u0117jas:<\/strong>\u00a0Baltos lankos<\/li>\n<li><strong>Metai:<\/strong>\u00a01999<\/li>\n<li><strong>Puslapiai:<\/strong>\u00a0175<\/li>\n<li class=\"toggleable type-new-formats \"><strong>ISBN:<\/strong>\u00a09789955000273<\/li>\n<li class=\"toggleable type-new-formats \"><strong>Formatas:<\/strong>\u00a012,5 x 17,5 cm, mink\u0161ti vir\u0161eliai<\/li>\n<li><strong>Kalba:<\/strong>\u00a0Lietuvi\u0173<\/li>\n<\/ul>\n","protected":false},"excerpt":{"rendered":"<p>IV am\u017eiuje po Kr. krik\u0161\u010dioni\u0173 imperatorius Teodosijus I \u012fsako u\u017edaryti visas pagoni\u0161kas imperijos \u0161ventyklas. Tas u\u017edarymas tur\u0117jo vien\u0105 netik\u0117t\u0105 pasekm\u0119: hieroglif\u0173 ra\u0161tas, tais laikais dar gyvav\u0119s, staiga tampa nebesuprantamas. Nors XVII ir XVIII am\u017eiuje ir buvo paskelbti keli\u0173 diplomat\u0173 bei keliautoj\u0173 pasakojimai, ta\u010diau Senov\u0117s Egiptas atgimsta tik 1798 metais. 167 mokslininkai su Egipto ekspedicija atvyksta \u012f \u0161\u012f kra\u0161t\u0105 Bonaparte\u2019o \u012fpareigoti i\u0161matuoti ir nupie\u0161ti visus paminklus. Nuostabusis \u201eEgipto apra\u0161ymas\u201c paskatina gimti egiptologij\u0105. Ta\u010diau tikr\u0105j\u0105 prasm\u0119 visi tie atradimai \u012fgyja tik 1822 metais, kai Champollionas i\u0161\u0161ifruoja hieroglifais ra\u0161ytus tekstus. Nuo tada Senov\u0117s Egipto istorija i\u0161traukiama \u012f dienos \u0161vies\u0105, o Mariette\u2019as ir Maspero pradeda \u0161iuolaikin\u0119 egiptologij\u0105. Knygoje pateikiama daugiau kaip 300 spalvot\u0173 ir nespalvot\u0173 dokumentini\u0173 nuotrauk\u0173: archeologiniai eksponatai, ne\u012fkainojami papuo\u0161alai, keliautoj\u0173, mokslinink\u0173 ir archeolog\u0173 eskizai, pie\u0161iniai ir akvarel\u0117s, Ryt\u0173 tapyba, hieroglif\u0173 kartu\u0161ai i\u0161 kript\u0173, rekonstrukcijos\u2026 Jean Vercoutter gal\u0117jo tapti dailininku, ta\u010diau pasirinko archeologo profesij\u0105\u2026 Paskirtas stipendininku \u012f Pranc\u016bz\u0173 Ryt\u0173 arceologijos institut\u0105 Kaire (IFAO) 1939 metais, prasid\u0117jus Antrajam pasauliniam karui, atvyksta ten tik 1945-aisiais. Dirba \u012fvairiuose tuomet dar nei\u0161tirt\u0173 Sudano vietovi\u0173 kasin\u0117jimuose. 1955 metais Asuano u\u017etvankos projektas paspartina paminkl\u0173 gelb\u0117jimo darbus. Chartumo senien\u0173 apsaugos tarnybos direktorius Jeanas Vercoutter suskai\u010diuoja 300 objekt\u0173, kuriems gresia pavojus. Autorius:\u00a0Jean Vercouter Leid\u0117jas:\u00a0Baltos lankos Metai:\u00a01999 Puslapiai:\u00a0175 ISBN:\u00a09789955000273 Formatas:\u00a012,5 x 17,5 cm, mink\u0161ti vir\u0161eliai Kalba:\u00a0Lietuvi\u0173<\/p>\n","protected":false},"featured_media":17657,"comment_status":"open","ping_status":"closed","template":"","meta":{"_acf_changed":false,"site-sidebar-layout":"default","site-content-layout":"","ast-site-content-layout":"default","site-content-style":"default","site-sidebar-style":"default","ast-global-header-display":"","ast-banner-title-visibility":"","ast-main-header-display":"","ast-hfb-above-header-display":"","ast-hfb-below-header-display":"","ast-hfb-mobile-header-display":"","site-post-title":"","ast-breadcrumbs-content":"","ast-featured-img":"","footer-sml-layout":"","ast-disable-related-posts":"","theme-transparent-header-meta":"default","adv-header-id-meta":"","stick-header-meta":"","header-above-stick-meta":"","header-main-stick-meta":"","header-below-stick-meta":"","astra-migrate-meta-layouts":"set","ast-page-background-enabled":"default","ast-page-background-meta":{"desktop":{"background-color":"","background-image":"","background-repeat":"repeat","background-position":"center center","background-size":"auto","background-attachment":"scroll","background-type":"","background-media":"","overlay-type":"","overlay-color":"","overlay-opacity":"","overlay-gradient":""},"tablet":{"background-color":"","background-image":"","background-repeat":"repeat","background-position":"center center","background-size":"auto","background-attachment":"scroll","background-type":"","background-media":"","overlay-type":"","overlay-color":"","overlay-opacity":"","overlay-gradient":""},"mobile":{"background-color":"","background-image":"","background-repeat":"repeat","background-position":"center center","background-size":"auto","background-attachment":"scroll","background-type":"","background-media":"","overlay-type":"","overlay-color":"","overlay-opacity":"","overlay-gradient":""}},"ast-content-background-meta":{"desktop":{"background-color":"var(--ast-global-color-4)","background-image":"","background-repeat":"repeat","background-position":"center center","background-size":"auto","background-attachment":"scroll","background-type":"","background-media":"","overlay-type":"","overlay-color":"","overlay-opacity":"","overlay-gradient":""},"tablet":{"background-color":"var(--ast-global-color-4)","background-image":"","background-repeat":"repeat","background-position":"center center","background-size":"auto","background-attachment":"scroll","background-type":"","background-media":"","overlay-type":"","overlay-color":"","overlay-opacity":"","overlay-gradient":""},"mobile":{"background-color":"var(--ast-global-color-4)","background-image":"","background-repeat":"repeat","background-position":"center center","background-size":"auto","background-attachment":"scroll","background-type":"","background-media":"","overlay-type":"","overlay-color":"","overlay-opacity":"","overlay-gradient":""}}},"product_brand":[],"product_cat":[174,15],"product_tag":[],"class_list":{"0":"post-17656","1":"product","2":"type-product","3":"status-publish","4":"has-post-thumbnail","6":"product_cat-istorija-ir-politologija","7":"product_cat-uncategorized","8":"desktop-align-left","9":"tablet-align-left","10":"mobile-align-left","12":"first","13":"instock","14":"shipping-taxable","15":"purchasable","16":"product-type-simple"},"acf":[],"yoast_head":"<!-- This site is optimized with the Yoast SEO plugin v27.4 - https:\/\/yoast.com\/product\/yoast-seo-wordpress\/ -->\n<title>U\u017emir\u0161to Egipto beie\u0161kant<\/title>\n<meta name=\"description\" content=\"Tai informatyvi analitin\u0117 studija apie Lietuvos ir \u0160vedijos visuomeninius, politinius ir kult\u016brinius ry\u0161ius nuo seniausi\u0173 laik\u0173 iki \u0161i\u0173 dien\u0173.\" \/>\n<meta name=\"robots\" content=\"index, follow, max-snippet:-1, max-image-preview:large, max-video-preview:-1\" \/>\n<link rel=\"canonical\" href=\"https:\/\/skaitytaknyga.lt\/en\/produktas\/uzmirsto-egipto-beieskant\/\" \/>\n<meta property=\"og:locale\" content=\"en_GB\" \/>\n<meta property=\"og:locale:alternate\" content=\"lt_LT\" \/>\n<meta property=\"og:type\" content=\"article\" \/>\n<meta property=\"og:title\" content=\"U\u017emir\u0161to Egipto beie\u0161kant\" \/>\n<meta property=\"og:description\" content=\"Tai informatyvi analitin\u0117 studija apie Lietuvos ir \u0160vedijos visuomeninius, politinius ir kult\u016brinius ry\u0161ius nuo seniausi\u0173 laik\u0173 iki \u0161i\u0173 dien\u0173.\" \/>\n<meta property=\"og:url\" content=\"https:\/\/skaitytaknyga.lt\/en\/produktas\/uzmirsto-egipto-beieskant\/\" \/>\n<meta property=\"og:site_name\" content=\"Skaitytaknyga\" \/>\n<meta property=\"article:publisher\" content=\"https:\/\/www.facebook.com\/skaitytaknyga\/\" \/>\n<meta property=\"article:modified_time\" content=\"2025-03-29T17:35:14+00:00\" \/>\n<meta property=\"og:image\" content=\"https:\/\/skaitytaknyga.lt\/wp-content\/uploads\/2025\/03\/Uzmirsto-Egipto-beieskant.webp\" \/>\n\t<meta property=\"og:image:width\" content=\"561\" \/>\n\t<meta property=\"og:image:height\" content=\"800\" \/>\n\t<meta property=\"og:image:type\" content=\"image\/webp\" \/>\n<meta name=\"twitter:card\" content=\"summary_large_image\" \/>\n<meta name=\"twitter:label1\" content=\"Estimated reading time\" \/>\n\t<meta name=\"twitter:data1\" content=\"2 minutes\" \/>\n<script type=\"application\/ld+json\" class=\"yoast-schema-graph\">{\"@context\":\"https:\\\/\\\/schema.org\",\"@graph\":[{\"@type\":\"WebPage\",\"@id\":\"https:\\\/\\\/skaitytaknyga.lt\\\/produktas\\\/uzmirsto-egipto-beieskant\\\/\",\"url\":\"https:\\\/\\\/skaitytaknyga.lt\\\/produktas\\\/uzmirsto-egipto-beieskant\\\/\",\"name\":\"U\u017emir\u0161to Egipto beie\u0161kant\",\"isPartOf\":{\"@id\":\"https:\\\/\\\/skaitytaknyga.lt\\\/#website\"},\"primaryImageOfPage\":{\"@id\":\"https:\\\/\\\/skaitytaknyga.lt\\\/produktas\\\/uzmirsto-egipto-beieskant\\\/#primaryimage\"},\"image\":{\"@id\":\"https:\\\/\\\/skaitytaknyga.lt\\\/produktas\\\/uzmirsto-egipto-beieskant\\\/#primaryimage\"},\"thumbnailUrl\":\"https:\\\/\\\/skaitytaknyga.lt\\\/wp-content\\\/uploads\\\/2025\\\/03\\\/Uzmirsto-Egipto-beieskant.webp\",\"datePublished\":\"2025-03-29T17:32:50+00:00\",\"dateModified\":\"2025-03-29T17:35:14+00:00\",\"description\":\"Tai informatyvi analitin\u0117 studija apie Lietuvos ir \u0160vedijos visuomeninius, politinius ir kult\u016brinius ry\u0161ius nuo seniausi\u0173 laik\u0173 iki \u0161i\u0173 dien\u0173.\",\"breadcrumb\":{\"@id\":\"https:\\\/\\\/skaitytaknyga.lt\\\/produktas\\\/uzmirsto-egipto-beieskant\\\/#breadcrumb\"},\"inLanguage\":\"en-GB\",\"potentialAction\":[{\"@type\":\"ReadAction\",\"target\":[\"https:\\\/\\\/skaitytaknyga.lt\\\/produktas\\\/uzmirsto-egipto-beieskant\\\/\"]}]},{\"@type\":\"ImageObject\",\"inLanguage\":\"en-GB\",\"@id\":\"https:\\\/\\\/skaitytaknyga.lt\\\/produktas\\\/uzmirsto-egipto-beieskant\\\/#primaryimage\",\"url\":\"https:\\\/\\\/skaitytaknyga.lt\\\/wp-content\\\/uploads\\\/2025\\\/03\\\/Uzmirsto-Egipto-beieskant.webp\",\"contentUrl\":\"https:\\\/\\\/skaitytaknyga.lt\\\/wp-content\\\/uploads\\\/2025\\\/03\\\/Uzmirsto-Egipto-beieskant.webp\",\"width\":561,\"height\":800,\"caption\":\"U\u017emir\u0161to Egipto beie\u0161kant\"},{\"@type\":\"BreadcrumbList\",\"@id\":\"https:\\\/\\\/skaitytaknyga.lt\\\/produktas\\\/uzmirsto-egipto-beieskant\\\/#breadcrumb\",\"itemListElement\":[{\"@type\":\"ListItem\",\"position\":1,\"name\":\"Home\",\"item\":\"https:\\\/\\\/skaitytaknyga.lt\\\/\"},{\"@type\":\"ListItem\",\"position\":2,\"name\":\"Parduotuv\u0117\",\"item\":\"https:\\\/\\\/skaitytaknyga.lt\\\/knygu-parduotuve\\\/\"},{\"@type\":\"ListItem\",\"position\":3,\"name\":\"U\u017emir\u0161to Egipto beie\u0161kant\"}]},{\"@type\":\"WebSite\",\"@id\":\"https:\\\/\\\/skaitytaknyga.lt\\\/#website\",\"url\":\"https:\\\/\\\/skaitytaknyga.lt\\\/\",\"name\":\"skaitytaknyga.lt\",\"description\":\"Skaitytaknyga.lt \u2013 tai ma\u017eas \u0161eimos verslas, kuris prasid\u0117jo nuo meil\u0117s knygoms ir siekio i\u0161gelb\u0117ti knygas nuo likimo prie konteinerio. Kas vienam nereikalingas daiktas \u2013 kitam lobis, o mes esame tarpininkai, kurie padeda abiems tapti laimingesniems ???? \u017dinome kaip nelengva i\u0161gyventi ma\u017eiems verslams, tad nuo \u0161iol, \u010dia rasite ir kit\u0173, ma\u017e\u0173 \u0161eim\u0173 versl\u0173, rank\u0173 darbo, dovan\u0173 sau ir artimiesiems.\",\"publisher\":{\"@id\":\"https:\\\/\\\/skaitytaknyga.lt\\\/#organization\"},\"potentialAction\":[{\"@type\":\"SearchAction\",\"target\":{\"@type\":\"EntryPoint\",\"urlTemplate\":\"https:\\\/\\\/skaitytaknyga.lt\\\/?s={search_term_string}\"},\"query-input\":{\"@type\":\"PropertyValueSpecification\",\"valueRequired\":true,\"valueName\":\"search_term_string\"}}],\"inLanguage\":\"en-GB\"},{\"@type\":\"Organization\",\"@id\":\"https:\\\/\\\/skaitytaknyga.lt\\\/#organization\",\"name\":\"skaitytaknyga.lt\",\"url\":\"https:\\\/\\\/skaitytaknyga.lt\\\/\",\"logo\":{\"@type\":\"ImageObject\",\"inLanguage\":\"en-GB\",\"@id\":\"https:\\\/\\\/skaitytaknyga.lt\\\/#\\\/schema\\\/logo\\\/image\\\/\",\"url\":\"https:\\\/\\\/skaitytaknyga.lt\\\/wp-content\\\/uploads\\\/2024\\\/05\\\/cropped-cropped-cropped-02_00843_jt3bggkj1j3HLc7SyY6rEUpg.jpeg\",\"contentUrl\":\"https:\\\/\\\/skaitytaknyga.lt\\\/wp-content\\\/uploads\\\/2024\\\/05\\\/cropped-cropped-cropped-02_00843_jt3bggkj1j3HLc7SyY6rEUpg.jpeg\",\"width\":1600,\"height\":1600,\"caption\":\"skaitytaknyga.lt\"},\"image\":{\"@id\":\"https:\\\/\\\/skaitytaknyga.lt\\\/#\\\/schema\\\/logo\\\/image\\\/\"},\"sameAs\":[\"https:\\\/\\\/www.facebook.com\\\/skaitytaknyga\\\/\"]}]}<\/script>\n<!-- \/ Yoast SEO plugin. -->","yoast_head_json":{"title":"U\u017emir\u0161to Egipto beie\u0161kant","description":"Tai informatyvi analitin\u0117 studija apie Lietuvos ir \u0160vedijos visuomeninius, politinius ir kult\u016brinius ry\u0161ius nuo seniausi\u0173 laik\u0173 iki \u0161i\u0173 dien\u0173.","robots":{"index":"index","follow":"follow","max-snippet":"max-snippet:-1","max-image-preview":"max-image-preview:large","max-video-preview":"max-video-preview:-1"},"canonical":"https:\/\/skaitytaknyga.lt\/en\/produktas\/uzmirsto-egipto-beieskant\/","og_locale":"en_GB","og_type":"article","og_title":"[:lt]U\u017emir\u0161to Egipto beie\u0161kant[:] - Skaitytaknyga","og_description":"[:lt]Tai informatyvi analitin\u0117 studija apie Lietuvos ir \u0160vedijos visuomeninius, politinius ir kult\u016brinius ry\u0161ius nuo seniausi\u0173 laik\u0173 iki \u0161i\u0173 dien\u0173.[:]","og_url":"https:\/\/skaitytaknyga.lt\/en\/produktas\/uzmirsto-egipto-beieskant\/","og_site_name":"Skaitytaknyga","article_publisher":"https:\/\/www.facebook.com\/skaitytaknyga\/","article_modified_time":"2025-03-29T17:35:14+00:00","og_image":[{"width":561,"height":800,"url":"https:\/\/skaitytaknyga.lt\/wp-content\/uploads\/2025\/03\/Uzmirsto-Egipto-beieskant.webp","type":"image\/webp"}],"twitter_card":"summary_large_image","twitter_misc":{"Estimated reading time":"2 minutes"},"schema":{"@context":"https:\/\/schema.org","@graph":[{"@type":"WebPage","@id":"https:\/\/skaitytaknyga.lt\/produktas\/uzmirsto-egipto-beieskant\/","url":"https:\/\/skaitytaknyga.lt\/produktas\/uzmirsto-egipto-beieskant\/","name":"U\u017emir\u0161to Egipto beie\u0161kant","isPartOf":{"@id":"https:\/\/skaitytaknyga.lt\/#website"},"primaryImageOfPage":{"@id":"https:\/\/skaitytaknyga.lt\/produktas\/uzmirsto-egipto-beieskant\/#primaryimage"},"image":{"@id":"https:\/\/skaitytaknyga.lt\/produktas\/uzmirsto-egipto-beieskant\/#primaryimage"},"thumbnailUrl":"https:\/\/skaitytaknyga.lt\/wp-content\/uploads\/2025\/03\/Uzmirsto-Egipto-beieskant.webp","datePublished":"2025-03-29T17:32:50+00:00","dateModified":"2025-03-29T17:35:14+00:00","description":"Tai informatyvi analitin\u0117 studija apie Lietuvos ir \u0160vedijos visuomeninius, politinius ir kult\u016brinius ry\u0161ius nuo seniausi\u0173 laik\u0173 iki \u0161i\u0173 dien\u0173.","breadcrumb":{"@id":"https:\/\/skaitytaknyga.lt\/produktas\/uzmirsto-egipto-beieskant\/#breadcrumb"},"inLanguage":"en-GB","potentialAction":[{"@type":"ReadAction","target":["https:\/\/skaitytaknyga.lt\/produktas\/uzmirsto-egipto-beieskant\/"]}]},{"@type":"ImageObject","inLanguage":"en-GB","@id":"https:\/\/skaitytaknyga.lt\/produktas\/uzmirsto-egipto-beieskant\/#primaryimage","url":"https:\/\/skaitytaknyga.lt\/wp-content\/uploads\/2025\/03\/Uzmirsto-Egipto-beieskant.webp","contentUrl":"https:\/\/skaitytaknyga.lt\/wp-content\/uploads\/2025\/03\/Uzmirsto-Egipto-beieskant.webp","width":561,"height":800,"caption":"U\u017emir\u0161to Egipto beie\u0161kant"},{"@type":"BreadcrumbList","@id":"https:\/\/skaitytaknyga.lt\/produktas\/uzmirsto-egipto-beieskant\/#breadcrumb","itemListElement":[{"@type":"ListItem","position":1,"name":"Home","item":"https:\/\/skaitytaknyga.lt\/"},{"@type":"ListItem","position":2,"name":"Parduotuv\u0117","item":"https:\/\/skaitytaknyga.lt\/knygu-parduotuve\/"},{"@type":"ListItem","position":3,"name":"U\u017emir\u0161to Egipto beie\u0161kant"}]},{"@type":"WebSite","@id":"https:\/\/skaitytaknyga.lt\/#website","url":"https:\/\/skaitytaknyga.lt\/","name":"skaitytaknyga.lt","description":"Skaitytaknyga.lt \u2013 tai ma\u017eas \u0161eimos verslas, kuris prasid\u0117jo nuo meil\u0117s knygoms ir siekio i\u0161gelb\u0117ti knygas nuo likimo prie konteinerio. Kas vienam nereikalingas daiktas \u2013 kitam lobis, o mes esame tarpininkai, kurie padeda abiems tapti laimingesniems ???? \u017dinome kaip nelengva i\u0161gyventi ma\u017eiems verslams, tad nuo \u0161iol, \u010dia rasite ir kit\u0173, ma\u017e\u0173 \u0161eim\u0173 versl\u0173, rank\u0173 darbo, dovan\u0173 sau ir artimiesiems.","publisher":{"@id":"https:\/\/skaitytaknyga.lt\/#organization"},"potentialAction":[{"@type":"SearchAction","target":{"@type":"EntryPoint","urlTemplate":"https:\/\/skaitytaknyga.lt\/?s={search_term_string}"},"query-input":{"@type":"PropertyValueSpecification","valueRequired":true,"valueName":"search_term_string"}}],"inLanguage":"en-GB"},{"@type":"Organization","@id":"https:\/\/skaitytaknyga.lt\/#organization","name":"skaitytaknyga.lt","url":"https:\/\/skaitytaknyga.lt\/","logo":{"@type":"ImageObject","inLanguage":"en-GB","@id":"https:\/\/skaitytaknyga.lt\/#\/schema\/logo\/image\/","url":"https:\/\/skaitytaknyga.lt\/wp-content\/uploads\/2024\/05\/cropped-cropped-cropped-02_00843_jt3bggkj1j3HLc7SyY6rEUpg.jpeg","contentUrl":"https:\/\/skaitytaknyga.lt\/wp-content\/uploads\/2024\/05\/cropped-cropped-cropped-02_00843_jt3bggkj1j3HLc7SyY6rEUpg.jpeg","width":1600,"height":1600,"caption":"skaitytaknyga.lt"},"image":{"@id":"https:\/\/skaitytaknyga.lt\/#\/schema\/logo\/image\/"},"sameAs":["https:\/\/www.facebook.com\/skaitytaknyga\/"]}]}},"_links":{"self":[{"href":"https:\/\/skaitytaknyga.lt\/en\/wp-json\/wp\/v2\/product\/17656","targetHints":{"allow":["GET"]}}],"collection":[{"href":"https:\/\/skaitytaknyga.lt\/en\/wp-json\/wp\/v2\/product"}],"about":[{"href":"https:\/\/skaitytaknyga.lt\/en\/wp-json\/wp\/v2\/types\/product"}],"replies":[{"embeddable":true,"href":"https:\/\/skaitytaknyga.lt\/en\/wp-json\/wp\/v2\/comments?post=17656"}],"wp:featuredmedia":[{"embeddable":true,"href":"https:\/\/skaitytaknyga.lt\/en\/wp-json\/wp\/v2\/media\/17657"}],"wp:attachment":[{"href":"https:\/\/skaitytaknyga.lt\/en\/wp-json\/wp\/v2\/media?parent=17656"}],"wp:term":[{"taxonomy":"product_brand","embeddable":true,"href":"https:\/\/skaitytaknyga.lt\/en\/wp-json\/wp\/v2\/product_brand?post=17656"},{"taxonomy":"product_cat","embeddable":true,"href":"https:\/\/skaitytaknyga.lt\/en\/wp-json\/wp\/v2\/product_cat?post=17656"},{"taxonomy":"product_tag","embeddable":true,"href":"https:\/\/skaitytaknyga.lt\/en\/wp-json\/wp\/v2\/product_tag?post=17656"}],"curies":[{"name":"wp","href":"https:\/\/api.w.org\/{rel}","templated":true}]}}