{"id":17654,"date":"2025-03-29T18:06:52","date_gmt":"2025-03-29T16:06:52","guid":{"rendered":"https:\/\/skaitytaknyga.lt\/?post_type=product&#038;p=17654"},"modified":"2025-06-11T08:23:04","modified_gmt":"2025-06-11T05:23:04","slug":"bjauri-meile","status":"publish","type":"product","link":"https:\/\/skaitytaknyga.lt\/en\/produktas\/bjauri-meile\/","title":{"rendered":"Bjauri meil\u0117"},"content":{"rendered":"<p>Teit\u0117 Kolins, sutikusi oro linij\u0173 pilot\u0105 Mails\u0105 Ar\u010der\u012f, nemano, jog patirs meil\u0119 i\u0161 pirmo \u017evilgsnio. Net nepasakytum, kad jie draugai. Teit\u0119 ir Mails\u0105 sieja tik viena \u2013 nenugin\u010dijama fizin\u0117 trauka. Regis, abiem to ir u\u017etenka: jis nenori rimt\u0173 santyki\u0173, o ji neturi laiko meilei. Viskas klostysis puikiai, jei tik Teit\u0117 laikysis dviej\u0173 Mailso taisykli\u0173: joki\u0173 klausim\u0173 apie praeit\u012f, joki\u0173 l\u016bkes\u010di\u0173 atei\u010diai.<\/p>\n<p>Ta\u010diau neilgai trukus abu supranta: \u0161irdis ne taip lengvai pakl\u016bsta protui, pa\u017eadai da\u017enai b\u016bna sulau\u017eomi, taisykli\u0173 ne visuomet laikomasi, o meil\u0117&#8230; gali b\u016bti bjauri.<\/p>\n<p>Jausminga, sud\u0117tinga ir itin realisti\u0161ka istorija, pasi\u017eyminti Colleen Hoover geb\u0117jimu, regis, paprastoms, kasdien\u0117ms akimirkoms suteikti emocin\u0117s j\u0117gos.<\/p>\n<p>\u201eNew York Times\u201c bestseleri\u0173 autor\u0117 Colleen Hoover (Kolyn H\u016bver, gim. 1979) i\u0161 prad\u017ei\u0173 dirbo socialine darbuotoja, v\u0117liau pasuko ra\u0161ytojos keliu ir sulauk\u0117 didel\u0117s s\u0117km\u0117s visame pasaulyje. Autor\u0117s romanai \u201eMes dedame ta\u0161k\u0105\u201c, \u201eMes pradedame i\u0161 naujo\u201c, \u201eK\u0105 praleidau, kol miegojai\u201c ir \u201eVerit\u0117\u201c sub\u016br\u0117 mil\u017eini\u0161k\u0105 gerb\u0117j\u0173 rat\u0105 ir Lietuvoje. Nors \u201eBjauri meil\u0117\u201c pirm\u0105syk pasirod\u0117 2014 m., aistringa Teit\u0117s ir Mailso meil\u0117s istorija iki \u0161iol i\u0161lieka vienu skaitomiausi\u0173 ir mylimiausi\u0173 ra\u0161ytojos k\u016brini\u0173.<\/p>\n<p>\u201eC. Hoover nepriekai\u0161tingai sukuria jaun\u0173 suaugusi\u0173j\u0173 pasaul\u012f: jame du \u017emon\u0117s kopia karjeros laiptais ir atranda brand\u017ei\u0105 meil\u0119.\u201c \u2013 Booklist<\/p>\n<ul class=\"about-product d-none d-xl-block mt-4\">\n<li><strong>Originalus pavadinimas:<\/strong>\u00a0Ugly Love<\/li>\n<li><strong>Autorius:<\/strong>\u00a0Colleen Hoover<\/li>\n<li><strong>Leid\u0117jas:<\/strong>\u00a0Baltos lankos<\/li>\n<li><strong>Metai:<\/strong>\u00a02023<\/li>\n<li><strong>Puslapiai:<\/strong>\u00a0336<\/li>\n<li class=\"toggleable type-new-formats \"><strong>ISBN:<\/strong>\u00a09786094797965<\/li>\n<li><strong>Versijos kodas:<\/strong>\u00a04<\/li>\n<li class=\"toggleable type-new-formats \"><strong>Formatas:<\/strong>\u00a014,8 x 21,5 x 2,6 cm, kieti vir\u0161eliai<\/li>\n<li><strong>Kalba:<\/strong>\u00a0Lietuvi\u0173<\/li>\n<li><strong>Vert\u0117jas:<\/strong>\u00a0Inga Stan\u010dikait\u0117<\/li>\n<\/ul>\n","protected":false},"excerpt":{"rendered":"<p>Teit\u0117 Kolins, sutikusi oro linij\u0173 pilot\u0105 Mails\u0105 Ar\u010der\u012f, nemano, jog patirs meil\u0119 i\u0161 pirmo \u017evilgsnio. Net nepasakytum, kad jie draugai. Teit\u0119 ir Mails\u0105 sieja tik viena \u2013 nenugin\u010dijama fizin\u0117 trauka. Regis, abiem to ir u\u017etenka: jis nenori rimt\u0173 santyki\u0173, o ji neturi laiko meilei. Viskas klostysis puikiai, jei tik Teit\u0117 laikysis dviej\u0173 Mailso taisykli\u0173: joki\u0173 klausim\u0173 apie praeit\u012f, joki\u0173 l\u016bkes\u010di\u0173 atei\u010diai. Ta\u010diau neilgai trukus abu supranta: \u0161irdis ne taip lengvai pakl\u016bsta protui, pa\u017eadai da\u017enai b\u016bna sulau\u017eomi, taisykli\u0173 ne visuomet laikomasi, o meil\u0117&#8230; gali b\u016bti bjauri. Jausminga, sud\u0117tinga ir itin realisti\u0161ka istorija, pasi\u017eyminti Colleen Hoover geb\u0117jimu, regis, paprastoms, kasdien\u0117ms akimirkoms suteikti emocin\u0117s j\u0117gos. \u201eNew York Times\u201c bestseleri\u0173 autor\u0117 Colleen Hoover (Kolyn H\u016bver, gim. 1979) i\u0161 prad\u017ei\u0173 dirbo socialine darbuotoja, v\u0117liau pasuko ra\u0161ytojos keliu ir sulauk\u0117 didel\u0117s s\u0117km\u0117s visame pasaulyje. Autor\u0117s romanai \u201eMes dedame ta\u0161k\u0105\u201c, \u201eMes pradedame i\u0161 naujo\u201c, \u201eK\u0105 praleidau, kol miegojai\u201c ir \u201eVerit\u0117\u201c sub\u016br\u0117 mil\u017eini\u0161k\u0105 gerb\u0117j\u0173 rat\u0105 ir Lietuvoje. Nors \u201eBjauri meil\u0117\u201c pirm\u0105syk pasirod\u0117 2014 m., aistringa Teit\u0117s ir Mailso meil\u0117s istorija iki \u0161iol i\u0161lieka vienu skaitomiausi\u0173 ir mylimiausi\u0173 ra\u0161ytojos k\u016brini\u0173. \u201eC. Hoover nepriekai\u0161tingai sukuria jaun\u0173 suaugusi\u0173j\u0173 pasaul\u012f: jame du \u017emon\u0117s kopia karjeros laiptais ir atranda brand\u017ei\u0105 meil\u0119.\u201c \u2013 Booklist Originalus pavadinimas:\u00a0Ugly Love Autorius:\u00a0Colleen Hoover Leid\u0117jas:\u00a0Baltos lankos Metai:\u00a02023 Puslapiai:\u00a0336 ISBN:\u00a09786094797965 Versijos kodas:\u00a04 Formatas:\u00a014,8 x 21,5 x 2,6 cm, kieti vir\u0161eliai Kalba:\u00a0Lietuvi\u0173 Vert\u0117jas:\u00a0Inga Stan\u010dikait\u0117<\/p>\n","protected":false},"featured_media":17655,"comment_status":"open","ping_status":"closed","template":"","meta":{"_acf_changed":false,"site-sidebar-layout":"default","site-content-layout":"","ast-site-content-layout":"default","site-content-style":"default","site-sidebar-style":"default","ast-global-header-display":"","ast-banner-title-visibility":"","ast-main-header-display":"","ast-hfb-above-header-display":"","ast-hfb-below-header-display":"","ast-hfb-mobile-header-display":"","site-post-title":"","ast-breadcrumbs-content":"","ast-featured-img":"","footer-sml-layout":"","ast-disable-related-posts":"","theme-transparent-header-meta":"default","adv-header-id-meta":"","stick-header-meta":"","header-above-stick-meta":"","header-main-stick-meta":"","header-below-stick-meta":"","astra-migrate-meta-layouts":"set","ast-page-background-enabled":"default","ast-page-background-meta":{"desktop":{"background-color":"","background-image":"","background-repeat":"repeat","background-position":"center center","background-size":"auto","background-attachment":"scroll","background-type":"","background-media":"","overlay-type":"","overlay-color":"","overlay-opacity":"","overlay-gradient":""},"tablet":{"background-color":"","background-image":"","background-repeat":"repeat","background-position":"center center","background-size":"auto","background-attachment":"scroll","background-type":"","background-media":"","overlay-type":"","overlay-color":"","overlay-opacity":"","overlay-gradient":""},"mobile":{"background-color":"","background-image":"","background-repeat":"repeat","background-position":"center center","background-size":"auto","background-attachment":"scroll","background-type":"","background-media":"","overlay-type":"","overlay-color":"","overlay-opacity":"","overlay-gradient":""}},"ast-content-background-meta":{"desktop":{"background-color":"var(--ast-global-color-4)","background-image":"","background-repeat":"repeat","background-position":"center center","background-size":"auto","background-attachment":"scroll","background-type":"","background-media":"","overlay-type":"","overlay-color":"","overlay-opacity":"","overlay-gradient":""},"tablet":{"background-color":"var(--ast-global-color-4)","background-image":"","background-repeat":"repeat","background-position":"center center","background-size":"auto","background-attachment":"scroll","background-type":"","background-media":"","overlay-type":"","overlay-color":"","overlay-opacity":"","overlay-gradient":""},"mobile":{"background-color":"var(--ast-global-color-4)","background-image":"","background-repeat":"repeat","background-position":"center center","background-size":"auto","background-attachment":"scroll","background-type":"","background-media":"","overlay-type":"","overlay-color":"","overlay-opacity":"","overlay-gradient":""}}},"product_brand":[],"product_cat":[31,15],"product_tag":[4813,2901,1748,4756],"class_list":{"0":"post-17654","1":"product","2":"type-product","3":"status-publish","4":"has-post-thumbnail","6":"product_cat-grozine-literatura","7":"product_cat-uncategorized","8":"product_tag-colleen-hoover","9":"product_tag-drama","10":"product_tag-meiles-istorija","11":"product_tag-siuolaikine-grozine-literatura","12":"desktop-align-left","13":"tablet-align-left","14":"mobile-align-left","16":"first","17":"instock","18":"shipping-taxable","19":"purchasable","20":"product-type-simple"},"acf":[],"yoast_head":"<!-- This site is optimized with the Yoast SEO plugin v27.0 - https:\/\/yoast.com\/product\/yoast-seo-wordpress\/ -->\n<title>Bjauri meil\u0117<\/title>\n<meta name=\"description\" content=\"Teit\u0117 Kolins, sutikusi oro linij\u0173 pilot\u0105 Mails\u0105 Ar\u010der\u012f, nemano, jog patirs meil\u0119 i\u0161 pirmo \u017evilgsnio. Net nepasakytum, kad jie draugai. Teit\u0119 ir Mails\u0105\" \/>\n<meta name=\"robots\" content=\"index, follow, max-snippet:-1, max-image-preview:large, max-video-preview:-1\" \/>\n<link rel=\"canonical\" href=\"https:\/\/skaitytaknyga.lt\/en\/produktas\/bjauri-meile\/\" \/>\n<meta property=\"og:locale\" content=\"en_GB\" \/>\n<meta property=\"og:locale:alternate\" content=\"lt_LT\" \/>\n<meta property=\"og:type\" content=\"article\" \/>\n<meta property=\"og:title\" content=\"Bjauri meil\u0117\" \/>\n<meta property=\"og:description\" content=\"Teit\u0117 Kolins, sutikusi oro linij\u0173 pilot\u0105 Mails\u0105 Ar\u010der\u012f, nemano, jog patirs meil\u0119 i\u0161 pirmo \u017evilgsnio. Net nepasakytum, kad jie draugai. Teit\u0119 ir Mails\u0105\" \/>\n<meta property=\"og:url\" content=\"https:\/\/skaitytaknyga.lt\/en\/produktas\/bjauri-meile\/\" \/>\n<meta property=\"og:site_name\" content=\"Skaitytaknyga\" \/>\n<meta property=\"article:publisher\" content=\"https:\/\/www.facebook.com\/skaitytaknyga\/\" \/>\n<meta property=\"article:modified_time\" content=\"2025-06-11T05:23:04+00:00\" \/>\n<meta property=\"og:image\" content=\"https:\/\/skaitytaknyga.lt\/wp-content\/uploads\/2025\/03\/Bjauri-meile.webp\" \/>\n\t<meta property=\"og:image:width\" content=\"453\" \/>\n\t<meta property=\"og:image:height\" content=\"652\" \/>\n\t<meta property=\"og:image:type\" content=\"image\/webp\" \/>\n<meta name=\"twitter:card\" content=\"summary_large_image\" \/>\n<meta name=\"twitter:label1\" content=\"Estimated reading time\" \/>\n\t<meta name=\"twitter:data1\" content=\"2 minutes\" \/>\n<script type=\"application\/ld+json\" class=\"yoast-schema-graph\">{\"@context\":\"https:\/\/schema.org\",\"@graph\":[{\"@type\":\"WebPage\",\"@id\":\"https:\/\/skaitytaknyga.lt\/produktas\/bjauri-meile\/\",\"url\":\"https:\/\/skaitytaknyga.lt\/produktas\/bjauri-meile\/\",\"name\":\"Bjauri meil\u0117\",\"isPartOf\":{\"@id\":\"https:\/\/skaitytaknyga.lt\/#website\"},\"primaryImageOfPage\":{\"@id\":\"https:\/\/skaitytaknyga.lt\/produktas\/bjauri-meile\/#primaryimage\"},\"image\":{\"@id\":\"https:\/\/skaitytaknyga.lt\/produktas\/bjauri-meile\/#primaryimage\"},\"thumbnailUrl\":\"https:\/\/skaitytaknyga.lt\/wp-content\/uploads\/2025\/03\/Bjauri-meile.webp\",\"datePublished\":\"2025-03-29T16:06:52+00:00\",\"dateModified\":\"2025-06-11T05:23:04+00:00\",\"description\":\"Teit\u0117 Kolins, sutikusi oro linij\u0173 pilot\u0105 Mails\u0105 Ar\u010der\u012f, nemano, jog patirs meil\u0119 i\u0161 pirmo \u017evilgsnio. Net nepasakytum, kad jie draugai. Teit\u0119 ir Mails\u0105\",\"breadcrumb\":{\"@id\":\"https:\/\/skaitytaknyga.lt\/produktas\/bjauri-meile\/#breadcrumb\"},\"inLanguage\":\"en-GB\",\"potentialAction\":[{\"@type\":\"ReadAction\",\"target\":[\"https:\/\/skaitytaknyga.lt\/produktas\/bjauri-meile\/\"]}]},{\"@type\":\"ImageObject\",\"inLanguage\":\"en-GB\",\"@id\":\"https:\/\/skaitytaknyga.lt\/produktas\/bjauri-meile\/#primaryimage\",\"url\":\"https:\/\/skaitytaknyga.lt\/wp-content\/uploads\/2025\/03\/Bjauri-meile.webp\",\"contentUrl\":\"https:\/\/skaitytaknyga.lt\/wp-content\/uploads\/2025\/03\/Bjauri-meile.webp\",\"width\":453,\"height\":652,\"caption\":\"Bjauri meil\u0117\"},{\"@type\":\"BreadcrumbList\",\"@id\":\"https:\/\/skaitytaknyga.lt\/produktas\/bjauri-meile\/#breadcrumb\",\"itemListElement\":[{\"@type\":\"ListItem\",\"position\":1,\"name\":\"Home\",\"item\":\"https:\/\/skaitytaknyga.lt\/\"},{\"@type\":\"ListItem\",\"position\":2,\"name\":\"Parduotuv\u0117\",\"item\":\"https:\/\/skaitytaknyga.lt\/knygu-parduotuve\/\"},{\"@type\":\"ListItem\",\"position\":3,\"name\":\"Bjauri meil\u0117\"}]},{\"@type\":\"WebSite\",\"@id\":\"https:\/\/skaitytaknyga.lt\/#website\",\"url\":\"https:\/\/skaitytaknyga.lt\/\",\"name\":\"skaitytaknyga.lt\",\"description\":\"Skaitytaknyga.lt \u2013 tai ma\u017eas \u0161eimos verslas, kuris prasid\u0117jo nuo meil\u0117s knygoms ir siekio i\u0161gelb\u0117ti knygas nuo likimo prie konteinerio. Kas vienam nereikalingas daiktas \u2013 kitam lobis, o mes esame tarpininkai, kurie padeda abiems tapti laimingesniems ???? \u017dinome kaip nelengva i\u0161gyventi ma\u017eiems verslams, tad nuo \u0161iol, \u010dia rasite ir kit\u0173, ma\u017e\u0173 \u0161eim\u0173 versl\u0173, rank\u0173 darbo, dovan\u0173 sau ir artimiesiems.\",\"publisher\":{\"@id\":\"https:\/\/skaitytaknyga.lt\/#organization\"},\"potentialAction\":[{\"@type\":\"SearchAction\",\"target\":{\"@type\":\"EntryPoint\",\"urlTemplate\":\"https:\/\/skaitytaknyga.lt\/?s={search_term_string}\"},\"query-input\":{\"@type\":\"PropertyValueSpecification\",\"valueRequired\":true,\"valueName\":\"search_term_string\"}}],\"inLanguage\":\"en-GB\"},{\"@type\":\"Organization\",\"@id\":\"https:\/\/skaitytaknyga.lt\/#organization\",\"name\":\"skaitytaknyga.lt\",\"url\":\"https:\/\/skaitytaknyga.lt\/\",\"logo\":{\"@type\":\"ImageObject\",\"inLanguage\":\"en-GB\",\"@id\":\"https:\/\/skaitytaknyga.lt\/#\/schema\/logo\/image\/\",\"url\":\"https:\/\/skaitytaknyga.lt\/wp-content\/uploads\/2024\/05\/cropped-cropped-cropped-02_00843_jt3bggkj1j3HLc7SyY6rEUpg.jpeg\",\"contentUrl\":\"https:\/\/skaitytaknyga.lt\/wp-content\/uploads\/2024\/05\/cropped-cropped-cropped-02_00843_jt3bggkj1j3HLc7SyY6rEUpg.jpeg\",\"width\":1600,\"height\":1600,\"caption\":\"skaitytaknyga.lt\"},\"image\":{\"@id\":\"https:\/\/skaitytaknyga.lt\/#\/schema\/logo\/image\/\"},\"sameAs\":[\"https:\/\/www.facebook.com\/skaitytaknyga\/\"]}]}<\/script>\n<!-- \/ Yoast SEO plugin. -->","yoast_head_json":{"title":"Bjauri meil\u0117","description":"Teit\u0117 Kolins, sutikusi oro linij\u0173 pilot\u0105 Mails\u0105 Ar\u010der\u012f, nemano, jog patirs meil\u0119 i\u0161 pirmo \u017evilgsnio. Net nepasakytum, kad jie draugai. Teit\u0119 ir Mails\u0105","robots":{"index":"index","follow":"follow","max-snippet":"max-snippet:-1","max-image-preview":"max-image-preview:large","max-video-preview":"max-video-preview:-1"},"canonical":"https:\/\/skaitytaknyga.lt\/en\/produktas\/bjauri-meile\/","og_locale":"en_GB","og_type":"article","og_title":"[:lt]Bjauri meil\u0117[:] - Skaitytaknyga","og_description":"Teit\u0117 Kolins, sutikusi oro linij\u0173 pilot\u0105 Mails\u0105 Ar\u010der\u012f, nemano, jog patirs meil\u0119 i\u0161 pirmo \u017evilgsnio. Net nepasakytum, kad jie draugai. Teit\u0119 ir Mails\u0105","og_url":"https:\/\/skaitytaknyga.lt\/en\/produktas\/bjauri-meile\/","og_site_name":"Skaitytaknyga","article_publisher":"https:\/\/www.facebook.com\/skaitytaknyga\/","article_modified_time":"2025-06-11T05:23:04+00:00","og_image":[{"width":453,"height":652,"url":"https:\/\/skaitytaknyga.lt\/wp-content\/uploads\/2025\/03\/Bjauri-meile.webp","type":"image\/webp"}],"twitter_card":"summary_large_image","twitter_misc":{"Estimated reading time":"2 minutes"},"schema":{"@context":"https:\/\/schema.org","@graph":[{"@type":"WebPage","@id":"https:\/\/skaitytaknyga.lt\/produktas\/bjauri-meile\/","url":"https:\/\/skaitytaknyga.lt\/produktas\/bjauri-meile\/","name":"Bjauri meil\u0117","isPartOf":{"@id":"https:\/\/skaitytaknyga.lt\/#website"},"primaryImageOfPage":{"@id":"https:\/\/skaitytaknyga.lt\/produktas\/bjauri-meile\/#primaryimage"},"image":{"@id":"https:\/\/skaitytaknyga.lt\/produktas\/bjauri-meile\/#primaryimage"},"thumbnailUrl":"https:\/\/skaitytaknyga.lt\/wp-content\/uploads\/2025\/03\/Bjauri-meile.webp","datePublished":"2025-03-29T16:06:52+00:00","dateModified":"2025-06-11T05:23:04+00:00","description":"Teit\u0117 Kolins, sutikusi oro linij\u0173 pilot\u0105 Mails\u0105 Ar\u010der\u012f, nemano, jog patirs meil\u0119 i\u0161 pirmo \u017evilgsnio. Net nepasakytum, kad jie draugai. Teit\u0119 ir Mails\u0105","breadcrumb":{"@id":"https:\/\/skaitytaknyga.lt\/produktas\/bjauri-meile\/#breadcrumb"},"inLanguage":"en-GB","potentialAction":[{"@type":"ReadAction","target":["https:\/\/skaitytaknyga.lt\/produktas\/bjauri-meile\/"]}]},{"@type":"ImageObject","inLanguage":"en-GB","@id":"https:\/\/skaitytaknyga.lt\/produktas\/bjauri-meile\/#primaryimage","url":"https:\/\/skaitytaknyga.lt\/wp-content\/uploads\/2025\/03\/Bjauri-meile.webp","contentUrl":"https:\/\/skaitytaknyga.lt\/wp-content\/uploads\/2025\/03\/Bjauri-meile.webp","width":453,"height":652,"caption":"Bjauri meil\u0117"},{"@type":"BreadcrumbList","@id":"https:\/\/skaitytaknyga.lt\/produktas\/bjauri-meile\/#breadcrumb","itemListElement":[{"@type":"ListItem","position":1,"name":"Home","item":"https:\/\/skaitytaknyga.lt\/"},{"@type":"ListItem","position":2,"name":"Parduotuv\u0117","item":"https:\/\/skaitytaknyga.lt\/knygu-parduotuve\/"},{"@type":"ListItem","position":3,"name":"Bjauri meil\u0117"}]},{"@type":"WebSite","@id":"https:\/\/skaitytaknyga.lt\/#website","url":"https:\/\/skaitytaknyga.lt\/","name":"skaitytaknyga.lt","description":"Skaitytaknyga.lt \u2013 tai ma\u017eas \u0161eimos verslas, kuris prasid\u0117jo nuo meil\u0117s knygoms ir siekio i\u0161gelb\u0117ti knygas nuo likimo prie konteinerio. Kas vienam nereikalingas daiktas \u2013 kitam lobis, o mes esame tarpininkai, kurie padeda abiems tapti laimingesniems ???? \u017dinome kaip nelengva i\u0161gyventi ma\u017eiems verslams, tad nuo \u0161iol, \u010dia rasite ir kit\u0173, ma\u017e\u0173 \u0161eim\u0173 versl\u0173, rank\u0173 darbo, dovan\u0173 sau ir artimiesiems.","publisher":{"@id":"https:\/\/skaitytaknyga.lt\/#organization"},"potentialAction":[{"@type":"SearchAction","target":{"@type":"EntryPoint","urlTemplate":"https:\/\/skaitytaknyga.lt\/?s={search_term_string}"},"query-input":{"@type":"PropertyValueSpecification","valueRequired":true,"valueName":"search_term_string"}}],"inLanguage":"en-GB"},{"@type":"Organization","@id":"https:\/\/skaitytaknyga.lt\/#organization","name":"skaitytaknyga.lt","url":"https:\/\/skaitytaknyga.lt\/","logo":{"@type":"ImageObject","inLanguage":"en-GB","@id":"https:\/\/skaitytaknyga.lt\/#\/schema\/logo\/image\/","url":"https:\/\/skaitytaknyga.lt\/wp-content\/uploads\/2024\/05\/cropped-cropped-cropped-02_00843_jt3bggkj1j3HLc7SyY6rEUpg.jpeg","contentUrl":"https:\/\/skaitytaknyga.lt\/wp-content\/uploads\/2024\/05\/cropped-cropped-cropped-02_00843_jt3bggkj1j3HLc7SyY6rEUpg.jpeg","width":1600,"height":1600,"caption":"skaitytaknyga.lt"},"image":{"@id":"https:\/\/skaitytaknyga.lt\/#\/schema\/logo\/image\/"},"sameAs":["https:\/\/www.facebook.com\/skaitytaknyga\/"]}]}},"_links":{"self":[{"href":"https:\/\/skaitytaknyga.lt\/en\/wp-json\/wp\/v2\/product\/17654","targetHints":{"allow":["GET"]}}],"collection":[{"href":"https:\/\/skaitytaknyga.lt\/en\/wp-json\/wp\/v2\/product"}],"about":[{"href":"https:\/\/skaitytaknyga.lt\/en\/wp-json\/wp\/v2\/types\/product"}],"replies":[{"embeddable":true,"href":"https:\/\/skaitytaknyga.lt\/en\/wp-json\/wp\/v2\/comments?post=17654"}],"wp:featuredmedia":[{"embeddable":true,"href":"https:\/\/skaitytaknyga.lt\/en\/wp-json\/wp\/v2\/media\/17655"}],"wp:attachment":[{"href":"https:\/\/skaitytaknyga.lt\/en\/wp-json\/wp\/v2\/media?parent=17654"}],"wp:term":[{"taxonomy":"product_brand","embeddable":true,"href":"https:\/\/skaitytaknyga.lt\/en\/wp-json\/wp\/v2\/product_brand?post=17654"},{"taxonomy":"product_cat","embeddable":true,"href":"https:\/\/skaitytaknyga.lt\/en\/wp-json\/wp\/v2\/product_cat?post=17654"},{"taxonomy":"product_tag","embeddable":true,"href":"https:\/\/skaitytaknyga.lt\/en\/wp-json\/wp\/v2\/product_tag?post=17654"}],"curies":[{"name":"wp","href":"https:\/\/api.w.org\/{rel}","templated":true}]}}