{"id":17652,"date":"2025-03-29T18:05:37","date_gmt":"2025-03-29T16:05:37","guid":{"rendered":"https:\/\/skaitytaknyga.lt\/?post_type=product&#038;p=17652"},"modified":"2025-10-20T11:00:20","modified_gmt":"2025-10-20T08:00:20","slug":"mes-pradedame-is-naujo","status":"publish","type":"product","link":"https:\/\/skaitytaknyga.lt\/en\/produktas\/mes-pradedame-is-naujo\/","title":{"rendered":"Mes pradedame i\u0161 naujo"},"content":{"rendered":"<p>Dabar suprantu, kad sunkiausi sprendimai kartais atne\u0161a geriausi\u0173 poky\u010di\u0173.<\/p>\n<p>Lil\u0117 ir buv\u0119s jos vyras Railis pagaliau susitar\u0117 d\u0117l dukrel\u0117s Emerson prie\u017ei\u016bros. Nors i\u0161siskyr\u0119, jie vis dar susitinka beveik kasdien, ir Lil\u0119 kaskart apima baim\u0117: nejaugi ji taip niekad ir nepatirs, kas yra tikroji laisv\u0117 ir laim\u0117? Ta\u010diau vien\u0105 ryt\u0105 gatv\u0117je ji netik\u0117tai sutinka savo pirm\u0105j\u0105 meil\u0119 \u2013 Etlas\u0105. Jiedu nesimat\u0117 beveik dvejus metus, bet jausmai, regis, tik ir laukia progos \u012fsiplieksti i\u0161 naujo, \u0161\u012fsyk \u2013 dar kar\u0161tesne liepsna.<\/p>\n<p>Truput\u012f padvejojusi Lil\u0117 nusprend\u017eia suteikti Etlasui antr\u0105 prog\u0105. Tik naujai atrast\u0105 d\u017eiuges\u012f netrunka apkartinti smurto nesibaidantis Railis: nors su Lile jie nebegyvena drauge, giliai \u0161irdyje jis vis dar viliasi j\u0105 susigr\u0105\u017einti, ir kam jau kam, bet Etlasui Koriganui jis neleis stoti skersai kelio.<\/p>\n<p>Nekantriai lauktame romano \u201eMes dedame ta\u0161k\u0105\u201c t\u0119sinyje pasakojama pakaitomis i\u0161 Lil\u0117s ir Etlaso perspektyv\u0173: \u010dia liejasi nuo pat veik\u0117j\u0173 paauglyst\u0117s trunkanti meil\u0117s, smurto \u0161eimoje ir antr\u0173 galimybi\u0173 istorija. \u201eMes pradedame i\u0161 naujo\u201c \u2013 tai emocij\u0173 kupina kelion\u0117, suteikianti ne tik nebl\u0117stan\u010dios vilties, bet ir dr\u0105sos visad siekti laim\u0117s, nes kiekviena pabaiga turi ir prad\u017ei\u0105.<\/p>\n<p>\u201eNew York Times\u201c bestseleri\u0173 autor\u0117 Colleen Hoover (Kolyn H\u016bver, gim. 1979) i\u0161 prad\u017ei\u0173 dirbo socialine darbuotoja, v\u0117liau pasuko ra\u0161ytojos keliu ir sulauk\u0117 didel\u0117s s\u0117km\u0117s visame pasaulyje. Jos k\u016brybos s\u0105ra\u0161e \u2013 daugiau nei dvide\u0161imt skaitytoj\u0173 pam\u0117gt\u0173 roman\u0173, tarp kuri\u0173 jau ir daugeliui lietuvi\u0173 pa\u017e\u012fstami \u201eMes dedame ta\u0161k\u0105\u201c, \u201eK\u0105 praleidau, kol miegojai\u201c, \u201eVerit\u0117\u201c. \u201eMes pradedame i\u0161 naujo\u201c \u2013 Lil\u0117s, Etlaso ir Railio istorijos, prasid\u0117jusios romane \u201eMes dedame ta\u0161k\u0105\u201c, t\u0119sinys.<\/p>\n<p>\u201eJautriai atskleid\u017eia antr\u0173j\u0173 \u0161ans\u0173 g\u0117l\u0105 ir d\u017eiuges\u012f.\u201c \u2013 Kirkus Reviews<\/p>\n<p>\u201eIr darsyk Hoover sudau\u017eo skaitytoj\u0173 \u0161irdis.\u201c \u2013 Publishers Weekly<\/p>\n<ul class=\"about-product d-none d-xl-block mt-4\">\n<li><strong>Originalus pavadinimas:<\/strong>\u00a0It Starts with Us<\/li>\n<li><strong>Autorius:<\/strong>\u00a0Colleen Hoover<\/li>\n<li><strong>Leid\u0117jas:<\/strong>\u00a0Baltos lankos<\/li>\n<li><strong>Metai:<\/strong>\u00a02023<\/li>\n<li><strong>Puslapiai:<\/strong>\u00a0336<\/li>\n<li class=\"toggleable type-new-formats \"><strong>ISBN:<\/strong>\u00a09786094797019<\/li>\n<li><strong>Versijos kodas:<\/strong>\u00a04<\/li>\n<li class=\"toggleable type-new-formats \"><strong>Formatas:<\/strong>\u00a014,5 x 21 x 2,5 cm, kieti vir\u0161eliai<\/li>\n<li><strong>Kalba:<\/strong>\u00a0Lietuvi\u0173<\/li>\n<li><strong>Vert\u0117jas:<\/strong>\u00a0Migl\u0117 \u0160altyt\u0117<\/li>\n<\/ul>\n","protected":false},"excerpt":{"rendered":"<p>Dabar suprantu, kad sunkiausi sprendimai kartais atne\u0161a geriausi\u0173 poky\u010di\u0173. Lil\u0117 ir buv\u0119s jos vyras Railis pagaliau susitar\u0117 d\u0117l dukrel\u0117s Emerson prie\u017ei\u016bros. Nors i\u0161siskyr\u0119, jie vis dar susitinka beveik kasdien, ir Lil\u0119 kaskart apima baim\u0117: nejaugi ji taip niekad ir nepatirs, kas yra tikroji laisv\u0117 ir laim\u0117? Ta\u010diau vien\u0105 ryt\u0105 gatv\u0117je ji netik\u0117tai sutinka savo pirm\u0105j\u0105 meil\u0119 \u2013 Etlas\u0105. Jiedu nesimat\u0117 beveik dvejus metus, bet jausmai, regis, tik ir laukia progos \u012fsiplieksti i\u0161 naujo, \u0161\u012fsyk \u2013 dar kar\u0161tesne liepsna. Truput\u012f padvejojusi Lil\u0117 nusprend\u017eia suteikti Etlasui antr\u0105 prog\u0105. Tik naujai atrast\u0105 d\u017eiuges\u012f netrunka apkartinti smurto nesibaidantis Railis: nors su Lile jie nebegyvena drauge, giliai \u0161irdyje jis vis dar viliasi j\u0105 susigr\u0105\u017einti, ir kam jau kam, bet Etlasui Koriganui jis neleis stoti skersai kelio. Nekantriai lauktame romano \u201eMes dedame ta\u0161k\u0105\u201c t\u0119sinyje pasakojama pakaitomis i\u0161 Lil\u0117s ir Etlaso perspektyv\u0173: \u010dia liejasi nuo pat veik\u0117j\u0173 paauglyst\u0117s trunkanti meil\u0117s, smurto \u0161eimoje ir antr\u0173 galimybi\u0173 istorija. \u201eMes pradedame i\u0161 naujo\u201c \u2013 tai emocij\u0173 kupina kelion\u0117, suteikianti ne tik nebl\u0117stan\u010dios vilties, bet ir dr\u0105sos visad siekti laim\u0117s, nes kiekviena pabaiga turi ir prad\u017ei\u0105. \u201eNew York Times\u201c bestseleri\u0173 autor\u0117 Colleen Hoover (Kolyn H\u016bver, gim. 1979) i\u0161 prad\u017ei\u0173 dirbo socialine darbuotoja, v\u0117liau pasuko ra\u0161ytojos keliu ir sulauk\u0117 didel\u0117s s\u0117km\u0117s visame pasaulyje. Jos k\u016brybos s\u0105ra\u0161e \u2013 daugiau nei dvide\u0161imt skaitytoj\u0173 pam\u0117gt\u0173 roman\u0173, tarp kuri\u0173 jau ir daugeliui lietuvi\u0173 pa\u017e\u012fstami \u201eMes dedame ta\u0161k\u0105\u201c, \u201eK\u0105 praleidau, kol miegojai\u201c, \u201eVerit\u0117\u201c. \u201eMes pradedame i\u0161 naujo\u201c \u2013 Lil\u0117s, Etlaso ir Railio istorijos, prasid\u0117jusios romane \u201eMes dedame ta\u0161k\u0105\u201c, t\u0119sinys. \u201eJautriai atskleid\u017eia antr\u0173j\u0173 \u0161ans\u0173 g\u0117l\u0105 ir d\u017eiuges\u012f.\u201c \u2013 Kirkus Reviews \u201eIr darsyk Hoover sudau\u017eo skaitytoj\u0173 \u0161irdis.\u201c \u2013 Publishers Weekly Originalus pavadinimas:\u00a0It Starts with Us Autorius:\u00a0Colleen Hoover Leid\u0117jas:\u00a0Baltos lankos Metai:\u00a02023 Puslapiai:\u00a0336 ISBN:\u00a09786094797019 Versijos kodas:\u00a04 Formatas:\u00a014,5 x 21 x 2,5 cm, kieti vir\u0161eliai Kalba:\u00a0Lietuvi\u0173 Vert\u0117jas:\u00a0Migl\u0117 \u0160altyt\u0117<\/p>\n","protected":false},"featured_media":17649,"comment_status":"open","ping_status":"closed","template":"","meta":{"_acf_changed":false,"site-sidebar-layout":"default","site-content-layout":"","ast-site-content-layout":"default","site-content-style":"default","site-sidebar-style":"default","ast-global-header-display":"","ast-banner-title-visibility":"","ast-main-header-display":"","ast-hfb-above-header-display":"","ast-hfb-below-header-display":"","ast-hfb-mobile-header-display":"","site-post-title":"","ast-breadcrumbs-content":"","ast-featured-img":"","footer-sml-layout":"","ast-disable-related-posts":"","theme-transparent-header-meta":"default","adv-header-id-meta":"","stick-header-meta":"","header-above-stick-meta":"","header-main-stick-meta":"","header-below-stick-meta":"","astra-migrate-meta-layouts":"set","ast-page-background-enabled":"default","ast-page-background-meta":{"desktop":{"background-color":"","background-image":"","background-repeat":"repeat","background-position":"center center","background-size":"auto","background-attachment":"scroll","background-type":"","background-media":"","overlay-type":"","overlay-color":"","overlay-opacity":"","overlay-gradient":""},"tablet":{"background-color":"","background-image":"","background-repeat":"repeat","background-position":"center center","background-size":"auto","background-attachment":"scroll","background-type":"","background-media":"","overlay-type":"","overlay-color":"","overlay-opacity":"","overlay-gradient":""},"mobile":{"background-color":"","background-image":"","background-repeat":"repeat","background-position":"center center","background-size":"auto","background-attachment":"scroll","background-type":"","background-media":"","overlay-type":"","overlay-color":"","overlay-opacity":"","overlay-gradient":""}},"ast-content-background-meta":{"desktop":{"background-color":"var(--ast-global-color-4)","background-image":"","background-repeat":"repeat","background-position":"center center","background-size":"auto","background-attachment":"scroll","background-type":"","background-media":"","overlay-type":"","overlay-color":"","overlay-opacity":"","overlay-gradient":""},"tablet":{"background-color":"var(--ast-global-color-4)","background-image":"","background-repeat":"repeat","background-position":"center center","background-size":"auto","background-attachment":"scroll","background-type":"","background-media":"","overlay-type":"","overlay-color":"","overlay-opacity":"","overlay-gradient":""},"mobile":{"background-color":"var(--ast-global-color-4)","background-image":"","background-repeat":"repeat","background-position":"center center","background-size":"auto","background-attachment":"scroll","background-type":"","background-media":"","overlay-type":"","overlay-color":"","overlay-opacity":"","overlay-gradient":""}}},"product_brand":[],"product_cat":[31,15],"product_tag":[4813,2901,1748,4756],"class_list":{"0":"post-17652","1":"product","2":"type-product","3":"status-publish","4":"has-post-thumbnail","6":"product_cat-grozine-literatura","7":"product_cat-uncategorized","8":"product_tag-colleen-hoover","9":"product_tag-drama","10":"product_tag-meiles-istorija","11":"product_tag-siuolaikine-grozine-literatura","12":"desktop-align-left","13":"tablet-align-left","14":"mobile-align-left","16":"first","17":"outofstock","18":"shipping-taxable","19":"purchasable","20":"product-type-simple"},"acf":[],"yoast_head":"<!-- This site is optimized with the Yoast SEO plugin v27.0 - https:\/\/yoast.com\/product\/yoast-seo-wordpress\/ -->\n<title>Mes pradedame i\u0161 naujo<\/title>\n<meta name=\"description\" content=\"Dabar suprantu, kad sunkiausi sprendimai kartais atne\u0161a geriausi\u0173 poky\u010di\u0173. Lil\u0117 ir buv\u0119s jos vyras Railis pagaliau susitar\u0117 d\u0117l dukrel\u0117s Emerson\" \/>\n<meta name=\"robots\" content=\"index, follow, max-snippet:-1, max-image-preview:large, max-video-preview:-1\" \/>\n<link rel=\"canonical\" href=\"https:\/\/skaitytaknyga.lt\/en\/produktas\/mes-pradedame-is-naujo\/\" \/>\n<meta property=\"og:locale\" content=\"en_GB\" \/>\n<meta property=\"og:locale:alternate\" content=\"lt_LT\" \/>\n<meta property=\"og:type\" content=\"article\" \/>\n<meta property=\"og:title\" content=\"Mes pradedame i\u0161 naujo\" \/>\n<meta property=\"og:description\" content=\"Dabar suprantu, kad sunkiausi sprendimai kartais atne\u0161a geriausi\u0173 poky\u010di\u0173. Lil\u0117 ir buv\u0119s jos vyras Railis pagaliau susitar\u0117 d\u0117l dukrel\u0117s Emerson\" \/>\n<meta property=\"og:url\" content=\"https:\/\/skaitytaknyga.lt\/en\/produktas\/mes-pradedame-is-naujo\/\" \/>\n<meta property=\"og:site_name\" content=\"Skaitytaknyga\" \/>\n<meta property=\"article:publisher\" content=\"https:\/\/www.facebook.com\/skaitytaknyga\/\" \/>\n<meta property=\"article:modified_time\" content=\"2025-10-20T08:00:20+00:00\" \/>\n<meta property=\"og:image\" content=\"https:\/\/skaitytaknyga.lt\/wp-content\/uploads\/2025\/03\/Mes-pradedame-is-naujo.webp\" \/>\n\t<meta property=\"og:image:width\" content=\"451\" \/>\n\t<meta property=\"og:image:height\" content=\"652\" \/>\n\t<meta property=\"og:image:type\" content=\"image\/webp\" \/>\n<meta name=\"twitter:card\" content=\"summary_large_image\" \/>\n<meta name=\"twitter:label1\" content=\"Estimated reading time\" \/>\n\t<meta name=\"twitter:data1\" content=\"2 minutes\" \/>\n<script type=\"application\/ld+json\" class=\"yoast-schema-graph\">{\"@context\":\"https:\/\/schema.org\",\"@graph\":[{\"@type\":\"WebPage\",\"@id\":\"https:\/\/skaitytaknyga.lt\/produktas\/mes-pradedame-is-naujo\/\",\"url\":\"https:\/\/skaitytaknyga.lt\/produktas\/mes-pradedame-is-naujo\/\",\"name\":\"Mes pradedame i\u0161 naujo\",\"isPartOf\":{\"@id\":\"https:\/\/skaitytaknyga.lt\/#website\"},\"primaryImageOfPage\":{\"@id\":\"https:\/\/skaitytaknyga.lt\/produktas\/mes-pradedame-is-naujo\/#primaryimage\"},\"image\":{\"@id\":\"https:\/\/skaitytaknyga.lt\/produktas\/mes-pradedame-is-naujo\/#primaryimage\"},\"thumbnailUrl\":\"https:\/\/skaitytaknyga.lt\/wp-content\/uploads\/2025\/03\/Mes-pradedame-is-naujo.webp\",\"datePublished\":\"2025-03-29T16:05:37+00:00\",\"dateModified\":\"2025-10-20T08:00:20+00:00\",\"description\":\"Dabar suprantu, kad sunkiausi sprendimai kartais atne\u0161a geriausi\u0173 poky\u010di\u0173. Lil\u0117 ir buv\u0119s jos vyras Railis pagaliau susitar\u0117 d\u0117l dukrel\u0117s Emerson\",\"breadcrumb\":{\"@id\":\"https:\/\/skaitytaknyga.lt\/produktas\/mes-pradedame-is-naujo\/#breadcrumb\"},\"inLanguage\":\"en-GB\",\"potentialAction\":[{\"@type\":\"ReadAction\",\"target\":[\"https:\/\/skaitytaknyga.lt\/produktas\/mes-pradedame-is-naujo\/\"]}]},{\"@type\":\"ImageObject\",\"inLanguage\":\"en-GB\",\"@id\":\"https:\/\/skaitytaknyga.lt\/produktas\/mes-pradedame-is-naujo\/#primaryimage\",\"url\":\"https:\/\/skaitytaknyga.lt\/wp-content\/uploads\/2025\/03\/Mes-pradedame-is-naujo.webp\",\"contentUrl\":\"https:\/\/skaitytaknyga.lt\/wp-content\/uploads\/2025\/03\/Mes-pradedame-is-naujo.webp\",\"width\":451,\"height\":652},{\"@type\":\"BreadcrumbList\",\"@id\":\"https:\/\/skaitytaknyga.lt\/produktas\/mes-pradedame-is-naujo\/#breadcrumb\",\"itemListElement\":[{\"@type\":\"ListItem\",\"position\":1,\"name\":\"Home\",\"item\":\"https:\/\/skaitytaknyga.lt\/\"},{\"@type\":\"ListItem\",\"position\":2,\"name\":\"Parduotuv\u0117\",\"item\":\"https:\/\/skaitytaknyga.lt\/knygu-parduotuve\/\"},{\"@type\":\"ListItem\",\"position\":3,\"name\":\"Mes pradedame i\u0161 naujo\"}]},{\"@type\":\"WebSite\",\"@id\":\"https:\/\/skaitytaknyga.lt\/#website\",\"url\":\"https:\/\/skaitytaknyga.lt\/\",\"name\":\"skaitytaknyga.lt\",\"description\":\"Skaitytaknyga.lt \u2013 tai ma\u017eas \u0161eimos verslas, kuris prasid\u0117jo nuo meil\u0117s knygoms ir siekio i\u0161gelb\u0117ti knygas nuo likimo prie konteinerio. Kas vienam nereikalingas daiktas \u2013 kitam lobis, o mes esame tarpininkai, kurie padeda abiems tapti laimingesniems ???? \u017dinome kaip nelengva i\u0161gyventi ma\u017eiems verslams, tad nuo \u0161iol, \u010dia rasite ir kit\u0173, ma\u017e\u0173 \u0161eim\u0173 versl\u0173, rank\u0173 darbo, dovan\u0173 sau ir artimiesiems.\",\"publisher\":{\"@id\":\"https:\/\/skaitytaknyga.lt\/#organization\"},\"potentialAction\":[{\"@type\":\"SearchAction\",\"target\":{\"@type\":\"EntryPoint\",\"urlTemplate\":\"https:\/\/skaitytaknyga.lt\/?s={search_term_string}\"},\"query-input\":{\"@type\":\"PropertyValueSpecification\",\"valueRequired\":true,\"valueName\":\"search_term_string\"}}],\"inLanguage\":\"en-GB\"},{\"@type\":\"Organization\",\"@id\":\"https:\/\/skaitytaknyga.lt\/#organization\",\"name\":\"skaitytaknyga.lt\",\"url\":\"https:\/\/skaitytaknyga.lt\/\",\"logo\":{\"@type\":\"ImageObject\",\"inLanguage\":\"en-GB\",\"@id\":\"https:\/\/skaitytaknyga.lt\/#\/schema\/logo\/image\/\",\"url\":\"https:\/\/skaitytaknyga.lt\/wp-content\/uploads\/2024\/05\/cropped-cropped-cropped-02_00843_jt3bggkj1j3HLc7SyY6rEUpg.jpeg\",\"contentUrl\":\"https:\/\/skaitytaknyga.lt\/wp-content\/uploads\/2024\/05\/cropped-cropped-cropped-02_00843_jt3bggkj1j3HLc7SyY6rEUpg.jpeg\",\"width\":1600,\"height\":1600,\"caption\":\"skaitytaknyga.lt\"},\"image\":{\"@id\":\"https:\/\/skaitytaknyga.lt\/#\/schema\/logo\/image\/\"},\"sameAs\":[\"https:\/\/www.facebook.com\/skaitytaknyga\/\"]}]}<\/script>\n<!-- \/ Yoast SEO plugin. -->","yoast_head_json":{"title":"Mes pradedame i\u0161 naujo","description":"Dabar suprantu, kad sunkiausi sprendimai kartais atne\u0161a geriausi\u0173 poky\u010di\u0173. Lil\u0117 ir buv\u0119s jos vyras Railis pagaliau susitar\u0117 d\u0117l dukrel\u0117s Emerson","robots":{"index":"index","follow":"follow","max-snippet":"max-snippet:-1","max-image-preview":"max-image-preview:large","max-video-preview":"max-video-preview:-1"},"canonical":"https:\/\/skaitytaknyga.lt\/en\/produktas\/mes-pradedame-is-naujo\/","og_locale":"en_GB","og_type":"article","og_title":"[:lt]Mes pradedame i\u0161 naujo[:] - Skaitytaknyga","og_description":"Dabar suprantu, kad sunkiausi sprendimai kartais atne\u0161a geriausi\u0173 poky\u010di\u0173. Lil\u0117 ir buv\u0119s jos vyras Railis pagaliau susitar\u0117 d\u0117l dukrel\u0117s Emerson","og_url":"https:\/\/skaitytaknyga.lt\/en\/produktas\/mes-pradedame-is-naujo\/","og_site_name":"Skaitytaknyga","article_publisher":"https:\/\/www.facebook.com\/skaitytaknyga\/","article_modified_time":"2025-10-20T08:00:20+00:00","og_image":[{"width":451,"height":652,"url":"https:\/\/skaitytaknyga.lt\/wp-content\/uploads\/2025\/03\/Mes-pradedame-is-naujo.webp","type":"image\/webp"}],"twitter_card":"summary_large_image","twitter_misc":{"Estimated reading time":"2 minutes"},"schema":{"@context":"https:\/\/schema.org","@graph":[{"@type":"WebPage","@id":"https:\/\/skaitytaknyga.lt\/produktas\/mes-pradedame-is-naujo\/","url":"https:\/\/skaitytaknyga.lt\/produktas\/mes-pradedame-is-naujo\/","name":"Mes pradedame i\u0161 naujo","isPartOf":{"@id":"https:\/\/skaitytaknyga.lt\/#website"},"primaryImageOfPage":{"@id":"https:\/\/skaitytaknyga.lt\/produktas\/mes-pradedame-is-naujo\/#primaryimage"},"image":{"@id":"https:\/\/skaitytaknyga.lt\/produktas\/mes-pradedame-is-naujo\/#primaryimage"},"thumbnailUrl":"https:\/\/skaitytaknyga.lt\/wp-content\/uploads\/2025\/03\/Mes-pradedame-is-naujo.webp","datePublished":"2025-03-29T16:05:37+00:00","dateModified":"2025-10-20T08:00:20+00:00","description":"Dabar suprantu, kad sunkiausi sprendimai kartais atne\u0161a geriausi\u0173 poky\u010di\u0173. Lil\u0117 ir buv\u0119s jos vyras Railis pagaliau susitar\u0117 d\u0117l dukrel\u0117s Emerson","breadcrumb":{"@id":"https:\/\/skaitytaknyga.lt\/produktas\/mes-pradedame-is-naujo\/#breadcrumb"},"inLanguage":"en-GB","potentialAction":[{"@type":"ReadAction","target":["https:\/\/skaitytaknyga.lt\/produktas\/mes-pradedame-is-naujo\/"]}]},{"@type":"ImageObject","inLanguage":"en-GB","@id":"https:\/\/skaitytaknyga.lt\/produktas\/mes-pradedame-is-naujo\/#primaryimage","url":"https:\/\/skaitytaknyga.lt\/wp-content\/uploads\/2025\/03\/Mes-pradedame-is-naujo.webp","contentUrl":"https:\/\/skaitytaknyga.lt\/wp-content\/uploads\/2025\/03\/Mes-pradedame-is-naujo.webp","width":451,"height":652},{"@type":"BreadcrumbList","@id":"https:\/\/skaitytaknyga.lt\/produktas\/mes-pradedame-is-naujo\/#breadcrumb","itemListElement":[{"@type":"ListItem","position":1,"name":"Home","item":"https:\/\/skaitytaknyga.lt\/"},{"@type":"ListItem","position":2,"name":"Parduotuv\u0117","item":"https:\/\/skaitytaknyga.lt\/knygu-parduotuve\/"},{"@type":"ListItem","position":3,"name":"Mes pradedame i\u0161 naujo"}]},{"@type":"WebSite","@id":"https:\/\/skaitytaknyga.lt\/#website","url":"https:\/\/skaitytaknyga.lt\/","name":"skaitytaknyga.lt","description":"Skaitytaknyga.lt \u2013 tai ma\u017eas \u0161eimos verslas, kuris prasid\u0117jo nuo meil\u0117s knygoms ir siekio i\u0161gelb\u0117ti knygas nuo likimo prie konteinerio. Kas vienam nereikalingas daiktas \u2013 kitam lobis, o mes esame tarpininkai, kurie padeda abiems tapti laimingesniems ???? \u017dinome kaip nelengva i\u0161gyventi ma\u017eiems verslams, tad nuo \u0161iol, \u010dia rasite ir kit\u0173, ma\u017e\u0173 \u0161eim\u0173 versl\u0173, rank\u0173 darbo, dovan\u0173 sau ir artimiesiems.","publisher":{"@id":"https:\/\/skaitytaknyga.lt\/#organization"},"potentialAction":[{"@type":"SearchAction","target":{"@type":"EntryPoint","urlTemplate":"https:\/\/skaitytaknyga.lt\/?s={search_term_string}"},"query-input":{"@type":"PropertyValueSpecification","valueRequired":true,"valueName":"search_term_string"}}],"inLanguage":"en-GB"},{"@type":"Organization","@id":"https:\/\/skaitytaknyga.lt\/#organization","name":"skaitytaknyga.lt","url":"https:\/\/skaitytaknyga.lt\/","logo":{"@type":"ImageObject","inLanguage":"en-GB","@id":"https:\/\/skaitytaknyga.lt\/#\/schema\/logo\/image\/","url":"https:\/\/skaitytaknyga.lt\/wp-content\/uploads\/2024\/05\/cropped-cropped-cropped-02_00843_jt3bggkj1j3HLc7SyY6rEUpg.jpeg","contentUrl":"https:\/\/skaitytaknyga.lt\/wp-content\/uploads\/2024\/05\/cropped-cropped-cropped-02_00843_jt3bggkj1j3HLc7SyY6rEUpg.jpeg","width":1600,"height":1600,"caption":"skaitytaknyga.lt"},"image":{"@id":"https:\/\/skaitytaknyga.lt\/#\/schema\/logo\/image\/"},"sameAs":["https:\/\/www.facebook.com\/skaitytaknyga\/"]}]}},"_links":{"self":[{"href":"https:\/\/skaitytaknyga.lt\/en\/wp-json\/wp\/v2\/product\/17652","targetHints":{"allow":["GET"]}}],"collection":[{"href":"https:\/\/skaitytaknyga.lt\/en\/wp-json\/wp\/v2\/product"}],"about":[{"href":"https:\/\/skaitytaknyga.lt\/en\/wp-json\/wp\/v2\/types\/product"}],"replies":[{"embeddable":true,"href":"https:\/\/skaitytaknyga.lt\/en\/wp-json\/wp\/v2\/comments?post=17652"}],"wp:featuredmedia":[{"embeddable":true,"href":"https:\/\/skaitytaknyga.lt\/en\/wp-json\/wp\/v2\/media\/17649"}],"wp:attachment":[{"href":"https:\/\/skaitytaknyga.lt\/en\/wp-json\/wp\/v2\/media?parent=17652"}],"wp:term":[{"taxonomy":"product_brand","embeddable":true,"href":"https:\/\/skaitytaknyga.lt\/en\/wp-json\/wp\/v2\/product_brand?post=17652"},{"taxonomy":"product_cat","embeddable":true,"href":"https:\/\/skaitytaknyga.lt\/en\/wp-json\/wp\/v2\/product_cat?post=17652"},{"taxonomy":"product_tag","embeddable":true,"href":"https:\/\/skaitytaknyga.lt\/en\/wp-json\/wp\/v2\/product_tag?post=17652"}],"curies":[{"name":"wp","href":"https:\/\/api.w.org\/{rel}","templated":true}]}}