{"id":17648,"date":"2025-03-29T18:02:50","date_gmt":"2025-03-29T16:02:50","guid":{"rendered":"https:\/\/skaitytaknyga.lt\/?post_type=product&#038;p=17648"},"modified":"2025-07-27T11:02:59","modified_gmt":"2025-07-27T08:02:59","slug":"ka-praleidau-kol-miegojai","status":"publish","type":"product","link":"https:\/\/skaitytaknyga.lt\/en\/produktas\/ka-praleidau-kol-miegojai\/","title":{"rendered":"K\u0105 praleidau, kol miegojai"},"content":{"rendered":"<p>\u2013 Kokia j\u016bs\u0173 tobulos santuokos paslaptis?<br \/>\nSenolis pasilenk\u0117 ir labai rimtai \u012f mane pa\u017evelg\u0117.<br \/>\n\u2013 M\u016bs\u0173 santuoka nebuvo tobula. Jokia santuoka n\u0117ra tobula. Buvo laikai, kai ji beveik nuleido rankas. Ir dar daugiau kart\u0173 a\u0161 buvau netek\u0119s vilties. M\u016bs\u0173 santuokos ilgaam\u017ei\u0161kumo paslaptis yra niekada nepasiduoti abiem vienu metu.<\/p>\n<p>Kvin susipa\u017e\u012fsta su Grehemu nelaimingiausi\u0105 savo gyvenimo dien\u0105. B\u016btent tada, kai atrodo, kad visas pasaulis tuojau subyr\u0117s \u012f \u0161ipulius, \u012fsi\u017eiebia viltis patirti tikr\u0105 meil\u0119.<\/p>\n<p>Ta\u010diau prab\u0117gus keletui nuostabi\u0173 santuokos met\u0173 Kvin ir Grehemo laim\u0117 ima ai\u017e\u0117ti. U\u017egniau\u017etos nuoskaudos, nei\u0161sakytos mintys ir tyla kasdien juos gramzdina vis gilyn, kol galiausiai ima atrodyti, kad i\u0161eities tiesiog neb\u0117ra. Kvin ir Grehemas \u017eino, kad tolesn\u012f j\u0173 gyvenim\u0105 gali nulemti vos vienas sprendimas, kuris arba taps i\u0161sigelb\u0117jimu, arba visk\u0105 u\u017ebaigs.<\/p>\n<p>\u201eNew York Times\u201c bestseleri\u0173 autor\u0117 Colleen Hoover (Kolyn H\u016bver, g. 1979) karjer\u0105 prad\u0117jo kaip socialin\u0117 darbuotoja, o v\u0117liau pasuko ra\u0161ytojos keliu ir sulauk\u0117 didel\u0117s s\u0117km\u0117s visame pasaulyje. \u201eK\u0105 praleidau, kol miegojai\u201c \u2013 jau antroji lietuvi\u0161kai i\u0161leista \u201eMes dedame ta\u0161k\u0105\u201c autor\u0117s knyga.<\/p>\n<p>\u201eJautrus santuokos, jos pakilim\u0173 ir nei\u0161vengiam\u0173 nuopuoli\u0173, paveikslas.\u201c \u2013 Kirkus Reviews<\/p>\n<p>\u201eTaip tikra. Net gelia.\u201c \u2013 USA Today<\/p>\n<p>\u201eColleen Hoover gr\u012f\u017eta su dar vienu nepaprastai atviru ir jautriu k\u016briniu, ne vien\u0105 priversian\u010diu pravirkti.\u201c \u2013 US Weekly<\/p>\n<ul class=\"about-product d-none d-xl-block mt-4\">\n<li><strong>Originalus pavadinimas:<\/strong>\u00a0All Your Perfects<\/li>\n<li><strong>Autorius:<\/strong>\u00a0Colleen Hoover<\/li>\n<li><strong>Leid\u0117jas:<\/strong>\u00a0Baltos lankos<\/li>\n<li><strong>Metai:<\/strong>\u00a02019<\/li>\n<li><strong>Puslapiai:<\/strong>\u00a0304<\/li>\n<li class=\"toggleable type-new-formats \"><strong>ISBN:<\/strong>\u00a09786094792830<\/li>\n<li><strong>Versijos kodas:<\/strong>\u00a03<\/li>\n<li class=\"toggleable type-new-formats \"><strong>Formatas:<\/strong>\u00a014,5 x 21 x 2,2 cm, kieti vir\u0161eliai<\/li>\n<li><strong>Kalba:<\/strong>\u00a0Lietuvi\u0173<\/li>\n<li><strong>Vert\u0117jas:<\/strong>\u00a0Mykol\u0117 Luko\u0161ien\u0117<\/li>\n<\/ul>\n","protected":false},"excerpt":{"rendered":"<p>\u2013 Kokia j\u016bs\u0173 tobulos santuokos paslaptis? Senolis pasilenk\u0117 ir labai rimtai \u012f mane pa\u017evelg\u0117. \u2013 M\u016bs\u0173 santuoka nebuvo tobula. Jokia santuoka n\u0117ra tobula. Buvo laikai, kai ji beveik nuleido rankas. Ir dar daugiau kart\u0173 a\u0161 buvau netek\u0119s vilties. M\u016bs\u0173 santuokos ilgaam\u017ei\u0161kumo paslaptis yra niekada nepasiduoti abiem vienu metu. Kvin susipa\u017e\u012fsta su Grehemu nelaimingiausi\u0105 savo gyvenimo dien\u0105. B\u016btent tada, kai atrodo, kad visas pasaulis tuojau subyr\u0117s \u012f \u0161ipulius, \u012fsi\u017eiebia viltis patirti tikr\u0105 meil\u0119. Ta\u010diau prab\u0117gus keletui nuostabi\u0173 santuokos met\u0173 Kvin ir Grehemo laim\u0117 ima ai\u017e\u0117ti. U\u017egniau\u017etos nuoskaudos, nei\u0161sakytos mintys ir tyla kasdien juos gramzdina vis gilyn, kol galiausiai ima atrodyti, kad i\u0161eities tiesiog neb\u0117ra. Kvin ir Grehemas \u017eino, kad tolesn\u012f j\u0173 gyvenim\u0105 gali nulemti vos vienas sprendimas, kuris arba taps i\u0161sigelb\u0117jimu, arba visk\u0105 u\u017ebaigs. \u201eNew York Times\u201c bestseleri\u0173 autor\u0117 Colleen Hoover (Kolyn H\u016bver, g. 1979) karjer\u0105 prad\u0117jo kaip socialin\u0117 darbuotoja, o v\u0117liau pasuko ra\u0161ytojos keliu ir sulauk\u0117 didel\u0117s s\u0117km\u0117s visame pasaulyje. \u201eK\u0105 praleidau, kol miegojai\u201c \u2013 jau antroji lietuvi\u0161kai i\u0161leista \u201eMes dedame ta\u0161k\u0105\u201c autor\u0117s knyga. \u201eJautrus santuokos, jos pakilim\u0173 ir nei\u0161vengiam\u0173 nuopuoli\u0173, paveikslas.\u201c \u2013 Kirkus Reviews \u201eTaip tikra. Net gelia.\u201c \u2013 USA Today \u201eColleen Hoover gr\u012f\u017eta su dar vienu nepaprastai atviru ir jautriu k\u016briniu, ne vien\u0105 priversian\u010diu pravirkti.\u201c \u2013 US Weekly Originalus pavadinimas:\u00a0All Your Perfects Autorius:\u00a0Colleen Hoover Leid\u0117jas:\u00a0Baltos lankos Metai:\u00a02019 Puslapiai:\u00a0304 ISBN:\u00a09786094792830 Versijos kodas:\u00a03 Formatas:\u00a014,5 x 21 x 2,2 cm, kieti vir\u0161eliai Kalba:\u00a0Lietuvi\u0173 Vert\u0117jas:\u00a0Mykol\u0117 Luko\u0161ien\u0117<\/p>\n","protected":false},"featured_media":17650,"comment_status":"open","ping_status":"closed","template":"","meta":{"_acf_changed":false,"site-sidebar-layout":"default","site-content-layout":"","ast-site-content-layout":"default","site-content-style":"default","site-sidebar-style":"default","ast-global-header-display":"","ast-banner-title-visibility":"","ast-main-header-display":"","ast-hfb-above-header-display":"","ast-hfb-below-header-display":"","ast-hfb-mobile-header-display":"","site-post-title":"","ast-breadcrumbs-content":"","ast-featured-img":"","footer-sml-layout":"","ast-disable-related-posts":"","theme-transparent-header-meta":"default","adv-header-id-meta":"","stick-header-meta":"","header-above-stick-meta":"","header-main-stick-meta":"","header-below-stick-meta":"","astra-migrate-meta-layouts":"set","ast-page-background-enabled":"default","ast-page-background-meta":{"desktop":{"background-color":"","background-image":"","background-repeat":"repeat","background-position":"center center","background-size":"auto","background-attachment":"scroll","background-type":"","background-media":"","overlay-type":"","overlay-color":"","overlay-opacity":"","overlay-gradient":""},"tablet":{"background-color":"","background-image":"","background-repeat":"repeat","background-position":"center center","background-size":"auto","background-attachment":"scroll","background-type":"","background-media":"","overlay-type":"","overlay-color":"","overlay-opacity":"","overlay-gradient":""},"mobile":{"background-color":"","background-image":"","background-repeat":"repeat","background-position":"center center","background-size":"auto","background-attachment":"scroll","background-type":"","background-media":"","overlay-type":"","overlay-color":"","overlay-opacity":"","overlay-gradient":""}},"ast-content-background-meta":{"desktop":{"background-color":"var(--ast-global-color-4)","background-image":"","background-repeat":"repeat","background-position":"center center","background-size":"auto","background-attachment":"scroll","background-type":"","background-media":"","overlay-type":"","overlay-color":"","overlay-opacity":"","overlay-gradient":""},"tablet":{"background-color":"var(--ast-global-color-4)","background-image":"","background-repeat":"repeat","background-position":"center center","background-size":"auto","background-attachment":"scroll","background-type":"","background-media":"","overlay-type":"","overlay-color":"","overlay-opacity":"","overlay-gradient":""},"mobile":{"background-color":"var(--ast-global-color-4)","background-image":"","background-repeat":"repeat","background-position":"center center","background-size":"auto","background-attachment":"scroll","background-type":"","background-media":"","overlay-type":"","overlay-color":"","overlay-opacity":"","overlay-gradient":""}}},"product_brand":[],"product_cat":[31,15],"product_tag":[4813,2901,1748,4756],"class_list":{"0":"post-17648","1":"product","2":"type-product","3":"status-publish","4":"has-post-thumbnail","6":"product_cat-grozine-literatura","7":"product_cat-uncategorized","8":"product_tag-colleen-hoover","9":"product_tag-drama","10":"product_tag-meiles-istorija","11":"product_tag-siuolaikine-grozine-literatura","12":"desktop-align-left","13":"tablet-align-left","14":"mobile-align-left","16":"first","17":"outofstock","18":"shipping-taxable","19":"purchasable","20":"product-type-simple"},"acf":[],"yoast_head":"<!-- This site is optimized with the Yoast SEO plugin v27.0 - https:\/\/yoast.com\/product\/yoast-seo-wordpress\/ -->\n<title>K\u0105 praleidau, kol miegojai<\/title>\n<meta name=\"description\" content=\"\u2013 Kokia j\u016bs\u0173 tobulos santuokos paslaptis? Senolis pasilenk\u0117 ir labai rimtai \u012f mane pa\u017evelg\u0117. \u2013 M\u016bs\u0173 santuoka nebuvo tobula. Jokia santuoka n\u0117ra tobula.\" \/>\n<meta name=\"robots\" content=\"index, follow, max-snippet:-1, max-image-preview:large, max-video-preview:-1\" \/>\n<link rel=\"canonical\" href=\"https:\/\/skaitytaknyga.lt\/en\/produktas\/ka-praleidau-kol-miegojai\/\" \/>\n<meta property=\"og:locale\" content=\"en_GB\" \/>\n<meta property=\"og:locale:alternate\" content=\"lt_LT\" \/>\n<meta property=\"og:type\" content=\"article\" \/>\n<meta property=\"og:title\" content=\"K\u0105 praleidau, kol miegojai\" \/>\n<meta property=\"og:description\" content=\"\u2013 Kokia j\u016bs\u0173 tobulos santuokos paslaptis? Senolis pasilenk\u0117 ir labai rimtai \u012f mane pa\u017evelg\u0117. \u2013 M\u016bs\u0173 santuoka nebuvo tobula. Jokia santuoka n\u0117ra tobula.\" \/>\n<meta property=\"og:url\" content=\"https:\/\/skaitytaknyga.lt\/en\/produktas\/ka-praleidau-kol-miegojai\/\" \/>\n<meta property=\"og:site_name\" content=\"Skaitytaknyga\" \/>\n<meta property=\"article:publisher\" content=\"https:\/\/www.facebook.com\/skaitytaknyga\/\" \/>\n<meta property=\"article:modified_time\" content=\"2025-07-27T08:02:59+00:00\" \/>\n<meta property=\"og:image\" content=\"https:\/\/skaitytaknyga.lt\/wp-content\/uploads\/2025\/03\/Ka-praleidau-kol-miegojai.webp\" \/>\n\t<meta property=\"og:image:width\" content=\"446\" \/>\n\t<meta property=\"og:image:height\" content=\"652\" \/>\n\t<meta property=\"og:image:type\" content=\"image\/webp\" \/>\n<meta name=\"twitter:card\" content=\"summary_large_image\" \/>\n<meta name=\"twitter:label1\" content=\"Estimated reading time\" \/>\n\t<meta name=\"twitter:data1\" content=\"2 minutes\" \/>\n<script type=\"application\/ld+json\" class=\"yoast-schema-graph\">{\"@context\":\"https:\/\/schema.org\",\"@graph\":[{\"@type\":\"WebPage\",\"@id\":\"https:\/\/skaitytaknyga.lt\/produktas\/ka-praleidau-kol-miegojai\/\",\"url\":\"https:\/\/skaitytaknyga.lt\/produktas\/ka-praleidau-kol-miegojai\/\",\"name\":\"K\u0105 praleidau, kol miegojai\",\"isPartOf\":{\"@id\":\"https:\/\/skaitytaknyga.lt\/#website\"},\"primaryImageOfPage\":{\"@id\":\"https:\/\/skaitytaknyga.lt\/produktas\/ka-praleidau-kol-miegojai\/#primaryimage\"},\"image\":{\"@id\":\"https:\/\/skaitytaknyga.lt\/produktas\/ka-praleidau-kol-miegojai\/#primaryimage\"},\"thumbnailUrl\":\"https:\/\/skaitytaknyga.lt\/wp-content\/uploads\/2025\/03\/Ka-praleidau-kol-miegojai.webp\",\"datePublished\":\"2025-03-29T16:02:50+00:00\",\"dateModified\":\"2025-07-27T08:02:59+00:00\",\"description\":\"\u2013 Kokia j\u016bs\u0173 tobulos santuokos paslaptis? Senolis pasilenk\u0117 ir labai rimtai \u012f mane pa\u017evelg\u0117. \u2013 M\u016bs\u0173 santuoka nebuvo tobula. Jokia santuoka n\u0117ra tobula.\",\"breadcrumb\":{\"@id\":\"https:\/\/skaitytaknyga.lt\/produktas\/ka-praleidau-kol-miegojai\/#breadcrumb\"},\"inLanguage\":\"en-GB\",\"potentialAction\":[{\"@type\":\"ReadAction\",\"target\":[\"https:\/\/skaitytaknyga.lt\/produktas\/ka-praleidau-kol-miegojai\/\"]}]},{\"@type\":\"ImageObject\",\"inLanguage\":\"en-GB\",\"@id\":\"https:\/\/skaitytaknyga.lt\/produktas\/ka-praleidau-kol-miegojai\/#primaryimage\",\"url\":\"https:\/\/skaitytaknyga.lt\/wp-content\/uploads\/2025\/03\/Ka-praleidau-kol-miegojai.webp\",\"contentUrl\":\"https:\/\/skaitytaknyga.lt\/wp-content\/uploads\/2025\/03\/Ka-praleidau-kol-miegojai.webp\",\"width\":446,\"height\":652,\"caption\":\"K\u0105 praleidau, kol miegojai\"},{\"@type\":\"BreadcrumbList\",\"@id\":\"https:\/\/skaitytaknyga.lt\/produktas\/ka-praleidau-kol-miegojai\/#breadcrumb\",\"itemListElement\":[{\"@type\":\"ListItem\",\"position\":1,\"name\":\"Home\",\"item\":\"https:\/\/skaitytaknyga.lt\/\"},{\"@type\":\"ListItem\",\"position\":2,\"name\":\"Parduotuv\u0117\",\"item\":\"https:\/\/skaitytaknyga.lt\/knygu-parduotuve\/\"},{\"@type\":\"ListItem\",\"position\":3,\"name\":\"K\u0105 praleidau, kol miegojai\"}]},{\"@type\":\"WebSite\",\"@id\":\"https:\/\/skaitytaknyga.lt\/#website\",\"url\":\"https:\/\/skaitytaknyga.lt\/\",\"name\":\"skaitytaknyga.lt\",\"description\":\"Skaitytaknyga.lt \u2013 tai ma\u017eas \u0161eimos verslas, kuris prasid\u0117jo nuo meil\u0117s knygoms ir siekio i\u0161gelb\u0117ti knygas nuo likimo prie konteinerio. Kas vienam nereikalingas daiktas \u2013 kitam lobis, o mes esame tarpininkai, kurie padeda abiems tapti laimingesniems ???? \u017dinome kaip nelengva i\u0161gyventi ma\u017eiems verslams, tad nuo \u0161iol, \u010dia rasite ir kit\u0173, ma\u017e\u0173 \u0161eim\u0173 versl\u0173, rank\u0173 darbo, dovan\u0173 sau ir artimiesiems.\",\"publisher\":{\"@id\":\"https:\/\/skaitytaknyga.lt\/#organization\"},\"potentialAction\":[{\"@type\":\"SearchAction\",\"target\":{\"@type\":\"EntryPoint\",\"urlTemplate\":\"https:\/\/skaitytaknyga.lt\/?s={search_term_string}\"},\"query-input\":{\"@type\":\"PropertyValueSpecification\",\"valueRequired\":true,\"valueName\":\"search_term_string\"}}],\"inLanguage\":\"en-GB\"},{\"@type\":\"Organization\",\"@id\":\"https:\/\/skaitytaknyga.lt\/#organization\",\"name\":\"skaitytaknyga.lt\",\"url\":\"https:\/\/skaitytaknyga.lt\/\",\"logo\":{\"@type\":\"ImageObject\",\"inLanguage\":\"en-GB\",\"@id\":\"https:\/\/skaitytaknyga.lt\/#\/schema\/logo\/image\/\",\"url\":\"https:\/\/skaitytaknyga.lt\/wp-content\/uploads\/2024\/05\/cropped-cropped-cropped-02_00843_jt3bggkj1j3HLc7SyY6rEUpg.jpeg\",\"contentUrl\":\"https:\/\/skaitytaknyga.lt\/wp-content\/uploads\/2024\/05\/cropped-cropped-cropped-02_00843_jt3bggkj1j3HLc7SyY6rEUpg.jpeg\",\"width\":1600,\"height\":1600,\"caption\":\"skaitytaknyga.lt\"},\"image\":{\"@id\":\"https:\/\/skaitytaknyga.lt\/#\/schema\/logo\/image\/\"},\"sameAs\":[\"https:\/\/www.facebook.com\/skaitytaknyga\/\"]}]}<\/script>\n<!-- \/ Yoast SEO plugin. -->","yoast_head_json":{"title":"K\u0105 praleidau, kol miegojai","description":"\u2013 Kokia j\u016bs\u0173 tobulos santuokos paslaptis? Senolis pasilenk\u0117 ir labai rimtai \u012f mane pa\u017evelg\u0117. \u2013 M\u016bs\u0173 santuoka nebuvo tobula. Jokia santuoka n\u0117ra tobula.","robots":{"index":"index","follow":"follow","max-snippet":"max-snippet:-1","max-image-preview":"max-image-preview:large","max-video-preview":"max-video-preview:-1"},"canonical":"https:\/\/skaitytaknyga.lt\/en\/produktas\/ka-praleidau-kol-miegojai\/","og_locale":"en_GB","og_type":"article","og_title":"[:lt]K\u0105 praleidau, kol miegojai[:] - Skaitytaknyga","og_description":"\u2013 Kokia j\u016bs\u0173 tobulos santuokos paslaptis? Senolis pasilenk\u0117 ir labai rimtai \u012f mane pa\u017evelg\u0117. \u2013 M\u016bs\u0173 santuoka nebuvo tobula. Jokia santuoka n\u0117ra tobula.","og_url":"https:\/\/skaitytaknyga.lt\/en\/produktas\/ka-praleidau-kol-miegojai\/","og_site_name":"Skaitytaknyga","article_publisher":"https:\/\/www.facebook.com\/skaitytaknyga\/","article_modified_time":"2025-07-27T08:02:59+00:00","og_image":[{"width":446,"height":652,"url":"https:\/\/skaitytaknyga.lt\/wp-content\/uploads\/2025\/03\/Ka-praleidau-kol-miegojai.webp","type":"image\/webp"}],"twitter_card":"summary_large_image","twitter_misc":{"Estimated reading time":"2 minutes"},"schema":{"@context":"https:\/\/schema.org","@graph":[{"@type":"WebPage","@id":"https:\/\/skaitytaknyga.lt\/produktas\/ka-praleidau-kol-miegojai\/","url":"https:\/\/skaitytaknyga.lt\/produktas\/ka-praleidau-kol-miegojai\/","name":"K\u0105 praleidau, kol miegojai","isPartOf":{"@id":"https:\/\/skaitytaknyga.lt\/#website"},"primaryImageOfPage":{"@id":"https:\/\/skaitytaknyga.lt\/produktas\/ka-praleidau-kol-miegojai\/#primaryimage"},"image":{"@id":"https:\/\/skaitytaknyga.lt\/produktas\/ka-praleidau-kol-miegojai\/#primaryimage"},"thumbnailUrl":"https:\/\/skaitytaknyga.lt\/wp-content\/uploads\/2025\/03\/Ka-praleidau-kol-miegojai.webp","datePublished":"2025-03-29T16:02:50+00:00","dateModified":"2025-07-27T08:02:59+00:00","description":"\u2013 Kokia j\u016bs\u0173 tobulos santuokos paslaptis? Senolis pasilenk\u0117 ir labai rimtai \u012f mane pa\u017evelg\u0117. \u2013 M\u016bs\u0173 santuoka nebuvo tobula. Jokia santuoka n\u0117ra tobula.","breadcrumb":{"@id":"https:\/\/skaitytaknyga.lt\/produktas\/ka-praleidau-kol-miegojai\/#breadcrumb"},"inLanguage":"en-GB","potentialAction":[{"@type":"ReadAction","target":["https:\/\/skaitytaknyga.lt\/produktas\/ka-praleidau-kol-miegojai\/"]}]},{"@type":"ImageObject","inLanguage":"en-GB","@id":"https:\/\/skaitytaknyga.lt\/produktas\/ka-praleidau-kol-miegojai\/#primaryimage","url":"https:\/\/skaitytaknyga.lt\/wp-content\/uploads\/2025\/03\/Ka-praleidau-kol-miegojai.webp","contentUrl":"https:\/\/skaitytaknyga.lt\/wp-content\/uploads\/2025\/03\/Ka-praleidau-kol-miegojai.webp","width":446,"height":652,"caption":"K\u0105 praleidau, kol miegojai"},{"@type":"BreadcrumbList","@id":"https:\/\/skaitytaknyga.lt\/produktas\/ka-praleidau-kol-miegojai\/#breadcrumb","itemListElement":[{"@type":"ListItem","position":1,"name":"Home","item":"https:\/\/skaitytaknyga.lt\/"},{"@type":"ListItem","position":2,"name":"Parduotuv\u0117","item":"https:\/\/skaitytaknyga.lt\/knygu-parduotuve\/"},{"@type":"ListItem","position":3,"name":"K\u0105 praleidau, kol miegojai"}]},{"@type":"WebSite","@id":"https:\/\/skaitytaknyga.lt\/#website","url":"https:\/\/skaitytaknyga.lt\/","name":"skaitytaknyga.lt","description":"Skaitytaknyga.lt \u2013 tai ma\u017eas \u0161eimos verslas, kuris prasid\u0117jo nuo meil\u0117s knygoms ir siekio i\u0161gelb\u0117ti knygas nuo likimo prie konteinerio. Kas vienam nereikalingas daiktas \u2013 kitam lobis, o mes esame tarpininkai, kurie padeda abiems tapti laimingesniems ???? \u017dinome kaip nelengva i\u0161gyventi ma\u017eiems verslams, tad nuo \u0161iol, \u010dia rasite ir kit\u0173, ma\u017e\u0173 \u0161eim\u0173 versl\u0173, rank\u0173 darbo, dovan\u0173 sau ir artimiesiems.","publisher":{"@id":"https:\/\/skaitytaknyga.lt\/#organization"},"potentialAction":[{"@type":"SearchAction","target":{"@type":"EntryPoint","urlTemplate":"https:\/\/skaitytaknyga.lt\/?s={search_term_string}"},"query-input":{"@type":"PropertyValueSpecification","valueRequired":true,"valueName":"search_term_string"}}],"inLanguage":"en-GB"},{"@type":"Organization","@id":"https:\/\/skaitytaknyga.lt\/#organization","name":"skaitytaknyga.lt","url":"https:\/\/skaitytaknyga.lt\/","logo":{"@type":"ImageObject","inLanguage":"en-GB","@id":"https:\/\/skaitytaknyga.lt\/#\/schema\/logo\/image\/","url":"https:\/\/skaitytaknyga.lt\/wp-content\/uploads\/2024\/05\/cropped-cropped-cropped-02_00843_jt3bggkj1j3HLc7SyY6rEUpg.jpeg","contentUrl":"https:\/\/skaitytaknyga.lt\/wp-content\/uploads\/2024\/05\/cropped-cropped-cropped-02_00843_jt3bggkj1j3HLc7SyY6rEUpg.jpeg","width":1600,"height":1600,"caption":"skaitytaknyga.lt"},"image":{"@id":"https:\/\/skaitytaknyga.lt\/#\/schema\/logo\/image\/"},"sameAs":["https:\/\/www.facebook.com\/skaitytaknyga\/"]}]}},"_links":{"self":[{"href":"https:\/\/skaitytaknyga.lt\/en\/wp-json\/wp\/v2\/product\/17648","targetHints":{"allow":["GET"]}}],"collection":[{"href":"https:\/\/skaitytaknyga.lt\/en\/wp-json\/wp\/v2\/product"}],"about":[{"href":"https:\/\/skaitytaknyga.lt\/en\/wp-json\/wp\/v2\/types\/product"}],"replies":[{"embeddable":true,"href":"https:\/\/skaitytaknyga.lt\/en\/wp-json\/wp\/v2\/comments?post=17648"}],"wp:featuredmedia":[{"embeddable":true,"href":"https:\/\/skaitytaknyga.lt\/en\/wp-json\/wp\/v2\/media\/17650"}],"wp:attachment":[{"href":"https:\/\/skaitytaknyga.lt\/en\/wp-json\/wp\/v2\/media?parent=17648"}],"wp:term":[{"taxonomy":"product_brand","embeddable":true,"href":"https:\/\/skaitytaknyga.lt\/en\/wp-json\/wp\/v2\/product_brand?post=17648"},{"taxonomy":"product_cat","embeddable":true,"href":"https:\/\/skaitytaknyga.lt\/en\/wp-json\/wp\/v2\/product_cat?post=17648"},{"taxonomy":"product_tag","embeddable":true,"href":"https:\/\/skaitytaknyga.lt\/en\/wp-json\/wp\/v2\/product_tag?post=17648"}],"curies":[{"name":"wp","href":"https:\/\/api.w.org\/{rel}","templated":true}]}}