{"id":17646,"date":"2025-03-29T18:02:04","date_gmt":"2025-03-29T16:02:04","guid":{"rendered":"https:\/\/skaitytaknyga.lt\/?post_type=product&#038;p=17646"},"modified":"2025-10-20T10:59:56","modified_gmt":"2025-10-20T07:59:56","slug":"mes-dedame-taska","status":"publish","type":"product","link":"https:\/\/skaitytaknyga.lt\/en\/produktas\/mes-dedame-taska\/","title":{"rendered":"Mes dedame ta\u0161k\u0105"},"content":{"rendered":"<p><em>Da\u017eniausiai mus skaudina tie, kuriuos mylime labiausiai.<\/em><\/p>\n<p>Lil\u0117s vaikyst\u0117 nebuvo lengva: vis\u0173 gerbiamoje ma\u017eo miestelio \u0161eimoje d\u0117l smurtaujan\u010dio t\u0117vo vir\u0117 tikras pragaras, tod\u0117l Bostonas tapo jos i\u0161silaisvinimu. T\u0117vui mirus, nedidel\u012f palikim\u0105 ji panaudoja savo svajonei \u012fgyvendinti \u2013 atidaro netradicin\u0119 g\u0117li\u0173 parduotuv\u0119. Darb\u0173 s\u016bkury \u012f gyvenim\u0105 \u012fsiver\u017eia meil\u0117 neurochirurgui Railiui. Jis \u0161iek tiek aroganti\u0161kas ir u\u017esispyr\u0119s, bet kartu aistringas, nuo\u0161irdus ir pamet\u0119s d\u0117l jos galv\u0105.<\/p>\n<p>Rodos, Lil\u0117 turi visk\u0105, apie k\u0105 svajojo. Ta\u010diau netik\u0117tomis aplinkyb\u0117mis \u012f jos gyvenim\u0105 gr\u012f\u017eta pirmoji meil\u0117 \u2013 Etlasas, apie kur\u012f ji nieko negird\u0117jo daugel\u012f met\u0173. Paauglyst\u0117je jis vienintelis pad\u0117jo jai i\u0161gyventi sunkiausias akimirkas \u0161eimoje. Jo gr\u012f\u017eimas sujaukia Lil\u0117s mintis ir santykius su Railiu. Ar j\u0173 meil\u0117 pasiruo\u0161usi tokiam i\u0161\u0161\u016bkiui? Lil\u0117 priversta i\u0161 naujo apm\u0105styti savo gyvenim\u0105 ir kovoti u\u017e savo laim\u0119, d\u0117l kurios reik\u0117s priimti pat\u012f skaud\u017eiausi\u0105 sprendim\u0105.<\/p>\n<p><strong>\u201eMes dedame ta\u0161k\u0105\u201c<\/strong>\u00a0\u2013 tai jautrus pasakojimas apie meil\u0119 ir pasitik\u0117jim\u0105, apie smurt\u0105 \u0161eimoje ir t\u0117v\u0173 sprendimus, kurie gali nulemti vaik\u0173 gyvenim\u0105.<\/p>\n<p>\u201eThe New York Times\u201c bestseleri\u0173 autor\u0117\u00a0<strong>Colleen Hoover<\/strong>\u00a0(Kolyn H\u016bver, g. 1979) savo karjer\u0105 prad\u0117jo kaip socialin\u0117 darbuotoja, o v\u0117liau pasuko ra\u0161ytojos keliu ir sulauk\u0117 didel\u0117s s\u0117km\u0117s Amerikoje ir u\u017e jos rib\u0173. Kartu su vyru ji \u012fsteig\u0117 knyg\u0173 u\u017esakymo platform\u0105 \u201eThe Bookworm Box\u201c, o peln\u0105 aukoja labdarai.<\/p>\n<p>\u201eTai viena nuo\u0161ird\u017eiausi\u0173 ir labiausiai \u012fkvepian\u010di\u0173 istorij\u0173, koki\u0105 esu kada nors skai\u010diusi. \u0160i knyga pakeis j\u016bs\u0173 gyvenim\u0105.\u201c \u2013 Knyg\u0173 tinklara\u0161tis\u00a0<em>AESTAS<\/em><\/p>\n<ul class=\"about-product d-none d-xl-block mt-4\">\n<li><strong>Originalus pavadinimas:<\/strong>\u00a0It Ends With Us<\/li>\n<li><strong>Autorius:<\/strong>\u00a0Colleen Hoover<\/li>\n<li><strong>Leid\u0117jas:<\/strong>\u00a0Baltos lankos<\/li>\n<li><strong>Metai:<\/strong>\u00a02023<\/li>\n<li><strong>Puslapiai:<\/strong>\u00a0360<\/li>\n<li class=\"toggleable type-new-formats \"><strong>ISBN:<\/strong>\u00a09786094796999<\/li>\n<li><strong>Versijos kodas:<\/strong>\u00a03<\/li>\n<li class=\"toggleable type-new-formats \"><strong>Formatas:<\/strong>\u00a014,5 x 21 x 3 cm, kieti vir\u0161eliai<\/li>\n<li><strong>Kalba:<\/strong>\u00a0Lietuvi\u0173<\/li>\n<li><strong>Vert\u0117jas:<\/strong>\u00a0Laima Pacevi\u010dien\u0117<\/li>\n<\/ul>\n","protected":false},"excerpt":{"rendered":"<p>Da\u017eniausiai mus skaudina tie, kuriuos mylime labiausiai. Lil\u0117s vaikyst\u0117 nebuvo lengva: vis\u0173 gerbiamoje ma\u017eo miestelio \u0161eimoje d\u0117l smurtaujan\u010dio t\u0117vo vir\u0117 tikras pragaras, tod\u0117l Bostonas tapo jos i\u0161silaisvinimu. T\u0117vui mirus, nedidel\u012f palikim\u0105 ji panaudoja savo svajonei \u012fgyvendinti \u2013 atidaro netradicin\u0119 g\u0117li\u0173 parduotuv\u0119. Darb\u0173 s\u016bkury \u012f gyvenim\u0105 \u012fsiver\u017eia meil\u0117 neurochirurgui Railiui. Jis \u0161iek tiek aroganti\u0161kas ir u\u017esispyr\u0119s, bet kartu aistringas, nuo\u0161irdus ir pamet\u0119s d\u0117l jos galv\u0105. Rodos, Lil\u0117 turi visk\u0105, apie k\u0105 svajojo. Ta\u010diau netik\u0117tomis aplinkyb\u0117mis \u012f jos gyvenim\u0105 gr\u012f\u017eta pirmoji meil\u0117 \u2013 Etlasas, apie kur\u012f ji nieko negird\u0117jo daugel\u012f met\u0173. Paauglyst\u0117je jis vienintelis pad\u0117jo jai i\u0161gyventi sunkiausias akimirkas \u0161eimoje. Jo gr\u012f\u017eimas sujaukia Lil\u0117s mintis ir santykius su Railiu. Ar j\u0173 meil\u0117 pasiruo\u0161usi tokiam i\u0161\u0161\u016bkiui? Lil\u0117 priversta i\u0161 naujo apm\u0105styti savo gyvenim\u0105 ir kovoti u\u017e savo laim\u0119, d\u0117l kurios reik\u0117s priimti pat\u012f skaud\u017eiausi\u0105 sprendim\u0105. \u201eMes dedame ta\u0161k\u0105\u201c\u00a0\u2013 tai jautrus pasakojimas apie meil\u0119 ir pasitik\u0117jim\u0105, apie smurt\u0105 \u0161eimoje ir t\u0117v\u0173 sprendimus, kurie gali nulemti vaik\u0173 gyvenim\u0105. \u201eThe New York Times\u201c bestseleri\u0173 autor\u0117\u00a0Colleen Hoover\u00a0(Kolyn H\u016bver, g. 1979) savo karjer\u0105 prad\u0117jo kaip socialin\u0117 darbuotoja, o v\u0117liau pasuko ra\u0161ytojos keliu ir sulauk\u0117 didel\u0117s s\u0117km\u0117s Amerikoje ir u\u017e jos rib\u0173. Kartu su vyru ji \u012fsteig\u0117 knyg\u0173 u\u017esakymo platform\u0105 \u201eThe Bookworm Box\u201c, o peln\u0105 aukoja labdarai. \u201eTai viena nuo\u0161ird\u017eiausi\u0173 ir labiausiai \u012fkvepian\u010di\u0173 istorij\u0173, koki\u0105 esu kada nors skai\u010diusi. \u0160i knyga pakeis j\u016bs\u0173 gyvenim\u0105.\u201c \u2013 Knyg\u0173 tinklara\u0161tis\u00a0AESTAS Originalus pavadinimas:\u00a0It Ends With Us Autorius:\u00a0Colleen Hoover Leid\u0117jas:\u00a0Baltos lankos Metai:\u00a02023 Puslapiai:\u00a0360 ISBN:\u00a09786094796999 Versijos kodas:\u00a03 Formatas:\u00a014,5 x 21 x 3 cm, kieti vir\u0161eliai Kalba:\u00a0Lietuvi\u0173 Vert\u0117jas:\u00a0Laima Pacevi\u010dien\u0117<\/p>\n","protected":false},"featured_media":17647,"comment_status":"open","ping_status":"closed","template":"","meta":{"_acf_changed":false,"site-sidebar-layout":"default","site-content-layout":"","ast-site-content-layout":"default","site-content-style":"default","site-sidebar-style":"default","ast-global-header-display":"","ast-banner-title-visibility":"","ast-main-header-display":"","ast-hfb-above-header-display":"","ast-hfb-below-header-display":"","ast-hfb-mobile-header-display":"","site-post-title":"","ast-breadcrumbs-content":"","ast-featured-img":"","footer-sml-layout":"","ast-disable-related-posts":"","theme-transparent-header-meta":"default","adv-header-id-meta":"","stick-header-meta":"","header-above-stick-meta":"","header-main-stick-meta":"","header-below-stick-meta":"","astra-migrate-meta-layouts":"set","ast-page-background-enabled":"default","ast-page-background-meta":{"desktop":{"background-color":"","background-image":"","background-repeat":"repeat","background-position":"center center","background-size":"auto","background-attachment":"scroll","background-type":"","background-media":"","overlay-type":"","overlay-color":"","overlay-opacity":"","overlay-gradient":""},"tablet":{"background-color":"","background-image":"","background-repeat":"repeat","background-position":"center center","background-size":"auto","background-attachment":"scroll","background-type":"","background-media":"","overlay-type":"","overlay-color":"","overlay-opacity":"","overlay-gradient":""},"mobile":{"background-color":"","background-image":"","background-repeat":"repeat","background-position":"center center","background-size":"auto","background-attachment":"scroll","background-type":"","background-media":"","overlay-type":"","overlay-color":"","overlay-opacity":"","overlay-gradient":""}},"ast-content-background-meta":{"desktop":{"background-color":"var(--ast-global-color-4)","background-image":"","background-repeat":"repeat","background-position":"center center","background-size":"auto","background-attachment":"scroll","background-type":"","background-media":"","overlay-type":"","overlay-color":"","overlay-opacity":"","overlay-gradient":""},"tablet":{"background-color":"var(--ast-global-color-4)","background-image":"","background-repeat":"repeat","background-position":"center center","background-size":"auto","background-attachment":"scroll","background-type":"","background-media":"","overlay-type":"","overlay-color":"","overlay-opacity":"","overlay-gradient":""},"mobile":{"background-color":"var(--ast-global-color-4)","background-image":"","background-repeat":"repeat","background-position":"center center","background-size":"auto","background-attachment":"scroll","background-type":"","background-media":"","overlay-type":"","overlay-color":"","overlay-opacity":"","overlay-gradient":""}}},"product_brand":[],"product_cat":[31,15],"product_tag":[4813,2901,1748,4756],"class_list":{"0":"post-17646","1":"product","2":"type-product","3":"status-publish","4":"has-post-thumbnail","6":"product_cat-grozine-literatura","7":"product_cat-uncategorized","8":"product_tag-colleen-hoover","9":"product_tag-drama","10":"product_tag-meiles-istorija","11":"product_tag-siuolaikine-grozine-literatura","12":"desktop-align-left","13":"tablet-align-left","14":"mobile-align-left","16":"first","17":"outofstock","18":"shipping-taxable","19":"purchasable","20":"product-type-simple"},"acf":[],"yoast_head":"<!-- This site is optimized with the Yoast SEO plugin v27.0 - https:\/\/yoast.com\/product\/yoast-seo-wordpress\/ -->\n<title>Mes dedame ta\u0161k\u0105<\/title>\n<meta name=\"description\" content=\"Da\u017eniausiai mus skaudina tie, kuriuos mylime labiausiai. Lil\u0117s vaikyst\u0117 nebuvo lengva: vis\u0173 gerbiamoje ma\u017eo miestelio \u0161eimoje d\u0117l smurtaujan\u010dio t\u0117vo vir\u0117\" \/>\n<meta name=\"robots\" content=\"index, follow, max-snippet:-1, max-image-preview:large, max-video-preview:-1\" \/>\n<link rel=\"canonical\" href=\"https:\/\/skaitytaknyga.lt\/en\/produktas\/mes-dedame-taska\/\" \/>\n<meta property=\"og:locale\" content=\"en_GB\" \/>\n<meta property=\"og:locale:alternate\" content=\"lt_LT\" \/>\n<meta property=\"og:type\" content=\"article\" \/>\n<meta property=\"og:title\" content=\"Mes dedame ta\u0161k\u0105\" \/>\n<meta property=\"og:description\" content=\"Da\u017eniausiai mus skaudina tie, kuriuos mylime labiausiai. Lil\u0117s vaikyst\u0117 nebuvo lengva: vis\u0173 gerbiamoje ma\u017eo miestelio \u0161eimoje d\u0117l smurtaujan\u010dio t\u0117vo vir\u0117\" \/>\n<meta property=\"og:url\" content=\"https:\/\/skaitytaknyga.lt\/en\/produktas\/mes-dedame-taska\/\" \/>\n<meta property=\"og:site_name\" content=\"Skaitytaknyga\" \/>\n<meta property=\"article:publisher\" content=\"https:\/\/www.facebook.com\/skaitytaknyga\/\" \/>\n<meta property=\"article:modified_time\" content=\"2025-10-20T07:59:56+00:00\" \/>\n<meta property=\"og:image\" content=\"https:\/\/skaitytaknyga.lt\/wp-content\/uploads\/2025\/03\/Mes-dedame-taska.webp\" \/>\n\t<meta property=\"og:image:width\" content=\"450\" \/>\n\t<meta property=\"og:image:height\" content=\"652\" \/>\n\t<meta property=\"og:image:type\" content=\"image\/webp\" \/>\n<meta name=\"twitter:card\" content=\"summary_large_image\" \/>\n<meta name=\"twitter:label1\" content=\"Estimated reading time\" \/>\n\t<meta name=\"twitter:data1\" content=\"2 minutes\" \/>\n<script type=\"application\/ld+json\" class=\"yoast-schema-graph\">{\"@context\":\"https:\/\/schema.org\",\"@graph\":[{\"@type\":\"WebPage\",\"@id\":\"https:\/\/skaitytaknyga.lt\/produktas\/mes-dedame-taska\/\",\"url\":\"https:\/\/skaitytaknyga.lt\/produktas\/mes-dedame-taska\/\",\"name\":\"Mes dedame ta\u0161k\u0105\",\"isPartOf\":{\"@id\":\"https:\/\/skaitytaknyga.lt\/#website\"},\"primaryImageOfPage\":{\"@id\":\"https:\/\/skaitytaknyga.lt\/produktas\/mes-dedame-taska\/#primaryimage\"},\"image\":{\"@id\":\"https:\/\/skaitytaknyga.lt\/produktas\/mes-dedame-taska\/#primaryimage\"},\"thumbnailUrl\":\"https:\/\/skaitytaknyga.lt\/wp-content\/uploads\/2025\/03\/Mes-dedame-taska.webp\",\"datePublished\":\"2025-03-29T16:02:04+00:00\",\"dateModified\":\"2025-10-20T07:59:56+00:00\",\"description\":\"Da\u017eniausiai mus skaudina tie, kuriuos mylime labiausiai. Lil\u0117s vaikyst\u0117 nebuvo lengva: vis\u0173 gerbiamoje ma\u017eo miestelio \u0161eimoje d\u0117l smurtaujan\u010dio t\u0117vo vir\u0117\",\"breadcrumb\":{\"@id\":\"https:\/\/skaitytaknyga.lt\/produktas\/mes-dedame-taska\/#breadcrumb\"},\"inLanguage\":\"en-GB\",\"potentialAction\":[{\"@type\":\"ReadAction\",\"target\":[\"https:\/\/skaitytaknyga.lt\/produktas\/mes-dedame-taska\/\"]}]},{\"@type\":\"ImageObject\",\"inLanguage\":\"en-GB\",\"@id\":\"https:\/\/skaitytaknyga.lt\/produktas\/mes-dedame-taska\/#primaryimage\",\"url\":\"https:\/\/skaitytaknyga.lt\/wp-content\/uploads\/2025\/03\/Mes-dedame-taska.webp\",\"contentUrl\":\"https:\/\/skaitytaknyga.lt\/wp-content\/uploads\/2025\/03\/Mes-dedame-taska.webp\",\"width\":450,\"height\":652,\"caption\":\"Mes dedame ta\u0161k\u0105\"},{\"@type\":\"BreadcrumbList\",\"@id\":\"https:\/\/skaitytaknyga.lt\/produktas\/mes-dedame-taska\/#breadcrumb\",\"itemListElement\":[{\"@type\":\"ListItem\",\"position\":1,\"name\":\"Home\",\"item\":\"https:\/\/skaitytaknyga.lt\/\"},{\"@type\":\"ListItem\",\"position\":2,\"name\":\"Parduotuv\u0117\",\"item\":\"https:\/\/skaitytaknyga.lt\/knygu-parduotuve\/\"},{\"@type\":\"ListItem\",\"position\":3,\"name\":\"Mes dedame ta\u0161k\u0105\"}]},{\"@type\":\"WebSite\",\"@id\":\"https:\/\/skaitytaknyga.lt\/#website\",\"url\":\"https:\/\/skaitytaknyga.lt\/\",\"name\":\"skaitytaknyga.lt\",\"description\":\"Skaitytaknyga.lt \u2013 tai ma\u017eas \u0161eimos verslas, kuris prasid\u0117jo nuo meil\u0117s knygoms ir siekio i\u0161gelb\u0117ti knygas nuo likimo prie konteinerio. Kas vienam nereikalingas daiktas \u2013 kitam lobis, o mes esame tarpininkai, kurie padeda abiems tapti laimingesniems ???? \u017dinome kaip nelengva i\u0161gyventi ma\u017eiems verslams, tad nuo \u0161iol, \u010dia rasite ir kit\u0173, ma\u017e\u0173 \u0161eim\u0173 versl\u0173, rank\u0173 darbo, dovan\u0173 sau ir artimiesiems.\",\"publisher\":{\"@id\":\"https:\/\/skaitytaknyga.lt\/#organization\"},\"potentialAction\":[{\"@type\":\"SearchAction\",\"target\":{\"@type\":\"EntryPoint\",\"urlTemplate\":\"https:\/\/skaitytaknyga.lt\/?s={search_term_string}\"},\"query-input\":{\"@type\":\"PropertyValueSpecification\",\"valueRequired\":true,\"valueName\":\"search_term_string\"}}],\"inLanguage\":\"en-GB\"},{\"@type\":\"Organization\",\"@id\":\"https:\/\/skaitytaknyga.lt\/#organization\",\"name\":\"skaitytaknyga.lt\",\"url\":\"https:\/\/skaitytaknyga.lt\/\",\"logo\":{\"@type\":\"ImageObject\",\"inLanguage\":\"en-GB\",\"@id\":\"https:\/\/skaitytaknyga.lt\/#\/schema\/logo\/image\/\",\"url\":\"https:\/\/skaitytaknyga.lt\/wp-content\/uploads\/2024\/05\/cropped-cropped-cropped-02_00843_jt3bggkj1j3HLc7SyY6rEUpg.jpeg\",\"contentUrl\":\"https:\/\/skaitytaknyga.lt\/wp-content\/uploads\/2024\/05\/cropped-cropped-cropped-02_00843_jt3bggkj1j3HLc7SyY6rEUpg.jpeg\",\"width\":1600,\"height\":1600,\"caption\":\"skaitytaknyga.lt\"},\"image\":{\"@id\":\"https:\/\/skaitytaknyga.lt\/#\/schema\/logo\/image\/\"},\"sameAs\":[\"https:\/\/www.facebook.com\/skaitytaknyga\/\"]}]}<\/script>\n<!-- \/ Yoast SEO plugin. -->","yoast_head_json":{"title":"Mes dedame ta\u0161k\u0105","description":"Da\u017eniausiai mus skaudina tie, kuriuos mylime labiausiai. Lil\u0117s vaikyst\u0117 nebuvo lengva: vis\u0173 gerbiamoje ma\u017eo miestelio \u0161eimoje d\u0117l smurtaujan\u010dio t\u0117vo vir\u0117","robots":{"index":"index","follow":"follow","max-snippet":"max-snippet:-1","max-image-preview":"max-image-preview:large","max-video-preview":"max-video-preview:-1"},"canonical":"https:\/\/skaitytaknyga.lt\/en\/produktas\/mes-dedame-taska\/","og_locale":"en_GB","og_type":"article","og_title":"[:lt]Mes dedame ta\u0161k\u0105[:] - Skaitytaknyga","og_description":"Da\u017eniausiai mus skaudina tie, kuriuos mylime labiausiai. Lil\u0117s vaikyst\u0117 nebuvo lengva: vis\u0173 gerbiamoje ma\u017eo miestelio \u0161eimoje d\u0117l smurtaujan\u010dio t\u0117vo vir\u0117","og_url":"https:\/\/skaitytaknyga.lt\/en\/produktas\/mes-dedame-taska\/","og_site_name":"Skaitytaknyga","article_publisher":"https:\/\/www.facebook.com\/skaitytaknyga\/","article_modified_time":"2025-10-20T07:59:56+00:00","og_image":[{"width":450,"height":652,"url":"https:\/\/skaitytaknyga.lt\/wp-content\/uploads\/2025\/03\/Mes-dedame-taska.webp","type":"image\/webp"}],"twitter_card":"summary_large_image","twitter_misc":{"Estimated reading time":"2 minutes"},"schema":{"@context":"https:\/\/schema.org","@graph":[{"@type":"WebPage","@id":"https:\/\/skaitytaknyga.lt\/produktas\/mes-dedame-taska\/","url":"https:\/\/skaitytaknyga.lt\/produktas\/mes-dedame-taska\/","name":"Mes dedame ta\u0161k\u0105","isPartOf":{"@id":"https:\/\/skaitytaknyga.lt\/#website"},"primaryImageOfPage":{"@id":"https:\/\/skaitytaknyga.lt\/produktas\/mes-dedame-taska\/#primaryimage"},"image":{"@id":"https:\/\/skaitytaknyga.lt\/produktas\/mes-dedame-taska\/#primaryimage"},"thumbnailUrl":"https:\/\/skaitytaknyga.lt\/wp-content\/uploads\/2025\/03\/Mes-dedame-taska.webp","datePublished":"2025-03-29T16:02:04+00:00","dateModified":"2025-10-20T07:59:56+00:00","description":"Da\u017eniausiai mus skaudina tie, kuriuos mylime labiausiai. Lil\u0117s vaikyst\u0117 nebuvo lengva: vis\u0173 gerbiamoje ma\u017eo miestelio \u0161eimoje d\u0117l smurtaujan\u010dio t\u0117vo vir\u0117","breadcrumb":{"@id":"https:\/\/skaitytaknyga.lt\/produktas\/mes-dedame-taska\/#breadcrumb"},"inLanguage":"en-GB","potentialAction":[{"@type":"ReadAction","target":["https:\/\/skaitytaknyga.lt\/produktas\/mes-dedame-taska\/"]}]},{"@type":"ImageObject","inLanguage":"en-GB","@id":"https:\/\/skaitytaknyga.lt\/produktas\/mes-dedame-taska\/#primaryimage","url":"https:\/\/skaitytaknyga.lt\/wp-content\/uploads\/2025\/03\/Mes-dedame-taska.webp","contentUrl":"https:\/\/skaitytaknyga.lt\/wp-content\/uploads\/2025\/03\/Mes-dedame-taska.webp","width":450,"height":652,"caption":"Mes dedame ta\u0161k\u0105"},{"@type":"BreadcrumbList","@id":"https:\/\/skaitytaknyga.lt\/produktas\/mes-dedame-taska\/#breadcrumb","itemListElement":[{"@type":"ListItem","position":1,"name":"Home","item":"https:\/\/skaitytaknyga.lt\/"},{"@type":"ListItem","position":2,"name":"Parduotuv\u0117","item":"https:\/\/skaitytaknyga.lt\/knygu-parduotuve\/"},{"@type":"ListItem","position":3,"name":"Mes dedame ta\u0161k\u0105"}]},{"@type":"WebSite","@id":"https:\/\/skaitytaknyga.lt\/#website","url":"https:\/\/skaitytaknyga.lt\/","name":"skaitytaknyga.lt","description":"Skaitytaknyga.lt \u2013 tai ma\u017eas \u0161eimos verslas, kuris prasid\u0117jo nuo meil\u0117s knygoms ir siekio i\u0161gelb\u0117ti knygas nuo likimo prie konteinerio. Kas vienam nereikalingas daiktas \u2013 kitam lobis, o mes esame tarpininkai, kurie padeda abiems tapti laimingesniems ???? \u017dinome kaip nelengva i\u0161gyventi ma\u017eiems verslams, tad nuo \u0161iol, \u010dia rasite ir kit\u0173, ma\u017e\u0173 \u0161eim\u0173 versl\u0173, rank\u0173 darbo, dovan\u0173 sau ir artimiesiems.","publisher":{"@id":"https:\/\/skaitytaknyga.lt\/#organization"},"potentialAction":[{"@type":"SearchAction","target":{"@type":"EntryPoint","urlTemplate":"https:\/\/skaitytaknyga.lt\/?s={search_term_string}"},"query-input":{"@type":"PropertyValueSpecification","valueRequired":true,"valueName":"search_term_string"}}],"inLanguage":"en-GB"},{"@type":"Organization","@id":"https:\/\/skaitytaknyga.lt\/#organization","name":"skaitytaknyga.lt","url":"https:\/\/skaitytaknyga.lt\/","logo":{"@type":"ImageObject","inLanguage":"en-GB","@id":"https:\/\/skaitytaknyga.lt\/#\/schema\/logo\/image\/","url":"https:\/\/skaitytaknyga.lt\/wp-content\/uploads\/2024\/05\/cropped-cropped-cropped-02_00843_jt3bggkj1j3HLc7SyY6rEUpg.jpeg","contentUrl":"https:\/\/skaitytaknyga.lt\/wp-content\/uploads\/2024\/05\/cropped-cropped-cropped-02_00843_jt3bggkj1j3HLc7SyY6rEUpg.jpeg","width":1600,"height":1600,"caption":"skaitytaknyga.lt"},"image":{"@id":"https:\/\/skaitytaknyga.lt\/#\/schema\/logo\/image\/"},"sameAs":["https:\/\/www.facebook.com\/skaitytaknyga\/"]}]}},"_links":{"self":[{"href":"https:\/\/skaitytaknyga.lt\/en\/wp-json\/wp\/v2\/product\/17646","targetHints":{"allow":["GET"]}}],"collection":[{"href":"https:\/\/skaitytaknyga.lt\/en\/wp-json\/wp\/v2\/product"}],"about":[{"href":"https:\/\/skaitytaknyga.lt\/en\/wp-json\/wp\/v2\/types\/product"}],"replies":[{"embeddable":true,"href":"https:\/\/skaitytaknyga.lt\/en\/wp-json\/wp\/v2\/comments?post=17646"}],"wp:featuredmedia":[{"embeddable":true,"href":"https:\/\/skaitytaknyga.lt\/en\/wp-json\/wp\/v2\/media\/17647"}],"wp:attachment":[{"href":"https:\/\/skaitytaknyga.lt\/en\/wp-json\/wp\/v2\/media?parent=17646"}],"wp:term":[{"taxonomy":"product_brand","embeddable":true,"href":"https:\/\/skaitytaknyga.lt\/en\/wp-json\/wp\/v2\/product_brand?post=17646"},{"taxonomy":"product_cat","embeddable":true,"href":"https:\/\/skaitytaknyga.lt\/en\/wp-json\/wp\/v2\/product_cat?post=17646"},{"taxonomy":"product_tag","embeddable":true,"href":"https:\/\/skaitytaknyga.lt\/en\/wp-json\/wp\/v2\/product_tag?post=17646"}],"curies":[{"name":"wp","href":"https:\/\/api.w.org\/{rel}","templated":true}]}}