{"id":17642,"date":"2025-03-29T17:58:03","date_gmt":"2025-03-29T15:58:03","guid":{"rendered":"https:\/\/skaitytaknyga.lt\/?post_type=product&#038;p=17642"},"modified":"2025-03-29T17:58:46","modified_gmt":"2025-03-29T15:58:46","slug":"namelio-medyje-istorijos-kamino-nepraeinamumas","status":"publish","type":"product","link":"https:\/\/skaitytaknyga.lt\/en\/produktas\/namelio-medyje-istorijos-kamino-nepraeinamumas\/","title":{"rendered":"Namelio medyje istorijos: kamino nepraeinamumas"},"content":{"rendered":"<p><strong>Neringa \u010cere\u0161kevi\u010dien\u0117<\/strong>\u00a0\u2013 televizijos laid\u0173 \u201eTele bim-bam&#8221; ved\u0117ja, vaik\u0173 muzikos grup\u0117s vadov\u0117, daugiau nei 100 dain\u0173 vaikams autor\u0117 ir atlik\u0117ja, ikimokyklini\u0173 vaik\u0173 ugdymo \u012fstaig\u0173 \u012fk\u016br\u0117ja.<\/p>\n<p>Tai antroji televizijos laid\u0173 \u201eTele bim-bam&#8221; autor\u0117s ir ved\u0117jos, kompozitor\u0117s, vaik\u0173 muzikin\u0117s grup\u0117s vadov\u0117s ir atlik\u0117jos, vaik\u0173 dar\u017eelio ir Up\u0117s pradin\u0117s mokyklos \u012fk\u016br\u0117jos knyga vaikams. 2015 metais buvo i\u0161leista pasak\u0173 knyga \u201eO kas gi liko?&#8221;.<\/p>\n<p>\u201eAr \u0161i istorija tikra, nesu \u012fsitikinusi, nes jau senokai su draugais s\u0117d\u0117jau namelyje medyje&#8230; Ta\u010diau visus veik\u0117jus puikiai pa\u017e\u012fstu ir myliu.&#8221;<\/p>\n<p>Autor\u0117 Neringa \u010cere\u0161kevi\u010dien\u0117<\/p>\n<p><strong>\u201eKamino nepraeinamumas&#8221;<\/strong>\u00a0gr\u0105\u017eino mane \u012f vaikyst\u0119, kai kartu su gatv\u0117s vaikais stat\u0117me \u0161ak\u0173 namelius med\u017eiuose, paskui s\u0117d\u0117davome ir kurdavome \u012fvairias istorijas.<\/p>\n<p>Pipa, arba Kipras, mums pasakoja istorij\u0105 apie jaun\u0173j\u0173 nuotyki\u0173 ie\u0161kotoj\u0173 b\u016br\u012f, i\u0161gelb\u0117jus\u012f Prano kepykl\u0117l\u0119 ir net vis\u0105 miestel\u012f nuo netik\u0117tos nelaim\u0117s.<\/p>\n<p>Skaitydami \u0161i\u0105 istorij\u0105 su vaiku gal\u0117site prisiminti ir savo vaikyst\u0117s istorijas bei jam daugiau papasakoti apie save. Geras laikas su vaiku skaitant namelio istorijas garantuotas!<\/p>\n<p>\u201eTavo vaikas&#8221; vyr. redaktor\u0117 Gitana \u0160e\u0161tokien\u0117<\/p>\n<ul class=\"about-product d-none d-xl-block mt-4\">\n<li><strong>Autorius:<\/strong>\u00a0Neringa \u010cere\u0161kevi\u010dien\u0117<\/li>\n<li><strong>Leid\u0117jas:<\/strong>\u00a0Muzikin\u0117 Partija<\/li>\n<li><strong>Metai:<\/strong>\u00a02016<\/li>\n<li><strong>Puslapiai:<\/strong>\u00a072<\/li>\n<li class=\"toggleable type-new-formats \"><strong>ISBN:<\/strong>\u00a09786099577616<\/li>\n<li class=\"toggleable type-new-formats \"><strong>Formatas:<\/strong>\u00a022 x 20 x 1 cm, kieti vir\u0161eliai<\/li>\n<li><strong>Kalba:<\/strong>\u00a0Lietuvi\u0173<\/li>\n<\/ul>\n","protected":false},"excerpt":{"rendered":"<p>Neringa \u010cere\u0161kevi\u010dien\u0117\u00a0\u2013 televizijos laid\u0173 \u201eTele bim-bam&#8221; ved\u0117ja, vaik\u0173 muzikos grup\u0117s vadov\u0117, daugiau nei 100 dain\u0173 vaikams autor\u0117 ir atlik\u0117ja, ikimokyklini\u0173 vaik\u0173 ugdymo \u012fstaig\u0173 \u012fk\u016br\u0117ja. Tai antroji televizijos laid\u0173 \u201eTele bim-bam&#8221; autor\u0117s ir ved\u0117jos, kompozitor\u0117s, vaik\u0173 muzikin\u0117s grup\u0117s vadov\u0117s ir atlik\u0117jos, vaik\u0173 dar\u017eelio ir Up\u0117s pradin\u0117s mokyklos \u012fk\u016br\u0117jos knyga vaikams. 2015 metais buvo i\u0161leista pasak\u0173 knyga \u201eO kas gi liko?&#8221;. \u201eAr \u0161i istorija tikra, nesu \u012fsitikinusi, nes jau senokai su draugais s\u0117d\u0117jau namelyje medyje&#8230; Ta\u010diau visus veik\u0117jus puikiai pa\u017e\u012fstu ir myliu.&#8221; Autor\u0117 Neringa \u010cere\u0161kevi\u010dien\u0117 \u201eKamino nepraeinamumas&#8221;\u00a0gr\u0105\u017eino mane \u012f vaikyst\u0119, kai kartu su gatv\u0117s vaikais stat\u0117me \u0161ak\u0173 namelius med\u017eiuose, paskui s\u0117d\u0117davome ir kurdavome \u012fvairias istorijas. Pipa, arba Kipras, mums pasakoja istorij\u0105 apie jaun\u0173j\u0173 nuotyki\u0173 ie\u0161kotoj\u0173 b\u016br\u012f, i\u0161gelb\u0117jus\u012f Prano kepykl\u0117l\u0119 ir net vis\u0105 miestel\u012f nuo netik\u0117tos nelaim\u0117s. Skaitydami \u0161i\u0105 istorij\u0105 su vaiku gal\u0117site prisiminti ir savo vaikyst\u0117s istorijas bei jam daugiau papasakoti apie save. Geras laikas su vaiku skaitant namelio istorijas garantuotas! \u201eTavo vaikas&#8221; vyr. redaktor\u0117 Gitana \u0160e\u0161tokien\u0117 Autorius:\u00a0Neringa \u010cere\u0161kevi\u010dien\u0117 Leid\u0117jas:\u00a0Muzikin\u0117 Partija Metai:\u00a02016 Puslapiai:\u00a072 ISBN:\u00a09786099577616 Formatas:\u00a022 x 20 x 1 cm, kieti vir\u0161eliai Kalba:\u00a0Lietuvi\u0173<\/p>\n","protected":false},"featured_media":17643,"comment_status":"closed","ping_status":"closed","template":"","meta":{"_acf_changed":false,"site-sidebar-layout":"default","site-content-layout":"","ast-site-content-layout":"default","site-content-style":"default","site-sidebar-style":"default","ast-global-header-display":"","ast-banner-title-visibility":"","ast-main-header-display":"","ast-hfb-above-header-display":"","ast-hfb-below-header-display":"","ast-hfb-mobile-header-display":"","site-post-title":"","ast-breadcrumbs-content":"","ast-featured-img":"","footer-sml-layout":"","ast-disable-related-posts":"","theme-transparent-header-meta":"default","adv-header-id-meta":"","stick-header-meta":"","header-above-stick-meta":"","header-main-stick-meta":"","header-below-stick-meta":"","astra-migrate-meta-layouts":"set","ast-page-background-enabled":"default","ast-page-background-meta":{"desktop":{"background-color":"","background-image":"","background-repeat":"repeat","background-position":"center center","background-size":"auto","background-attachment":"scroll","background-type":"","background-media":"","overlay-type":"","overlay-color":"","overlay-opacity":"","overlay-gradient":""},"tablet":{"background-color":"","background-image":"","background-repeat":"repeat","background-position":"center center","background-size":"auto","background-attachment":"scroll","background-type":"","background-media":"","overlay-type":"","overlay-color":"","overlay-opacity":"","overlay-gradient":""},"mobile":{"background-color":"","background-image":"","background-repeat":"repeat","background-position":"center center","background-size":"auto","background-attachment":"scroll","background-type":"","background-media":"","overlay-type":"","overlay-color":"","overlay-opacity":"","overlay-gradient":""}},"ast-content-background-meta":{"desktop":{"background-color":"var(--ast-global-color-4)","background-image":"","background-repeat":"repeat","background-position":"center center","background-size":"auto","background-attachment":"scroll","background-type":"","background-media":"","overlay-type":"","overlay-color":"","overlay-opacity":"","overlay-gradient":""},"tablet":{"background-color":"var(--ast-global-color-4)","background-image":"","background-repeat":"repeat","background-position":"center center","background-size":"auto","background-attachment":"scroll","background-type":"","background-media":"","overlay-type":"","overlay-color":"","overlay-opacity":"","overlay-gradient":""},"mobile":{"background-color":"var(--ast-global-color-4)","background-image":"","background-repeat":"repeat","background-position":"center center","background-size":"auto","background-attachment":"scroll","background-type":"","background-media":"","overlay-type":"","overlay-color":"","overlay-opacity":"","overlay-gradient":""}}},"product_brand":[],"product_cat":[35],"product_tag":[],"class_list":{"0":"post-17642","1":"product","2":"type-product","3":"status-publish","4":"has-post-thumbnail","6":"product_cat-vaikams-ir-paaugliams","7":"pa_leidimo-metai-766","8":"desktop-align-left","9":"tablet-align-left","10":"mobile-align-left","12":"first","13":"instock","14":"shipping-taxable","15":"purchasable","16":"product-type-simple"},"acf":[],"yoast_head":"<!-- This site is optimized with the Yoast SEO plugin v27.4 - https:\/\/yoast.com\/product\/yoast-seo-wordpress\/ -->\n<title>Namelio medyje istorijos: kamino nepraeinamumas<\/title>\n<meta name=\"description\" content=\"Neringa \u010cere\u0161kevi\u010dien\u0117\u00a0\u2013 televizijos laid\u0173 \u201eTele bim-bam&quot; ved\u0117ja, vaik\u0173 muzikos grup\u0117s vadov\u0117, daugiau nei 100 dain\u0173 vaikams autor\u0117 ir atlik\u0117ja,\" \/>\n<meta name=\"robots\" content=\"index, follow, max-snippet:-1, max-image-preview:large, max-video-preview:-1\" \/>\n<link rel=\"canonical\" href=\"https:\/\/skaitytaknyga.lt\/en\/produktas\/namelio-medyje-istorijos-kamino-nepraeinamumas\/\" \/>\n<meta property=\"og:locale\" content=\"en_GB\" \/>\n<meta property=\"og:locale:alternate\" content=\"lt_LT\" \/>\n<meta property=\"og:type\" content=\"article\" \/>\n<meta property=\"og:title\" content=\"Namelio medyje istorijos: kamino nepraeinamumas\" \/>\n<meta property=\"og:description\" content=\"Neringa \u010cere\u0161kevi\u010dien\u0117\u00a0\u2013 televizijos laid\u0173 \u201eTele bim-bam&quot; ved\u0117ja, vaik\u0173 muzikos grup\u0117s vadov\u0117, daugiau nei 100 dain\u0173 vaikams autor\u0117 ir atlik\u0117ja,\" \/>\n<meta property=\"og:url\" content=\"https:\/\/skaitytaknyga.lt\/en\/produktas\/namelio-medyje-istorijos-kamino-nepraeinamumas\/\" \/>\n<meta property=\"og:site_name\" content=\"Skaitytaknyga\" \/>\n<meta property=\"article:publisher\" content=\"https:\/\/www.facebook.com\/skaitytaknyga\/\" \/>\n<meta property=\"article:modified_time\" content=\"2025-03-29T15:58:46+00:00\" \/>\n<meta property=\"og:image\" content=\"https:\/\/skaitytaknyga.lt\/wp-content\/uploads\/2025\/03\/Namelio-medyje-istorijos-kamino-nepraeinamumas.webp\" \/>\n\t<meta property=\"og:image:width\" content=\"285\" \/>\n\t<meta property=\"og:image:height\" content=\"323\" \/>\n\t<meta property=\"og:image:type\" content=\"image\/webp\" \/>\n<meta name=\"twitter:card\" content=\"summary_large_image\" \/>\n<meta name=\"twitter:label1\" content=\"Estimated reading time\" \/>\n\t<meta name=\"twitter:data1\" content=\"2 minutes\" \/>\n<script type=\"application\/ld+json\" class=\"yoast-schema-graph\">{\"@context\":\"https:\\\/\\\/schema.org\",\"@graph\":[{\"@type\":\"WebPage\",\"@id\":\"https:\\\/\\\/skaitytaknyga.lt\\\/produktas\\\/namelio-medyje-istorijos-kamino-nepraeinamumas\\\/\",\"url\":\"https:\\\/\\\/skaitytaknyga.lt\\\/produktas\\\/namelio-medyje-istorijos-kamino-nepraeinamumas\\\/\",\"name\":\"Namelio medyje istorijos: kamino nepraeinamumas\",\"isPartOf\":{\"@id\":\"https:\\\/\\\/skaitytaknyga.lt\\\/#website\"},\"primaryImageOfPage\":{\"@id\":\"https:\\\/\\\/skaitytaknyga.lt\\\/produktas\\\/namelio-medyje-istorijos-kamino-nepraeinamumas\\\/#primaryimage\"},\"image\":{\"@id\":\"https:\\\/\\\/skaitytaknyga.lt\\\/produktas\\\/namelio-medyje-istorijos-kamino-nepraeinamumas\\\/#primaryimage\"},\"thumbnailUrl\":\"https:\\\/\\\/skaitytaknyga.lt\\\/wp-content\\\/uploads\\\/2025\\\/03\\\/Namelio-medyje-istorijos-kamino-nepraeinamumas.webp\",\"datePublished\":\"2025-03-29T15:58:03+00:00\",\"dateModified\":\"2025-03-29T15:58:46+00:00\",\"description\":\"Neringa \u010cere\u0161kevi\u010dien\u0117\u00a0\u2013 televizijos laid\u0173 \u201eTele bim-bam\\\" ved\u0117ja, vaik\u0173 muzikos grup\u0117s vadov\u0117, daugiau nei 100 dain\u0173 vaikams autor\u0117 ir atlik\u0117ja,\",\"breadcrumb\":{\"@id\":\"https:\\\/\\\/skaitytaknyga.lt\\\/produktas\\\/namelio-medyje-istorijos-kamino-nepraeinamumas\\\/#breadcrumb\"},\"inLanguage\":\"en-GB\",\"potentialAction\":[{\"@type\":\"ReadAction\",\"target\":[\"https:\\\/\\\/skaitytaknyga.lt\\\/produktas\\\/namelio-medyje-istorijos-kamino-nepraeinamumas\\\/\"]}]},{\"@type\":\"ImageObject\",\"inLanguage\":\"en-GB\",\"@id\":\"https:\\\/\\\/skaitytaknyga.lt\\\/produktas\\\/namelio-medyje-istorijos-kamino-nepraeinamumas\\\/#primaryimage\",\"url\":\"https:\\\/\\\/skaitytaknyga.lt\\\/wp-content\\\/uploads\\\/2025\\\/03\\\/Namelio-medyje-istorijos-kamino-nepraeinamumas.webp\",\"contentUrl\":\"https:\\\/\\\/skaitytaknyga.lt\\\/wp-content\\\/uploads\\\/2025\\\/03\\\/Namelio-medyje-istorijos-kamino-nepraeinamumas.webp\",\"width\":285,\"height\":323,\"caption\":\"Namelio medyje istorijos: kamino nepraeinamumas\"},{\"@type\":\"BreadcrumbList\",\"@id\":\"https:\\\/\\\/skaitytaknyga.lt\\\/produktas\\\/namelio-medyje-istorijos-kamino-nepraeinamumas\\\/#breadcrumb\",\"itemListElement\":[{\"@type\":\"ListItem\",\"position\":1,\"name\":\"Home\",\"item\":\"https:\\\/\\\/skaitytaknyga.lt\\\/\"},{\"@type\":\"ListItem\",\"position\":2,\"name\":\"Parduotuv\u0117\",\"item\":\"https:\\\/\\\/skaitytaknyga.lt\\\/knygu-parduotuve\\\/\"},{\"@type\":\"ListItem\",\"position\":3,\"name\":\"Namelio medyje istorijos: kamino nepraeinamumas\"}]},{\"@type\":\"WebSite\",\"@id\":\"https:\\\/\\\/skaitytaknyga.lt\\\/#website\",\"url\":\"https:\\\/\\\/skaitytaknyga.lt\\\/\",\"name\":\"skaitytaknyga.lt\",\"description\":\"Skaitytaknyga.lt \u2013 tai ma\u017eas \u0161eimos verslas, kuris prasid\u0117jo nuo meil\u0117s knygoms ir siekio i\u0161gelb\u0117ti knygas nuo likimo prie konteinerio. Kas vienam nereikalingas daiktas \u2013 kitam lobis, o mes esame tarpininkai, kurie padeda abiems tapti laimingesniems ???? \u017dinome kaip nelengva i\u0161gyventi ma\u017eiems verslams, tad nuo \u0161iol, \u010dia rasite ir kit\u0173, ma\u017e\u0173 \u0161eim\u0173 versl\u0173, rank\u0173 darbo, dovan\u0173 sau ir artimiesiems.\",\"publisher\":{\"@id\":\"https:\\\/\\\/skaitytaknyga.lt\\\/#organization\"},\"potentialAction\":[{\"@type\":\"SearchAction\",\"target\":{\"@type\":\"EntryPoint\",\"urlTemplate\":\"https:\\\/\\\/skaitytaknyga.lt\\\/?s={search_term_string}\"},\"query-input\":{\"@type\":\"PropertyValueSpecification\",\"valueRequired\":true,\"valueName\":\"search_term_string\"}}],\"inLanguage\":\"en-GB\"},{\"@type\":\"Organization\",\"@id\":\"https:\\\/\\\/skaitytaknyga.lt\\\/#organization\",\"name\":\"skaitytaknyga.lt\",\"url\":\"https:\\\/\\\/skaitytaknyga.lt\\\/\",\"logo\":{\"@type\":\"ImageObject\",\"inLanguage\":\"en-GB\",\"@id\":\"https:\\\/\\\/skaitytaknyga.lt\\\/#\\\/schema\\\/logo\\\/image\\\/\",\"url\":\"https:\\\/\\\/skaitytaknyga.lt\\\/wp-content\\\/uploads\\\/2024\\\/05\\\/cropped-cropped-cropped-02_00843_jt3bggkj1j3HLc7SyY6rEUpg.jpeg\",\"contentUrl\":\"https:\\\/\\\/skaitytaknyga.lt\\\/wp-content\\\/uploads\\\/2024\\\/05\\\/cropped-cropped-cropped-02_00843_jt3bggkj1j3HLc7SyY6rEUpg.jpeg\",\"width\":1600,\"height\":1600,\"caption\":\"skaitytaknyga.lt\"},\"image\":{\"@id\":\"https:\\\/\\\/skaitytaknyga.lt\\\/#\\\/schema\\\/logo\\\/image\\\/\"},\"sameAs\":[\"https:\\\/\\\/www.facebook.com\\\/skaitytaknyga\\\/\"]}]}<\/script>\n<!-- \/ Yoast SEO plugin. -->","yoast_head_json":{"title":"Namelio medyje istorijos: kamino nepraeinamumas","description":"Neringa \u010cere\u0161kevi\u010dien\u0117\u00a0\u2013 televizijos laid\u0173 \u201eTele bim-bam\" ved\u0117ja, vaik\u0173 muzikos grup\u0117s vadov\u0117, daugiau nei 100 dain\u0173 vaikams autor\u0117 ir atlik\u0117ja,","robots":{"index":"index","follow":"follow","max-snippet":"max-snippet:-1","max-image-preview":"max-image-preview:large","max-video-preview":"max-video-preview:-1"},"canonical":"https:\/\/skaitytaknyga.lt\/en\/produktas\/namelio-medyje-istorijos-kamino-nepraeinamumas\/","og_locale":"en_GB","og_type":"article","og_title":"[:lt]Namelio medyje istorijos: kamino nepraeinamumas[:] - Skaitytaknyga","og_description":"Neringa \u010cere\u0161kevi\u010dien\u0117\u00a0\u2013 televizijos laid\u0173 \u201eTele bim-bam\" ved\u0117ja, vaik\u0173 muzikos grup\u0117s vadov\u0117, daugiau nei 100 dain\u0173 vaikams autor\u0117 ir atlik\u0117ja,","og_url":"https:\/\/skaitytaknyga.lt\/en\/produktas\/namelio-medyje-istorijos-kamino-nepraeinamumas\/","og_site_name":"Skaitytaknyga","article_publisher":"https:\/\/www.facebook.com\/skaitytaknyga\/","article_modified_time":"2025-03-29T15:58:46+00:00","og_image":[{"width":285,"height":323,"url":"https:\/\/skaitytaknyga.lt\/wp-content\/uploads\/2025\/03\/Namelio-medyje-istorijos-kamino-nepraeinamumas.webp","type":"image\/webp"}],"twitter_card":"summary_large_image","twitter_misc":{"Estimated reading time":"2 minutes"},"schema":{"@context":"https:\/\/schema.org","@graph":[{"@type":"WebPage","@id":"https:\/\/skaitytaknyga.lt\/produktas\/namelio-medyje-istorijos-kamino-nepraeinamumas\/","url":"https:\/\/skaitytaknyga.lt\/produktas\/namelio-medyje-istorijos-kamino-nepraeinamumas\/","name":"Namelio medyje istorijos: kamino nepraeinamumas","isPartOf":{"@id":"https:\/\/skaitytaknyga.lt\/#website"},"primaryImageOfPage":{"@id":"https:\/\/skaitytaknyga.lt\/produktas\/namelio-medyje-istorijos-kamino-nepraeinamumas\/#primaryimage"},"image":{"@id":"https:\/\/skaitytaknyga.lt\/produktas\/namelio-medyje-istorijos-kamino-nepraeinamumas\/#primaryimage"},"thumbnailUrl":"https:\/\/skaitytaknyga.lt\/wp-content\/uploads\/2025\/03\/Namelio-medyje-istorijos-kamino-nepraeinamumas.webp","datePublished":"2025-03-29T15:58:03+00:00","dateModified":"2025-03-29T15:58:46+00:00","description":"Neringa \u010cere\u0161kevi\u010dien\u0117\u00a0\u2013 televizijos laid\u0173 \u201eTele bim-bam\" ved\u0117ja, vaik\u0173 muzikos grup\u0117s vadov\u0117, daugiau nei 100 dain\u0173 vaikams autor\u0117 ir atlik\u0117ja,","breadcrumb":{"@id":"https:\/\/skaitytaknyga.lt\/produktas\/namelio-medyje-istorijos-kamino-nepraeinamumas\/#breadcrumb"},"inLanguage":"en-GB","potentialAction":[{"@type":"ReadAction","target":["https:\/\/skaitytaknyga.lt\/produktas\/namelio-medyje-istorijos-kamino-nepraeinamumas\/"]}]},{"@type":"ImageObject","inLanguage":"en-GB","@id":"https:\/\/skaitytaknyga.lt\/produktas\/namelio-medyje-istorijos-kamino-nepraeinamumas\/#primaryimage","url":"https:\/\/skaitytaknyga.lt\/wp-content\/uploads\/2025\/03\/Namelio-medyje-istorijos-kamino-nepraeinamumas.webp","contentUrl":"https:\/\/skaitytaknyga.lt\/wp-content\/uploads\/2025\/03\/Namelio-medyje-istorijos-kamino-nepraeinamumas.webp","width":285,"height":323,"caption":"Namelio medyje istorijos: kamino nepraeinamumas"},{"@type":"BreadcrumbList","@id":"https:\/\/skaitytaknyga.lt\/produktas\/namelio-medyje-istorijos-kamino-nepraeinamumas\/#breadcrumb","itemListElement":[{"@type":"ListItem","position":1,"name":"Home","item":"https:\/\/skaitytaknyga.lt\/"},{"@type":"ListItem","position":2,"name":"Parduotuv\u0117","item":"https:\/\/skaitytaknyga.lt\/knygu-parduotuve\/"},{"@type":"ListItem","position":3,"name":"Namelio medyje istorijos: kamino nepraeinamumas"}]},{"@type":"WebSite","@id":"https:\/\/skaitytaknyga.lt\/#website","url":"https:\/\/skaitytaknyga.lt\/","name":"skaitytaknyga.lt","description":"Skaitytaknyga.lt \u2013 tai ma\u017eas \u0161eimos verslas, kuris prasid\u0117jo nuo meil\u0117s knygoms ir siekio i\u0161gelb\u0117ti knygas nuo likimo prie konteinerio. Kas vienam nereikalingas daiktas \u2013 kitam lobis, o mes esame tarpininkai, kurie padeda abiems tapti laimingesniems ???? \u017dinome kaip nelengva i\u0161gyventi ma\u017eiems verslams, tad nuo \u0161iol, \u010dia rasite ir kit\u0173, ma\u017e\u0173 \u0161eim\u0173 versl\u0173, rank\u0173 darbo, dovan\u0173 sau ir artimiesiems.","publisher":{"@id":"https:\/\/skaitytaknyga.lt\/#organization"},"potentialAction":[{"@type":"SearchAction","target":{"@type":"EntryPoint","urlTemplate":"https:\/\/skaitytaknyga.lt\/?s={search_term_string}"},"query-input":{"@type":"PropertyValueSpecification","valueRequired":true,"valueName":"search_term_string"}}],"inLanguage":"en-GB"},{"@type":"Organization","@id":"https:\/\/skaitytaknyga.lt\/#organization","name":"skaitytaknyga.lt","url":"https:\/\/skaitytaknyga.lt\/","logo":{"@type":"ImageObject","inLanguage":"en-GB","@id":"https:\/\/skaitytaknyga.lt\/#\/schema\/logo\/image\/","url":"https:\/\/skaitytaknyga.lt\/wp-content\/uploads\/2024\/05\/cropped-cropped-cropped-02_00843_jt3bggkj1j3HLc7SyY6rEUpg.jpeg","contentUrl":"https:\/\/skaitytaknyga.lt\/wp-content\/uploads\/2024\/05\/cropped-cropped-cropped-02_00843_jt3bggkj1j3HLc7SyY6rEUpg.jpeg","width":1600,"height":1600,"caption":"skaitytaknyga.lt"},"image":{"@id":"https:\/\/skaitytaknyga.lt\/#\/schema\/logo\/image\/"},"sameAs":["https:\/\/www.facebook.com\/skaitytaknyga\/"]}]}},"_links":{"self":[{"href":"https:\/\/skaitytaknyga.lt\/en\/wp-json\/wp\/v2\/product\/17642","targetHints":{"allow":["GET"]}}],"collection":[{"href":"https:\/\/skaitytaknyga.lt\/en\/wp-json\/wp\/v2\/product"}],"about":[{"href":"https:\/\/skaitytaknyga.lt\/en\/wp-json\/wp\/v2\/types\/product"}],"replies":[{"embeddable":true,"href":"https:\/\/skaitytaknyga.lt\/en\/wp-json\/wp\/v2\/comments?post=17642"}],"wp:featuredmedia":[{"embeddable":true,"href":"https:\/\/skaitytaknyga.lt\/en\/wp-json\/wp\/v2\/media\/17643"}],"wp:attachment":[{"href":"https:\/\/skaitytaknyga.lt\/en\/wp-json\/wp\/v2\/media?parent=17642"}],"wp:term":[{"taxonomy":"product_brand","embeddable":true,"href":"https:\/\/skaitytaknyga.lt\/en\/wp-json\/wp\/v2\/product_brand?post=17642"},{"taxonomy":"product_cat","embeddable":true,"href":"https:\/\/skaitytaknyga.lt\/en\/wp-json\/wp\/v2\/product_cat?post=17642"},{"taxonomy":"product_tag","embeddable":true,"href":"https:\/\/skaitytaknyga.lt\/en\/wp-json\/wp\/v2\/product_tag?post=17642"}],"curies":[{"name":"wp","href":"https:\/\/api.w.org\/{rel}","templated":true}]}}