{"id":17630,"date":"2025-03-28T09:35:33","date_gmt":"2025-03-28T07:35:33","guid":{"rendered":"https:\/\/skaitytaknyga.lt\/?post_type=product&#038;p=17630"},"modified":"2025-06-11T08:34:29","modified_gmt":"2025-06-11T05:34:29","slug":"skruzdelytes-greitutes-nuotykiai","status":"publish","type":"product","link":"https:\/\/skaitytaknyga.lt\/en\/produktas\/skruzdelytes-greitutes-nuotykiai\/","title":{"rendered":"Skruzd\u0117lyt\u0117s Greitut\u0117s nuotykiai"},"content":{"rendered":"<p>Pasaka\u2013apysaka\u00a0<strong>\u201eSkruzde\u0307lyte\u0307s Greitute\u0307s nuotykiai&#8221;<\/strong>\u00a0buvo is\u030cleista 1935 metais. Debiutas sulauke\u0307 se\u0307kme\u0307s ir nule\u0307me\u0307 tolesni\u0328 V. Tamulaic\u030cio kelia\u0328. Pasakos\u2013apysakos veiksmas vyksta spalvingame vabalijos pasaulio fone. V. Tamulaitis pirmas lietuviu\u0328 vaiku\u0328 literatu\u0304roje taip atidz\u030ciai paz\u030cvelge\u0307 i\u0328 vabalu\u0328 vabale\u0307liu\u0328 pasauli\u0328. Jam svarbu parodyti tu\u0328 gyvu\u0304ne\u0307liu\u0328 z\u030ceme\u0328 tokia\u0328, kokia ji yra. Tai patvirtina ir z\u030codz\u030ciai, pasakyti jubiliejinio gimtadienio proga: \u201eMano vabaliuku\u0328 gyvenimo kasdienybe\u0307 yra tikra. Pasaka ji tik tiek, kad jie kalba mu\u0304su\u0328 kalba.&#8221; Vabalai pasirodo pac\u030ciomis rys\u030ckiausiomis ir daz\u030cnai netike\u0307c\u030ciausiomis puse\u0307mis, ju\u0328 poelgiai primena sude\u0307tingus z\u030cmoniu\u0328 santykius. Ku\u0304rinyje galima sutikti visa\u0328 lietuvis\u030ckos gamtos vabalijos spektra\u0328. Veiksmo variklis \u2013 dvieju\u0328 visis\u030ckai skirtingu\u0328 skruzde\u0307lynu\u0328 karas. Pasakos\u2013apysakos puos\u030cmena \u2013 Skruzde\u0307lyte\u0307s Greitute\u0307s, pirmosios pabe\u0307ge\u0307le\u0307s is\u030c ple\u0307s\u030ciku\u0328 vergijos, paveikslas. Pagrindiniai jos bruoz\u030cai: te\u0307vyne\u0307s ir artimu\u0328ju\u0328 meile\u0307, tiesumas, nuos\u030cirdumas, teisingumas ir ryz\u030ctingumas. Ras\u030cytojas iki galo lieka is\u030ctikimas savo principui \u2013 nenukrypti nuo vabaliuko kasdienybe\u0307s ir kuo labiau priarte\u0307ti prie maz\u030cojo skaitytojo.<\/p>\n<p>1992 metais is\u030cleistas 2\u2013asis s\u030cio ku\u0304rinio leidimas. Antrajame leidinyje randame pataisytus, pakeistus skyrelius, vieno is\u030c ju\u0328 \u2013 paslapties ir svajingumo kupino skyrelio \u201eGe\u0307liu\u0328 karalyste\u0307je&#8221; \u2013 visai atsisakyta, jis pakeistas sunkesniu is\u030cbandymu\u0328 keliu. Pastarasis leidimas \u2013 smarkiai paveiktas tuometine\u0307s literatu\u0304ros cenzu\u0304ros. Skruzdelyte\u0307 kelia\u0328 namo randa ne Paparc\u030cio Z\u030ciedelio de\u0307ka, bet savarankis\u030ckai i\u0328veikdama kelyje pasitaikanc\u030cius pavojus ir gre\u0307smes. Atsisakyta piktu\u0328ju\u0328 skruzde\u0307liu\u0328 raudonos spalvos, ji pakeista \u2013 ruda.<br \/>\nTrec\u030cioji knygos laida buvo is\u030cleista V. Tamulaic\u030ciui gyvenant is\u030ceivijoje, Kanadoje.<\/p>\n<p>Ketvirtasis atnaujintas leidimas apima visus V. Tamulaic\u030cio apysakos<strong>\u00a0\u201eSkruzde\u0307lyte\u0307s Greitute\u0307s nuotykiai&#8221;<\/strong>\u00a0skyrius. Gra\u0328z\u030cinta originali, pirmine\u0307, necenzu\u0304ruota autoriaus ide\u0307ja. Skruzde\u0307lyte\u0307 lankosi ge\u0307liu\u0328 karalyste\u0307je, kur jai dova- nojamas Joniniu\u0328 Paparc\u030cio Z\u030ciedas, tac\u030ciau is\u030claikyta antrojo leidimo praturtinta literatu\u0304rine\u0307 kalba ir vaizdingesni siuz\u030ceto vingiai.<\/p>\n<p>Niekas s\u030ciandien neabejoja svariu V. Tamulaic\u030cio i\u0328dirbiu lietuviu\u0328 literatu\u0304rai. Tai liudija jo knygos, leidz\u030ciamos nepriklausomoje te\u0307vyne\u0307je pakartotinai.<\/p>\n<p>Taip gri\u0328z\u030cta klasika!<\/p>\n<p>Vytautas Tamulaitis<\/p>\n<div class=\"flex gap-2\">\n<div class=\"font-semibold text-black\">ISBN kodas: 5790004539<\/div>\n<\/div>\n<div class=\"flex gap-2\">\n<div class=\"font-semibold text-black\">Leid\u0117jas: Vyturys<\/div>\n<\/div>\n<div class=\"flex gap-2\">\n<div class=\"font-semibold text-black\">Leidimo metai: 1992<\/div>\n<\/div>\n","protected":false},"excerpt":{"rendered":"<p>Pasaka\u2013apysaka\u00a0\u201eSkruzde\u0307lyte\u0307s Greitute\u0307s nuotykiai&#8221;\u00a0buvo is\u030cleista 1935 metais. Debiutas sulauke\u0307 se\u0307kme\u0307s ir nule\u0307me\u0307 tolesni\u0328 V. Tamulaic\u030cio kelia\u0328. Pasakos\u2013apysakos veiksmas vyksta spalvingame vabalijos pasaulio fone. V. Tamulaitis pirmas lietuviu\u0328 vaiku\u0328 literatu\u0304roje taip atidz\u030ciai paz\u030cvelge\u0307 i\u0328 vabalu\u0328 vabale\u0307liu\u0328 pasauli\u0328. Jam svarbu parodyti tu\u0328 gyvu\u0304ne\u0307liu\u0328 z\u030ceme\u0328 tokia\u0328, kokia ji yra. Tai patvirtina ir z\u030codz\u030ciai, pasakyti jubiliejinio gimtadienio proga: \u201eMano vabaliuku\u0328 gyvenimo kasdienybe\u0307 yra tikra. Pasaka ji tik tiek, kad jie kalba mu\u0304su\u0328 kalba.&#8221; Vabalai pasirodo pac\u030ciomis rys\u030ckiausiomis ir daz\u030cnai netike\u0307c\u030ciausiomis puse\u0307mis, ju\u0328 poelgiai primena sude\u0307tingus z\u030cmoniu\u0328 santykius. Ku\u0304rinyje galima sutikti visa\u0328 lietuvis\u030ckos gamtos vabalijos spektra\u0328. Veiksmo variklis \u2013 dvieju\u0328 visis\u030ckai skirtingu\u0328 skruzde\u0307lynu\u0328 karas. Pasakos\u2013apysakos puos\u030cmena \u2013 Skruzde\u0307lyte\u0307s Greitute\u0307s, pirmosios pabe\u0307ge\u0307le\u0307s is\u030c ple\u0307s\u030ciku\u0328 vergijos, paveikslas. Pagrindiniai jos bruoz\u030cai: te\u0307vyne\u0307s ir artimu\u0328ju\u0328 meile\u0307, tiesumas, nuos\u030cirdumas, teisingumas ir ryz\u030ctingumas. Ras\u030cytojas iki galo lieka is\u030ctikimas savo principui \u2013 nenukrypti nuo vabaliuko kasdienybe\u0307s ir kuo labiau priarte\u0307ti prie maz\u030cojo skaitytojo. 1992 metais is\u030cleistas 2\u2013asis s\u030cio ku\u0304rinio leidimas. Antrajame leidinyje randame pataisytus, pakeistus skyrelius, vieno is\u030c ju\u0328 \u2013 paslapties ir svajingumo kupino skyrelio \u201eGe\u0307liu\u0328 karalyste\u0307je&#8221; \u2013 visai atsisakyta, jis pakeistas sunkesniu is\u030cbandymu\u0328 keliu. Pastarasis leidimas \u2013 smarkiai paveiktas tuometine\u0307s literatu\u0304ros cenzu\u0304ros. Skruzdelyte\u0307 kelia\u0328 namo randa ne Paparc\u030cio Z\u030ciedelio de\u0307ka, bet savarankis\u030ckai i\u0328veikdama kelyje pasitaikanc\u030cius pavojus ir gre\u0307smes. Atsisakyta piktu\u0328ju\u0328 skruzde\u0307liu\u0328 raudonos spalvos, ji pakeista \u2013 ruda. Trec\u030cioji knygos laida buvo is\u030cleista V. Tamulaic\u030ciui gyvenant is\u030ceivijoje, Kanadoje. Ketvirtasis atnaujintas leidimas apima visus V. Tamulaic\u030cio apysakos\u00a0\u201eSkruzde\u0307lyte\u0307s Greitute\u0307s nuotykiai&#8221;\u00a0skyrius. Gra\u0328z\u030cinta originali, pirmine\u0307, necenzu\u0304ruota autoriaus ide\u0307ja. Skruzde\u0307lyte\u0307 lankosi ge\u0307liu\u0328 karalyste\u0307je, kur jai dova- nojamas Joniniu\u0328 Paparc\u030cio Z\u030ciedas, tac\u030ciau is\u030claikyta antrojo leidimo praturtinta literatu\u0304rine\u0307 kalba ir vaizdingesni siuz\u030ceto vingiai. Niekas s\u030ciandien neabejoja svariu V. Tamulaic\u030cio i\u0328dirbiu lietuviu\u0328 literatu\u0304rai. Tai liudija jo knygos, leidz\u030ciamos nepriklausomoje te\u0307vyne\u0307je pakartotinai. Taip gri\u0328z\u030cta klasika! Vytautas Tamulaitis ISBN kodas: 5790004539 Leid\u0117jas: Vyturys Leidimo metai: 1992<\/p>\n","protected":false},"featured_media":17631,"comment_status":"closed","ping_status":"closed","template":"","meta":{"_acf_changed":false,"site-sidebar-layout":"default","site-content-layout":"","ast-site-content-layout":"default","site-content-style":"default","site-sidebar-style":"default","ast-global-header-display":"","ast-banner-title-visibility":"","ast-main-header-display":"","ast-hfb-above-header-display":"","ast-hfb-below-header-display":"","ast-hfb-mobile-header-display":"","site-post-title":"","ast-breadcrumbs-content":"","ast-featured-img":"","footer-sml-layout":"","ast-disable-related-posts":"","theme-transparent-header-meta":"default","adv-header-id-meta":"","stick-header-meta":"","header-above-stick-meta":"","header-main-stick-meta":"","header-below-stick-meta":"","astra-migrate-meta-layouts":"set","ast-page-background-enabled":"default","ast-page-background-meta":{"desktop":{"background-color":"","background-image":"","background-repeat":"repeat","background-position":"center center","background-size":"auto","background-attachment":"scroll","background-type":"","background-media":"","overlay-type":"","overlay-color":"","overlay-opacity":"","overlay-gradient":""},"tablet":{"background-color":"","background-image":"","background-repeat":"repeat","background-position":"center center","background-size":"auto","background-attachment":"scroll","background-type":"","background-media":"","overlay-type":"","overlay-color":"","overlay-opacity":"","overlay-gradient":""},"mobile":{"background-color":"","background-image":"","background-repeat":"repeat","background-position":"center center","background-size":"auto","background-attachment":"scroll","background-type":"","background-media":"","overlay-type":"","overlay-color":"","overlay-opacity":"","overlay-gradient":""}},"ast-content-background-meta":{"desktop":{"background-color":"var(--ast-global-color-4)","background-image":"","background-repeat":"repeat","background-position":"center center","background-size":"auto","background-attachment":"scroll","background-type":"","background-media":"","overlay-type":"","overlay-color":"","overlay-opacity":"","overlay-gradient":""},"tablet":{"background-color":"var(--ast-global-color-4)","background-image":"","background-repeat":"repeat","background-position":"center center","background-size":"auto","background-attachment":"scroll","background-type":"","background-media":"","overlay-type":"","overlay-color":"","overlay-opacity":"","overlay-gradient":""},"mobile":{"background-color":"var(--ast-global-color-4)","background-image":"","background-repeat":"repeat","background-position":"center center","background-size":"auto","background-attachment":"scroll","background-type":"","background-media":"","overlay-type":"","overlay-color":"","overlay-opacity":"","overlay-gradient":""}}},"product_brand":[],"product_cat":[35],"product_tag":[4817,1437,1744,4816,4815,4818,1645,4814],"class_list":{"0":"post-17630","1":"product","2":"type-product","3":"status-publish","4":"has-post-thumbnail","6":"product_cat-vaikams-ir-paaugliams","7":"product_tag-apysaka","8":"product_tag-klasika","9":"product_tag-lietuviu-literatura","10":"product_tag-pasaka","11":"product_tag-skruzdelytes-greitutes-nuotykiai","12":"product_tag-vabaliukai","13":"product_tag-vaiku-literatura","14":"product_tag-vytautas-tamulaitis","15":"pa_leidimo-metai-766","16":"desktop-align-left","17":"tablet-align-left","18":"mobile-align-left","20":"first","21":"instock","22":"shipping-taxable","23":"purchasable","24":"product-type-simple"},"acf":[],"yoast_head":"<!-- This site is optimized with the Yoast SEO plugin v27.0 - https:\/\/yoast.com\/product\/yoast-seo-wordpress\/ -->\n<title>Skruzd\u0117lyt\u0117s Greitut\u0117s nuotykiai<\/title>\n<meta name=\"description\" content=\"Pasaka\u2013apysaka\u00a0\u201eSkruzde\u0307lyte\u0307s Greitute\u0307s nuotykiai&quot;\u00a0buvo is\u030cleista 1935 metais. Debiutas sulauke\u0307 se\u0307kme\u0307s ir nule\u0307me\u0307 tolesni\u0328 V. Tamulaic\u030cio kelia\u0328.\" \/>\n<meta name=\"robots\" content=\"index, follow, max-snippet:-1, max-image-preview:large, max-video-preview:-1\" \/>\n<link rel=\"canonical\" href=\"https:\/\/skaitytaknyga.lt\/en\/produktas\/skruzdelytes-greitutes-nuotykiai\/\" \/>\n<meta property=\"og:locale\" content=\"en_GB\" \/>\n<meta property=\"og:locale:alternate\" content=\"lt_LT\" \/>\n<meta property=\"og:type\" content=\"article\" \/>\n<meta property=\"og:title\" content=\"Skruzd\u0117lyt\u0117s Greitut\u0117s nuotykiai\" \/>\n<meta property=\"og:description\" content=\"Pasaka\u2013apysaka\u00a0\u201eSkruzde\u0307lyte\u0307s Greitute\u0307s nuotykiai&quot;\u00a0buvo is\u030cleista 1935 metais. Debiutas sulauke\u0307 se\u0307kme\u0307s ir nule\u0307me\u0307 tolesni\u0328 V. Tamulaic\u030cio kelia\u0328.\" \/>\n<meta property=\"og:url\" content=\"https:\/\/skaitytaknyga.lt\/en\/produktas\/skruzdelytes-greitutes-nuotykiai\/\" \/>\n<meta property=\"og:site_name\" content=\"Skaitytaknyga\" \/>\n<meta property=\"article:publisher\" content=\"https:\/\/www.facebook.com\/skaitytaknyga\/\" \/>\n<meta property=\"article:modified_time\" content=\"2025-06-11T05:34:29+00:00\" \/>\n<meta property=\"og:image\" content=\"https:\/\/skaitytaknyga.lt\/wp-content\/uploads\/2025\/03\/Skruzdelytes-Greitutes-nuotykiai-e1743147391133.webp\" \/>\n\t<meta property=\"og:image:width\" content=\"328\" \/>\n\t<meta property=\"og:image:height\" content=\"421\" \/>\n\t<meta property=\"og:image:type\" content=\"image\/webp\" \/>\n<meta name=\"twitter:card\" content=\"summary_large_image\" \/>\n<meta name=\"twitter:label1\" content=\"Estimated reading time\" \/>\n\t<meta name=\"twitter:data1\" content=\"2 minutes\" \/>\n<script type=\"application\/ld+json\" class=\"yoast-schema-graph\">{\"@context\":\"https:\/\/schema.org\",\"@graph\":[{\"@type\":\"WebPage\",\"@id\":\"https:\/\/skaitytaknyga.lt\/produktas\/skruzdelytes-greitutes-nuotykiai\/\",\"url\":\"https:\/\/skaitytaknyga.lt\/produktas\/skruzdelytes-greitutes-nuotykiai\/\",\"name\":\"Skruzd\u0117lyt\u0117s Greitut\u0117s nuotykiai\",\"isPartOf\":{\"@id\":\"https:\/\/skaitytaknyga.lt\/#website\"},\"primaryImageOfPage\":{\"@id\":\"https:\/\/skaitytaknyga.lt\/produktas\/skruzdelytes-greitutes-nuotykiai\/#primaryimage\"},\"image\":{\"@id\":\"https:\/\/skaitytaknyga.lt\/produktas\/skruzdelytes-greitutes-nuotykiai\/#primaryimage\"},\"thumbnailUrl\":\"https:\/\/skaitytaknyga.lt\/wp-content\/uploads\/2025\/03\/Skruzdelytes-Greitutes-nuotykiai-e1743147391133.webp\",\"datePublished\":\"2025-03-28T07:35:33+00:00\",\"dateModified\":\"2025-06-11T05:34:29+00:00\",\"description\":\"Pasaka\u2013apysaka\u00a0\u201eSkruzde\u0307lyte\u0307s Greitute\u0307s nuotykiai\\\"\u00a0buvo is\u030cleista 1935 metais. Debiutas sulauke\u0307 se\u0307kme\u0307s ir nule\u0307me\u0307 tolesni\u0328 V. Tamulaic\u030cio kelia\u0328.\",\"breadcrumb\":{\"@id\":\"https:\/\/skaitytaknyga.lt\/produktas\/skruzdelytes-greitutes-nuotykiai\/#breadcrumb\"},\"inLanguage\":\"en-GB\",\"potentialAction\":[{\"@type\":\"ReadAction\",\"target\":[\"https:\/\/skaitytaknyga.lt\/produktas\/skruzdelytes-greitutes-nuotykiai\/\"]}]},{\"@type\":\"ImageObject\",\"inLanguage\":\"en-GB\",\"@id\":\"https:\/\/skaitytaknyga.lt\/produktas\/skruzdelytes-greitutes-nuotykiai\/#primaryimage\",\"url\":\"https:\/\/skaitytaknyga.lt\/wp-content\/uploads\/2025\/03\/Skruzdelytes-Greitutes-nuotykiai-e1743147391133.webp\",\"contentUrl\":\"https:\/\/skaitytaknyga.lt\/wp-content\/uploads\/2025\/03\/Skruzdelytes-Greitutes-nuotykiai-e1743147391133.webp\",\"width\":328,\"height\":421,\"caption\":\"Skruzd\u0117lyt\u0117s Greitut\u0117s nuotykiai\"},{\"@type\":\"BreadcrumbList\",\"@id\":\"https:\/\/skaitytaknyga.lt\/produktas\/skruzdelytes-greitutes-nuotykiai\/#breadcrumb\",\"itemListElement\":[{\"@type\":\"ListItem\",\"position\":1,\"name\":\"Home\",\"item\":\"https:\/\/skaitytaknyga.lt\/\"},{\"@type\":\"ListItem\",\"position\":2,\"name\":\"Parduotuv\u0117\",\"item\":\"https:\/\/skaitytaknyga.lt\/knygu-parduotuve\/\"},{\"@type\":\"ListItem\",\"position\":3,\"name\":\"Skruzd\u0117lyt\u0117s Greitut\u0117s nuotykiai\"}]},{\"@type\":\"WebSite\",\"@id\":\"https:\/\/skaitytaknyga.lt\/#website\",\"url\":\"https:\/\/skaitytaknyga.lt\/\",\"name\":\"skaitytaknyga.lt\",\"description\":\"Skaitytaknyga.lt \u2013 tai ma\u017eas \u0161eimos verslas, kuris prasid\u0117jo nuo meil\u0117s knygoms ir siekio i\u0161gelb\u0117ti knygas nuo likimo prie konteinerio. Kas vienam nereikalingas daiktas \u2013 kitam lobis, o mes esame tarpininkai, kurie padeda abiems tapti laimingesniems ???? \u017dinome kaip nelengva i\u0161gyventi ma\u017eiems verslams, tad nuo \u0161iol, \u010dia rasite ir kit\u0173, ma\u017e\u0173 \u0161eim\u0173 versl\u0173, rank\u0173 darbo, dovan\u0173 sau ir artimiesiems.\",\"publisher\":{\"@id\":\"https:\/\/skaitytaknyga.lt\/#organization\"},\"potentialAction\":[{\"@type\":\"SearchAction\",\"target\":{\"@type\":\"EntryPoint\",\"urlTemplate\":\"https:\/\/skaitytaknyga.lt\/?s={search_term_string}\"},\"query-input\":{\"@type\":\"PropertyValueSpecification\",\"valueRequired\":true,\"valueName\":\"search_term_string\"}}],\"inLanguage\":\"en-GB\"},{\"@type\":\"Organization\",\"@id\":\"https:\/\/skaitytaknyga.lt\/#organization\",\"name\":\"skaitytaknyga.lt\",\"url\":\"https:\/\/skaitytaknyga.lt\/\",\"logo\":{\"@type\":\"ImageObject\",\"inLanguage\":\"en-GB\",\"@id\":\"https:\/\/skaitytaknyga.lt\/#\/schema\/logo\/image\/\",\"url\":\"https:\/\/skaitytaknyga.lt\/wp-content\/uploads\/2024\/05\/cropped-cropped-cropped-02_00843_jt3bggkj1j3HLc7SyY6rEUpg.jpeg\",\"contentUrl\":\"https:\/\/skaitytaknyga.lt\/wp-content\/uploads\/2024\/05\/cropped-cropped-cropped-02_00843_jt3bggkj1j3HLc7SyY6rEUpg.jpeg\",\"width\":1600,\"height\":1600,\"caption\":\"skaitytaknyga.lt\"},\"image\":{\"@id\":\"https:\/\/skaitytaknyga.lt\/#\/schema\/logo\/image\/\"},\"sameAs\":[\"https:\/\/www.facebook.com\/skaitytaknyga\/\"]}]}<\/script>\n<!-- \/ Yoast SEO plugin. -->","yoast_head_json":{"title":"Skruzd\u0117lyt\u0117s Greitut\u0117s nuotykiai","description":"Pasaka\u2013apysaka\u00a0\u201eSkruzde\u0307lyte\u0307s Greitute\u0307s nuotykiai\"\u00a0buvo is\u030cleista 1935 metais. Debiutas sulauke\u0307 se\u0307kme\u0307s ir nule\u0307me\u0307 tolesni\u0328 V. Tamulaic\u030cio kelia\u0328.","robots":{"index":"index","follow":"follow","max-snippet":"max-snippet:-1","max-image-preview":"max-image-preview:large","max-video-preview":"max-video-preview:-1"},"canonical":"https:\/\/skaitytaknyga.lt\/en\/produktas\/skruzdelytes-greitutes-nuotykiai\/","og_locale":"en_GB","og_type":"article","og_title":"[:lt]Skruzd\u0117lyt\u0117s Greitut\u0117s nuotykiai[:] - Skaitytaknyga","og_description":"Pasaka\u2013apysaka\u00a0\u201eSkruzde\u0307lyte\u0307s Greitute\u0307s nuotykiai\"\u00a0buvo is\u030cleista 1935 metais. Debiutas sulauke\u0307 se\u0307kme\u0307s ir nule\u0307me\u0307 tolesni\u0328 V. Tamulaic\u030cio kelia\u0328.","og_url":"https:\/\/skaitytaknyga.lt\/en\/produktas\/skruzdelytes-greitutes-nuotykiai\/","og_site_name":"Skaitytaknyga","article_publisher":"https:\/\/www.facebook.com\/skaitytaknyga\/","article_modified_time":"2025-06-11T05:34:29+00:00","og_image":[{"width":328,"height":421,"url":"https:\/\/skaitytaknyga.lt\/wp-content\/uploads\/2025\/03\/Skruzdelytes-Greitutes-nuotykiai-e1743147391133.webp","type":"image\/webp"}],"twitter_card":"summary_large_image","twitter_misc":{"Estimated reading time":"2 minutes"},"schema":{"@context":"https:\/\/schema.org","@graph":[{"@type":"WebPage","@id":"https:\/\/skaitytaknyga.lt\/produktas\/skruzdelytes-greitutes-nuotykiai\/","url":"https:\/\/skaitytaknyga.lt\/produktas\/skruzdelytes-greitutes-nuotykiai\/","name":"Skruzd\u0117lyt\u0117s Greitut\u0117s nuotykiai","isPartOf":{"@id":"https:\/\/skaitytaknyga.lt\/#website"},"primaryImageOfPage":{"@id":"https:\/\/skaitytaknyga.lt\/produktas\/skruzdelytes-greitutes-nuotykiai\/#primaryimage"},"image":{"@id":"https:\/\/skaitytaknyga.lt\/produktas\/skruzdelytes-greitutes-nuotykiai\/#primaryimage"},"thumbnailUrl":"https:\/\/skaitytaknyga.lt\/wp-content\/uploads\/2025\/03\/Skruzdelytes-Greitutes-nuotykiai-e1743147391133.webp","datePublished":"2025-03-28T07:35:33+00:00","dateModified":"2025-06-11T05:34:29+00:00","description":"Pasaka\u2013apysaka\u00a0\u201eSkruzde\u0307lyte\u0307s Greitute\u0307s nuotykiai\"\u00a0buvo is\u030cleista 1935 metais. Debiutas sulauke\u0307 se\u0307kme\u0307s ir nule\u0307me\u0307 tolesni\u0328 V. Tamulaic\u030cio kelia\u0328.","breadcrumb":{"@id":"https:\/\/skaitytaknyga.lt\/produktas\/skruzdelytes-greitutes-nuotykiai\/#breadcrumb"},"inLanguage":"en-GB","potentialAction":[{"@type":"ReadAction","target":["https:\/\/skaitytaknyga.lt\/produktas\/skruzdelytes-greitutes-nuotykiai\/"]}]},{"@type":"ImageObject","inLanguage":"en-GB","@id":"https:\/\/skaitytaknyga.lt\/produktas\/skruzdelytes-greitutes-nuotykiai\/#primaryimage","url":"https:\/\/skaitytaknyga.lt\/wp-content\/uploads\/2025\/03\/Skruzdelytes-Greitutes-nuotykiai-e1743147391133.webp","contentUrl":"https:\/\/skaitytaknyga.lt\/wp-content\/uploads\/2025\/03\/Skruzdelytes-Greitutes-nuotykiai-e1743147391133.webp","width":328,"height":421,"caption":"Skruzd\u0117lyt\u0117s Greitut\u0117s nuotykiai"},{"@type":"BreadcrumbList","@id":"https:\/\/skaitytaknyga.lt\/produktas\/skruzdelytes-greitutes-nuotykiai\/#breadcrumb","itemListElement":[{"@type":"ListItem","position":1,"name":"Home","item":"https:\/\/skaitytaknyga.lt\/"},{"@type":"ListItem","position":2,"name":"Parduotuv\u0117","item":"https:\/\/skaitytaknyga.lt\/knygu-parduotuve\/"},{"@type":"ListItem","position":3,"name":"Skruzd\u0117lyt\u0117s Greitut\u0117s nuotykiai"}]},{"@type":"WebSite","@id":"https:\/\/skaitytaknyga.lt\/#website","url":"https:\/\/skaitytaknyga.lt\/","name":"skaitytaknyga.lt","description":"Skaitytaknyga.lt \u2013 tai ma\u017eas \u0161eimos verslas, kuris prasid\u0117jo nuo meil\u0117s knygoms ir siekio i\u0161gelb\u0117ti knygas nuo likimo prie konteinerio. Kas vienam nereikalingas daiktas \u2013 kitam lobis, o mes esame tarpininkai, kurie padeda abiems tapti laimingesniems ???? \u017dinome kaip nelengva i\u0161gyventi ma\u017eiems verslams, tad nuo \u0161iol, \u010dia rasite ir kit\u0173, ma\u017e\u0173 \u0161eim\u0173 versl\u0173, rank\u0173 darbo, dovan\u0173 sau ir artimiesiems.","publisher":{"@id":"https:\/\/skaitytaknyga.lt\/#organization"},"potentialAction":[{"@type":"SearchAction","target":{"@type":"EntryPoint","urlTemplate":"https:\/\/skaitytaknyga.lt\/?s={search_term_string}"},"query-input":{"@type":"PropertyValueSpecification","valueRequired":true,"valueName":"search_term_string"}}],"inLanguage":"en-GB"},{"@type":"Organization","@id":"https:\/\/skaitytaknyga.lt\/#organization","name":"skaitytaknyga.lt","url":"https:\/\/skaitytaknyga.lt\/","logo":{"@type":"ImageObject","inLanguage":"en-GB","@id":"https:\/\/skaitytaknyga.lt\/#\/schema\/logo\/image\/","url":"https:\/\/skaitytaknyga.lt\/wp-content\/uploads\/2024\/05\/cropped-cropped-cropped-02_00843_jt3bggkj1j3HLc7SyY6rEUpg.jpeg","contentUrl":"https:\/\/skaitytaknyga.lt\/wp-content\/uploads\/2024\/05\/cropped-cropped-cropped-02_00843_jt3bggkj1j3HLc7SyY6rEUpg.jpeg","width":1600,"height":1600,"caption":"skaitytaknyga.lt"},"image":{"@id":"https:\/\/skaitytaknyga.lt\/#\/schema\/logo\/image\/"},"sameAs":["https:\/\/www.facebook.com\/skaitytaknyga\/"]}]}},"_links":{"self":[{"href":"https:\/\/skaitytaknyga.lt\/en\/wp-json\/wp\/v2\/product\/17630","targetHints":{"allow":["GET"]}}],"collection":[{"href":"https:\/\/skaitytaknyga.lt\/en\/wp-json\/wp\/v2\/product"}],"about":[{"href":"https:\/\/skaitytaknyga.lt\/en\/wp-json\/wp\/v2\/types\/product"}],"replies":[{"embeddable":true,"href":"https:\/\/skaitytaknyga.lt\/en\/wp-json\/wp\/v2\/comments?post=17630"}],"wp:featuredmedia":[{"embeddable":true,"href":"https:\/\/skaitytaknyga.lt\/en\/wp-json\/wp\/v2\/media\/17631"}],"wp:attachment":[{"href":"https:\/\/skaitytaknyga.lt\/en\/wp-json\/wp\/v2\/media?parent=17630"}],"wp:term":[{"taxonomy":"product_brand","embeddable":true,"href":"https:\/\/skaitytaknyga.lt\/en\/wp-json\/wp\/v2\/product_brand?post=17630"},{"taxonomy":"product_cat","embeddable":true,"href":"https:\/\/skaitytaknyga.lt\/en\/wp-json\/wp\/v2\/product_cat?post=17630"},{"taxonomy":"product_tag","embeddable":true,"href":"https:\/\/skaitytaknyga.lt\/en\/wp-json\/wp\/v2\/product_tag?post=17630"}],"curies":[{"name":"wp","href":"https:\/\/api.w.org\/{rel}","templated":true}]}}