{"id":17622,"date":"2025-03-28T09:10:25","date_gmt":"2025-03-28T07:10:25","guid":{"rendered":"https:\/\/skaitytaknyga.lt\/?post_type=product&#038;p=17622"},"modified":"2025-05-19T15:31:51","modified_gmt":"2025-05-19T12:31:51","slug":"bruknele","status":"publish","type":"product","link":"https:\/\/skaitytaknyga.lt\/en\/produktas\/bruknele\/","title":{"rendered":"Bruknel\u0117"},"content":{"rendered":"<p><strong>\u201eBruknel\u0117\u201c<\/strong>\u00a0\u2013 unikalus lietuvi\u0173 literat\u016bros k\u016brinys. Iki \u0161iol nedaug gro\u017ein\u0117s literat\u016bros autori\u0173 savo k\u016bryboje r\u0117m\u0117si mitologija.\u00a0<strong>Martynas Vainilaitis<\/strong>\u00a0\u2013 vienas i\u0161 t\u0173, kurie ry\u017eosi jos pagrindu sukurti stamb\u0173 ir nepaprastai patraukl\u0173 k\u016brin\u012f. Jam atiduoti a\u0161tuoneri kruop\u0161taus darbo metai studijuojant lietuvi\u0173 tautosak\u0105, gilinantis \u012f Jono Basanavi\u010diaus, Vinco Kr\u0117v\u0117s, Norberto V\u0117liaus ir kit\u0173 specialist\u0173 mokslinius darbus, net \u012f skandinav\u0173 mitologij\u0105&#8230;<\/p>\n<p>Vaizduodamas paslapting\u0105 mitini\u0173 b\u016btybi\u0173 apgyvendint\u0105 pasaul\u012f, kurdamas ry\u0161kius persona\u017e\u0173 charakterius, j\u0173 tarpusavio santykius, siu\u017eeto vingius, ra\u0161ytojas bando atskleisti meil\u0117s ir i\u0161tikimyb\u0117s i\u0161bandymo tem\u0105.<\/p>\n<p>M. Vainilai\u010dio mitologin\u0117 pasaka \u201eBruknel\u0117\u201c \u2013 i\u0161skirtinis k\u016brinys meil\u0117s tema visoje m\u016bs\u0173 vaik\u0173 literat\u016broje.<\/p>\n<p>Knygos dailininkas \u2013 prof. Bronius Leonavi\u010dius. Naujas \u201eBruknel\u0117s\u201c leidimas skiriamas autoriaus ir dailininko 90-me\u010diams.<\/p>\n<ul class=\"about-product d-none d-xl-block mt-4\">\n<li><strong>Autorius:<\/strong>\u00a0Martynas Vainilaitis<\/li>\n<li><strong>Leid\u0117jas:<\/strong>\u00a0\u017dara<\/li>\n<li><strong>Metai:<\/strong> 1991<\/li>\n<li><strong>Puslapiai:<\/strong>\u00a0104<\/li>\n<li class=\"toggleable type-new-formats \"><strong>ISBN:<\/strong>\u00a09789986343967<\/li>\n<li class=\"toggleable type-new-formats \"><strong>Formatas:<\/strong>\u00a023,5 x 27,6 x 1,4 cm, kieti vir\u0161eliai<\/li>\n<li><strong>Kalba:<\/strong>\u00a0Lietuvi\u0173<\/li>\n<\/ul>\n","protected":false},"excerpt":{"rendered":"<p>\u201eBruknel\u0117\u201c\u00a0\u2013 unikalus lietuvi\u0173 literat\u016bros k\u016brinys. Iki \u0161iol nedaug gro\u017ein\u0117s literat\u016bros autori\u0173 savo k\u016bryboje r\u0117m\u0117si mitologija.\u00a0Martynas Vainilaitis\u00a0\u2013 vienas i\u0161 t\u0173, kurie ry\u017eosi jos pagrindu sukurti stamb\u0173 ir nepaprastai patraukl\u0173 k\u016brin\u012f. Jam atiduoti a\u0161tuoneri kruop\u0161taus darbo metai studijuojant lietuvi\u0173 tautosak\u0105, gilinantis \u012f Jono Basanavi\u010diaus, Vinco Kr\u0117v\u0117s, Norberto V\u0117liaus ir kit\u0173 specialist\u0173 mokslinius darbus, net \u012f skandinav\u0173 mitologij\u0105&#8230; Vaizduodamas paslapting\u0105 mitini\u0173 b\u016btybi\u0173 apgyvendint\u0105 pasaul\u012f, kurdamas ry\u0161kius persona\u017e\u0173 charakterius, j\u0173 tarpusavio santykius, siu\u017eeto vingius, ra\u0161ytojas bando atskleisti meil\u0117s ir i\u0161tikimyb\u0117s i\u0161bandymo tem\u0105. M. Vainilai\u010dio mitologin\u0117 pasaka \u201eBruknel\u0117\u201c \u2013 i\u0161skirtinis k\u016brinys meil\u0117s tema visoje m\u016bs\u0173 vaik\u0173 literat\u016broje. Knygos dailininkas \u2013 prof. Bronius Leonavi\u010dius. Naujas \u201eBruknel\u0117s\u201c leidimas skiriamas autoriaus ir dailininko 90-me\u010diams. Autorius:\u00a0Martynas Vainilaitis Leid\u0117jas:\u00a0\u017dara Metai: 1991 Puslapiai:\u00a0104 ISBN:\u00a09789986343967 Formatas:\u00a023,5 x 27,6 x 1,4 cm, kieti vir\u0161eliai Kalba:\u00a0Lietuvi\u0173<\/p>\n","protected":false},"featured_media":17623,"comment_status":"closed","ping_status":"closed","template":"","meta":{"_acf_changed":false,"site-sidebar-layout":"default","site-content-layout":"","ast-site-content-layout":"default","site-content-style":"default","site-sidebar-style":"default","ast-global-header-display":"","ast-banner-title-visibility":"","ast-main-header-display":"","ast-hfb-above-header-display":"","ast-hfb-below-header-display":"","ast-hfb-mobile-header-display":"","site-post-title":"","ast-breadcrumbs-content":"","ast-featured-img":"","footer-sml-layout":"","ast-disable-related-posts":"","theme-transparent-header-meta":"default","adv-header-id-meta":"","stick-header-meta":"","header-above-stick-meta":"","header-main-stick-meta":"","header-below-stick-meta":"","astra-migrate-meta-layouts":"set","ast-page-background-enabled":"default","ast-page-background-meta":{"desktop":{"background-color":"","background-image":"","background-repeat":"repeat","background-position":"center center","background-size":"auto","background-attachment":"scroll","background-type":"","background-media":"","overlay-type":"","overlay-color":"","overlay-opacity":"","overlay-gradient":""},"tablet":{"background-color":"","background-image":"","background-repeat":"repeat","background-position":"center center","background-size":"auto","background-attachment":"scroll","background-type":"","background-media":"","overlay-type":"","overlay-color":"","overlay-opacity":"","overlay-gradient":""},"mobile":{"background-color":"","background-image":"","background-repeat":"repeat","background-position":"center center","background-size":"auto","background-attachment":"scroll","background-type":"","background-media":"","overlay-type":"","overlay-color":"","overlay-opacity":"","overlay-gradient":""}},"ast-content-background-meta":{"desktop":{"background-color":"var(--ast-global-color-4)","background-image":"","background-repeat":"repeat","background-position":"center center","background-size":"auto","background-attachment":"scroll","background-type":"","background-media":"","overlay-type":"","overlay-color":"","overlay-opacity":"","overlay-gradient":""},"tablet":{"background-color":"var(--ast-global-color-4)","background-image":"","background-repeat":"repeat","background-position":"center center","background-size":"auto","background-attachment":"scroll","background-type":"","background-media":"","overlay-type":"","overlay-color":"","overlay-opacity":"","overlay-gradient":""},"mobile":{"background-color":"var(--ast-global-color-4)","background-image":"","background-repeat":"repeat","background-position":"center center","background-size":"auto","background-attachment":"scroll","background-type":"","background-media":"","overlay-type":"","overlay-color":"","overlay-opacity":"","overlay-gradient":""}}},"product_brand":[],"product_cat":[35],"product_tag":[1744,4156,1115,1785],"class_list":{"0":"post-17622","1":"product","2":"type-product","3":"status-publish","4":"has-post-thumbnail","6":"product_cat-vaikams-ir-paaugliams","7":"product_tag-lietuviu-literatura","8":"product_tag-martynas-vainilaitis","9":"product_tag-mitologija","10":"product_tag-vaikams","11":"pa_leidimo-metai-766","12":"desktop-align-left","13":"tablet-align-left","14":"mobile-align-left","16":"first","17":"instock","18":"shipping-taxable","19":"purchasable","20":"product-type-simple"},"acf":[],"yoast_head":"<!-- This site is optimized with the Yoast SEO plugin v27.0 - https:\/\/yoast.com\/product\/yoast-seo-wordpress\/ -->\n<title>Bruknel\u0117<\/title>\n<meta name=\"description\" content=\"\u201eBruknel\u0117\u201c\u00a0\u2013 unikalus lietuvi\u0173 literat\u016bros k\u016brinys. Iki \u0161iol nedaug gro\u017ein\u0117s literat\u016bros autori\u0173 savo k\u016bryboje r\u0117m\u0117si mitologija.\u00a0Martynas Vainilaitis\u00a0\u2013\" \/>\n<meta name=\"robots\" content=\"index, follow, max-snippet:-1, max-image-preview:large, max-video-preview:-1\" \/>\n<link rel=\"canonical\" href=\"https:\/\/skaitytaknyga.lt\/en\/produktas\/bruknele\/\" \/>\n<meta property=\"og:locale\" content=\"en_GB\" \/>\n<meta property=\"og:locale:alternate\" content=\"lt_LT\" \/>\n<meta property=\"og:type\" content=\"article\" \/>\n<meta property=\"og:title\" content=\"Bruknel\u0117\" \/>\n<meta property=\"og:description\" content=\"\u201eBruknel\u0117\u201c\u00a0\u2013 unikalus lietuvi\u0173 literat\u016bros k\u016brinys. Iki \u0161iol nedaug gro\u017ein\u0117s literat\u016bros autori\u0173 savo k\u016bryboje r\u0117m\u0117si mitologija.\u00a0Martynas Vainilaitis\u00a0\u2013\" \/>\n<meta property=\"og:url\" content=\"https:\/\/skaitytaknyga.lt\/en\/produktas\/bruknele\/\" \/>\n<meta property=\"og:site_name\" content=\"Skaitytaknyga\" \/>\n<meta property=\"article:publisher\" content=\"https:\/\/www.facebook.com\/skaitytaknyga\/\" \/>\n<meta property=\"article:modified_time\" content=\"2025-05-19T12:31:51+00:00\" \/>\n<meta property=\"og:image\" content=\"https:\/\/skaitytaknyga.lt\/wp-content\/uploads\/2025\/03\/Bruknele-e1743146003172.webp\" \/>\n\t<meta property=\"og:image:width\" content=\"323\" \/>\n\t<meta property=\"og:image:height\" content=\"387\" \/>\n\t<meta property=\"og:image:type\" content=\"image\/webp\" \/>\n<meta name=\"twitter:card\" content=\"summary_large_image\" \/>\n<meta name=\"twitter:label1\" content=\"Estimated reading time\" \/>\n\t<meta name=\"twitter:data1\" content=\"1 minute\" \/>\n<script type=\"application\/ld+json\" class=\"yoast-schema-graph\">{\"@context\":\"https:\/\/schema.org\",\"@graph\":[{\"@type\":\"WebPage\",\"@id\":\"https:\/\/skaitytaknyga.lt\/produktas\/bruknele\/\",\"url\":\"https:\/\/skaitytaknyga.lt\/produktas\/bruknele\/\",\"name\":\"Bruknel\u0117\",\"isPartOf\":{\"@id\":\"https:\/\/skaitytaknyga.lt\/#website\"},\"primaryImageOfPage\":{\"@id\":\"https:\/\/skaitytaknyga.lt\/produktas\/bruknele\/#primaryimage\"},\"image\":{\"@id\":\"https:\/\/skaitytaknyga.lt\/produktas\/bruknele\/#primaryimage\"},\"thumbnailUrl\":\"https:\/\/skaitytaknyga.lt\/wp-content\/uploads\/2025\/03\/Bruknele-e1743146003172.webp\",\"datePublished\":\"2025-03-28T07:10:25+00:00\",\"dateModified\":\"2025-05-19T12:31:51+00:00\",\"description\":\"\u201eBruknel\u0117\u201c\u00a0\u2013 unikalus lietuvi\u0173 literat\u016bros k\u016brinys. Iki \u0161iol nedaug gro\u017ein\u0117s literat\u016bros autori\u0173 savo k\u016bryboje r\u0117m\u0117si mitologija.\u00a0Martynas Vainilaitis\u00a0\u2013\",\"breadcrumb\":{\"@id\":\"https:\/\/skaitytaknyga.lt\/produktas\/bruknele\/#breadcrumb\"},\"inLanguage\":\"en-GB\",\"potentialAction\":[{\"@type\":\"ReadAction\",\"target\":[\"https:\/\/skaitytaknyga.lt\/produktas\/bruknele\/\"]}]},{\"@type\":\"ImageObject\",\"inLanguage\":\"en-GB\",\"@id\":\"https:\/\/skaitytaknyga.lt\/produktas\/bruknele\/#primaryimage\",\"url\":\"https:\/\/skaitytaknyga.lt\/wp-content\/uploads\/2025\/03\/Bruknele-e1743146003172.webp\",\"contentUrl\":\"https:\/\/skaitytaknyga.lt\/wp-content\/uploads\/2025\/03\/Bruknele-e1743146003172.webp\",\"width\":323,\"height\":387,\"caption\":\"Bruknel\u0117\"},{\"@type\":\"BreadcrumbList\",\"@id\":\"https:\/\/skaitytaknyga.lt\/produktas\/bruknele\/#breadcrumb\",\"itemListElement\":[{\"@type\":\"ListItem\",\"position\":1,\"name\":\"Home\",\"item\":\"https:\/\/skaitytaknyga.lt\/\"},{\"@type\":\"ListItem\",\"position\":2,\"name\":\"Parduotuv\u0117\",\"item\":\"https:\/\/skaitytaknyga.lt\/knygu-parduotuve\/\"},{\"@type\":\"ListItem\",\"position\":3,\"name\":\"Bruknel\u0117\"}]},{\"@type\":\"WebSite\",\"@id\":\"https:\/\/skaitytaknyga.lt\/#website\",\"url\":\"https:\/\/skaitytaknyga.lt\/\",\"name\":\"skaitytaknyga.lt\",\"description\":\"Skaitytaknyga.lt \u2013 tai ma\u017eas \u0161eimos verslas, kuris prasid\u0117jo nuo meil\u0117s knygoms ir siekio i\u0161gelb\u0117ti knygas nuo likimo prie konteinerio. Kas vienam nereikalingas daiktas \u2013 kitam lobis, o mes esame tarpininkai, kurie padeda abiems tapti laimingesniems ???? \u017dinome kaip nelengva i\u0161gyventi ma\u017eiems verslams, tad nuo \u0161iol, \u010dia rasite ir kit\u0173, ma\u017e\u0173 \u0161eim\u0173 versl\u0173, rank\u0173 darbo, dovan\u0173 sau ir artimiesiems.\",\"publisher\":{\"@id\":\"https:\/\/skaitytaknyga.lt\/#organization\"},\"potentialAction\":[{\"@type\":\"SearchAction\",\"target\":{\"@type\":\"EntryPoint\",\"urlTemplate\":\"https:\/\/skaitytaknyga.lt\/?s={search_term_string}\"},\"query-input\":{\"@type\":\"PropertyValueSpecification\",\"valueRequired\":true,\"valueName\":\"search_term_string\"}}],\"inLanguage\":\"en-GB\"},{\"@type\":\"Organization\",\"@id\":\"https:\/\/skaitytaknyga.lt\/#organization\",\"name\":\"skaitytaknyga.lt\",\"url\":\"https:\/\/skaitytaknyga.lt\/\",\"logo\":{\"@type\":\"ImageObject\",\"inLanguage\":\"en-GB\",\"@id\":\"https:\/\/skaitytaknyga.lt\/#\/schema\/logo\/image\/\",\"url\":\"https:\/\/skaitytaknyga.lt\/wp-content\/uploads\/2024\/05\/cropped-cropped-cropped-02_00843_jt3bggkj1j3HLc7SyY6rEUpg.jpeg\",\"contentUrl\":\"https:\/\/skaitytaknyga.lt\/wp-content\/uploads\/2024\/05\/cropped-cropped-cropped-02_00843_jt3bggkj1j3HLc7SyY6rEUpg.jpeg\",\"width\":1600,\"height\":1600,\"caption\":\"skaitytaknyga.lt\"},\"image\":{\"@id\":\"https:\/\/skaitytaknyga.lt\/#\/schema\/logo\/image\/\"},\"sameAs\":[\"https:\/\/www.facebook.com\/skaitytaknyga\/\"]}]}<\/script>\n<!-- \/ Yoast SEO plugin. -->","yoast_head_json":{"title":"Bruknel\u0117","description":"\u201eBruknel\u0117\u201c\u00a0\u2013 unikalus lietuvi\u0173 literat\u016bros k\u016brinys. Iki \u0161iol nedaug gro\u017ein\u0117s literat\u016bros autori\u0173 savo k\u016bryboje r\u0117m\u0117si mitologija.\u00a0Martynas Vainilaitis\u00a0\u2013","robots":{"index":"index","follow":"follow","max-snippet":"max-snippet:-1","max-image-preview":"max-image-preview:large","max-video-preview":"max-video-preview:-1"},"canonical":"https:\/\/skaitytaknyga.lt\/en\/produktas\/bruknele\/","og_locale":"en_GB","og_type":"article","og_title":"[:lt]Bruknel\u0117[:] - Skaitytaknyga","og_description":"\u201eBruknel\u0117\u201c\u00a0\u2013 unikalus lietuvi\u0173 literat\u016bros k\u016brinys. Iki \u0161iol nedaug gro\u017ein\u0117s literat\u016bros autori\u0173 savo k\u016bryboje r\u0117m\u0117si mitologija.\u00a0Martynas Vainilaitis\u00a0\u2013","og_url":"https:\/\/skaitytaknyga.lt\/en\/produktas\/bruknele\/","og_site_name":"Skaitytaknyga","article_publisher":"https:\/\/www.facebook.com\/skaitytaknyga\/","article_modified_time":"2025-05-19T12:31:51+00:00","og_image":[{"width":323,"height":387,"url":"https:\/\/skaitytaknyga.lt\/wp-content\/uploads\/2025\/03\/Bruknele-e1743146003172.webp","type":"image\/webp"}],"twitter_card":"summary_large_image","twitter_misc":{"Estimated reading time":"1 minute"},"schema":{"@context":"https:\/\/schema.org","@graph":[{"@type":"WebPage","@id":"https:\/\/skaitytaknyga.lt\/produktas\/bruknele\/","url":"https:\/\/skaitytaknyga.lt\/produktas\/bruknele\/","name":"Bruknel\u0117","isPartOf":{"@id":"https:\/\/skaitytaknyga.lt\/#website"},"primaryImageOfPage":{"@id":"https:\/\/skaitytaknyga.lt\/produktas\/bruknele\/#primaryimage"},"image":{"@id":"https:\/\/skaitytaknyga.lt\/produktas\/bruknele\/#primaryimage"},"thumbnailUrl":"https:\/\/skaitytaknyga.lt\/wp-content\/uploads\/2025\/03\/Bruknele-e1743146003172.webp","datePublished":"2025-03-28T07:10:25+00:00","dateModified":"2025-05-19T12:31:51+00:00","description":"\u201eBruknel\u0117\u201c\u00a0\u2013 unikalus lietuvi\u0173 literat\u016bros k\u016brinys. Iki \u0161iol nedaug gro\u017ein\u0117s literat\u016bros autori\u0173 savo k\u016bryboje r\u0117m\u0117si mitologija.\u00a0Martynas Vainilaitis\u00a0\u2013","breadcrumb":{"@id":"https:\/\/skaitytaknyga.lt\/produktas\/bruknele\/#breadcrumb"},"inLanguage":"en-GB","potentialAction":[{"@type":"ReadAction","target":["https:\/\/skaitytaknyga.lt\/produktas\/bruknele\/"]}]},{"@type":"ImageObject","inLanguage":"en-GB","@id":"https:\/\/skaitytaknyga.lt\/produktas\/bruknele\/#primaryimage","url":"https:\/\/skaitytaknyga.lt\/wp-content\/uploads\/2025\/03\/Bruknele-e1743146003172.webp","contentUrl":"https:\/\/skaitytaknyga.lt\/wp-content\/uploads\/2025\/03\/Bruknele-e1743146003172.webp","width":323,"height":387,"caption":"Bruknel\u0117"},{"@type":"BreadcrumbList","@id":"https:\/\/skaitytaknyga.lt\/produktas\/bruknele\/#breadcrumb","itemListElement":[{"@type":"ListItem","position":1,"name":"Home","item":"https:\/\/skaitytaknyga.lt\/"},{"@type":"ListItem","position":2,"name":"Parduotuv\u0117","item":"https:\/\/skaitytaknyga.lt\/knygu-parduotuve\/"},{"@type":"ListItem","position":3,"name":"Bruknel\u0117"}]},{"@type":"WebSite","@id":"https:\/\/skaitytaknyga.lt\/#website","url":"https:\/\/skaitytaknyga.lt\/","name":"skaitytaknyga.lt","description":"Skaitytaknyga.lt \u2013 tai ma\u017eas \u0161eimos verslas, kuris prasid\u0117jo nuo meil\u0117s knygoms ir siekio i\u0161gelb\u0117ti knygas nuo likimo prie konteinerio. Kas vienam nereikalingas daiktas \u2013 kitam lobis, o mes esame tarpininkai, kurie padeda abiems tapti laimingesniems ???? \u017dinome kaip nelengva i\u0161gyventi ma\u017eiems verslams, tad nuo \u0161iol, \u010dia rasite ir kit\u0173, ma\u017e\u0173 \u0161eim\u0173 versl\u0173, rank\u0173 darbo, dovan\u0173 sau ir artimiesiems.","publisher":{"@id":"https:\/\/skaitytaknyga.lt\/#organization"},"potentialAction":[{"@type":"SearchAction","target":{"@type":"EntryPoint","urlTemplate":"https:\/\/skaitytaknyga.lt\/?s={search_term_string}"},"query-input":{"@type":"PropertyValueSpecification","valueRequired":true,"valueName":"search_term_string"}}],"inLanguage":"en-GB"},{"@type":"Organization","@id":"https:\/\/skaitytaknyga.lt\/#organization","name":"skaitytaknyga.lt","url":"https:\/\/skaitytaknyga.lt\/","logo":{"@type":"ImageObject","inLanguage":"en-GB","@id":"https:\/\/skaitytaknyga.lt\/#\/schema\/logo\/image\/","url":"https:\/\/skaitytaknyga.lt\/wp-content\/uploads\/2024\/05\/cropped-cropped-cropped-02_00843_jt3bggkj1j3HLc7SyY6rEUpg.jpeg","contentUrl":"https:\/\/skaitytaknyga.lt\/wp-content\/uploads\/2024\/05\/cropped-cropped-cropped-02_00843_jt3bggkj1j3HLc7SyY6rEUpg.jpeg","width":1600,"height":1600,"caption":"skaitytaknyga.lt"},"image":{"@id":"https:\/\/skaitytaknyga.lt\/#\/schema\/logo\/image\/"},"sameAs":["https:\/\/www.facebook.com\/skaitytaknyga\/"]}]}},"_links":{"self":[{"href":"https:\/\/skaitytaknyga.lt\/en\/wp-json\/wp\/v2\/product\/17622","targetHints":{"allow":["GET"]}}],"collection":[{"href":"https:\/\/skaitytaknyga.lt\/en\/wp-json\/wp\/v2\/product"}],"about":[{"href":"https:\/\/skaitytaknyga.lt\/en\/wp-json\/wp\/v2\/types\/product"}],"replies":[{"embeddable":true,"href":"https:\/\/skaitytaknyga.lt\/en\/wp-json\/wp\/v2\/comments?post=17622"}],"wp:featuredmedia":[{"embeddable":true,"href":"https:\/\/skaitytaknyga.lt\/en\/wp-json\/wp\/v2\/media\/17623"}],"wp:attachment":[{"href":"https:\/\/skaitytaknyga.lt\/en\/wp-json\/wp\/v2\/media?parent=17622"}],"wp:term":[{"taxonomy":"product_brand","embeddable":true,"href":"https:\/\/skaitytaknyga.lt\/en\/wp-json\/wp\/v2\/product_brand?post=17622"},{"taxonomy":"product_cat","embeddable":true,"href":"https:\/\/skaitytaknyga.lt\/en\/wp-json\/wp\/v2\/product_cat?post=17622"},{"taxonomy":"product_tag","embeddable":true,"href":"https:\/\/skaitytaknyga.lt\/en\/wp-json\/wp\/v2\/product_tag?post=17622"}],"curies":[{"name":"wp","href":"https:\/\/api.w.org\/{rel}","templated":true}]}}