{"id":17620,"date":"2025-03-28T09:07:28","date_gmt":"2025-03-28T07:07:28","guid":{"rendered":"https:\/\/skaitytaknyga.lt\/?post_type=product&#038;p=17620"},"modified":"2025-03-28T09:08:07","modified_gmt":"2025-03-28T07:08:07","slug":"gamtos-pasaulis-iliustruota-enciklopedija","status":"publish","type":"product","link":"https:\/\/skaitytaknyga.lt\/en\/produktas\/gamtos-pasaulis-iliustruota-enciklopedija\/","title":{"rendered":"Gamtos pasaulis. Iliustruota enciklopedija"},"content":{"rendered":"<p>I\u0161 \u0161ios gamtos pasaulio enciklopedijos su\u017einosite daugyb\u0119 nuostabi\u0173 dalyk\u0173 apie viso pasaulio augalus ir gyv\u016bnsu apie j\u0173 buveines. Med\u017eiaga i\u0161d\u0117styta pagal temas, leidinio gale pateiktas mokslini\u0173 termin\u0173 \u017eodyn\u0117lis, plati rodykl\u0117.<\/p>\n<p>Knygoje rasite ne\u012fkainojamos imformacijos apie daugiau negu 600 augal\u0173 ir gyv\u016bn\u0173 r\u016b\u0161i\u0173. Joje aptariamos ir ekologijos, gyvosios gamtos klasifikavimo bei apsaugos problemos.<\/p>\n<ul class=\"about-product d-none d-xl-block mt-4\">\n<li><strong>Leid\u0117jas:<\/strong>\u00a0\u0160viesa<\/li>\n<li><strong>Metai:<\/strong>\u00a01996<\/li>\n<li><strong>Puslapiai:<\/strong>\u00a096<\/li>\n<li class=\"toggleable type-new-formats \"><strong>ISBN-10:<\/strong>\u00a05430021032<\/li>\n<li class=\"toggleable type-new-formats \"><strong>ISBN-13:<\/strong>\u00a09785430021030<\/li>\n<li class=\"toggleable type-new-formats \"><strong>Formatas:<\/strong>\u00a023 x 31 cm, kieti vir\u0161eliai<\/li>\n<li><strong>Kalba:<\/strong>\u00a0Lietuvi\u0173<\/li>\n<\/ul>\n","protected":false},"excerpt":{"rendered":"<p>I\u0161 \u0161ios gamtos pasaulio enciklopedijos su\u017einosite daugyb\u0119 nuostabi\u0173 dalyk\u0173 apie viso pasaulio augalus ir gyv\u016bnsu apie j\u0173 buveines. Med\u017eiaga i\u0161d\u0117styta pagal temas, leidinio gale pateiktas mokslini\u0173 termin\u0173 \u017eodyn\u0117lis, plati rodykl\u0117. Knygoje rasite ne\u012fkainojamos imformacijos apie daugiau negu 600 augal\u0173 ir gyv\u016bn\u0173 r\u016b\u0161i\u0173. Joje aptariamos ir ekologijos, gyvosios gamtos klasifikavimo bei apsaugos problemos. Leid\u0117jas:\u00a0\u0160viesa Metai:\u00a01996 Puslapiai:\u00a096 ISBN-10:\u00a05430021032 ISBN-13:\u00a09785430021030 Formatas:\u00a023 x 31 cm, kieti vir\u0161eliai Kalba:\u00a0Lietuvi\u0173<\/p>\n","protected":false},"featured_media":17621,"comment_status":"open","ping_status":"closed","template":"","meta":{"_acf_changed":false,"site-sidebar-layout":"default","site-content-layout":"","ast-site-content-layout":"default","site-content-style":"default","site-sidebar-style":"default","ast-global-header-display":"","ast-banner-title-visibility":"","ast-main-header-display":"","ast-hfb-above-header-display":"","ast-hfb-below-header-display":"","ast-hfb-mobile-header-display":"","site-post-title":"","ast-breadcrumbs-content":"","ast-featured-img":"","footer-sml-layout":"","ast-disable-related-posts":"","theme-transparent-header-meta":"default","adv-header-id-meta":"","stick-header-meta":"","header-above-stick-meta":"","header-main-stick-meta":"","header-below-stick-meta":"","astra-migrate-meta-layouts":"set","ast-page-background-enabled":"default","ast-page-background-meta":{"desktop":{"background-color":"","background-image":"","background-repeat":"repeat","background-position":"center center","background-size":"auto","background-attachment":"scroll","background-type":"","background-media":"","overlay-type":"","overlay-color":"","overlay-opacity":"","overlay-gradient":""},"tablet":{"background-color":"","background-image":"","background-repeat":"repeat","background-position":"center center","background-size":"auto","background-attachment":"scroll","background-type":"","background-media":"","overlay-type":"","overlay-color":"","overlay-opacity":"","overlay-gradient":""},"mobile":{"background-color":"","background-image":"","background-repeat":"repeat","background-position":"center center","background-size":"auto","background-attachment":"scroll","background-type":"","background-media":"","overlay-type":"","overlay-color":"","overlay-opacity":"","overlay-gradient":""}},"ast-content-background-meta":{"desktop":{"background-color":"var(--ast-global-color-4)","background-image":"","background-repeat":"repeat","background-position":"center center","background-size":"auto","background-attachment":"scroll","background-type":"","background-media":"","overlay-type":"","overlay-color":"","overlay-opacity":"","overlay-gradient":""},"tablet":{"background-color":"var(--ast-global-color-4)","background-image":"","background-repeat":"repeat","background-position":"center center","background-size":"auto","background-attachment":"scroll","background-type":"","background-media":"","overlay-type":"","overlay-color":"","overlay-opacity":"","overlay-gradient":""},"mobile":{"background-color":"var(--ast-global-color-4)","background-image":"","background-repeat":"repeat","background-position":"center center","background-size":"auto","background-attachment":"scroll","background-type":"","background-media":"","overlay-type":"","overlay-color":"","overlay-opacity":"","overlay-gradient":""}}},"product_brand":[],"product_cat":[269,15],"product_tag":[],"class_list":{"0":"post-17620","1":"product","2":"type-product","3":"status-publish","4":"has-post-thumbnail","6":"product_cat-gamtos-mokslai","7":"product_cat-uncategorized","8":"desktop-align-left","9":"tablet-align-left","10":"mobile-align-left","12":"first","13":"instock","14":"shipping-taxable","15":"purchasable","16":"product-type-simple"},"acf":[],"yoast_head":"<!-- This site is optimized with the Yoast SEO plugin v27.4 - https:\/\/yoast.com\/product\/yoast-seo-wordpress\/ -->\n<title>Gamtos pasaulis. Iliustruota enciklopedija<\/title>\n<meta name=\"description\" content=\"I\u0161 \u0161ios gamtos pasaulio enciklopedijos su\u017einosite daugyb\u0119 nuostabi\u0173 dalyk\u0173 apie viso pasaulio augalus ir gyv\u016bnsu apie j\u0173 buveines. Med\u017eiaga i\u0161d\u0117styta\" \/>\n<meta name=\"robots\" content=\"index, follow, max-snippet:-1, max-image-preview:large, max-video-preview:-1\" \/>\n<link rel=\"canonical\" href=\"https:\/\/skaitytaknyga.lt\/en\/produktas\/gamtos-pasaulis-iliustruota-enciklopedija\/\" \/>\n<meta property=\"og:locale\" content=\"en_GB\" \/>\n<meta property=\"og:locale:alternate\" content=\"lt_LT\" \/>\n<meta property=\"og:type\" content=\"article\" \/>\n<meta property=\"og:title\" content=\"Gamtos pasaulis. Iliustruota enciklopedija\" \/>\n<meta property=\"og:description\" content=\"I\u0161 \u0161ios gamtos pasaulio enciklopedijos su\u017einosite daugyb\u0119 nuostabi\u0173 dalyk\u0173 apie viso pasaulio augalus ir gyv\u016bnsu apie j\u0173 buveines. Med\u017eiaga i\u0161d\u0117styta\" \/>\n<meta property=\"og:url\" content=\"https:\/\/skaitytaknyga.lt\/en\/produktas\/gamtos-pasaulis-iliustruota-enciklopedija\/\" \/>\n<meta property=\"og:site_name\" content=\"Skaitytaknyga\" \/>\n<meta property=\"article:publisher\" content=\"https:\/\/www.facebook.com\/skaitytaknyga\/\" \/>\n<meta property=\"article:modified_time\" content=\"2025-03-28T07:08:07+00:00\" \/>\n<meta property=\"og:image\" content=\"https:\/\/skaitytaknyga.lt\/wp-content\/uploads\/2025\/03\/Gamtos-pasaulis.-Iliustruota-enciklopedija.webp\" \/>\n\t<meta property=\"og:image:width\" content=\"585\" \/>\n\t<meta property=\"og:image:height\" content=\"800\" \/>\n\t<meta property=\"og:image:type\" content=\"image\/webp\" \/>\n<meta name=\"twitter:card\" content=\"summary_large_image\" \/>\n<meta name=\"twitter:label1\" content=\"Estimated reading time\" \/>\n\t<meta name=\"twitter:data1\" content=\"1 minute\" \/>\n<script type=\"application\/ld+json\" class=\"yoast-schema-graph\">{\"@context\":\"https:\\\/\\\/schema.org\",\"@graph\":[{\"@type\":\"WebPage\",\"@id\":\"https:\\\/\\\/skaitytaknyga.lt\\\/produktas\\\/gamtos-pasaulis-iliustruota-enciklopedija\\\/\",\"url\":\"https:\\\/\\\/skaitytaknyga.lt\\\/produktas\\\/gamtos-pasaulis-iliustruota-enciklopedija\\\/\",\"name\":\"Gamtos pasaulis. Iliustruota enciklopedija\",\"isPartOf\":{\"@id\":\"https:\\\/\\\/skaitytaknyga.lt\\\/#website\"},\"primaryImageOfPage\":{\"@id\":\"https:\\\/\\\/skaitytaknyga.lt\\\/produktas\\\/gamtos-pasaulis-iliustruota-enciklopedija\\\/#primaryimage\"},\"image\":{\"@id\":\"https:\\\/\\\/skaitytaknyga.lt\\\/produktas\\\/gamtos-pasaulis-iliustruota-enciklopedija\\\/#primaryimage\"},\"thumbnailUrl\":\"https:\\\/\\\/skaitytaknyga.lt\\\/wp-content\\\/uploads\\\/2025\\\/03\\\/Gamtos-pasaulis.-Iliustruota-enciklopedija.webp\",\"datePublished\":\"2025-03-28T07:07:28+00:00\",\"dateModified\":\"2025-03-28T07:08:07+00:00\",\"description\":\"I\u0161 \u0161ios gamtos pasaulio enciklopedijos su\u017einosite daugyb\u0119 nuostabi\u0173 dalyk\u0173 apie viso pasaulio augalus ir gyv\u016bnsu apie j\u0173 buveines. Med\u017eiaga i\u0161d\u0117styta\",\"breadcrumb\":{\"@id\":\"https:\\\/\\\/skaitytaknyga.lt\\\/produktas\\\/gamtos-pasaulis-iliustruota-enciklopedija\\\/#breadcrumb\"},\"inLanguage\":\"en-GB\",\"potentialAction\":[{\"@type\":\"ReadAction\",\"target\":[\"https:\\\/\\\/skaitytaknyga.lt\\\/produktas\\\/gamtos-pasaulis-iliustruota-enciklopedija\\\/\"]}]},{\"@type\":\"ImageObject\",\"inLanguage\":\"en-GB\",\"@id\":\"https:\\\/\\\/skaitytaknyga.lt\\\/produktas\\\/gamtos-pasaulis-iliustruota-enciklopedija\\\/#primaryimage\",\"url\":\"https:\\\/\\\/skaitytaknyga.lt\\\/wp-content\\\/uploads\\\/2025\\\/03\\\/Gamtos-pasaulis.-Iliustruota-enciklopedija.webp\",\"contentUrl\":\"https:\\\/\\\/skaitytaknyga.lt\\\/wp-content\\\/uploads\\\/2025\\\/03\\\/Gamtos-pasaulis.-Iliustruota-enciklopedija.webp\",\"width\":585,\"height\":800,\"caption\":\"Gamtos pasaulis. Iliustruota enciklopedija\"},{\"@type\":\"BreadcrumbList\",\"@id\":\"https:\\\/\\\/skaitytaknyga.lt\\\/produktas\\\/gamtos-pasaulis-iliustruota-enciklopedija\\\/#breadcrumb\",\"itemListElement\":[{\"@type\":\"ListItem\",\"position\":1,\"name\":\"Home\",\"item\":\"https:\\\/\\\/skaitytaknyga.lt\\\/\"},{\"@type\":\"ListItem\",\"position\":2,\"name\":\"Parduotuv\u0117\",\"item\":\"https:\\\/\\\/skaitytaknyga.lt\\\/knygu-parduotuve\\\/\"},{\"@type\":\"ListItem\",\"position\":3,\"name\":\"Gamtos pasaulis. Iliustruota enciklopedija\"}]},{\"@type\":\"WebSite\",\"@id\":\"https:\\\/\\\/skaitytaknyga.lt\\\/#website\",\"url\":\"https:\\\/\\\/skaitytaknyga.lt\\\/\",\"name\":\"skaitytaknyga.lt\",\"description\":\"Skaitytaknyga.lt \u2013 tai ma\u017eas \u0161eimos verslas, kuris prasid\u0117jo nuo meil\u0117s knygoms ir siekio i\u0161gelb\u0117ti knygas nuo likimo prie konteinerio. Kas vienam nereikalingas daiktas \u2013 kitam lobis, o mes esame tarpininkai, kurie padeda abiems tapti laimingesniems ???? \u017dinome kaip nelengva i\u0161gyventi ma\u017eiems verslams, tad nuo \u0161iol, \u010dia rasite ir kit\u0173, ma\u017e\u0173 \u0161eim\u0173 versl\u0173, rank\u0173 darbo, dovan\u0173 sau ir artimiesiems.\",\"publisher\":{\"@id\":\"https:\\\/\\\/skaitytaknyga.lt\\\/#organization\"},\"potentialAction\":[{\"@type\":\"SearchAction\",\"target\":{\"@type\":\"EntryPoint\",\"urlTemplate\":\"https:\\\/\\\/skaitytaknyga.lt\\\/?s={search_term_string}\"},\"query-input\":{\"@type\":\"PropertyValueSpecification\",\"valueRequired\":true,\"valueName\":\"search_term_string\"}}],\"inLanguage\":\"en-GB\"},{\"@type\":\"Organization\",\"@id\":\"https:\\\/\\\/skaitytaknyga.lt\\\/#organization\",\"name\":\"skaitytaknyga.lt\",\"url\":\"https:\\\/\\\/skaitytaknyga.lt\\\/\",\"logo\":{\"@type\":\"ImageObject\",\"inLanguage\":\"en-GB\",\"@id\":\"https:\\\/\\\/skaitytaknyga.lt\\\/#\\\/schema\\\/logo\\\/image\\\/\",\"url\":\"https:\\\/\\\/skaitytaknyga.lt\\\/wp-content\\\/uploads\\\/2024\\\/05\\\/cropped-cropped-cropped-02_00843_jt3bggkj1j3HLc7SyY6rEUpg.jpeg\",\"contentUrl\":\"https:\\\/\\\/skaitytaknyga.lt\\\/wp-content\\\/uploads\\\/2024\\\/05\\\/cropped-cropped-cropped-02_00843_jt3bggkj1j3HLc7SyY6rEUpg.jpeg\",\"width\":1600,\"height\":1600,\"caption\":\"skaitytaknyga.lt\"},\"image\":{\"@id\":\"https:\\\/\\\/skaitytaknyga.lt\\\/#\\\/schema\\\/logo\\\/image\\\/\"},\"sameAs\":[\"https:\\\/\\\/www.facebook.com\\\/skaitytaknyga\\\/\"]}]}<\/script>\n<!-- \/ Yoast SEO plugin. -->","yoast_head_json":{"title":"Gamtos pasaulis. Iliustruota enciklopedija","description":"I\u0161 \u0161ios gamtos pasaulio enciklopedijos su\u017einosite daugyb\u0119 nuostabi\u0173 dalyk\u0173 apie viso pasaulio augalus ir gyv\u016bnsu apie j\u0173 buveines. Med\u017eiaga i\u0161d\u0117styta","robots":{"index":"index","follow":"follow","max-snippet":"max-snippet:-1","max-image-preview":"max-image-preview:large","max-video-preview":"max-video-preview:-1"},"canonical":"https:\/\/skaitytaknyga.lt\/en\/produktas\/gamtos-pasaulis-iliustruota-enciklopedija\/","og_locale":"en_GB","og_type":"article","og_title":"[:lt]Gamtos pasaulis. Iliustruota enciklopedija[:] - Skaitytaknyga","og_description":"I\u0161 \u0161ios gamtos pasaulio enciklopedijos su\u017einosite daugyb\u0119 nuostabi\u0173 dalyk\u0173 apie viso pasaulio augalus ir gyv\u016bnsu apie j\u0173 buveines. Med\u017eiaga i\u0161d\u0117styta","og_url":"https:\/\/skaitytaknyga.lt\/en\/produktas\/gamtos-pasaulis-iliustruota-enciklopedija\/","og_site_name":"Skaitytaknyga","article_publisher":"https:\/\/www.facebook.com\/skaitytaknyga\/","article_modified_time":"2025-03-28T07:08:07+00:00","og_image":[{"width":585,"height":800,"url":"https:\/\/skaitytaknyga.lt\/wp-content\/uploads\/2025\/03\/Gamtos-pasaulis.-Iliustruota-enciklopedija.webp","type":"image\/webp"}],"twitter_card":"summary_large_image","twitter_misc":{"Estimated reading time":"1 minute"},"schema":{"@context":"https:\/\/schema.org","@graph":[{"@type":"WebPage","@id":"https:\/\/skaitytaknyga.lt\/produktas\/gamtos-pasaulis-iliustruota-enciklopedija\/","url":"https:\/\/skaitytaknyga.lt\/produktas\/gamtos-pasaulis-iliustruota-enciklopedija\/","name":"Gamtos pasaulis. Iliustruota enciklopedija","isPartOf":{"@id":"https:\/\/skaitytaknyga.lt\/#website"},"primaryImageOfPage":{"@id":"https:\/\/skaitytaknyga.lt\/produktas\/gamtos-pasaulis-iliustruota-enciklopedija\/#primaryimage"},"image":{"@id":"https:\/\/skaitytaknyga.lt\/produktas\/gamtos-pasaulis-iliustruota-enciklopedija\/#primaryimage"},"thumbnailUrl":"https:\/\/skaitytaknyga.lt\/wp-content\/uploads\/2025\/03\/Gamtos-pasaulis.-Iliustruota-enciklopedija.webp","datePublished":"2025-03-28T07:07:28+00:00","dateModified":"2025-03-28T07:08:07+00:00","description":"I\u0161 \u0161ios gamtos pasaulio enciklopedijos su\u017einosite daugyb\u0119 nuostabi\u0173 dalyk\u0173 apie viso pasaulio augalus ir gyv\u016bnsu apie j\u0173 buveines. Med\u017eiaga i\u0161d\u0117styta","breadcrumb":{"@id":"https:\/\/skaitytaknyga.lt\/produktas\/gamtos-pasaulis-iliustruota-enciklopedija\/#breadcrumb"},"inLanguage":"en-GB","potentialAction":[{"@type":"ReadAction","target":["https:\/\/skaitytaknyga.lt\/produktas\/gamtos-pasaulis-iliustruota-enciklopedija\/"]}]},{"@type":"ImageObject","inLanguage":"en-GB","@id":"https:\/\/skaitytaknyga.lt\/produktas\/gamtos-pasaulis-iliustruota-enciklopedija\/#primaryimage","url":"https:\/\/skaitytaknyga.lt\/wp-content\/uploads\/2025\/03\/Gamtos-pasaulis.-Iliustruota-enciklopedija.webp","contentUrl":"https:\/\/skaitytaknyga.lt\/wp-content\/uploads\/2025\/03\/Gamtos-pasaulis.-Iliustruota-enciklopedija.webp","width":585,"height":800,"caption":"Gamtos pasaulis. Iliustruota enciklopedija"},{"@type":"BreadcrumbList","@id":"https:\/\/skaitytaknyga.lt\/produktas\/gamtos-pasaulis-iliustruota-enciklopedija\/#breadcrumb","itemListElement":[{"@type":"ListItem","position":1,"name":"Home","item":"https:\/\/skaitytaknyga.lt\/"},{"@type":"ListItem","position":2,"name":"Parduotuv\u0117","item":"https:\/\/skaitytaknyga.lt\/knygu-parduotuve\/"},{"@type":"ListItem","position":3,"name":"Gamtos pasaulis. Iliustruota enciklopedija"}]},{"@type":"WebSite","@id":"https:\/\/skaitytaknyga.lt\/#website","url":"https:\/\/skaitytaknyga.lt\/","name":"skaitytaknyga.lt","description":"Skaitytaknyga.lt \u2013 tai ma\u017eas \u0161eimos verslas, kuris prasid\u0117jo nuo meil\u0117s knygoms ir siekio i\u0161gelb\u0117ti knygas nuo likimo prie konteinerio. Kas vienam nereikalingas daiktas \u2013 kitam lobis, o mes esame tarpininkai, kurie padeda abiems tapti laimingesniems ???? \u017dinome kaip nelengva i\u0161gyventi ma\u017eiems verslams, tad nuo \u0161iol, \u010dia rasite ir kit\u0173, ma\u017e\u0173 \u0161eim\u0173 versl\u0173, rank\u0173 darbo, dovan\u0173 sau ir artimiesiems.","publisher":{"@id":"https:\/\/skaitytaknyga.lt\/#organization"},"potentialAction":[{"@type":"SearchAction","target":{"@type":"EntryPoint","urlTemplate":"https:\/\/skaitytaknyga.lt\/?s={search_term_string}"},"query-input":{"@type":"PropertyValueSpecification","valueRequired":true,"valueName":"search_term_string"}}],"inLanguage":"en-GB"},{"@type":"Organization","@id":"https:\/\/skaitytaknyga.lt\/#organization","name":"skaitytaknyga.lt","url":"https:\/\/skaitytaknyga.lt\/","logo":{"@type":"ImageObject","inLanguage":"en-GB","@id":"https:\/\/skaitytaknyga.lt\/#\/schema\/logo\/image\/","url":"https:\/\/skaitytaknyga.lt\/wp-content\/uploads\/2024\/05\/cropped-cropped-cropped-02_00843_jt3bggkj1j3HLc7SyY6rEUpg.jpeg","contentUrl":"https:\/\/skaitytaknyga.lt\/wp-content\/uploads\/2024\/05\/cropped-cropped-cropped-02_00843_jt3bggkj1j3HLc7SyY6rEUpg.jpeg","width":1600,"height":1600,"caption":"skaitytaknyga.lt"},"image":{"@id":"https:\/\/skaitytaknyga.lt\/#\/schema\/logo\/image\/"},"sameAs":["https:\/\/www.facebook.com\/skaitytaknyga\/"]}]}},"_links":{"self":[{"href":"https:\/\/skaitytaknyga.lt\/en\/wp-json\/wp\/v2\/product\/17620","targetHints":{"allow":["GET"]}}],"collection":[{"href":"https:\/\/skaitytaknyga.lt\/en\/wp-json\/wp\/v2\/product"}],"about":[{"href":"https:\/\/skaitytaknyga.lt\/en\/wp-json\/wp\/v2\/types\/product"}],"replies":[{"embeddable":true,"href":"https:\/\/skaitytaknyga.lt\/en\/wp-json\/wp\/v2\/comments?post=17620"}],"wp:featuredmedia":[{"embeddable":true,"href":"https:\/\/skaitytaknyga.lt\/en\/wp-json\/wp\/v2\/media\/17621"}],"wp:attachment":[{"href":"https:\/\/skaitytaknyga.lt\/en\/wp-json\/wp\/v2\/media?parent=17620"}],"wp:term":[{"taxonomy":"product_brand","embeddable":true,"href":"https:\/\/skaitytaknyga.lt\/en\/wp-json\/wp\/v2\/product_brand?post=17620"},{"taxonomy":"product_cat","embeddable":true,"href":"https:\/\/skaitytaknyga.lt\/en\/wp-json\/wp\/v2\/product_cat?post=17620"},{"taxonomy":"product_tag","embeddable":true,"href":"https:\/\/skaitytaknyga.lt\/en\/wp-json\/wp\/v2\/product_tag?post=17620"}],"curies":[{"name":"wp","href":"https:\/\/api.w.org\/{rel}","templated":true}]}}