{"id":17614,"date":"2025-03-28T08:41:26","date_gmt":"2025-03-28T06:41:26","guid":{"rendered":"https:\/\/skaitytaknyga.lt\/?post_type=product&#038;p=17614"},"modified":"2026-04-18T09:01:15","modified_gmt":"2026-04-18T06:01:15","slug":"ciapajevas-ir-pustota","status":"publish","type":"product","link":"https:\/\/skaitytaknyga.lt\/en\/produktas\/ciapajevas-ir-pustota\/","title":{"rendered":"\u010ciapajevas ir Pustota"},"content":{"rendered":"<p><strong>Viktoras Pelevinas<\/strong>\u00a0(g. 1962) \u2013 \u017emiausias ir m\u012fslingiausias savo kartos rus\u0173 ra\u0161ytojas. Jo k\u016brini\u0173 rinkinys \u201eM\u0117lynas \u017eibintas\u201c 1994 m. buvo \u012fvertintas \u201eMa\u017eojo bukerio\u201c premija, o romanai\u00a0\u201eOmonas Ra\u201c\u00a0ir\u00a0\u201eVabzd\u017ei\u0173 gyvenimas\u201c\u00a0i\u0161versti \u012f de\u0161imtis kalb\u0173.<\/p>\n<p>Roman\u0105\u00a0<strong>\u201e\u010ciapajevas ir Pustota\u201c<\/strong>\u00a0pats ra\u0161ytojas pristato taip: \u201eTai pirmasis pasaulin\u0117je literat\u016broje romanas, kurio veiksmas vyksta absoliu\u010dioje tu\u0161tumoje\u201c.\u00a0O i\u0161 ties\u0173 veiksmas vyksta 1919 m. \u010ciapajevo divizijoje, kurios komisaras Petka Pustota \u2013 pagrindinis romano herojus.<\/p>\n<p>Tai malonus siurprizas netradicinio m\u0105stymo skaitytojui. Psichologi\u0161kai \u012ftaigiai kuriamos situacijos, kuriose skirtingi herojai tampa savoti\u0161ka jungtimi tarp n\u016bdienos ir praeities, tarp gyvenimo ir mirties. Po tariamu pseudofilosofavimu slypi gili dvasin\u0117 XX am\u017eiaus \u017emogaus tragedija: net konkre\u010dios istorin\u0117s realijos nepadeda atskirti sapnuojam\u0173 ko\u0161mar\u0173 ir kliedesi\u0173 nuo slegian\u010dios tikrov\u0117s.<\/p>\n<ul class=\"about-product d-none d-xl-block mt-4\">\n<li><strong>Autorius:<\/strong>\u00a0Viktor Pelevin<\/li>\n<li><strong>Leid\u0117jas:<\/strong>\u00a0Tyto alba<\/li>\n<li><strong>Metai:<\/strong>\u00a01998<\/li>\n<li><strong>Puslapiai:<\/strong>\u00a0332<\/li>\n<li class=\"toggleable type-new-formats \"><strong>ISBN:<\/strong>\u00a09986160766<\/li>\n<li class=\"toggleable type-new-formats \"><strong>Formatas:<\/strong>\u00a014 x 21 x 2 cm, mink\u0161ti vir\u0161eliai<\/li>\n<li><strong>Kalba:<\/strong>\u00a0Lietuvi\u0173<\/li>\n<li><strong>Vert\u0117jas:<\/strong>\u00a0Rimantas Vanagas<\/li>\n<\/ul>\n","protected":false},"excerpt":{"rendered":"<p>Viktoras Pelevinas\u00a0(g. 1962) \u2013 \u017emiausias ir m\u012fslingiausias savo kartos rus\u0173 ra\u0161ytojas. Jo k\u016brini\u0173 rinkinys \u201eM\u0117lynas \u017eibintas\u201c 1994 m. buvo \u012fvertintas \u201eMa\u017eojo bukerio\u201c premija, o romanai\u00a0\u201eOmonas Ra\u201c\u00a0ir\u00a0\u201eVabzd\u017ei\u0173 gyvenimas\u201c\u00a0i\u0161versti \u012f de\u0161imtis kalb\u0173. Roman\u0105\u00a0\u201e\u010ciapajevas ir Pustota\u201c\u00a0pats ra\u0161ytojas pristato taip: \u201eTai pirmasis pasaulin\u0117je literat\u016broje romanas, kurio veiksmas vyksta absoliu\u010dioje tu\u0161tumoje\u201c.\u00a0O i\u0161 ties\u0173 veiksmas vyksta 1919 m. \u010ciapajevo divizijoje, kurios komisaras Petka Pustota \u2013 pagrindinis romano herojus. Tai malonus siurprizas netradicinio m\u0105stymo skaitytojui. Psichologi\u0161kai \u012ftaigiai kuriamos situacijos, kuriose skirtingi herojai tampa savoti\u0161ka jungtimi tarp n\u016bdienos ir praeities, tarp gyvenimo ir mirties. Po tariamu pseudofilosofavimu slypi gili dvasin\u0117 XX am\u017eiaus \u017emogaus tragedija: net konkre\u010dios istorin\u0117s realijos nepadeda atskirti sapnuojam\u0173 ko\u0161mar\u0173 ir kliedesi\u0173 nuo slegian\u010dios tikrov\u0117s. Autorius:\u00a0Viktor Pelevin Leid\u0117jas:\u00a0Tyto alba Metai:\u00a01998 Puslapiai:\u00a0332 ISBN:\u00a09986160766 Formatas:\u00a014 x 21 x 2 cm, mink\u0161ti vir\u0161eliai Kalba:\u00a0Lietuvi\u0173 Vert\u0117jas:\u00a0Rimantas Vanagas<\/p>\n","protected":false},"featured_media":17615,"comment_status":"open","ping_status":"closed","template":"","meta":{"_acf_changed":false,"site-sidebar-layout":"default","site-content-layout":"","ast-site-content-layout":"default","site-content-style":"default","site-sidebar-style":"default","ast-global-header-display":"","ast-banner-title-visibility":"","ast-main-header-display":"","ast-hfb-above-header-display":"","ast-hfb-below-header-display":"","ast-hfb-mobile-header-display":"","site-post-title":"","ast-breadcrumbs-content":"","ast-featured-img":"","footer-sml-layout":"","ast-disable-related-posts":"","theme-transparent-header-meta":"default","adv-header-id-meta":"","stick-header-meta":"","header-above-stick-meta":"","header-main-stick-meta":"","header-below-stick-meta":"","astra-migrate-meta-layouts":"set","ast-page-background-enabled":"default","ast-page-background-meta":{"desktop":{"background-color":"","background-image":"","background-repeat":"repeat","background-position":"center center","background-size":"auto","background-attachment":"scroll","background-type":"","background-media":"","overlay-type":"","overlay-color":"","overlay-opacity":"","overlay-gradient":""},"tablet":{"background-color":"","background-image":"","background-repeat":"repeat","background-position":"center center","background-size":"auto","background-attachment":"scroll","background-type":"","background-media":"","overlay-type":"","overlay-color":"","overlay-opacity":"","overlay-gradient":""},"mobile":{"background-color":"","background-image":"","background-repeat":"repeat","background-position":"center center","background-size":"auto","background-attachment":"scroll","background-type":"","background-media":"","overlay-type":"","overlay-color":"","overlay-opacity":"","overlay-gradient":""}},"ast-content-background-meta":{"desktop":{"background-color":"var(--ast-global-color-4)","background-image":"","background-repeat":"repeat","background-position":"center center","background-size":"auto","background-attachment":"scroll","background-type":"","background-media":"","overlay-type":"","overlay-color":"","overlay-opacity":"","overlay-gradient":""},"tablet":{"background-color":"var(--ast-global-color-4)","background-image":"","background-repeat":"repeat","background-position":"center center","background-size":"auto","background-attachment":"scroll","background-type":"","background-media":"","overlay-type":"","overlay-color":"","overlay-opacity":"","overlay-gradient":""},"mobile":{"background-color":"var(--ast-global-color-4)","background-image":"","background-repeat":"repeat","background-position":"center center","background-size":"auto","background-attachment":"scroll","background-type":"","background-media":"","overlay-type":"","overlay-color":"","overlay-opacity":"","overlay-gradient":""}}},"product_brand":[],"product_cat":[31,15],"product_tag":[],"class_list":{"0":"post-17614","1":"product","2":"type-product","3":"status-publish","4":"has-post-thumbnail","6":"product_cat-grozine-literatura","7":"product_cat-uncategorized","8":"desktop-align-left","9":"tablet-align-left","10":"mobile-align-left","12":"first","13":"instock","14":"shipping-taxable","15":"purchasable","16":"product-type-simple"},"acf":[],"yoast_head":"<!-- This site is optimized with the Yoast SEO plugin v27.4 - https:\/\/yoast.com\/product\/yoast-seo-wordpress\/ -->\n<title>\u010ciapajevas ir Pustota<\/title>\n<meta name=\"description\" content=\"Viktoras Pelevinas\u00a0(g. 1962) \u2013 \u017emiausias ir m\u012fslingiausias savo kartos rus\u0173 ra\u0161ytojas. Jo k\u016brini\u0173 rinkinys \u201eM\u0117lynas \u017eibintas\u201c 1994 m. buvo \u012fvertintas\" \/>\n<meta name=\"robots\" content=\"index, follow, max-snippet:-1, max-image-preview:large, max-video-preview:-1\" \/>\n<link rel=\"canonical\" href=\"https:\/\/skaitytaknyga.lt\/en\/produktas\/ciapajevas-ir-pustota\/\" \/>\n<meta property=\"og:locale\" content=\"en_GB\" \/>\n<meta property=\"og:locale:alternate\" content=\"lt_LT\" \/>\n<meta property=\"og:type\" content=\"article\" \/>\n<meta property=\"og:title\" content=\"\u010ciapajevas ir Pustota\" \/>\n<meta property=\"og:description\" content=\"Viktoras Pelevinas\u00a0(g. 1962) \u2013 \u017emiausias ir m\u012fslingiausias savo kartos rus\u0173 ra\u0161ytojas. Jo k\u016brini\u0173 rinkinys \u201eM\u0117lynas \u017eibintas\u201c 1994 m. buvo \u012fvertintas\" \/>\n<meta property=\"og:url\" content=\"https:\/\/skaitytaknyga.lt\/en\/produktas\/ciapajevas-ir-pustota\/\" \/>\n<meta property=\"og:site_name\" content=\"Skaitytaknyga\" \/>\n<meta property=\"article:publisher\" content=\"https:\/\/www.facebook.com\/skaitytaknyga\/\" \/>\n<meta property=\"article:modified_time\" content=\"2026-04-18T06:01:15+00:00\" \/>\n<meta property=\"og:image\" content=\"https:\/\/skaitytaknyga.lt\/wp-content\/uploads\/2025\/03\/Ciapajevas-ir-Pustota.webp\" \/>\n\t<meta property=\"og:image:width\" content=\"539\" \/>\n\t<meta property=\"og:image:height\" content=\"800\" \/>\n\t<meta property=\"og:image:type\" content=\"image\/webp\" \/>\n<meta name=\"twitter:card\" content=\"summary_large_image\" \/>\n<meta name=\"twitter:label1\" content=\"Estimated reading time\" \/>\n\t<meta name=\"twitter:data1\" content=\"1 minute\" \/>\n<script type=\"application\/ld+json\" class=\"yoast-schema-graph\">{\"@context\":\"https:\\\/\\\/schema.org\",\"@graph\":[{\"@type\":\"WebPage\",\"@id\":\"https:\\\/\\\/skaitytaknyga.lt\\\/produktas\\\/ciapajevas-ir-pustota\\\/\",\"url\":\"https:\\\/\\\/skaitytaknyga.lt\\\/produktas\\\/ciapajevas-ir-pustota\\\/\",\"name\":\"\u010ciapajevas ir Pustota\",\"isPartOf\":{\"@id\":\"https:\\\/\\\/skaitytaknyga.lt\\\/#website\"},\"primaryImageOfPage\":{\"@id\":\"https:\\\/\\\/skaitytaknyga.lt\\\/produktas\\\/ciapajevas-ir-pustota\\\/#primaryimage\"},\"image\":{\"@id\":\"https:\\\/\\\/skaitytaknyga.lt\\\/produktas\\\/ciapajevas-ir-pustota\\\/#primaryimage\"},\"thumbnailUrl\":\"https:\\\/\\\/skaitytaknyga.lt\\\/wp-content\\\/uploads\\\/2025\\\/03\\\/Ciapajevas-ir-Pustota.webp\",\"datePublished\":\"2025-03-28T06:41:26+00:00\",\"dateModified\":\"2026-04-18T06:01:15+00:00\",\"description\":\"Viktoras Pelevinas\u00a0(g. 1962) \u2013 \u017emiausias ir m\u012fslingiausias savo kartos rus\u0173 ra\u0161ytojas. Jo k\u016brini\u0173 rinkinys \u201eM\u0117lynas \u017eibintas\u201c 1994 m. buvo \u012fvertintas\",\"breadcrumb\":{\"@id\":\"https:\\\/\\\/skaitytaknyga.lt\\\/produktas\\\/ciapajevas-ir-pustota\\\/#breadcrumb\"},\"inLanguage\":\"en-GB\",\"potentialAction\":[{\"@type\":\"ReadAction\",\"target\":[\"https:\\\/\\\/skaitytaknyga.lt\\\/produktas\\\/ciapajevas-ir-pustota\\\/\"]}]},{\"@type\":\"ImageObject\",\"inLanguage\":\"en-GB\",\"@id\":\"https:\\\/\\\/skaitytaknyga.lt\\\/produktas\\\/ciapajevas-ir-pustota\\\/#primaryimage\",\"url\":\"https:\\\/\\\/skaitytaknyga.lt\\\/wp-content\\\/uploads\\\/2025\\\/03\\\/Ciapajevas-ir-Pustota.webp\",\"contentUrl\":\"https:\\\/\\\/skaitytaknyga.lt\\\/wp-content\\\/uploads\\\/2025\\\/03\\\/Ciapajevas-ir-Pustota.webp\",\"width\":539,\"height\":800,\"caption\":\"\u010ciapajevas ir Pustota\"},{\"@type\":\"BreadcrumbList\",\"@id\":\"https:\\\/\\\/skaitytaknyga.lt\\\/produktas\\\/ciapajevas-ir-pustota\\\/#breadcrumb\",\"itemListElement\":[{\"@type\":\"ListItem\",\"position\":1,\"name\":\"Home\",\"item\":\"https:\\\/\\\/skaitytaknyga.lt\\\/\"},{\"@type\":\"ListItem\",\"position\":2,\"name\":\"Parduotuv\u0117\",\"item\":\"https:\\\/\\\/skaitytaknyga.lt\\\/knygu-parduotuve\\\/\"},{\"@type\":\"ListItem\",\"position\":3,\"name\":\"\u010ciapajevas ir Pustota\"}]},{\"@type\":\"WebSite\",\"@id\":\"https:\\\/\\\/skaitytaknyga.lt\\\/#website\",\"url\":\"https:\\\/\\\/skaitytaknyga.lt\\\/\",\"name\":\"skaitytaknyga.lt\",\"description\":\"Skaitytaknyga.lt \u2013 tai ma\u017eas \u0161eimos verslas, kuris prasid\u0117jo nuo meil\u0117s knygoms ir siekio i\u0161gelb\u0117ti knygas nuo likimo prie konteinerio. Kas vienam nereikalingas daiktas \u2013 kitam lobis, o mes esame tarpininkai, kurie padeda abiems tapti laimingesniems ???? \u017dinome kaip nelengva i\u0161gyventi ma\u017eiems verslams, tad nuo \u0161iol, \u010dia rasite ir kit\u0173, ma\u017e\u0173 \u0161eim\u0173 versl\u0173, rank\u0173 darbo, dovan\u0173 sau ir artimiesiems.\",\"publisher\":{\"@id\":\"https:\\\/\\\/skaitytaknyga.lt\\\/#organization\"},\"potentialAction\":[{\"@type\":\"SearchAction\",\"target\":{\"@type\":\"EntryPoint\",\"urlTemplate\":\"https:\\\/\\\/skaitytaknyga.lt\\\/?s={search_term_string}\"},\"query-input\":{\"@type\":\"PropertyValueSpecification\",\"valueRequired\":true,\"valueName\":\"search_term_string\"}}],\"inLanguage\":\"en-GB\"},{\"@type\":\"Organization\",\"@id\":\"https:\\\/\\\/skaitytaknyga.lt\\\/#organization\",\"name\":\"skaitytaknyga.lt\",\"url\":\"https:\\\/\\\/skaitytaknyga.lt\\\/\",\"logo\":{\"@type\":\"ImageObject\",\"inLanguage\":\"en-GB\",\"@id\":\"https:\\\/\\\/skaitytaknyga.lt\\\/#\\\/schema\\\/logo\\\/image\\\/\",\"url\":\"https:\\\/\\\/skaitytaknyga.lt\\\/wp-content\\\/uploads\\\/2024\\\/05\\\/cropped-cropped-cropped-02_00843_jt3bggkj1j3HLc7SyY6rEUpg.jpeg\",\"contentUrl\":\"https:\\\/\\\/skaitytaknyga.lt\\\/wp-content\\\/uploads\\\/2024\\\/05\\\/cropped-cropped-cropped-02_00843_jt3bggkj1j3HLc7SyY6rEUpg.jpeg\",\"width\":1600,\"height\":1600,\"caption\":\"skaitytaknyga.lt\"},\"image\":{\"@id\":\"https:\\\/\\\/skaitytaknyga.lt\\\/#\\\/schema\\\/logo\\\/image\\\/\"},\"sameAs\":[\"https:\\\/\\\/www.facebook.com\\\/skaitytaknyga\\\/\"]}]}<\/script>\n<!-- \/ Yoast SEO plugin. -->","yoast_head_json":{"title":"\u010ciapajevas ir Pustota","description":"Viktoras Pelevinas\u00a0(g. 1962) \u2013 \u017emiausias ir m\u012fslingiausias savo kartos rus\u0173 ra\u0161ytojas. Jo k\u016brini\u0173 rinkinys \u201eM\u0117lynas \u017eibintas\u201c 1994 m. buvo \u012fvertintas","robots":{"index":"index","follow":"follow","max-snippet":"max-snippet:-1","max-image-preview":"max-image-preview:large","max-video-preview":"max-video-preview:-1"},"canonical":"https:\/\/skaitytaknyga.lt\/en\/produktas\/ciapajevas-ir-pustota\/","og_locale":"en_GB","og_type":"article","og_title":"[:lt]\u010ciapajevas ir Pustota[:] - Skaitytaknyga","og_description":"Viktoras Pelevinas\u00a0(g. 1962) \u2013 \u017emiausias ir m\u012fslingiausias savo kartos rus\u0173 ra\u0161ytojas. Jo k\u016brini\u0173 rinkinys \u201eM\u0117lynas \u017eibintas\u201c 1994 m. buvo \u012fvertintas","og_url":"https:\/\/skaitytaknyga.lt\/en\/produktas\/ciapajevas-ir-pustota\/","og_site_name":"Skaitytaknyga","article_publisher":"https:\/\/www.facebook.com\/skaitytaknyga\/","article_modified_time":"2026-04-18T06:01:15+00:00","og_image":[{"width":539,"height":800,"url":"https:\/\/skaitytaknyga.lt\/wp-content\/uploads\/2025\/03\/Ciapajevas-ir-Pustota.webp","type":"image\/webp"}],"twitter_card":"summary_large_image","twitter_misc":{"Estimated reading time":"1 minute"},"schema":{"@context":"https:\/\/schema.org","@graph":[{"@type":"WebPage","@id":"https:\/\/skaitytaknyga.lt\/produktas\/ciapajevas-ir-pustota\/","url":"https:\/\/skaitytaknyga.lt\/produktas\/ciapajevas-ir-pustota\/","name":"\u010ciapajevas ir Pustota","isPartOf":{"@id":"https:\/\/skaitytaknyga.lt\/#website"},"primaryImageOfPage":{"@id":"https:\/\/skaitytaknyga.lt\/produktas\/ciapajevas-ir-pustota\/#primaryimage"},"image":{"@id":"https:\/\/skaitytaknyga.lt\/produktas\/ciapajevas-ir-pustota\/#primaryimage"},"thumbnailUrl":"https:\/\/skaitytaknyga.lt\/wp-content\/uploads\/2025\/03\/Ciapajevas-ir-Pustota.webp","datePublished":"2025-03-28T06:41:26+00:00","dateModified":"2026-04-18T06:01:15+00:00","description":"Viktoras Pelevinas\u00a0(g. 1962) \u2013 \u017emiausias ir m\u012fslingiausias savo kartos rus\u0173 ra\u0161ytojas. Jo k\u016brini\u0173 rinkinys \u201eM\u0117lynas \u017eibintas\u201c 1994 m. buvo \u012fvertintas","breadcrumb":{"@id":"https:\/\/skaitytaknyga.lt\/produktas\/ciapajevas-ir-pustota\/#breadcrumb"},"inLanguage":"en-GB","potentialAction":[{"@type":"ReadAction","target":["https:\/\/skaitytaknyga.lt\/produktas\/ciapajevas-ir-pustota\/"]}]},{"@type":"ImageObject","inLanguage":"en-GB","@id":"https:\/\/skaitytaknyga.lt\/produktas\/ciapajevas-ir-pustota\/#primaryimage","url":"https:\/\/skaitytaknyga.lt\/wp-content\/uploads\/2025\/03\/Ciapajevas-ir-Pustota.webp","contentUrl":"https:\/\/skaitytaknyga.lt\/wp-content\/uploads\/2025\/03\/Ciapajevas-ir-Pustota.webp","width":539,"height":800,"caption":"\u010ciapajevas ir Pustota"},{"@type":"BreadcrumbList","@id":"https:\/\/skaitytaknyga.lt\/produktas\/ciapajevas-ir-pustota\/#breadcrumb","itemListElement":[{"@type":"ListItem","position":1,"name":"Home","item":"https:\/\/skaitytaknyga.lt\/"},{"@type":"ListItem","position":2,"name":"Parduotuv\u0117","item":"https:\/\/skaitytaknyga.lt\/knygu-parduotuve\/"},{"@type":"ListItem","position":3,"name":"\u010ciapajevas ir Pustota"}]},{"@type":"WebSite","@id":"https:\/\/skaitytaknyga.lt\/#website","url":"https:\/\/skaitytaknyga.lt\/","name":"skaitytaknyga.lt","description":"Skaitytaknyga.lt \u2013 tai ma\u017eas \u0161eimos verslas, kuris prasid\u0117jo nuo meil\u0117s knygoms ir siekio i\u0161gelb\u0117ti knygas nuo likimo prie konteinerio. Kas vienam nereikalingas daiktas \u2013 kitam lobis, o mes esame tarpininkai, kurie padeda abiems tapti laimingesniems ???? \u017dinome kaip nelengva i\u0161gyventi ma\u017eiems verslams, tad nuo \u0161iol, \u010dia rasite ir kit\u0173, ma\u017e\u0173 \u0161eim\u0173 versl\u0173, rank\u0173 darbo, dovan\u0173 sau ir artimiesiems.","publisher":{"@id":"https:\/\/skaitytaknyga.lt\/#organization"},"potentialAction":[{"@type":"SearchAction","target":{"@type":"EntryPoint","urlTemplate":"https:\/\/skaitytaknyga.lt\/?s={search_term_string}"},"query-input":{"@type":"PropertyValueSpecification","valueRequired":true,"valueName":"search_term_string"}}],"inLanguage":"en-GB"},{"@type":"Organization","@id":"https:\/\/skaitytaknyga.lt\/#organization","name":"skaitytaknyga.lt","url":"https:\/\/skaitytaknyga.lt\/","logo":{"@type":"ImageObject","inLanguage":"en-GB","@id":"https:\/\/skaitytaknyga.lt\/#\/schema\/logo\/image\/","url":"https:\/\/skaitytaknyga.lt\/wp-content\/uploads\/2024\/05\/cropped-cropped-cropped-02_00843_jt3bggkj1j3HLc7SyY6rEUpg.jpeg","contentUrl":"https:\/\/skaitytaknyga.lt\/wp-content\/uploads\/2024\/05\/cropped-cropped-cropped-02_00843_jt3bggkj1j3HLc7SyY6rEUpg.jpeg","width":1600,"height":1600,"caption":"skaitytaknyga.lt"},"image":{"@id":"https:\/\/skaitytaknyga.lt\/#\/schema\/logo\/image\/"},"sameAs":["https:\/\/www.facebook.com\/skaitytaknyga\/"]}]}},"_links":{"self":[{"href":"https:\/\/skaitytaknyga.lt\/en\/wp-json\/wp\/v2\/product\/17614","targetHints":{"allow":["GET"]}}],"collection":[{"href":"https:\/\/skaitytaknyga.lt\/en\/wp-json\/wp\/v2\/product"}],"about":[{"href":"https:\/\/skaitytaknyga.lt\/en\/wp-json\/wp\/v2\/types\/product"}],"replies":[{"embeddable":true,"href":"https:\/\/skaitytaknyga.lt\/en\/wp-json\/wp\/v2\/comments?post=17614"}],"wp:featuredmedia":[{"embeddable":true,"href":"https:\/\/skaitytaknyga.lt\/en\/wp-json\/wp\/v2\/media\/17615"}],"wp:attachment":[{"href":"https:\/\/skaitytaknyga.lt\/en\/wp-json\/wp\/v2\/media?parent=17614"}],"wp:term":[{"taxonomy":"product_brand","embeddable":true,"href":"https:\/\/skaitytaknyga.lt\/en\/wp-json\/wp\/v2\/product_brand?post=17614"},{"taxonomy":"product_cat","embeddable":true,"href":"https:\/\/skaitytaknyga.lt\/en\/wp-json\/wp\/v2\/product_cat?post=17614"},{"taxonomy":"product_tag","embeddable":true,"href":"https:\/\/skaitytaknyga.lt\/en\/wp-json\/wp\/v2\/product_tag?post=17614"}],"curies":[{"name":"wp","href":"https:\/\/api.w.org\/{rel}","templated":true}]}}