{"id":17559,"date":"2025-03-23T19:32:32","date_gmt":"2025-03-23T17:32:32","guid":{"rendered":"https:\/\/skaitytaknyga.lt\/?post_type=product&#038;p=17559"},"modified":"2025-06-11T08:34:29","modified_gmt":"2025-06-11T05:34:29","slug":"seidzija-ir-jos-bebrai","status":"publish","type":"product","link":"https:\/\/skaitytaknyga.lt\/en\/produktas\/seidzija-ir-jos-bebrai\/","title":{"rendered":"Seid\u017eija ir jos bebrai"},"content":{"rendered":"<p>Pilkoji Pel\u0117da (Grey Owl), tikroji pavard\u0117 Archibaldas Stansfeldas Belaney (1888&#8211;1938), gim\u0117 Anglijoje. Nuo pat vaikyst\u0117s labai myl\u0117jo gamt\u0105 ir svajojo gyventi su ind\u0117nais. Sulauk\u0119s 17 met\u0173, jis i\u0161vyko \u012f Kanad\u0105, o netrukus atsid\u016br\u0117 prie Temagami e\u017eero ind\u0117n\u0173 genties od\u017eibvi\u0173 gyvenamoje teritorijoje.<\/p>\n<p>Archibaldas greit per\u0117m\u0117 ind\u0117n\u0173 gyvenimo b\u016bd\u0105, ir niekas negal\u0117jo net \u012ftarti, kad jis nevietinis. Jis pasivadino Did\u017ei\u0105ja Pilk\u0105ja Pel\u0117da (originalo kalba Wa-Sha-Quon-Asin). Nors kur\u012f laik\u0105 buvo u\u017ekiet\u0117j\u0119s med\u017eiotojas, kaip pats prisipa\u017e\u012fsta, kart\u0105 jam atsiv\u0117r\u0117 akys, pasibais\u0117jo gyv\u016bn\u0173 \u017eudymu, tapo entuziastingu gamtos tyr\u0117ju ir gyn\u0117ju.<\/p>\n<p>Vaikams skirtoje knygoje<strong>\u00a0\u201eSEID\u017dIJA IR JOS BEBRAI\u201c<\/strong>\u00a0pasakojama apie Seid\u017eijos ir jos brolio \u0160eipiano nuotykius auginant ir gelb\u0117jant bebriukus. Tai vienas i\u0161 gra\u017eiausi\u0173 pasaulin\u0117je literat\u016broje pasakojim\u0173 apie vaik\u0173 meil\u0119 gamtai.<\/p>\n<p>Su pagrindiniais herojais i\u0161gyvensime nepakartojamus nuotykius, dar kart\u0105 \u017eav\u0117sim\u0117s ind\u0117n\u0173 narsumu ir kilnumu.<\/p>\n<ul class=\"about-product d-none d-xl-block mt-4\">\n<li><strong>Autorius:<\/strong>\u00a0Pilkoji Pel\u0117da<\/li>\n<li><strong>Leid\u0117jas:<\/strong>\u00a0Andrena<\/li>\n<li><strong>Metai:<\/strong>\u00a02021<\/li>\n<li><strong>Puslapiai:<\/strong>\u00a0224<\/li>\n<li class=\"toggleable type-new-formats \"><strong>ISBN:<\/strong>\u00a09789986370925<\/li>\n<li class=\"toggleable type-new-formats \"><strong>Formatas:<\/strong>\u00a015 x 21 cm, mink\u0161ti vir\u0161eliai<\/li>\n<li><strong>Kalba:<\/strong>\u00a0Lietuvi\u0173<\/li>\n<li><strong>Vert\u0117jas:<\/strong>\u00a0Giedr\u0117 Juodvalkyt\u0117<\/li>\n<\/ul>\n","protected":false},"excerpt":{"rendered":"<p>Pilkoji Pel\u0117da (Grey Owl), tikroji pavard\u0117 Archibaldas Stansfeldas Belaney (1888&#8211;1938), gim\u0117 Anglijoje. Nuo pat vaikyst\u0117s labai myl\u0117jo gamt\u0105 ir svajojo gyventi su ind\u0117nais. Sulauk\u0119s 17 met\u0173, jis i\u0161vyko \u012f Kanad\u0105, o netrukus atsid\u016br\u0117 prie Temagami e\u017eero ind\u0117n\u0173 genties od\u017eibvi\u0173 gyvenamoje teritorijoje. Archibaldas greit per\u0117m\u0117 ind\u0117n\u0173 gyvenimo b\u016bd\u0105, ir niekas negal\u0117jo net \u012ftarti, kad jis nevietinis. Jis pasivadino Did\u017ei\u0105ja Pilk\u0105ja Pel\u0117da (originalo kalba Wa-Sha-Quon-Asin). Nors kur\u012f laik\u0105 buvo u\u017ekiet\u0117j\u0119s med\u017eiotojas, kaip pats prisipa\u017e\u012fsta, kart\u0105 jam atsiv\u0117r\u0117 akys, pasibais\u0117jo gyv\u016bn\u0173 \u017eudymu, tapo entuziastingu gamtos tyr\u0117ju ir gyn\u0117ju. Vaikams skirtoje knygoje\u00a0\u201eSEID\u017dIJA IR JOS BEBRAI\u201c\u00a0pasakojama apie Seid\u017eijos ir jos brolio \u0160eipiano nuotykius auginant ir gelb\u0117jant bebriukus. Tai vienas i\u0161 gra\u017eiausi\u0173 pasaulin\u0117je literat\u016broje pasakojim\u0173 apie vaik\u0173 meil\u0119 gamtai. Su pagrindiniais herojais i\u0161gyvensime nepakartojamus nuotykius, dar kart\u0105 \u017eav\u0117sim\u0117s ind\u0117n\u0173 narsumu ir kilnumu. Autorius:\u00a0Pilkoji Pel\u0117da Leid\u0117jas:\u00a0Andrena Metai:\u00a02021 Puslapiai:\u00a0224 ISBN:\u00a09789986370925 Formatas:\u00a015 x 21 cm, mink\u0161ti vir\u0161eliai Kalba:\u00a0Lietuvi\u0173 Vert\u0117jas:\u00a0Giedr\u0117 Juodvalkyt\u0117<\/p>\n","protected":false},"featured_media":17560,"comment_status":"closed","ping_status":"closed","template":"","meta":{"_acf_changed":false,"site-sidebar-layout":"default","site-content-layout":"","ast-site-content-layout":"default","site-content-style":"default","site-sidebar-style":"default","ast-global-header-display":"","ast-banner-title-visibility":"","ast-main-header-display":"","ast-hfb-above-header-display":"","ast-hfb-below-header-display":"","ast-hfb-mobile-header-display":"","site-post-title":"","ast-breadcrumbs-content":"","ast-featured-img":"","footer-sml-layout":"","ast-disable-related-posts":"","theme-transparent-header-meta":"default","adv-header-id-meta":"","stick-header-meta":"","header-above-stick-meta":"","header-main-stick-meta":"","header-below-stick-meta":"","astra-migrate-meta-layouts":"set","ast-page-background-enabled":"default","ast-page-background-meta":{"desktop":{"background-color":"","background-image":"","background-repeat":"repeat","background-position":"center center","background-size":"auto","background-attachment":"scroll","background-type":"","background-media":"","overlay-type":"","overlay-color":"","overlay-opacity":"","overlay-gradient":""},"tablet":{"background-color":"","background-image":"","background-repeat":"repeat","background-position":"center center","background-size":"auto","background-attachment":"scroll","background-type":"","background-media":"","overlay-type":"","overlay-color":"","overlay-opacity":"","overlay-gradient":""},"mobile":{"background-color":"","background-image":"","background-repeat":"repeat","background-position":"center center","background-size":"auto","background-attachment":"scroll","background-type":"","background-media":"","overlay-type":"","overlay-color":"","overlay-opacity":"","overlay-gradient":""}},"ast-content-background-meta":{"desktop":{"background-color":"var(--ast-global-color-4)","background-image":"","background-repeat":"repeat","background-position":"center center","background-size":"auto","background-attachment":"scroll","background-type":"","background-media":"","overlay-type":"","overlay-color":"","overlay-opacity":"","overlay-gradient":""},"tablet":{"background-color":"var(--ast-global-color-4)","background-image":"","background-repeat":"repeat","background-position":"center center","background-size":"auto","background-attachment":"scroll","background-type":"","background-media":"","overlay-type":"","overlay-color":"","overlay-opacity":"","overlay-gradient":""},"mobile":{"background-color":"var(--ast-global-color-4)","background-image":"","background-repeat":"repeat","background-position":"center center","background-size":"auto","background-attachment":"scroll","background-type":"","background-media":"","overlay-type":"","overlay-color":"","overlay-opacity":"","overlay-gradient":""}}},"product_brand":[],"product_cat":[35],"product_tag":[4840,4841,4845,1802,4843,3375,4839,1451,4837,4838,1645,4844,4842],"class_list":{"0":"post-17559","1":"product","2":"type-product","3":"status-publish","4":"has-post-thumbnail","6":"product_cat-vaikams-ir-paaugliams","7":"product_tag-andrena","8":"product_tag-archibaldas-stansfeldas-belaney","9":"product_tag-bebriukai","10":"product_tag-gamta","11":"product_tag-gamtos-gynejas","12":"product_tag-indenai","13":"product_tag-meile-gamtai","14":"product_tag-nuotykiai","15":"product_tag-pilkoji-peleda","16":"product_tag-seidzija-ir-jos-bebrai","17":"product_tag-vaiku-literatura","18":"product_tag-vaiku-meile","19":"product_tag-wa-sha-quon-asin","20":"pa_leidimo-metai-766","21":"desktop-align-left","22":"tablet-align-left","23":"mobile-align-left","25":"first","26":"instock","27":"shipping-taxable","28":"purchasable","29":"product-type-simple"},"acf":[],"yoast_head":"<!-- This site is optimized with the Yoast SEO plugin v27.0 - https:\/\/yoast.com\/product\/yoast-seo-wordpress\/ -->\n<title>Seid\u017eija ir jos bebrai<\/title>\n<meta name=\"description\" content=\"Pilkoji Pel\u0117da (Grey Owl), tikroji pavard\u0117 Archibaldas Stansfeldas Belaney (1888--1938), gim\u0117 Anglijoje. Nuo pat vaikyst\u0117s labai myl\u0117jo gamt\u0105 ir svajojo\" \/>\n<meta name=\"robots\" content=\"index, follow, max-snippet:-1, max-image-preview:large, max-video-preview:-1\" \/>\n<link rel=\"canonical\" href=\"https:\/\/skaitytaknyga.lt\/en\/produktas\/seidzija-ir-jos-bebrai\/\" \/>\n<meta property=\"og:locale\" content=\"en_GB\" \/>\n<meta property=\"og:locale:alternate\" content=\"lt_LT\" \/>\n<meta property=\"og:type\" content=\"article\" \/>\n<meta property=\"og:title\" content=\"Seid\u017eija ir jos bebrai\" \/>\n<meta property=\"og:description\" content=\"Pilkoji Pel\u0117da (Grey Owl), tikroji pavard\u0117 Archibaldas Stansfeldas Belaney (1888--1938), gim\u0117 Anglijoje. Nuo pat vaikyst\u0117s labai myl\u0117jo gamt\u0105 ir svajojo\" \/>\n<meta property=\"og:url\" content=\"https:\/\/skaitytaknyga.lt\/en\/produktas\/seidzija-ir-jos-bebrai\/\" \/>\n<meta property=\"og:site_name\" content=\"Skaitytaknyga\" \/>\n<meta property=\"article:publisher\" content=\"https:\/\/www.facebook.com\/skaitytaknyga\/\" \/>\n<meta property=\"article:modified_time\" content=\"2025-06-11T05:34:29+00:00\" \/>\n<meta property=\"og:image\" content=\"https:\/\/skaitytaknyga.lt\/wp-content\/uploads\/2025\/03\/Seidzija-ir-jos-bebrai.webp\" \/>\n\t<meta property=\"og:image:width\" content=\"524\" \/>\n\t<meta property=\"og:image:height\" content=\"800\" \/>\n\t<meta property=\"og:image:type\" content=\"image\/webp\" \/>\n<meta name=\"twitter:card\" content=\"summary_large_image\" \/>\n<meta name=\"twitter:label1\" content=\"Estimated reading time\" \/>\n\t<meta name=\"twitter:data1\" content=\"2 minutes\" \/>\n<script type=\"application\/ld+json\" class=\"yoast-schema-graph\">{\"@context\":\"https:\/\/schema.org\",\"@graph\":[{\"@type\":\"WebPage\",\"@id\":\"https:\/\/skaitytaknyga.lt\/produktas\/seidzija-ir-jos-bebrai\/\",\"url\":\"https:\/\/skaitytaknyga.lt\/produktas\/seidzija-ir-jos-bebrai\/\",\"name\":\"Seid\u017eija ir jos bebrai\",\"isPartOf\":{\"@id\":\"https:\/\/skaitytaknyga.lt\/#website\"},\"primaryImageOfPage\":{\"@id\":\"https:\/\/skaitytaknyga.lt\/produktas\/seidzija-ir-jos-bebrai\/#primaryimage\"},\"image\":{\"@id\":\"https:\/\/skaitytaknyga.lt\/produktas\/seidzija-ir-jos-bebrai\/#primaryimage\"},\"thumbnailUrl\":\"https:\/\/skaitytaknyga.lt\/wp-content\/uploads\/2025\/03\/Seidzija-ir-jos-bebrai.webp\",\"datePublished\":\"2025-03-23T17:32:32+00:00\",\"dateModified\":\"2025-06-11T05:34:29+00:00\",\"description\":\"Pilkoji Pel\u0117da (Grey Owl), tikroji pavard\u0117 Archibaldas Stansfeldas Belaney (1888--1938), gim\u0117 Anglijoje. Nuo pat vaikyst\u0117s labai myl\u0117jo gamt\u0105 ir svajojo\",\"breadcrumb\":{\"@id\":\"https:\/\/skaitytaknyga.lt\/produktas\/seidzija-ir-jos-bebrai\/#breadcrumb\"},\"inLanguage\":\"en-GB\",\"potentialAction\":[{\"@type\":\"ReadAction\",\"target\":[\"https:\/\/skaitytaknyga.lt\/produktas\/seidzija-ir-jos-bebrai\/\"]}]},{\"@type\":\"ImageObject\",\"inLanguage\":\"en-GB\",\"@id\":\"https:\/\/skaitytaknyga.lt\/produktas\/seidzija-ir-jos-bebrai\/#primaryimage\",\"url\":\"https:\/\/skaitytaknyga.lt\/wp-content\/uploads\/2025\/03\/Seidzija-ir-jos-bebrai.webp\",\"contentUrl\":\"https:\/\/skaitytaknyga.lt\/wp-content\/uploads\/2025\/03\/Seidzija-ir-jos-bebrai.webp\",\"width\":524,\"height\":800,\"caption\":\"Seid\u017eija ir jos bebrai\"},{\"@type\":\"BreadcrumbList\",\"@id\":\"https:\/\/skaitytaknyga.lt\/produktas\/seidzija-ir-jos-bebrai\/#breadcrumb\",\"itemListElement\":[{\"@type\":\"ListItem\",\"position\":1,\"name\":\"Home\",\"item\":\"https:\/\/skaitytaknyga.lt\/\"},{\"@type\":\"ListItem\",\"position\":2,\"name\":\"Parduotuv\u0117\",\"item\":\"https:\/\/skaitytaknyga.lt\/knygu-parduotuve\/\"},{\"@type\":\"ListItem\",\"position\":3,\"name\":\"Seid\u017eija ir jos bebrai\"}]},{\"@type\":\"WebSite\",\"@id\":\"https:\/\/skaitytaknyga.lt\/#website\",\"url\":\"https:\/\/skaitytaknyga.lt\/\",\"name\":\"skaitytaknyga.lt\",\"description\":\"Skaitytaknyga.lt \u2013 tai ma\u017eas \u0161eimos verslas, kuris prasid\u0117jo nuo meil\u0117s knygoms ir siekio i\u0161gelb\u0117ti knygas nuo likimo prie konteinerio. Kas vienam nereikalingas daiktas \u2013 kitam lobis, o mes esame tarpininkai, kurie padeda abiems tapti laimingesniems ???? \u017dinome kaip nelengva i\u0161gyventi ma\u017eiems verslams, tad nuo \u0161iol, \u010dia rasite ir kit\u0173, ma\u017e\u0173 \u0161eim\u0173 versl\u0173, rank\u0173 darbo, dovan\u0173 sau ir artimiesiems.\",\"publisher\":{\"@id\":\"https:\/\/skaitytaknyga.lt\/#organization\"},\"potentialAction\":[{\"@type\":\"SearchAction\",\"target\":{\"@type\":\"EntryPoint\",\"urlTemplate\":\"https:\/\/skaitytaknyga.lt\/?s={search_term_string}\"},\"query-input\":{\"@type\":\"PropertyValueSpecification\",\"valueRequired\":true,\"valueName\":\"search_term_string\"}}],\"inLanguage\":\"en-GB\"},{\"@type\":\"Organization\",\"@id\":\"https:\/\/skaitytaknyga.lt\/#organization\",\"name\":\"skaitytaknyga.lt\",\"url\":\"https:\/\/skaitytaknyga.lt\/\",\"logo\":{\"@type\":\"ImageObject\",\"inLanguage\":\"en-GB\",\"@id\":\"https:\/\/skaitytaknyga.lt\/#\/schema\/logo\/image\/\",\"url\":\"https:\/\/skaitytaknyga.lt\/wp-content\/uploads\/2024\/05\/cropped-cropped-cropped-02_00843_jt3bggkj1j3HLc7SyY6rEUpg.jpeg\",\"contentUrl\":\"https:\/\/skaitytaknyga.lt\/wp-content\/uploads\/2024\/05\/cropped-cropped-cropped-02_00843_jt3bggkj1j3HLc7SyY6rEUpg.jpeg\",\"width\":1600,\"height\":1600,\"caption\":\"skaitytaknyga.lt\"},\"image\":{\"@id\":\"https:\/\/skaitytaknyga.lt\/#\/schema\/logo\/image\/\"},\"sameAs\":[\"https:\/\/www.facebook.com\/skaitytaknyga\/\"]}]}<\/script>\n<!-- \/ Yoast SEO plugin. -->","yoast_head_json":{"title":"Seid\u017eija ir jos bebrai","description":"Pilkoji Pel\u0117da (Grey Owl), tikroji pavard\u0117 Archibaldas Stansfeldas Belaney (1888--1938), gim\u0117 Anglijoje. Nuo pat vaikyst\u0117s labai myl\u0117jo gamt\u0105 ir svajojo","robots":{"index":"index","follow":"follow","max-snippet":"max-snippet:-1","max-image-preview":"max-image-preview:large","max-video-preview":"max-video-preview:-1"},"canonical":"https:\/\/skaitytaknyga.lt\/en\/produktas\/seidzija-ir-jos-bebrai\/","og_locale":"en_GB","og_type":"article","og_title":"[:lt]Seid\u017eija ir jos bebrai[:] - Skaitytaknyga","og_description":"Pilkoji Pel\u0117da (Grey Owl), tikroji pavard\u0117 Archibaldas Stansfeldas Belaney (1888--1938), gim\u0117 Anglijoje. Nuo pat vaikyst\u0117s labai myl\u0117jo gamt\u0105 ir svajojo","og_url":"https:\/\/skaitytaknyga.lt\/en\/produktas\/seidzija-ir-jos-bebrai\/","og_site_name":"Skaitytaknyga","article_publisher":"https:\/\/www.facebook.com\/skaitytaknyga\/","article_modified_time":"2025-06-11T05:34:29+00:00","og_image":[{"width":524,"height":800,"url":"https:\/\/skaitytaknyga.lt\/wp-content\/uploads\/2025\/03\/Seidzija-ir-jos-bebrai.webp","type":"image\/webp"}],"twitter_card":"summary_large_image","twitter_misc":{"Estimated reading time":"2 minutes"},"schema":{"@context":"https:\/\/schema.org","@graph":[{"@type":"WebPage","@id":"https:\/\/skaitytaknyga.lt\/produktas\/seidzija-ir-jos-bebrai\/","url":"https:\/\/skaitytaknyga.lt\/produktas\/seidzija-ir-jos-bebrai\/","name":"Seid\u017eija ir jos bebrai","isPartOf":{"@id":"https:\/\/skaitytaknyga.lt\/#website"},"primaryImageOfPage":{"@id":"https:\/\/skaitytaknyga.lt\/produktas\/seidzija-ir-jos-bebrai\/#primaryimage"},"image":{"@id":"https:\/\/skaitytaknyga.lt\/produktas\/seidzija-ir-jos-bebrai\/#primaryimage"},"thumbnailUrl":"https:\/\/skaitytaknyga.lt\/wp-content\/uploads\/2025\/03\/Seidzija-ir-jos-bebrai.webp","datePublished":"2025-03-23T17:32:32+00:00","dateModified":"2025-06-11T05:34:29+00:00","description":"Pilkoji Pel\u0117da (Grey Owl), tikroji pavard\u0117 Archibaldas Stansfeldas Belaney (1888--1938), gim\u0117 Anglijoje. Nuo pat vaikyst\u0117s labai myl\u0117jo gamt\u0105 ir svajojo","breadcrumb":{"@id":"https:\/\/skaitytaknyga.lt\/produktas\/seidzija-ir-jos-bebrai\/#breadcrumb"},"inLanguage":"en-GB","potentialAction":[{"@type":"ReadAction","target":["https:\/\/skaitytaknyga.lt\/produktas\/seidzija-ir-jos-bebrai\/"]}]},{"@type":"ImageObject","inLanguage":"en-GB","@id":"https:\/\/skaitytaknyga.lt\/produktas\/seidzija-ir-jos-bebrai\/#primaryimage","url":"https:\/\/skaitytaknyga.lt\/wp-content\/uploads\/2025\/03\/Seidzija-ir-jos-bebrai.webp","contentUrl":"https:\/\/skaitytaknyga.lt\/wp-content\/uploads\/2025\/03\/Seidzija-ir-jos-bebrai.webp","width":524,"height":800,"caption":"Seid\u017eija ir jos bebrai"},{"@type":"BreadcrumbList","@id":"https:\/\/skaitytaknyga.lt\/produktas\/seidzija-ir-jos-bebrai\/#breadcrumb","itemListElement":[{"@type":"ListItem","position":1,"name":"Home","item":"https:\/\/skaitytaknyga.lt\/"},{"@type":"ListItem","position":2,"name":"Parduotuv\u0117","item":"https:\/\/skaitytaknyga.lt\/knygu-parduotuve\/"},{"@type":"ListItem","position":3,"name":"Seid\u017eija ir jos bebrai"}]},{"@type":"WebSite","@id":"https:\/\/skaitytaknyga.lt\/#website","url":"https:\/\/skaitytaknyga.lt\/","name":"skaitytaknyga.lt","description":"Skaitytaknyga.lt \u2013 tai ma\u017eas \u0161eimos verslas, kuris prasid\u0117jo nuo meil\u0117s knygoms ir siekio i\u0161gelb\u0117ti knygas nuo likimo prie konteinerio. Kas vienam nereikalingas daiktas \u2013 kitam lobis, o mes esame tarpininkai, kurie padeda abiems tapti laimingesniems ???? \u017dinome kaip nelengva i\u0161gyventi ma\u017eiems verslams, tad nuo \u0161iol, \u010dia rasite ir kit\u0173, ma\u017e\u0173 \u0161eim\u0173 versl\u0173, rank\u0173 darbo, dovan\u0173 sau ir artimiesiems.","publisher":{"@id":"https:\/\/skaitytaknyga.lt\/#organization"},"potentialAction":[{"@type":"SearchAction","target":{"@type":"EntryPoint","urlTemplate":"https:\/\/skaitytaknyga.lt\/?s={search_term_string}"},"query-input":{"@type":"PropertyValueSpecification","valueRequired":true,"valueName":"search_term_string"}}],"inLanguage":"en-GB"},{"@type":"Organization","@id":"https:\/\/skaitytaknyga.lt\/#organization","name":"skaitytaknyga.lt","url":"https:\/\/skaitytaknyga.lt\/","logo":{"@type":"ImageObject","inLanguage":"en-GB","@id":"https:\/\/skaitytaknyga.lt\/#\/schema\/logo\/image\/","url":"https:\/\/skaitytaknyga.lt\/wp-content\/uploads\/2024\/05\/cropped-cropped-cropped-02_00843_jt3bggkj1j3HLc7SyY6rEUpg.jpeg","contentUrl":"https:\/\/skaitytaknyga.lt\/wp-content\/uploads\/2024\/05\/cropped-cropped-cropped-02_00843_jt3bggkj1j3HLc7SyY6rEUpg.jpeg","width":1600,"height":1600,"caption":"skaitytaknyga.lt"},"image":{"@id":"https:\/\/skaitytaknyga.lt\/#\/schema\/logo\/image\/"},"sameAs":["https:\/\/www.facebook.com\/skaitytaknyga\/"]}]}},"_links":{"self":[{"href":"https:\/\/skaitytaknyga.lt\/en\/wp-json\/wp\/v2\/product\/17559","targetHints":{"allow":["GET"]}}],"collection":[{"href":"https:\/\/skaitytaknyga.lt\/en\/wp-json\/wp\/v2\/product"}],"about":[{"href":"https:\/\/skaitytaknyga.lt\/en\/wp-json\/wp\/v2\/types\/product"}],"replies":[{"embeddable":true,"href":"https:\/\/skaitytaknyga.lt\/en\/wp-json\/wp\/v2\/comments?post=17559"}],"wp:featuredmedia":[{"embeddable":true,"href":"https:\/\/skaitytaknyga.lt\/en\/wp-json\/wp\/v2\/media\/17560"}],"wp:attachment":[{"href":"https:\/\/skaitytaknyga.lt\/en\/wp-json\/wp\/v2\/media?parent=17559"}],"wp:term":[{"taxonomy":"product_brand","embeddable":true,"href":"https:\/\/skaitytaknyga.lt\/en\/wp-json\/wp\/v2\/product_brand?post=17559"},{"taxonomy":"product_cat","embeddable":true,"href":"https:\/\/skaitytaknyga.lt\/en\/wp-json\/wp\/v2\/product_cat?post=17559"},{"taxonomy":"product_tag","embeddable":true,"href":"https:\/\/skaitytaknyga.lt\/en\/wp-json\/wp\/v2\/product_tag?post=17559"}],"curies":[{"name":"wp","href":"https:\/\/api.w.org\/{rel}","templated":true}]}}