{"id":17549,"date":"2025-02-23T19:08:45","date_gmt":"2025-02-23T17:08:45","guid":{"rendered":"https:\/\/skaitytaknyga.lt\/?post_type=product&#038;p=17549"},"modified":"2025-07-29T09:29:20","modified_gmt":"2025-07-29T06:29:20","slug":"m-k-ciurlionis-apie-muzika-ir-daile","status":"publish","type":"product","link":"https:\/\/skaitytaknyga.lt\/en\/produktas\/m-k-ciurlionis-apie-muzika-ir-daile\/","title":{"rendered":"M. K. \u010ciurlionis. Apie muzik\u0105 ir dail\u0119"},"content":{"rendered":"<p>Knygoje pateikta nauja muzikos mokymo pradin\u0117se klas\u0117se koncepsija, duodama konkre\u010di\u0173 patarim\u0173, kaip mokyti vaikus muzikos pasitelkiant liaudies k\u016bryb\u0105 \u2013 \u017eaidimus, \u0161okius ir dainas, naudojant meditacinius pratimus ir \u017eaidimus.<\/p>\n<p>Skiriama pradini\u0173 klasi\u0173 mokytojams.<\/p>\n<ul class=\"about-product d-none d-xl-block mt-4\">\n<li><strong>Autorius:<\/strong>\u00a0Eirimas Veli\u010dka<\/li>\n<li><strong>Leid\u0117jas:<\/strong>\u00a0\u0160viesa<\/li>\n<li><strong>Metai:<\/strong>\u00a01995<\/li>\n<li><strong>Puslapiai:<\/strong>\u00a0256<\/li>\n<li class=\"toggleable type-new-formats \"><strong>ISBN:<\/strong>\u00a05430016063<\/li>\n<li class=\"toggleable type-new-formats \"><strong>Formatas:<\/strong>\u00a014,4 x 22 cm, kieti vir\u0161eliai<\/li>\n<li><strong>Kalba:<\/strong>\u00a0Lietuvi\u0173<\/li>\n<\/ul>\n","protected":false},"excerpt":{"rendered":"<p>Knygoje pateikta nauja muzikos mokymo pradin\u0117se klas\u0117se koncepsija, duodama konkre\u010di\u0173 patarim\u0173, kaip mokyti vaikus muzikos pasitelkiant liaudies k\u016bryb\u0105 \u2013 \u017eaidimus, \u0161okius ir dainas, naudojant meditacinius pratimus ir \u017eaidimus. Skiriama pradini\u0173 klasi\u0173 mokytojams. Autorius:\u00a0Eirimas Veli\u010dka Leid\u0117jas:\u00a0\u0160viesa Metai:\u00a01995 Puslapiai:\u00a0256 ISBN:\u00a05430016063 Formatas:\u00a014,4 x 22 cm, kieti vir\u0161eliai Kalba:\u00a0Lietuvi\u0173<\/p>\n","protected":false},"featured_media":17550,"comment_status":"closed","ping_status":"closed","template":"","meta":{"_acf_changed":false,"site-sidebar-layout":"default","site-content-layout":"","ast-site-content-layout":"default","site-content-style":"default","site-sidebar-style":"default","ast-global-header-display":"","ast-banner-title-visibility":"","ast-main-header-display":"","ast-hfb-above-header-display":"","ast-hfb-below-header-display":"","ast-hfb-mobile-header-display":"","site-post-title":"","ast-breadcrumbs-content":"","ast-featured-img":"","footer-sml-layout":"","ast-disable-related-posts":"","theme-transparent-header-meta":"default","adv-header-id-meta":"","stick-header-meta":"","header-above-stick-meta":"","header-main-stick-meta":"","header-below-stick-meta":"","astra-migrate-meta-layouts":"set","ast-page-background-enabled":"default","ast-page-background-meta":{"desktop":{"background-color":"","background-image":"","background-repeat":"repeat","background-position":"center center","background-size":"auto","background-attachment":"scroll","background-type":"","background-media":"","overlay-type":"","overlay-color":"","overlay-opacity":"","overlay-gradient":""},"tablet":{"background-color":"","background-image":"","background-repeat":"repeat","background-position":"center center","background-size":"auto","background-attachment":"scroll","background-type":"","background-media":"","overlay-type":"","overlay-color":"","overlay-opacity":"","overlay-gradient":""},"mobile":{"background-color":"","background-image":"","background-repeat":"repeat","background-position":"center center","background-size":"auto","background-attachment":"scroll","background-type":"","background-media":"","overlay-type":"","overlay-color":"","overlay-opacity":"","overlay-gradient":""}},"ast-content-background-meta":{"desktop":{"background-color":"var(--ast-global-color-4)","background-image":"","background-repeat":"repeat","background-position":"center center","background-size":"auto","background-attachment":"scroll","background-type":"","background-media":"","overlay-type":"","overlay-color":"","overlay-opacity":"","overlay-gradient":""},"tablet":{"background-color":"var(--ast-global-color-4)","background-image":"","background-repeat":"repeat","background-position":"center center","background-size":"auto","background-attachment":"scroll","background-type":"","background-media":"","overlay-type":"","overlay-color":"","overlay-opacity":"","overlay-gradient":""},"mobile":{"background-color":"var(--ast-global-color-4)","background-image":"","background-repeat":"repeat","background-position":"center center","background-size":"auto","background-attachment":"scroll","background-type":"","background-media":"","overlay-type":"","overlay-color":"","overlay-opacity":"","overlay-gradient":""}}},"product_brand":[],"product_cat":[57],"product_tag":[3342,7002,4385,7001,2898,7000],"class_list":{"0":"post-17549","1":"product","2":"type-product","3":"status-publish","4":"has-post-thumbnail","6":"product_cat-menas-ir-albumai","7":"product_tag-edukacija","8":"product_tag-eirimas-velicka","9":"product_tag-liaudies-kuryba","10":"product_tag-mokytoju-metodika","11":"product_tag-muzika","12":"product_tag-pradines-klases","13":"desktop-align-left","14":"tablet-align-left","15":"mobile-align-left","17":"first","18":"instock","19":"shipping-taxable","20":"purchasable","21":"product-type-simple"},"acf":[],"yoast_head":"<!-- This site is optimized with the Yoast SEO plugin v27.4 - https:\/\/yoast.com\/product\/yoast-seo-wordpress\/ -->\n<title>M. K. \u010ciurlionis. Apie muzik\u0105 ir dail\u0119<\/title>\n<meta name=\"description\" content=\"Knygoje pateikta nauja muzikos mokymo pradin\u0117se klas\u0117se koncepsija, duodama konkre\u010di\u0173 patarim\u0173, kaip mokyti vaikus muzikos pasitelkiant liaudies k\u016bryb\u0105 \u2013\" \/>\n<meta name=\"robots\" content=\"index, follow, max-snippet:-1, max-image-preview:large, max-video-preview:-1\" \/>\n<link rel=\"canonical\" href=\"https:\/\/skaitytaknyga.lt\/en\/produktas\/m-k-ciurlionis-apie-muzika-ir-daile\/\" \/>\n<meta property=\"og:locale\" content=\"en_GB\" \/>\n<meta property=\"og:locale:alternate\" content=\"lt_LT\" \/>\n<meta property=\"og:type\" content=\"article\" \/>\n<meta property=\"og:title\" content=\"M. K. \u010ciurlionis. Apie muzik\u0105 ir dail\u0119\" \/>\n<meta property=\"og:description\" content=\"Knygoje pateikta nauja muzikos mokymo pradin\u0117se klas\u0117se koncepsija, duodama konkre\u010di\u0173 patarim\u0173, kaip mokyti vaikus muzikos pasitelkiant liaudies k\u016bryb\u0105 \u2013\" \/>\n<meta property=\"og:url\" content=\"https:\/\/skaitytaknyga.lt\/en\/produktas\/m-k-ciurlionis-apie-muzika-ir-daile\/\" \/>\n<meta property=\"og:site_name\" content=\"Skaitytaknyga\" \/>\n<meta property=\"article:publisher\" content=\"https:\/\/www.facebook.com\/skaitytaknyga\/\" \/>\n<meta property=\"article:modified_time\" content=\"2025-07-29T06:29:20+00:00\" \/>\n<meta property=\"og:image\" content=\"https:\/\/skaitytaknyga.lt\/wp-content\/uploads\/2025\/03\/M.-K.-Ciurlionis.-Apie-muzika-ir-daile-e1742749750271.webp\" \/>\n\t<meta property=\"og:image:width\" content=\"301\" \/>\n\t<meta property=\"og:image:height\" content=\"389\" \/>\n\t<meta property=\"og:image:type\" content=\"image\/webp\" \/>\n<meta name=\"twitter:card\" content=\"summary_large_image\" \/>\n<meta name=\"twitter:label1\" content=\"Estimated reading time\" \/>\n\t<meta name=\"twitter:data1\" content=\"1 minute\" \/>\n<script type=\"application\/ld+json\" class=\"yoast-schema-graph\">{\"@context\":\"https:\\\/\\\/schema.org\",\"@graph\":[{\"@type\":\"WebPage\",\"@id\":\"https:\\\/\\\/skaitytaknyga.lt\\\/produktas\\\/m-k-ciurlionis-apie-muzika-ir-daile\\\/\",\"url\":\"https:\\\/\\\/skaitytaknyga.lt\\\/produktas\\\/m-k-ciurlionis-apie-muzika-ir-daile\\\/\",\"name\":\"M. K. \u010ciurlionis. Apie muzik\u0105 ir dail\u0119\",\"isPartOf\":{\"@id\":\"https:\\\/\\\/skaitytaknyga.lt\\\/#website\"},\"primaryImageOfPage\":{\"@id\":\"https:\\\/\\\/skaitytaknyga.lt\\\/produktas\\\/m-k-ciurlionis-apie-muzika-ir-daile\\\/#primaryimage\"},\"image\":{\"@id\":\"https:\\\/\\\/skaitytaknyga.lt\\\/produktas\\\/m-k-ciurlionis-apie-muzika-ir-daile\\\/#primaryimage\"},\"thumbnailUrl\":\"https:\\\/\\\/skaitytaknyga.lt\\\/wp-content\\\/uploads\\\/2025\\\/03\\\/M.-K.-Ciurlionis.-Apie-muzika-ir-daile-e1742749750271.webp\",\"datePublished\":\"2025-02-23T17:08:45+00:00\",\"dateModified\":\"2025-07-29T06:29:20+00:00\",\"description\":\"Knygoje pateikta nauja muzikos mokymo pradin\u0117se klas\u0117se koncepsija, duodama konkre\u010di\u0173 patarim\u0173, kaip mokyti vaikus muzikos pasitelkiant liaudies k\u016bryb\u0105 \u2013\",\"breadcrumb\":{\"@id\":\"https:\\\/\\\/skaitytaknyga.lt\\\/produktas\\\/m-k-ciurlionis-apie-muzika-ir-daile\\\/#breadcrumb\"},\"inLanguage\":\"en-GB\",\"potentialAction\":[{\"@type\":\"ReadAction\",\"target\":[\"https:\\\/\\\/skaitytaknyga.lt\\\/produktas\\\/m-k-ciurlionis-apie-muzika-ir-daile\\\/\"]}]},{\"@type\":\"ImageObject\",\"inLanguage\":\"en-GB\",\"@id\":\"https:\\\/\\\/skaitytaknyga.lt\\\/produktas\\\/m-k-ciurlionis-apie-muzika-ir-daile\\\/#primaryimage\",\"url\":\"https:\\\/\\\/skaitytaknyga.lt\\\/wp-content\\\/uploads\\\/2025\\\/03\\\/M.-K.-Ciurlionis.-Apie-muzika-ir-daile-e1742749750271.webp\",\"contentUrl\":\"https:\\\/\\\/skaitytaknyga.lt\\\/wp-content\\\/uploads\\\/2025\\\/03\\\/M.-K.-Ciurlionis.-Apie-muzika-ir-daile-e1742749750271.webp\",\"width\":301,\"height\":389,\"caption\":\"M. K. \u010ciurlionis. Apie muzik\u0105 ir dail\u0119\"},{\"@type\":\"BreadcrumbList\",\"@id\":\"https:\\\/\\\/skaitytaknyga.lt\\\/produktas\\\/m-k-ciurlionis-apie-muzika-ir-daile\\\/#breadcrumb\",\"itemListElement\":[{\"@type\":\"ListItem\",\"position\":1,\"name\":\"Home\",\"item\":\"https:\\\/\\\/skaitytaknyga.lt\\\/\"},{\"@type\":\"ListItem\",\"position\":2,\"name\":\"Parduotuv\u0117\",\"item\":\"https:\\\/\\\/skaitytaknyga.lt\\\/knygu-parduotuve\\\/\"},{\"@type\":\"ListItem\",\"position\":3,\"name\":\"M. K. \u010ciurlionis. Apie muzik\u0105 ir dail\u0119\"}]},{\"@type\":\"WebSite\",\"@id\":\"https:\\\/\\\/skaitytaknyga.lt\\\/#website\",\"url\":\"https:\\\/\\\/skaitytaknyga.lt\\\/\",\"name\":\"skaitytaknyga.lt\",\"description\":\"Skaitytaknyga.lt \u2013 tai ma\u017eas \u0161eimos verslas, kuris prasid\u0117jo nuo meil\u0117s knygoms ir siekio i\u0161gelb\u0117ti knygas nuo likimo prie konteinerio. Kas vienam nereikalingas daiktas \u2013 kitam lobis, o mes esame tarpininkai, kurie padeda abiems tapti laimingesniems ???? \u017dinome kaip nelengva i\u0161gyventi ma\u017eiems verslams, tad nuo \u0161iol, \u010dia rasite ir kit\u0173, ma\u017e\u0173 \u0161eim\u0173 versl\u0173, rank\u0173 darbo, dovan\u0173 sau ir artimiesiems.\",\"publisher\":{\"@id\":\"https:\\\/\\\/skaitytaknyga.lt\\\/#organization\"},\"potentialAction\":[{\"@type\":\"SearchAction\",\"target\":{\"@type\":\"EntryPoint\",\"urlTemplate\":\"https:\\\/\\\/skaitytaknyga.lt\\\/?s={search_term_string}\"},\"query-input\":{\"@type\":\"PropertyValueSpecification\",\"valueRequired\":true,\"valueName\":\"search_term_string\"}}],\"inLanguage\":\"en-GB\"},{\"@type\":\"Organization\",\"@id\":\"https:\\\/\\\/skaitytaknyga.lt\\\/#organization\",\"name\":\"skaitytaknyga.lt\",\"url\":\"https:\\\/\\\/skaitytaknyga.lt\\\/\",\"logo\":{\"@type\":\"ImageObject\",\"inLanguage\":\"en-GB\",\"@id\":\"https:\\\/\\\/skaitytaknyga.lt\\\/#\\\/schema\\\/logo\\\/image\\\/\",\"url\":\"https:\\\/\\\/skaitytaknyga.lt\\\/wp-content\\\/uploads\\\/2024\\\/05\\\/cropped-cropped-cropped-02_00843_jt3bggkj1j3HLc7SyY6rEUpg.jpeg\",\"contentUrl\":\"https:\\\/\\\/skaitytaknyga.lt\\\/wp-content\\\/uploads\\\/2024\\\/05\\\/cropped-cropped-cropped-02_00843_jt3bggkj1j3HLc7SyY6rEUpg.jpeg\",\"width\":1600,\"height\":1600,\"caption\":\"skaitytaknyga.lt\"},\"image\":{\"@id\":\"https:\\\/\\\/skaitytaknyga.lt\\\/#\\\/schema\\\/logo\\\/image\\\/\"},\"sameAs\":[\"https:\\\/\\\/www.facebook.com\\\/skaitytaknyga\\\/\"]}]}<\/script>\n<!-- \/ Yoast SEO plugin. -->","yoast_head_json":{"title":"M. K. \u010ciurlionis. Apie muzik\u0105 ir dail\u0119","description":"Knygoje pateikta nauja muzikos mokymo pradin\u0117se klas\u0117se koncepsija, duodama konkre\u010di\u0173 patarim\u0173, kaip mokyti vaikus muzikos pasitelkiant liaudies k\u016bryb\u0105 \u2013","robots":{"index":"index","follow":"follow","max-snippet":"max-snippet:-1","max-image-preview":"max-image-preview:large","max-video-preview":"max-video-preview:-1"},"canonical":"https:\/\/skaitytaknyga.lt\/en\/produktas\/m-k-ciurlionis-apie-muzika-ir-daile\/","og_locale":"en_GB","og_type":"article","og_title":"[:lt]M. K. \u010ciurlionis. Apie muzik\u0105 ir dail\u0119[:] - Skaitytaknyga","og_description":"Knygoje pateikta nauja muzikos mokymo pradin\u0117se klas\u0117se koncepsija, duodama konkre\u010di\u0173 patarim\u0173, kaip mokyti vaikus muzikos pasitelkiant liaudies k\u016bryb\u0105 \u2013","og_url":"https:\/\/skaitytaknyga.lt\/en\/produktas\/m-k-ciurlionis-apie-muzika-ir-daile\/","og_site_name":"Skaitytaknyga","article_publisher":"https:\/\/www.facebook.com\/skaitytaknyga\/","article_modified_time":"2025-07-29T06:29:20+00:00","og_image":[{"width":301,"height":389,"url":"https:\/\/skaitytaknyga.lt\/wp-content\/uploads\/2025\/03\/M.-K.-Ciurlionis.-Apie-muzika-ir-daile-e1742749750271.webp","type":"image\/webp"}],"twitter_card":"summary_large_image","twitter_misc":{"Estimated reading time":"1 minute"},"schema":{"@context":"https:\/\/schema.org","@graph":[{"@type":"WebPage","@id":"https:\/\/skaitytaknyga.lt\/produktas\/m-k-ciurlionis-apie-muzika-ir-daile\/","url":"https:\/\/skaitytaknyga.lt\/produktas\/m-k-ciurlionis-apie-muzika-ir-daile\/","name":"M. K. \u010ciurlionis. Apie muzik\u0105 ir dail\u0119","isPartOf":{"@id":"https:\/\/skaitytaknyga.lt\/#website"},"primaryImageOfPage":{"@id":"https:\/\/skaitytaknyga.lt\/produktas\/m-k-ciurlionis-apie-muzika-ir-daile\/#primaryimage"},"image":{"@id":"https:\/\/skaitytaknyga.lt\/produktas\/m-k-ciurlionis-apie-muzika-ir-daile\/#primaryimage"},"thumbnailUrl":"https:\/\/skaitytaknyga.lt\/wp-content\/uploads\/2025\/03\/M.-K.-Ciurlionis.-Apie-muzika-ir-daile-e1742749750271.webp","datePublished":"2025-02-23T17:08:45+00:00","dateModified":"2025-07-29T06:29:20+00:00","description":"Knygoje pateikta nauja muzikos mokymo pradin\u0117se klas\u0117se koncepsija, duodama konkre\u010di\u0173 patarim\u0173, kaip mokyti vaikus muzikos pasitelkiant liaudies k\u016bryb\u0105 \u2013","breadcrumb":{"@id":"https:\/\/skaitytaknyga.lt\/produktas\/m-k-ciurlionis-apie-muzika-ir-daile\/#breadcrumb"},"inLanguage":"en-GB","potentialAction":[{"@type":"ReadAction","target":["https:\/\/skaitytaknyga.lt\/produktas\/m-k-ciurlionis-apie-muzika-ir-daile\/"]}]},{"@type":"ImageObject","inLanguage":"en-GB","@id":"https:\/\/skaitytaknyga.lt\/produktas\/m-k-ciurlionis-apie-muzika-ir-daile\/#primaryimage","url":"https:\/\/skaitytaknyga.lt\/wp-content\/uploads\/2025\/03\/M.-K.-Ciurlionis.-Apie-muzika-ir-daile-e1742749750271.webp","contentUrl":"https:\/\/skaitytaknyga.lt\/wp-content\/uploads\/2025\/03\/M.-K.-Ciurlionis.-Apie-muzika-ir-daile-e1742749750271.webp","width":301,"height":389,"caption":"M. K. \u010ciurlionis. Apie muzik\u0105 ir dail\u0119"},{"@type":"BreadcrumbList","@id":"https:\/\/skaitytaknyga.lt\/produktas\/m-k-ciurlionis-apie-muzika-ir-daile\/#breadcrumb","itemListElement":[{"@type":"ListItem","position":1,"name":"Home","item":"https:\/\/skaitytaknyga.lt\/"},{"@type":"ListItem","position":2,"name":"Parduotuv\u0117","item":"https:\/\/skaitytaknyga.lt\/knygu-parduotuve\/"},{"@type":"ListItem","position":3,"name":"M. K. \u010ciurlionis. Apie muzik\u0105 ir dail\u0119"}]},{"@type":"WebSite","@id":"https:\/\/skaitytaknyga.lt\/#website","url":"https:\/\/skaitytaknyga.lt\/","name":"skaitytaknyga.lt","description":"Skaitytaknyga.lt \u2013 tai ma\u017eas \u0161eimos verslas, kuris prasid\u0117jo nuo meil\u0117s knygoms ir siekio i\u0161gelb\u0117ti knygas nuo likimo prie konteinerio. Kas vienam nereikalingas daiktas \u2013 kitam lobis, o mes esame tarpininkai, kurie padeda abiems tapti laimingesniems ???? \u017dinome kaip nelengva i\u0161gyventi ma\u017eiems verslams, tad nuo \u0161iol, \u010dia rasite ir kit\u0173, ma\u017e\u0173 \u0161eim\u0173 versl\u0173, rank\u0173 darbo, dovan\u0173 sau ir artimiesiems.","publisher":{"@id":"https:\/\/skaitytaknyga.lt\/#organization"},"potentialAction":[{"@type":"SearchAction","target":{"@type":"EntryPoint","urlTemplate":"https:\/\/skaitytaknyga.lt\/?s={search_term_string}"},"query-input":{"@type":"PropertyValueSpecification","valueRequired":true,"valueName":"search_term_string"}}],"inLanguage":"en-GB"},{"@type":"Organization","@id":"https:\/\/skaitytaknyga.lt\/#organization","name":"skaitytaknyga.lt","url":"https:\/\/skaitytaknyga.lt\/","logo":{"@type":"ImageObject","inLanguage":"en-GB","@id":"https:\/\/skaitytaknyga.lt\/#\/schema\/logo\/image\/","url":"https:\/\/skaitytaknyga.lt\/wp-content\/uploads\/2024\/05\/cropped-cropped-cropped-02_00843_jt3bggkj1j3HLc7SyY6rEUpg.jpeg","contentUrl":"https:\/\/skaitytaknyga.lt\/wp-content\/uploads\/2024\/05\/cropped-cropped-cropped-02_00843_jt3bggkj1j3HLc7SyY6rEUpg.jpeg","width":1600,"height":1600,"caption":"skaitytaknyga.lt"},"image":{"@id":"https:\/\/skaitytaknyga.lt\/#\/schema\/logo\/image\/"},"sameAs":["https:\/\/www.facebook.com\/skaitytaknyga\/"]}]}},"_links":{"self":[{"href":"https:\/\/skaitytaknyga.lt\/en\/wp-json\/wp\/v2\/product\/17549","targetHints":{"allow":["GET"]}}],"collection":[{"href":"https:\/\/skaitytaknyga.lt\/en\/wp-json\/wp\/v2\/product"}],"about":[{"href":"https:\/\/skaitytaknyga.lt\/en\/wp-json\/wp\/v2\/types\/product"}],"replies":[{"embeddable":true,"href":"https:\/\/skaitytaknyga.lt\/en\/wp-json\/wp\/v2\/comments?post=17549"}],"wp:featuredmedia":[{"embeddable":true,"href":"https:\/\/skaitytaknyga.lt\/en\/wp-json\/wp\/v2\/media\/17550"}],"wp:attachment":[{"href":"https:\/\/skaitytaknyga.lt\/en\/wp-json\/wp\/v2\/media?parent=17549"}],"wp:term":[{"taxonomy":"product_brand","embeddable":true,"href":"https:\/\/skaitytaknyga.lt\/en\/wp-json\/wp\/v2\/product_brand?post=17549"},{"taxonomy":"product_cat","embeddable":true,"href":"https:\/\/skaitytaknyga.lt\/en\/wp-json\/wp\/v2\/product_cat?post=17549"},{"taxonomy":"product_tag","embeddable":true,"href":"https:\/\/skaitytaknyga.lt\/en\/wp-json\/wp\/v2\/product_tag?post=17549"}],"curies":[{"name":"wp","href":"https:\/\/api.w.org\/{rel}","templated":true}]}}