{"id":17535,"date":"2025-03-23T18:54:27","date_gmt":"2025-03-23T16:54:27","guid":{"rendered":"https:\/\/skaitytaknyga.lt\/?post_type=product&#038;p=17535"},"modified":"2025-10-12T12:30:54","modified_gmt":"2025-10-12T09:30:54","slug":"saltienos-bistro","status":"publish","type":"product","link":"https:\/\/skaitytaknyga.lt\/en\/produktas\/saltienos-bistro\/","title":{"rendered":"\u0160altienos bistro (d\u0117mel\u0117 vir\u0161uje)"},"content":{"rendered":"<p>\u201eKalb\u0117ta, kad \u012fvairi\u0173 \u012fvyki\u0173, garsinusi\u0173 \u0161i\u0105 viet\u0105, b\u016bta ir pasaulinio karo metais. Paskerst\u0105 kiaul\u0119 \u010dion atve\u017e\u0119s net pats generalinis sekretorius, o pa\u010diame gyvavimo zenite u\u017eeig\u0105 aplankiusi baba Vanga ir i\u0161prana\u0161avusi bistro ilgesn\u012f gyvavim\u0105 nei Cheopso piramid\u0117ms. Tai vienintelis restoranas \u0161alyje, pretendav\u0119s \u012f \u0160nobelio taikos premij\u0105 kaip tautas vienijanti bendrija.&#8221;<\/p>\n<p>Neseniai studijas baig\u0119s vaikinas bando i\u0161tr\u016bkti i\u0161 dievotos vaikyst\u0117s, t\u0117v\u0173 globos, numal\u0161inti pilko studenti\u0161ko gyvenim\u0117lio \u0161leik\u0161tul\u012f ir galop prad\u0117ti i\u0161 ties\u0173 gyventi. Pirmai progai pasitaikius jis sta\u010dia galva neria \u012f tikr\u0105 pragaro virtuv\u0119: \u012fsidarbina m\u0117sos ir kremzli\u0173 nuo kaulo grem\u017e\u0117ju \u201e\u0160altienos bistro&#8221;. \u010cia bus priverstas \u201ei\u0161mokti gyvenimo&#8221; ir suprasti, kad pakilti iki vyriausiojo vir\u0117jo, kuriam leist\u0173 pasi\u016blyti savo recept\u0105, gali b\u016bti ne taip jau ir paprasta.<\/p>\n<p>\u201eIeva Dumbryt\u0117 patiekia skaitytojams savo pirm\u0105 roman\u0105 \u2013 gard\u017eiausi\u0105 farso ir grotesko \u0161altienos k\u0105sn\u012f. Nuog\u0105 k\u0105sn\u012f, kurio sud\u0117tyje \u2013 keistuolis istorikas ir dar keistesni jo bendradarbiai, svetim\u0161aliai golodai, M\u0117sijaus misija ir kiti nuostab\u0105, krizenim\u0105 ar \u017eagsul\u012f sukeliantys ingredientai. Subalansuota turintiems stipr\u0173 skrand\u012f ir m\u0117gstantiems juod\u0105 kaip nemiegota naktis humor\u0105.&#8221;<\/p>\n<ul class=\"about-product d-none d-xl-block mt-4\">\n<li><strong>Autorius:<\/strong>\u00a0Ieva Dumbryt\u0117<\/li>\n<li><strong>Leid\u0117jas:<\/strong>\u00a0Kitos knygos<\/li>\n<li><strong>Metai:<\/strong>\u00a02021<\/li>\n<li><strong>Puslapiai:<\/strong>\u00a0216<\/li>\n<li class=\"toggleable type-new-formats \"><strong>ISBN:<\/strong>\u00a09786094274848<\/li>\n<li><strong>Versijos kodas:<\/strong>\u00a0P.<\/li>\n<li class=\"toggleable type-new-formats \"><strong>Formatas:<\/strong>\u00a014 x 20 x 1,8 cm, mink\u0161ti vir\u0161eliai<\/li>\n<li><strong>Kalba:<\/strong>\u00a0Lietuvi\u0173<\/li>\n<\/ul>\n","protected":false},"excerpt":{"rendered":"<p>\u201eKalb\u0117ta, kad \u012fvairi\u0173 \u012fvyki\u0173, garsinusi\u0173 \u0161i\u0105 viet\u0105, b\u016bta ir pasaulinio karo metais. Paskerst\u0105 kiaul\u0119 \u010dion atve\u017e\u0119s net pats generalinis sekretorius, o pa\u010diame gyvavimo zenite u\u017eeig\u0105 aplankiusi baba Vanga ir i\u0161prana\u0161avusi bistro ilgesn\u012f gyvavim\u0105 nei Cheopso piramid\u0117ms. Tai vienintelis restoranas \u0161alyje, pretendav\u0119s \u012f \u0160nobelio taikos premij\u0105 kaip tautas vienijanti bendrija.&#8221; Neseniai studijas baig\u0119s vaikinas bando i\u0161tr\u016bkti i\u0161 dievotos vaikyst\u0117s, t\u0117v\u0173 globos, numal\u0161inti pilko studenti\u0161ko gyvenim\u0117lio \u0161leik\u0161tul\u012f ir galop prad\u0117ti i\u0161 ties\u0173 gyventi. Pirmai progai pasitaikius jis sta\u010dia galva neria \u012f tikr\u0105 pragaro virtuv\u0119: \u012fsidarbina m\u0117sos ir kremzli\u0173 nuo kaulo grem\u017e\u0117ju \u201e\u0160altienos bistro&#8221;. \u010cia bus priverstas \u201ei\u0161mokti gyvenimo&#8221; ir suprasti, kad pakilti iki vyriausiojo vir\u0117jo, kuriam leist\u0173 pasi\u016blyti savo recept\u0105, gali b\u016bti ne taip jau ir paprasta. \u201eIeva Dumbryt\u0117 patiekia skaitytojams savo pirm\u0105 roman\u0105 \u2013 gard\u017eiausi\u0105 farso ir grotesko \u0161altienos k\u0105sn\u012f. Nuog\u0105 k\u0105sn\u012f, kurio sud\u0117tyje \u2013 keistuolis istorikas ir dar keistesni jo bendradarbiai, svetim\u0161aliai golodai, M\u0117sijaus misija ir kiti nuostab\u0105, krizenim\u0105 ar \u017eagsul\u012f sukeliantys ingredientai. Subalansuota turintiems stipr\u0173 skrand\u012f ir m\u0117gstantiems juod\u0105 kaip nemiegota naktis humor\u0105.&#8221; Autorius:\u00a0Ieva Dumbryt\u0117 Leid\u0117jas:\u00a0Kitos knygos Metai:\u00a02021 Puslapiai:\u00a0216 ISBN:\u00a09786094274848 Versijos kodas:\u00a0P. Formatas:\u00a014 x 20 x 1,8 cm, mink\u0161ti vir\u0161eliai Kalba:\u00a0Lietuvi\u0173<\/p>\n","protected":false},"featured_media":17536,"comment_status":"open","ping_status":"closed","template":"","meta":{"_acf_changed":false,"site-sidebar-layout":"default","site-content-layout":"","ast-site-content-layout":"default","site-content-style":"default","site-sidebar-style":"default","ast-global-header-display":"","ast-banner-title-visibility":"","ast-main-header-display":"","ast-hfb-above-header-display":"","ast-hfb-below-header-display":"","ast-hfb-mobile-header-display":"","site-post-title":"","ast-breadcrumbs-content":"","ast-featured-img":"","footer-sml-layout":"","ast-disable-related-posts":"","theme-transparent-header-meta":"default","adv-header-id-meta":"","stick-header-meta":"","header-above-stick-meta":"","header-main-stick-meta":"","header-below-stick-meta":"","astra-migrate-meta-layouts":"set","ast-page-background-enabled":"default","ast-page-background-meta":{"desktop":{"background-color":"","background-image":"","background-repeat":"repeat","background-position":"center center","background-size":"auto","background-attachment":"scroll","background-type":"","background-media":"","overlay-type":"","overlay-color":"","overlay-opacity":"","overlay-gradient":""},"tablet":{"background-color":"","background-image":"","background-repeat":"repeat","background-position":"center center","background-size":"auto","background-attachment":"scroll","background-type":"","background-media":"","overlay-type":"","overlay-color":"","overlay-opacity":"","overlay-gradient":""},"mobile":{"background-color":"","background-image":"","background-repeat":"repeat","background-position":"center center","background-size":"auto","background-attachment":"scroll","background-type":"","background-media":"","overlay-type":"","overlay-color":"","overlay-opacity":"","overlay-gradient":""}},"ast-content-background-meta":{"desktop":{"background-color":"var(--ast-global-color-4)","background-image":"","background-repeat":"repeat","background-position":"center center","background-size":"auto","background-attachment":"scroll","background-type":"","background-media":"","overlay-type":"","overlay-color":"","overlay-opacity":"","overlay-gradient":""},"tablet":{"background-color":"var(--ast-global-color-4)","background-image":"","background-repeat":"repeat","background-position":"center center","background-size":"auto","background-attachment":"scroll","background-type":"","background-media":"","overlay-type":"","overlay-color":"","overlay-opacity":"","overlay-gradient":""},"mobile":{"background-color":"var(--ast-global-color-4)","background-image":"","background-repeat":"repeat","background-position":"center center","background-size":"auto","background-attachment":"scroll","background-type":"","background-media":"","overlay-type":"","overlay-color":"","overlay-opacity":"","overlay-gradient":""}}},"product_brand":[],"product_cat":[31,15],"product_tag":[],"class_list":{"0":"post-17535","1":"product","2":"type-product","3":"status-publish","4":"has-post-thumbnail","6":"product_cat-grozine-literatura","7":"product_cat-uncategorized","8":"desktop-align-left","9":"tablet-align-left","10":"mobile-align-left","12":"first","13":"outofstock","14":"shipping-taxable","15":"purchasable","16":"product-type-simple"},"acf":[],"yoast_head":"<!-- This site is optimized with the Yoast SEO plugin v27.4 - https:\/\/yoast.com\/product\/yoast-seo-wordpress\/ -->\n<title>\u0160altienos bistro (d\u0117mel\u0117 vir\u0161uje)<\/title>\n<meta name=\"description\" content=\"\u201eKalb\u0117ta, kad \u012fvairi\u0173 \u012fvyki\u0173, garsinusi\u0173 \u0161i\u0105 viet\u0105, b\u016bta ir pasaulinio karo metais. Paskerst\u0105 kiaul\u0119 \u010dion atve\u017e\u0119s net pats generalinis sekretorius, o\" \/>\n<meta name=\"robots\" content=\"index, follow, max-snippet:-1, max-image-preview:large, max-video-preview:-1\" \/>\n<link rel=\"canonical\" href=\"https:\/\/skaitytaknyga.lt\/en\/produktas\/saltienos-bistro\/\" \/>\n<meta property=\"og:locale\" content=\"en_GB\" \/>\n<meta property=\"og:locale:alternate\" content=\"lt_LT\" \/>\n<meta property=\"og:type\" content=\"article\" \/>\n<meta property=\"og:title\" content=\"\u0160altienos bistro (d\u0117mel\u0117 vir\u0161uje)\" \/>\n<meta property=\"og:description\" content=\"\u201eKalb\u0117ta, kad \u012fvairi\u0173 \u012fvyki\u0173, garsinusi\u0173 \u0161i\u0105 viet\u0105, b\u016bta ir pasaulinio karo metais. Paskerst\u0105 kiaul\u0119 \u010dion atve\u017e\u0119s net pats generalinis sekretorius, o\" \/>\n<meta property=\"og:url\" content=\"https:\/\/skaitytaknyga.lt\/en\/produktas\/saltienos-bistro\/\" \/>\n<meta property=\"og:site_name\" content=\"Skaitytaknyga\" \/>\n<meta property=\"article:publisher\" content=\"https:\/\/www.facebook.com\/skaitytaknyga\/\" \/>\n<meta property=\"article:modified_time\" content=\"2025-10-12T09:30:54+00:00\" \/>\n<meta property=\"og:image\" content=\"https:\/\/skaitytaknyga.lt\/wp-content\/uploads\/2025\/03\/Saltienos-bistro.webp\" \/>\n\t<meta property=\"og:image:width\" content=\"544\" \/>\n\t<meta property=\"og:image:height\" content=\"800\" \/>\n\t<meta property=\"og:image:type\" content=\"image\/webp\" \/>\n<meta name=\"twitter:card\" content=\"summary_large_image\" \/>\n<meta name=\"twitter:label1\" content=\"Estimated reading time\" \/>\n\t<meta name=\"twitter:data1\" content=\"2 minutes\" \/>\n<script type=\"application\/ld+json\" class=\"yoast-schema-graph\">{\"@context\":\"https:\\\/\\\/schema.org\",\"@graph\":[{\"@type\":\"WebPage\",\"@id\":\"https:\\\/\\\/skaitytaknyga.lt\\\/produktas\\\/saltienos-bistro\\\/\",\"url\":\"https:\\\/\\\/skaitytaknyga.lt\\\/produktas\\\/saltienos-bistro\\\/\",\"name\":\"\u0160altienos bistro (d\u0117mel\u0117 vir\u0161uje)\",\"isPartOf\":{\"@id\":\"https:\\\/\\\/skaitytaknyga.lt\\\/#website\"},\"primaryImageOfPage\":{\"@id\":\"https:\\\/\\\/skaitytaknyga.lt\\\/produktas\\\/saltienos-bistro\\\/#primaryimage\"},\"image\":{\"@id\":\"https:\\\/\\\/skaitytaknyga.lt\\\/produktas\\\/saltienos-bistro\\\/#primaryimage\"},\"thumbnailUrl\":\"https:\\\/\\\/skaitytaknyga.lt\\\/wp-content\\\/uploads\\\/2025\\\/03\\\/Saltienos-bistro.webp\",\"datePublished\":\"2025-03-23T16:54:27+00:00\",\"dateModified\":\"2025-10-12T09:30:54+00:00\",\"description\":\"\u201eKalb\u0117ta, kad \u012fvairi\u0173 \u012fvyki\u0173, garsinusi\u0173 \u0161i\u0105 viet\u0105, b\u016bta ir pasaulinio karo metais. Paskerst\u0105 kiaul\u0119 \u010dion atve\u017e\u0119s net pats generalinis sekretorius, o\",\"breadcrumb\":{\"@id\":\"https:\\\/\\\/skaitytaknyga.lt\\\/produktas\\\/saltienos-bistro\\\/#breadcrumb\"},\"inLanguage\":\"en-GB\",\"potentialAction\":[{\"@type\":\"ReadAction\",\"target\":[\"https:\\\/\\\/skaitytaknyga.lt\\\/produktas\\\/saltienos-bistro\\\/\"]}]},{\"@type\":\"ImageObject\",\"inLanguage\":\"en-GB\",\"@id\":\"https:\\\/\\\/skaitytaknyga.lt\\\/produktas\\\/saltienos-bistro\\\/#primaryimage\",\"url\":\"https:\\\/\\\/skaitytaknyga.lt\\\/wp-content\\\/uploads\\\/2025\\\/03\\\/Saltienos-bistro.webp\",\"contentUrl\":\"https:\\\/\\\/skaitytaknyga.lt\\\/wp-content\\\/uploads\\\/2025\\\/03\\\/Saltienos-bistro.webp\",\"width\":544,\"height\":800,\"caption\":\"\u0160altienos bistro\"},{\"@type\":\"BreadcrumbList\",\"@id\":\"https:\\\/\\\/skaitytaknyga.lt\\\/produktas\\\/saltienos-bistro\\\/#breadcrumb\",\"itemListElement\":[{\"@type\":\"ListItem\",\"position\":1,\"name\":\"Home\",\"item\":\"https:\\\/\\\/skaitytaknyga.lt\\\/\"},{\"@type\":\"ListItem\",\"position\":2,\"name\":\"Parduotuv\u0117\",\"item\":\"https:\\\/\\\/skaitytaknyga.lt\\\/knygu-parduotuve\\\/\"},{\"@type\":\"ListItem\",\"position\":3,\"name\":\"\u0160altienos bistro (d\u0117mel\u0117 vir\u0161uje)\"}]},{\"@type\":\"WebSite\",\"@id\":\"https:\\\/\\\/skaitytaknyga.lt\\\/#website\",\"url\":\"https:\\\/\\\/skaitytaknyga.lt\\\/\",\"name\":\"skaitytaknyga.lt\",\"description\":\"Skaitytaknyga.lt \u2013 tai ma\u017eas \u0161eimos verslas, kuris prasid\u0117jo nuo meil\u0117s knygoms ir siekio i\u0161gelb\u0117ti knygas nuo likimo prie konteinerio. Kas vienam nereikalingas daiktas \u2013 kitam lobis, o mes esame tarpininkai, kurie padeda abiems tapti laimingesniems ???? \u017dinome kaip nelengva i\u0161gyventi ma\u017eiems verslams, tad nuo \u0161iol, \u010dia rasite ir kit\u0173, ma\u017e\u0173 \u0161eim\u0173 versl\u0173, rank\u0173 darbo, dovan\u0173 sau ir artimiesiems.\",\"publisher\":{\"@id\":\"https:\\\/\\\/skaitytaknyga.lt\\\/#organization\"},\"potentialAction\":[{\"@type\":\"SearchAction\",\"target\":{\"@type\":\"EntryPoint\",\"urlTemplate\":\"https:\\\/\\\/skaitytaknyga.lt\\\/?s={search_term_string}\"},\"query-input\":{\"@type\":\"PropertyValueSpecification\",\"valueRequired\":true,\"valueName\":\"search_term_string\"}}],\"inLanguage\":\"en-GB\"},{\"@type\":\"Organization\",\"@id\":\"https:\\\/\\\/skaitytaknyga.lt\\\/#organization\",\"name\":\"skaitytaknyga.lt\",\"url\":\"https:\\\/\\\/skaitytaknyga.lt\\\/\",\"logo\":{\"@type\":\"ImageObject\",\"inLanguage\":\"en-GB\",\"@id\":\"https:\\\/\\\/skaitytaknyga.lt\\\/#\\\/schema\\\/logo\\\/image\\\/\",\"url\":\"https:\\\/\\\/skaitytaknyga.lt\\\/wp-content\\\/uploads\\\/2024\\\/05\\\/cropped-cropped-cropped-02_00843_jt3bggkj1j3HLc7SyY6rEUpg.jpeg\",\"contentUrl\":\"https:\\\/\\\/skaitytaknyga.lt\\\/wp-content\\\/uploads\\\/2024\\\/05\\\/cropped-cropped-cropped-02_00843_jt3bggkj1j3HLc7SyY6rEUpg.jpeg\",\"width\":1600,\"height\":1600,\"caption\":\"skaitytaknyga.lt\"},\"image\":{\"@id\":\"https:\\\/\\\/skaitytaknyga.lt\\\/#\\\/schema\\\/logo\\\/image\\\/\"},\"sameAs\":[\"https:\\\/\\\/www.facebook.com\\\/skaitytaknyga\\\/\"]}]}<\/script>\n<!-- \/ Yoast SEO plugin. -->","yoast_head_json":{"title":"\u0160altienos bistro (d\u0117mel\u0117 vir\u0161uje)","description":"\u201eKalb\u0117ta, kad \u012fvairi\u0173 \u012fvyki\u0173, garsinusi\u0173 \u0161i\u0105 viet\u0105, b\u016bta ir pasaulinio karo metais. Paskerst\u0105 kiaul\u0119 \u010dion atve\u017e\u0119s net pats generalinis sekretorius, o","robots":{"index":"index","follow":"follow","max-snippet":"max-snippet:-1","max-image-preview":"max-image-preview:large","max-video-preview":"max-video-preview:-1"},"canonical":"https:\/\/skaitytaknyga.lt\/en\/produktas\/saltienos-bistro\/","og_locale":"en_GB","og_type":"article","og_title":"[:lt]\u0160altienos bistro (d\u0117mel\u0117 vir\u0161uje)[:] - Skaitytaknyga","og_description":"\u201eKalb\u0117ta, kad \u012fvairi\u0173 \u012fvyki\u0173, garsinusi\u0173 \u0161i\u0105 viet\u0105, b\u016bta ir pasaulinio karo metais. Paskerst\u0105 kiaul\u0119 \u010dion atve\u017e\u0119s net pats generalinis sekretorius, o","og_url":"https:\/\/skaitytaknyga.lt\/en\/produktas\/saltienos-bistro\/","og_site_name":"Skaitytaknyga","article_publisher":"https:\/\/www.facebook.com\/skaitytaknyga\/","article_modified_time":"2025-10-12T09:30:54+00:00","og_image":[{"width":544,"height":800,"url":"https:\/\/skaitytaknyga.lt\/wp-content\/uploads\/2025\/03\/Saltienos-bistro.webp","type":"image\/webp"}],"twitter_card":"summary_large_image","twitter_misc":{"Estimated reading time":"2 minutes"},"schema":{"@context":"https:\/\/schema.org","@graph":[{"@type":"WebPage","@id":"https:\/\/skaitytaknyga.lt\/produktas\/saltienos-bistro\/","url":"https:\/\/skaitytaknyga.lt\/produktas\/saltienos-bistro\/","name":"\u0160altienos bistro (d\u0117mel\u0117 vir\u0161uje)","isPartOf":{"@id":"https:\/\/skaitytaknyga.lt\/#website"},"primaryImageOfPage":{"@id":"https:\/\/skaitytaknyga.lt\/produktas\/saltienos-bistro\/#primaryimage"},"image":{"@id":"https:\/\/skaitytaknyga.lt\/produktas\/saltienos-bistro\/#primaryimage"},"thumbnailUrl":"https:\/\/skaitytaknyga.lt\/wp-content\/uploads\/2025\/03\/Saltienos-bistro.webp","datePublished":"2025-03-23T16:54:27+00:00","dateModified":"2025-10-12T09:30:54+00:00","description":"\u201eKalb\u0117ta, kad \u012fvairi\u0173 \u012fvyki\u0173, garsinusi\u0173 \u0161i\u0105 viet\u0105, b\u016bta ir pasaulinio karo metais. Paskerst\u0105 kiaul\u0119 \u010dion atve\u017e\u0119s net pats generalinis sekretorius, o","breadcrumb":{"@id":"https:\/\/skaitytaknyga.lt\/produktas\/saltienos-bistro\/#breadcrumb"},"inLanguage":"en-GB","potentialAction":[{"@type":"ReadAction","target":["https:\/\/skaitytaknyga.lt\/produktas\/saltienos-bistro\/"]}]},{"@type":"ImageObject","inLanguage":"en-GB","@id":"https:\/\/skaitytaknyga.lt\/produktas\/saltienos-bistro\/#primaryimage","url":"https:\/\/skaitytaknyga.lt\/wp-content\/uploads\/2025\/03\/Saltienos-bistro.webp","contentUrl":"https:\/\/skaitytaknyga.lt\/wp-content\/uploads\/2025\/03\/Saltienos-bistro.webp","width":544,"height":800,"caption":"\u0160altienos bistro"},{"@type":"BreadcrumbList","@id":"https:\/\/skaitytaknyga.lt\/produktas\/saltienos-bistro\/#breadcrumb","itemListElement":[{"@type":"ListItem","position":1,"name":"Home","item":"https:\/\/skaitytaknyga.lt\/"},{"@type":"ListItem","position":2,"name":"Parduotuv\u0117","item":"https:\/\/skaitytaknyga.lt\/knygu-parduotuve\/"},{"@type":"ListItem","position":3,"name":"\u0160altienos bistro (d\u0117mel\u0117 vir\u0161uje)"}]},{"@type":"WebSite","@id":"https:\/\/skaitytaknyga.lt\/#website","url":"https:\/\/skaitytaknyga.lt\/","name":"skaitytaknyga.lt","description":"Skaitytaknyga.lt \u2013 tai ma\u017eas \u0161eimos verslas, kuris prasid\u0117jo nuo meil\u0117s knygoms ir siekio i\u0161gelb\u0117ti knygas nuo likimo prie konteinerio. Kas vienam nereikalingas daiktas \u2013 kitam lobis, o mes esame tarpininkai, kurie padeda abiems tapti laimingesniems ???? \u017dinome kaip nelengva i\u0161gyventi ma\u017eiems verslams, tad nuo \u0161iol, \u010dia rasite ir kit\u0173, ma\u017e\u0173 \u0161eim\u0173 versl\u0173, rank\u0173 darbo, dovan\u0173 sau ir artimiesiems.","publisher":{"@id":"https:\/\/skaitytaknyga.lt\/#organization"},"potentialAction":[{"@type":"SearchAction","target":{"@type":"EntryPoint","urlTemplate":"https:\/\/skaitytaknyga.lt\/?s={search_term_string}"},"query-input":{"@type":"PropertyValueSpecification","valueRequired":true,"valueName":"search_term_string"}}],"inLanguage":"en-GB"},{"@type":"Organization","@id":"https:\/\/skaitytaknyga.lt\/#organization","name":"skaitytaknyga.lt","url":"https:\/\/skaitytaknyga.lt\/","logo":{"@type":"ImageObject","inLanguage":"en-GB","@id":"https:\/\/skaitytaknyga.lt\/#\/schema\/logo\/image\/","url":"https:\/\/skaitytaknyga.lt\/wp-content\/uploads\/2024\/05\/cropped-cropped-cropped-02_00843_jt3bggkj1j3HLc7SyY6rEUpg.jpeg","contentUrl":"https:\/\/skaitytaknyga.lt\/wp-content\/uploads\/2024\/05\/cropped-cropped-cropped-02_00843_jt3bggkj1j3HLc7SyY6rEUpg.jpeg","width":1600,"height":1600,"caption":"skaitytaknyga.lt"},"image":{"@id":"https:\/\/skaitytaknyga.lt\/#\/schema\/logo\/image\/"},"sameAs":["https:\/\/www.facebook.com\/skaitytaknyga\/"]}]}},"_links":{"self":[{"href":"https:\/\/skaitytaknyga.lt\/en\/wp-json\/wp\/v2\/product\/17535","targetHints":{"allow":["GET"]}}],"collection":[{"href":"https:\/\/skaitytaknyga.lt\/en\/wp-json\/wp\/v2\/product"}],"about":[{"href":"https:\/\/skaitytaknyga.lt\/en\/wp-json\/wp\/v2\/types\/product"}],"replies":[{"embeddable":true,"href":"https:\/\/skaitytaknyga.lt\/en\/wp-json\/wp\/v2\/comments?post=17535"}],"wp:featuredmedia":[{"embeddable":true,"href":"https:\/\/skaitytaknyga.lt\/en\/wp-json\/wp\/v2\/media\/17536"}],"wp:attachment":[{"href":"https:\/\/skaitytaknyga.lt\/en\/wp-json\/wp\/v2\/media?parent=17535"}],"wp:term":[{"taxonomy":"product_brand","embeddable":true,"href":"https:\/\/skaitytaknyga.lt\/en\/wp-json\/wp\/v2\/product_brand?post=17535"},{"taxonomy":"product_cat","embeddable":true,"href":"https:\/\/skaitytaknyga.lt\/en\/wp-json\/wp\/v2\/product_cat?post=17535"},{"taxonomy":"product_tag","embeddable":true,"href":"https:\/\/skaitytaknyga.lt\/en\/wp-json\/wp\/v2\/product_tag?post=17535"}],"curies":[{"name":"wp","href":"https:\/\/api.w.org\/{rel}","templated":true}]}}