{"id":17528,"date":"2025-03-23T18:41:28","date_gmt":"2025-03-23T16:41:28","guid":{"rendered":"https:\/\/skaitytaknyga.lt\/?post_type=product&#038;p=17528"},"modified":"2025-05-24T20:57:45","modified_gmt":"2025-05-24T17:57:45","slug":"benamiai-intos-tremtiniu-poezija","status":"publish","type":"product","link":"https:\/\/skaitytaknyga.lt\/en\/produktas\/benamiai-intos-tremtiniu-poezija\/","title":{"rendered":"Benamiai. Intos tremtini\u0173 poezija"},"content":{"rendered":"<p>\u0160e\u0161tojo de\u0161imtme\u010dio viduryje prad\u0117ti i\u0161 Komijos lageri\u0173 leisti \u012f laisv\u0119 politiniai kaliniai lietuviai Intoje \u012fsteig\u0117 literat\u0173 b\u016brel\u012f ir pareng\u0117 tris rankra\u0161tines poezijos antologijas, kuri\u0173 nuora\u0161ai pasiek\u0117 Lietuv\u0105, bet d\u0117l nepalanki\u0173 s\u0105lyg\u0173 negal\u0117jo i\u0161kilti \u012f vie\u0161um\u0105. Pasikeitus istorin\u0117ms aplinkyb\u0117ms, rankra\u0161\u010diais klajojusi poezija, gausiai ir svariai papildyta pa\u010di\u0173 autori\u0173, i\u0161leista atskiru rinkiniu \u201eBenamiai\u201c. Jame \u2013 1945\u20131956 metais sukurti septyniolikos slapyvard\u017eiais ra\u0161iusi\u0173 ir tik dabar i\u0161ai\u0161kint\u0173 poet\u0173 eil\u0117ra\u0161\u010diai.<\/p>\n<ul class=\"about-product d-none d-xl-block mt-4\">\n<li><strong>Autorius:<\/strong>\u00a0Leonas Gudaitis<\/li>\n<li><strong>Leid\u0117jas:<\/strong>\u00a0<a href=\"https:\/\/www.knygos.lt\/lt\/knygos\/leidejas\/periodika\/\">Periodika<\/a><\/li>\n<li><strong>Metai:<\/strong>\u00a01989<\/li>\n<li><strong>Puslapiai:<\/strong>\u00a0304<\/li>\n<li class=\"toggleable type-new-formats \"><strong>Formatas:<\/strong>\u00a017 x 26,5 x 2 cm<\/li>\n<\/ul>\n","protected":false},"excerpt":{"rendered":"<p>\u0160e\u0161tojo de\u0161imtme\u010dio viduryje prad\u0117ti i\u0161 Komijos lageri\u0173 leisti \u012f laisv\u0119 politiniai kaliniai lietuviai Intoje \u012fsteig\u0117 literat\u0173 b\u016brel\u012f ir pareng\u0117 tris rankra\u0161tines poezijos antologijas, kuri\u0173 nuora\u0161ai pasiek\u0117 Lietuv\u0105, bet d\u0117l nepalanki\u0173 s\u0105lyg\u0173 negal\u0117jo i\u0161kilti \u012f vie\u0161um\u0105. Pasikeitus istorin\u0117ms aplinkyb\u0117ms, rankra\u0161\u010diais klajojusi poezija, gausiai ir svariai papildyta pa\u010di\u0173 autori\u0173, i\u0161leista atskiru rinkiniu \u201eBenamiai\u201c. Jame \u2013 1945\u20131956 metais sukurti septyniolikos slapyvard\u017eiais ra\u0161iusi\u0173 ir tik dabar i\u0161ai\u0161kint\u0173 poet\u0173 eil\u0117ra\u0161\u010diai. Autorius:\u00a0Leonas Gudaitis Leid\u0117jas:\u00a0Periodika Metai:\u00a01989 Puslapiai:\u00a0304 Formatas:\u00a017 x 26,5 x 2 cm<\/p>\n","protected":false},"featured_media":17529,"comment_status":"open","ping_status":"closed","template":"","meta":{"_acf_changed":false,"site-sidebar-layout":"default","site-content-layout":"","ast-site-content-layout":"default","site-content-style":"default","site-sidebar-style":"default","ast-global-header-display":"","ast-banner-title-visibility":"","ast-main-header-display":"","ast-hfb-above-header-display":"","ast-hfb-below-header-display":"","ast-hfb-mobile-header-display":"","site-post-title":"","ast-breadcrumbs-content":"","ast-featured-img":"","footer-sml-layout":"","ast-disable-related-posts":"","theme-transparent-header-meta":"default","adv-header-id-meta":"","stick-header-meta":"","header-above-stick-meta":"","header-main-stick-meta":"","header-below-stick-meta":"","astra-migrate-meta-layouts":"set","ast-page-background-enabled":"default","ast-page-background-meta":{"desktop":{"background-color":"","background-image":"","background-repeat":"repeat","background-position":"center center","background-size":"auto","background-attachment":"scroll","background-type":"","background-media":"","overlay-type":"","overlay-color":"","overlay-opacity":"","overlay-gradient":""},"tablet":{"background-color":"","background-image":"","background-repeat":"repeat","background-position":"center center","background-size":"auto","background-attachment":"scroll","background-type":"","background-media":"","overlay-type":"","overlay-color":"","overlay-opacity":"","overlay-gradient":""},"mobile":{"background-color":"","background-image":"","background-repeat":"repeat","background-position":"center center","background-size":"auto","background-attachment":"scroll","background-type":"","background-media":"","overlay-type":"","overlay-color":"","overlay-opacity":"","overlay-gradient":""}},"ast-content-background-meta":{"desktop":{"background-color":"var(--ast-global-color-4)","background-image":"","background-repeat":"repeat","background-position":"center center","background-size":"auto","background-attachment":"scroll","background-type":"","background-media":"","overlay-type":"","overlay-color":"","overlay-opacity":"","overlay-gradient":""},"tablet":{"background-color":"var(--ast-global-color-4)","background-image":"","background-repeat":"repeat","background-position":"center center","background-size":"auto","background-attachment":"scroll","background-type":"","background-media":"","overlay-type":"","overlay-color":"","overlay-opacity":"","overlay-gradient":""},"mobile":{"background-color":"var(--ast-global-color-4)","background-image":"","background-repeat":"repeat","background-position":"center center","background-size":"auto","background-attachment":"scroll","background-type":"","background-media":"","overlay-type":"","overlay-color":"","overlay-opacity":"","overlay-gradient":""}}},"product_brand":[],"product_cat":[1085,31,15],"product_tag":[1453,4330,1809,4331],"class_list":{"0":"post-17528","1":"product","2":"type-product","3":"status-publish","4":"has-post-thumbnail","6":"product_cat-poezija","7":"product_cat-grozine-literatura","8":"product_cat-uncategorized","9":"product_tag-grozine-literatura","10":"product_tag-leonas-gudaitis","11":"product_tag-poezija","12":"product_tag-visos-prekes","13":"desktop-align-left","14":"tablet-align-left","15":"mobile-align-left","17":"first","18":"instock","19":"shipping-taxable","20":"purchasable","21":"product-type-simple"},"acf":[],"yoast_head":"<!-- This site is optimized with the Yoast SEO plugin v27.0 - https:\/\/yoast.com\/product\/yoast-seo-wordpress\/ -->\n<title>Benamiai. Intos tremtini\u0173 poezija<\/title>\n<meta name=\"description\" content=\"\u0160e\u0161tojo de\u0161imtme\u010dio viduryje prad\u0117ti i\u0161 Komijos lageri\u0173 leisti \u012f laisv\u0119 politiniai kaliniai lietuviai Intoje \u012fsteig\u0117 literat\u0173 b\u016brel\u012f ir pareng\u0117 tris\" \/>\n<meta name=\"robots\" content=\"index, follow, max-snippet:-1, max-image-preview:large, max-video-preview:-1\" \/>\n<link rel=\"canonical\" href=\"https:\/\/skaitytaknyga.lt\/en\/produktas\/benamiai-intos-tremtiniu-poezija\/\" \/>\n<meta property=\"og:locale\" content=\"en_GB\" \/>\n<meta property=\"og:locale:alternate\" content=\"lt_LT\" \/>\n<meta property=\"og:type\" content=\"article\" \/>\n<meta property=\"og:title\" content=\"Benamiai. Intos tremtini\u0173 poezija\" \/>\n<meta property=\"og:description\" content=\"\u0160e\u0161tojo de\u0161imtme\u010dio viduryje prad\u0117ti i\u0161 Komijos lageri\u0173 leisti \u012f laisv\u0119 politiniai kaliniai lietuviai Intoje \u012fsteig\u0117 literat\u0173 b\u016brel\u012f ir pareng\u0117 tris\" \/>\n<meta property=\"og:url\" content=\"https:\/\/skaitytaknyga.lt\/en\/produktas\/benamiai-intos-tremtiniu-poezija\/\" \/>\n<meta property=\"og:site_name\" content=\"Skaitytaknyga\" \/>\n<meta property=\"article:publisher\" content=\"https:\/\/www.facebook.com\/skaitytaknyga\/\" \/>\n<meta property=\"article:modified_time\" content=\"2025-05-24T17:57:45+00:00\" \/>\n<meta property=\"og:image\" content=\"https:\/\/skaitytaknyga.lt\/wp-content\/uploads\/2025\/03\/Benamiai.-Intos-tremtiniu-poezija.webp\" \/>\n\t<meta property=\"og:image:width\" content=\"243\" \/>\n\t<meta property=\"og:image:height\" content=\"400\" \/>\n\t<meta property=\"og:image:type\" content=\"image\/webp\" \/>\n<meta name=\"twitter:card\" content=\"summary_large_image\" \/>\n<meta name=\"twitter:label1\" content=\"Estimated reading time\" \/>\n\t<meta name=\"twitter:data1\" content=\"1 minute\" \/>\n<script type=\"application\/ld+json\" class=\"yoast-schema-graph\">{\"@context\":\"https:\/\/schema.org\",\"@graph\":[{\"@type\":\"WebPage\",\"@id\":\"https:\/\/skaitytaknyga.lt\/produktas\/benamiai-intos-tremtiniu-poezija\/\",\"url\":\"https:\/\/skaitytaknyga.lt\/produktas\/benamiai-intos-tremtiniu-poezija\/\",\"name\":\"Benamiai. Intos tremtini\u0173 poezija\",\"isPartOf\":{\"@id\":\"https:\/\/skaitytaknyga.lt\/#website\"},\"primaryImageOfPage\":{\"@id\":\"https:\/\/skaitytaknyga.lt\/produktas\/benamiai-intos-tremtiniu-poezija\/#primaryimage\"},\"image\":{\"@id\":\"https:\/\/skaitytaknyga.lt\/produktas\/benamiai-intos-tremtiniu-poezija\/#primaryimage\"},\"thumbnailUrl\":\"https:\/\/skaitytaknyga.lt\/wp-content\/uploads\/2025\/03\/Benamiai.-Intos-tremtiniu-poezija.webp\",\"datePublished\":\"2025-03-23T16:41:28+00:00\",\"dateModified\":\"2025-05-24T17:57:45+00:00\",\"description\":\"\u0160e\u0161tojo de\u0161imtme\u010dio viduryje prad\u0117ti i\u0161 Komijos lageri\u0173 leisti \u012f laisv\u0119 politiniai kaliniai lietuviai Intoje \u012fsteig\u0117 literat\u0173 b\u016brel\u012f ir pareng\u0117 tris\",\"breadcrumb\":{\"@id\":\"https:\/\/skaitytaknyga.lt\/produktas\/benamiai-intos-tremtiniu-poezija\/#breadcrumb\"},\"inLanguage\":\"en-GB\",\"potentialAction\":[{\"@type\":\"ReadAction\",\"target\":[\"https:\/\/skaitytaknyga.lt\/produktas\/benamiai-intos-tremtiniu-poezija\/\"]}]},{\"@type\":\"ImageObject\",\"inLanguage\":\"en-GB\",\"@id\":\"https:\/\/skaitytaknyga.lt\/produktas\/benamiai-intos-tremtiniu-poezija\/#primaryimage\",\"url\":\"https:\/\/skaitytaknyga.lt\/wp-content\/uploads\/2025\/03\/Benamiai.-Intos-tremtiniu-poezija.webp\",\"contentUrl\":\"https:\/\/skaitytaknyga.lt\/wp-content\/uploads\/2025\/03\/Benamiai.-Intos-tremtiniu-poezija.webp\",\"width\":243,\"height\":400,\"caption\":\"Benamiai. Intos tremtini\u0173 poezija\"},{\"@type\":\"BreadcrumbList\",\"@id\":\"https:\/\/skaitytaknyga.lt\/produktas\/benamiai-intos-tremtiniu-poezija\/#breadcrumb\",\"itemListElement\":[{\"@type\":\"ListItem\",\"position\":1,\"name\":\"Home\",\"item\":\"https:\/\/skaitytaknyga.lt\/\"},{\"@type\":\"ListItem\",\"position\":2,\"name\":\"Parduotuv\u0117\",\"item\":\"https:\/\/skaitytaknyga.lt\/knygu-parduotuve\/\"},{\"@type\":\"ListItem\",\"position\":3,\"name\":\"Benamiai. Intos tremtini\u0173 poezija\"}]},{\"@type\":\"WebSite\",\"@id\":\"https:\/\/skaitytaknyga.lt\/#website\",\"url\":\"https:\/\/skaitytaknyga.lt\/\",\"name\":\"skaitytaknyga.lt\",\"description\":\"Skaitytaknyga.lt \u2013 tai ma\u017eas \u0161eimos verslas, kuris prasid\u0117jo nuo meil\u0117s knygoms ir siekio i\u0161gelb\u0117ti knygas nuo likimo prie konteinerio. Kas vienam nereikalingas daiktas \u2013 kitam lobis, o mes esame tarpininkai, kurie padeda abiems tapti laimingesniems ???? \u017dinome kaip nelengva i\u0161gyventi ma\u017eiems verslams, tad nuo \u0161iol, \u010dia rasite ir kit\u0173, ma\u017e\u0173 \u0161eim\u0173 versl\u0173, rank\u0173 darbo, dovan\u0173 sau ir artimiesiems.\",\"publisher\":{\"@id\":\"https:\/\/skaitytaknyga.lt\/#organization\"},\"potentialAction\":[{\"@type\":\"SearchAction\",\"target\":{\"@type\":\"EntryPoint\",\"urlTemplate\":\"https:\/\/skaitytaknyga.lt\/?s={search_term_string}\"},\"query-input\":{\"@type\":\"PropertyValueSpecification\",\"valueRequired\":true,\"valueName\":\"search_term_string\"}}],\"inLanguage\":\"en-GB\"},{\"@type\":\"Organization\",\"@id\":\"https:\/\/skaitytaknyga.lt\/#organization\",\"name\":\"skaitytaknyga.lt\",\"url\":\"https:\/\/skaitytaknyga.lt\/\",\"logo\":{\"@type\":\"ImageObject\",\"inLanguage\":\"en-GB\",\"@id\":\"https:\/\/skaitytaknyga.lt\/#\/schema\/logo\/image\/\",\"url\":\"https:\/\/skaitytaknyga.lt\/wp-content\/uploads\/2024\/05\/cropped-cropped-cropped-02_00843_jt3bggkj1j3HLc7SyY6rEUpg.jpeg\",\"contentUrl\":\"https:\/\/skaitytaknyga.lt\/wp-content\/uploads\/2024\/05\/cropped-cropped-cropped-02_00843_jt3bggkj1j3HLc7SyY6rEUpg.jpeg\",\"width\":1600,\"height\":1600,\"caption\":\"skaitytaknyga.lt\"},\"image\":{\"@id\":\"https:\/\/skaitytaknyga.lt\/#\/schema\/logo\/image\/\"},\"sameAs\":[\"https:\/\/www.facebook.com\/skaitytaknyga\/\"]}]}<\/script>\n<!-- \/ Yoast SEO plugin. -->","yoast_head_json":{"title":"Benamiai. Intos tremtini\u0173 poezija","description":"\u0160e\u0161tojo de\u0161imtme\u010dio viduryje prad\u0117ti i\u0161 Komijos lageri\u0173 leisti \u012f laisv\u0119 politiniai kaliniai lietuviai Intoje \u012fsteig\u0117 literat\u0173 b\u016brel\u012f ir pareng\u0117 tris","robots":{"index":"index","follow":"follow","max-snippet":"max-snippet:-1","max-image-preview":"max-image-preview:large","max-video-preview":"max-video-preview:-1"},"canonical":"https:\/\/skaitytaknyga.lt\/en\/produktas\/benamiai-intos-tremtiniu-poezija\/","og_locale":"en_GB","og_type":"article","og_title":"[:lt]Benamiai. Intos tremtini\u0173 poezija[:] - Skaitytaknyga","og_description":"\u0160e\u0161tojo de\u0161imtme\u010dio viduryje prad\u0117ti i\u0161 Komijos lageri\u0173 leisti \u012f laisv\u0119 politiniai kaliniai lietuviai Intoje \u012fsteig\u0117 literat\u0173 b\u016brel\u012f ir pareng\u0117 tris","og_url":"https:\/\/skaitytaknyga.lt\/en\/produktas\/benamiai-intos-tremtiniu-poezija\/","og_site_name":"Skaitytaknyga","article_publisher":"https:\/\/www.facebook.com\/skaitytaknyga\/","article_modified_time":"2025-05-24T17:57:45+00:00","og_image":[{"width":243,"height":400,"url":"https:\/\/skaitytaknyga.lt\/wp-content\/uploads\/2025\/03\/Benamiai.-Intos-tremtiniu-poezija.webp","type":"image\/webp"}],"twitter_card":"summary_large_image","twitter_misc":{"Estimated reading time":"1 minute"},"schema":{"@context":"https:\/\/schema.org","@graph":[{"@type":"WebPage","@id":"https:\/\/skaitytaknyga.lt\/produktas\/benamiai-intos-tremtiniu-poezija\/","url":"https:\/\/skaitytaknyga.lt\/produktas\/benamiai-intos-tremtiniu-poezija\/","name":"Benamiai. Intos tremtini\u0173 poezija","isPartOf":{"@id":"https:\/\/skaitytaknyga.lt\/#website"},"primaryImageOfPage":{"@id":"https:\/\/skaitytaknyga.lt\/produktas\/benamiai-intos-tremtiniu-poezija\/#primaryimage"},"image":{"@id":"https:\/\/skaitytaknyga.lt\/produktas\/benamiai-intos-tremtiniu-poezija\/#primaryimage"},"thumbnailUrl":"https:\/\/skaitytaknyga.lt\/wp-content\/uploads\/2025\/03\/Benamiai.-Intos-tremtiniu-poezija.webp","datePublished":"2025-03-23T16:41:28+00:00","dateModified":"2025-05-24T17:57:45+00:00","description":"\u0160e\u0161tojo de\u0161imtme\u010dio viduryje prad\u0117ti i\u0161 Komijos lageri\u0173 leisti \u012f laisv\u0119 politiniai kaliniai lietuviai Intoje \u012fsteig\u0117 literat\u0173 b\u016brel\u012f ir pareng\u0117 tris","breadcrumb":{"@id":"https:\/\/skaitytaknyga.lt\/produktas\/benamiai-intos-tremtiniu-poezija\/#breadcrumb"},"inLanguage":"en-GB","potentialAction":[{"@type":"ReadAction","target":["https:\/\/skaitytaknyga.lt\/produktas\/benamiai-intos-tremtiniu-poezija\/"]}]},{"@type":"ImageObject","inLanguage":"en-GB","@id":"https:\/\/skaitytaknyga.lt\/produktas\/benamiai-intos-tremtiniu-poezija\/#primaryimage","url":"https:\/\/skaitytaknyga.lt\/wp-content\/uploads\/2025\/03\/Benamiai.-Intos-tremtiniu-poezija.webp","contentUrl":"https:\/\/skaitytaknyga.lt\/wp-content\/uploads\/2025\/03\/Benamiai.-Intos-tremtiniu-poezija.webp","width":243,"height":400,"caption":"Benamiai. Intos tremtini\u0173 poezija"},{"@type":"BreadcrumbList","@id":"https:\/\/skaitytaknyga.lt\/produktas\/benamiai-intos-tremtiniu-poezija\/#breadcrumb","itemListElement":[{"@type":"ListItem","position":1,"name":"Home","item":"https:\/\/skaitytaknyga.lt\/"},{"@type":"ListItem","position":2,"name":"Parduotuv\u0117","item":"https:\/\/skaitytaknyga.lt\/knygu-parduotuve\/"},{"@type":"ListItem","position":3,"name":"Benamiai. Intos tremtini\u0173 poezija"}]},{"@type":"WebSite","@id":"https:\/\/skaitytaknyga.lt\/#website","url":"https:\/\/skaitytaknyga.lt\/","name":"skaitytaknyga.lt","description":"Skaitytaknyga.lt \u2013 tai ma\u017eas \u0161eimos verslas, kuris prasid\u0117jo nuo meil\u0117s knygoms ir siekio i\u0161gelb\u0117ti knygas nuo likimo prie konteinerio. Kas vienam nereikalingas daiktas \u2013 kitam lobis, o mes esame tarpininkai, kurie padeda abiems tapti laimingesniems ???? \u017dinome kaip nelengva i\u0161gyventi ma\u017eiems verslams, tad nuo \u0161iol, \u010dia rasite ir kit\u0173, ma\u017e\u0173 \u0161eim\u0173 versl\u0173, rank\u0173 darbo, dovan\u0173 sau ir artimiesiems.","publisher":{"@id":"https:\/\/skaitytaknyga.lt\/#organization"},"potentialAction":[{"@type":"SearchAction","target":{"@type":"EntryPoint","urlTemplate":"https:\/\/skaitytaknyga.lt\/?s={search_term_string}"},"query-input":{"@type":"PropertyValueSpecification","valueRequired":true,"valueName":"search_term_string"}}],"inLanguage":"en-GB"},{"@type":"Organization","@id":"https:\/\/skaitytaknyga.lt\/#organization","name":"skaitytaknyga.lt","url":"https:\/\/skaitytaknyga.lt\/","logo":{"@type":"ImageObject","inLanguage":"en-GB","@id":"https:\/\/skaitytaknyga.lt\/#\/schema\/logo\/image\/","url":"https:\/\/skaitytaknyga.lt\/wp-content\/uploads\/2024\/05\/cropped-cropped-cropped-02_00843_jt3bggkj1j3HLc7SyY6rEUpg.jpeg","contentUrl":"https:\/\/skaitytaknyga.lt\/wp-content\/uploads\/2024\/05\/cropped-cropped-cropped-02_00843_jt3bggkj1j3HLc7SyY6rEUpg.jpeg","width":1600,"height":1600,"caption":"skaitytaknyga.lt"},"image":{"@id":"https:\/\/skaitytaknyga.lt\/#\/schema\/logo\/image\/"},"sameAs":["https:\/\/www.facebook.com\/skaitytaknyga\/"]}]}},"_links":{"self":[{"href":"https:\/\/skaitytaknyga.lt\/en\/wp-json\/wp\/v2\/product\/17528","targetHints":{"allow":["GET"]}}],"collection":[{"href":"https:\/\/skaitytaknyga.lt\/en\/wp-json\/wp\/v2\/product"}],"about":[{"href":"https:\/\/skaitytaknyga.lt\/en\/wp-json\/wp\/v2\/types\/product"}],"replies":[{"embeddable":true,"href":"https:\/\/skaitytaknyga.lt\/en\/wp-json\/wp\/v2\/comments?post=17528"}],"wp:featuredmedia":[{"embeddable":true,"href":"https:\/\/skaitytaknyga.lt\/en\/wp-json\/wp\/v2\/media\/17529"}],"wp:attachment":[{"href":"https:\/\/skaitytaknyga.lt\/en\/wp-json\/wp\/v2\/media?parent=17528"}],"wp:term":[{"taxonomy":"product_brand","embeddable":true,"href":"https:\/\/skaitytaknyga.lt\/en\/wp-json\/wp\/v2\/product_brand?post=17528"},{"taxonomy":"product_cat","embeddable":true,"href":"https:\/\/skaitytaknyga.lt\/en\/wp-json\/wp\/v2\/product_cat?post=17528"},{"taxonomy":"product_tag","embeddable":true,"href":"https:\/\/skaitytaknyga.lt\/en\/wp-json\/wp\/v2\/product_tag?post=17528"}],"curies":[{"name":"wp","href":"https:\/\/api.w.org\/{rel}","templated":true}]}}