{"id":17487,"date":"2025-03-23T13:02:21","date_gmt":"2025-03-23T11:02:21","guid":{"rendered":"https:\/\/skaitytaknyga.lt\/?post_type=product&#038;p=17487"},"modified":"2025-05-15T10:20:23","modified_gmt":"2025-05-15T07:20:23","slug":"zemaitijos-balsai-ir-daiktai","status":"publish","type":"product","link":"https:\/\/skaitytaknyga.lt\/en\/produktas\/zemaitijos-balsai-ir-daiktai\/","title":{"rendered":"\u017demaitijos balsai ir daiktai (be CD)"},"content":{"rendered":"<p><strong>Egl\u0117s \u010c\u0117jauskait\u0117s-Gintal\u0117s<\/strong>\u00a0ir\u00a0<strong>Viktorijos Daujotyt\u0117s<\/strong>\u00a0knyg\u0105\u00a0<strong>\u201e\u017demaitijos balsai ir daiktai&#8221;,<\/strong>\u00a0kurioje gimt\u0105ja kalba \u0161neka dvi \u017eemait\u0117s, dailininkas Petras Rep\u0161ys vadina paminklu savo namams. Leidinyje sud\u0117ta E. \u010c\u0117jauskait\u0117s-Gintal\u0117s juvelyrika ir j\u0105 \u012fkv\u0117pusi\u0173 \u017eemaiti\u0161k\u0173 prof. V. Daujotyt\u0117s eili\u0173 kompaktin\u0117 plok\u0161tel\u0117.<\/p>\n<p>2015 m. sukurta E. \u010c\u0117jauskait\u0117s-Gintal\u0117s paroda \u201eBalsai ir daiktai&#8221; (\u017eem. \u201eBals\u0101 i daikt\u0101&#8221;) sulauk\u0117 didelio susidom\u0117jimo. Suk\u016brus nauj\u0173 k\u016brini\u0173 ir pasirod\u017eius naujai V. Daujotyt\u0117s \u017eemaiti\u0161k\u0173 eili\u0173 knygai, kilo noras tai \u012fam\u017einti. Knyga i\u0161ry\u0161kina ir skirting\u0173 kart\u0173 k\u016br\u0117j\u0173 menin\u0117s rai\u0161kos s\u0105skambius, atskleid\u017eia daikt\u0173 bei poezijos bendryst\u0119.<\/p>\n<p>Leidinyje \u201e\u017demaitijos balsai ir daiktai&#8221; \u012fam\u017einti objektai \u2013 \u0161kaplieriai, senovine pynimo technika sukurtos buities detal\u0117s, audimo stakli\u0173 \u0161audykl\u0117s, li\u017e\u0117s duonai pa\u0161auti \u012f krosn\u012f, sviestmu\u0161io dalys \u2013 \u0161iuolaikiniam \u017emogui primena primir\u0161tus religinius, tautinius, folklorinius Lietuvos tapatumo akcentus ir taip padeda juos i\u0161saugoti atei\u010diai.<\/p>\n<p>112 puslapi\u0173 albume-kataloge \u201e\u017demaitijos balsai ir daiktai&#8221; spausdinama V. Daujotyt\u0117s pratarm\u0117, juvelyr\u0117s E. \u010c\u0117jauskait\u0117s-Gintal\u0117s \u017eodis, menotyrinink\u0117s Jurgitos Ludavi\u010dien\u0117s recenzija, prof. Alfredo Bumblausko, Petro Rep\u0161io ir Romualdo In\u010dirausko tekstai.<\/p>\n<p>Menotyrinink\u0117s J. Ludavi\u010dien\u0117s nuomone, \u017eemaiti\u0161kos V. Daujotyt\u0117s eil\u0117ra\u0161\u010diai nepuo\u0161n\u016bs pilni pauzi\u0173, sustojim\u0173, l\u0117ti, da\u017eniausiai li\u016bdni ir visuomet kupini savo vert\u0117s poj\u016b\u010dio. [&#8230;] Tie \u017eod\u017eiai suteikia daiktams skambes\u012f \u2013 r\u016bstok\u0105, \u017eemaiti\u0161k\u0105. Bet viskas tinka, nes ir daiktai i\u0161 \u017demaitijos, ir Egl\u0117 \u010c\u0117jauskait\u0117-Gintal\u0117, ir jos gimin\u0117 \u2013 i\u0161 ten pat; \u010dia toks verbalinis ir objektinis gr\u012f\u017eimas ten, i\u0161 kur, pasirodo, niekada ir nebuvai i\u0161\u0117jusi. Kartais \u017eod\u017eiai eina paraleliai daiktams, kartais i\u0161 j\u0173 lieka tik kelios sietu sugautos raid\u0117s, sudaran\u010dios \u017eemaiti\u0161k\u0105 dialog\u0105. Daiktai, anot V. Daujotyt\u0117s, \u201ei\u0161 daikti\u0161kumo gav\u0119 k\u016bn\u0105&#8221;, \u012fgav\u0119 vard\u0105 nuo \u017emogaus \u017evilgsnio.&#8221;<\/p>\n<p>\u017demaiti\u0161kas eiles, \u012fra\u0161ytas \u012f CD, skaito m\u0117g\u0117j\u0173 teatro aktor\u0117 i\u0161 Tel\u0161i\u0173 rajono Vida \u010c\u0117jauskien\u0117.<\/p>\n<ul class=\"about-product d-none d-xl-block mt-4\">\n<li><strong>Autorius:<\/strong>\u00a0Egl\u0117 \u010c\u0117jauskait\u0117-Gintal\u0117,\u00a0Viktorija Daujotyt\u0117<\/li>\n<li><strong>Leid\u0117jas:<\/strong>\u00a0Porta artis<\/li>\n<li><strong>Metai:<\/strong>\u00a02017<\/li>\n<li><strong>Puslapiai:<\/strong>\u00a096<\/li>\n<li class=\"toggleable type-new-formats \"><strong>ISBN:<\/strong>\u00a09786099578910<\/li>\n<li class=\"toggleable type-new-formats \"><strong>Formatas:<\/strong>\u00a017 x 27 cm, kieti vir\u0161eliai<\/li>\n<li><strong>Kalba:<\/strong>\u00a0Lietuvi\u0173<\/li>\n<\/ul>\n","protected":false},"excerpt":{"rendered":"<p>Egl\u0117s \u010c\u0117jauskait\u0117s-Gintal\u0117s\u00a0ir\u00a0Viktorijos Daujotyt\u0117s\u00a0knyg\u0105\u00a0\u201e\u017demaitijos balsai ir daiktai&#8221;,\u00a0kurioje gimt\u0105ja kalba \u0161neka dvi \u017eemait\u0117s, dailininkas Petras Rep\u0161ys vadina paminklu savo namams. Leidinyje sud\u0117ta E. \u010c\u0117jauskait\u0117s-Gintal\u0117s juvelyrika ir j\u0105 \u012fkv\u0117pusi\u0173 \u017eemaiti\u0161k\u0173 prof. V. Daujotyt\u0117s eili\u0173 kompaktin\u0117 plok\u0161tel\u0117. 2015 m. sukurta E. \u010c\u0117jauskait\u0117s-Gintal\u0117s paroda \u201eBalsai ir daiktai&#8221; (\u017eem. \u201eBals\u0101 i daikt\u0101&#8221;) sulauk\u0117 didelio susidom\u0117jimo. Suk\u016brus nauj\u0173 k\u016brini\u0173 ir pasirod\u017eius naujai V. Daujotyt\u0117s \u017eemaiti\u0161k\u0173 eili\u0173 knygai, kilo noras tai \u012fam\u017einti. Knyga i\u0161ry\u0161kina ir skirting\u0173 kart\u0173 k\u016br\u0117j\u0173 menin\u0117s rai\u0161kos s\u0105skambius, atskleid\u017eia daikt\u0173 bei poezijos bendryst\u0119. Leidinyje \u201e\u017demaitijos balsai ir daiktai&#8221; \u012fam\u017einti objektai \u2013 \u0161kaplieriai, senovine pynimo technika sukurtos buities detal\u0117s, audimo stakli\u0173 \u0161audykl\u0117s, li\u017e\u0117s duonai pa\u0161auti \u012f krosn\u012f, sviestmu\u0161io dalys \u2013 \u0161iuolaikiniam \u017emogui primena primir\u0161tus religinius, tautinius, folklorinius Lietuvos tapatumo akcentus ir taip padeda juos i\u0161saugoti atei\u010diai. 112 puslapi\u0173 albume-kataloge \u201e\u017demaitijos balsai ir daiktai&#8221; spausdinama V. Daujotyt\u0117s pratarm\u0117, juvelyr\u0117s E. \u010c\u0117jauskait\u0117s-Gintal\u0117s \u017eodis, menotyrinink\u0117s Jurgitos Ludavi\u010dien\u0117s recenzija, prof. Alfredo Bumblausko, Petro Rep\u0161io ir Romualdo In\u010dirausko tekstai. Menotyrinink\u0117s J. Ludavi\u010dien\u0117s nuomone, \u017eemaiti\u0161kos V. Daujotyt\u0117s eil\u0117ra\u0161\u010diai nepuo\u0161n\u016bs pilni pauzi\u0173, sustojim\u0173, l\u0117ti, da\u017eniausiai li\u016bdni ir visuomet kupini savo vert\u0117s poj\u016b\u010dio. [&#8230;] Tie \u017eod\u017eiai suteikia daiktams skambes\u012f \u2013 r\u016bstok\u0105, \u017eemaiti\u0161k\u0105. Bet viskas tinka, nes ir daiktai i\u0161 \u017demaitijos, ir Egl\u0117 \u010c\u0117jauskait\u0117-Gintal\u0117, ir jos gimin\u0117 \u2013 i\u0161 ten pat; \u010dia toks verbalinis ir objektinis gr\u012f\u017eimas ten, i\u0161 kur, pasirodo, niekada ir nebuvai i\u0161\u0117jusi. Kartais \u017eod\u017eiai eina paraleliai daiktams, kartais i\u0161 j\u0173 lieka tik kelios sietu sugautos raid\u0117s, sudaran\u010dios \u017eemaiti\u0161k\u0105 dialog\u0105. Daiktai, anot V. Daujotyt\u0117s, \u201ei\u0161 daikti\u0161kumo gav\u0119 k\u016bn\u0105&#8221;, \u012fgav\u0119 vard\u0105 nuo \u017emogaus \u017evilgsnio.&#8221; \u017demaiti\u0161kas eiles, \u012fra\u0161ytas \u012f CD, skaito m\u0117g\u0117j\u0173 teatro aktor\u0117 i\u0161 Tel\u0161i\u0173 rajono Vida \u010c\u0117jauskien\u0117. Autorius:\u00a0Egl\u0117 \u010c\u0117jauskait\u0117-Gintal\u0117,\u00a0Viktorija Daujotyt\u0117 Leid\u0117jas:\u00a0Porta artis Metai:\u00a02017 Puslapiai:\u00a096 ISBN:\u00a09786099578910 Formatas:\u00a017 x 27 cm, kieti vir\u0161eliai Kalba:\u00a0Lietuvi\u0173<\/p>\n","protected":false},"featured_media":17488,"comment_status":"closed","ping_status":"closed","template":"","meta":{"_acf_changed":false,"site-sidebar-layout":"default","site-content-layout":"","ast-site-content-layout":"default","site-content-style":"default","site-sidebar-style":"default","ast-global-header-display":"","ast-banner-title-visibility":"","ast-main-header-display":"","ast-hfb-above-header-display":"","ast-hfb-below-header-display":"","ast-hfb-mobile-header-display":"","site-post-title":"","ast-breadcrumbs-content":"","ast-featured-img":"","footer-sml-layout":"","ast-disable-related-posts":"","theme-transparent-header-meta":"default","adv-header-id-meta":"","stick-header-meta":"","header-above-stick-meta":"","header-main-stick-meta":"","header-below-stick-meta":"","astra-migrate-meta-layouts":"set","ast-page-background-enabled":"default","ast-page-background-meta":{"desktop":{"background-color":"","background-image":"","background-repeat":"repeat","background-position":"center center","background-size":"auto","background-attachment":"scroll","background-type":"","background-media":"","overlay-type":"","overlay-color":"","overlay-opacity":"","overlay-gradient":""},"tablet":{"background-color":"","background-image":"","background-repeat":"repeat","background-position":"center center","background-size":"auto","background-attachment":"scroll","background-type":"","background-media":"","overlay-type":"","overlay-color":"","overlay-opacity":"","overlay-gradient":""},"mobile":{"background-color":"","background-image":"","background-repeat":"repeat","background-position":"center center","background-size":"auto","background-attachment":"scroll","background-type":"","background-media":"","overlay-type":"","overlay-color":"","overlay-opacity":"","overlay-gradient":""}},"ast-content-background-meta":{"desktop":{"background-color":"var(--ast-global-color-4)","background-image":"","background-repeat":"repeat","background-position":"center center","background-size":"auto","background-attachment":"scroll","background-type":"","background-media":"","overlay-type":"","overlay-color":"","overlay-opacity":"","overlay-gradient":""},"tablet":{"background-color":"var(--ast-global-color-4)","background-image":"","background-repeat":"repeat","background-position":"center center","background-size":"auto","background-attachment":"scroll","background-type":"","background-media":"","overlay-type":"","overlay-color":"","overlay-opacity":"","overlay-gradient":""},"mobile":{"background-color":"var(--ast-global-color-4)","background-image":"","background-repeat":"repeat","background-position":"center center","background-size":"auto","background-attachment":"scroll","background-type":"","background-media":"","overlay-type":"","overlay-color":"","overlay-opacity":"","overlay-gradient":""}}},"product_brand":[],"product_cat":[293,57],"product_tag":[2979,2980,2224,2376,1492,2969,2977],"class_list":{"0":"post-17487","1":"product","2":"type-product","3":"status-publish","4":"has-post-thumbnail","6":"product_cat-etnografija-liaudies-kuryba","7":"product_cat-menas-ir-albumai","8":"product_tag-egle-cejauskaite-gintale","9":"product_tag-etnografija","10":"product_tag-istorija","11":"product_tag-kultura","12":"product_tag-literatura","13":"product_tag-viktorija-daujotyte","14":"product_tag-zemaitija","15":"desktop-align-left","16":"tablet-align-left","17":"mobile-align-left","19":"first","20":"instock","21":"shipping-taxable","22":"purchasable","23":"product-type-simple"},"acf":[],"yoast_head":"<!-- This site is optimized with the Yoast SEO plugin v27.0 - https:\/\/yoast.com\/product\/yoast-seo-wordpress\/ -->\n<title>\u017demaitijos balsai ir daiktai (be CD)<\/title>\n<meta name=\"description\" content=\"Egl\u0117s \u010c\u0117jauskait\u0117s-Gintal\u0117s\u00a0ir\u00a0Viktorijos Daujotyt\u0117s\u00a0knyg\u0105\u00a0\u201e\u017demaitijos balsai ir daiktai&quot;,\u00a0kurioje gimt\u0105ja kalba \u0161neka dvi \u017eemait\u0117s, dailininkas Petras\" \/>\n<meta name=\"robots\" content=\"index, follow, max-snippet:-1, max-image-preview:large, max-video-preview:-1\" \/>\n<link rel=\"canonical\" href=\"https:\/\/skaitytaknyga.lt\/en\/produktas\/zemaitijos-balsai-ir-daiktai\/\" \/>\n<meta property=\"og:locale\" content=\"en_GB\" \/>\n<meta property=\"og:locale:alternate\" content=\"lt_LT\" \/>\n<meta property=\"og:type\" content=\"article\" \/>\n<meta property=\"og:title\" content=\"\u017demaitijos balsai ir daiktai (be CD)\" \/>\n<meta property=\"og:description\" content=\"Egl\u0117s \u010c\u0117jauskait\u0117s-Gintal\u0117s\u00a0ir\u00a0Viktorijos Daujotyt\u0117s\u00a0knyg\u0105\u00a0\u201e\u017demaitijos balsai ir daiktai&quot;,\u00a0kurioje gimt\u0105ja kalba \u0161neka dvi \u017eemait\u0117s, dailininkas Petras\" \/>\n<meta property=\"og:url\" content=\"https:\/\/skaitytaknyga.lt\/en\/produktas\/zemaitijos-balsai-ir-daiktai\/\" \/>\n<meta property=\"og:site_name\" content=\"Skaitytaknyga\" \/>\n<meta property=\"article:publisher\" content=\"https:\/\/www.facebook.com\/skaitytaknyga\/\" \/>\n<meta property=\"article:modified_time\" content=\"2025-05-15T07:20:23+00:00\" \/>\n<meta property=\"og:image\" content=\"https:\/\/skaitytaknyga.lt\/wp-content\/uploads\/2025\/03\/Zemaitijos-balsai-ir-daiktai.webp\" \/>\n\t<meta property=\"og:image:width\" content=\"523\" \/>\n\t<meta property=\"og:image:height\" content=\"799\" \/>\n\t<meta property=\"og:image:type\" content=\"image\/webp\" \/>\n<meta name=\"twitter:card\" content=\"summary_large_image\" \/>\n<meta name=\"twitter:label1\" content=\"Estimated reading time\" \/>\n\t<meta name=\"twitter:data1\" content=\"2 minutes\" \/>\n<script type=\"application\/ld+json\" class=\"yoast-schema-graph\">{\"@context\":\"https:\/\/schema.org\",\"@graph\":[{\"@type\":\"WebPage\",\"@id\":\"https:\/\/skaitytaknyga.lt\/produktas\/zemaitijos-balsai-ir-daiktai\/\",\"url\":\"https:\/\/skaitytaknyga.lt\/produktas\/zemaitijos-balsai-ir-daiktai\/\",\"name\":\"\u017demaitijos balsai ir daiktai (be CD)\",\"isPartOf\":{\"@id\":\"https:\/\/skaitytaknyga.lt\/#website\"},\"primaryImageOfPage\":{\"@id\":\"https:\/\/skaitytaknyga.lt\/produktas\/zemaitijos-balsai-ir-daiktai\/#primaryimage\"},\"image\":{\"@id\":\"https:\/\/skaitytaknyga.lt\/produktas\/zemaitijos-balsai-ir-daiktai\/#primaryimage\"},\"thumbnailUrl\":\"https:\/\/skaitytaknyga.lt\/wp-content\/uploads\/2025\/03\/Zemaitijos-balsai-ir-daiktai.webp\",\"datePublished\":\"2025-03-23T11:02:21+00:00\",\"dateModified\":\"2025-05-15T07:20:23+00:00\",\"description\":\"Egl\u0117s \u010c\u0117jauskait\u0117s-Gintal\u0117s\u00a0ir\u00a0Viktorijos Daujotyt\u0117s\u00a0knyg\u0105\u00a0\u201e\u017demaitijos balsai ir daiktai\\\",\u00a0kurioje gimt\u0105ja kalba \u0161neka dvi \u017eemait\u0117s, dailininkas Petras\",\"breadcrumb\":{\"@id\":\"https:\/\/skaitytaknyga.lt\/produktas\/zemaitijos-balsai-ir-daiktai\/#breadcrumb\"},\"inLanguage\":\"en-GB\",\"potentialAction\":[{\"@type\":\"ReadAction\",\"target\":[\"https:\/\/skaitytaknyga.lt\/produktas\/zemaitijos-balsai-ir-daiktai\/\"]}]},{\"@type\":\"ImageObject\",\"inLanguage\":\"en-GB\",\"@id\":\"https:\/\/skaitytaknyga.lt\/produktas\/zemaitijos-balsai-ir-daiktai\/#primaryimage\",\"url\":\"https:\/\/skaitytaknyga.lt\/wp-content\/uploads\/2025\/03\/Zemaitijos-balsai-ir-daiktai.webp\",\"contentUrl\":\"https:\/\/skaitytaknyga.lt\/wp-content\/uploads\/2025\/03\/Zemaitijos-balsai-ir-daiktai.webp\",\"width\":523,\"height\":799,\"caption\":\"\u017demaitijos balsai ir daiktai\"},{\"@type\":\"BreadcrumbList\",\"@id\":\"https:\/\/skaitytaknyga.lt\/produktas\/zemaitijos-balsai-ir-daiktai\/#breadcrumb\",\"itemListElement\":[{\"@type\":\"ListItem\",\"position\":1,\"name\":\"Home\",\"item\":\"https:\/\/skaitytaknyga.lt\/\"},{\"@type\":\"ListItem\",\"position\":2,\"name\":\"Parduotuv\u0117\",\"item\":\"https:\/\/skaitytaknyga.lt\/knygu-parduotuve\/\"},{\"@type\":\"ListItem\",\"position\":3,\"name\":\"\u017demaitijos balsai ir daiktai (be CD)\"}]},{\"@type\":\"WebSite\",\"@id\":\"https:\/\/skaitytaknyga.lt\/#website\",\"url\":\"https:\/\/skaitytaknyga.lt\/\",\"name\":\"skaitytaknyga.lt\",\"description\":\"Skaitytaknyga.lt \u2013 tai ma\u017eas \u0161eimos verslas, kuris prasid\u0117jo nuo meil\u0117s knygoms ir siekio i\u0161gelb\u0117ti knygas nuo likimo prie konteinerio. Kas vienam nereikalingas daiktas \u2013 kitam lobis, o mes esame tarpininkai, kurie padeda abiems tapti laimingesniems ???? \u017dinome kaip nelengva i\u0161gyventi ma\u017eiems verslams, tad nuo \u0161iol, \u010dia rasite ir kit\u0173, ma\u017e\u0173 \u0161eim\u0173 versl\u0173, rank\u0173 darbo, dovan\u0173 sau ir artimiesiems.\",\"publisher\":{\"@id\":\"https:\/\/skaitytaknyga.lt\/#organization\"},\"potentialAction\":[{\"@type\":\"SearchAction\",\"target\":{\"@type\":\"EntryPoint\",\"urlTemplate\":\"https:\/\/skaitytaknyga.lt\/?s={search_term_string}\"},\"query-input\":{\"@type\":\"PropertyValueSpecification\",\"valueRequired\":true,\"valueName\":\"search_term_string\"}}],\"inLanguage\":\"en-GB\"},{\"@type\":\"Organization\",\"@id\":\"https:\/\/skaitytaknyga.lt\/#organization\",\"name\":\"skaitytaknyga.lt\",\"url\":\"https:\/\/skaitytaknyga.lt\/\",\"logo\":{\"@type\":\"ImageObject\",\"inLanguage\":\"en-GB\",\"@id\":\"https:\/\/skaitytaknyga.lt\/#\/schema\/logo\/image\/\",\"url\":\"https:\/\/skaitytaknyga.lt\/wp-content\/uploads\/2024\/05\/cropped-cropped-cropped-02_00843_jt3bggkj1j3HLc7SyY6rEUpg.jpeg\",\"contentUrl\":\"https:\/\/skaitytaknyga.lt\/wp-content\/uploads\/2024\/05\/cropped-cropped-cropped-02_00843_jt3bggkj1j3HLc7SyY6rEUpg.jpeg\",\"width\":1600,\"height\":1600,\"caption\":\"skaitytaknyga.lt\"},\"image\":{\"@id\":\"https:\/\/skaitytaknyga.lt\/#\/schema\/logo\/image\/\"},\"sameAs\":[\"https:\/\/www.facebook.com\/skaitytaknyga\/\"]}]}<\/script>\n<!-- \/ Yoast SEO plugin. -->","yoast_head_json":{"title":"\u017demaitijos balsai ir daiktai (be CD)","description":"Egl\u0117s \u010c\u0117jauskait\u0117s-Gintal\u0117s\u00a0ir\u00a0Viktorijos Daujotyt\u0117s\u00a0knyg\u0105\u00a0\u201e\u017demaitijos balsai ir daiktai\",\u00a0kurioje gimt\u0105ja kalba \u0161neka dvi \u017eemait\u0117s, dailininkas Petras","robots":{"index":"index","follow":"follow","max-snippet":"max-snippet:-1","max-image-preview":"max-image-preview:large","max-video-preview":"max-video-preview:-1"},"canonical":"https:\/\/skaitytaknyga.lt\/en\/produktas\/zemaitijos-balsai-ir-daiktai\/","og_locale":"en_GB","og_type":"article","og_title":"[:lt]\u017demaitijos balsai ir daiktai (be CD)[:] - Skaitytaknyga","og_description":"Egl\u0117s \u010c\u0117jauskait\u0117s-Gintal\u0117s\u00a0ir\u00a0Viktorijos Daujotyt\u0117s\u00a0knyg\u0105\u00a0\u201e\u017demaitijos balsai ir daiktai\",\u00a0kurioje gimt\u0105ja kalba \u0161neka dvi \u017eemait\u0117s, dailininkas Petras","og_url":"https:\/\/skaitytaknyga.lt\/en\/produktas\/zemaitijos-balsai-ir-daiktai\/","og_site_name":"Skaitytaknyga","article_publisher":"https:\/\/www.facebook.com\/skaitytaknyga\/","article_modified_time":"2025-05-15T07:20:23+00:00","og_image":[{"width":523,"height":799,"url":"https:\/\/skaitytaknyga.lt\/wp-content\/uploads\/2025\/03\/Zemaitijos-balsai-ir-daiktai.webp","type":"image\/webp"}],"twitter_card":"summary_large_image","twitter_misc":{"Estimated reading time":"2 minutes"},"schema":{"@context":"https:\/\/schema.org","@graph":[{"@type":"WebPage","@id":"https:\/\/skaitytaknyga.lt\/produktas\/zemaitijos-balsai-ir-daiktai\/","url":"https:\/\/skaitytaknyga.lt\/produktas\/zemaitijos-balsai-ir-daiktai\/","name":"\u017demaitijos balsai ir daiktai (be CD)","isPartOf":{"@id":"https:\/\/skaitytaknyga.lt\/#website"},"primaryImageOfPage":{"@id":"https:\/\/skaitytaknyga.lt\/produktas\/zemaitijos-balsai-ir-daiktai\/#primaryimage"},"image":{"@id":"https:\/\/skaitytaknyga.lt\/produktas\/zemaitijos-balsai-ir-daiktai\/#primaryimage"},"thumbnailUrl":"https:\/\/skaitytaknyga.lt\/wp-content\/uploads\/2025\/03\/Zemaitijos-balsai-ir-daiktai.webp","datePublished":"2025-03-23T11:02:21+00:00","dateModified":"2025-05-15T07:20:23+00:00","description":"Egl\u0117s \u010c\u0117jauskait\u0117s-Gintal\u0117s\u00a0ir\u00a0Viktorijos Daujotyt\u0117s\u00a0knyg\u0105\u00a0\u201e\u017demaitijos balsai ir daiktai\",\u00a0kurioje gimt\u0105ja kalba \u0161neka dvi \u017eemait\u0117s, dailininkas Petras","breadcrumb":{"@id":"https:\/\/skaitytaknyga.lt\/produktas\/zemaitijos-balsai-ir-daiktai\/#breadcrumb"},"inLanguage":"en-GB","potentialAction":[{"@type":"ReadAction","target":["https:\/\/skaitytaknyga.lt\/produktas\/zemaitijos-balsai-ir-daiktai\/"]}]},{"@type":"ImageObject","inLanguage":"en-GB","@id":"https:\/\/skaitytaknyga.lt\/produktas\/zemaitijos-balsai-ir-daiktai\/#primaryimage","url":"https:\/\/skaitytaknyga.lt\/wp-content\/uploads\/2025\/03\/Zemaitijos-balsai-ir-daiktai.webp","contentUrl":"https:\/\/skaitytaknyga.lt\/wp-content\/uploads\/2025\/03\/Zemaitijos-balsai-ir-daiktai.webp","width":523,"height":799,"caption":"\u017demaitijos balsai ir daiktai"},{"@type":"BreadcrumbList","@id":"https:\/\/skaitytaknyga.lt\/produktas\/zemaitijos-balsai-ir-daiktai\/#breadcrumb","itemListElement":[{"@type":"ListItem","position":1,"name":"Home","item":"https:\/\/skaitytaknyga.lt\/"},{"@type":"ListItem","position":2,"name":"Parduotuv\u0117","item":"https:\/\/skaitytaknyga.lt\/knygu-parduotuve\/"},{"@type":"ListItem","position":3,"name":"\u017demaitijos balsai ir daiktai (be CD)"}]},{"@type":"WebSite","@id":"https:\/\/skaitytaknyga.lt\/#website","url":"https:\/\/skaitytaknyga.lt\/","name":"skaitytaknyga.lt","description":"Skaitytaknyga.lt \u2013 tai ma\u017eas \u0161eimos verslas, kuris prasid\u0117jo nuo meil\u0117s knygoms ir siekio i\u0161gelb\u0117ti knygas nuo likimo prie konteinerio. Kas vienam nereikalingas daiktas \u2013 kitam lobis, o mes esame tarpininkai, kurie padeda abiems tapti laimingesniems ???? \u017dinome kaip nelengva i\u0161gyventi ma\u017eiems verslams, tad nuo \u0161iol, \u010dia rasite ir kit\u0173, ma\u017e\u0173 \u0161eim\u0173 versl\u0173, rank\u0173 darbo, dovan\u0173 sau ir artimiesiems.","publisher":{"@id":"https:\/\/skaitytaknyga.lt\/#organization"},"potentialAction":[{"@type":"SearchAction","target":{"@type":"EntryPoint","urlTemplate":"https:\/\/skaitytaknyga.lt\/?s={search_term_string}"},"query-input":{"@type":"PropertyValueSpecification","valueRequired":true,"valueName":"search_term_string"}}],"inLanguage":"en-GB"},{"@type":"Organization","@id":"https:\/\/skaitytaknyga.lt\/#organization","name":"skaitytaknyga.lt","url":"https:\/\/skaitytaknyga.lt\/","logo":{"@type":"ImageObject","inLanguage":"en-GB","@id":"https:\/\/skaitytaknyga.lt\/#\/schema\/logo\/image\/","url":"https:\/\/skaitytaknyga.lt\/wp-content\/uploads\/2024\/05\/cropped-cropped-cropped-02_00843_jt3bggkj1j3HLc7SyY6rEUpg.jpeg","contentUrl":"https:\/\/skaitytaknyga.lt\/wp-content\/uploads\/2024\/05\/cropped-cropped-cropped-02_00843_jt3bggkj1j3HLc7SyY6rEUpg.jpeg","width":1600,"height":1600,"caption":"skaitytaknyga.lt"},"image":{"@id":"https:\/\/skaitytaknyga.lt\/#\/schema\/logo\/image\/"},"sameAs":["https:\/\/www.facebook.com\/skaitytaknyga\/"]}]}},"_links":{"self":[{"href":"https:\/\/skaitytaknyga.lt\/en\/wp-json\/wp\/v2\/product\/17487","targetHints":{"allow":["GET"]}}],"collection":[{"href":"https:\/\/skaitytaknyga.lt\/en\/wp-json\/wp\/v2\/product"}],"about":[{"href":"https:\/\/skaitytaknyga.lt\/en\/wp-json\/wp\/v2\/types\/product"}],"replies":[{"embeddable":true,"href":"https:\/\/skaitytaknyga.lt\/en\/wp-json\/wp\/v2\/comments?post=17487"}],"wp:featuredmedia":[{"embeddable":true,"href":"https:\/\/skaitytaknyga.lt\/en\/wp-json\/wp\/v2\/media\/17488"}],"wp:attachment":[{"href":"https:\/\/skaitytaknyga.lt\/en\/wp-json\/wp\/v2\/media?parent=17487"}],"wp:term":[{"taxonomy":"product_brand","embeddable":true,"href":"https:\/\/skaitytaknyga.lt\/en\/wp-json\/wp\/v2\/product_brand?post=17487"},{"taxonomy":"product_cat","embeddable":true,"href":"https:\/\/skaitytaknyga.lt\/en\/wp-json\/wp\/v2\/product_cat?post=17487"},{"taxonomy":"product_tag","embeddable":true,"href":"https:\/\/skaitytaknyga.lt\/en\/wp-json\/wp\/v2\/product_tag?post=17487"}],"curies":[{"name":"wp","href":"https:\/\/api.w.org\/{rel}","templated":true}]}}