{"id":17485,"date":"2025-03-23T13:00:24","date_gmt":"2025-03-23T11:00:24","guid":{"rendered":"https:\/\/skaitytaknyga.lt\/?post_type=product&#038;p=17485"},"modified":"2025-05-24T20:00:34","modified_gmt":"2025-05-24T17:00:34","slug":"norbertas-velius","status":"publish","type":"product","link":"https:\/\/skaitytaknyga.lt\/en\/produktas\/norbertas-velius\/","title":{"rendered":"Norbertas V\u0117lius"},"content":{"rendered":"<p><span class=\"SummaryValue\">Atsiminimai apie mitolog\u0105, tautosakinink\u0105 Norbert\u0105 V\u0117li\u0173.<\/span><\/p>\n<p><span class=\"SummaryValue\"><strong>Autorius<\/strong>:<br \/>\n<\/span><\/p>\n<p>Norbertas V\u0117lius (1938 m. sausio 1 d. Gulb\u0117se, \u0160ilal\u0117s raj. &#8211; 1996 m. bir\u017eelio 23 d. Vilniuje) dirbo Lietuvi\u0173 kalbos ir literat\u016bros institute, Vilniaus universitete. Profesorius, Lietuvos etnin\u0117s kult\u016bros globos tarybos pirmininkas, daugelio paminkl\u0173 apsaugos ir kra\u0161totyros draugijos organizuot\u0173 ekspedicij\u0173 iniciatorius ir vadovas, daugyb\u0117s knyg\u0173 autorius ir bendraautoris.<\/p>\n<ul class=\"about-product d-none d-xl-block mt-4\">\n<li><strong>Autorius:<\/strong>\u00a0Irena Seliukait\u0117,\u00a0Perla Vitkuvien\u0117<\/li>\n<li><strong>Leid\u0117jas:<\/strong>\u00a0Mintis<\/li>\n<li><strong>Metai:<\/strong>\u00a01999<\/li>\n<li><strong>Puslapiai:<\/strong>\u00a0462<\/li>\n<li class=\"toggleable type-new-formats \"><strong>ISBN-10:<\/strong>\u00a05417008095<\/li>\n<li class=\"toggleable type-new-formats \"><strong>ISBN-13:<\/strong>\u00a09785417008092<\/li>\n<li><strong>Prek\u0117s kodas:<\/strong>\u00a02200001001626<\/li>\n<li><strong>Versijos kodas:<\/strong>\u00a0PT.<\/li>\n<li class=\"toggleable type-new-formats \"><strong>Formatas:<\/strong>\u00a013 x 20 cm, kieti vir\u0161eliai<\/li>\n<li><strong>Kalba:<\/strong>\u00a0Lietuvi\u0173<\/li>\n<\/ul>\n","protected":false},"excerpt":{"rendered":"<p>Atsiminimai apie mitolog\u0105, tautosakinink\u0105 Norbert\u0105 V\u0117li\u0173. Autorius: Norbertas V\u0117lius (1938 m. sausio 1 d. Gulb\u0117se, \u0160ilal\u0117s raj. &#8211; 1996 m. bir\u017eelio 23 d. Vilniuje) dirbo Lietuvi\u0173 kalbos ir literat\u016bros institute, Vilniaus universitete. Profesorius, Lietuvos etnin\u0117s kult\u016bros globos tarybos pirmininkas, daugelio paminkl\u0173 apsaugos ir kra\u0161totyros draugijos organizuot\u0173 ekspedicij\u0173 iniciatorius ir vadovas, daugyb\u0117s knyg\u0173 autorius ir bendraautoris. Autorius:\u00a0Irena Seliukait\u0117,\u00a0Perla Vitkuvien\u0117 Leid\u0117jas:\u00a0Mintis Metai:\u00a01999 Puslapiai:\u00a0462 ISBN-10:\u00a05417008095 ISBN-13:\u00a09785417008092 Prek\u0117s kodas:\u00a02200001001626 Versijos kodas:\u00a0PT. Formatas:\u00a013 x 20 cm, kieti vir\u0161eliai Kalba:\u00a0Lietuvi\u0173<\/p>\n","protected":false},"featured_media":17486,"comment_status":"closed","ping_status":"closed","template":"","meta":{"_acf_changed":false,"site-sidebar-layout":"default","site-content-layout":"","ast-site-content-layout":"default","site-content-style":"default","site-sidebar-style":"default","ast-global-header-display":"","ast-banner-title-visibility":"","ast-main-header-display":"","ast-hfb-above-header-display":"","ast-hfb-below-header-display":"","ast-hfb-mobile-header-display":"","site-post-title":"","ast-breadcrumbs-content":"","ast-featured-img":"","footer-sml-layout":"","ast-disable-related-posts":"","theme-transparent-header-meta":"default","adv-header-id-meta":"","stick-header-meta":"","header-above-stick-meta":"","header-main-stick-meta":"","header-below-stick-meta":"","astra-migrate-meta-layouts":"set","ast-page-background-enabled":"default","ast-page-background-meta":{"desktop":{"background-color":"","background-image":"","background-repeat":"repeat","background-position":"center center","background-size":"auto","background-attachment":"scroll","background-type":"","background-media":"","overlay-type":"","overlay-color":"","overlay-opacity":"","overlay-gradient":""},"tablet":{"background-color":"","background-image":"","background-repeat":"repeat","background-position":"center center","background-size":"auto","background-attachment":"scroll","background-type":"","background-media":"","overlay-type":"","overlay-color":"","overlay-opacity":"","overlay-gradient":""},"mobile":{"background-color":"","background-image":"","background-repeat":"repeat","background-position":"center center","background-size":"auto","background-attachment":"scroll","background-type":"","background-media":"","overlay-type":"","overlay-color":"","overlay-opacity":"","overlay-gradient":""}},"ast-content-background-meta":{"desktop":{"background-color":"var(--ast-global-color-4)","background-image":"","background-repeat":"repeat","background-position":"center center","background-size":"auto","background-attachment":"scroll","background-type":"","background-media":"","overlay-type":"","overlay-color":"","overlay-opacity":"","overlay-gradient":""},"tablet":{"background-color":"var(--ast-global-color-4)","background-image":"","background-repeat":"repeat","background-position":"center center","background-size":"auto","background-attachment":"scroll","background-type":"","background-media":"","overlay-type":"","overlay-color":"","overlay-opacity":"","overlay-gradient":""},"mobile":{"background-color":"var(--ast-global-color-4)","background-image":"","background-repeat":"repeat","background-position":"center center","background-size":"auto","background-attachment":"scroll","background-type":"","background-media":"","overlay-type":"","overlay-color":"","overlay-opacity":"","overlay-gradient":""}}},"product_brand":[],"product_cat":[33],"product_tag":[1349,4223,4219,2817,4222,4221,4220],"class_list":{"0":"post-17485","1":"product","2":"type-product","3":"status-publish","4":"has-post-thumbnail","6":"product_cat-biografijos","7":"product_tag-atsiminimai","8":"product_tag-etnologija","9":"product_tag-irena-seliukaite","10":"product_tag-kulturos-paveldas","11":"product_tag-lietuviu-mitologija","12":"product_tag-norbertas-velius","13":"product_tag-perla-vitkuviene","14":"desktop-align-left","15":"tablet-align-left","16":"mobile-align-left","18":"first","19":"instock","20":"shipping-taxable","21":"purchasable","22":"product-type-simple"},"acf":[],"yoast_head":"<!-- This site is optimized with the Yoast SEO plugin v27.0 - https:\/\/yoast.com\/product\/yoast-seo-wordpress\/ -->\n<title>Norbertas V\u0117lius<\/title>\n<meta name=\"description\" content=\"Atsiminimai apie mitolog\u0105, tautosakinink\u0105 Norbert\u0105 V\u0117li\u0173. Autorius: Norbertas V\u0117lius (1938 m. sausio 1 d. Gulb\u0117se, \u0160ilal\u0117s raj. - 1996 m. bir\u017eelio 23 d.\" \/>\n<meta name=\"robots\" content=\"index, follow, max-snippet:-1, max-image-preview:large, max-video-preview:-1\" \/>\n<link rel=\"canonical\" href=\"https:\/\/skaitytaknyga.lt\/en\/produktas\/norbertas-velius\/\" \/>\n<meta property=\"og:locale\" content=\"en_GB\" \/>\n<meta property=\"og:locale:alternate\" content=\"lt_LT\" \/>\n<meta property=\"og:type\" content=\"article\" \/>\n<meta property=\"og:title\" content=\"Norbertas V\u0117lius\" \/>\n<meta property=\"og:description\" content=\"Atsiminimai apie mitolog\u0105, tautosakinink\u0105 Norbert\u0105 V\u0117li\u0173. Autorius: Norbertas V\u0117lius (1938 m. sausio 1 d. Gulb\u0117se, \u0160ilal\u0117s raj. - 1996 m. bir\u017eelio 23 d.\" \/>\n<meta property=\"og:url\" content=\"https:\/\/skaitytaknyga.lt\/en\/produktas\/norbertas-velius\/\" \/>\n<meta property=\"og:site_name\" content=\"Skaitytaknyga\" \/>\n<meta property=\"article:publisher\" content=\"https:\/\/www.facebook.com\/skaitytaknyga\/\" \/>\n<meta property=\"article:modified_time\" content=\"2025-05-24T17:00:34+00:00\" \/>\n<meta property=\"og:image\" content=\"https:\/\/skaitytaknyga.lt\/wp-content\/uploads\/2025\/03\/Norbertas-Velius.webp\" \/>\n\t<meta property=\"og:image:width\" content=\"513\" \/>\n\t<meta property=\"og:image:height\" content=\"800\" \/>\n\t<meta property=\"og:image:type\" content=\"image\/webp\" \/>\n<meta name=\"twitter:card\" content=\"summary_large_image\" \/>\n<meta name=\"twitter:label1\" content=\"Estimated reading time\" \/>\n\t<meta name=\"twitter:data1\" content=\"1 minute\" \/>\n<script type=\"application\/ld+json\" class=\"yoast-schema-graph\">{\"@context\":\"https:\/\/schema.org\",\"@graph\":[{\"@type\":\"WebPage\",\"@id\":\"https:\/\/skaitytaknyga.lt\/produktas\/norbertas-velius\/\",\"url\":\"https:\/\/skaitytaknyga.lt\/produktas\/norbertas-velius\/\",\"name\":\"Norbertas V\u0117lius\",\"isPartOf\":{\"@id\":\"https:\/\/skaitytaknyga.lt\/#website\"},\"primaryImageOfPage\":{\"@id\":\"https:\/\/skaitytaknyga.lt\/produktas\/norbertas-velius\/#primaryimage\"},\"image\":{\"@id\":\"https:\/\/skaitytaknyga.lt\/produktas\/norbertas-velius\/#primaryimage\"},\"thumbnailUrl\":\"https:\/\/skaitytaknyga.lt\/wp-content\/uploads\/2025\/03\/Norbertas-Velius.webp\",\"datePublished\":\"2025-03-23T11:00:24+00:00\",\"dateModified\":\"2025-05-24T17:00:34+00:00\",\"description\":\"Atsiminimai apie mitolog\u0105, tautosakinink\u0105 Norbert\u0105 V\u0117li\u0173. Autorius: Norbertas V\u0117lius (1938 m. sausio 1 d. Gulb\u0117se, \u0160ilal\u0117s raj. - 1996 m. bir\u017eelio 23 d.\",\"breadcrumb\":{\"@id\":\"https:\/\/skaitytaknyga.lt\/produktas\/norbertas-velius\/#breadcrumb\"},\"inLanguage\":\"en-GB\",\"potentialAction\":[{\"@type\":\"ReadAction\",\"target\":[\"https:\/\/skaitytaknyga.lt\/produktas\/norbertas-velius\/\"]}]},{\"@type\":\"ImageObject\",\"inLanguage\":\"en-GB\",\"@id\":\"https:\/\/skaitytaknyga.lt\/produktas\/norbertas-velius\/#primaryimage\",\"url\":\"https:\/\/skaitytaknyga.lt\/wp-content\/uploads\/2025\/03\/Norbertas-Velius.webp\",\"contentUrl\":\"https:\/\/skaitytaknyga.lt\/wp-content\/uploads\/2025\/03\/Norbertas-Velius.webp\",\"width\":513,\"height\":800,\"caption\":\"Norbertas V\u0117lius\"},{\"@type\":\"BreadcrumbList\",\"@id\":\"https:\/\/skaitytaknyga.lt\/produktas\/norbertas-velius\/#breadcrumb\",\"itemListElement\":[{\"@type\":\"ListItem\",\"position\":1,\"name\":\"Home\",\"item\":\"https:\/\/skaitytaknyga.lt\/\"},{\"@type\":\"ListItem\",\"position\":2,\"name\":\"Parduotuv\u0117\",\"item\":\"https:\/\/skaitytaknyga.lt\/knygu-parduotuve\/\"},{\"@type\":\"ListItem\",\"position\":3,\"name\":\"Norbertas V\u0117lius\"}]},{\"@type\":\"WebSite\",\"@id\":\"https:\/\/skaitytaknyga.lt\/#website\",\"url\":\"https:\/\/skaitytaknyga.lt\/\",\"name\":\"skaitytaknyga.lt\",\"description\":\"Skaitytaknyga.lt \u2013 tai ma\u017eas \u0161eimos verslas, kuris prasid\u0117jo nuo meil\u0117s knygoms ir siekio i\u0161gelb\u0117ti knygas nuo likimo prie konteinerio. Kas vienam nereikalingas daiktas \u2013 kitam lobis, o mes esame tarpininkai, kurie padeda abiems tapti laimingesniems ???? \u017dinome kaip nelengva i\u0161gyventi ma\u017eiems verslams, tad nuo \u0161iol, \u010dia rasite ir kit\u0173, ma\u017e\u0173 \u0161eim\u0173 versl\u0173, rank\u0173 darbo, dovan\u0173 sau ir artimiesiems.\",\"publisher\":{\"@id\":\"https:\/\/skaitytaknyga.lt\/#organization\"},\"potentialAction\":[{\"@type\":\"SearchAction\",\"target\":{\"@type\":\"EntryPoint\",\"urlTemplate\":\"https:\/\/skaitytaknyga.lt\/?s={search_term_string}\"},\"query-input\":{\"@type\":\"PropertyValueSpecification\",\"valueRequired\":true,\"valueName\":\"search_term_string\"}}],\"inLanguage\":\"en-GB\"},{\"@type\":\"Organization\",\"@id\":\"https:\/\/skaitytaknyga.lt\/#organization\",\"name\":\"skaitytaknyga.lt\",\"url\":\"https:\/\/skaitytaknyga.lt\/\",\"logo\":{\"@type\":\"ImageObject\",\"inLanguage\":\"en-GB\",\"@id\":\"https:\/\/skaitytaknyga.lt\/#\/schema\/logo\/image\/\",\"url\":\"https:\/\/skaitytaknyga.lt\/wp-content\/uploads\/2024\/05\/cropped-cropped-cropped-02_00843_jt3bggkj1j3HLc7SyY6rEUpg.jpeg\",\"contentUrl\":\"https:\/\/skaitytaknyga.lt\/wp-content\/uploads\/2024\/05\/cropped-cropped-cropped-02_00843_jt3bggkj1j3HLc7SyY6rEUpg.jpeg\",\"width\":1600,\"height\":1600,\"caption\":\"skaitytaknyga.lt\"},\"image\":{\"@id\":\"https:\/\/skaitytaknyga.lt\/#\/schema\/logo\/image\/\"},\"sameAs\":[\"https:\/\/www.facebook.com\/skaitytaknyga\/\"]}]}<\/script>\n<!-- \/ Yoast SEO plugin. -->","yoast_head_json":{"title":"Norbertas V\u0117lius","description":"Atsiminimai apie mitolog\u0105, tautosakinink\u0105 Norbert\u0105 V\u0117li\u0173. Autorius: Norbertas V\u0117lius (1938 m. sausio 1 d. Gulb\u0117se, \u0160ilal\u0117s raj. - 1996 m. bir\u017eelio 23 d.","robots":{"index":"index","follow":"follow","max-snippet":"max-snippet:-1","max-image-preview":"max-image-preview:large","max-video-preview":"max-video-preview:-1"},"canonical":"https:\/\/skaitytaknyga.lt\/en\/produktas\/norbertas-velius\/","og_locale":"en_GB","og_type":"article","og_title":"[:lt]Norbertas V\u0117lius[:] - Skaitytaknyga","og_description":"Atsiminimai apie mitolog\u0105, tautosakinink\u0105 Norbert\u0105 V\u0117li\u0173. Autorius: Norbertas V\u0117lius (1938 m. sausio 1 d. Gulb\u0117se, \u0160ilal\u0117s raj. - 1996 m. bir\u017eelio 23 d.","og_url":"https:\/\/skaitytaknyga.lt\/en\/produktas\/norbertas-velius\/","og_site_name":"Skaitytaknyga","article_publisher":"https:\/\/www.facebook.com\/skaitytaknyga\/","article_modified_time":"2025-05-24T17:00:34+00:00","og_image":[{"width":513,"height":800,"url":"https:\/\/skaitytaknyga.lt\/wp-content\/uploads\/2025\/03\/Norbertas-Velius.webp","type":"image\/webp"}],"twitter_card":"summary_large_image","twitter_misc":{"Estimated reading time":"1 minute"},"schema":{"@context":"https:\/\/schema.org","@graph":[{"@type":"WebPage","@id":"https:\/\/skaitytaknyga.lt\/produktas\/norbertas-velius\/","url":"https:\/\/skaitytaknyga.lt\/produktas\/norbertas-velius\/","name":"Norbertas V\u0117lius","isPartOf":{"@id":"https:\/\/skaitytaknyga.lt\/#website"},"primaryImageOfPage":{"@id":"https:\/\/skaitytaknyga.lt\/produktas\/norbertas-velius\/#primaryimage"},"image":{"@id":"https:\/\/skaitytaknyga.lt\/produktas\/norbertas-velius\/#primaryimage"},"thumbnailUrl":"https:\/\/skaitytaknyga.lt\/wp-content\/uploads\/2025\/03\/Norbertas-Velius.webp","datePublished":"2025-03-23T11:00:24+00:00","dateModified":"2025-05-24T17:00:34+00:00","description":"Atsiminimai apie mitolog\u0105, tautosakinink\u0105 Norbert\u0105 V\u0117li\u0173. Autorius: Norbertas V\u0117lius (1938 m. sausio 1 d. Gulb\u0117se, \u0160ilal\u0117s raj. - 1996 m. bir\u017eelio 23 d.","breadcrumb":{"@id":"https:\/\/skaitytaknyga.lt\/produktas\/norbertas-velius\/#breadcrumb"},"inLanguage":"en-GB","potentialAction":[{"@type":"ReadAction","target":["https:\/\/skaitytaknyga.lt\/produktas\/norbertas-velius\/"]}]},{"@type":"ImageObject","inLanguage":"en-GB","@id":"https:\/\/skaitytaknyga.lt\/produktas\/norbertas-velius\/#primaryimage","url":"https:\/\/skaitytaknyga.lt\/wp-content\/uploads\/2025\/03\/Norbertas-Velius.webp","contentUrl":"https:\/\/skaitytaknyga.lt\/wp-content\/uploads\/2025\/03\/Norbertas-Velius.webp","width":513,"height":800,"caption":"Norbertas V\u0117lius"},{"@type":"BreadcrumbList","@id":"https:\/\/skaitytaknyga.lt\/produktas\/norbertas-velius\/#breadcrumb","itemListElement":[{"@type":"ListItem","position":1,"name":"Home","item":"https:\/\/skaitytaknyga.lt\/"},{"@type":"ListItem","position":2,"name":"Parduotuv\u0117","item":"https:\/\/skaitytaknyga.lt\/knygu-parduotuve\/"},{"@type":"ListItem","position":3,"name":"Norbertas V\u0117lius"}]},{"@type":"WebSite","@id":"https:\/\/skaitytaknyga.lt\/#website","url":"https:\/\/skaitytaknyga.lt\/","name":"skaitytaknyga.lt","description":"Skaitytaknyga.lt \u2013 tai ma\u017eas \u0161eimos verslas, kuris prasid\u0117jo nuo meil\u0117s knygoms ir siekio i\u0161gelb\u0117ti knygas nuo likimo prie konteinerio. Kas vienam nereikalingas daiktas \u2013 kitam lobis, o mes esame tarpininkai, kurie padeda abiems tapti laimingesniems ???? \u017dinome kaip nelengva i\u0161gyventi ma\u017eiems verslams, tad nuo \u0161iol, \u010dia rasite ir kit\u0173, ma\u017e\u0173 \u0161eim\u0173 versl\u0173, rank\u0173 darbo, dovan\u0173 sau ir artimiesiems.","publisher":{"@id":"https:\/\/skaitytaknyga.lt\/#organization"},"potentialAction":[{"@type":"SearchAction","target":{"@type":"EntryPoint","urlTemplate":"https:\/\/skaitytaknyga.lt\/?s={search_term_string}"},"query-input":{"@type":"PropertyValueSpecification","valueRequired":true,"valueName":"search_term_string"}}],"inLanguage":"en-GB"},{"@type":"Organization","@id":"https:\/\/skaitytaknyga.lt\/#organization","name":"skaitytaknyga.lt","url":"https:\/\/skaitytaknyga.lt\/","logo":{"@type":"ImageObject","inLanguage":"en-GB","@id":"https:\/\/skaitytaknyga.lt\/#\/schema\/logo\/image\/","url":"https:\/\/skaitytaknyga.lt\/wp-content\/uploads\/2024\/05\/cropped-cropped-cropped-02_00843_jt3bggkj1j3HLc7SyY6rEUpg.jpeg","contentUrl":"https:\/\/skaitytaknyga.lt\/wp-content\/uploads\/2024\/05\/cropped-cropped-cropped-02_00843_jt3bggkj1j3HLc7SyY6rEUpg.jpeg","width":1600,"height":1600,"caption":"skaitytaknyga.lt"},"image":{"@id":"https:\/\/skaitytaknyga.lt\/#\/schema\/logo\/image\/"},"sameAs":["https:\/\/www.facebook.com\/skaitytaknyga\/"]}]}},"_links":{"self":[{"href":"https:\/\/skaitytaknyga.lt\/en\/wp-json\/wp\/v2\/product\/17485","targetHints":{"allow":["GET"]}}],"collection":[{"href":"https:\/\/skaitytaknyga.lt\/en\/wp-json\/wp\/v2\/product"}],"about":[{"href":"https:\/\/skaitytaknyga.lt\/en\/wp-json\/wp\/v2\/types\/product"}],"replies":[{"embeddable":true,"href":"https:\/\/skaitytaknyga.lt\/en\/wp-json\/wp\/v2\/comments?post=17485"}],"wp:featuredmedia":[{"embeddable":true,"href":"https:\/\/skaitytaknyga.lt\/en\/wp-json\/wp\/v2\/media\/17486"}],"wp:attachment":[{"href":"https:\/\/skaitytaknyga.lt\/en\/wp-json\/wp\/v2\/media?parent=17485"}],"wp:term":[{"taxonomy":"product_brand","embeddable":true,"href":"https:\/\/skaitytaknyga.lt\/en\/wp-json\/wp\/v2\/product_brand?post=17485"},{"taxonomy":"product_cat","embeddable":true,"href":"https:\/\/skaitytaknyga.lt\/en\/wp-json\/wp\/v2\/product_cat?post=17485"},{"taxonomy":"product_tag","embeddable":true,"href":"https:\/\/skaitytaknyga.lt\/en\/wp-json\/wp\/v2\/product_tag?post=17485"}],"curies":[{"name":"wp","href":"https:\/\/api.w.org\/{rel}","templated":true}]}}