{"id":17483,"date":"2025-03-23T12:57:38","date_gmt":"2025-03-23T10:57:38","guid":{"rendered":"https:\/\/skaitytaknyga.lt\/?post_type=product&#038;p=17483"},"modified":"2025-05-19T11:03:13","modified_gmt":"2025-05-19T08:03:13","slug":"remyga","status":"publish","type":"product","link":"https:\/\/skaitytaknyga.lt\/en\/produktas\/remyga\/","title":{"rendered":"Remyga"},"content":{"rendered":"<p><strong>Rimantas Kmita<\/strong>\u00a0\u2013 literat\u016bros kritikas, poetas, dramaturgas, ra\u0161ytojas, kultinio romano\u00a0\u201ePietinia kronikas&#8221;\u00a0autorius. Romano, kuris tapo savoti\u0161ku Nepriklausomyb\u0117s prad\u017eios \u0160iauli\u0173 epu ir pa\u017eadino miesto savast\u012f.<\/p>\n<p><strong>\u201eRemyga&#8221;<\/strong>\u00a0\u2013 romanas, kurio veiksmas taip pat vyksta \u0160iauliuose. Ta\u010diau tai jau visai kitokia knyga. Apie nematom\u0105, tamsi\u0105j\u0105, \u0160iauli\u0173 pus\u0119. Ir taip, tai knyga apie Lietuv\u0105. Romanas apie milicinink\u0105, tampant\u012f policininku. Apie Remyg\u0105. \u017dmog\u0173, bandant\u012f susivokti, kas jis yra ir kaip jam elgtis, kai gri\u016bva viskas, kas jam buvo suprantama ir pa\u017e\u012fstama, apgraibomis ie\u0161kant\u012f savo \u0161akn\u0173 tamsoje.<\/p>\n<p>Romanas apie S\u0105j\u016bd\u017eio prad\u017ei\u0105. Bet ne kronika, o menininko akimis parodytas santvark\u0173 pasikeitimo sukeltos sumai\u0161ties \u0161alyje, mieste ir \u017emoni\u0173 mintyse paveikslas.<\/p>\n<p>Autorius sako: \u201e\u010cia viskas yra tikra: vietovard\u017eiai, architekt\u016bros ir meno objektai, taip pat ir istorijos. Sen\u0173 senov\u0117je \u0160iauliuose tek\u0117jo gele\u017ein\u0117 up\u0117 R\u016bd\u0117, v\u0117liau palindusi po miestu. Buvo Stalinas, u\u017en\u0117r\u0119s virv\u0119 merginai ant kaklo. V\u0117liau buvo primusu savo aukas degin\u0119s niek\u0161as. Buvo Gorba\u010diovas, Brazd\u017eionis ir popie\u017eius Jonas Paulius II, ir jo dovanotas kry\u017eius, ir j\u012f saugoj\u0119s policininkas. Buvo ir teatras ba\u017eny\u010dioje, ir baras po \u017eeme, ir smarv\u0117 \u2013 i\u0161 gamykl\u0173 ir upi\u0173, i\u0161 visur. Taip, kulka soviet\u0173 majorui tikrai caktel\u0117jo tiesiai \u012f tarpuak\u012f. Vieni buvo princai ir \u017eaid\u0117 futbol\u0105, kiti buvo mentai ir tur\u0117jo gyventi. Pranas ie\u0161kojo pasaulio pabaigos liudinink\u0173 ir zombi\u0173. Buratinas u\u017ekasin\u0117jo \u017emoni\u0173 pinigus kvaili\u0173 lauke. Me\u0161ka, Jautis ir Vaikiukas iki \u0161iol teb\u0117ra. O kieno tas kraujas nusikaltimo vietoje, to iki \u0161iol niekas ne\u017eino. Ir legendos yra tikros tuomet, kai jas prisimename. Tik \u017emon\u0117s, jie, deja, yra persona\u017eai, \u017eaislai ne\u017einia kieno rankose.&#8221;<\/p>\n<ul class=\"about-product d-none d-xl-block mt-4\">\n<li><strong>Autorius:<\/strong>\u00a0Rimantas Kmita<\/li>\n<li><strong>Leid\u0117jas:<\/strong>\u00a0Tyto alba<\/li>\n<li><strong>Metai:<\/strong>\u00a02020<\/li>\n<li><strong>Puslapiai:<\/strong>\u00a0288<\/li>\n<li class=\"toggleable type-new-formats \"><strong>ISBN:<\/strong>\u00a09786094665219<\/li>\n<li><strong>Versijos kodas:<\/strong>\u00a05<\/li>\n<li class=\"toggleable type-new-formats \"><strong>Formatas:<\/strong>\u00a015 x 22 x 3,5 cm, kieti vir\u0161eliai<\/li>\n<li><strong>Kalba:<\/strong>\u00a0Lietuvi\u0173<\/li>\n<\/ul>\n","protected":false},"excerpt":{"rendered":"<p>Rimantas Kmita\u00a0\u2013 literat\u016bros kritikas, poetas, dramaturgas, ra\u0161ytojas, kultinio romano\u00a0\u201ePietinia kronikas&#8221;\u00a0autorius. Romano, kuris tapo savoti\u0161ku Nepriklausomyb\u0117s prad\u017eios \u0160iauli\u0173 epu ir pa\u017eadino miesto savast\u012f. \u201eRemyga&#8221;\u00a0\u2013 romanas, kurio veiksmas taip pat vyksta \u0160iauliuose. Ta\u010diau tai jau visai kitokia knyga. Apie nematom\u0105, tamsi\u0105j\u0105, \u0160iauli\u0173 pus\u0119. Ir taip, tai knyga apie Lietuv\u0105. Romanas apie milicinink\u0105, tampant\u012f policininku. Apie Remyg\u0105. \u017dmog\u0173, bandant\u012f susivokti, kas jis yra ir kaip jam elgtis, kai gri\u016bva viskas, kas jam buvo suprantama ir pa\u017e\u012fstama, apgraibomis ie\u0161kant\u012f savo \u0161akn\u0173 tamsoje. Romanas apie S\u0105j\u016bd\u017eio prad\u017ei\u0105. Bet ne kronika, o menininko akimis parodytas santvark\u0173 pasikeitimo sukeltos sumai\u0161ties \u0161alyje, mieste ir \u017emoni\u0173 mintyse paveikslas. Autorius sako: \u201e\u010cia viskas yra tikra: vietovard\u017eiai, architekt\u016bros ir meno objektai, taip pat ir istorijos. Sen\u0173 senov\u0117je \u0160iauliuose tek\u0117jo gele\u017ein\u0117 up\u0117 R\u016bd\u0117, v\u0117liau palindusi po miestu. Buvo Stalinas, u\u017en\u0117r\u0119s virv\u0119 merginai ant kaklo. V\u0117liau buvo primusu savo aukas degin\u0119s niek\u0161as. Buvo Gorba\u010diovas, Brazd\u017eionis ir popie\u017eius Jonas Paulius II, ir jo dovanotas kry\u017eius, ir j\u012f saugoj\u0119s policininkas. Buvo ir teatras ba\u017eny\u010dioje, ir baras po \u017eeme, ir smarv\u0117 \u2013 i\u0161 gamykl\u0173 ir upi\u0173, i\u0161 visur. Taip, kulka soviet\u0173 majorui tikrai caktel\u0117jo tiesiai \u012f tarpuak\u012f. Vieni buvo princai ir \u017eaid\u0117 futbol\u0105, kiti buvo mentai ir tur\u0117jo gyventi. Pranas ie\u0161kojo pasaulio pabaigos liudinink\u0173 ir zombi\u0173. Buratinas u\u017ekasin\u0117jo \u017emoni\u0173 pinigus kvaili\u0173 lauke. Me\u0161ka, Jautis ir Vaikiukas iki \u0161iol teb\u0117ra. O kieno tas kraujas nusikaltimo vietoje, to iki \u0161iol niekas ne\u017eino. Ir legendos yra tikros tuomet, kai jas prisimename. Tik \u017emon\u0117s, jie, deja, yra persona\u017eai, \u017eaislai ne\u017einia kieno rankose.&#8221; Autorius:\u00a0Rimantas Kmita Leid\u0117jas:\u00a0Tyto alba Metai:\u00a02020 Puslapiai:\u00a0288 ISBN:\u00a09786094665219 Versijos kodas:\u00a05 Formatas:\u00a015 x 22 x 3,5 cm, kieti vir\u0161eliai Kalba:\u00a0Lietuvi\u0173<\/p>\n","protected":false},"featured_media":17484,"comment_status":"open","ping_status":"closed","template":"","meta":{"_acf_changed":false,"site-sidebar-layout":"default","site-content-layout":"","ast-site-content-layout":"default","site-content-style":"default","site-sidebar-style":"default","ast-global-header-display":"","ast-banner-title-visibility":"","ast-main-header-display":"","ast-hfb-above-header-display":"","ast-hfb-below-header-display":"","ast-hfb-mobile-header-display":"","site-post-title":"","ast-breadcrumbs-content":"","ast-featured-img":"","footer-sml-layout":"","ast-disable-related-posts":"","theme-transparent-header-meta":"default","adv-header-id-meta":"","stick-header-meta":"","header-above-stick-meta":"","header-main-stick-meta":"","header-below-stick-meta":"","astra-migrate-meta-layouts":"set","ast-page-background-enabled":"default","ast-page-background-meta":{"desktop":{"background-color":"","background-image":"","background-repeat":"repeat","background-position":"center center","background-size":"auto","background-attachment":"scroll","background-type":"","background-media":"","overlay-type":"","overlay-color":"","overlay-opacity":"","overlay-gradient":""},"tablet":{"background-color":"","background-image":"","background-repeat":"repeat","background-position":"center center","background-size":"auto","background-attachment":"scroll","background-type":"","background-media":"","overlay-type":"","overlay-color":"","overlay-opacity":"","overlay-gradient":""},"mobile":{"background-color":"","background-image":"","background-repeat":"repeat","background-position":"center center","background-size":"auto","background-attachment":"scroll","background-type":"","background-media":"","overlay-type":"","overlay-color":"","overlay-opacity":"","overlay-gradient":""}},"ast-content-background-meta":{"desktop":{"background-color":"var(--ast-global-color-4)","background-image":"","background-repeat":"repeat","background-position":"center center","background-size":"auto","background-attachment":"scroll","background-type":"","background-media":"","overlay-type":"","overlay-color":"","overlay-opacity":"","overlay-gradient":""},"tablet":{"background-color":"var(--ast-global-color-4)","background-image":"","background-repeat":"repeat","background-position":"center center","background-size":"auto","background-attachment":"scroll","background-type":"","background-media":"","overlay-type":"","overlay-color":"","overlay-opacity":"","overlay-gradient":""},"mobile":{"background-color":"var(--ast-global-color-4)","background-image":"","background-repeat":"repeat","background-position":"center center","background-size":"auto","background-attachment":"scroll","background-type":"","background-media":"","overlay-type":"","overlay-color":"","overlay-opacity":"","overlay-gradient":""}}},"product_brand":[],"product_cat":[31,15],"product_tag":[3037,1744,3920,1745,2880,3921],"class_list":{"0":"post-17483","1":"product","2":"type-product","3":"status-publish","4":"has-post-thumbnail","6":"product_cat-grozine-literatura","7":"product_cat-uncategorized","8":"product_tag-istorine-proza","9":"product_tag-lietuviu-literatura","10":"product_tag-rimantas-kmita","11":"product_tag-romanas","12":"product_tag-sajudis","13":"product_tag-siauliai","14":"desktop-align-left","15":"tablet-align-left","16":"mobile-align-left","18":"first","19":"instock","20":"shipping-taxable","21":"purchasable","22":"product-type-simple"},"acf":[],"yoast_head":"<!-- This site is optimized with the Yoast SEO plugin v27.0 - https:\/\/yoast.com\/product\/yoast-seo-wordpress\/ -->\n<title>Remyga<\/title>\n<meta name=\"description\" content=\"Rimantas Kmita\u00a0\u2013 literat\u016bros kritikas, poetas, dramaturgas, ra\u0161ytojas, kultinio romano\u00a0\u201ePietinia kronikas&quot;\u00a0autorius. Romano, kuris tapo savoti\u0161ku\" \/>\n<meta name=\"robots\" content=\"index, follow, max-snippet:-1, max-image-preview:large, max-video-preview:-1\" \/>\n<link rel=\"canonical\" href=\"https:\/\/skaitytaknyga.lt\/en\/produktas\/remyga\/\" \/>\n<meta property=\"og:locale\" content=\"en_GB\" \/>\n<meta property=\"og:locale:alternate\" content=\"lt_LT\" \/>\n<meta property=\"og:type\" content=\"article\" \/>\n<meta property=\"og:title\" content=\"Remyga\" \/>\n<meta property=\"og:description\" content=\"Rimantas Kmita\u00a0\u2013 literat\u016bros kritikas, poetas, dramaturgas, ra\u0161ytojas, kultinio romano\u00a0\u201ePietinia kronikas&quot;\u00a0autorius. Romano, kuris tapo savoti\u0161ku\" \/>\n<meta property=\"og:url\" content=\"https:\/\/skaitytaknyga.lt\/en\/produktas\/remyga\/\" \/>\n<meta property=\"og:site_name\" content=\"Skaitytaknyga\" \/>\n<meta property=\"article:publisher\" content=\"https:\/\/www.facebook.com\/skaitytaknyga\/\" \/>\n<meta property=\"article:modified_time\" content=\"2025-05-19T08:03:13+00:00\" \/>\n<meta property=\"og:image\" content=\"https:\/\/skaitytaknyga.lt\/wp-content\/uploads\/2025\/03\/Remyga.webp\" \/>\n\t<meta property=\"og:image:width\" content=\"533\" \/>\n\t<meta property=\"og:image:height\" content=\"800\" \/>\n\t<meta property=\"og:image:type\" content=\"image\/webp\" \/>\n<meta name=\"twitter:card\" content=\"summary_large_image\" \/>\n<meta name=\"twitter:label1\" content=\"Estimated reading time\" \/>\n\t<meta name=\"twitter:data1\" content=\"2 minutes\" \/>\n<script type=\"application\/ld+json\" class=\"yoast-schema-graph\">{\"@context\":\"https:\/\/schema.org\",\"@graph\":[{\"@type\":\"WebPage\",\"@id\":\"https:\/\/skaitytaknyga.lt\/produktas\/remyga\/\",\"url\":\"https:\/\/skaitytaknyga.lt\/produktas\/remyga\/\",\"name\":\"Remyga\",\"isPartOf\":{\"@id\":\"https:\/\/skaitytaknyga.lt\/#website\"},\"primaryImageOfPage\":{\"@id\":\"https:\/\/skaitytaknyga.lt\/produktas\/remyga\/#primaryimage\"},\"image\":{\"@id\":\"https:\/\/skaitytaknyga.lt\/produktas\/remyga\/#primaryimage\"},\"thumbnailUrl\":\"https:\/\/skaitytaknyga.lt\/wp-content\/uploads\/2025\/03\/Remyga.webp\",\"datePublished\":\"2025-03-23T10:57:38+00:00\",\"dateModified\":\"2025-05-19T08:03:13+00:00\",\"description\":\"Rimantas Kmita\u00a0\u2013 literat\u016bros kritikas, poetas, dramaturgas, ra\u0161ytojas, kultinio romano\u00a0\u201ePietinia kronikas\\\"\u00a0autorius. Romano, kuris tapo savoti\u0161ku\",\"breadcrumb\":{\"@id\":\"https:\/\/skaitytaknyga.lt\/produktas\/remyga\/#breadcrumb\"},\"inLanguage\":\"en-GB\",\"potentialAction\":[{\"@type\":\"ReadAction\",\"target\":[\"https:\/\/skaitytaknyga.lt\/produktas\/remyga\/\"]}]},{\"@type\":\"ImageObject\",\"inLanguage\":\"en-GB\",\"@id\":\"https:\/\/skaitytaknyga.lt\/produktas\/remyga\/#primaryimage\",\"url\":\"https:\/\/skaitytaknyga.lt\/wp-content\/uploads\/2025\/03\/Remyga.webp\",\"contentUrl\":\"https:\/\/skaitytaknyga.lt\/wp-content\/uploads\/2025\/03\/Remyga.webp\",\"width\":533,\"height\":800,\"caption\":\"Remyga\"},{\"@type\":\"BreadcrumbList\",\"@id\":\"https:\/\/skaitytaknyga.lt\/produktas\/remyga\/#breadcrumb\",\"itemListElement\":[{\"@type\":\"ListItem\",\"position\":1,\"name\":\"Home\",\"item\":\"https:\/\/skaitytaknyga.lt\/\"},{\"@type\":\"ListItem\",\"position\":2,\"name\":\"Parduotuv\u0117\",\"item\":\"https:\/\/skaitytaknyga.lt\/knygu-parduotuve\/\"},{\"@type\":\"ListItem\",\"position\":3,\"name\":\"Remyga\"}]},{\"@type\":\"WebSite\",\"@id\":\"https:\/\/skaitytaknyga.lt\/#website\",\"url\":\"https:\/\/skaitytaknyga.lt\/\",\"name\":\"skaitytaknyga.lt\",\"description\":\"Skaitytaknyga.lt \u2013 tai ma\u017eas \u0161eimos verslas, kuris prasid\u0117jo nuo meil\u0117s knygoms ir siekio i\u0161gelb\u0117ti knygas nuo likimo prie konteinerio. Kas vienam nereikalingas daiktas \u2013 kitam lobis, o mes esame tarpininkai, kurie padeda abiems tapti laimingesniems ???? \u017dinome kaip nelengva i\u0161gyventi ma\u017eiems verslams, tad nuo \u0161iol, \u010dia rasite ir kit\u0173, ma\u017e\u0173 \u0161eim\u0173 versl\u0173, rank\u0173 darbo, dovan\u0173 sau ir artimiesiems.\",\"publisher\":{\"@id\":\"https:\/\/skaitytaknyga.lt\/#organization\"},\"potentialAction\":[{\"@type\":\"SearchAction\",\"target\":{\"@type\":\"EntryPoint\",\"urlTemplate\":\"https:\/\/skaitytaknyga.lt\/?s={search_term_string}\"},\"query-input\":{\"@type\":\"PropertyValueSpecification\",\"valueRequired\":true,\"valueName\":\"search_term_string\"}}],\"inLanguage\":\"en-GB\"},{\"@type\":\"Organization\",\"@id\":\"https:\/\/skaitytaknyga.lt\/#organization\",\"name\":\"skaitytaknyga.lt\",\"url\":\"https:\/\/skaitytaknyga.lt\/\",\"logo\":{\"@type\":\"ImageObject\",\"inLanguage\":\"en-GB\",\"@id\":\"https:\/\/skaitytaknyga.lt\/#\/schema\/logo\/image\/\",\"url\":\"https:\/\/skaitytaknyga.lt\/wp-content\/uploads\/2024\/05\/cropped-cropped-cropped-02_00843_jt3bggkj1j3HLc7SyY6rEUpg.jpeg\",\"contentUrl\":\"https:\/\/skaitytaknyga.lt\/wp-content\/uploads\/2024\/05\/cropped-cropped-cropped-02_00843_jt3bggkj1j3HLc7SyY6rEUpg.jpeg\",\"width\":1600,\"height\":1600,\"caption\":\"skaitytaknyga.lt\"},\"image\":{\"@id\":\"https:\/\/skaitytaknyga.lt\/#\/schema\/logo\/image\/\"},\"sameAs\":[\"https:\/\/www.facebook.com\/skaitytaknyga\/\"]}]}<\/script>\n<!-- \/ Yoast SEO plugin. -->","yoast_head_json":{"title":"Remyga","description":"Rimantas Kmita\u00a0\u2013 literat\u016bros kritikas, poetas, dramaturgas, ra\u0161ytojas, kultinio romano\u00a0\u201ePietinia kronikas\"\u00a0autorius. Romano, kuris tapo savoti\u0161ku","robots":{"index":"index","follow":"follow","max-snippet":"max-snippet:-1","max-image-preview":"max-image-preview:large","max-video-preview":"max-video-preview:-1"},"canonical":"https:\/\/skaitytaknyga.lt\/en\/produktas\/remyga\/","og_locale":"en_GB","og_type":"article","og_title":"[:lt]Remyga[:] - Skaitytaknyga","og_description":"Rimantas Kmita\u00a0\u2013 literat\u016bros kritikas, poetas, dramaturgas, ra\u0161ytojas, kultinio romano\u00a0\u201ePietinia kronikas\"\u00a0autorius. Romano, kuris tapo savoti\u0161ku","og_url":"https:\/\/skaitytaknyga.lt\/en\/produktas\/remyga\/","og_site_name":"Skaitytaknyga","article_publisher":"https:\/\/www.facebook.com\/skaitytaknyga\/","article_modified_time":"2025-05-19T08:03:13+00:00","og_image":[{"width":533,"height":800,"url":"https:\/\/skaitytaknyga.lt\/wp-content\/uploads\/2025\/03\/Remyga.webp","type":"image\/webp"}],"twitter_card":"summary_large_image","twitter_misc":{"Estimated reading time":"2 minutes"},"schema":{"@context":"https:\/\/schema.org","@graph":[{"@type":"WebPage","@id":"https:\/\/skaitytaknyga.lt\/produktas\/remyga\/","url":"https:\/\/skaitytaknyga.lt\/produktas\/remyga\/","name":"Remyga","isPartOf":{"@id":"https:\/\/skaitytaknyga.lt\/#website"},"primaryImageOfPage":{"@id":"https:\/\/skaitytaknyga.lt\/produktas\/remyga\/#primaryimage"},"image":{"@id":"https:\/\/skaitytaknyga.lt\/produktas\/remyga\/#primaryimage"},"thumbnailUrl":"https:\/\/skaitytaknyga.lt\/wp-content\/uploads\/2025\/03\/Remyga.webp","datePublished":"2025-03-23T10:57:38+00:00","dateModified":"2025-05-19T08:03:13+00:00","description":"Rimantas Kmita\u00a0\u2013 literat\u016bros kritikas, poetas, dramaturgas, ra\u0161ytojas, kultinio romano\u00a0\u201ePietinia kronikas\"\u00a0autorius. Romano, kuris tapo savoti\u0161ku","breadcrumb":{"@id":"https:\/\/skaitytaknyga.lt\/produktas\/remyga\/#breadcrumb"},"inLanguage":"en-GB","potentialAction":[{"@type":"ReadAction","target":["https:\/\/skaitytaknyga.lt\/produktas\/remyga\/"]}]},{"@type":"ImageObject","inLanguage":"en-GB","@id":"https:\/\/skaitytaknyga.lt\/produktas\/remyga\/#primaryimage","url":"https:\/\/skaitytaknyga.lt\/wp-content\/uploads\/2025\/03\/Remyga.webp","contentUrl":"https:\/\/skaitytaknyga.lt\/wp-content\/uploads\/2025\/03\/Remyga.webp","width":533,"height":800,"caption":"Remyga"},{"@type":"BreadcrumbList","@id":"https:\/\/skaitytaknyga.lt\/produktas\/remyga\/#breadcrumb","itemListElement":[{"@type":"ListItem","position":1,"name":"Home","item":"https:\/\/skaitytaknyga.lt\/"},{"@type":"ListItem","position":2,"name":"Parduotuv\u0117","item":"https:\/\/skaitytaknyga.lt\/knygu-parduotuve\/"},{"@type":"ListItem","position":3,"name":"Remyga"}]},{"@type":"WebSite","@id":"https:\/\/skaitytaknyga.lt\/#website","url":"https:\/\/skaitytaknyga.lt\/","name":"skaitytaknyga.lt","description":"Skaitytaknyga.lt \u2013 tai ma\u017eas \u0161eimos verslas, kuris prasid\u0117jo nuo meil\u0117s knygoms ir siekio i\u0161gelb\u0117ti knygas nuo likimo prie konteinerio. Kas vienam nereikalingas daiktas \u2013 kitam lobis, o mes esame tarpininkai, kurie padeda abiems tapti laimingesniems ???? \u017dinome kaip nelengva i\u0161gyventi ma\u017eiems verslams, tad nuo \u0161iol, \u010dia rasite ir kit\u0173, ma\u017e\u0173 \u0161eim\u0173 versl\u0173, rank\u0173 darbo, dovan\u0173 sau ir artimiesiems.","publisher":{"@id":"https:\/\/skaitytaknyga.lt\/#organization"},"potentialAction":[{"@type":"SearchAction","target":{"@type":"EntryPoint","urlTemplate":"https:\/\/skaitytaknyga.lt\/?s={search_term_string}"},"query-input":{"@type":"PropertyValueSpecification","valueRequired":true,"valueName":"search_term_string"}}],"inLanguage":"en-GB"},{"@type":"Organization","@id":"https:\/\/skaitytaknyga.lt\/#organization","name":"skaitytaknyga.lt","url":"https:\/\/skaitytaknyga.lt\/","logo":{"@type":"ImageObject","inLanguage":"en-GB","@id":"https:\/\/skaitytaknyga.lt\/#\/schema\/logo\/image\/","url":"https:\/\/skaitytaknyga.lt\/wp-content\/uploads\/2024\/05\/cropped-cropped-cropped-02_00843_jt3bggkj1j3HLc7SyY6rEUpg.jpeg","contentUrl":"https:\/\/skaitytaknyga.lt\/wp-content\/uploads\/2024\/05\/cropped-cropped-cropped-02_00843_jt3bggkj1j3HLc7SyY6rEUpg.jpeg","width":1600,"height":1600,"caption":"skaitytaknyga.lt"},"image":{"@id":"https:\/\/skaitytaknyga.lt\/#\/schema\/logo\/image\/"},"sameAs":["https:\/\/www.facebook.com\/skaitytaknyga\/"]}]}},"_links":{"self":[{"href":"https:\/\/skaitytaknyga.lt\/en\/wp-json\/wp\/v2\/product\/17483","targetHints":{"allow":["GET"]}}],"collection":[{"href":"https:\/\/skaitytaknyga.lt\/en\/wp-json\/wp\/v2\/product"}],"about":[{"href":"https:\/\/skaitytaknyga.lt\/en\/wp-json\/wp\/v2\/types\/product"}],"replies":[{"embeddable":true,"href":"https:\/\/skaitytaknyga.lt\/en\/wp-json\/wp\/v2\/comments?post=17483"}],"wp:featuredmedia":[{"embeddable":true,"href":"https:\/\/skaitytaknyga.lt\/en\/wp-json\/wp\/v2\/media\/17484"}],"wp:attachment":[{"href":"https:\/\/skaitytaknyga.lt\/en\/wp-json\/wp\/v2\/media?parent=17483"}],"wp:term":[{"taxonomy":"product_brand","embeddable":true,"href":"https:\/\/skaitytaknyga.lt\/en\/wp-json\/wp\/v2\/product_brand?post=17483"},{"taxonomy":"product_cat","embeddable":true,"href":"https:\/\/skaitytaknyga.lt\/en\/wp-json\/wp\/v2\/product_cat?post=17483"},{"taxonomy":"product_tag","embeddable":true,"href":"https:\/\/skaitytaknyga.lt\/en\/wp-json\/wp\/v2\/product_tag?post=17483"}],"curies":[{"name":"wp","href":"https:\/\/api.w.org\/{rel}","templated":true}]}}