{"id":17476,"date":"2025-03-22T10:22:17","date_gmt":"2025-03-22T08:22:17","guid":{"rendered":"https:\/\/skaitytaknyga.lt\/?post_type=product&#038;p=17476"},"modified":"2026-03-18T13:15:53","modified_gmt":"2026-03-18T11:15:53","slug":"koju-ir-dubens-venu-ligos","status":"publish","type":"product","link":"https:\/\/skaitytaknyga.lt\/en\/produktas\/koju-ir-dubens-venu-ligos\/","title":{"rendered":"Koj\u0173 ir dubens ven\u0173 ligos"},"content":{"rendered":"<p>Monografija &#8220;Koj\u0173 ir dubens ven\u0173 ligos&#8221; &#8211; skiriama gydytojams praktikams. Joje apra\u0161omi svarbiausi ven\u0173 ir limfin\u0117s sistemos lig\u0173 diagnostikos metodai: anamnez\u0117, ap\u017ei\u016bra, var\u017et\u0173 m\u0117giniai, flebomanometrija, echoskopija, flebografija. I\u0161samiai aptarti konservatyv\u016bs gydymo metodai taikant kompresin\u0119 terapij\u0105, venotonikus, skleroterapij\u0105. Nagrin\u0117jamos da\u017eniau pasitaikan\u010dios diagnostikos ir gydymo klaidos bei komplikacijos, rekomenduojami racionaliausi gydymo b\u016bdai. Knygoje apibendrinta autoriaus ir jo koleg\u0173 45 met\u0173 darbo patirtis.<\/p>\n<p>Knygoje &#8220;Koj\u0173 ir dubens ven\u0173 ligos&#8221;:<\/p>\n<p>&#8211; Koj\u0173 potrombozin\u0117 liga (Potrombozinis sindromas)<br \/>\n&#8211; Varikozin\u0117s, potrombozin\u0117s ir kitos koj\u0173 opos<br \/>\n&#8211; Re\u010diau pasitaikan\u010dios koj\u0173 ven\u0173 ligos<br \/>\n&#8211; Koj\u0173 ir dubens ven\u0173 traumos<br \/>\n&#8211; Koj\u0173 ir dubens limfin\u0117s sistemos ligos<br \/>\n&#8211; Sergan\u010di\u0173j\u0173 koj\u0173 ir dubens ven\u0173 bei limfagysli\u0173 ligomis darbin\u0117 ekspertiz\u0117 ir reabilitacija<br \/>\n&#8211; Koj\u0173 ir dubens ven\u0173 chirurgin\u0117 anatomija<br \/>\n&#8211; Koj\u0173 flebohemodinamika<br \/>\n&#8211; Koj\u0173 ir dubens ven\u0173 lig\u0173 diagnostikos metodai<br \/>\n&#8211; Koj\u0173 ven\u0173 varikoz\u0117<br \/>\n&#8211; Gili\u0173j\u0173 kojos ir dubens ven\u0173 tromboz\u0117 bei tromboflebitas<\/p>\n<p><strong>Autorius:<\/strong> Jonas Dauderys<br \/>\n<strong>Leid\u0117jas:<\/strong> Mokslo ir enciklopedij\u0173 leidybos centras<br \/>\n<strong>I\u0161leidimo metai:<\/strong> 2004<br \/>\n<strong>Knygos puslapi\u0173 skai\u010dius:<\/strong> 428<br \/>\n<strong>Formatas<\/strong>: 17&#215;25<br \/>\n<strong>ISBN ar kodas<\/strong>: 5-420-01541-2<\/p>\n","protected":false},"excerpt":{"rendered":"<p>Monografija &#8220;Koj\u0173 ir dubens ven\u0173 ligos&#8221; &#8211; skiriama gydytojams praktikams. Joje apra\u0161omi svarbiausi ven\u0173 ir limfin\u0117s sistemos lig\u0173 diagnostikos metodai: anamnez\u0117, ap\u017ei\u016bra, var\u017et\u0173 m\u0117giniai, flebomanometrija, echoskopija, flebografija. I\u0161samiai aptarti konservatyv\u016bs gydymo metodai taikant kompresin\u0119 terapij\u0105, venotonikus, skleroterapij\u0105. Nagrin\u0117jamos da\u017eniau pasitaikan\u010dios diagnostikos ir gydymo klaidos bei komplikacijos, rekomenduojami racionaliausi gydymo b\u016bdai. Knygoje apibendrinta autoriaus ir jo koleg\u0173 45 met\u0173 darbo patirtis. Knygoje &#8220;Koj\u0173 ir dubens ven\u0173 ligos&#8221;: &#8211; Koj\u0173 potrombozin\u0117 liga (Potrombozinis sindromas) &#8211; Varikozin\u0117s, potrombozin\u0117s ir kitos koj\u0173 opos &#8211; Re\u010diau pasitaikan\u010dios koj\u0173 ven\u0173 ligos &#8211; Koj\u0173 ir dubens ven\u0173 traumos &#8211; Koj\u0173 ir dubens limfin\u0117s sistemos ligos &#8211; Sergan\u010di\u0173j\u0173 koj\u0173 ir dubens ven\u0173 bei limfagysli\u0173 ligomis darbin\u0117 ekspertiz\u0117 ir reabilitacija &#8211; Koj\u0173 ir dubens ven\u0173 chirurgin\u0117 anatomija &#8211; Koj\u0173 flebohemodinamika &#8211; Koj\u0173 ir dubens ven\u0173 lig\u0173 diagnostikos metodai &#8211; Koj\u0173 ven\u0173 varikoz\u0117 &#8211; Gili\u0173j\u0173 kojos ir dubens ven\u0173 tromboz\u0117 bei tromboflebitas Autorius: Jonas Dauderys Leid\u0117jas: Mokslo ir enciklopedij\u0173 leidybos centras I\u0161leidimo metai: 2004 Knygos puslapi\u0173 skai\u010dius: 428 Formatas: 17&#215;25 ISBN ar kodas: 5-420-01541-2<\/p>\n","protected":false},"featured_media":17477,"comment_status":"open","ping_status":"closed","template":"","meta":{"_acf_changed":false,"site-sidebar-layout":"default","site-content-layout":"","ast-site-content-layout":"default","site-content-style":"default","site-sidebar-style":"default","ast-global-header-display":"","ast-banner-title-visibility":"","ast-main-header-display":"","ast-hfb-above-header-display":"","ast-hfb-below-header-display":"","ast-hfb-mobile-header-display":"","site-post-title":"","ast-breadcrumbs-content":"","ast-featured-img":"","footer-sml-layout":"","ast-disable-related-posts":"","theme-transparent-header-meta":"default","adv-header-id-meta":"","stick-header-meta":"","header-above-stick-meta":"","header-main-stick-meta":"","header-below-stick-meta":"","astra-migrate-meta-layouts":"set","ast-page-background-enabled":"default","ast-page-background-meta":{"desktop":{"background-color":"","background-image":"","background-repeat":"repeat","background-position":"center center","background-size":"auto","background-attachment":"scroll","background-type":"","background-media":"","overlay-type":"","overlay-color":"","overlay-opacity":"","overlay-gradient":""},"tablet":{"background-color":"","background-image":"","background-repeat":"repeat","background-position":"center center","background-size":"auto","background-attachment":"scroll","background-type":"","background-media":"","overlay-type":"","overlay-color":"","overlay-opacity":"","overlay-gradient":""},"mobile":{"background-color":"","background-image":"","background-repeat":"repeat","background-position":"center center","background-size":"auto","background-attachment":"scroll","background-type":"","background-media":"","overlay-type":"","overlay-color":"","overlay-opacity":"","overlay-gradient":""}},"ast-content-background-meta":{"desktop":{"background-color":"var(--ast-global-color-4)","background-image":"","background-repeat":"repeat","background-position":"center center","background-size":"auto","background-attachment":"scroll","background-type":"","background-media":"","overlay-type":"","overlay-color":"","overlay-opacity":"","overlay-gradient":""},"tablet":{"background-color":"var(--ast-global-color-4)","background-image":"","background-repeat":"repeat","background-position":"center center","background-size":"auto","background-attachment":"scroll","background-type":"","background-media":"","overlay-type":"","overlay-color":"","overlay-opacity":"","overlay-gradient":""},"mobile":{"background-color":"var(--ast-global-color-4)","background-image":"","background-repeat":"repeat","background-position":"center center","background-size":"auto","background-attachment":"scroll","background-type":"","background-media":"","overlay-type":"","overlay-color":"","overlay-opacity":"","overlay-gradient":""}}},"product_brand":[],"product_cat":[9854,55],"product_tag":[],"class_list":{"0":"post-17476","1":"product","2":"type-product","3":"status-publish","4":"has-post-thumbnail","6":"product_cat-medicina","7":"product_cat-sveikata-ir-sveika-mityba","8":"desktop-align-left","9":"tablet-align-left","10":"mobile-align-left","12":"first","13":"outofstock","14":"shipping-taxable","15":"purchasable","16":"product-type-simple"},"acf":[],"yoast_head":"<!-- This site is optimized with the Yoast SEO plugin v27.4 - https:\/\/yoast.com\/product\/yoast-seo-wordpress\/ -->\n<title>Koj\u0173 ir dubens ven\u0173 ligos<\/title>\n<meta name=\"description\" content=\"Monografija &quot;Koj\u0173 ir dubens ven\u0173 ligos&quot; - skiriama gydytojams praktikams. Joje apra\u0161omi svarbiausi ven\u0173 ir limfin\u0117s sistemos lig\u0173 diagnostikos metodai:\" \/>\n<meta name=\"robots\" content=\"index, follow, max-snippet:-1, max-image-preview:large, max-video-preview:-1\" \/>\n<link rel=\"canonical\" href=\"https:\/\/skaitytaknyga.lt\/en\/produktas\/koju-ir-dubens-venu-ligos\/\" \/>\n<meta property=\"og:locale\" content=\"en_GB\" \/>\n<meta property=\"og:locale:alternate\" content=\"lt_LT\" \/>\n<meta property=\"og:type\" content=\"article\" \/>\n<meta property=\"og:title\" content=\"Koj\u0173 ir dubens ven\u0173 ligos\" \/>\n<meta property=\"og:description\" content=\"Monografija &quot;Koj\u0173 ir dubens ven\u0173 ligos&quot; - skiriama gydytojams praktikams. Joje apra\u0161omi svarbiausi ven\u0173 ir limfin\u0117s sistemos lig\u0173 diagnostikos metodai:\" \/>\n<meta property=\"og:url\" content=\"https:\/\/skaitytaknyga.lt\/en\/produktas\/koju-ir-dubens-venu-ligos\/\" \/>\n<meta property=\"og:site_name\" content=\"Skaitytaknyga\" \/>\n<meta property=\"article:publisher\" content=\"https:\/\/www.facebook.com\/skaitytaknyga\/\" \/>\n<meta property=\"article:modified_time\" content=\"2026-03-18T11:15:53+00:00\" \/>\n<meta property=\"og:image\" content=\"https:\/\/skaitytaknyga.lt\/wp-content\/uploads\/2025\/03\/Koju-ir-dubens-venu-ligos.jpg\" \/>\n\t<meta property=\"og:image:width\" content=\"301\" \/>\n\t<meta property=\"og:image:height\" content=\"450\" \/>\n\t<meta property=\"og:image:type\" content=\"image\/jpeg\" \/>\n<meta name=\"twitter:card\" content=\"summary_large_image\" \/>\n<meta name=\"twitter:label1\" content=\"Estimated reading time\" \/>\n\t<meta name=\"twitter:data1\" content=\"1 minute\" \/>\n<script type=\"application\/ld+json\" class=\"yoast-schema-graph\">{\"@context\":\"https:\\\/\\\/schema.org\",\"@graph\":[{\"@type\":\"WebPage\",\"@id\":\"https:\\\/\\\/skaitytaknyga.lt\\\/produktas\\\/koju-ir-dubens-venu-ligos\\\/\",\"url\":\"https:\\\/\\\/skaitytaknyga.lt\\\/produktas\\\/koju-ir-dubens-venu-ligos\\\/\",\"name\":\"Koj\u0173 ir dubens ven\u0173 ligos\",\"isPartOf\":{\"@id\":\"https:\\\/\\\/skaitytaknyga.lt\\\/#website\"},\"primaryImageOfPage\":{\"@id\":\"https:\\\/\\\/skaitytaknyga.lt\\\/produktas\\\/koju-ir-dubens-venu-ligos\\\/#primaryimage\"},\"image\":{\"@id\":\"https:\\\/\\\/skaitytaknyga.lt\\\/produktas\\\/koju-ir-dubens-venu-ligos\\\/#primaryimage\"},\"thumbnailUrl\":\"https:\\\/\\\/skaitytaknyga.lt\\\/wp-content\\\/uploads\\\/2025\\\/03\\\/Koju-ir-dubens-venu-ligos.jpg\",\"datePublished\":\"2025-03-22T08:22:17+00:00\",\"dateModified\":\"2026-03-18T11:15:53+00:00\",\"description\":\"Monografija \\\"Koj\u0173 ir dubens ven\u0173 ligos\\\" - skiriama gydytojams praktikams. Joje apra\u0161omi svarbiausi ven\u0173 ir limfin\u0117s sistemos lig\u0173 diagnostikos metodai:\",\"breadcrumb\":{\"@id\":\"https:\\\/\\\/skaitytaknyga.lt\\\/produktas\\\/koju-ir-dubens-venu-ligos\\\/#breadcrumb\"},\"inLanguage\":\"en-GB\",\"potentialAction\":[{\"@type\":\"ReadAction\",\"target\":[\"https:\\\/\\\/skaitytaknyga.lt\\\/produktas\\\/koju-ir-dubens-venu-ligos\\\/\"]}]},{\"@type\":\"ImageObject\",\"inLanguage\":\"en-GB\",\"@id\":\"https:\\\/\\\/skaitytaknyga.lt\\\/produktas\\\/koju-ir-dubens-venu-ligos\\\/#primaryimage\",\"url\":\"https:\\\/\\\/skaitytaknyga.lt\\\/wp-content\\\/uploads\\\/2025\\\/03\\\/Koju-ir-dubens-venu-ligos.jpg\",\"contentUrl\":\"https:\\\/\\\/skaitytaknyga.lt\\\/wp-content\\\/uploads\\\/2025\\\/03\\\/Koju-ir-dubens-venu-ligos.jpg\",\"width\":301,\"height\":450,\"caption\":\"Koj\u0173 ir dubens ven\u0173 ligos\"},{\"@type\":\"BreadcrumbList\",\"@id\":\"https:\\\/\\\/skaitytaknyga.lt\\\/produktas\\\/koju-ir-dubens-venu-ligos\\\/#breadcrumb\",\"itemListElement\":[{\"@type\":\"ListItem\",\"position\":1,\"name\":\"Home\",\"item\":\"https:\\\/\\\/skaitytaknyga.lt\\\/\"},{\"@type\":\"ListItem\",\"position\":2,\"name\":\"Parduotuv\u0117\",\"item\":\"https:\\\/\\\/skaitytaknyga.lt\\\/knygu-parduotuve\\\/\"},{\"@type\":\"ListItem\",\"position\":3,\"name\":\"Koj\u0173 ir dubens ven\u0173 ligos\"}]},{\"@type\":\"WebSite\",\"@id\":\"https:\\\/\\\/skaitytaknyga.lt\\\/#website\",\"url\":\"https:\\\/\\\/skaitytaknyga.lt\\\/\",\"name\":\"skaitytaknyga.lt\",\"description\":\"Skaitytaknyga.lt \u2013 tai ma\u017eas \u0161eimos verslas, kuris prasid\u0117jo nuo meil\u0117s knygoms ir siekio i\u0161gelb\u0117ti knygas nuo likimo prie konteinerio. Kas vienam nereikalingas daiktas \u2013 kitam lobis, o mes esame tarpininkai, kurie padeda abiems tapti laimingesniems ???? \u017dinome kaip nelengva i\u0161gyventi ma\u017eiems verslams, tad nuo \u0161iol, \u010dia rasite ir kit\u0173, ma\u017e\u0173 \u0161eim\u0173 versl\u0173, rank\u0173 darbo, dovan\u0173 sau ir artimiesiems.\",\"publisher\":{\"@id\":\"https:\\\/\\\/skaitytaknyga.lt\\\/#organization\"},\"potentialAction\":[{\"@type\":\"SearchAction\",\"target\":{\"@type\":\"EntryPoint\",\"urlTemplate\":\"https:\\\/\\\/skaitytaknyga.lt\\\/?s={search_term_string}\"},\"query-input\":{\"@type\":\"PropertyValueSpecification\",\"valueRequired\":true,\"valueName\":\"search_term_string\"}}],\"inLanguage\":\"en-GB\"},{\"@type\":\"Organization\",\"@id\":\"https:\\\/\\\/skaitytaknyga.lt\\\/#organization\",\"name\":\"skaitytaknyga.lt\",\"url\":\"https:\\\/\\\/skaitytaknyga.lt\\\/\",\"logo\":{\"@type\":\"ImageObject\",\"inLanguage\":\"en-GB\",\"@id\":\"https:\\\/\\\/skaitytaknyga.lt\\\/#\\\/schema\\\/logo\\\/image\\\/\",\"url\":\"https:\\\/\\\/skaitytaknyga.lt\\\/wp-content\\\/uploads\\\/2024\\\/05\\\/cropped-cropped-cropped-02_00843_jt3bggkj1j3HLc7SyY6rEUpg.jpeg\",\"contentUrl\":\"https:\\\/\\\/skaitytaknyga.lt\\\/wp-content\\\/uploads\\\/2024\\\/05\\\/cropped-cropped-cropped-02_00843_jt3bggkj1j3HLc7SyY6rEUpg.jpeg\",\"width\":1600,\"height\":1600,\"caption\":\"skaitytaknyga.lt\"},\"image\":{\"@id\":\"https:\\\/\\\/skaitytaknyga.lt\\\/#\\\/schema\\\/logo\\\/image\\\/\"},\"sameAs\":[\"https:\\\/\\\/www.facebook.com\\\/skaitytaknyga\\\/\"]}]}<\/script>\n<!-- \/ Yoast SEO plugin. -->","yoast_head_json":{"title":"Koj\u0173 ir dubens ven\u0173 ligos","description":"Monografija \"Koj\u0173 ir dubens ven\u0173 ligos\" - skiriama gydytojams praktikams. Joje apra\u0161omi svarbiausi ven\u0173 ir limfin\u0117s sistemos lig\u0173 diagnostikos metodai:","robots":{"index":"index","follow":"follow","max-snippet":"max-snippet:-1","max-image-preview":"max-image-preview:large","max-video-preview":"max-video-preview:-1"},"canonical":"https:\/\/skaitytaknyga.lt\/en\/produktas\/koju-ir-dubens-venu-ligos\/","og_locale":"en_GB","og_type":"article","og_title":"[:lt]Koj\u0173 ir dubens ven\u0173 ligos[:] - Skaitytaknyga","og_description":"Monografija \"Koj\u0173 ir dubens ven\u0173 ligos\" - skiriama gydytojams praktikams. Joje apra\u0161omi svarbiausi ven\u0173 ir limfin\u0117s sistemos lig\u0173 diagnostikos metodai:","og_url":"https:\/\/skaitytaknyga.lt\/en\/produktas\/koju-ir-dubens-venu-ligos\/","og_site_name":"Skaitytaknyga","article_publisher":"https:\/\/www.facebook.com\/skaitytaknyga\/","article_modified_time":"2026-03-18T11:15:53+00:00","og_image":[{"width":301,"height":450,"url":"https:\/\/skaitytaknyga.lt\/wp-content\/uploads\/2025\/03\/Koju-ir-dubens-venu-ligos.jpg","type":"image\/jpeg"}],"twitter_card":"summary_large_image","twitter_misc":{"Estimated reading time":"1 minute"},"schema":{"@context":"https:\/\/schema.org","@graph":[{"@type":"WebPage","@id":"https:\/\/skaitytaknyga.lt\/produktas\/koju-ir-dubens-venu-ligos\/","url":"https:\/\/skaitytaknyga.lt\/produktas\/koju-ir-dubens-venu-ligos\/","name":"Koj\u0173 ir dubens ven\u0173 ligos","isPartOf":{"@id":"https:\/\/skaitytaknyga.lt\/#website"},"primaryImageOfPage":{"@id":"https:\/\/skaitytaknyga.lt\/produktas\/koju-ir-dubens-venu-ligos\/#primaryimage"},"image":{"@id":"https:\/\/skaitytaknyga.lt\/produktas\/koju-ir-dubens-venu-ligos\/#primaryimage"},"thumbnailUrl":"https:\/\/skaitytaknyga.lt\/wp-content\/uploads\/2025\/03\/Koju-ir-dubens-venu-ligos.jpg","datePublished":"2025-03-22T08:22:17+00:00","dateModified":"2026-03-18T11:15:53+00:00","description":"Monografija \"Koj\u0173 ir dubens ven\u0173 ligos\" - skiriama gydytojams praktikams. Joje apra\u0161omi svarbiausi ven\u0173 ir limfin\u0117s sistemos lig\u0173 diagnostikos metodai:","breadcrumb":{"@id":"https:\/\/skaitytaknyga.lt\/produktas\/koju-ir-dubens-venu-ligos\/#breadcrumb"},"inLanguage":"en-GB","potentialAction":[{"@type":"ReadAction","target":["https:\/\/skaitytaknyga.lt\/produktas\/koju-ir-dubens-venu-ligos\/"]}]},{"@type":"ImageObject","inLanguage":"en-GB","@id":"https:\/\/skaitytaknyga.lt\/produktas\/koju-ir-dubens-venu-ligos\/#primaryimage","url":"https:\/\/skaitytaknyga.lt\/wp-content\/uploads\/2025\/03\/Koju-ir-dubens-venu-ligos.jpg","contentUrl":"https:\/\/skaitytaknyga.lt\/wp-content\/uploads\/2025\/03\/Koju-ir-dubens-venu-ligos.jpg","width":301,"height":450,"caption":"Koj\u0173 ir dubens ven\u0173 ligos"},{"@type":"BreadcrumbList","@id":"https:\/\/skaitytaknyga.lt\/produktas\/koju-ir-dubens-venu-ligos\/#breadcrumb","itemListElement":[{"@type":"ListItem","position":1,"name":"Home","item":"https:\/\/skaitytaknyga.lt\/"},{"@type":"ListItem","position":2,"name":"Parduotuv\u0117","item":"https:\/\/skaitytaknyga.lt\/knygu-parduotuve\/"},{"@type":"ListItem","position":3,"name":"Koj\u0173 ir dubens ven\u0173 ligos"}]},{"@type":"WebSite","@id":"https:\/\/skaitytaknyga.lt\/#website","url":"https:\/\/skaitytaknyga.lt\/","name":"skaitytaknyga.lt","description":"Skaitytaknyga.lt \u2013 tai ma\u017eas \u0161eimos verslas, kuris prasid\u0117jo nuo meil\u0117s knygoms ir siekio i\u0161gelb\u0117ti knygas nuo likimo prie konteinerio. Kas vienam nereikalingas daiktas \u2013 kitam lobis, o mes esame tarpininkai, kurie padeda abiems tapti laimingesniems ???? \u017dinome kaip nelengva i\u0161gyventi ma\u017eiems verslams, tad nuo \u0161iol, \u010dia rasite ir kit\u0173, ma\u017e\u0173 \u0161eim\u0173 versl\u0173, rank\u0173 darbo, dovan\u0173 sau ir artimiesiems.","publisher":{"@id":"https:\/\/skaitytaknyga.lt\/#organization"},"potentialAction":[{"@type":"SearchAction","target":{"@type":"EntryPoint","urlTemplate":"https:\/\/skaitytaknyga.lt\/?s={search_term_string}"},"query-input":{"@type":"PropertyValueSpecification","valueRequired":true,"valueName":"search_term_string"}}],"inLanguage":"en-GB"},{"@type":"Organization","@id":"https:\/\/skaitytaknyga.lt\/#organization","name":"skaitytaknyga.lt","url":"https:\/\/skaitytaknyga.lt\/","logo":{"@type":"ImageObject","inLanguage":"en-GB","@id":"https:\/\/skaitytaknyga.lt\/#\/schema\/logo\/image\/","url":"https:\/\/skaitytaknyga.lt\/wp-content\/uploads\/2024\/05\/cropped-cropped-cropped-02_00843_jt3bggkj1j3HLc7SyY6rEUpg.jpeg","contentUrl":"https:\/\/skaitytaknyga.lt\/wp-content\/uploads\/2024\/05\/cropped-cropped-cropped-02_00843_jt3bggkj1j3HLc7SyY6rEUpg.jpeg","width":1600,"height":1600,"caption":"skaitytaknyga.lt"},"image":{"@id":"https:\/\/skaitytaknyga.lt\/#\/schema\/logo\/image\/"},"sameAs":["https:\/\/www.facebook.com\/skaitytaknyga\/"]}]}},"_links":{"self":[{"href":"https:\/\/skaitytaknyga.lt\/en\/wp-json\/wp\/v2\/product\/17476","targetHints":{"allow":["GET"]}}],"collection":[{"href":"https:\/\/skaitytaknyga.lt\/en\/wp-json\/wp\/v2\/product"}],"about":[{"href":"https:\/\/skaitytaknyga.lt\/en\/wp-json\/wp\/v2\/types\/product"}],"replies":[{"embeddable":true,"href":"https:\/\/skaitytaknyga.lt\/en\/wp-json\/wp\/v2\/comments?post=17476"}],"wp:featuredmedia":[{"embeddable":true,"href":"https:\/\/skaitytaknyga.lt\/en\/wp-json\/wp\/v2\/media\/17477"}],"wp:attachment":[{"href":"https:\/\/skaitytaknyga.lt\/en\/wp-json\/wp\/v2\/media?parent=17476"}],"wp:term":[{"taxonomy":"product_brand","embeddable":true,"href":"https:\/\/skaitytaknyga.lt\/en\/wp-json\/wp\/v2\/product_brand?post=17476"},{"taxonomy":"product_cat","embeddable":true,"href":"https:\/\/skaitytaknyga.lt\/en\/wp-json\/wp\/v2\/product_cat?post=17476"},{"taxonomy":"product_tag","embeddable":true,"href":"https:\/\/skaitytaknyga.lt\/en\/wp-json\/wp\/v2\/product_tag?post=17476"}],"curies":[{"name":"wp","href":"https:\/\/api.w.org\/{rel}","templated":true}]}}