{"id":17474,"date":"2025-03-22T10:21:04","date_gmt":"2025-03-22T08:21:04","guid":{"rendered":"https:\/\/skaitytaknyga.lt\/?post_type=product&#038;p=17474"},"modified":"2025-10-01T14:43:09","modified_gmt":"2025-10-01T11:43:09","slug":"ortopedija-ir-reumatologija-koncentruotas-poziuris","status":"publish","type":"product","link":"https:\/\/skaitytaknyga.lt\/en\/produktas\/ortopedija-ir-reumatologija-koncentruotas-poziuris\/","title":{"rendered":"Ortopedija ir reumatologija. Koncentruotas po\u017ei\u016bris"},"content":{"rendered":"<p>Serija\u00a0<strong>\u201eKoncentruotas po\u017ei\u016bris\u201c<\/strong>\u00a0\u2013 tai ne\u012fkainojama klinikin\u0117s medicinos nuotrauk\u0173 kolekcija, papildyta glausta informacija ir iliustruotais testais.<\/p>\n<ul>\n<li>Aptariamos pagrindin\u0117s klinikin\u0117s medicinos kurso temos<\/li>\n<li>Patogus, puikiai egzaminams pasiruo\u0161ti tinkamas formatas<\/li>\n<li>Glausta informacija, ai\u0161kiai susieta su auk\u0161tos kokyb\u0117s spalvotomis klinikin\u0117s medicinos nuotraukomis<\/li>\n<li>Vieningas po\u017ei\u016bris suteikia galimyb\u0119 ap\u017evelgti daug atvej\u0173, o kai kuri\u0173 i\u0161 j\u0173 neteks pamatyti per trump\u0105 pa\u017eintin\u0119 praktik\u0105<\/li>\n<li>Esminis \u0161altinis, skirtas vis\u0173 medicinos sri\u010di\u0173 studentams ir medicinos specialistams<\/li>\n<li>Daugyb\u0117 klausim\u0173 duoda praktikos ir pasitik\u0117jimo prie\u0161 egzaminus<\/li>\n<li>Informatyvu, sunku, bet \u012fdomu<\/li>\n<\/ul>\n<ul class=\"about-product d-none d-xl-block mt-4\">\n<li><strong>Autorius:<\/strong>\u00a0Ariane Ariane L. Herrick,\u00a0J. Glynne Andrew,\u00a0Lennard Funk,\u00a0Charles Hutchinson<\/li>\n<li><strong>Leid\u0117jas:<\/strong>\u00a0Vaist\u0173 \u017einios<\/li>\n<li><strong>Metai:<\/strong>\u00a02015<\/li>\n<li><strong>Puslapiai:<\/strong>\u00a0204<\/li>\n<li class=\"toggleable type-new-formats \"><strong>ISBN:<\/strong>\u00a09789955884811<\/li>\n<li class=\"toggleable type-new-formats \"><strong>Formatas:<\/strong>\u00a012,5 x 18,5 cm, mink\u0161ti vir\u0161eliai<\/li>\n<li><strong>Kalba:<\/strong>\u00a0Lietuvi\u0173<\/li>\n<\/ul>\n","protected":false},"excerpt":{"rendered":"<p>Serija\u00a0\u201eKoncentruotas po\u017ei\u016bris\u201c\u00a0\u2013 tai ne\u012fkainojama klinikin\u0117s medicinos nuotrauk\u0173 kolekcija, papildyta glausta informacija ir iliustruotais testais. Aptariamos pagrindin\u0117s klinikin\u0117s medicinos kurso temos Patogus, puikiai egzaminams pasiruo\u0161ti tinkamas formatas Glausta informacija, ai\u0161kiai susieta su auk\u0161tos kokyb\u0117s spalvotomis klinikin\u0117s medicinos nuotraukomis Vieningas po\u017ei\u016bris suteikia galimyb\u0119 ap\u017evelgti daug atvej\u0173, o kai kuri\u0173 i\u0161 j\u0173 neteks pamatyti per trump\u0105 pa\u017eintin\u0119 praktik\u0105 Esminis \u0161altinis, skirtas vis\u0173 medicinos sri\u010di\u0173 studentams ir medicinos specialistams Daugyb\u0117 klausim\u0173 duoda praktikos ir pasitik\u0117jimo prie\u0161 egzaminus Informatyvu, sunku, bet \u012fdomu Autorius:\u00a0Ariane Ariane L. Herrick,\u00a0J. Glynne Andrew,\u00a0Lennard Funk,\u00a0Charles Hutchinson Leid\u0117jas:\u00a0Vaist\u0173 \u017einios Metai:\u00a02015 Puslapiai:\u00a0204 ISBN:\u00a09789955884811 Formatas:\u00a012,5 x 18,5 cm, mink\u0161ti vir\u0161eliai Kalba:\u00a0Lietuvi\u0173<\/p>\n","protected":false},"featured_media":17475,"comment_status":"open","ping_status":"closed","template":"","meta":{"_acf_changed":false,"site-sidebar-layout":"default","site-content-layout":"","ast-site-content-layout":"default","site-content-style":"default","site-sidebar-style":"default","ast-global-header-display":"","ast-banner-title-visibility":"","ast-main-header-display":"","ast-hfb-above-header-display":"","ast-hfb-below-header-display":"","ast-hfb-mobile-header-display":"","site-post-title":"","ast-breadcrumbs-content":"","ast-featured-img":"","footer-sml-layout":"","ast-disable-related-posts":"","theme-transparent-header-meta":"default","adv-header-id-meta":"","stick-header-meta":"","header-above-stick-meta":"","header-main-stick-meta":"","header-below-stick-meta":"","astra-migrate-meta-layouts":"set","ast-page-background-enabled":"default","ast-page-background-meta":{"desktop":{"background-color":"","background-image":"","background-repeat":"repeat","background-position":"center center","background-size":"auto","background-attachment":"scroll","background-type":"","background-media":"","overlay-type":"","overlay-color":"","overlay-opacity":"","overlay-gradient":""},"tablet":{"background-color":"","background-image":"","background-repeat":"repeat","background-position":"center center","background-size":"auto","background-attachment":"scroll","background-type":"","background-media":"","overlay-type":"","overlay-color":"","overlay-opacity":"","overlay-gradient":""},"mobile":{"background-color":"","background-image":"","background-repeat":"repeat","background-position":"center center","background-size":"auto","background-attachment":"scroll","background-type":"","background-media":"","overlay-type":"","overlay-color":"","overlay-opacity":"","overlay-gradient":""}},"ast-content-background-meta":{"desktop":{"background-color":"var(--ast-global-color-4)","background-image":"","background-repeat":"repeat","background-position":"center center","background-size":"auto","background-attachment":"scroll","background-type":"","background-media":"","overlay-type":"","overlay-color":"","overlay-opacity":"","overlay-gradient":""},"tablet":{"background-color":"var(--ast-global-color-4)","background-image":"","background-repeat":"repeat","background-position":"center center","background-size":"auto","background-attachment":"scroll","background-type":"","background-media":"","overlay-type":"","overlay-color":"","overlay-opacity":"","overlay-gradient":""},"mobile":{"background-color":"var(--ast-global-color-4)","background-image":"","background-repeat":"repeat","background-position":"center center","background-size":"auto","background-attachment":"scroll","background-type":"","background-media":"","overlay-type":"","overlay-color":"","overlay-opacity":"","overlay-gradient":""}}},"product_brand":[],"product_cat":[55],"product_tag":[],"class_list":{"0":"post-17474","1":"product","2":"type-product","3":"status-publish","4":"has-post-thumbnail","6":"product_cat-sveikata-ir-sveika-mityba","7":"desktop-align-left","8":"tablet-align-left","9":"mobile-align-left","11":"first","12":"outofstock","13":"shipping-taxable","14":"purchasable","15":"product-type-simple"},"acf":[],"yoast_head":"<!-- This site is optimized with the Yoast SEO plugin v27.4 - https:\/\/yoast.com\/product\/yoast-seo-wordpress\/ -->\n<title>Ortopedija ir reumatologija. Koncentruotas po\u017ei\u016bris<\/title>\n<meta name=\"description\" content=\"Serija\u00a0\u201eKoncentruotas po\u017ei\u016bris\u201c\u00a0\u2013 tai ne\u012fkainojama klinikin\u0117s medicinos nuotrauk\u0173 kolekcija, papildyta glausta informacija ir iliustruotais testais.\" \/>\n<meta name=\"robots\" content=\"index, follow, max-snippet:-1, max-image-preview:large, max-video-preview:-1\" \/>\n<link rel=\"canonical\" href=\"https:\/\/skaitytaknyga.lt\/en\/produktas\/ortopedija-ir-reumatologija-koncentruotas-poziuris\/\" \/>\n<meta property=\"og:locale\" content=\"en_GB\" \/>\n<meta property=\"og:locale:alternate\" content=\"lt_LT\" \/>\n<meta property=\"og:type\" content=\"article\" \/>\n<meta property=\"og:title\" content=\"Ortopedija ir reumatologija. Koncentruotas po\u017ei\u016bris\" \/>\n<meta property=\"og:description\" content=\"Serija\u00a0\u201eKoncentruotas po\u017ei\u016bris\u201c\u00a0\u2013 tai ne\u012fkainojama klinikin\u0117s medicinos nuotrauk\u0173 kolekcija, papildyta glausta informacija ir iliustruotais testais.\" \/>\n<meta property=\"og:url\" content=\"https:\/\/skaitytaknyga.lt\/en\/produktas\/ortopedija-ir-reumatologija-koncentruotas-poziuris\/\" \/>\n<meta property=\"og:site_name\" content=\"Skaitytaknyga\" \/>\n<meta property=\"article:publisher\" content=\"https:\/\/www.facebook.com\/skaitytaknyga\/\" \/>\n<meta property=\"article:modified_time\" content=\"2025-10-01T11:43:09+00:00\" \/>\n<meta property=\"og:image\" content=\"https:\/\/skaitytaknyga.lt\/wp-content\/uploads\/2025\/03\/Ortopedija-ir-reumatologija.-Koncentruotas-poziuris.webp\" \/>\n\t<meta property=\"og:image:width\" content=\"529\" \/>\n\t<meta property=\"og:image:height\" content=\"800\" \/>\n\t<meta property=\"og:image:type\" content=\"image\/webp\" \/>\n<meta name=\"twitter:card\" content=\"summary_large_image\" \/>\n<meta name=\"twitter:label1\" content=\"Estimated reading time\" \/>\n\t<meta name=\"twitter:data1\" content=\"1 minute\" \/>\n<script type=\"application\/ld+json\" class=\"yoast-schema-graph\">{\"@context\":\"https:\\\/\\\/schema.org\",\"@graph\":[{\"@type\":\"WebPage\",\"@id\":\"https:\\\/\\\/skaitytaknyga.lt\\\/produktas\\\/ortopedija-ir-reumatologija-koncentruotas-poziuris\\\/\",\"url\":\"https:\\\/\\\/skaitytaknyga.lt\\\/produktas\\\/ortopedija-ir-reumatologija-koncentruotas-poziuris\\\/\",\"name\":\"Ortopedija ir reumatologija. Koncentruotas po\u017ei\u016bris\",\"isPartOf\":{\"@id\":\"https:\\\/\\\/skaitytaknyga.lt\\\/#website\"},\"primaryImageOfPage\":{\"@id\":\"https:\\\/\\\/skaitytaknyga.lt\\\/produktas\\\/ortopedija-ir-reumatologija-koncentruotas-poziuris\\\/#primaryimage\"},\"image\":{\"@id\":\"https:\\\/\\\/skaitytaknyga.lt\\\/produktas\\\/ortopedija-ir-reumatologija-koncentruotas-poziuris\\\/#primaryimage\"},\"thumbnailUrl\":\"https:\\\/\\\/skaitytaknyga.lt\\\/wp-content\\\/uploads\\\/2025\\\/03\\\/Ortopedija-ir-reumatologija.-Koncentruotas-poziuris.webp\",\"datePublished\":\"2025-03-22T08:21:04+00:00\",\"dateModified\":\"2025-10-01T11:43:09+00:00\",\"description\":\"Serija\u00a0\u201eKoncentruotas po\u017ei\u016bris\u201c\u00a0\u2013 tai ne\u012fkainojama klinikin\u0117s medicinos nuotrauk\u0173 kolekcija, papildyta glausta informacija ir iliustruotais testais.\",\"breadcrumb\":{\"@id\":\"https:\\\/\\\/skaitytaknyga.lt\\\/produktas\\\/ortopedija-ir-reumatologija-koncentruotas-poziuris\\\/#breadcrumb\"},\"inLanguage\":\"en-GB\",\"potentialAction\":[{\"@type\":\"ReadAction\",\"target\":[\"https:\\\/\\\/skaitytaknyga.lt\\\/produktas\\\/ortopedija-ir-reumatologija-koncentruotas-poziuris\\\/\"]}]},{\"@type\":\"ImageObject\",\"inLanguage\":\"en-GB\",\"@id\":\"https:\\\/\\\/skaitytaknyga.lt\\\/produktas\\\/ortopedija-ir-reumatologija-koncentruotas-poziuris\\\/#primaryimage\",\"url\":\"https:\\\/\\\/skaitytaknyga.lt\\\/wp-content\\\/uploads\\\/2025\\\/03\\\/Ortopedija-ir-reumatologija.-Koncentruotas-poziuris.webp\",\"contentUrl\":\"https:\\\/\\\/skaitytaknyga.lt\\\/wp-content\\\/uploads\\\/2025\\\/03\\\/Ortopedija-ir-reumatologija.-Koncentruotas-poziuris.webp\",\"width\":529,\"height\":800,\"caption\":\"Ortopedija ir reumatologija. Koncentruotas po\u017ei\u016bris\"},{\"@type\":\"BreadcrumbList\",\"@id\":\"https:\\\/\\\/skaitytaknyga.lt\\\/produktas\\\/ortopedija-ir-reumatologija-koncentruotas-poziuris\\\/#breadcrumb\",\"itemListElement\":[{\"@type\":\"ListItem\",\"position\":1,\"name\":\"Home\",\"item\":\"https:\\\/\\\/skaitytaknyga.lt\\\/\"},{\"@type\":\"ListItem\",\"position\":2,\"name\":\"Parduotuv\u0117\",\"item\":\"https:\\\/\\\/skaitytaknyga.lt\\\/knygu-parduotuve\\\/\"},{\"@type\":\"ListItem\",\"position\":3,\"name\":\"Ortopedija ir reumatologija. Koncentruotas po\u017ei\u016bris\"}]},{\"@type\":\"WebSite\",\"@id\":\"https:\\\/\\\/skaitytaknyga.lt\\\/#website\",\"url\":\"https:\\\/\\\/skaitytaknyga.lt\\\/\",\"name\":\"skaitytaknyga.lt\",\"description\":\"Skaitytaknyga.lt \u2013 tai ma\u017eas \u0161eimos verslas, kuris prasid\u0117jo nuo meil\u0117s knygoms ir siekio i\u0161gelb\u0117ti knygas nuo likimo prie konteinerio. Kas vienam nereikalingas daiktas \u2013 kitam lobis, o mes esame tarpininkai, kurie padeda abiems tapti laimingesniems ???? \u017dinome kaip nelengva i\u0161gyventi ma\u017eiems verslams, tad nuo \u0161iol, \u010dia rasite ir kit\u0173, ma\u017e\u0173 \u0161eim\u0173 versl\u0173, rank\u0173 darbo, dovan\u0173 sau ir artimiesiems.\",\"publisher\":{\"@id\":\"https:\\\/\\\/skaitytaknyga.lt\\\/#organization\"},\"potentialAction\":[{\"@type\":\"SearchAction\",\"target\":{\"@type\":\"EntryPoint\",\"urlTemplate\":\"https:\\\/\\\/skaitytaknyga.lt\\\/?s={search_term_string}\"},\"query-input\":{\"@type\":\"PropertyValueSpecification\",\"valueRequired\":true,\"valueName\":\"search_term_string\"}}],\"inLanguage\":\"en-GB\"},{\"@type\":\"Organization\",\"@id\":\"https:\\\/\\\/skaitytaknyga.lt\\\/#organization\",\"name\":\"skaitytaknyga.lt\",\"url\":\"https:\\\/\\\/skaitytaknyga.lt\\\/\",\"logo\":{\"@type\":\"ImageObject\",\"inLanguage\":\"en-GB\",\"@id\":\"https:\\\/\\\/skaitytaknyga.lt\\\/#\\\/schema\\\/logo\\\/image\\\/\",\"url\":\"https:\\\/\\\/skaitytaknyga.lt\\\/wp-content\\\/uploads\\\/2024\\\/05\\\/cropped-cropped-cropped-02_00843_jt3bggkj1j3HLc7SyY6rEUpg.jpeg\",\"contentUrl\":\"https:\\\/\\\/skaitytaknyga.lt\\\/wp-content\\\/uploads\\\/2024\\\/05\\\/cropped-cropped-cropped-02_00843_jt3bggkj1j3HLc7SyY6rEUpg.jpeg\",\"width\":1600,\"height\":1600,\"caption\":\"skaitytaknyga.lt\"},\"image\":{\"@id\":\"https:\\\/\\\/skaitytaknyga.lt\\\/#\\\/schema\\\/logo\\\/image\\\/\"},\"sameAs\":[\"https:\\\/\\\/www.facebook.com\\\/skaitytaknyga\\\/\"]}]}<\/script>\n<!-- \/ Yoast SEO plugin. -->","yoast_head_json":{"title":"Ortopedija ir reumatologija. Koncentruotas po\u017ei\u016bris","description":"Serija\u00a0\u201eKoncentruotas po\u017ei\u016bris\u201c\u00a0\u2013 tai ne\u012fkainojama klinikin\u0117s medicinos nuotrauk\u0173 kolekcija, papildyta glausta informacija ir iliustruotais testais.","robots":{"index":"index","follow":"follow","max-snippet":"max-snippet:-1","max-image-preview":"max-image-preview:large","max-video-preview":"max-video-preview:-1"},"canonical":"https:\/\/skaitytaknyga.lt\/en\/produktas\/ortopedija-ir-reumatologija-koncentruotas-poziuris\/","og_locale":"en_GB","og_type":"article","og_title":"[:lt]Ortopedija ir reumatologija. Koncentruotas po\u017ei\u016bris[:] - Skaitytaknyga","og_description":"Serija\u00a0\u201eKoncentruotas po\u017ei\u016bris\u201c\u00a0\u2013 tai ne\u012fkainojama klinikin\u0117s medicinos nuotrauk\u0173 kolekcija, papildyta glausta informacija ir iliustruotais testais.","og_url":"https:\/\/skaitytaknyga.lt\/en\/produktas\/ortopedija-ir-reumatologija-koncentruotas-poziuris\/","og_site_name":"Skaitytaknyga","article_publisher":"https:\/\/www.facebook.com\/skaitytaknyga\/","article_modified_time":"2025-10-01T11:43:09+00:00","og_image":[{"width":529,"height":800,"url":"https:\/\/skaitytaknyga.lt\/wp-content\/uploads\/2025\/03\/Ortopedija-ir-reumatologija.-Koncentruotas-poziuris.webp","type":"image\/webp"}],"twitter_card":"summary_large_image","twitter_misc":{"Estimated reading time":"1 minute"},"schema":{"@context":"https:\/\/schema.org","@graph":[{"@type":"WebPage","@id":"https:\/\/skaitytaknyga.lt\/produktas\/ortopedija-ir-reumatologija-koncentruotas-poziuris\/","url":"https:\/\/skaitytaknyga.lt\/produktas\/ortopedija-ir-reumatologija-koncentruotas-poziuris\/","name":"Ortopedija ir reumatologija. Koncentruotas po\u017ei\u016bris","isPartOf":{"@id":"https:\/\/skaitytaknyga.lt\/#website"},"primaryImageOfPage":{"@id":"https:\/\/skaitytaknyga.lt\/produktas\/ortopedija-ir-reumatologija-koncentruotas-poziuris\/#primaryimage"},"image":{"@id":"https:\/\/skaitytaknyga.lt\/produktas\/ortopedija-ir-reumatologija-koncentruotas-poziuris\/#primaryimage"},"thumbnailUrl":"https:\/\/skaitytaknyga.lt\/wp-content\/uploads\/2025\/03\/Ortopedija-ir-reumatologija.-Koncentruotas-poziuris.webp","datePublished":"2025-03-22T08:21:04+00:00","dateModified":"2025-10-01T11:43:09+00:00","description":"Serija\u00a0\u201eKoncentruotas po\u017ei\u016bris\u201c\u00a0\u2013 tai ne\u012fkainojama klinikin\u0117s medicinos nuotrauk\u0173 kolekcija, papildyta glausta informacija ir iliustruotais testais.","breadcrumb":{"@id":"https:\/\/skaitytaknyga.lt\/produktas\/ortopedija-ir-reumatologija-koncentruotas-poziuris\/#breadcrumb"},"inLanguage":"en-GB","potentialAction":[{"@type":"ReadAction","target":["https:\/\/skaitytaknyga.lt\/produktas\/ortopedija-ir-reumatologija-koncentruotas-poziuris\/"]}]},{"@type":"ImageObject","inLanguage":"en-GB","@id":"https:\/\/skaitytaknyga.lt\/produktas\/ortopedija-ir-reumatologija-koncentruotas-poziuris\/#primaryimage","url":"https:\/\/skaitytaknyga.lt\/wp-content\/uploads\/2025\/03\/Ortopedija-ir-reumatologija.-Koncentruotas-poziuris.webp","contentUrl":"https:\/\/skaitytaknyga.lt\/wp-content\/uploads\/2025\/03\/Ortopedija-ir-reumatologija.-Koncentruotas-poziuris.webp","width":529,"height":800,"caption":"Ortopedija ir reumatologija. Koncentruotas po\u017ei\u016bris"},{"@type":"BreadcrumbList","@id":"https:\/\/skaitytaknyga.lt\/produktas\/ortopedija-ir-reumatologija-koncentruotas-poziuris\/#breadcrumb","itemListElement":[{"@type":"ListItem","position":1,"name":"Home","item":"https:\/\/skaitytaknyga.lt\/"},{"@type":"ListItem","position":2,"name":"Parduotuv\u0117","item":"https:\/\/skaitytaknyga.lt\/knygu-parduotuve\/"},{"@type":"ListItem","position":3,"name":"Ortopedija ir reumatologija. Koncentruotas po\u017ei\u016bris"}]},{"@type":"WebSite","@id":"https:\/\/skaitytaknyga.lt\/#website","url":"https:\/\/skaitytaknyga.lt\/","name":"skaitytaknyga.lt","description":"Skaitytaknyga.lt \u2013 tai ma\u017eas \u0161eimos verslas, kuris prasid\u0117jo nuo meil\u0117s knygoms ir siekio i\u0161gelb\u0117ti knygas nuo likimo prie konteinerio. Kas vienam nereikalingas daiktas \u2013 kitam lobis, o mes esame tarpininkai, kurie padeda abiems tapti laimingesniems ???? \u017dinome kaip nelengva i\u0161gyventi ma\u017eiems verslams, tad nuo \u0161iol, \u010dia rasite ir kit\u0173, ma\u017e\u0173 \u0161eim\u0173 versl\u0173, rank\u0173 darbo, dovan\u0173 sau ir artimiesiems.","publisher":{"@id":"https:\/\/skaitytaknyga.lt\/#organization"},"potentialAction":[{"@type":"SearchAction","target":{"@type":"EntryPoint","urlTemplate":"https:\/\/skaitytaknyga.lt\/?s={search_term_string}"},"query-input":{"@type":"PropertyValueSpecification","valueRequired":true,"valueName":"search_term_string"}}],"inLanguage":"en-GB"},{"@type":"Organization","@id":"https:\/\/skaitytaknyga.lt\/#organization","name":"skaitytaknyga.lt","url":"https:\/\/skaitytaknyga.lt\/","logo":{"@type":"ImageObject","inLanguage":"en-GB","@id":"https:\/\/skaitytaknyga.lt\/#\/schema\/logo\/image\/","url":"https:\/\/skaitytaknyga.lt\/wp-content\/uploads\/2024\/05\/cropped-cropped-cropped-02_00843_jt3bggkj1j3HLc7SyY6rEUpg.jpeg","contentUrl":"https:\/\/skaitytaknyga.lt\/wp-content\/uploads\/2024\/05\/cropped-cropped-cropped-02_00843_jt3bggkj1j3HLc7SyY6rEUpg.jpeg","width":1600,"height":1600,"caption":"skaitytaknyga.lt"},"image":{"@id":"https:\/\/skaitytaknyga.lt\/#\/schema\/logo\/image\/"},"sameAs":["https:\/\/www.facebook.com\/skaitytaknyga\/"]}]}},"_links":{"self":[{"href":"https:\/\/skaitytaknyga.lt\/en\/wp-json\/wp\/v2\/product\/17474","targetHints":{"allow":["GET"]}}],"collection":[{"href":"https:\/\/skaitytaknyga.lt\/en\/wp-json\/wp\/v2\/product"}],"about":[{"href":"https:\/\/skaitytaknyga.lt\/en\/wp-json\/wp\/v2\/types\/product"}],"replies":[{"embeddable":true,"href":"https:\/\/skaitytaknyga.lt\/en\/wp-json\/wp\/v2\/comments?post=17474"}],"wp:featuredmedia":[{"embeddable":true,"href":"https:\/\/skaitytaknyga.lt\/en\/wp-json\/wp\/v2\/media\/17475"}],"wp:attachment":[{"href":"https:\/\/skaitytaknyga.lt\/en\/wp-json\/wp\/v2\/media?parent=17474"}],"wp:term":[{"taxonomy":"product_brand","embeddable":true,"href":"https:\/\/skaitytaknyga.lt\/en\/wp-json\/wp\/v2\/product_brand?post=17474"},{"taxonomy":"product_cat","embeddable":true,"href":"https:\/\/skaitytaknyga.lt\/en\/wp-json\/wp\/v2\/product_cat?post=17474"},{"taxonomy":"product_tag","embeddable":true,"href":"https:\/\/skaitytaknyga.lt\/en\/wp-json\/wp\/v2\/product_tag?post=17474"}],"curies":[{"name":"wp","href":"https:\/\/api.w.org\/{rel}","templated":true}]}}