{"id":17472,"date":"2025-03-22T10:06:37","date_gmt":"2025-03-22T08:06:37","guid":{"rendered":"https:\/\/skaitytaknyga.lt\/?post_type=product&#038;p=17472"},"modified":"2025-06-11T08:34:11","modified_gmt":"2025-06-11T05:34:11","slug":"kalta-ne-tu-kaltas-jis-vienisos-moters-knyga","status":"publish","type":"product","link":"https:\/\/skaitytaknyga.lt\/en\/produktas\/kalta-ne-tu-kaltas-jis-vienisos-moters-knyga\/","title":{"rendered":"Kalta ne tu, kaltas jis! Vieni\u0161os moters knyga"},"content":{"rendered":"<p>Knyga\u00a0<strong>\u201eKalta ne tu, kaltas jis! Vieni\u0161os moters knyga\u201c<\/strong>\u00a0tau atgaivins pasimatym\u0173 \u017eaves\u012f &#8211; ir pad\u0117s susirasti toki\u0105 meil\u0119, apie koki\u0105 visada svajojai. Tu gra\u017ei ir \u012fdomi ir gal\u0117tum b\u016bti \u0161auni gyvenimo draug\u0117, tod\u0117l, suprantama, stebiesi, kod\u0117l vis dar esi vieni\u0161a. I\u0161girsk ger\u0105 \u017eini\u0105: kalta ne tu, kaltas jis!<\/p>\n<p>Kod\u0117l para\u0161iau \u0161i\u0105 knyg\u0105, skirt\u0105 vieni\u0161ai moteriai? Nes mes galvojame ir kalbame apie artimus santykius kur kas da\u017eniau negu vieni\u0161i vyrai. Ir kai tokie santykiai pa\u0161lyja, mes taip pat esame kur kas labiau linkusios kaltinti save! Tada kamuojam\u0117s kartodamos tuos pa\u010dius klausimus: \u201eKod\u0117l man negerai?&#8221;, \u201eK\u0105 a\u0161 padariau?&#8221;, \u201eK\u0105 tur\u0117\u010diau daryti kitaip?&#8221;<\/p>\n<p>Bet gal tu \u010dia niekuo d\u0117ta? Gal tu vis tiek b\u016bsi vieni\u0161a, net jei esi tobula? O gal kalta ne tu, gal kalti jie? Ties\u0105 sakant, n\u0117ra joki\u0173 \u201egal&#8221;. Klysta tavo teta, gyvenanti kitame mieste, klysta tavo ved\u0119s brolis, klysta tavo draug\u0117s, su kuriomis kartu mank\u0161tiniesi &#8211; tu vieni\u0161a ne tod\u0117l, kad esi pernelyg i\u0161ranki, pernelyg \u012f\u017e\u016bli ar pernelyg \u201eprincesi\u0161ka&#8221;. Beje, net jeigu taip ir yra, tai neturi reik\u0161m\u0117s.<br \/>\nJuk i\u0161rankios ir \u012f\u017e\u016blios \u201eprinces\u0117s&#8221; i\u0161teka visai nesunkiai. Taip atsitiks ir tau. Tad b\u016bk realist\u0117 ir padovanok sau tok\u012f gyvenim\u0105, kokio nori.<\/p>\n<ul class=\"about-product d-none d-xl-block mt-4\">\n<li><strong>Originalus pavadinimas:<\/strong>\u00a0It&#8217;s Not You, It&#8217;s Him: The Zero-Tolerance Approach to Dating<\/li>\n<li><strong>Autorius:<\/strong>\u00a0Georgia Witkin<\/li>\n<li><strong>Leid\u0117jas:<\/strong>\u00a0Dajalita<\/li>\n<li><strong>Metai:<\/strong>\u00a02016<\/li>\n<li><strong>Puslapiai:<\/strong>\u00a0176<\/li>\n<li class=\"toggleable type-new-formats \"><strong>ISBN:<\/strong>\u00a09786094240690<\/li>\n<li class=\"toggleable type-new-formats \"><strong>Formatas:<\/strong>\u00a014,5 x 21 cm, mink\u0161ti vir\u0161eliai<\/li>\n<li><strong>Kalba:<\/strong>\u00a0Lietuvi\u0173<\/li>\n<li><strong>Vert\u0117jas:<\/strong>\u00a0Edmundas Ju\u0161kevi\u010dius<\/li>\n<\/ul>\n","protected":false},"excerpt":{"rendered":"<p>Knyga\u00a0\u201eKalta ne tu, kaltas jis! Vieni\u0161os moters knyga\u201c\u00a0tau atgaivins pasimatym\u0173 \u017eaves\u012f &#8211; ir pad\u0117s susirasti toki\u0105 meil\u0119, apie koki\u0105 visada svajojai. Tu gra\u017ei ir \u012fdomi ir gal\u0117tum b\u016bti \u0161auni gyvenimo draug\u0117, tod\u0117l, suprantama, stebiesi, kod\u0117l vis dar esi vieni\u0161a. I\u0161girsk ger\u0105 \u017eini\u0105: kalta ne tu, kaltas jis! Kod\u0117l para\u0161iau \u0161i\u0105 knyg\u0105, skirt\u0105 vieni\u0161ai moteriai? Nes mes galvojame ir kalbame apie artimus santykius kur kas da\u017eniau negu vieni\u0161i vyrai. Ir kai tokie santykiai pa\u0161lyja, mes taip pat esame kur kas labiau linkusios kaltinti save! Tada kamuojam\u0117s kartodamos tuos pa\u010dius klausimus: \u201eKod\u0117l man negerai?&#8221;, \u201eK\u0105 a\u0161 padariau?&#8221;, \u201eK\u0105 tur\u0117\u010diau daryti kitaip?&#8221; Bet gal tu \u010dia niekuo d\u0117ta? Gal tu vis tiek b\u016bsi vieni\u0161a, net jei esi tobula? O gal kalta ne tu, gal kalti jie? Ties\u0105 sakant, n\u0117ra joki\u0173 \u201egal&#8221;. Klysta tavo teta, gyvenanti kitame mieste, klysta tavo ved\u0119s brolis, klysta tavo draug\u0117s, su kuriomis kartu mank\u0161tiniesi &#8211; tu vieni\u0161a ne tod\u0117l, kad esi pernelyg i\u0161ranki, pernelyg \u012f\u017e\u016bli ar pernelyg \u201eprincesi\u0161ka&#8221;. Beje, net jeigu taip ir yra, tai neturi reik\u0161m\u0117s. Juk i\u0161rankios ir \u012f\u017e\u016blios \u201eprinces\u0117s&#8221; i\u0161teka visai nesunkiai. Taip atsitiks ir tau. Tad b\u016bk realist\u0117 ir padovanok sau tok\u012f gyvenim\u0105, kokio nori. Originalus pavadinimas:\u00a0It&#8217;s Not You, It&#8217;s Him: The Zero-Tolerance Approach to Dating Autorius:\u00a0Georgia Witkin Leid\u0117jas:\u00a0Dajalita Metai:\u00a02016 Puslapiai:\u00a0176 ISBN:\u00a09786094240690 Formatas:\u00a014,5 x 21 cm, mink\u0161ti vir\u0161eliai Kalba:\u00a0Lietuvi\u0173 Vert\u0117jas:\u00a0Edmundas Ju\u0161kevi\u010dius<\/p>\n","protected":false},"featured_media":17473,"comment_status":"open","ping_status":"closed","template":"","meta":{"_acf_changed":false,"site-sidebar-layout":"default","site-content-layout":"","ast-site-content-layout":"default","site-content-style":"default","site-sidebar-style":"default","ast-global-header-display":"","ast-banner-title-visibility":"","ast-main-header-display":"","ast-hfb-above-header-display":"","ast-hfb-below-header-display":"","ast-hfb-mobile-header-display":"","site-post-title":"","ast-breadcrumbs-content":"","ast-featured-img":"","footer-sml-layout":"","ast-disable-related-posts":"","theme-transparent-header-meta":"default","adv-header-id-meta":"","stick-header-meta":"","header-above-stick-meta":"","header-main-stick-meta":"","header-below-stick-meta":"","astra-migrate-meta-layouts":"set","ast-page-background-enabled":"default","ast-page-background-meta":{"desktop":{"background-color":"","background-image":"","background-repeat":"repeat","background-position":"center center","background-size":"auto","background-attachment":"scroll","background-type":"","background-media":"","overlay-type":"","overlay-color":"","overlay-opacity":"","overlay-gradient":""},"tablet":{"background-color":"","background-image":"","background-repeat":"repeat","background-position":"center center","background-size":"auto","background-attachment":"scroll","background-type":"","background-media":"","overlay-type":"","overlay-color":"","overlay-opacity":"","overlay-gradient":""},"mobile":{"background-color":"","background-image":"","background-repeat":"repeat","background-position":"center center","background-size":"auto","background-attachment":"scroll","background-type":"","background-media":"","overlay-type":"","overlay-color":"","overlay-opacity":"","overlay-gradient":""}},"ast-content-background-meta":{"desktop":{"background-color":"var(--ast-global-color-4)","background-image":"","background-repeat":"repeat","background-position":"center center","background-size":"auto","background-attachment":"scroll","background-type":"","background-media":"","overlay-type":"","overlay-color":"","overlay-opacity":"","overlay-gradient":""},"tablet":{"background-color":"var(--ast-global-color-4)","background-image":"","background-repeat":"repeat","background-position":"center center","background-size":"auto","background-attachment":"scroll","background-type":"","background-media":"","overlay-type":"","overlay-color":"","overlay-opacity":"","overlay-gradient":""},"mobile":{"background-color":"var(--ast-global-color-4)","background-image":"","background-repeat":"repeat","background-position":"center center","background-size":"auto","background-attachment":"scroll","background-type":"","background-media":"","overlay-type":"","overlay-color":"","overlay-opacity":"","overlay-gradient":""}}},"product_brand":[],"product_cat":[15,30],"product_tag":[3571,3393,4831,4826,4830,4827,4828,1796,4829,1417,2724],"class_list":{"0":"post-17472","1":"product","2":"type-product","3":"status-publish","4":"has-post-thumbnail","6":"product_cat-uncategorized","7":"product_cat-psichologija-ir-saviugda","8":"product_tag-3571","9":"product_tag-dajalita","10":"product_tag-edmundas-juskevicius","11":"product_tag-georgia-witkin","12":"product_tag-gyvenimo-drauge","13":"product_tag-kalta-ne-tu","14":"product_tag-kaltas-jis","15":"product_tag-meile","16":"product_tag-pasimatymai","17":"product_tag-santykiai","18":"product_tag-vienisa-moteris","19":"desktop-align-left","20":"tablet-align-left","21":"mobile-align-left","23":"first","24":"instock","25":"shipping-taxable","26":"purchasable","27":"product-type-simple"},"acf":[],"yoast_head":"<!-- This site is optimized with the Yoast SEO plugin v27.0 - https:\/\/yoast.com\/product\/yoast-seo-wordpress\/ -->\n<title>Kalta ne tu, kaltas jis! Vieni\u0161os moters knyga<\/title>\n<meta name=\"description\" content=\"Knyga\u00a0\u201eKalta ne tu, kaltas jis! Vieni\u0161os moters knyga\u201c\u00a0tau atgaivins pasimatym\u0173 \u017eaves\u012f - ir pad\u0117s susirasti toki\u0105 meil\u0119, apie koki\u0105 visada svajojai. Tu\" \/>\n<meta name=\"robots\" content=\"index, follow, max-snippet:-1, max-image-preview:large, max-video-preview:-1\" \/>\n<link rel=\"canonical\" href=\"https:\/\/skaitytaknyga.lt\/en\/produktas\/kalta-ne-tu-kaltas-jis-vienisos-moters-knyga\/\" \/>\n<meta property=\"og:locale\" content=\"en_GB\" \/>\n<meta property=\"og:locale:alternate\" content=\"lt_LT\" \/>\n<meta property=\"og:type\" content=\"article\" \/>\n<meta property=\"og:title\" content=\"Kalta ne tu, kaltas jis! Vieni\u0161os moters knyga\" \/>\n<meta property=\"og:description\" content=\"Knyga\u00a0\u201eKalta ne tu, kaltas jis! Vieni\u0161os moters knyga\u201c\u00a0tau atgaivins pasimatym\u0173 \u017eaves\u012f - ir pad\u0117s susirasti toki\u0105 meil\u0119, apie koki\u0105 visada svajojai. Tu\" \/>\n<meta property=\"og:url\" content=\"https:\/\/skaitytaknyga.lt\/en\/produktas\/kalta-ne-tu-kaltas-jis-vienisos-moters-knyga\/\" \/>\n<meta property=\"og:site_name\" content=\"Skaitytaknyga\" \/>\n<meta property=\"article:publisher\" content=\"https:\/\/www.facebook.com\/skaitytaknyga\/\" \/>\n<meta property=\"article:modified_time\" content=\"2025-06-11T05:34:11+00:00\" \/>\n<meta property=\"og:image\" content=\"https:\/\/skaitytaknyga.lt\/wp-content\/uploads\/2025\/03\/Kalta-ne-tu-kaltas-jis-Vienisos-moters-knyga.webp\" \/>\n\t<meta property=\"og:image:width\" content=\"317\" \/>\n\t<meta property=\"og:image:height\" content=\"450\" \/>\n\t<meta property=\"og:image:type\" content=\"image\/webp\" \/>\n<meta name=\"twitter:card\" content=\"summary_large_image\" \/>\n<meta name=\"twitter:label1\" content=\"Estimated reading time\" \/>\n\t<meta name=\"twitter:data1\" content=\"2 minutes\" \/>\n<script type=\"application\/ld+json\" class=\"yoast-schema-graph\">{\"@context\":\"https:\/\/schema.org\",\"@graph\":[{\"@type\":\"WebPage\",\"@id\":\"https:\/\/skaitytaknyga.lt\/produktas\/kalta-ne-tu-kaltas-jis-vienisos-moters-knyga\/\",\"url\":\"https:\/\/skaitytaknyga.lt\/produktas\/kalta-ne-tu-kaltas-jis-vienisos-moters-knyga\/\",\"name\":\"Kalta ne tu, kaltas jis! Vieni\u0161os moters knyga\",\"isPartOf\":{\"@id\":\"https:\/\/skaitytaknyga.lt\/#website\"},\"primaryImageOfPage\":{\"@id\":\"https:\/\/skaitytaknyga.lt\/produktas\/kalta-ne-tu-kaltas-jis-vienisos-moters-knyga\/#primaryimage\"},\"image\":{\"@id\":\"https:\/\/skaitytaknyga.lt\/produktas\/kalta-ne-tu-kaltas-jis-vienisos-moters-knyga\/#primaryimage\"},\"thumbnailUrl\":\"https:\/\/skaitytaknyga.lt\/wp-content\/uploads\/2025\/03\/Kalta-ne-tu-kaltas-jis-Vienisos-moters-knyga.webp\",\"datePublished\":\"2025-03-22T08:06:37+00:00\",\"dateModified\":\"2025-06-11T05:34:11+00:00\",\"description\":\"Knyga\u00a0\u201eKalta ne tu, kaltas jis! Vieni\u0161os moters knyga\u201c\u00a0tau atgaivins pasimatym\u0173 \u017eaves\u012f - ir pad\u0117s susirasti toki\u0105 meil\u0119, apie koki\u0105 visada svajojai. Tu\",\"breadcrumb\":{\"@id\":\"https:\/\/skaitytaknyga.lt\/produktas\/kalta-ne-tu-kaltas-jis-vienisos-moters-knyga\/#breadcrumb\"},\"inLanguage\":\"en-GB\",\"potentialAction\":[{\"@type\":\"ReadAction\",\"target\":[\"https:\/\/skaitytaknyga.lt\/produktas\/kalta-ne-tu-kaltas-jis-vienisos-moters-knyga\/\"]}]},{\"@type\":\"ImageObject\",\"inLanguage\":\"en-GB\",\"@id\":\"https:\/\/skaitytaknyga.lt\/produktas\/kalta-ne-tu-kaltas-jis-vienisos-moters-knyga\/#primaryimage\",\"url\":\"https:\/\/skaitytaknyga.lt\/wp-content\/uploads\/2025\/03\/Kalta-ne-tu-kaltas-jis-Vienisos-moters-knyga.webp\",\"contentUrl\":\"https:\/\/skaitytaknyga.lt\/wp-content\/uploads\/2025\/03\/Kalta-ne-tu-kaltas-jis-Vienisos-moters-knyga.webp\",\"width\":317,\"height\":450,\"caption\":\"Kalta ne tu, kaltas jis! Vieni\u0161os moters knyga\"},{\"@type\":\"BreadcrumbList\",\"@id\":\"https:\/\/skaitytaknyga.lt\/produktas\/kalta-ne-tu-kaltas-jis-vienisos-moters-knyga\/#breadcrumb\",\"itemListElement\":[{\"@type\":\"ListItem\",\"position\":1,\"name\":\"Home\",\"item\":\"https:\/\/skaitytaknyga.lt\/\"},{\"@type\":\"ListItem\",\"position\":2,\"name\":\"Parduotuv\u0117\",\"item\":\"https:\/\/skaitytaknyga.lt\/knygu-parduotuve\/\"},{\"@type\":\"ListItem\",\"position\":3,\"name\":\"Kalta ne tu, kaltas jis! Vieni\u0161os moters knyga\"}]},{\"@type\":\"WebSite\",\"@id\":\"https:\/\/skaitytaknyga.lt\/#website\",\"url\":\"https:\/\/skaitytaknyga.lt\/\",\"name\":\"skaitytaknyga.lt\",\"description\":\"Skaitytaknyga.lt \u2013 tai ma\u017eas \u0161eimos verslas, kuris prasid\u0117jo nuo meil\u0117s knygoms ir siekio i\u0161gelb\u0117ti knygas nuo likimo prie konteinerio. Kas vienam nereikalingas daiktas \u2013 kitam lobis, o mes esame tarpininkai, kurie padeda abiems tapti laimingesniems ???? \u017dinome kaip nelengva i\u0161gyventi ma\u017eiems verslams, tad nuo \u0161iol, \u010dia rasite ir kit\u0173, ma\u017e\u0173 \u0161eim\u0173 versl\u0173, rank\u0173 darbo, dovan\u0173 sau ir artimiesiems.\",\"publisher\":{\"@id\":\"https:\/\/skaitytaknyga.lt\/#organization\"},\"potentialAction\":[{\"@type\":\"SearchAction\",\"target\":{\"@type\":\"EntryPoint\",\"urlTemplate\":\"https:\/\/skaitytaknyga.lt\/?s={search_term_string}\"},\"query-input\":{\"@type\":\"PropertyValueSpecification\",\"valueRequired\":true,\"valueName\":\"search_term_string\"}}],\"inLanguage\":\"en-GB\"},{\"@type\":\"Organization\",\"@id\":\"https:\/\/skaitytaknyga.lt\/#organization\",\"name\":\"skaitytaknyga.lt\",\"url\":\"https:\/\/skaitytaknyga.lt\/\",\"logo\":{\"@type\":\"ImageObject\",\"inLanguage\":\"en-GB\",\"@id\":\"https:\/\/skaitytaknyga.lt\/#\/schema\/logo\/image\/\",\"url\":\"https:\/\/skaitytaknyga.lt\/wp-content\/uploads\/2024\/05\/cropped-cropped-cropped-02_00843_jt3bggkj1j3HLc7SyY6rEUpg.jpeg\",\"contentUrl\":\"https:\/\/skaitytaknyga.lt\/wp-content\/uploads\/2024\/05\/cropped-cropped-cropped-02_00843_jt3bggkj1j3HLc7SyY6rEUpg.jpeg\",\"width\":1600,\"height\":1600,\"caption\":\"skaitytaknyga.lt\"},\"image\":{\"@id\":\"https:\/\/skaitytaknyga.lt\/#\/schema\/logo\/image\/\"},\"sameAs\":[\"https:\/\/www.facebook.com\/skaitytaknyga\/\"]}]}<\/script>\n<!-- \/ Yoast SEO plugin. -->","yoast_head_json":{"title":"Kalta ne tu, kaltas jis! Vieni\u0161os moters knyga","description":"Knyga\u00a0\u201eKalta ne tu, kaltas jis! Vieni\u0161os moters knyga\u201c\u00a0tau atgaivins pasimatym\u0173 \u017eaves\u012f - ir pad\u0117s susirasti toki\u0105 meil\u0119, apie koki\u0105 visada svajojai. Tu","robots":{"index":"index","follow":"follow","max-snippet":"max-snippet:-1","max-image-preview":"max-image-preview:large","max-video-preview":"max-video-preview:-1"},"canonical":"https:\/\/skaitytaknyga.lt\/en\/produktas\/kalta-ne-tu-kaltas-jis-vienisos-moters-knyga\/","og_locale":"en_GB","og_type":"article","og_title":"[:lt]Kalta ne tu, kaltas jis! Vieni\u0161os moters knyga[:] - Skaitytaknyga","og_description":"Knyga\u00a0\u201eKalta ne tu, kaltas jis! Vieni\u0161os moters knyga\u201c\u00a0tau atgaivins pasimatym\u0173 \u017eaves\u012f - ir pad\u0117s susirasti toki\u0105 meil\u0119, apie koki\u0105 visada svajojai. Tu","og_url":"https:\/\/skaitytaknyga.lt\/en\/produktas\/kalta-ne-tu-kaltas-jis-vienisos-moters-knyga\/","og_site_name":"Skaitytaknyga","article_publisher":"https:\/\/www.facebook.com\/skaitytaknyga\/","article_modified_time":"2025-06-11T05:34:11+00:00","og_image":[{"width":317,"height":450,"url":"https:\/\/skaitytaknyga.lt\/wp-content\/uploads\/2025\/03\/Kalta-ne-tu-kaltas-jis-Vienisos-moters-knyga.webp","type":"image\/webp"}],"twitter_card":"summary_large_image","twitter_misc":{"Estimated reading time":"2 minutes"},"schema":{"@context":"https:\/\/schema.org","@graph":[{"@type":"WebPage","@id":"https:\/\/skaitytaknyga.lt\/produktas\/kalta-ne-tu-kaltas-jis-vienisos-moters-knyga\/","url":"https:\/\/skaitytaknyga.lt\/produktas\/kalta-ne-tu-kaltas-jis-vienisos-moters-knyga\/","name":"Kalta ne tu, kaltas jis! Vieni\u0161os moters knyga","isPartOf":{"@id":"https:\/\/skaitytaknyga.lt\/#website"},"primaryImageOfPage":{"@id":"https:\/\/skaitytaknyga.lt\/produktas\/kalta-ne-tu-kaltas-jis-vienisos-moters-knyga\/#primaryimage"},"image":{"@id":"https:\/\/skaitytaknyga.lt\/produktas\/kalta-ne-tu-kaltas-jis-vienisos-moters-knyga\/#primaryimage"},"thumbnailUrl":"https:\/\/skaitytaknyga.lt\/wp-content\/uploads\/2025\/03\/Kalta-ne-tu-kaltas-jis-Vienisos-moters-knyga.webp","datePublished":"2025-03-22T08:06:37+00:00","dateModified":"2025-06-11T05:34:11+00:00","description":"Knyga\u00a0\u201eKalta ne tu, kaltas jis! Vieni\u0161os moters knyga\u201c\u00a0tau atgaivins pasimatym\u0173 \u017eaves\u012f - ir pad\u0117s susirasti toki\u0105 meil\u0119, apie koki\u0105 visada svajojai. Tu","breadcrumb":{"@id":"https:\/\/skaitytaknyga.lt\/produktas\/kalta-ne-tu-kaltas-jis-vienisos-moters-knyga\/#breadcrumb"},"inLanguage":"en-GB","potentialAction":[{"@type":"ReadAction","target":["https:\/\/skaitytaknyga.lt\/produktas\/kalta-ne-tu-kaltas-jis-vienisos-moters-knyga\/"]}]},{"@type":"ImageObject","inLanguage":"en-GB","@id":"https:\/\/skaitytaknyga.lt\/produktas\/kalta-ne-tu-kaltas-jis-vienisos-moters-knyga\/#primaryimage","url":"https:\/\/skaitytaknyga.lt\/wp-content\/uploads\/2025\/03\/Kalta-ne-tu-kaltas-jis-Vienisos-moters-knyga.webp","contentUrl":"https:\/\/skaitytaknyga.lt\/wp-content\/uploads\/2025\/03\/Kalta-ne-tu-kaltas-jis-Vienisos-moters-knyga.webp","width":317,"height":450,"caption":"Kalta ne tu, kaltas jis! Vieni\u0161os moters knyga"},{"@type":"BreadcrumbList","@id":"https:\/\/skaitytaknyga.lt\/produktas\/kalta-ne-tu-kaltas-jis-vienisos-moters-knyga\/#breadcrumb","itemListElement":[{"@type":"ListItem","position":1,"name":"Home","item":"https:\/\/skaitytaknyga.lt\/"},{"@type":"ListItem","position":2,"name":"Parduotuv\u0117","item":"https:\/\/skaitytaknyga.lt\/knygu-parduotuve\/"},{"@type":"ListItem","position":3,"name":"Kalta ne tu, kaltas jis! Vieni\u0161os moters knyga"}]},{"@type":"WebSite","@id":"https:\/\/skaitytaknyga.lt\/#website","url":"https:\/\/skaitytaknyga.lt\/","name":"skaitytaknyga.lt","description":"Skaitytaknyga.lt \u2013 tai ma\u017eas \u0161eimos verslas, kuris prasid\u0117jo nuo meil\u0117s knygoms ir siekio i\u0161gelb\u0117ti knygas nuo likimo prie konteinerio. Kas vienam nereikalingas daiktas \u2013 kitam lobis, o mes esame tarpininkai, kurie padeda abiems tapti laimingesniems ???? \u017dinome kaip nelengva i\u0161gyventi ma\u017eiems verslams, tad nuo \u0161iol, \u010dia rasite ir kit\u0173, ma\u017e\u0173 \u0161eim\u0173 versl\u0173, rank\u0173 darbo, dovan\u0173 sau ir artimiesiems.","publisher":{"@id":"https:\/\/skaitytaknyga.lt\/#organization"},"potentialAction":[{"@type":"SearchAction","target":{"@type":"EntryPoint","urlTemplate":"https:\/\/skaitytaknyga.lt\/?s={search_term_string}"},"query-input":{"@type":"PropertyValueSpecification","valueRequired":true,"valueName":"search_term_string"}}],"inLanguage":"en-GB"},{"@type":"Organization","@id":"https:\/\/skaitytaknyga.lt\/#organization","name":"skaitytaknyga.lt","url":"https:\/\/skaitytaknyga.lt\/","logo":{"@type":"ImageObject","inLanguage":"en-GB","@id":"https:\/\/skaitytaknyga.lt\/#\/schema\/logo\/image\/","url":"https:\/\/skaitytaknyga.lt\/wp-content\/uploads\/2024\/05\/cropped-cropped-cropped-02_00843_jt3bggkj1j3HLc7SyY6rEUpg.jpeg","contentUrl":"https:\/\/skaitytaknyga.lt\/wp-content\/uploads\/2024\/05\/cropped-cropped-cropped-02_00843_jt3bggkj1j3HLc7SyY6rEUpg.jpeg","width":1600,"height":1600,"caption":"skaitytaknyga.lt"},"image":{"@id":"https:\/\/skaitytaknyga.lt\/#\/schema\/logo\/image\/"},"sameAs":["https:\/\/www.facebook.com\/skaitytaknyga\/"]}]}},"_links":{"self":[{"href":"https:\/\/skaitytaknyga.lt\/en\/wp-json\/wp\/v2\/product\/17472","targetHints":{"allow":["GET"]}}],"collection":[{"href":"https:\/\/skaitytaknyga.lt\/en\/wp-json\/wp\/v2\/product"}],"about":[{"href":"https:\/\/skaitytaknyga.lt\/en\/wp-json\/wp\/v2\/types\/product"}],"replies":[{"embeddable":true,"href":"https:\/\/skaitytaknyga.lt\/en\/wp-json\/wp\/v2\/comments?post=17472"}],"wp:featuredmedia":[{"embeddable":true,"href":"https:\/\/skaitytaknyga.lt\/en\/wp-json\/wp\/v2\/media\/17473"}],"wp:attachment":[{"href":"https:\/\/skaitytaknyga.lt\/en\/wp-json\/wp\/v2\/media?parent=17472"}],"wp:term":[{"taxonomy":"product_brand","embeddable":true,"href":"https:\/\/skaitytaknyga.lt\/en\/wp-json\/wp\/v2\/product_brand?post=17472"},{"taxonomy":"product_cat","embeddable":true,"href":"https:\/\/skaitytaknyga.lt\/en\/wp-json\/wp\/v2\/product_cat?post=17472"},{"taxonomy":"product_tag","embeddable":true,"href":"https:\/\/skaitytaknyga.lt\/en\/wp-json\/wp\/v2\/product_tag?post=17472"}],"curies":[{"name":"wp","href":"https:\/\/api.w.org\/{rel}","templated":true}]}}