{"id":17470,"date":"2025-03-22T10:05:16","date_gmt":"2025-03-22T08:05:16","guid":{"rendered":"https:\/\/skaitytaknyga.lt\/?post_type=product&#038;p=17470"},"modified":"2025-03-22T10:06:02","modified_gmt":"2025-03-22T08:06:02","slug":"grozis-kaip-buties-busena","status":"publish","type":"product","link":"https:\/\/skaitytaknyga.lt\/en\/produktas\/grozis-kaip-buties-busena\/","title":{"rendered":"Gro\u017eis kaip b\u016bties b\u016bsena"},"content":{"rendered":"<p>Knyg\u0105\u00a0<strong>\u201eGRO\u017dIS KAIP B\u016aSENA\u201c<\/strong>\u00a0b\u016btina perskaityti visiems, kas vertina prot\u0105. Protas yra galingas instrumentas, galintis kurti ir i\u0161rasti. Bet naudojamas neteisingai, jis gali tapti kan\u010dios \u012frankiu.<\/p>\n<p><strong>\u201eGRO\u017dIS KAIP B\u016aSENA\u201c\u00a0<\/strong>\u00a0parodo skaitytojui, kaip teisingai naudotis protu, kad ne tik asmeniniame, bet ir pasaulio \u017emoni\u0173 gyvenime, vie\u0161pataut\u0173 taika. Kai protas randa savo tinkam\u0105 viet\u0105, atsiskleid\u017eia \u0161irdis, o su ja ir d\u017eiaugsmas.<\/p>\n<p>Knyga\u00a0<strong>\u201eGRO\u017dIS KAIP B\u016aSENA\u201c<\/strong>\u00a0veda skaitytojus \u012f d\u017eiaugsmo ir nu\u0161vitimo sferas, kur randami atsakymai \u012f did\u017eiuosius gyvenimo klausimus, skatina tobul\u0117ti dvasi\u0161kai, valdyti prot\u0105.<\/p>\n<ul class=\"about-product d-none d-xl-block mt-4\">\n<li><strong>Originalus pavadinimas:<\/strong>\u00a0Beauty as a State of Being: Mastering Mind and the Spiritual Path<\/li>\n<li><strong>Autorius:<\/strong>\u00a0Sodomon Katz<\/li>\n<li><strong>Leid\u0117jas:<\/strong>\u00a0Dajalita<\/li>\n<li><strong>Metai:<\/strong>\u00a02019<\/li>\n<li><strong>Puslapiai:<\/strong>\u00a0256<\/li>\n<li class=\"toggleable type-new-formats \"><strong>ISBN:<\/strong>\u00a09786094241161<\/li>\n<li><strong>Versijos kodas:<\/strong>\u00a012<\/li>\n<li class=\"toggleable type-new-formats \"><strong>Formatas:<\/strong>\u00a014,5 x 21 x 2 cm, mink\u0161ti vir\u0161eliai<\/li>\n<li><strong>Kalba:<\/strong>\u00a0Lietuvi\u0173<\/li>\n<li><strong>Vert\u0117jas:<\/strong>\u00a0Regina Bylien\u0117<\/li>\n<\/ul>\n","protected":false},"excerpt":{"rendered":"<p>Knyg\u0105\u00a0\u201eGRO\u017dIS KAIP B\u016aSENA\u201c\u00a0b\u016btina perskaityti visiems, kas vertina prot\u0105. Protas yra galingas instrumentas, galintis kurti ir i\u0161rasti. Bet naudojamas neteisingai, jis gali tapti kan\u010dios \u012frankiu. \u201eGRO\u017dIS KAIP B\u016aSENA\u201c\u00a0\u00a0parodo skaitytojui, kaip teisingai naudotis protu, kad ne tik asmeniniame, bet ir pasaulio \u017emoni\u0173 gyvenime, vie\u0161pataut\u0173 taika. Kai protas randa savo tinkam\u0105 viet\u0105, atsiskleid\u017eia \u0161irdis, o su ja ir d\u017eiaugsmas. Knyga\u00a0\u201eGRO\u017dIS KAIP B\u016aSENA\u201c\u00a0veda skaitytojus \u012f d\u017eiaugsmo ir nu\u0161vitimo sferas, kur randami atsakymai \u012f did\u017eiuosius gyvenimo klausimus, skatina tobul\u0117ti dvasi\u0161kai, valdyti prot\u0105. Originalus pavadinimas:\u00a0Beauty as a State of Being: Mastering Mind and the Spiritual Path Autorius:\u00a0Sodomon Katz Leid\u0117jas:\u00a0Dajalita Metai:\u00a02019 Puslapiai:\u00a0256 ISBN:\u00a09786094241161 Versijos kodas:\u00a012 Formatas:\u00a014,5 x 21 x 2 cm, mink\u0161ti vir\u0161eliai Kalba:\u00a0Lietuvi\u0173 Vert\u0117jas:\u00a0Regina Bylien\u0117<\/p>\n","protected":false},"featured_media":17471,"comment_status":"open","ping_status":"closed","template":"","meta":{"_acf_changed":false,"site-sidebar-layout":"default","site-content-layout":"","ast-site-content-layout":"default","site-content-style":"default","site-sidebar-style":"default","ast-global-header-display":"","ast-banner-title-visibility":"","ast-main-header-display":"","ast-hfb-above-header-display":"","ast-hfb-below-header-display":"","ast-hfb-mobile-header-display":"","site-post-title":"","ast-breadcrumbs-content":"","ast-featured-img":"","footer-sml-layout":"","ast-disable-related-posts":"","theme-transparent-header-meta":"default","adv-header-id-meta":"","stick-header-meta":"","header-above-stick-meta":"","header-main-stick-meta":"","header-below-stick-meta":"","astra-migrate-meta-layouts":"set","ast-page-background-enabled":"default","ast-page-background-meta":{"desktop":{"background-color":"","background-image":"","background-repeat":"repeat","background-position":"center center","background-size":"auto","background-attachment":"scroll","background-type":"","background-media":"","overlay-type":"","overlay-color":"","overlay-opacity":"","overlay-gradient":""},"tablet":{"background-color":"","background-image":"","background-repeat":"repeat","background-position":"center center","background-size":"auto","background-attachment":"scroll","background-type":"","background-media":"","overlay-type":"","overlay-color":"","overlay-opacity":"","overlay-gradient":""},"mobile":{"background-color":"","background-image":"","background-repeat":"repeat","background-position":"center center","background-size":"auto","background-attachment":"scroll","background-type":"","background-media":"","overlay-type":"","overlay-color":"","overlay-opacity":"","overlay-gradient":""}},"ast-content-background-meta":{"desktop":{"background-color":"var(--ast-global-color-4)","background-image":"","background-repeat":"repeat","background-position":"center center","background-size":"auto","background-attachment":"scroll","background-type":"","background-media":"","overlay-type":"","overlay-color":"","overlay-opacity":"","overlay-gradient":""},"tablet":{"background-color":"var(--ast-global-color-4)","background-image":"","background-repeat":"repeat","background-position":"center center","background-size":"auto","background-attachment":"scroll","background-type":"","background-media":"","overlay-type":"","overlay-color":"","overlay-opacity":"","overlay-gradient":""},"mobile":{"background-color":"var(--ast-global-color-4)","background-image":"","background-repeat":"repeat","background-position":"center center","background-size":"auto","background-attachment":"scroll","background-type":"","background-media":"","overlay-type":"","overlay-color":"","overlay-opacity":"","overlay-gradient":""}}},"product_brand":[],"product_cat":[30,15],"product_tag":[],"class_list":{"0":"post-17470","1":"product","2":"type-product","3":"status-publish","4":"has-post-thumbnail","6":"product_cat-psichologija-ir-saviugda","7":"product_cat-uncategorized","8":"desktop-align-left","9":"tablet-align-left","10":"mobile-align-left","12":"first","13":"instock","14":"shipping-taxable","15":"purchasable","16":"product-type-simple"},"acf":[],"yoast_head":"<!-- This site is optimized with the Yoast SEO plugin v27.4 - https:\/\/yoast.com\/product\/yoast-seo-wordpress\/ -->\n<title>Gro\u017eis kaip b\u016bties b\u016bsena<\/title>\n<meta name=\"description\" content=\"Knyg\u0105\u00a0\u201eGRO\u017dIS KAIP B\u016aSENA\u201c\u00a0b\u016btina perskaityti visiems, kas vertina prot\u0105. Protas yra galingas instrumentas, galintis kurti ir i\u0161rasti. Bet naudojamas\" \/>\n<meta name=\"robots\" content=\"index, follow, max-snippet:-1, max-image-preview:large, max-video-preview:-1\" \/>\n<link rel=\"canonical\" href=\"https:\/\/skaitytaknyga.lt\/en\/produktas\/grozis-kaip-buties-busena\/\" \/>\n<meta property=\"og:locale\" content=\"en_GB\" \/>\n<meta property=\"og:locale:alternate\" content=\"lt_LT\" \/>\n<meta property=\"og:type\" content=\"article\" \/>\n<meta property=\"og:title\" content=\"Gro\u017eis kaip b\u016bties b\u016bsena\" \/>\n<meta property=\"og:description\" content=\"Knyg\u0105\u00a0\u201eGRO\u017dIS KAIP B\u016aSENA\u201c\u00a0b\u016btina perskaityti visiems, kas vertina prot\u0105. Protas yra galingas instrumentas, galintis kurti ir i\u0161rasti. Bet naudojamas\" \/>\n<meta property=\"og:url\" content=\"https:\/\/skaitytaknyga.lt\/en\/produktas\/grozis-kaip-buties-busena\/\" \/>\n<meta property=\"og:site_name\" content=\"Skaitytaknyga\" \/>\n<meta property=\"article:publisher\" content=\"https:\/\/www.facebook.com\/skaitytaknyga\/\" \/>\n<meta property=\"article:modified_time\" content=\"2025-03-22T08:06:02+00:00\" \/>\n<meta property=\"og:image\" content=\"https:\/\/skaitytaknyga.lt\/wp-content\/uploads\/2025\/03\/Grozis-kaip-buties-busena.webp\" \/>\n\t<meta property=\"og:image:width\" content=\"547\" \/>\n\t<meta property=\"og:image:height\" content=\"799\" \/>\n\t<meta property=\"og:image:type\" content=\"image\/webp\" \/>\n<meta name=\"twitter:card\" content=\"summary_large_image\" \/>\n<meta name=\"twitter:label1\" content=\"Estimated reading time\" \/>\n\t<meta name=\"twitter:data1\" content=\"1 minute\" \/>\n<script type=\"application\/ld+json\" class=\"yoast-schema-graph\">{\"@context\":\"https:\\\/\\\/schema.org\",\"@graph\":[{\"@type\":\"WebPage\",\"@id\":\"https:\\\/\\\/skaitytaknyga.lt\\\/produktas\\\/grozis-kaip-buties-busena\\\/\",\"url\":\"https:\\\/\\\/skaitytaknyga.lt\\\/produktas\\\/grozis-kaip-buties-busena\\\/\",\"name\":\"Gro\u017eis kaip b\u016bties b\u016bsena\",\"isPartOf\":{\"@id\":\"https:\\\/\\\/skaitytaknyga.lt\\\/#website\"},\"primaryImageOfPage\":{\"@id\":\"https:\\\/\\\/skaitytaknyga.lt\\\/produktas\\\/grozis-kaip-buties-busena\\\/#primaryimage\"},\"image\":{\"@id\":\"https:\\\/\\\/skaitytaknyga.lt\\\/produktas\\\/grozis-kaip-buties-busena\\\/#primaryimage\"},\"thumbnailUrl\":\"https:\\\/\\\/skaitytaknyga.lt\\\/wp-content\\\/uploads\\\/2025\\\/03\\\/Grozis-kaip-buties-busena.webp\",\"datePublished\":\"2025-03-22T08:05:16+00:00\",\"dateModified\":\"2025-03-22T08:06:02+00:00\",\"description\":\"Knyg\u0105\u00a0\u201eGRO\u017dIS KAIP B\u016aSENA\u201c\u00a0b\u016btina perskaityti visiems, kas vertina prot\u0105. Protas yra galingas instrumentas, galintis kurti ir i\u0161rasti. Bet naudojamas\",\"breadcrumb\":{\"@id\":\"https:\\\/\\\/skaitytaknyga.lt\\\/produktas\\\/grozis-kaip-buties-busena\\\/#breadcrumb\"},\"inLanguage\":\"en-GB\",\"potentialAction\":[{\"@type\":\"ReadAction\",\"target\":[\"https:\\\/\\\/skaitytaknyga.lt\\\/produktas\\\/grozis-kaip-buties-busena\\\/\"]}]},{\"@type\":\"ImageObject\",\"inLanguage\":\"en-GB\",\"@id\":\"https:\\\/\\\/skaitytaknyga.lt\\\/produktas\\\/grozis-kaip-buties-busena\\\/#primaryimage\",\"url\":\"https:\\\/\\\/skaitytaknyga.lt\\\/wp-content\\\/uploads\\\/2025\\\/03\\\/Grozis-kaip-buties-busena.webp\",\"contentUrl\":\"https:\\\/\\\/skaitytaknyga.lt\\\/wp-content\\\/uploads\\\/2025\\\/03\\\/Grozis-kaip-buties-busena.webp\",\"width\":547,\"height\":799,\"caption\":\"Gro\u017eis kaip b\u016bties b\u016bsena\"},{\"@type\":\"BreadcrumbList\",\"@id\":\"https:\\\/\\\/skaitytaknyga.lt\\\/produktas\\\/grozis-kaip-buties-busena\\\/#breadcrumb\",\"itemListElement\":[{\"@type\":\"ListItem\",\"position\":1,\"name\":\"Home\",\"item\":\"https:\\\/\\\/skaitytaknyga.lt\\\/\"},{\"@type\":\"ListItem\",\"position\":2,\"name\":\"Parduotuv\u0117\",\"item\":\"https:\\\/\\\/skaitytaknyga.lt\\\/knygu-parduotuve\\\/\"},{\"@type\":\"ListItem\",\"position\":3,\"name\":\"Gro\u017eis kaip b\u016bties b\u016bsena\"}]},{\"@type\":\"WebSite\",\"@id\":\"https:\\\/\\\/skaitytaknyga.lt\\\/#website\",\"url\":\"https:\\\/\\\/skaitytaknyga.lt\\\/\",\"name\":\"skaitytaknyga.lt\",\"description\":\"Skaitytaknyga.lt \u2013 tai ma\u017eas \u0161eimos verslas, kuris prasid\u0117jo nuo meil\u0117s knygoms ir siekio i\u0161gelb\u0117ti knygas nuo likimo prie konteinerio. Kas vienam nereikalingas daiktas \u2013 kitam lobis, o mes esame tarpininkai, kurie padeda abiems tapti laimingesniems ???? \u017dinome kaip nelengva i\u0161gyventi ma\u017eiems verslams, tad nuo \u0161iol, \u010dia rasite ir kit\u0173, ma\u017e\u0173 \u0161eim\u0173 versl\u0173, rank\u0173 darbo, dovan\u0173 sau ir artimiesiems.\",\"publisher\":{\"@id\":\"https:\\\/\\\/skaitytaknyga.lt\\\/#organization\"},\"potentialAction\":[{\"@type\":\"SearchAction\",\"target\":{\"@type\":\"EntryPoint\",\"urlTemplate\":\"https:\\\/\\\/skaitytaknyga.lt\\\/?s={search_term_string}\"},\"query-input\":{\"@type\":\"PropertyValueSpecification\",\"valueRequired\":true,\"valueName\":\"search_term_string\"}}],\"inLanguage\":\"en-GB\"},{\"@type\":\"Organization\",\"@id\":\"https:\\\/\\\/skaitytaknyga.lt\\\/#organization\",\"name\":\"skaitytaknyga.lt\",\"url\":\"https:\\\/\\\/skaitytaknyga.lt\\\/\",\"logo\":{\"@type\":\"ImageObject\",\"inLanguage\":\"en-GB\",\"@id\":\"https:\\\/\\\/skaitytaknyga.lt\\\/#\\\/schema\\\/logo\\\/image\\\/\",\"url\":\"https:\\\/\\\/skaitytaknyga.lt\\\/wp-content\\\/uploads\\\/2024\\\/05\\\/cropped-cropped-cropped-02_00843_jt3bggkj1j3HLc7SyY6rEUpg.jpeg\",\"contentUrl\":\"https:\\\/\\\/skaitytaknyga.lt\\\/wp-content\\\/uploads\\\/2024\\\/05\\\/cropped-cropped-cropped-02_00843_jt3bggkj1j3HLc7SyY6rEUpg.jpeg\",\"width\":1600,\"height\":1600,\"caption\":\"skaitytaknyga.lt\"},\"image\":{\"@id\":\"https:\\\/\\\/skaitytaknyga.lt\\\/#\\\/schema\\\/logo\\\/image\\\/\"},\"sameAs\":[\"https:\\\/\\\/www.facebook.com\\\/skaitytaknyga\\\/\"]}]}<\/script>\n<!-- \/ Yoast SEO plugin. -->","yoast_head_json":{"title":"Gro\u017eis kaip b\u016bties b\u016bsena","description":"Knyg\u0105\u00a0\u201eGRO\u017dIS KAIP B\u016aSENA\u201c\u00a0b\u016btina perskaityti visiems, kas vertina prot\u0105. Protas yra galingas instrumentas, galintis kurti ir i\u0161rasti. Bet naudojamas","robots":{"index":"index","follow":"follow","max-snippet":"max-snippet:-1","max-image-preview":"max-image-preview:large","max-video-preview":"max-video-preview:-1"},"canonical":"https:\/\/skaitytaknyga.lt\/en\/produktas\/grozis-kaip-buties-busena\/","og_locale":"en_GB","og_type":"article","og_title":"[:lt]Gro\u017eis kaip b\u016bties b\u016bsena[:] - Skaitytaknyga","og_description":"Knyg\u0105\u00a0\u201eGRO\u017dIS KAIP B\u016aSENA\u201c\u00a0b\u016btina perskaityti visiems, kas vertina prot\u0105. Protas yra galingas instrumentas, galintis kurti ir i\u0161rasti. Bet naudojamas","og_url":"https:\/\/skaitytaknyga.lt\/en\/produktas\/grozis-kaip-buties-busena\/","og_site_name":"Skaitytaknyga","article_publisher":"https:\/\/www.facebook.com\/skaitytaknyga\/","article_modified_time":"2025-03-22T08:06:02+00:00","og_image":[{"width":547,"height":799,"url":"https:\/\/skaitytaknyga.lt\/wp-content\/uploads\/2025\/03\/Grozis-kaip-buties-busena.webp","type":"image\/webp"}],"twitter_card":"summary_large_image","twitter_misc":{"Estimated reading time":"1 minute"},"schema":{"@context":"https:\/\/schema.org","@graph":[{"@type":"WebPage","@id":"https:\/\/skaitytaknyga.lt\/produktas\/grozis-kaip-buties-busena\/","url":"https:\/\/skaitytaknyga.lt\/produktas\/grozis-kaip-buties-busena\/","name":"Gro\u017eis kaip b\u016bties b\u016bsena","isPartOf":{"@id":"https:\/\/skaitytaknyga.lt\/#website"},"primaryImageOfPage":{"@id":"https:\/\/skaitytaknyga.lt\/produktas\/grozis-kaip-buties-busena\/#primaryimage"},"image":{"@id":"https:\/\/skaitytaknyga.lt\/produktas\/grozis-kaip-buties-busena\/#primaryimage"},"thumbnailUrl":"https:\/\/skaitytaknyga.lt\/wp-content\/uploads\/2025\/03\/Grozis-kaip-buties-busena.webp","datePublished":"2025-03-22T08:05:16+00:00","dateModified":"2025-03-22T08:06:02+00:00","description":"Knyg\u0105\u00a0\u201eGRO\u017dIS KAIP B\u016aSENA\u201c\u00a0b\u016btina perskaityti visiems, kas vertina prot\u0105. Protas yra galingas instrumentas, galintis kurti ir i\u0161rasti. Bet naudojamas","breadcrumb":{"@id":"https:\/\/skaitytaknyga.lt\/produktas\/grozis-kaip-buties-busena\/#breadcrumb"},"inLanguage":"en-GB","potentialAction":[{"@type":"ReadAction","target":["https:\/\/skaitytaknyga.lt\/produktas\/grozis-kaip-buties-busena\/"]}]},{"@type":"ImageObject","inLanguage":"en-GB","@id":"https:\/\/skaitytaknyga.lt\/produktas\/grozis-kaip-buties-busena\/#primaryimage","url":"https:\/\/skaitytaknyga.lt\/wp-content\/uploads\/2025\/03\/Grozis-kaip-buties-busena.webp","contentUrl":"https:\/\/skaitytaknyga.lt\/wp-content\/uploads\/2025\/03\/Grozis-kaip-buties-busena.webp","width":547,"height":799,"caption":"Gro\u017eis kaip b\u016bties b\u016bsena"},{"@type":"BreadcrumbList","@id":"https:\/\/skaitytaknyga.lt\/produktas\/grozis-kaip-buties-busena\/#breadcrumb","itemListElement":[{"@type":"ListItem","position":1,"name":"Home","item":"https:\/\/skaitytaknyga.lt\/"},{"@type":"ListItem","position":2,"name":"Parduotuv\u0117","item":"https:\/\/skaitytaknyga.lt\/knygu-parduotuve\/"},{"@type":"ListItem","position":3,"name":"Gro\u017eis kaip b\u016bties b\u016bsena"}]},{"@type":"WebSite","@id":"https:\/\/skaitytaknyga.lt\/#website","url":"https:\/\/skaitytaknyga.lt\/","name":"skaitytaknyga.lt","description":"Skaitytaknyga.lt \u2013 tai ma\u017eas \u0161eimos verslas, kuris prasid\u0117jo nuo meil\u0117s knygoms ir siekio i\u0161gelb\u0117ti knygas nuo likimo prie konteinerio. Kas vienam nereikalingas daiktas \u2013 kitam lobis, o mes esame tarpininkai, kurie padeda abiems tapti laimingesniems ???? \u017dinome kaip nelengva i\u0161gyventi ma\u017eiems verslams, tad nuo \u0161iol, \u010dia rasite ir kit\u0173, ma\u017e\u0173 \u0161eim\u0173 versl\u0173, rank\u0173 darbo, dovan\u0173 sau ir artimiesiems.","publisher":{"@id":"https:\/\/skaitytaknyga.lt\/#organization"},"potentialAction":[{"@type":"SearchAction","target":{"@type":"EntryPoint","urlTemplate":"https:\/\/skaitytaknyga.lt\/?s={search_term_string}"},"query-input":{"@type":"PropertyValueSpecification","valueRequired":true,"valueName":"search_term_string"}}],"inLanguage":"en-GB"},{"@type":"Organization","@id":"https:\/\/skaitytaknyga.lt\/#organization","name":"skaitytaknyga.lt","url":"https:\/\/skaitytaknyga.lt\/","logo":{"@type":"ImageObject","inLanguage":"en-GB","@id":"https:\/\/skaitytaknyga.lt\/#\/schema\/logo\/image\/","url":"https:\/\/skaitytaknyga.lt\/wp-content\/uploads\/2024\/05\/cropped-cropped-cropped-02_00843_jt3bggkj1j3HLc7SyY6rEUpg.jpeg","contentUrl":"https:\/\/skaitytaknyga.lt\/wp-content\/uploads\/2024\/05\/cropped-cropped-cropped-02_00843_jt3bggkj1j3HLc7SyY6rEUpg.jpeg","width":1600,"height":1600,"caption":"skaitytaknyga.lt"},"image":{"@id":"https:\/\/skaitytaknyga.lt\/#\/schema\/logo\/image\/"},"sameAs":["https:\/\/www.facebook.com\/skaitytaknyga\/"]}]}},"_links":{"self":[{"href":"https:\/\/skaitytaknyga.lt\/en\/wp-json\/wp\/v2\/product\/17470","targetHints":{"allow":["GET"]}}],"collection":[{"href":"https:\/\/skaitytaknyga.lt\/en\/wp-json\/wp\/v2\/product"}],"about":[{"href":"https:\/\/skaitytaknyga.lt\/en\/wp-json\/wp\/v2\/types\/product"}],"replies":[{"embeddable":true,"href":"https:\/\/skaitytaknyga.lt\/en\/wp-json\/wp\/v2\/comments?post=17470"}],"wp:featuredmedia":[{"embeddable":true,"href":"https:\/\/skaitytaknyga.lt\/en\/wp-json\/wp\/v2\/media\/17471"}],"wp:attachment":[{"href":"https:\/\/skaitytaknyga.lt\/en\/wp-json\/wp\/v2\/media?parent=17470"}],"wp:term":[{"taxonomy":"product_brand","embeddable":true,"href":"https:\/\/skaitytaknyga.lt\/en\/wp-json\/wp\/v2\/product_brand?post=17470"},{"taxonomy":"product_cat","embeddable":true,"href":"https:\/\/skaitytaknyga.lt\/en\/wp-json\/wp\/v2\/product_cat?post=17470"},{"taxonomy":"product_tag","embeddable":true,"href":"https:\/\/skaitytaknyga.lt\/en\/wp-json\/wp\/v2\/product_tag?post=17470"}],"curies":[{"name":"wp","href":"https:\/\/api.w.org\/{rel}","templated":true}]}}